{"id":5745,"date":"2025-03-19T05:38:25","date_gmt":"2025-03-19T05:38:25","guid":{"rendered":"https:\/\/vapingnet.de\/?post_type=product&#038;p=5745"},"modified":"2026-04-14T06:41:05","modified_gmt":"2026-04-14T06:41:05","slug":"nexa-ultra-50k-erdbeer-banane-fruchtiges-dampferlebnis-suesse-erdbeere-und-cremige-banane-fuer-ein-erfrischendes-erlebnis","status":"publish","type":"product","link":"https:\/\/vapingnet.de\/it\/vape\/nexa-ultra-50k-erdbeer-banane-fruchtiges-dampferlebnis-suesse-erdbeere-und-cremige-banane-fuer-ein-erfrischendes-erlebnis\/","title":{"rendered":"NEXA Ultra 50K Fragola Banana esperienza di svapo fruttata dolce fragola e banana cremosa per un'esperienza rinfrescante"},"content":{"rendered":"<h2 data-start=\"100\" data-end=\"165\">NEXA Ultra 50K Puff Sigaretta Elettronica usa e getta: Fragola Banana<\/h2>\n<p data-start=\"167\" data-end=\"511\">La NEXA Ultra 50K offre una combinazione eccezionale di prestazioni impressionanti e gusto delizioso. Se sei un appassionato di aromi fruttati, allora la variante \u201eStrawberry Banana\u201c \u00e8 esattamente ci\u00f2 che cerchi. Unisce la dolcezza delle fragole e la cremosit\u00e0 della banana per offrire un\u2019esperienza di svapo unica.<\/p>\n<div class=\"overflow-x-auto contain-inline-size\">\n<table data-start=\"513\" data-end=\"3166\">\n<thead data-start=\"513\" data-end=\"688\">\n<tr data-start=\"513\" data-end=\"688\">\n<th data-start=\"513\" data-end=\"544\">Caratteristica<\/th>\n<th data-start=\"544\" data-end=\"688\">Dettagli<\/th>\n<\/tr>\n<\/thead>\n<tbody data-start=\"865\" data-end=\"3166\">\n<tr data-start=\"865\" data-end=\"1041\">\n<td>Modello<\/td>\n<td>NEXA Ultra 50K Puff Sigaretta Elettronica usa e getta<\/td>\n<\/tr>\n<tr data-start=\"1042\" data-end=\"1218\">\n<td>Gusto<\/td>\n<td>Strawberry Banana (Fragola &amp; Banana)<\/td>\n<\/tr>\n<tr data-start=\"1219\" data-end=\"1395\">\n<td>Capacit\u00e0 di puff<\/td>\n<td>50.000 puff<\/td>\n<\/tr>\n<tr data-start=\"1396\" data-end=\"1571\">\n<td>Intensit\u00e0 di nicotina<\/td>\n<td>5%<\/td>\n<\/tr>\n<tr data-start=\"1572\" data-end=\"1748\">\n<td>Serbatoio di e-liquid<\/td>\n<td>Serbatoio trasparente in cristallo da 20 ml<\/td>\n<\/tr>\n<tr data-start=\"1749\" data-end=\"1925\">\n<td>Capacit\u00e0 della batteria<\/td>\n<td>800 mAh (ricarica rapida USB-C)<\/td>\n<\/tr>\n<tr data-start=\"1926\" data-end=\"2102\">\n<td>Modalit\u00e0 di vaporizzazione<\/td>\n<td>Due modalit\u00e0:<\/td>\n<\/tr>\n<tr data-start=\"2103\" data-end=\"2278\">\n<td><\/td>\n<td>\u2013 Modalit\u00e0 normale: 50.000 puff, esperienza di gusto delicata<\/td>\n<\/tr>\n<tr data-start=\"2279\" data-end=\"2452\">\n<td><\/td>\n<td>\u2013 Modalit\u00e0 turbo: 30.000 puff, vapore e gusto pi\u00f9 intensi<\/td>\n<\/tr>\n<tr data-start=\"2453\" data-end=\"2629\">\n<td>Display<\/td>\n<td>Display curvato 3D, mostra livello di batteria, livello di liquido e modalit\u00e0<\/td>\n<\/tr>\n<tr data-start=\"2630\" data-end=\"2806\">\n<td>Attivazione<\/td>\n<td>Attivato dal tiro (basta aspirare per iniziare a vaporizzare)<\/td>\n<\/tr>\n<tr data-start=\"2807\" data-end=\"2986\">\n<td>Unit\u00e0 di imballaggio<\/td>\n<td>5 pezzi per scatola<\/td>\n<\/tr>\n<tr data-start=\"2987\" data-end=\"3166\">\n<td>Descrizione dell'aroma<\/td>\n<td>Una miscela armoniosa tra la dolcezza delle fragole e la cremosit\u00e0 della banana, che offre un\u2019esperienza di svapo piacevole e fruttata.<\/td>\n<\/tr>\n<\/tbody>\n<\/table>\n<\/div>\n<h3 data-start=\"3173\" data-end=\"3221\">1. Esperienza di gusto: Fragola &amp; Banana<\/h3>\n<p data-start=\"3223\" data-end=\"3615\">La variante \u201eStrawberry Banana\u201c combina la freschezza dolce delle fragole con la cremosit\u00e0 della banana in un\u2019esperienza gustosa e fruttata. La fragola fornisce un sapore intenso e dolce, mentre la banana arricchisce l\u2019esperienza di svapo con una consistenza morbida, quasi cremosa. Il sapore rimane sempre fresco ed equilibrato \u2013 non troppo dolce, ma comunque molto piacevole.<\/p>\n<p data-start=\"3617\" data-end=\"3919\">La fragola porta una freschezza dolce, quasi acidula, mentre la banana con la sua nota cremosa ed esotica crea un equilibrio armonioso. Ogni tiro offre una miscela uniforme di queste due note fruttate, garantendo un\u2019esperienza di gusto coerente e duratura.<\/p>\n<h3 data-start=\"3921\" data-end=\"3965\">2. 50.000 tiri \u2013 Lunga durata d\u2019uso<\/h3>\n<p data-start=\"3967\" data-end=\"4343\">La <strong><a href=\"https:\/\/vapingnet.de\/it\/k\/50k-vape\/\">50k vape<\/a><\/strong>\u00a0la NEXA Ultra 50K \u00e8 pi\u00f9 che sufficiente per un uso prolungato. Con un serbatoio di cristallo da 20 ml, puoi goderti a lungo la variante \u201eStrawberry Banana\u201c. Il serbatoio trasparente permette un facile controllo del livello di liquido, cos\u00ec sai sempre quando \u00e8 il momento di ricaricare o sostituire il dispositivo.<\/p>\n<h3 data-start=\"4345\" data-end=\"4395\">3. Tecnologia dual-mode per flessibilit\u00e0<\/h3>\n<p data-start=\"4397\" data-end=\"4488\">Con la tecnologia dual-mode, la NEXA Ultra 50K offre un\u2019esperienza di svapo personalizzabile:<\/p>\n<ul data-start=\"4490\" data-end=\"4898\">\n<li data-start=\"4490\" data-end=\"4672\">\n<p data-start=\"4492\" data-end=\"4672\">Modalit\u00e0 Normale (50K puff): Questa modalit\u00e0 \u00e8 progettata per un\u2019esperienza di svapo uniforme e delicata. Gli aromi \u201eStrawberry Banana\u201c si sviluppano in modo sottile e duraturo.<\/p>\n<\/li>\n<li data-start=\"4676\" data-end=\"4898\">\n<p data-start=\"4678\" data-end=\"4898\">Modalit\u00e0 Turbo (30K puff): Per vapore pi\u00f9 intenso e sapore pi\u00f9 forte. In questa modalit\u00e0 il vapore diventa pi\u00f9 denso e il sapore fruttato ancora pi\u00f9 intenso, ideale per chi cerca un\u2019esperienza pi\u00f9 potente.<\/p>\n<\/li>\n<\/ul>\n<h3 data-start=\"4900\" data-end=\"4949\">4. Display curvo 3D per un uso semplice<\/h3>\n<p data-start=\"4951\" data-end=\"5305\">Il display curvo 3D della NEXA Ultra 50K mostra informazioni importanti in un design moderno ed elegante. Visualizza lo stato della batteria, il livello di liquido e la modalit\u00e0 di vaporizzazione attuale, cos\u00ec sei sempre informato. Lo schermo chiaro e leggibile assicura che non rimarrai mai all\u2019oscuro dello stato del tuo dispositivo.<\/p>\n<h3 data-start=\"5307\" data-end=\"5358\">5. Ricarica rapida USB-C per un uso immediato<\/h3>\n<p data-start=\"5360\" data-end=\"5587\">Grazie alla batteria da 800 mAh e alla ricarica rapida USB-C, puoi ricaricare rapidamente il dispositivo e riprendere subito a svapare. Il processo di ricarica veloce garantisce che non dovrai aspettare a lungo per la tua prossima sessione di svapo.<\/p>\n<h3 data-start=\"5589\" data-end=\"5644\">6. Facile da usare \u2013 Perfetto per l\u2019uso quotidiano<\/h3>\n<p data-start=\"5646\" data-end=\"5995\">La NEXA Ultra 50K \u00e8 attivata tramite tiro, il che significa che si accende automaticamente non appena si tira. Non \u00e8 necessario premere alcun pulsante per iniziare a svapare \u2013 basta tirare e goderti. Questa funzione user-friendly rende il dispositivo ideale per chi cerca una soluzione semplice e veloce per il proprio compagno di svapo.<\/p>\n<h3 data-start=\"5997\" data-end=\"6054\">7. Confezione perfetta per rivenditori e utenti frequenti<\/h3>\n<p data-start=\"6056\" data-end=\"6387\">La NEXA Ultra 50K viene consegnata in una confezione da 5 pezzi, rendendola attraente sia per il consumo personale che per i rivenditori. Questa dimensione di confezione permette di acquistare e vendere il prodotto in modo economico, mentre l'ampia capacit\u00e0 di puff rende il prodotto particolarmente interessante per gli utenti frequenti.<\/p>\n<h3 data-start=\"6389\" data-end=\"6455\">8. Perch\u00e9 la NEXA Ultra 50K Strawberry Banana \u00e8 un must<\/h3>\n<p data-start=\"6457\" data-end=\"7048\">In sintesi, si pu\u00f2 dire che <strong><a href=\"https:\/\/vapingnet.de\/it\/nexa-ultra-50000-puffs\/\">NEXA Ultra 50K puff<\/a><\/strong> Strawberry Banana, grazie alla sua impressionante capacit\u00e0 di puff e al gusto fruttato, \u00e8 una scelta eccellente per gli svapatori che cercano durabilit\u00e0 e un piacere intenso. Il sapore di fragola e banana \u00e8 perfettamente equilibrato e garantisce un'esperienza rinfrescante e fruttata ad ogni tiro. Il design moderno, la tecnologia a doppia modalit\u00e0 e il display curvo 3D rendono la NEXA Ultra 50K un dispositivo che conquista sia per la tecnologia che per il gusto.<\/p>\n<p data-start=\"7050\" data-end=\"7287\">Per gli svapatori alla ricerca di un'esperienza di gusto fruttato duratura, supportata da tecnologia e facilit\u00e0 d'uso, la NEXA Ultra 50K Strawberry Banana \u00e8 sicuramente la scelta giusta.<\/p>","protected":false},"excerpt":{"rendered":"<p>NEXA Ultra 50K Puff Einweg E-Zigarette: Strawberry Banana Die NEXA Ultra 50K bietet eine gro\u00dfartige Kombination aus beeindruckender Leistung und k\u00f6stlichem Geschmack. Wenn Sie ein&#8230;<\/p>","protected":false},"featured_media":5719,"template":"","meta":[],"etheme_brands":[],"product_brand":[],"product_cat":[67,49,61],"product_tag":[],"class_list":{"0":"post-5745","1":"product","2":"type-product","3":"status-publish","4":"has-post-thumbnail","6":"product_cat-50k-vape","7":"product_cat-einweg-e-zigarette","8":"product_cat-f","10":"first","11":"outofstock","12":"shipping-taxable","13":"purchasable","14":"product-type-variable"},"yoast_head":"<!-- This site is optimized with the Yoast SEO plugin v26.5 - https:\/\/yoast.com\/wordpress\/plugins\/seo\/ -->\n<title>NEXA Ultra 50K Erdbeer Banane Fruchtiges Dampferlebnis S\u00fc\u00dfe Erdbeere und cremige Banane f\u00fcr ein erfrischendes Erlebnis | Vapingnet.de<\/title>\n<meta name=\"description\" content=\"NEXA Ultra 50K Strawberry Banana bietet die perfekte Mischung aus s\u00fc\u00dfer Erdbeere und cremiger Banane f\u00fcr ein erfrischendes, fruchtiges Dampferlebnis.\" \/>\n<meta name=\"robots\" content=\"index, follow, max-snippet:-1, max-image-preview:large, max-video-preview:-1\" \/>\n<link rel=\"canonical\" href=\"https:\/\/vapingnet.de\/it\/vape\/nexa-ultra-50k-erdbeer-banane-fruchtiges-dampferlebnis-suesse-erdbeere-und-cremige-banane-fuer-ein-erfrischendes-erlebnis\/\" \/>\n<meta property=\"og:locale\" content=\"it_IT\" \/>\n<meta property=\"og:type\" content=\"article\" \/>\n<meta property=\"og:title\" content=\"NEXA Ultra 50K Erdbeer Banane Fruchtiges Dampferlebnis S\u00fc\u00dfe Erdbeere und cremige Banane f\u00fcr ein erfrischendes Erlebnis | Vapingnet.de\" \/>\n<meta property=\"og:description\" content=\"NEXA Ultra 50K Strawberry Banana bietet die perfekte Mischung aus s\u00fc\u00dfer Erdbeere und cremiger Banane f\u00fcr ein erfrischendes, fruchtiges Dampferlebnis.\" \/>\n<meta property=\"og:url\" content=\"https:\/\/vapingnet.de\/it\/vape\/nexa-ultra-50k-erdbeer-banane-fruchtiges-dampferlebnis-suesse-erdbeere-und-cremige-banane-fuer-ein-erfrischendes-erlebnis\/\" \/>\n<meta property=\"og:site_name\" content=\"Vapingnet.de\" \/>\n<meta property=\"article:publisher\" content=\"https:\/\/www.facebook.com\/vapingnetde\/\" \/>\n<meta property=\"article:modified_time\" content=\"2026-04-14T06:41:05+00:00\" \/>\n<meta property=\"og:image\" content=\"https:\/\/vapingnet.de\/wp-content\/uploads\/2025\/03\/50K_STRAWBERRY_BANANA-1.png\" \/>\n\t<meta property=\"og:image:width\" content=\"1000\" \/>\n\t<meta property=\"og:image:height\" content=\"1000\" \/>\n\t<meta property=\"og:image:type\" content=\"image\/png\" \/>\n<meta name=\"twitter:card\" content=\"summary_large_image\" \/>\n<meta name=\"twitter:label1\" content=\"Est. reading time\" \/>\n\t<meta name=\"twitter:data1\" content=\"5 minutes\" \/>\n<script type=\"application\/ld+json\" class=\"yoast-schema-graph\">{\"@context\":\"https:\/\/schema.org\",\"@graph\":[{\"@type\":\"WebPage\",\"@id\":\"https:\/\/vapingnet.de\/vape\/nexa-ultra-50k-erdbeer-banane-fruchtiges-dampferlebnis-suesse-erdbeere-und-cremige-banane-fuer-ein-erfrischendes-erlebnis\/\",\"url\":\"https:\/\/vapingnet.de\/vape\/nexa-ultra-50k-erdbeer-banane-fruchtiges-dampferlebnis-suesse-erdbeere-und-cremige-banane-fuer-ein-erfrischendes-erlebnis\/\",\"name\":\"NEXA Ultra 50K Erdbeer Banane Fruchtiges Dampferlebnis S\u00fc\u00dfe Erdbeere und cremige Banane f\u00fcr ein erfrischendes Erlebnis | Vapingnet.de\",\"isPartOf\":{\"@id\":\"https:\/\/vapingnet.de\/#website\"},\"primaryImageOfPage\":{\"@id\":\"https:\/\/vapingnet.de\/vape\/nexa-ultra-50k-erdbeer-banane-fruchtiges-dampferlebnis-suesse-erdbeere-und-cremige-banane-fuer-ein-erfrischendes-erlebnis\/#primaryimage\"},\"image\":{\"@id\":\"https:\/\/vapingnet.de\/vape\/nexa-ultra-50k-erdbeer-banane-fruchtiges-dampferlebnis-suesse-erdbeere-und-cremige-banane-fuer-ein-erfrischendes-erlebnis\/#primaryimage\"},\"thumbnailUrl\":\"https:\/\/vapingnet.de\/wp-content\/uploads\/2025\/03\/50K_STRAWBERRY_BANANA-1.png\",\"datePublished\":\"2025-03-19T05:38:25+00:00\",\"dateModified\":\"2026-04-14T06:41:05+00:00\",\"description\":\"NEXA Ultra 50K Strawberry Banana bietet die perfekte Mischung aus s\u00fc\u00dfer Erdbeere und cremiger Banane f\u00fcr ein erfrischendes, fruchtiges Dampferlebnis.\",\"breadcrumb\":{\"@id\":\"https:\/\/vapingnet.de\/vape\/nexa-ultra-50k-erdbeer-banane-fruchtiges-dampferlebnis-suesse-erdbeere-und-cremige-banane-fuer-ein-erfrischendes-erlebnis\/#breadcrumb\"},\"inLanguage\":\"it-IT\",\"potentialAction\":[{\"@type\":\"ReadAction\",\"target\":[\"https:\/\/vapingnet.de\/vape\/nexa-ultra-50k-erdbeer-banane-fruchtiges-dampferlebnis-suesse-erdbeere-und-cremige-banane-fuer-ein-erfrischendes-erlebnis\/\"]}]},{\"@type\":\"ImageObject\",\"inLanguage\":\"it-IT\",\"@id\":\"https:\/\/vapingnet.de\/vape\/nexa-ultra-50k-erdbeer-banane-fruchtiges-dampferlebnis-suesse-erdbeere-und-cremige-banane-fuer-ein-erfrischendes-erlebnis\/#primaryimage\",\"url\":\"https:\/\/vapingnet.de\/wp-content\/uploads\/2025\/03\/50K_STRAWBERRY_BANANA-1.png\",\"contentUrl\":\"https:\/\/vapingnet.de\/wp-content\/uploads\/2025\/03\/50K_STRAWBERRY_BANANA-1.png\",\"width\":1000,\"height\":1000},{\"@type\":\"BreadcrumbList\",\"@id\":\"https:\/\/vapingnet.de\/vape\/nexa-ultra-50k-erdbeer-banane-fruchtiges-dampferlebnis-suesse-erdbeere-und-cremige-banane-fuer-ein-erfrischendes-erlebnis\/#breadcrumb\",\"itemListElement\":[{\"@type\":\"ListItem\",\"position\":1,\"name\":\"Home\",\"item\":\"https:\/\/vapingnet.de\/\"},{\"@type\":\"ListItem\",\"position\":2,\"name\":\"Shop\",\"item\":\"https:\/\/vapingnet.de\/vape\/\"},{\"@type\":\"ListItem\",\"position\":3,\"name\":\"NEXA Ultra 50K Erdbeer Banane Fruchtiges Dampferlebnis S\u00fc\u00dfe Erdbeere und cremige Banane f\u00fcr ein erfrischendes Erlebnis\"}]},{\"@type\":\"WebSite\",\"@id\":\"https:\/\/vapingnet.de\/#website\",\"url\":\"https:\/\/vapingnet.de\/\",\"name\":\"Vapingnet.de\",\"description\":\"\",\"publisher\":{\"@id\":\"https:\/\/vapingnet.de\/#organization\"},\"potentialAction\":[{\"@type\":\"SearchAction\",\"target\":{\"@type\":\"EntryPoint\",\"urlTemplate\":\"https:\/\/vapingnet.de\/?s={search_term_string}\"},\"query-input\":{\"@type\":\"PropertyValueSpecification\",\"valueRequired\":true,\"valueName\":\"search_term_string\"}}],\"inLanguage\":\"it-IT\"},{\"@type\":\"Organization\",\"@id\":\"https:\/\/vapingnet.de\/#organization\",\"name\":\"Vapingnet.de\",\"url\":\"https:\/\/vapingnet.de\/\",\"logo\":{\"@type\":\"ImageObject\",\"inLanguage\":\"it-IT\",\"@id\":\"https:\/\/vapingnet.de\/#\/schema\/logo\/image\/\",\"url\":\"https:\/\/vapingnet.de\/wp-content\/uploads\/2025\/03\/cropped-vapingnet.de_.jpg\",\"contentUrl\":\"https:\/\/vapingnet.de\/wp-content\/uploads\/2025\/03\/cropped-vapingnet.de_.jpg\",\"width\":512,\"height\":512,\"caption\":\"Vapingnet.de\"},\"image\":{\"@id\":\"https:\/\/vapingnet.de\/#\/schema\/logo\/image\/\"},\"sameAs\":[\"https:\/\/www.facebook.com\/vapingnetde\/\"]}]}<\/script>\n<!-- \/ Yoast SEO plugin. -->","yoast_head_json":{"title":"NEXA Ultra 50K Erdbeer Banane Fruchtiges Dampferlebnis S\u00fc\u00dfe Erdbeere und cremige Banane f\u00fcr ein erfrischendes Erlebnis | Vapingnet.de","description":"NEXA Ultra 50K Strawberry Banana bietet die perfekte Mischung aus s\u00fc\u00dfer Erdbeere und cremiger Banane f\u00fcr ein erfrischendes, fruchtiges Dampferlebnis.","robots":{"index":"index","follow":"follow","max-snippet":"max-snippet:-1","max-image-preview":"max-image-preview:large","max-video-preview":"max-video-preview:-1"},"canonical":"https:\/\/vapingnet.de\/it\/vape\/nexa-ultra-50k-erdbeer-banane-fruchtiges-dampferlebnis-suesse-erdbeere-und-cremige-banane-fuer-ein-erfrischendes-erlebnis\/","og_locale":"it_IT","og_type":"article","og_title":"NEXA Ultra 50K Erdbeer Banane Fruchtiges Dampferlebnis S\u00fc\u00dfe Erdbeere und cremige Banane f\u00fcr ein erfrischendes Erlebnis | Vapingnet.de","og_description":"NEXA Ultra 50K Strawberry Banana bietet die perfekte Mischung aus s\u00fc\u00dfer Erdbeere und cremiger Banane f\u00fcr ein erfrischendes, fruchtiges Dampferlebnis.","og_url":"https:\/\/vapingnet.de\/it\/vape\/nexa-ultra-50k-erdbeer-banane-fruchtiges-dampferlebnis-suesse-erdbeere-und-cremige-banane-fuer-ein-erfrischendes-erlebnis\/","og_site_name":"Vapingnet.de","article_publisher":"https:\/\/www.facebook.com\/vapingnetde\/","article_modified_time":"2026-04-14T06:41:05+00:00","og_image":[{"width":1000,"height":1000,"url":"https:\/\/vapingnet.de\/wp-content\/uploads\/2025\/03\/50K_STRAWBERRY_BANANA-1.png","type":"image\/png"}],"twitter_card":"summary_large_image","twitter_misc":{"Est. reading time":"5 minutes"},"schema":{"@context":"https:\/\/schema.org","@graph":[{"@type":"WebPage","@id":"https:\/\/vapingnet.de\/vape\/nexa-ultra-50k-erdbeer-banane-fruchtiges-dampferlebnis-suesse-erdbeere-und-cremige-banane-fuer-ein-erfrischendes-erlebnis\/","url":"https:\/\/vapingnet.de\/vape\/nexa-ultra-50k-erdbeer-banane-fruchtiges-dampferlebnis-suesse-erdbeere-und-cremige-banane-fuer-ein-erfrischendes-erlebnis\/","name":"NEXA Ultra 50K Erdbeer Banane Fruchtiges Dampferlebnis S\u00fc\u00dfe Erdbeere und cremige Banane f\u00fcr ein erfrischendes Erlebnis | Vapingnet.de","isPartOf":{"@id":"https:\/\/vapingnet.de\/#website"},"primaryImageOfPage":{"@id":"https:\/\/vapingnet.de\/vape\/nexa-ultra-50k-erdbeer-banane-fruchtiges-dampferlebnis-suesse-erdbeere-und-cremige-banane-fuer-ein-erfrischendes-erlebnis\/#primaryimage"},"image":{"@id":"https:\/\/vapingnet.de\/vape\/nexa-ultra-50k-erdbeer-banane-fruchtiges-dampferlebnis-suesse-erdbeere-und-cremige-banane-fuer-ein-erfrischendes-erlebnis\/#primaryimage"},"thumbnailUrl":"https:\/\/vapingnet.de\/wp-content\/uploads\/2025\/03\/50K_STRAWBERRY_BANANA-1.png","datePublished":"2025-03-19T05:38:25+00:00","dateModified":"2026-04-14T06:41:05+00:00","description":"NEXA Ultra 50K Strawberry Banana bietet die perfekte Mischung aus s\u00fc\u00dfer Erdbeere und cremiger Banane f\u00fcr ein erfrischendes, fruchtiges Dampferlebnis.","breadcrumb":{"@id":"https:\/\/vapingnet.de\/vape\/nexa-ultra-50k-erdbeer-banane-fruchtiges-dampferlebnis-suesse-erdbeere-und-cremige-banane-fuer-ein-erfrischendes-erlebnis\/#breadcrumb"},"inLanguage":"it-IT","potentialAction":[{"@type":"ReadAction","target":["https:\/\/vapingnet.de\/vape\/nexa-ultra-50k-erdbeer-banane-fruchtiges-dampferlebnis-suesse-erdbeere-und-cremige-banane-fuer-ein-erfrischendes-erlebnis\/"]}]},{"@type":"ImageObject","inLanguage":"it-IT","@id":"https:\/\/vapingnet.de\/vape\/nexa-ultra-50k-erdbeer-banane-fruchtiges-dampferlebnis-suesse-erdbeere-und-cremige-banane-fuer-ein-erfrischendes-erlebnis\/#primaryimage","url":"https:\/\/vapingnet.de\/wp-content\/uploads\/2025\/03\/50K_STRAWBERRY_BANANA-1.png","contentUrl":"https:\/\/vapingnet.de\/wp-content\/uploads\/2025\/03\/50K_STRAWBERRY_BANANA-1.png","width":1000,"height":1000},{"@type":"BreadcrumbList","@id":"https:\/\/vapingnet.de\/vape\/nexa-ultra-50k-erdbeer-banane-fruchtiges-dampferlebnis-suesse-erdbeere-und-cremige-banane-fuer-ein-erfrischendes-erlebnis\/#breadcrumb","itemListElement":[{"@type":"ListItem","position":1,"name":"Home","item":"https:\/\/vapingnet.de\/"},{"@type":"ListItem","position":2,"name":"Shop","item":"https:\/\/vapingnet.de\/vape\/"},{"@type":"ListItem","position":3,"name":"NEXA Ultra 50K Erdbeer Banane Fruchtiges Dampferlebnis S\u00fc\u00dfe Erdbeere und cremige Banane f\u00fcr ein erfrischendes Erlebnis"}]},{"@type":"WebSite","@id":"https:\/\/vapingnet.de\/#website","url":"https:\/\/vapingnet.de\/","name":"Vapingnet.de","description":"","publisher":{"@id":"https:\/\/vapingnet.de\/#organization"},"potentialAction":[{"@type":"SearchAction","target":{"@type":"EntryPoint","urlTemplate":"https:\/\/vapingnet.de\/?s={search_term_string}"},"query-input":{"@type":"PropertyValueSpecification","valueRequired":true,"valueName":"search_term_string"}}],"inLanguage":"it-IT"},{"@type":"Organization","@id":"https:\/\/vapingnet.de\/#organization","name":"Vapingnet.de","url":"https:\/\/vapingnet.de\/","logo":{"@type":"ImageObject","inLanguage":"it-IT","@id":"https:\/\/vapingnet.de\/#\/schema\/logo\/image\/","url":"https:\/\/vapingnet.de\/wp-content\/uploads\/2025\/03\/cropped-vapingnet.de_.jpg","contentUrl":"https:\/\/vapingnet.de\/wp-content\/uploads\/2025\/03\/cropped-vapingnet.de_.jpg","width":512,"height":512,"caption":"Vapingnet.de"},"image":{"@id":"https:\/\/vapingnet.de\/#\/schema\/logo\/image\/"},"sameAs":["https:\/\/www.facebook.com\/vapingnetde\/"]}]}},"tiered_pricing_type":"fixed","tiered_pricing_fixed_rules":[],"tiered_pricing_product_settings":{"layout":"default","base_unit_name":{"singular":null,"plural":null},"default_variation":null},"tiered_pricing_minimum_quantity":null,"tiered_pricing_roles_data":[],"tiered_pricing_percentage_rules":[],"_links":{"self":[{"href":"https:\/\/vapingnet.de\/it\/wp-json\/wp\/v2\/product\/5745","targetHints":{"allow":["GET"]}}],"collection":[{"href":"https:\/\/vapingnet.de\/it\/wp-json\/wp\/v2\/product"}],"about":[{"href":"https:\/\/vapingnet.de\/it\/wp-json\/wp\/v2\/types\/product"}],"version-history":[{"count":1,"href":"https:\/\/vapingnet.de\/it\/wp-json\/wp\/v2\/product\/5745\/revisions"}],"predecessor-version":[{"id":5768,"href":"https:\/\/vapingnet.de\/it\/wp-json\/wp\/v2\/product\/5745\/revisions\/5768"}],"wp:featuredmedia":[{"embeddable":true,"href":"https:\/\/vapingnet.de\/it\/wp-json\/wp\/v2\/media\/5719"}],"wp:attachment":[{"href":"https:\/\/vapingnet.de\/it\/wp-json\/wp\/v2\/media?parent=5745"}],"wp:term":[{"taxonomy":"brand","embeddable":true,"href":"https:\/\/vapingnet.de\/it\/wp-json\/wp\/v2\/etheme_brands?post=5745"},{"taxonomy":"product_brand","embeddable":true,"href":"https:\/\/vapingnet.de\/it\/wp-json\/wp\/v2\/product_brand?post=5745"},{"taxonomy":"product_cat","embeddable":true,"href":"https:\/\/vapingnet.de\/it\/wp-json\/wp\/v2\/product_cat?post=5745"},{"taxonomy":"product_tag","embeddable":true,"href":"https:\/\/vapingnet.de\/it\/wp-json\/wp\/v2\/product_tag?post=5745"}],"curies":[{"name":"wp","href":"https:\/\/api.w.org\/{rel}","templated":true}]}}