{"id":5808,"date":"2025-03-24T03:07:38","date_gmt":"2025-03-24T03:07:38","guid":{"rendered":"https:\/\/vapingnet.de\/?post_type=product&#038;p=5808"},"modified":"2026-01-25T09:17:39","modified_gmt":"2026-01-25T09:17:39","slug":"erlebe-bang-king-50000-puffs-watermelon-blueberry-cherry-mit-doppeltem","status":"publish","type":"product","link":"https:\/\/vapingnet.de\/it\/vape\/erlebe-bang-king-50000-puffs-watermelon-blueberry-cherry-mit-doppeltem\/","title":{"rendered":"Vivi Bang King 50000 puff Watermelon &amp; Blueberry Cherry con doppio"},"content":{"rendered":"<h2 data-start=\"0\" data-end=\"78\">Bang King 50000 Puff Sigaretta Elettronica usa e getta \u2013 Una nuova esperienza di fumo per te<\/h2>\n<p class=\"\" data-start=\"80\" data-end=\"445\">Nel settore delle sigarette elettroniche, la Bang King 50000 Puff sigaretta elettronica usa e getta combina innovazione e prestazioni, offrendo agli utenti un'esperienza straordinaria. Dalla durata impressionante al design unico a doppio gusto, questa sigaretta elettronica offre agli utenti un'esperienza definitiva in termini di gusto, aspetto e funzionalit\u00e0.<\/p>\n<ul>\n<li data-start=\"447\" data-end=\"495\">Durata estremamente lunga \u2013 50000 puff<br \/>\nL'aspetto speciale della sigaretta elettronica usa e getta Bang King \u00e8 la sua durata di 50000 puff, molto rara sul mercato. Che tu sia in citt\u00e0 o in viaggio, questa sigaretta elettronica ti accompagner\u00e0 per un lungo periodo senza doverla sostituire frequentemente, permettendoti un uso senza preoccupazioni e riducendo il consumo e la sostituzione.<\/li>\n<li data-start=\"858\" data-end=\"935\">Tecnologia delle resistenze a rete \u2013 La chiave per un gusto migliore<br \/>\nCon la resistenza a rete da 1,0 ohm, la sigaretta elettronica Bang King garantisce un riscaldamento uniforme ed efficiente del liquido, portando a una produzione di vapore densa e a un gusto intenso. Che si tratti del rinfrescante sapore di anguria o del gusto pieno di mirtillo e ciliegia, la tecnologia delle resistenze a rete assicura che entrambe le sfumature di gusto siano valorizzate, offrendo ogni volta un'esperienza inconfondibile.<\/li>\n<li data-start=\"1393\" data-end=\"1445\">Gusto doppio \u2013 Piacere versatile<br \/>\nUn'altra caratteristica eccezionale della sigaretta elettronica Bang King \u00e8 il suo gusto doppio. Puoi gustare contemporaneamente il sapore di anguria e mirtillo ciliegia, offrendo un'esperienza di gusto varia. Ogni tiro porta una nuova esperienza di sapore, combinando aromi freschi e dolci.<\/li>\n<li data-start=\"1792\" data-end=\"1859\">Ricarica efficiente \u2013 Batteria da 850mAh e porta Type-C<br \/>\nLa sigaretta elettronica Bang King \u00e8 dotata di una batteria da 850mAh che garantisce un uso duraturo, e di una porta Type-C per una ricarica rapida. Anche con un uso intenso, la batteria rimane a lungo efficiente, e la ricarica veloce assicura che tu non debba aspettare a lungo per ricaricarla.<\/li>\n<li data-start=\"2192\" data-end=\"2243\">Display LCD \u2013 Visualizzazione in tempo reale dello stato della batteria<br \/>\nLa sigaretta elettronica \u00e8 equipaggiata con un display LCD che mostra sempre lo stato attuale della batteria. In questo modo puoi assicurarti che la batteria sia sempre sufficientemente carica e non rimanere mai improvvisamente senza energia. Ci\u00f2 rende l'uso della sigaretta elettronica sempre fluido e piacevole.<\/li>\n<li data-start=\"2550\" data-end=\"2598\">Acquisti senza dazio \u2013 Acquisto comodo<br \/>\nSe acquisti la sigaretta elettronica usa e getta Bang King 50000 Puff tramite vapingnet.de, puoi beneficiare dell'esenzione doganale, rendendo il tuo acquisto ancora pi\u00f9 semplice ed economico. Il tempo di spedizione \u00e8 di circa 7-15 giorni lavorativi, e rispetto ad altri marchi la consegna \u00e8 pi\u00f9 veloce, cos\u00ec non dovrai aspettare a lungo il tuo prodotto.<\/li>\n<li data-start=\"2957\" data-end=\"3014\">Diversi livelli di nicotina \u2013 Per ogni esigenza<br \/>\nLa sigaretta elettronica Bang King offre diversi livelli di nicotina: 0%, 2%, 3%, 5%, cos\u00ec da avere qualcosa per ogni gusto e necessit\u00e0. Che tu preferisca un vapore leggero o un'esperienza di nicotina pi\u00f9 intensa, puoi scegliere il livello di nicotina pi\u00f9 adatto e personalizzare la tua esperienza di svapo.<\/li>\n<\/ul>\n<h3 data-start=\"3361\" data-end=\"3371\">Perch\u00e9 la sigaretta elettronica usa e getta Bang King 50000 Puff \u00e8 la scelta perfetta per te<\/h3>\n<p class=\"\" data-start=\"3373\" data-end=\"3880\">La sigaretta elettronica usa e getta Bang King 50000 Puff si distingue per la sua lunga durata, la tecnologia avanzata delle resistenze a rete, le funzioni di ricarica pratiche, il gusto doppio unico e il display LCD per il monitoraggio della batteria. Se cerchi una sigaretta elettronica durevole e potente che ti offra un'esperienza di svapo unica, la Bang King 50000 Puff \u00e8 sicuramente la scelta giusta. Visita ora vapingnet.de e vivi l'esperienza di svapo definitiva!<\/p>","protected":false},"excerpt":{"rendered":"<p>Sigaretta elettronica usa e getta Bang King 50000 Puff \u2013 Una nuova esperienza di fumo per te. Nel settore delle sigarette elettroniche, la Bang King 50000 Puff combina innovazione...<\/p>","protected":false},"featured_media":5809,"template":"","meta":[],"etheme_brands":[],"product_brand":[101],"product_cat":[67,49,61,87],"product_tag":[],"class_list":{"0":"post-5808","1":"product","2":"type-product","3":"status-publish","4":"has-post-thumbnail","6":"product_brand-bang-king-vape","7":"product_cat-50k-vape","8":"product_cat-einweg-e-zigarette","9":"product_cat-f","10":"product_cat-v","12":"first","13":"instock","14":"shipping-taxable","15":"purchasable","16":"product-type-simple"},"yoast_head":"<!-- This site is optimized with the Yoast SEO plugin v26.5 - https:\/\/yoast.com\/wordpress\/plugins\/seo\/ -->\n<title>Erlebe Bang King 50000 Puffs Watermelon &amp; Blueberry Cherry mit doppeltem | Vapingnet.de<\/title>\n<meta name=\"description\" content=\"Entdecke Erlebe Bang King 50000 Puffs Watermelon &amp; Blueberry Cherry mit doppeltem bei vapingnet.de, \u25ba Gro\u00dfe Auswahl an Geschmacksrichtungen &amp; super g\u00fcnstig!\" \/>\n<meta name=\"robots\" content=\"index, follow, max-snippet:-1, max-image-preview:large, max-video-preview:-1\" \/>\n<link rel=\"canonical\" href=\"https:\/\/vapingnet.de\/it\/vape\/erlebe-bang-king-50000-puffs-watermelon-blueberry-cherry-mit-doppeltem\/\" \/>\n<meta property=\"og:locale\" content=\"it_IT\" \/>\n<meta property=\"og:type\" content=\"article\" \/>\n<meta property=\"og:title\" content=\"Erlebe Bang King 50000 Puffs Watermelon &amp; Blueberry Cherry mit doppeltem | Vapingnet.de\" \/>\n<meta property=\"og:description\" content=\"Entdecke Erlebe Bang King 50000 Puffs Watermelon &amp; Blueberry Cherry mit doppeltem bei vapingnet.de, \u25ba Gro\u00dfe Auswahl an Geschmacksrichtungen &amp; super g\u00fcnstig!\" \/>\n<meta property=\"og:url\" content=\"https:\/\/vapingnet.de\/it\/vape\/erlebe-bang-king-50000-puffs-watermelon-blueberry-cherry-mit-doppeltem\/\" \/>\n<meta property=\"og:site_name\" content=\"Vapingnet.de\" \/>\n<meta property=\"article:publisher\" content=\"https:\/\/www.facebook.com\/vapingnetde\/\" \/>\n<meta property=\"article:modified_time\" content=\"2026-01-25T09:17:39+00:00\" \/>\n<meta property=\"og:image\" content=\"https:\/\/vapingnet.de\/wp-content\/uploads\/2025\/03\/bang50k-watermelon-und-blueberry-cherry.png\" \/>\n\t<meta property=\"og:image:width\" content=\"1000\" \/>\n\t<meta property=\"og:image:height\" content=\"1000\" \/>\n\t<meta property=\"og:image:type\" content=\"image\/png\" \/>\n<meta name=\"twitter:card\" content=\"summary_large_image\" \/>\n<meta name=\"twitter:label1\" content=\"Est. reading time\" \/>\n\t<meta name=\"twitter:data1\" content=\"4 minutes\" \/>\n<script type=\"application\/ld+json\" class=\"yoast-schema-graph\">{\"@context\":\"https:\/\/schema.org\",\"@graph\":[{\"@type\":\"WebPage\",\"@id\":\"https:\/\/vapingnet.de\/vape\/erlebe-bang-king-50000-puffs-watermelon-blueberry-cherry-mit-doppeltem\/\",\"url\":\"https:\/\/vapingnet.de\/vape\/erlebe-bang-king-50000-puffs-watermelon-blueberry-cherry-mit-doppeltem\/\",\"name\":\"Erlebe Bang King 50000 Puffs Watermelon & Blueberry Cherry mit doppeltem | Vapingnet.de\",\"isPartOf\":{\"@id\":\"https:\/\/vapingnet.de\/#website\"},\"primaryImageOfPage\":{\"@id\":\"https:\/\/vapingnet.de\/vape\/erlebe-bang-king-50000-puffs-watermelon-blueberry-cherry-mit-doppeltem\/#primaryimage\"},\"image\":{\"@id\":\"https:\/\/vapingnet.de\/vape\/erlebe-bang-king-50000-puffs-watermelon-blueberry-cherry-mit-doppeltem\/#primaryimage\"},\"thumbnailUrl\":\"https:\/\/vapingnet.de\/wp-content\/uploads\/2025\/03\/bang50k-watermelon-und-blueberry-cherry.png\",\"datePublished\":\"2025-03-24T03:07:38+00:00\",\"dateModified\":\"2026-01-25T09:17:39+00:00\",\"description\":\"Entdecke Erlebe Bang King 50000 Puffs Watermelon & Blueberry Cherry mit doppeltem bei vapingnet.de, \u25ba Gro\u00dfe Auswahl an Geschmacksrichtungen & super g\u00fcnstig!\",\"breadcrumb\":{\"@id\":\"https:\/\/vapingnet.de\/vape\/erlebe-bang-king-50000-puffs-watermelon-blueberry-cherry-mit-doppeltem\/#breadcrumb\"},\"inLanguage\":\"it-IT\",\"potentialAction\":[{\"@type\":\"ReadAction\",\"target\":[\"https:\/\/vapingnet.de\/vape\/erlebe-bang-king-50000-puffs-watermelon-blueberry-cherry-mit-doppeltem\/\"]}]},{\"@type\":\"ImageObject\",\"inLanguage\":\"it-IT\",\"@id\":\"https:\/\/vapingnet.de\/vape\/erlebe-bang-king-50000-puffs-watermelon-blueberry-cherry-mit-doppeltem\/#primaryimage\",\"url\":\"https:\/\/vapingnet.de\/wp-content\/uploads\/2025\/03\/bang50k-watermelon-und-blueberry-cherry.png\",\"contentUrl\":\"https:\/\/vapingnet.de\/wp-content\/uploads\/2025\/03\/bang50k-watermelon-und-blueberry-cherry.png\",\"width\":1000,\"height\":1000,\"caption\":\"bang50k-watermelon und blueberry cherry\"},{\"@type\":\"BreadcrumbList\",\"@id\":\"https:\/\/vapingnet.de\/vape\/erlebe-bang-king-50000-puffs-watermelon-blueberry-cherry-mit-doppeltem\/#breadcrumb\",\"itemListElement\":[{\"@type\":\"ListItem\",\"position\":1,\"name\":\"Home\",\"item\":\"https:\/\/vapingnet.de\/\"},{\"@type\":\"ListItem\",\"position\":2,\"name\":\"Shop\",\"item\":\"https:\/\/vapingnet.de\/vape\/\"},{\"@type\":\"ListItem\",\"position\":3,\"name\":\"Erlebe Bang King 50000 Puffs Watermelon &#038; Blueberry Cherry mit doppeltem\"}]},{\"@type\":\"WebSite\",\"@id\":\"https:\/\/vapingnet.de\/#website\",\"url\":\"https:\/\/vapingnet.de\/\",\"name\":\"Vapingnet.de\",\"description\":\"\",\"publisher\":{\"@id\":\"https:\/\/vapingnet.de\/#organization\"},\"potentialAction\":[{\"@type\":\"SearchAction\",\"target\":{\"@type\":\"EntryPoint\",\"urlTemplate\":\"https:\/\/vapingnet.de\/?s={search_term_string}\"},\"query-input\":{\"@type\":\"PropertyValueSpecification\",\"valueRequired\":true,\"valueName\":\"search_term_string\"}}],\"inLanguage\":\"it-IT\"},{\"@type\":\"Organization\",\"@id\":\"https:\/\/vapingnet.de\/#organization\",\"name\":\"Vapingnet.de\",\"url\":\"https:\/\/vapingnet.de\/\",\"logo\":{\"@type\":\"ImageObject\",\"inLanguage\":\"it-IT\",\"@id\":\"https:\/\/vapingnet.de\/#\/schema\/logo\/image\/\",\"url\":\"https:\/\/vapingnet.de\/wp-content\/uploads\/2025\/03\/cropped-vapingnet.de_.jpg\",\"contentUrl\":\"https:\/\/vapingnet.de\/wp-content\/uploads\/2025\/03\/cropped-vapingnet.de_.jpg\",\"width\":512,\"height\":512,\"caption\":\"Vapingnet.de\"},\"image\":{\"@id\":\"https:\/\/vapingnet.de\/#\/schema\/logo\/image\/\"},\"sameAs\":[\"https:\/\/www.facebook.com\/vapingnetde\/\"]}]}<\/script>\n<!-- \/ Yoast SEO plugin. -->","yoast_head_json":{"title":"Erlebe Bang King 50000 Puffs Watermelon & Blueberry Cherry mit doppeltem | Vapingnet.de","description":"Entdecke Erlebe Bang King 50000 Puffs Watermelon & Blueberry Cherry mit doppeltem bei vapingnet.de, \u25ba Gro\u00dfe Auswahl an Geschmacksrichtungen & super g\u00fcnstig!","robots":{"index":"index","follow":"follow","max-snippet":"max-snippet:-1","max-image-preview":"max-image-preview:large","max-video-preview":"max-video-preview:-1"},"canonical":"https:\/\/vapingnet.de\/it\/vape\/erlebe-bang-king-50000-puffs-watermelon-blueberry-cherry-mit-doppeltem\/","og_locale":"it_IT","og_type":"article","og_title":"Erlebe Bang King 50000 Puffs Watermelon & Blueberry Cherry mit doppeltem | Vapingnet.de","og_description":"Entdecke Erlebe Bang King 50000 Puffs Watermelon & Blueberry Cherry mit doppeltem bei vapingnet.de, \u25ba Gro\u00dfe Auswahl an Geschmacksrichtungen & super g\u00fcnstig!","og_url":"https:\/\/vapingnet.de\/it\/vape\/erlebe-bang-king-50000-puffs-watermelon-blueberry-cherry-mit-doppeltem\/","og_site_name":"Vapingnet.de","article_publisher":"https:\/\/www.facebook.com\/vapingnetde\/","article_modified_time":"2026-01-25T09:17:39+00:00","og_image":[{"width":1000,"height":1000,"url":"https:\/\/vapingnet.de\/wp-content\/uploads\/2025\/03\/bang50k-watermelon-und-blueberry-cherry.png","type":"image\/png"}],"twitter_card":"summary_large_image","twitter_misc":{"Est. reading time":"4 minutes"},"schema":{"@context":"https:\/\/schema.org","@graph":[{"@type":"WebPage","@id":"https:\/\/vapingnet.de\/vape\/erlebe-bang-king-50000-puffs-watermelon-blueberry-cherry-mit-doppeltem\/","url":"https:\/\/vapingnet.de\/vape\/erlebe-bang-king-50000-puffs-watermelon-blueberry-cherry-mit-doppeltem\/","name":"Erlebe Bang King 50000 Puffs Watermelon & Blueberry Cherry mit doppeltem | Vapingnet.de","isPartOf":{"@id":"https:\/\/vapingnet.de\/#website"},"primaryImageOfPage":{"@id":"https:\/\/vapingnet.de\/vape\/erlebe-bang-king-50000-puffs-watermelon-blueberry-cherry-mit-doppeltem\/#primaryimage"},"image":{"@id":"https:\/\/vapingnet.de\/vape\/erlebe-bang-king-50000-puffs-watermelon-blueberry-cherry-mit-doppeltem\/#primaryimage"},"thumbnailUrl":"https:\/\/vapingnet.de\/wp-content\/uploads\/2025\/03\/bang50k-watermelon-und-blueberry-cherry.png","datePublished":"2025-03-24T03:07:38+00:00","dateModified":"2026-01-25T09:17:39+00:00","description":"Entdecke Erlebe Bang King 50000 Puffs Watermelon & Blueberry Cherry mit doppeltem bei vapingnet.de, \u25ba Gro\u00dfe Auswahl an Geschmacksrichtungen & super g\u00fcnstig!","breadcrumb":{"@id":"https:\/\/vapingnet.de\/vape\/erlebe-bang-king-50000-puffs-watermelon-blueberry-cherry-mit-doppeltem\/#breadcrumb"},"inLanguage":"it-IT","potentialAction":[{"@type":"ReadAction","target":["https:\/\/vapingnet.de\/vape\/erlebe-bang-king-50000-puffs-watermelon-blueberry-cherry-mit-doppeltem\/"]}]},{"@type":"ImageObject","inLanguage":"it-IT","@id":"https:\/\/vapingnet.de\/vape\/erlebe-bang-king-50000-puffs-watermelon-blueberry-cherry-mit-doppeltem\/#primaryimage","url":"https:\/\/vapingnet.de\/wp-content\/uploads\/2025\/03\/bang50k-watermelon-und-blueberry-cherry.png","contentUrl":"https:\/\/vapingnet.de\/wp-content\/uploads\/2025\/03\/bang50k-watermelon-und-blueberry-cherry.png","width":1000,"height":1000,"caption":"bang50k-watermelon und blueberry cherry"},{"@type":"BreadcrumbList","@id":"https:\/\/vapingnet.de\/vape\/erlebe-bang-king-50000-puffs-watermelon-blueberry-cherry-mit-doppeltem\/#breadcrumb","itemListElement":[{"@type":"ListItem","position":1,"name":"Home","item":"https:\/\/vapingnet.de\/"},{"@type":"ListItem","position":2,"name":"Shop","item":"https:\/\/vapingnet.de\/vape\/"},{"@type":"ListItem","position":3,"name":"Erlebe Bang King 50000 Puffs Watermelon &#038; Blueberry Cherry mit doppeltem"}]},{"@type":"WebSite","@id":"https:\/\/vapingnet.de\/#website","url":"https:\/\/vapingnet.de\/","name":"Vapingnet.de","description":"","publisher":{"@id":"https:\/\/vapingnet.de\/#organization"},"potentialAction":[{"@type":"SearchAction","target":{"@type":"EntryPoint","urlTemplate":"https:\/\/vapingnet.de\/?s={search_term_string}"},"query-input":{"@type":"PropertyValueSpecification","valueRequired":true,"valueName":"search_term_string"}}],"inLanguage":"it-IT"},{"@type":"Organization","@id":"https:\/\/vapingnet.de\/#organization","name":"Vapingnet.de","url":"https:\/\/vapingnet.de\/","logo":{"@type":"ImageObject","inLanguage":"it-IT","@id":"https:\/\/vapingnet.de\/#\/schema\/logo\/image\/","url":"https:\/\/vapingnet.de\/wp-content\/uploads\/2025\/03\/cropped-vapingnet.de_.jpg","contentUrl":"https:\/\/vapingnet.de\/wp-content\/uploads\/2025\/03\/cropped-vapingnet.de_.jpg","width":512,"height":512,"caption":"Vapingnet.de"},"image":{"@id":"https:\/\/vapingnet.de\/#\/schema\/logo\/image\/"},"sameAs":["https:\/\/www.facebook.com\/vapingnetde\/"]}]}},"tiered_pricing_type":"fixed","tiered_pricing_fixed_rules":{"10":"12.44","60":"11.96","110":"10.63","200":"9.3"},"tiered_pricing_product_settings":{"layout":"default","base_unit_name":{"singular":null,"plural":null},"default_variation":null},"tiered_pricing_minimum_quantity":null,"tiered_pricing_roles_data":[],"tiered_pricing_percentage_rules":[],"_links":{"self":[{"href":"https:\/\/vapingnet.de\/it\/wp-json\/wp\/v2\/product\/5808","targetHints":{"allow":["GET"]}}],"collection":[{"href":"https:\/\/vapingnet.de\/it\/wp-json\/wp\/v2\/product"}],"about":[{"href":"https:\/\/vapingnet.de\/it\/wp-json\/wp\/v2\/types\/product"}],"version-history":[{"count":3,"href":"https:\/\/vapingnet.de\/it\/wp-json\/wp\/v2\/product\/5808\/revisions"}],"predecessor-version":[{"id":7547,"href":"https:\/\/vapingnet.de\/it\/wp-json\/wp\/v2\/product\/5808\/revisions\/7547"}],"wp:featuredmedia":[{"embeddable":true,"href":"https:\/\/vapingnet.de\/it\/wp-json\/wp\/v2\/media\/5809"}],"wp:attachment":[{"href":"https:\/\/vapingnet.de\/it\/wp-json\/wp\/v2\/media?parent=5808"}],"wp:term":[{"taxonomy":"brand","embeddable":true,"href":"https:\/\/vapingnet.de\/it\/wp-json\/wp\/v2\/etheme_brands?post=5808"},{"taxonomy":"product_brand","embeddable":true,"href":"https:\/\/vapingnet.de\/it\/wp-json\/wp\/v2\/product_brand?post=5808"},{"taxonomy":"product_cat","embeddable":true,"href":"https:\/\/vapingnet.de\/it\/wp-json\/wp\/v2\/product_cat?post=5808"},{"taxonomy":"product_tag","embeddable":true,"href":"https:\/\/vapingnet.de\/it\/wp-json\/wp\/v2\/product_tag?post=5808"}],"curies":[{"name":"wp","href":"https:\/\/api.w.org\/{rel}","templated":true}]}}