{"id":5851,"date":"2025-03-25T02:19:19","date_gmt":"2025-03-25T02:19:19","guid":{"rendered":"https:\/\/vapingnet.de\/?post_type=product&#038;p=5851"},"modified":"2025-06-19T03:40:10","modified_gmt":"2025-06-19T03:40:10","slug":"15000-zuege-des-besten-geschmacks-bang-king-digital-triple-berry-ice","status":"publish","type":"product","link":"https:\/\/vapingnet.de\/it\/vape\/15000-zuege-des-besten-geschmacks-bang-king-digital-triple-berry-ice\/","title":{"rendered":"15000 tiri del miglior gusto Bang King Digital Triple Berry Ice"},"content":{"rendered":"<h2 data-start=\"0\" data-end=\"72\" data-immersive-translate-walked=\"be435e60-77a0-46e9-a6da-6d61292a5e22\">Scopri l'esperienza di svapo definitiva: Bang King Digital 15000 Puff<\/h2>\n<p class=\"\" data-start=\"74\" data-end=\"467\" data-immersive-translate-walked=\"be435e60-77a0-46e9-a6da-6d61292a5e22\">Ciao, cari svapatori! Oggi voglio presentarvi un prodotto assolutamente fantastico e innovativo che ho recentemente provato \u2013 il Bang King Digital 15000 Puff. Se sei come me un appassionato di sigarette elettroniche moderne e potenti, allora questo modello non pu\u00f2 mancare! Diamo insieme un'occhiata alle caratteristiche uniche di questa sigaretta elettronica!<\/p>\n<ul>\n<li data-start=\"469\" data-end=\"547\" data-immersive-translate-walked=\"be435e60-77a0-46e9-a6da-6d61292a5e22\">Esperienza di svapo potente, 15000 puff per un piacere senza paragoni<br \/>\nBang King Digital 15000 Puff \u2013 il nome da solo suggerisce una capacit\u00e0 enorme. S\u00ec, hai letto bene \u2013 15000 puff! Che tu svapi regolarmente o voglia usare la sigaretta elettronica per lunghi periodi, questo modello ti offre un'esperienza di svapo incredibile senza interruzioni. Con una sola carica puoi goderti a lungo, senza preoccuparti della batteria \u2013 ideale per chi cerca l'esperienza di svapo definitiva.<\/li>\n<li data-start=\"1028\" data-end=\"1084\" data-immersive-translate-walked=\"be435e60-77a0-46e9-a6da-6d61292a5e22\">Design intelligente di ricarica, dotazione perfetta<br \/>\nLa sigaretta elettronica \u00e8 dotata di una batteria ricaricabile da 650mAh, combinata con una porta Type-C, che permette una ricarica super veloce. Cos\u00ec non dovrai pi\u00f9 preoccuparti di lunghi tempi di ricarica e potrai goderti il tuo svapo in qualsiasi momento \u2013 a casa o in movimento.<\/li>\n<li data-start=\"1376\" data-end=\"1430\" data-immersive-translate-walked=\"be435e60-77a0-46e9-a6da-6d61292a5e22\">Gusto incomparabile: Triple Berry Ice<br \/>\nPer quanto riguarda il gusto, il Bang King Digital 15000 Puff \u00e8 anch'esso un vero vincitore. Il sapore Triple Berry Ice combina le fragranze di tre diversi frutti di bosco e ti regala un'esperienza di svapo dolce, fresca e leggermente refrigerata. Ad ogni tiro ti immergerai in un mondo di aromi fruttati, e la sensazione di ghiaccio offre una rinfrescante variazione \u2013 amerai questa sigaretta elettronica!<\/li>\n<li data-start=\"1856\" data-end=\"1900\" data-immersive-translate-walked=\"be435e60-77a0-46e9-a6da-6d61292a5e22\">Effetti luminosi RGB, elegante e cool<br \/>\nOltre alle eccellenti caratteristiche tecniche, il Bang King Digital 15000 Puff offre anche uno spettacolare show di luci RGB! Che tu lo porti a una festa o lo usi quotidianamente, il gioco di luci attirer\u00e0 sicuramente l'attenzione su di te. Ad ogni tiro, la luce cambia, rendendo lo svapo un'esperienza visiva e gustativa \u2013 cos\u00ec diventerai sicuramente il centro dell'attenzione.<\/li>\n<li data-start=\"2359\" data-end=\"2425\" data-immersive-translate-walked=\"be435e60-77a0-46e9-a6da-6d61292a5e22\">Capacit\u00e0 di liquido perfetta e diverse intensit\u00e0 di nicotina<br \/>\nIl Bang King Digital 15000 Puff contiene 25ml di liquido, offrendo non solo una grande capacit\u00e0, ma anche un vapore denso e piacevole. \u00c8 disponibile nelle concentrazioni di nicotina 0%, 2%, 3% e 5% (0% e 3% sono disponibili solo per ordini pi\u00f9 grandi). Che tu cerchi un'esperienza di svapo pi\u00f9 morbida o preferisca un effetto pi\u00f9 forte, qui troverai la concentrazione di nicotina adatta a te.<\/li>\n<li data-start=\"2842\" data-end=\"2871\" data-immersive-translate-walked=\"be435e60-77a0-46e9-a6da-6d61292a5e22\">Compatto e senza dazi<br \/>\nCon solo 90g di peso, il Bang King Digital 15000 Puff \u00e8 incredibilmente leggero e pratico \u2013 ideale da portare con te. E la cosa migliore \u00e8 che questa sigaretta elettronica \u00e8 senza dazi. Ovunque tu sia in Italia, puoi riceverla comodamente e rapidamente, senza preoccuparti delle tasse doganali.<\/li>\n<li data-start=\"3166\" data-end=\"3215\" data-immersive-translate-walked=\"be435e60-77a0-46e9-a6da-6d61292a5e22\">Design usa e getta, nessuna manutenzione richiesta<br \/>\nIl Bang King Digital 15000 Puff \u00e8 una sigaretta elettronica usa e getta, quindi non devi preoccuparti di pulizia o manutenzione. Basta scartarla e iniziare a svapare \u2013 cos\u00ec puoi goderti lo svapo senza alcun problema.<\/li>\n<\/ul>\n<h3 data-start=\"3447\" data-end=\"3480\" data-immersive-translate-walked=\"be435e60-77a0-46e9-a6da-6d61292a5e22\">Dove puoi acquistarlo?<\/h3>\n<p class=\"\" data-start=\"3481\" data-end=\"3774\" data-immersive-translate-walked=\"be435e60-77a0-46e9-a6da-6d61292a5e22\">Puoi acquistare il Bang King Digital 15000 Puff ora su vapingnet.de. Che sia per uso personale o per ordini pi\u00f9 grandi, abbiamo la soluzione per te. Il processo di ordine \u00e8 molto semplice, cos\u00ec potrai goderti rapidamente la tua esperienza di svapo!<\/p>\n<h4 data-start=\"3776\" data-end=\"3819\" data-immersive-translate-walked=\"be435e60-77a0-46e9-a6da-6d61292a5e22\">\u00a0Potenzia la tua esperienza di svapo<\/h4>\n<p class=\"\" data-start=\"3820\" data-end=\"4206\" data-immersive-translate-walked=\"be435e60-77a0-46e9-a6da-6d61292a5e22\">Se stai cercando una sigaretta elettronica potente, elegante e dal gusto impressionante, il Bang King Digital 15000 Puff \u00e8 esattamente ci\u00f2 di cui hai bisogno. Dall'esperienza di svapo di prima qualit\u00e0 agli effetti luminosi RGB alla moda \u2013 diventer\u00e0 sicuramente il tuo compagno quotidiano. Visita oggi stesso vapingnet.de e assicurati il tuo Bang King!<\/p>\n<p class=\"\" data-start=\"4208\" data-end=\"4259\" data-immersive-translate-walked=\"be435e60-77a0-46e9-a6da-6d61292a5e22\">Viviamo insieme il futuro del vaping!<\/p>","protected":false},"excerpt":{"rendered":"<p>Scopri l'esperienza di svapo definitiva: Bang King Digital 15000 Puff Ciao, cari svapatori! Oggi voglio presentarvi un prodotto assolutamente fantastico e innovativo, che io...<\/p>","protected":false},"featured_media":5869,"template":"","meta":[],"etheme_brands":[],"product_brand":[101],"product_cat":[53,49,61],"product_tag":[],"class_list":{"0":"post-5851","1":"product","2":"type-product","3":"status-publish","4":"has-post-thumbnail","6":"product_brand-bang-king-vape","7":"product_cat-vape-15000-zuege","8":"product_cat-einweg-e-zigarette","9":"product_cat-f","11":"first","12":"instock","13":"shipping-taxable","14":"purchasable","15":"product-type-simple"},"yoast_head":"<!-- This site is optimized with the Yoast SEO plugin v26.5 - https:\/\/yoast.com\/wordpress\/plugins\/seo\/ -->\n<title>15000 Z\u00fcge des besten Geschmacks Bang King Digital Triple Berry Ice | Vapingnet.de<\/title>\n<meta name=\"description\" content=\"Entdecke 15000 Z\u00fcge des besten Geschmacks Bang King Digital Triple Berry Ice bei vapingnet.de, \u25ba Gro\u00dfe Auswahl an Geschmacksrichtungen &amp; super g\u00fcnstig!\" \/>\n<meta name=\"robots\" content=\"index, follow, max-snippet:-1, max-image-preview:large, max-video-preview:-1\" \/>\n<link rel=\"canonical\" href=\"https:\/\/vapingnet.de\/it\/vape\/15000-zuege-des-besten-geschmacks-bang-king-digital-triple-berry-ice\/\" \/>\n<meta property=\"og:locale\" content=\"it_IT\" \/>\n<meta property=\"og:type\" content=\"article\" \/>\n<meta property=\"og:title\" content=\"15000 Z\u00fcge des besten Geschmacks Bang King Digital Triple Berry Ice | Vapingnet.de\" \/>\n<meta property=\"og:description\" content=\"Entdecke 15000 Z\u00fcge des besten Geschmacks Bang King Digital Triple Berry Ice bei vapingnet.de, \u25ba Gro\u00dfe Auswahl an Geschmacksrichtungen &amp; super g\u00fcnstig!\" \/>\n<meta property=\"og:url\" content=\"https:\/\/vapingnet.de\/it\/vape\/15000-zuege-des-besten-geschmacks-bang-king-digital-triple-berry-ice\/\" \/>\n<meta property=\"og:site_name\" content=\"Vapingnet.de\" \/>\n<meta property=\"article:publisher\" content=\"https:\/\/www.facebook.com\/vapingnetde\/\" \/>\n<meta property=\"article:modified_time\" content=\"2025-06-19T03:40:10+00:00\" \/>\n<meta property=\"og:image\" content=\"https:\/\/vapingnet.de\/wp-content\/uploads\/2025\/03\/Triple-BERRY-ICE-1.png\" \/>\n\t<meta property=\"og:image:width\" content=\"900\" \/>\n\t<meta property=\"og:image:height\" content=\"600\" \/>\n\t<meta property=\"og:image:type\" content=\"image\/png\" \/>\n<meta name=\"twitter:card\" content=\"summary_large_image\" \/>\n<meta name=\"twitter:label1\" content=\"Est. reading time\" \/>\n\t<meta name=\"twitter:data1\" content=\"4 minutes\" \/>\n<script type=\"application\/ld+json\" class=\"yoast-schema-graph\">{\"@context\":\"https:\/\/schema.org\",\"@graph\":[{\"@type\":\"WebPage\",\"@id\":\"https:\/\/vapingnet.de\/vape\/15000-zuege-des-besten-geschmacks-bang-king-digital-triple-berry-ice\/\",\"url\":\"https:\/\/vapingnet.de\/vape\/15000-zuege-des-besten-geschmacks-bang-king-digital-triple-berry-ice\/\",\"name\":\"15000 Z\u00fcge des besten Geschmacks Bang King Digital Triple Berry Ice | Vapingnet.de\",\"isPartOf\":{\"@id\":\"https:\/\/vapingnet.de\/#website\"},\"primaryImageOfPage\":{\"@id\":\"https:\/\/vapingnet.de\/vape\/15000-zuege-des-besten-geschmacks-bang-king-digital-triple-berry-ice\/#primaryimage\"},\"image\":{\"@id\":\"https:\/\/vapingnet.de\/vape\/15000-zuege-des-besten-geschmacks-bang-king-digital-triple-berry-ice\/#primaryimage\"},\"thumbnailUrl\":\"https:\/\/vapingnet.de\/wp-content\/uploads\/2025\/03\/Triple-BERRY-ICE-1.png\",\"datePublished\":\"2025-03-25T02:19:19+00:00\",\"dateModified\":\"2025-06-19T03:40:10+00:00\",\"description\":\"Entdecke 15000 Z\u00fcge des besten Geschmacks Bang King Digital Triple Berry Ice bei vapingnet.de, \u25ba Gro\u00dfe Auswahl an Geschmacksrichtungen & super g\u00fcnstig!\",\"breadcrumb\":{\"@id\":\"https:\/\/vapingnet.de\/vape\/15000-zuege-des-besten-geschmacks-bang-king-digital-triple-berry-ice\/#breadcrumb\"},\"inLanguage\":\"it-IT\",\"potentialAction\":[{\"@type\":\"ReadAction\",\"target\":[\"https:\/\/vapingnet.de\/vape\/15000-zuege-des-besten-geschmacks-bang-king-digital-triple-berry-ice\/\"]}]},{\"@type\":\"ImageObject\",\"inLanguage\":\"it-IT\",\"@id\":\"https:\/\/vapingnet.de\/vape\/15000-zuege-des-besten-geschmacks-bang-king-digital-triple-berry-ice\/#primaryimage\",\"url\":\"https:\/\/vapingnet.de\/wp-content\/uploads\/2025\/03\/Triple-BERRY-ICE-1.png\",\"contentUrl\":\"https:\/\/vapingnet.de\/wp-content\/uploads\/2025\/03\/Triple-BERRY-ICE-1.png\",\"width\":900,\"height\":600,\"caption\":\"Triple Berry Ice\"},{\"@type\":\"BreadcrumbList\",\"@id\":\"https:\/\/vapingnet.de\/vape\/15000-zuege-des-besten-geschmacks-bang-king-digital-triple-berry-ice\/#breadcrumb\",\"itemListElement\":[{\"@type\":\"ListItem\",\"position\":1,\"name\":\"Home\",\"item\":\"https:\/\/vapingnet.de\/\"},{\"@type\":\"ListItem\",\"position\":2,\"name\":\"Shop\",\"item\":\"https:\/\/vapingnet.de\/vape\/\"},{\"@type\":\"ListItem\",\"position\":3,\"name\":\"15000 Z\u00fcge des besten Geschmacks Bang King Digital Triple Berry Ice\"}]},{\"@type\":\"WebSite\",\"@id\":\"https:\/\/vapingnet.de\/#website\",\"url\":\"https:\/\/vapingnet.de\/\",\"name\":\"Vapingnet.de\",\"description\":\"\",\"publisher\":{\"@id\":\"https:\/\/vapingnet.de\/#organization\"},\"potentialAction\":[{\"@type\":\"SearchAction\",\"target\":{\"@type\":\"EntryPoint\",\"urlTemplate\":\"https:\/\/vapingnet.de\/?s={search_term_string}\"},\"query-input\":{\"@type\":\"PropertyValueSpecification\",\"valueRequired\":true,\"valueName\":\"search_term_string\"}}],\"inLanguage\":\"it-IT\"},{\"@type\":\"Organization\",\"@id\":\"https:\/\/vapingnet.de\/#organization\",\"name\":\"Vapingnet.de\",\"url\":\"https:\/\/vapingnet.de\/\",\"logo\":{\"@type\":\"ImageObject\",\"inLanguage\":\"it-IT\",\"@id\":\"https:\/\/vapingnet.de\/#\/schema\/logo\/image\/\",\"url\":\"https:\/\/vapingnet.de\/wp-content\/uploads\/2025\/03\/cropped-vapingnet.de_.jpg\",\"contentUrl\":\"https:\/\/vapingnet.de\/wp-content\/uploads\/2025\/03\/cropped-vapingnet.de_.jpg\",\"width\":512,\"height\":512,\"caption\":\"Vapingnet.de\"},\"image\":{\"@id\":\"https:\/\/vapingnet.de\/#\/schema\/logo\/image\/\"},\"sameAs\":[\"https:\/\/www.facebook.com\/vapingnetde\/\"]}]}<\/script>\n<!-- \/ Yoast SEO plugin. -->","yoast_head_json":{"title":"15000 Z\u00fcge des besten Geschmacks Bang King Digital Triple Berry Ice | Vapingnet.de","description":"Entdecke 15000 Z\u00fcge des besten Geschmacks Bang King Digital Triple Berry Ice bei vapingnet.de, \u25ba Gro\u00dfe Auswahl an Geschmacksrichtungen & super g\u00fcnstig!","robots":{"index":"index","follow":"follow","max-snippet":"max-snippet:-1","max-image-preview":"max-image-preview:large","max-video-preview":"max-video-preview:-1"},"canonical":"https:\/\/vapingnet.de\/it\/vape\/15000-zuege-des-besten-geschmacks-bang-king-digital-triple-berry-ice\/","og_locale":"it_IT","og_type":"article","og_title":"15000 Z\u00fcge des besten Geschmacks Bang King Digital Triple Berry Ice | Vapingnet.de","og_description":"Entdecke 15000 Z\u00fcge des besten Geschmacks Bang King Digital Triple Berry Ice bei vapingnet.de, \u25ba Gro\u00dfe Auswahl an Geschmacksrichtungen & super g\u00fcnstig!","og_url":"https:\/\/vapingnet.de\/it\/vape\/15000-zuege-des-besten-geschmacks-bang-king-digital-triple-berry-ice\/","og_site_name":"Vapingnet.de","article_publisher":"https:\/\/www.facebook.com\/vapingnetde\/","article_modified_time":"2025-06-19T03:40:10+00:00","og_image":[{"width":900,"height":600,"url":"https:\/\/vapingnet.de\/wp-content\/uploads\/2025\/03\/Triple-BERRY-ICE-1.png","type":"image\/png"}],"twitter_card":"summary_large_image","twitter_misc":{"Est. reading time":"4 minutes"},"schema":{"@context":"https:\/\/schema.org","@graph":[{"@type":"WebPage","@id":"https:\/\/vapingnet.de\/vape\/15000-zuege-des-besten-geschmacks-bang-king-digital-triple-berry-ice\/","url":"https:\/\/vapingnet.de\/vape\/15000-zuege-des-besten-geschmacks-bang-king-digital-triple-berry-ice\/","name":"15000 Z\u00fcge des besten Geschmacks Bang King Digital Triple Berry Ice | Vapingnet.de","isPartOf":{"@id":"https:\/\/vapingnet.de\/#website"},"primaryImageOfPage":{"@id":"https:\/\/vapingnet.de\/vape\/15000-zuege-des-besten-geschmacks-bang-king-digital-triple-berry-ice\/#primaryimage"},"image":{"@id":"https:\/\/vapingnet.de\/vape\/15000-zuege-des-besten-geschmacks-bang-king-digital-triple-berry-ice\/#primaryimage"},"thumbnailUrl":"https:\/\/vapingnet.de\/wp-content\/uploads\/2025\/03\/Triple-BERRY-ICE-1.png","datePublished":"2025-03-25T02:19:19+00:00","dateModified":"2025-06-19T03:40:10+00:00","description":"Entdecke 15000 Z\u00fcge des besten Geschmacks Bang King Digital Triple Berry Ice bei vapingnet.de, \u25ba Gro\u00dfe Auswahl an Geschmacksrichtungen & super g\u00fcnstig!","breadcrumb":{"@id":"https:\/\/vapingnet.de\/vape\/15000-zuege-des-besten-geschmacks-bang-king-digital-triple-berry-ice\/#breadcrumb"},"inLanguage":"it-IT","potentialAction":[{"@type":"ReadAction","target":["https:\/\/vapingnet.de\/vape\/15000-zuege-des-besten-geschmacks-bang-king-digital-triple-berry-ice\/"]}]},{"@type":"ImageObject","inLanguage":"it-IT","@id":"https:\/\/vapingnet.de\/vape\/15000-zuege-des-besten-geschmacks-bang-king-digital-triple-berry-ice\/#primaryimage","url":"https:\/\/vapingnet.de\/wp-content\/uploads\/2025\/03\/Triple-BERRY-ICE-1.png","contentUrl":"https:\/\/vapingnet.de\/wp-content\/uploads\/2025\/03\/Triple-BERRY-ICE-1.png","width":900,"height":600,"caption":"Triple Berry Ice"},{"@type":"BreadcrumbList","@id":"https:\/\/vapingnet.de\/vape\/15000-zuege-des-besten-geschmacks-bang-king-digital-triple-berry-ice\/#breadcrumb","itemListElement":[{"@type":"ListItem","position":1,"name":"Home","item":"https:\/\/vapingnet.de\/"},{"@type":"ListItem","position":2,"name":"Shop","item":"https:\/\/vapingnet.de\/vape\/"},{"@type":"ListItem","position":3,"name":"15000 Z\u00fcge des besten Geschmacks Bang King Digital Triple Berry Ice"}]},{"@type":"WebSite","@id":"https:\/\/vapingnet.de\/#website","url":"https:\/\/vapingnet.de\/","name":"Vapingnet.de","description":"","publisher":{"@id":"https:\/\/vapingnet.de\/#organization"},"potentialAction":[{"@type":"SearchAction","target":{"@type":"EntryPoint","urlTemplate":"https:\/\/vapingnet.de\/?s={search_term_string}"},"query-input":{"@type":"PropertyValueSpecification","valueRequired":true,"valueName":"search_term_string"}}],"inLanguage":"it-IT"},{"@type":"Organization","@id":"https:\/\/vapingnet.de\/#organization","name":"Vapingnet.de","url":"https:\/\/vapingnet.de\/","logo":{"@type":"ImageObject","inLanguage":"it-IT","@id":"https:\/\/vapingnet.de\/#\/schema\/logo\/image\/","url":"https:\/\/vapingnet.de\/wp-content\/uploads\/2025\/03\/cropped-vapingnet.de_.jpg","contentUrl":"https:\/\/vapingnet.de\/wp-content\/uploads\/2025\/03\/cropped-vapingnet.de_.jpg","width":512,"height":512,"caption":"Vapingnet.de"},"image":{"@id":"https:\/\/vapingnet.de\/#\/schema\/logo\/image\/"},"sameAs":["https:\/\/www.facebook.com\/vapingnetde\/"]}]}},"tiered_pricing_type":"fixed","tiered_pricing_fixed_rules":{"10":"6.83","60":"6.15","110":"5.46","200":"4.78"},"tiered_pricing_product_settings":{"layout":"default","base_unit_name":{"singular":null,"plural":null},"default_variation":null},"tiered_pricing_minimum_quantity":null,"tiered_pricing_roles_data":[],"tiered_pricing_percentage_rules":[],"_links":{"self":[{"href":"https:\/\/vapingnet.de\/it\/wp-json\/wp\/v2\/product\/5851","targetHints":{"allow":["GET"]}}],"collection":[{"href":"https:\/\/vapingnet.de\/it\/wp-json\/wp\/v2\/product"}],"about":[{"href":"https:\/\/vapingnet.de\/it\/wp-json\/wp\/v2\/types\/product"}],"version-history":[{"count":1,"href":"https:\/\/vapingnet.de\/it\/wp-json\/wp\/v2\/product\/5851\/revisions"}],"predecessor-version":[{"id":5870,"href":"https:\/\/vapingnet.de\/it\/wp-json\/wp\/v2\/product\/5851\/revisions\/5870"}],"wp:featuredmedia":[{"embeddable":true,"href":"https:\/\/vapingnet.de\/it\/wp-json\/wp\/v2\/media\/5869"}],"wp:attachment":[{"href":"https:\/\/vapingnet.de\/it\/wp-json\/wp\/v2\/media?parent=5851"}],"wp:term":[{"taxonomy":"brand","embeddable":true,"href":"https:\/\/vapingnet.de\/it\/wp-json\/wp\/v2\/etheme_brands?post=5851"},{"taxonomy":"product_brand","embeddable":true,"href":"https:\/\/vapingnet.de\/it\/wp-json\/wp\/v2\/product_brand?post=5851"},{"taxonomy":"product_cat","embeddable":true,"href":"https:\/\/vapingnet.de\/it\/wp-json\/wp\/v2\/product_cat?post=5851"},{"taxonomy":"product_tag","embeddable":true,"href":"https:\/\/vapingnet.de\/it\/wp-json\/wp\/v2\/product_tag?post=5851"}],"curies":[{"name":"wp","href":"https:\/\/api.w.org\/{rel}","templated":true}]}}