{"id":5874,"date":"2025-03-25T06:36:14","date_gmt":"2025-03-25T06:36:14","guid":{"rendered":"https:\/\/vapingnet.de\/?post_type=product&#038;p=5874"},"modified":"2025-06-19T03:40:09","modified_gmt":"2025-06-19T03:40:09","slug":"15000-zuege-mit-aloe-grape-bang-king-digital-fuer-dich","status":"publish","type":"product","link":"https:\/\/vapingnet.de\/it\/vape\/15000-zuege-mit-aloe-grape-bang-king-digital-fuer-dich\/","title":{"rendered":"15000 tiri con Aloe Grape Bang King Digital per te"},"content":{"rendered":"<h2 data-start=\"0\" data-end=\"93\" data-immersive-translate-walked=\"be435e60-77a0-46e9-a6da-6d61292a5e22\">Bang King Digital 15000 Puffs Sigaretta Elettronica usa e getta \u2013 Gusto fresco, piacere supremo<\/h2>\n<p class=\"\" data-start=\"95\" data-end=\"523\" data-immersive-translate-walked=\"be435e60-77a0-46e9-a6da-6d61292a5e22\">La Bang King Digital 15000 Puffs Sigaretta Elettronica usa e getta si \u00e8 affermata sul mercato come una delle migliori opzioni per tutti coloro che cercano un'esperienza di svapo potente, elegante e duratura. Con un numero impressionante di puff, aromi deliziosi e effetti di luce RGB sorprendenti, questa sigaretta elettronica \u00e8 il compagno perfetto per chi desidera un'esperienza di svapo straordinaria.<\/p>\n<h5 data-start=\"525\" data-end=\"570\" data-immersive-translate-walked=\"be435e60-77a0-46e9-a6da-6d61292a5e22\">Utilizzo estremamente lungo, prestazioni potenti<\/h5>\n<ul data-start=\"572\" data-end=\"1111\" data-immersive-translate-walked=\"be435e60-77a0-46e9-a6da-6d61292a5e22\">\n<li class=\"\" data-start=\"572\" data-end=\"830\" data-immersive-translate-walked=\"be435e60-77a0-46e9-a6da-6d61292a5e22\">\n<p class=\"\" data-start=\"574\" data-end=\"830\" data-immersive-translate-walked=\"be435e60-77a0-46e9-a6da-6d61292a5e22\">15000 puff: ogni Bang King Digital 15000 Puffs offre fino a 15000 puff, il che significa che non dovrai preoccuparti di cambiarla frequentemente. Questa lunga durata garantisce un'esperienza di svapo confortevole per un periodo prolungato.<\/p>\n<\/li>\n<li class=\"\" data-start=\"832\" data-end=\"1111\" data-immersive-translate-walked=\"be435e60-77a0-46e9-a6da-6d61292a5e22\">\n<p class=\"\" data-start=\"834\" data-end=\"1111\" data-immersive-translate-walked=\"be435e60-77a0-46e9-a6da-6d61292a5e22\">Batteria ricaricabile da 650mAh: la batteria da 650mAh si ricarica tramite la porta Type-C per la ricarica rapida. Questo assicura che la batteria si ricarichi rapidamente e offra prestazioni durature, senza preoccuparti di scariche rapide.<\/p>\n<\/li>\n<\/ul>\n<h5 data-start=\"1113\" data-end=\"1155\" data-immersive-translate-walked=\"be435e60-77a0-46e9-a6da-6d61292a5e22\">Gusto fresco, freschezza glaciale<\/h5>\n<ul data-start=\"1157\" data-end=\"1494\" data-immersive-translate-walked=\"be435e60-77a0-46e9-a6da-6d61292a5e22\">\n<li class=\"\" data-start=\"1157\" data-end=\"1494\" data-immersive-translate-walked=\"be435e60-77a0-46e9-a6da-6d61292a5e22\">\n<p class=\"\" data-start=\"1159\" data-end=\"1494\" data-immersive-translate-walked=\"be435e60-77a0-46e9-a6da-6d61292a5e22\">Gusto Aloe Grape: la combinazione di Aloe Grape unisce il sapore fresco e verde dell'aloe vera con l'aroma dolce e fruttato dell'uva. Ogni tiro ti regala un'esperienza rinfrescante e rinfrescante, che stimola i sensi e ti raffredda in ogni situazione \u2013 ideale per giornate calde o momenti di relax.<\/p>\n<\/li>\n<\/ul>\n<h5>Effetti di luce RGB sorprendenti<\/h5>\n<ul data-start=\"1537\" data-end=\"1828\" data-immersive-translate-walked=\"be435e60-77a0-46e9-a6da-6d61292a5e22\">\n<li class=\"\" data-start=\"1537\" data-end=\"1828\" data-immersive-translate-walked=\"be435e60-77a0-46e9-a6da-6d61292a5e22\">\n<p class=\"\" data-start=\"1539\" data-end=\"1828\" data-immersive-translate-walked=\"be435e60-77a0-46e9-a6da-6d61292a5e22\">Indicatore luminoso RGB: con l'illuminazione RGB, ogni svapo diventa un'esperienza visiva. La luce cambia in base al tiro, creando una rappresentazione vivida e affascinante dei colori. Non solo funzionalit\u00e0, ma anche stile e personalit\u00e0 nel tuo momento di svapo.<\/p>\n<\/li>\n<\/ul>\n<h5 data-start=\"1830\" data-end=\"1885\" data-immersive-translate-walked=\"be435e60-77a0-46e9-a6da-6d61292a5e22\">Grande capacit\u00e0 di liquido, piacere duraturo<\/h5>\n<ul data-start=\"1887\" data-end=\"2416\" data-immersive-translate-walked=\"be435e60-77a0-46e9-a6da-6d61292a5e22\">\n<li class=\"\" data-start=\"1887\" data-end=\"2128\" data-immersive-translate-walked=\"be435e60-77a0-46e9-a6da-6d61292a5e22\">\n<p class=\"\" data-start=\"1889\" data-end=\"2128\" data-immersive-translate-walked=\"be435e60-77a0-46e9-a6da-6d61292a5e22\">25ml di liquido: con una capacit\u00e0 di 25ml, puoi goderti un'esperienza di svapo prolungata senza dover ricaricare frequentemente. Ogni tiro offre un gusto uniforme e intenso.<\/p>\n<\/li>\n<li class=\"\" data-start=\"2130\" data-end=\"2416\" data-immersive-translate-walked=\"be435e60-77a0-46e9-a6da-6d61292a5e22\">\n<p class=\"\" data-start=\"2132\" data-end=\"2416\" data-immersive-translate-walked=\"be435e60-77a0-46e9-a6da-6d61292a5e22\">Leggera e portatile: con soli 90g, la sigaretta elettronica \u00e8 incredibilmente leggera e facile da trasportare. Si adatta facilmente alla tua tasca e ti permette di goderti un'esperienza di svapo confortevole ovunque \u2013 in viaggio o durante incontri con amici.<\/p>\n<\/li>\n<\/ul>\n<h5 data-start=\"2418\" data-end=\"2470\" data-immersive-translate-walked=\"be435e60-77a0-46e9-a6da-6d61292a5e22\">Diversi livelli di nicotina per ogni esigenza<\/h5>\n<ul data-start=\"2472\" data-end=\"2799\" data-immersive-translate-walked=\"be435e60-77a0-46e9-a6da-6d61292a5e22\">\n<li class=\"\" data-start=\"2472\" data-end=\"2799\" data-immersive-translate-walked=\"be435e60-77a0-46e9-a6da-6d61292a5e22\">\n<p class=\"\" data-start=\"2474\" data-end=\"2799\" data-immersive-translate-walked=\"be435e60-77a0-46e9-a6da-6d61292a5e22\">La Bang King Digital 15000 Puffs Sigaretta Elettronica \u00e8 disponibile in quattro livelli di nicotina: 0%, 2%, 3%, 5%. Questa variet\u00e0 assicura che tu possa trovare esattamente il livello di nicotina che preferisci. Se preferisci 0% o 3%, puoi effettuare un ordine all'ingrosso per soddisfare le tue esigenze.<\/p>\n<\/li>\n<\/ul>\n<h5 data-start=\"2801\" data-end=\"2850\" data-immersive-translate-walked=\"be435e60-77a0-46e9-a6da-6d61292a5e22\">Acquisti senza dazi, esperienza senza preoccupazioni<\/h5>\n<ul data-start=\"2852\" data-end=\"3050\" data-immersive-translate-walked=\"be435e60-77a0-46e9-a6da-6d61292a5e22\">\n<li class=\"\" data-start=\"2852\" data-end=\"3050\" data-immersive-translate-walked=\"be435e60-77a0-46e9-a6da-6d61292a5e22\">\n<p class=\"\" data-start=\"2854\" data-end=\"3050\" data-immersive-translate-walked=\"be435e60-77a0-46e9-a6da-6d61292a5e22\">Acquistando su vapingnet.de non si applicano dazi doganali. Puoi goderti la tua sigaretta elettronica senza costi aggiuntivi e ricevere una consegna senza complicazioni \u2013 anche a livello internazionale.<\/p>\n<\/li>\n<\/ul>\n<h3>Perch\u00e9 scegliere la Bang King Digital 15000 Puffs?<\/h3>\n<ul data-start=\"3121\" data-end=\"3650\" data-immersive-translate-walked=\"be435e60-77a0-46e9-a6da-6d61292a5e22\">\n<li class=\"\" data-start=\"3121\" data-end=\"3297\" data-immersive-translate-walked=\"be435e60-77a0-46e9-a6da-6d61292a5e22\">\n<p class=\"\" data-start=\"3123\" data-end=\"3297\" data-immersive-translate-walked=\"be435e60-77a0-46e9-a6da-6d61292a5e22\">Utilizzo duraturo: con 15000 puff, questa sigaretta elettronica offre una durata eccezionalmente lunga, senza dover continuamente rifornire.<\/p>\n<\/li>\n<li class=\"\" data-start=\"3299\" data-end=\"3483\" data-immersive-translate-walked=\"be435e60-77a0-46e9-a6da-6d61292a5e22\">\n<p class=\"\" data-start=\"3301\" data-end=\"3483\" data-immersive-translate-walked=\"be435e60-77a0-46e9-a6da-6d61292a5e22\">Gusto fresco: il gusto Aloe Grape \u00e8 la combinazione perfetta di dolcezza fruttata e effetto rinfrescante, rendendo ogni svapo un'esperienza piacevole.<\/p>\n<\/li>\n<li class=\"\" data-start=\"3485\" data-end=\"3650\" data-immersive-translate-walked=\"be435e60-77a0-46e9-a6da-6d61292a5e22\">\n<p class=\"\" data-start=\"3487\" data-end=\"3650\" data-immersive-translate-walked=\"be435e60-77a0-46e9-a6da-6d61292a5e22\">Luci RGB sorprendenti: l'illuminazione RGB non solo crea un effetto visivo, ma dona anche un tocco personale alla tua esperienza di svapo.<\/p>\n<\/li>\n<\/ul>\n<h4 data-start=\"3652\" data-end=\"3707\" data-immersive-translate-walked=\"be435e60-77a0-46e9-a6da-6d61292a5e22\">Vivi ora l'esperienza con la Bang King Digital 15000 Puffs!<\/h4>\n<p class=\"\" data-start=\"3709\" data-end=\"3982\" data-immersive-translate-walked=\"be435e60-77a0-46e9-a6da-6d61292a5e22\">Visita vapingnet.de e ordina oggi stesso la tua Bang King Digital 15000 Puffs Sigaretta Elettronica. Goditi un utilizzo prolungato, esperienze di gusto emozionanti e un design unico che rende il tuo svapo un'esperienza davvero speciale!<\/p>","protected":false},"excerpt":{"rendered":"<p>Bang King Digital 15000 Puffs Einweg E-Zigarette \u2013 Frischer Geschmack, ultimativer Genuss Die Bang King Digital 15000 Puffs Einweg E-Zigarette hat sich auf dem Markt&#8230;<\/p>","protected":false},"featured_media":5879,"template":"","meta":[],"etheme_brands":[],"product_brand":[101],"product_cat":[53,49,61],"product_tag":[],"class_list":{"0":"post-5874","1":"product","2":"type-product","3":"status-publish","4":"has-post-thumbnail","6":"product_brand-bang-king-vape","7":"product_cat-vape-15000-zuege","8":"product_cat-einweg-e-zigarette","9":"product_cat-f","11":"first","12":"instock","13":"shipping-taxable","14":"purchasable","15":"product-type-simple"},"yoast_head":"<!-- This site is optimized with the Yoast SEO plugin v26.5 - https:\/\/yoast.com\/wordpress\/plugins\/seo\/ -->\n<title>15000 Z\u00fcge mit Aloe Grape Bang King Digital f\u00fcr Dich | Vapingnet.de<\/title>\n<meta name=\"description\" content=\"Entdecke 15000 Z\u00fcge mit Aloe Grape Bang King Digital f\u00fcr Dich bei vapingnet.de, \u25ba Gro\u00dfe Auswahl an Geschmacksrichtungen &amp; super g\u00fcnstig!\" \/>\n<meta name=\"robots\" content=\"index, follow, max-snippet:-1, max-image-preview:large, max-video-preview:-1\" \/>\n<link rel=\"canonical\" href=\"https:\/\/vapingnet.de\/it\/vape\/15000-zuege-mit-aloe-grape-bang-king-digital-fuer-dich\/\" \/>\n<meta property=\"og:locale\" content=\"it_IT\" \/>\n<meta property=\"og:type\" content=\"article\" \/>\n<meta property=\"og:title\" content=\"15000 Z\u00fcge mit Aloe Grape Bang King Digital f\u00fcr Dich | Vapingnet.de\" \/>\n<meta property=\"og:description\" content=\"Entdecke 15000 Z\u00fcge mit Aloe Grape Bang King Digital f\u00fcr Dich bei vapingnet.de, \u25ba Gro\u00dfe Auswahl an Geschmacksrichtungen &amp; super g\u00fcnstig!\" \/>\n<meta property=\"og:url\" content=\"https:\/\/vapingnet.de\/it\/vape\/15000-zuege-mit-aloe-grape-bang-king-digital-fuer-dich\/\" \/>\n<meta property=\"og:site_name\" content=\"Vapingnet.de\" \/>\n<meta property=\"article:publisher\" content=\"https:\/\/www.facebook.com\/vapingnetde\/\" \/>\n<meta property=\"article:modified_time\" content=\"2025-06-19T03:40:09+00:00\" \/>\n<meta property=\"og:image\" content=\"https:\/\/vapingnet.de\/wp-content\/uploads\/2025\/03\/Aloe-Grape.png\" \/>\n\t<meta property=\"og:image:width\" content=\"900\" \/>\n\t<meta property=\"og:image:height\" content=\"600\" \/>\n\t<meta property=\"og:image:type\" content=\"image\/png\" \/>\n<meta name=\"twitter:card\" content=\"summary_large_image\" \/>\n<meta name=\"twitter:label1\" content=\"Est. reading time\" \/>\n\t<meta name=\"twitter:data1\" content=\"3 minutes\" \/>\n<script type=\"application\/ld+json\" class=\"yoast-schema-graph\">{\"@context\":\"https:\/\/schema.org\",\"@graph\":[{\"@type\":\"WebPage\",\"@id\":\"https:\/\/vapingnet.de\/vape\/15000-zuege-mit-aloe-grape-bang-king-digital-fuer-dich\/\",\"url\":\"https:\/\/vapingnet.de\/vape\/15000-zuege-mit-aloe-grape-bang-king-digital-fuer-dich\/\",\"name\":\"15000 Z\u00fcge mit Aloe Grape Bang King Digital f\u00fcr Dich | Vapingnet.de\",\"isPartOf\":{\"@id\":\"https:\/\/vapingnet.de\/#website\"},\"primaryImageOfPage\":{\"@id\":\"https:\/\/vapingnet.de\/vape\/15000-zuege-mit-aloe-grape-bang-king-digital-fuer-dich\/#primaryimage\"},\"image\":{\"@id\":\"https:\/\/vapingnet.de\/vape\/15000-zuege-mit-aloe-grape-bang-king-digital-fuer-dich\/#primaryimage\"},\"thumbnailUrl\":\"https:\/\/vapingnet.de\/wp-content\/uploads\/2025\/03\/Aloe-Grape.png\",\"datePublished\":\"2025-03-25T06:36:14+00:00\",\"dateModified\":\"2025-06-19T03:40:09+00:00\",\"description\":\"Entdecke 15000 Z\u00fcge mit Aloe Grape Bang King Digital f\u00fcr Dich bei vapingnet.de, \u25ba Gro\u00dfe Auswahl an Geschmacksrichtungen & super g\u00fcnstig!\",\"breadcrumb\":{\"@id\":\"https:\/\/vapingnet.de\/vape\/15000-zuege-mit-aloe-grape-bang-king-digital-fuer-dich\/#breadcrumb\"},\"inLanguage\":\"it-IT\",\"potentialAction\":[{\"@type\":\"ReadAction\",\"target\":[\"https:\/\/vapingnet.de\/vape\/15000-zuege-mit-aloe-grape-bang-king-digital-fuer-dich\/\"]}]},{\"@type\":\"ImageObject\",\"inLanguage\":\"it-IT\",\"@id\":\"https:\/\/vapingnet.de\/vape\/15000-zuege-mit-aloe-grape-bang-king-digital-fuer-dich\/#primaryimage\",\"url\":\"https:\/\/vapingnet.de\/wp-content\/uploads\/2025\/03\/Aloe-Grape.png\",\"contentUrl\":\"https:\/\/vapingnet.de\/wp-content\/uploads\/2025\/03\/Aloe-Grape.png\",\"width\":900,\"height\":600,\"caption\":\"Aloe Grape\"},{\"@type\":\"BreadcrumbList\",\"@id\":\"https:\/\/vapingnet.de\/vape\/15000-zuege-mit-aloe-grape-bang-king-digital-fuer-dich\/#breadcrumb\",\"itemListElement\":[{\"@type\":\"ListItem\",\"position\":1,\"name\":\"Home\",\"item\":\"https:\/\/vapingnet.de\/\"},{\"@type\":\"ListItem\",\"position\":2,\"name\":\"Shop\",\"item\":\"https:\/\/vapingnet.de\/vape\/\"},{\"@type\":\"ListItem\",\"position\":3,\"name\":\"15000 Z\u00fcge mit Aloe Grape Bang King Digital f\u00fcr Dich\"}]},{\"@type\":\"WebSite\",\"@id\":\"https:\/\/vapingnet.de\/#website\",\"url\":\"https:\/\/vapingnet.de\/\",\"name\":\"Vapingnet.de\",\"description\":\"\",\"publisher\":{\"@id\":\"https:\/\/vapingnet.de\/#organization\"},\"potentialAction\":[{\"@type\":\"SearchAction\",\"target\":{\"@type\":\"EntryPoint\",\"urlTemplate\":\"https:\/\/vapingnet.de\/?s={search_term_string}\"},\"query-input\":{\"@type\":\"PropertyValueSpecification\",\"valueRequired\":true,\"valueName\":\"search_term_string\"}}],\"inLanguage\":\"it-IT\"},{\"@type\":\"Organization\",\"@id\":\"https:\/\/vapingnet.de\/#organization\",\"name\":\"Vapingnet.de\",\"url\":\"https:\/\/vapingnet.de\/\",\"logo\":{\"@type\":\"ImageObject\",\"inLanguage\":\"it-IT\",\"@id\":\"https:\/\/vapingnet.de\/#\/schema\/logo\/image\/\",\"url\":\"https:\/\/vapingnet.de\/wp-content\/uploads\/2025\/03\/cropped-vapingnet.de_.jpg\",\"contentUrl\":\"https:\/\/vapingnet.de\/wp-content\/uploads\/2025\/03\/cropped-vapingnet.de_.jpg\",\"width\":512,\"height\":512,\"caption\":\"Vapingnet.de\"},\"image\":{\"@id\":\"https:\/\/vapingnet.de\/#\/schema\/logo\/image\/\"},\"sameAs\":[\"https:\/\/www.facebook.com\/vapingnetde\/\"]}]}<\/script>\n<!-- \/ Yoast SEO plugin. -->","yoast_head_json":{"title":"15000 Z\u00fcge mit Aloe Grape Bang King Digital f\u00fcr Dich | Vapingnet.de","description":"Entdecke 15000 Z\u00fcge mit Aloe Grape Bang King Digital f\u00fcr Dich bei vapingnet.de, \u25ba Gro\u00dfe Auswahl an Geschmacksrichtungen & super g\u00fcnstig!","robots":{"index":"index","follow":"follow","max-snippet":"max-snippet:-1","max-image-preview":"max-image-preview:large","max-video-preview":"max-video-preview:-1"},"canonical":"https:\/\/vapingnet.de\/it\/vape\/15000-zuege-mit-aloe-grape-bang-king-digital-fuer-dich\/","og_locale":"it_IT","og_type":"article","og_title":"15000 Z\u00fcge mit Aloe Grape Bang King Digital f\u00fcr Dich | Vapingnet.de","og_description":"Entdecke 15000 Z\u00fcge mit Aloe Grape Bang King Digital f\u00fcr Dich bei vapingnet.de, \u25ba Gro\u00dfe Auswahl an Geschmacksrichtungen & super g\u00fcnstig!","og_url":"https:\/\/vapingnet.de\/it\/vape\/15000-zuege-mit-aloe-grape-bang-king-digital-fuer-dich\/","og_site_name":"Vapingnet.de","article_publisher":"https:\/\/www.facebook.com\/vapingnetde\/","article_modified_time":"2025-06-19T03:40:09+00:00","og_image":[{"width":900,"height":600,"url":"https:\/\/vapingnet.de\/wp-content\/uploads\/2025\/03\/Aloe-Grape.png","type":"image\/png"}],"twitter_card":"summary_large_image","twitter_misc":{"Est. reading time":"3 minutes"},"schema":{"@context":"https:\/\/schema.org","@graph":[{"@type":"WebPage","@id":"https:\/\/vapingnet.de\/vape\/15000-zuege-mit-aloe-grape-bang-king-digital-fuer-dich\/","url":"https:\/\/vapingnet.de\/vape\/15000-zuege-mit-aloe-grape-bang-king-digital-fuer-dich\/","name":"15000 Z\u00fcge mit Aloe Grape Bang King Digital f\u00fcr Dich | Vapingnet.de","isPartOf":{"@id":"https:\/\/vapingnet.de\/#website"},"primaryImageOfPage":{"@id":"https:\/\/vapingnet.de\/vape\/15000-zuege-mit-aloe-grape-bang-king-digital-fuer-dich\/#primaryimage"},"image":{"@id":"https:\/\/vapingnet.de\/vape\/15000-zuege-mit-aloe-grape-bang-king-digital-fuer-dich\/#primaryimage"},"thumbnailUrl":"https:\/\/vapingnet.de\/wp-content\/uploads\/2025\/03\/Aloe-Grape.png","datePublished":"2025-03-25T06:36:14+00:00","dateModified":"2025-06-19T03:40:09+00:00","description":"Entdecke 15000 Z\u00fcge mit Aloe Grape Bang King Digital f\u00fcr Dich bei vapingnet.de, \u25ba Gro\u00dfe Auswahl an Geschmacksrichtungen & super g\u00fcnstig!","breadcrumb":{"@id":"https:\/\/vapingnet.de\/vape\/15000-zuege-mit-aloe-grape-bang-king-digital-fuer-dich\/#breadcrumb"},"inLanguage":"it-IT","potentialAction":[{"@type":"ReadAction","target":["https:\/\/vapingnet.de\/vape\/15000-zuege-mit-aloe-grape-bang-king-digital-fuer-dich\/"]}]},{"@type":"ImageObject","inLanguage":"it-IT","@id":"https:\/\/vapingnet.de\/vape\/15000-zuege-mit-aloe-grape-bang-king-digital-fuer-dich\/#primaryimage","url":"https:\/\/vapingnet.de\/wp-content\/uploads\/2025\/03\/Aloe-Grape.png","contentUrl":"https:\/\/vapingnet.de\/wp-content\/uploads\/2025\/03\/Aloe-Grape.png","width":900,"height":600,"caption":"Aloe Grape"},{"@type":"BreadcrumbList","@id":"https:\/\/vapingnet.de\/vape\/15000-zuege-mit-aloe-grape-bang-king-digital-fuer-dich\/#breadcrumb","itemListElement":[{"@type":"ListItem","position":1,"name":"Home","item":"https:\/\/vapingnet.de\/"},{"@type":"ListItem","position":2,"name":"Shop","item":"https:\/\/vapingnet.de\/vape\/"},{"@type":"ListItem","position":3,"name":"15000 Z\u00fcge mit Aloe Grape Bang King Digital f\u00fcr Dich"}]},{"@type":"WebSite","@id":"https:\/\/vapingnet.de\/#website","url":"https:\/\/vapingnet.de\/","name":"Vapingnet.de","description":"","publisher":{"@id":"https:\/\/vapingnet.de\/#organization"},"potentialAction":[{"@type":"SearchAction","target":{"@type":"EntryPoint","urlTemplate":"https:\/\/vapingnet.de\/?s={search_term_string}"},"query-input":{"@type":"PropertyValueSpecification","valueRequired":true,"valueName":"search_term_string"}}],"inLanguage":"it-IT"},{"@type":"Organization","@id":"https:\/\/vapingnet.de\/#organization","name":"Vapingnet.de","url":"https:\/\/vapingnet.de\/","logo":{"@type":"ImageObject","inLanguage":"it-IT","@id":"https:\/\/vapingnet.de\/#\/schema\/logo\/image\/","url":"https:\/\/vapingnet.de\/wp-content\/uploads\/2025\/03\/cropped-vapingnet.de_.jpg","contentUrl":"https:\/\/vapingnet.de\/wp-content\/uploads\/2025\/03\/cropped-vapingnet.de_.jpg","width":512,"height":512,"caption":"Vapingnet.de"},"image":{"@id":"https:\/\/vapingnet.de\/#\/schema\/logo\/image\/"},"sameAs":["https:\/\/www.facebook.com\/vapingnetde\/"]}]}},"tiered_pricing_type":"fixed","tiered_pricing_fixed_rules":{"10":"6.83","60":"6.15","110":"5.46","200":"4.78"},"tiered_pricing_product_settings":{"layout":"default","base_unit_name":{"singular":null,"plural":null},"default_variation":null},"tiered_pricing_minimum_quantity":null,"tiered_pricing_roles_data":[],"tiered_pricing_percentage_rules":[],"_links":{"self":[{"href":"https:\/\/vapingnet.de\/it\/wp-json\/wp\/v2\/product\/5874","targetHints":{"allow":["GET"]}}],"collection":[{"href":"https:\/\/vapingnet.de\/it\/wp-json\/wp\/v2\/product"}],"about":[{"href":"https:\/\/vapingnet.de\/it\/wp-json\/wp\/v2\/types\/product"}],"version-history":[{"count":1,"href":"https:\/\/vapingnet.de\/it\/wp-json\/wp\/v2\/product\/5874\/revisions"}],"predecessor-version":[{"id":5886,"href":"https:\/\/vapingnet.de\/it\/wp-json\/wp\/v2\/product\/5874\/revisions\/5886"}],"wp:featuredmedia":[{"embeddable":true,"href":"https:\/\/vapingnet.de\/it\/wp-json\/wp\/v2\/media\/5879"}],"wp:attachment":[{"href":"https:\/\/vapingnet.de\/it\/wp-json\/wp\/v2\/media?parent=5874"}],"wp:term":[{"taxonomy":"brand","embeddable":true,"href":"https:\/\/vapingnet.de\/it\/wp-json\/wp\/v2\/etheme_brands?post=5874"},{"taxonomy":"product_brand","embeddable":true,"href":"https:\/\/vapingnet.de\/it\/wp-json\/wp\/v2\/product_brand?post=5874"},{"taxonomy":"product_cat","embeddable":true,"href":"https:\/\/vapingnet.de\/it\/wp-json\/wp\/v2\/product_cat?post=5874"},{"taxonomy":"product_tag","embeddable":true,"href":"https:\/\/vapingnet.de\/it\/wp-json\/wp\/v2\/product_tag?post=5874"}],"curies":[{"name":"wp","href":"https:\/\/api.w.org\/{rel}","templated":true}]}}