{"id":5875,"date":"2025-03-25T06:36:16","date_gmt":"2025-03-25T06:36:16","guid":{"rendered":"https:\/\/vapingnet.de\/?post_type=product&#038;p=5875"},"modified":"2025-06-19T03:40:08","modified_gmt":"2025-06-19T03:40:08","slug":"15000-zuege-voller-genuss-bang-king-digital-peach-ice-jetzt-entdecken","status":"publish","type":"product","link":"https:\/\/vapingnet.de\/it\/vape\/15000-zuege-voller-genuss-bang-king-digital-peach-ice-jetzt-entdecken\/","title":{"rendered":"15000 tiri di puro piacere Bang King Digital Peach Ice scopri ora"},"content":{"rendered":"<h2 data-start=\"0\" data-end=\"128\" data-immersive-translate-walked=\"be435e60-77a0-46e9-a6da-6d61292a5e22\">Gusto di pesca fresca e rinfrescante, piacere duraturo<\/h2>\n<p class=\"\" data-start=\"130\" data-end=\"466\" data-immersive-translate-walked=\"be435e60-77a0-46e9-a6da-6d61292a5e22\">La sigaretta elettronica usa e getta Bang King Digital 15000 Puffs si \u00e8 affermata sul mercato come la scelta perfetta per tutti coloro che cercano un'esperienza di svapo potente, elegante e duratura. Che tu sia un principiante o un esperto svapatore, questa sigaretta elettronica ti offrir\u00e0 un'esperienza di svapo indimenticabile.<\/p>\n<h5 data-start=\"468\" data-end=\"513\" data-immersive-translate-walked=\"be435e60-77a0-46e9-a6da-6d61292a5e22\">Potenza elevata, utilizzo estremamente lungo<\/h5>\n<ul data-start=\"515\" data-end=\"1025\" data-immersive-translate-walked=\"be435e60-77a0-46e9-a6da-6d61292a5e22\">\n<li class=\"\" data-start=\"515\" data-end=\"775\" data-immersive-translate-walked=\"be435e60-77a0-46e9-a6da-6d61292a5e22\">\n<p class=\"\" data-start=\"517\" data-end=\"775\" data-immersive-translate-walked=\"be435e60-77a0-46e9-a6da-6d61292a5e22\">15000 tiri, lunga durata: ogni Bang King Digital 15000 Puffs offre fino a 15000 tiri, il che significa che puoi goderti a lungo senza doverla sostituire frequentemente. Questa lunga durata garantisce di trarre il massimo piacere da ogni tiro.<\/p>\n<\/li>\n<li class=\"\" data-start=\"777\" data-end=\"1025\" data-immersive-translate-walked=\"be435e60-77a0-46e9-a6da-6d61292a5e22\">\n<p class=\"\" data-start=\"779\" data-end=\"1025\" data-immersive-translate-walked=\"be435e60-77a0-46e9-a6da-6d61292a5e22\">Batteria ricaricabile da 650mAh: la batteria da 650mAh supporta la ricarica rapida Type-C e garantisce una ricarica veloce, cos\u00ec puoi svapare immediatamente ogni volta. Una volta caricata, potrai goderti a lungo la tua sigaretta elettronica.<\/p>\n<\/li>\n<\/ul>\n<h5 data-start=\"1027\" data-end=\"1081\" data-immersive-translate-walked=\"be435e60-77a0-46e9-a6da-6d61292a5e22\">Gusto di pesca fresca, rinfrescante<\/h5>\n<ul data-start=\"1083\" data-end=\"1379\" data-immersive-translate-walked=\"be435e60-77a0-46e9-a6da-6d61292a5e22\">\n<li class=\"\" data-start=\"1083\" data-end=\"1379\" data-immersive-translate-walked=\"be435e60-77a0-46e9-a6da-6d61292a5e22\">\n<p class=\"\" data-start=\"1085\" data-end=\"1379\" data-immersive-translate-walked=\"be435e60-77a0-46e9-a6da-6d61292a5e22\">Gusto Peach Ice: il sapore Peach Ice combina la dolcezza della pesca con una fresca sensazione di raffreddamento, che ti regala una sensazione rinfrescante ad ogni tiro. \u00c8 come gustare una pesca fresca e fredda \u2013 perfetta per le giornate calde o momenti di relax.<\/p>\n<\/li>\n<\/ul>\n<h5 data-start=\"1381\" data-end=\"1439\" data-immersive-translate-walked=\"be435e60-77a0-46e9-a6da-6d61292a5e22\">Effetti luminosi RGB sorprendenti, design elegante<\/h5>\n<ul data-start=\"1441\" data-end=\"1763\" data-immersive-translate-walked=\"be435e60-77a0-46e9-a6da-6d61292a5e22\">\n<li class=\"\" data-start=\"1441\" data-end=\"1763\" data-immersive-translate-walked=\"be435e60-77a0-46e9-a6da-6d61292a5e22\">\n<p class=\"\" data-start=\"1443\" data-end=\"1763\" data-immersive-translate-walked=\"be435e60-77a0-46e9-a6da-6d61292a5e22\">Indicatore luminoso RGB: con l'illuminazione RGB, vivi ogni svapo con giochi di luce affascinanti che cambiano a seconda del tiro. Questi effetti luminosi conferiscono alla tua sigaretta elettronica un tocco personale e la rendono un vero oggetto di stile. Non \u00e8 solo funzionale, ma anche un accessorio alla moda.<\/p>\n<\/li>\n<\/ul>\n<h5 data-start=\"1765\" data-end=\"1821\" data-immersive-translate-walked=\"be435e60-77a0-46e9-a6da-6d61292a5e22\">Grande capacit\u00e0 di liquido elettronico, piacere duraturo<\/h5>\n<ul data-start=\"1823\" data-end=\"2312\" data-immersive-translate-walked=\"be435e60-77a0-46e9-a6da-6d61292a5e22\">\n<li class=\"\" data-start=\"1823\" data-end=\"2076\" data-immersive-translate-walked=\"be435e60-77a0-46e9-a6da-6d61292a5e22\">\n<p class=\"\" data-start=\"1825\" data-end=\"2076\" data-immersive-translate-walked=\"be435e60-77a0-46e9-a6da-6d61292a5e22\">25ml di liquido elettronico: con una capacit\u00e0 di 25ml, non dovrai pi\u00f9 preoccuparti di ricariche frequenti. La grande capacit\u00e0 garantisce un'esperienza di svapo stabile e duratura, che puoi goderti appieno.<\/p>\n<\/li>\n<li class=\"\" data-start=\"2078\" data-end=\"2312\" data-immersive-translate-walked=\"be435e60-77a0-46e9-a6da-6d61292a5e22\">\n<p class=\"\" data-start=\"2080\" data-end=\"2312\" data-immersive-translate-walked=\"be435e60-77a0-46e9-a6da-6d61292a5e22\">Leggera e portatile, solo 90g: con un peso di soli 90g, la sigaretta elettronica \u00e8 leggera e compatta, ideale da portare in viaggio. Puoi facilmente riporla nella borsa o nello zaino e goderti un'esperienza di svapo ovunque.<\/p>\n<\/li>\n<\/ul>\n<h5 data-start=\"2314\" data-end=\"2366\" data-immersive-translate-walked=\"be435e60-77a0-46e9-a6da-6d61292a5e22\">Diversi livelli di nicotina per ogni esigenza<\/h5>\n<ul data-start=\"2368\" data-end=\"2643\" data-immersive-translate-walked=\"be435e60-77a0-46e9-a6da-6d61292a5e22\">\n<li class=\"\" data-start=\"2368\" data-end=\"2643\" data-immersive-translate-walked=\"be435e60-77a0-46e9-a6da-6d61292a5e22\">\n<p class=\"\" data-start=\"2370\" data-end=\"2643\" data-immersive-translate-walked=\"be435e60-77a0-46e9-a6da-6d61292a5e22\">La sigaretta elettronica Bang King Digital 15000 Puffs \u00e8 disponibile in 0%, 2%, 3%, 5% di concentrazione di nicotina, per soddisfare diverse preferenze. Se preferisci nicotina 0% o 3%, puoi effettuare un ordine all'ingrosso per soddisfare le tue esigenze.<\/p>\n<\/li>\n<\/ul>\n<h5 data-start=\"2645\" data-end=\"2694\" data-immersive-translate-walked=\"be435e60-77a0-46e9-a6da-6d61292a5e22\">Acquisti senza dazi, esperienza senza stress<\/h5>\n<ul data-start=\"2696\" data-end=\"2922\" data-immersive-translate-walked=\"be435e60-77a0-46e9-a6da-6d61292a5e22\">\n<li class=\"\" data-start=\"2696\" data-end=\"2922\" data-immersive-translate-walked=\"be435e60-77a0-46e9-a6da-6d61292a5e22\">\n<p class=\"\" data-start=\"2698\" data-end=\"2922\" data-immersive-translate-walked=\"be435e60-77a0-46e9-a6da-6d61292a5e22\">Acquistando su vapingnet.de, non ci sono dazi doganali, cos\u00ec puoi goderti la tua sigaretta elettronica senza costi aggiuntivi. La spedizione internazionale garantisce che riceverai il prodotto rapidamente e senza problemi.<\/p>\n<\/li>\n<\/ul>\n<h3>Perch\u00e9 scegliere la Bang King Digital 15000 Puffs?<\/h3>\n<ul data-start=\"2993\" data-end=\"3580\" data-immersive-translate-walked=\"be435e60-77a0-46e9-a6da-6d61292a5e22\">\n<li class=\"\" data-start=\"2993\" data-end=\"3182\" data-immersive-translate-walked=\"be435e60-77a0-46e9-a6da-6d61292a5e22\">\n<p class=\"\" data-start=\"2995\" data-end=\"3182\" data-immersive-translate-walked=\"be435e60-77a0-46e9-a6da-6d61292a5e22\">Lunga durata: con 15000 tiri, questa sigaretta elettronica offre un tempo di utilizzo eccezionalmente lungo, permettendoti di godere appieno senza doverla sostituire frequentemente.<\/p>\n<\/li>\n<li class=\"\" data-start=\"3183\" data-end=\"3318\" data-immersive-translate-walked=\"be435e60-77a0-46e9-a6da-6d61292a5e22\">\n<p class=\"\" data-start=\"3185\" data-end=\"3318\" data-immersive-translate-walked=\"be435e60-77a0-46e9-a6da-6d61292a5e22\">Gusto fresco: il sapore Peach Ice combina frutta dolce e sensazione di raffreddamento rinfrescante per un'esperienza unica.<\/p>\n<\/li>\n<li class=\"\" data-start=\"3319\" data-end=\"3453\" data-immersive-translate-walked=\"be435e60-77a0-46e9-a6da-6d61292a5e22\">\n<p class=\"\" data-start=\"3321\" data-end=\"3453\" data-immersive-translate-walked=\"be435e60-77a0-46e9-a6da-6d61292a5e22\">Effetti luminosi RGB: l'illuminazione RGB crea un effetto visivo e conferisce al tuo svapo un tocco personale.<\/p>\n<\/li>\n<li class=\"\" data-start=\"3454\" data-end=\"3580\" data-immersive-translate-walked=\"be435e60-77a0-46e9-a6da-6d61292a5e22\">\n<p class=\"\" data-start=\"3456\" data-end=\"3580\" data-immersive-translate-walked=\"be435e60-77a0-46e9-a6da-6d61292a5e22\">Grande capacit\u00e0 di liquido elettronico: con 25ml di liquido, puoi goderti a lungo senza dover ricaricare.<\/p>\n<\/li>\n<\/ul>\n<h4 data-start=\"3582\" data-end=\"3669\" data-immersive-translate-walked=\"be435e60-77a0-46e9-a6da-6d61292a5e22\">Ordina ora su vapingnet.de e vivi l\u2019esperienza Bang King Digital 15000 Puffs!<\/h4>\n<p class=\"\" data-start=\"3671\" data-end=\"3967\" data-immersive-translate-walked=\"be435e60-77a0-46e9-a6da-6d61292a5e22\">Cosa aspetti? Visita vapingnet.de e ordina oggi stesso la tua Bang King Digital 15000 Puffs. Goditi il gusto fresco di pesca, le lunghe ore di utilizzo e gli spettacolari effetti luminosi RGB che portano la tua esperienza di svapo a un livello superiore!<\/p>","protected":false},"excerpt":{"rendered":"<p>Gusto di pesca fresca e rinfrescante, piacere duraturo La Bang King Digital 15000 Puff Sigaretta elettronica usa e getta si \u00e8 affermata come la scelta perfetta per...<\/p>","protected":false},"featured_media":5880,"template":"","meta":[],"etheme_brands":[],"product_brand":[101],"product_cat":[53,49,61],"product_tag":[],"class_list":{"0":"post-5875","1":"product","2":"type-product","3":"status-publish","4":"has-post-thumbnail","6":"product_brand-bang-king-vape","7":"product_cat-vape-15000-zuege","8":"product_cat-einweg-e-zigarette","9":"product_cat-f","11":"first","12":"instock","13":"shipping-taxable","14":"purchasable","15":"product-type-simple"},"yoast_head":"<!-- This site is optimized with the Yoast SEO plugin v26.5 - https:\/\/yoast.com\/wordpress\/plugins\/seo\/ -->\n<title>15000 Z\u00fcge voller Genuss Bang King Digital Peach Ice jetzt entdecken | Vapingnet.de<\/title>\n<meta name=\"description\" content=\"Entdecke 15000 Z\u00fcge voller Genuss Bang King Digital Peach Ice jetzt entdecken bei vapingnet.de, \u25ba Gro\u00dfe Auswahl an Geschmacksrichtungen &amp; super g\u00fcnstig!\" \/>\n<meta name=\"robots\" content=\"index, follow, max-snippet:-1, max-image-preview:large, max-video-preview:-1\" \/>\n<link rel=\"canonical\" href=\"https:\/\/vapingnet.de\/it\/vape\/15000-zuege-voller-genuss-bang-king-digital-peach-ice-jetzt-entdecken\/\" \/>\n<meta property=\"og:locale\" content=\"it_IT\" \/>\n<meta property=\"og:type\" content=\"article\" \/>\n<meta property=\"og:title\" content=\"15000 Z\u00fcge voller Genuss Bang King Digital Peach Ice jetzt entdecken | Vapingnet.de\" \/>\n<meta property=\"og:description\" content=\"Entdecke 15000 Z\u00fcge voller Genuss Bang King Digital Peach Ice jetzt entdecken bei vapingnet.de, \u25ba Gro\u00dfe Auswahl an Geschmacksrichtungen &amp; super g\u00fcnstig!\" \/>\n<meta property=\"og:url\" content=\"https:\/\/vapingnet.de\/it\/vape\/15000-zuege-voller-genuss-bang-king-digital-peach-ice-jetzt-entdecken\/\" \/>\n<meta property=\"og:site_name\" content=\"Vapingnet.de\" \/>\n<meta property=\"article:publisher\" content=\"https:\/\/www.facebook.com\/vapingnetde\/\" \/>\n<meta property=\"article:modified_time\" content=\"2025-06-19T03:40:08+00:00\" \/>\n<meta property=\"og:image\" content=\"https:\/\/vapingnet.de\/wp-content\/uploads\/2025\/03\/Peach-Ice-3.png\" \/>\n\t<meta property=\"og:image:width\" content=\"900\" \/>\n\t<meta property=\"og:image:height\" content=\"600\" \/>\n\t<meta property=\"og:image:type\" content=\"image\/png\" \/>\n<meta name=\"twitter:card\" content=\"summary_large_image\" \/>\n<meta name=\"twitter:label1\" content=\"Est. reading time\" \/>\n\t<meta name=\"twitter:data1\" content=\"3 minutes\" \/>\n<script type=\"application\/ld+json\" class=\"yoast-schema-graph\">{\"@context\":\"https:\/\/schema.org\",\"@graph\":[{\"@type\":\"WebPage\",\"@id\":\"https:\/\/vapingnet.de\/vape\/15000-zuege-voller-genuss-bang-king-digital-peach-ice-jetzt-entdecken\/\",\"url\":\"https:\/\/vapingnet.de\/vape\/15000-zuege-voller-genuss-bang-king-digital-peach-ice-jetzt-entdecken\/\",\"name\":\"15000 Z\u00fcge voller Genuss Bang King Digital Peach Ice jetzt entdecken | Vapingnet.de\",\"isPartOf\":{\"@id\":\"https:\/\/vapingnet.de\/#website\"},\"primaryImageOfPage\":{\"@id\":\"https:\/\/vapingnet.de\/vape\/15000-zuege-voller-genuss-bang-king-digital-peach-ice-jetzt-entdecken\/#primaryimage\"},\"image\":{\"@id\":\"https:\/\/vapingnet.de\/vape\/15000-zuege-voller-genuss-bang-king-digital-peach-ice-jetzt-entdecken\/#primaryimage\"},\"thumbnailUrl\":\"https:\/\/vapingnet.de\/wp-content\/uploads\/2025\/03\/Peach-Ice-3.png\",\"datePublished\":\"2025-03-25T06:36:16+00:00\",\"dateModified\":\"2025-06-19T03:40:08+00:00\",\"description\":\"Entdecke 15000 Z\u00fcge voller Genuss Bang King Digital Peach Ice jetzt entdecken bei vapingnet.de, \u25ba Gro\u00dfe Auswahl an Geschmacksrichtungen & super g\u00fcnstig!\",\"breadcrumb\":{\"@id\":\"https:\/\/vapingnet.de\/vape\/15000-zuege-voller-genuss-bang-king-digital-peach-ice-jetzt-entdecken\/#breadcrumb\"},\"inLanguage\":\"it-IT\",\"potentialAction\":[{\"@type\":\"ReadAction\",\"target\":[\"https:\/\/vapingnet.de\/vape\/15000-zuege-voller-genuss-bang-king-digital-peach-ice-jetzt-entdecken\/\"]}]},{\"@type\":\"ImageObject\",\"inLanguage\":\"it-IT\",\"@id\":\"https:\/\/vapingnet.de\/vape\/15000-zuege-voller-genuss-bang-king-digital-peach-ice-jetzt-entdecken\/#primaryimage\",\"url\":\"https:\/\/vapingnet.de\/wp-content\/uploads\/2025\/03\/Peach-Ice-3.png\",\"contentUrl\":\"https:\/\/vapingnet.de\/wp-content\/uploads\/2025\/03\/Peach-Ice-3.png\",\"width\":900,\"height\":600,\"caption\":\"Peach Ice\"},{\"@type\":\"BreadcrumbList\",\"@id\":\"https:\/\/vapingnet.de\/vape\/15000-zuege-voller-genuss-bang-king-digital-peach-ice-jetzt-entdecken\/#breadcrumb\",\"itemListElement\":[{\"@type\":\"ListItem\",\"position\":1,\"name\":\"Home\",\"item\":\"https:\/\/vapingnet.de\/\"},{\"@type\":\"ListItem\",\"position\":2,\"name\":\"Shop\",\"item\":\"https:\/\/vapingnet.de\/vape\/\"},{\"@type\":\"ListItem\",\"position\":3,\"name\":\"15000 Z\u00fcge voller Genuss Bang King Digital Peach Ice jetzt entdecken\"}]},{\"@type\":\"WebSite\",\"@id\":\"https:\/\/vapingnet.de\/#website\",\"url\":\"https:\/\/vapingnet.de\/\",\"name\":\"Vapingnet.de\",\"description\":\"\",\"publisher\":{\"@id\":\"https:\/\/vapingnet.de\/#organization\"},\"potentialAction\":[{\"@type\":\"SearchAction\",\"target\":{\"@type\":\"EntryPoint\",\"urlTemplate\":\"https:\/\/vapingnet.de\/?s={search_term_string}\"},\"query-input\":{\"@type\":\"PropertyValueSpecification\",\"valueRequired\":true,\"valueName\":\"search_term_string\"}}],\"inLanguage\":\"it-IT\"},{\"@type\":\"Organization\",\"@id\":\"https:\/\/vapingnet.de\/#organization\",\"name\":\"Vapingnet.de\",\"url\":\"https:\/\/vapingnet.de\/\",\"logo\":{\"@type\":\"ImageObject\",\"inLanguage\":\"it-IT\",\"@id\":\"https:\/\/vapingnet.de\/#\/schema\/logo\/image\/\",\"url\":\"https:\/\/vapingnet.de\/wp-content\/uploads\/2025\/03\/cropped-vapingnet.de_.jpg\",\"contentUrl\":\"https:\/\/vapingnet.de\/wp-content\/uploads\/2025\/03\/cropped-vapingnet.de_.jpg\",\"width\":512,\"height\":512,\"caption\":\"Vapingnet.de\"},\"image\":{\"@id\":\"https:\/\/vapingnet.de\/#\/schema\/logo\/image\/\"},\"sameAs\":[\"https:\/\/www.facebook.com\/vapingnetde\/\"]}]}<\/script>\n<!-- \/ Yoast SEO plugin. -->","yoast_head_json":{"title":"15000 Z\u00fcge voller Genuss Bang King Digital Peach Ice jetzt entdecken | Vapingnet.de","description":"Entdecke 15000 Z\u00fcge voller Genuss Bang King Digital Peach Ice jetzt entdecken bei vapingnet.de, \u25ba Gro\u00dfe Auswahl an Geschmacksrichtungen & super g\u00fcnstig!","robots":{"index":"index","follow":"follow","max-snippet":"max-snippet:-1","max-image-preview":"max-image-preview:large","max-video-preview":"max-video-preview:-1"},"canonical":"https:\/\/vapingnet.de\/it\/vape\/15000-zuege-voller-genuss-bang-king-digital-peach-ice-jetzt-entdecken\/","og_locale":"it_IT","og_type":"article","og_title":"15000 Z\u00fcge voller Genuss Bang King Digital Peach Ice jetzt entdecken | Vapingnet.de","og_description":"Entdecke 15000 Z\u00fcge voller Genuss Bang King Digital Peach Ice jetzt entdecken bei vapingnet.de, \u25ba Gro\u00dfe Auswahl an Geschmacksrichtungen & super g\u00fcnstig!","og_url":"https:\/\/vapingnet.de\/it\/vape\/15000-zuege-voller-genuss-bang-king-digital-peach-ice-jetzt-entdecken\/","og_site_name":"Vapingnet.de","article_publisher":"https:\/\/www.facebook.com\/vapingnetde\/","article_modified_time":"2025-06-19T03:40:08+00:00","og_image":[{"width":900,"height":600,"url":"https:\/\/vapingnet.de\/wp-content\/uploads\/2025\/03\/Peach-Ice-3.png","type":"image\/png"}],"twitter_card":"summary_large_image","twitter_misc":{"Est. reading time":"3 minutes"},"schema":{"@context":"https:\/\/schema.org","@graph":[{"@type":"WebPage","@id":"https:\/\/vapingnet.de\/vape\/15000-zuege-voller-genuss-bang-king-digital-peach-ice-jetzt-entdecken\/","url":"https:\/\/vapingnet.de\/vape\/15000-zuege-voller-genuss-bang-king-digital-peach-ice-jetzt-entdecken\/","name":"15000 Z\u00fcge voller Genuss Bang King Digital Peach Ice jetzt entdecken | Vapingnet.de","isPartOf":{"@id":"https:\/\/vapingnet.de\/#website"},"primaryImageOfPage":{"@id":"https:\/\/vapingnet.de\/vape\/15000-zuege-voller-genuss-bang-king-digital-peach-ice-jetzt-entdecken\/#primaryimage"},"image":{"@id":"https:\/\/vapingnet.de\/vape\/15000-zuege-voller-genuss-bang-king-digital-peach-ice-jetzt-entdecken\/#primaryimage"},"thumbnailUrl":"https:\/\/vapingnet.de\/wp-content\/uploads\/2025\/03\/Peach-Ice-3.png","datePublished":"2025-03-25T06:36:16+00:00","dateModified":"2025-06-19T03:40:08+00:00","description":"Entdecke 15000 Z\u00fcge voller Genuss Bang King Digital Peach Ice jetzt entdecken bei vapingnet.de, \u25ba Gro\u00dfe Auswahl an Geschmacksrichtungen & super g\u00fcnstig!","breadcrumb":{"@id":"https:\/\/vapingnet.de\/vape\/15000-zuege-voller-genuss-bang-king-digital-peach-ice-jetzt-entdecken\/#breadcrumb"},"inLanguage":"it-IT","potentialAction":[{"@type":"ReadAction","target":["https:\/\/vapingnet.de\/vape\/15000-zuege-voller-genuss-bang-king-digital-peach-ice-jetzt-entdecken\/"]}]},{"@type":"ImageObject","inLanguage":"it-IT","@id":"https:\/\/vapingnet.de\/vape\/15000-zuege-voller-genuss-bang-king-digital-peach-ice-jetzt-entdecken\/#primaryimage","url":"https:\/\/vapingnet.de\/wp-content\/uploads\/2025\/03\/Peach-Ice-3.png","contentUrl":"https:\/\/vapingnet.de\/wp-content\/uploads\/2025\/03\/Peach-Ice-3.png","width":900,"height":600,"caption":"Peach Ice"},{"@type":"BreadcrumbList","@id":"https:\/\/vapingnet.de\/vape\/15000-zuege-voller-genuss-bang-king-digital-peach-ice-jetzt-entdecken\/#breadcrumb","itemListElement":[{"@type":"ListItem","position":1,"name":"Home","item":"https:\/\/vapingnet.de\/"},{"@type":"ListItem","position":2,"name":"Shop","item":"https:\/\/vapingnet.de\/vape\/"},{"@type":"ListItem","position":3,"name":"15000 Z\u00fcge voller Genuss Bang King Digital Peach Ice jetzt entdecken"}]},{"@type":"WebSite","@id":"https:\/\/vapingnet.de\/#website","url":"https:\/\/vapingnet.de\/","name":"Vapingnet.de","description":"","publisher":{"@id":"https:\/\/vapingnet.de\/#organization"},"potentialAction":[{"@type":"SearchAction","target":{"@type":"EntryPoint","urlTemplate":"https:\/\/vapingnet.de\/?s={search_term_string}"},"query-input":{"@type":"PropertyValueSpecification","valueRequired":true,"valueName":"search_term_string"}}],"inLanguage":"it-IT"},{"@type":"Organization","@id":"https:\/\/vapingnet.de\/#organization","name":"Vapingnet.de","url":"https:\/\/vapingnet.de\/","logo":{"@type":"ImageObject","inLanguage":"it-IT","@id":"https:\/\/vapingnet.de\/#\/schema\/logo\/image\/","url":"https:\/\/vapingnet.de\/wp-content\/uploads\/2025\/03\/cropped-vapingnet.de_.jpg","contentUrl":"https:\/\/vapingnet.de\/wp-content\/uploads\/2025\/03\/cropped-vapingnet.de_.jpg","width":512,"height":512,"caption":"Vapingnet.de"},"image":{"@id":"https:\/\/vapingnet.de\/#\/schema\/logo\/image\/"},"sameAs":["https:\/\/www.facebook.com\/vapingnetde\/"]}]}},"tiered_pricing_type":"fixed","tiered_pricing_fixed_rules":{"10":"6.83","60":"6.15","110":"5.46","200":"4.78"},"tiered_pricing_product_settings":{"layout":"default","base_unit_name":{"singular":null,"plural":null},"default_variation":null},"tiered_pricing_minimum_quantity":null,"tiered_pricing_roles_data":[],"tiered_pricing_percentage_rules":[],"_links":{"self":[{"href":"https:\/\/vapingnet.de\/it\/wp-json\/wp\/v2\/product\/5875","targetHints":{"allow":["GET"]}}],"collection":[{"href":"https:\/\/vapingnet.de\/it\/wp-json\/wp\/v2\/product"}],"about":[{"href":"https:\/\/vapingnet.de\/it\/wp-json\/wp\/v2\/types\/product"}],"version-history":[{"count":1,"href":"https:\/\/vapingnet.de\/it\/wp-json\/wp\/v2\/product\/5875\/revisions"}],"predecessor-version":[{"id":5887,"href":"https:\/\/vapingnet.de\/it\/wp-json\/wp\/v2\/product\/5875\/revisions\/5887"}],"wp:featuredmedia":[{"embeddable":true,"href":"https:\/\/vapingnet.de\/it\/wp-json\/wp\/v2\/media\/5880"}],"wp:attachment":[{"href":"https:\/\/vapingnet.de\/it\/wp-json\/wp\/v2\/media?parent=5875"}],"wp:term":[{"taxonomy":"brand","embeddable":true,"href":"https:\/\/vapingnet.de\/it\/wp-json\/wp\/v2\/etheme_brands?post=5875"},{"taxonomy":"product_brand","embeddable":true,"href":"https:\/\/vapingnet.de\/it\/wp-json\/wp\/v2\/product_brand?post=5875"},{"taxonomy":"product_cat","embeddable":true,"href":"https:\/\/vapingnet.de\/it\/wp-json\/wp\/v2\/product_cat?post=5875"},{"taxonomy":"product_tag","embeddable":true,"href":"https:\/\/vapingnet.de\/it\/wp-json\/wp\/v2\/product_tag?post=5875"}],"curies":[{"name":"wp","href":"https:\/\/api.w.org\/{rel}","templated":true}]}}