{"id":6126,"date":"2025-04-07T02:42:16","date_gmt":"2025-04-07T02:42:16","guid":{"rendered":"https:\/\/vapingnet.de\/?post_type=product&#038;p=6126"},"modified":"2025-06-19T03:40:03","modified_gmt":"2025-06-19T03:40:03","slug":"juicy-peach-ice-jetzt-testen-bang-king-25000-puffs-zum-toppreis","status":"publish","type":"product","link":"https:\/\/vapingnet.de\/it\/vape\/juicy-peach-ice-jetzt-testen-bang-king-25000-puffs-zum-toppreis\/","title":{"rendered":"Juicy Peach Ice Prova Ora Bang King 25000 Puffs al miglior prezzo"},"content":{"rendered":"<h2 data-start=\"56\" data-end=\"166\">Bang King 25000 Puff Disposable E-Cigarette: Durata ultra-lunga e esperienza di gusto straordinaria<\/h2>\n<p class=\"\" data-start=\"168\" data-end=\"497\">Tra le molte sigarette elettroniche usa e getta sul mercato, la Bang King 25000 Puff si distingue come un prodotto potente. Offre non solo una durata eccezionalmente lunga, ma anche un gusto ricco e un'esperienza di svapo indimenticabile, che soddisfa le diverse esigenze degli utenti.<\/p>\n<h4 data-start=\"499\" data-end=\"526\">Durata ultra-lunga<\/h4>\n<p class=\"\" data-start=\"528\" data-end=\"915\">La Bang King 25000 Puff \u00e8 dotata di un design a doppio pod, con ogni pod da 23 ml di volume. Ogni pod offre circa 12.500 tiri, quindi la durata totale del prodotto \u00e8 di 25.000 tiri. Per gli utenti che utilizzano frequentemente la sigaretta elettronica, questa \u00e8 una scelta estremamente pratica, poich\u00e9 non devono preoccuparsi di ricariche frequenti o sostituzioni.<\/p>\n<h4 data-start=\"917\" data-end=\"960\">Varie intensit\u00e0 di nicotina tra cui scegliere<\/h4>\n<p class=\"\" data-start=\"962\" data-end=\"1357\">Questa sigaretta elettronica usa e getta offre quattro livelli di nicotina: 0%, 2%, 3% e 5%. Questa selezione permette agli utenti di scegliere la loro intensit\u00e0 preferita, a seconda che vogliano fare la transizione dal fumo o cercare un'esperienza di gola pi\u00f9 forte. L'opzione 0% \u00e8 ideale per chi desidera ridurre completamente il consumo di nicotina, mentre l'opzione 5% offre un'esperienza pi\u00f9 intensa.<\/p>\n<h4 data-start=\"1359\" data-end=\"1411\">Tecnologia Mesh-Coil per un gusto migliorato<\/h4>\n<p class=\"\" data-start=\"1413\" data-end=\"1726\">La Bang King 25000 Puff utilizza la tecnologia Mesh-Coil da 1.0\u03a9, che garantisce una produzione di vapore pi\u00f9 uniforme e piena. Rispetto alle tradizionali resistenze in filo, la tecnologia Mesh-Coil permette un gusto pi\u00f9 ricco e un'inalazione pi\u00f9 morbida, portando l'esperienza di svapo a un livello superiore.<\/p>\n<h4 data-start=\"1728\" data-end=\"1761\">Ricarica e utilizzo pratici<\/h4>\n<p class=\"\" data-start=\"1763\" data-end=\"2028\">Il dispositivo \u00e8 dotato di una batteria da 650mAh, e la moderna porta di ricarica Type-C consente una ricarica rapida e semplice. Sia a casa che in movimento, puoi ricaricare rapidamente la sigaretta elettronica e continuare a godere di una lunga durata d'uso.<\/p>\n<h4 data-start=\"2030\" data-end=\"2086\">Gusto fresco \u2013 Un'esperienza fruttata deliziosa<\/h4>\n<p class=\"\" data-start=\"2088\" data-end=\"2430\">Il gusto Juicy Peach Ice offre un intenso sapore di pesca, combinato con una nota rinfrescante e fresca. Ogni tiro sembra gustare una pesca fresca, mentre la nota ghiacciata dona una piacevole sensazione di freschezza. Questa combinazione \u00e8 ideale per le calde giornate estive o i pomeriggi rilassanti.<\/p>\n<h3>Vantaggi della Bang King 25000 Puff<\/h3>\n<ol data-start=\"2472\" data-end=\"2963\">\n<li class=\"\" data-start=\"2472\" data-end=\"2590\">\n<p class=\"\" data-start=\"2475\" data-end=\"2590\">Consegna senza dazi: i clienti in Italia beneficiano di consegne senza dazi, evitando costi aggiuntivi.<\/p>\n<\/li>\n<li class=\"\" data-start=\"2591\" data-end=\"2753\">\n<p class=\"\" data-start=\"2594\" data-end=\"2753\">Consegna rapida: tutti gli ordini vengono spediti direttamente dal nostro magazzino in Deutschland, con un tempo di consegna medio di 7-15 giorni lavorativi.<\/p>\n<\/li>\n<li class=\"\" data-start=\"2754\" data-end=\"2963\">\n<p class=\"\" data-start=\"2757\" data-end=\"2963\">Rapporto qualit\u00e0-prezzo eccellente: la Bang King 25000 Puff combina una durata estremamente lunga con un'alta qualit\u00e0 del gusto, rendendola una scelta eccellente per gli svapatori.<\/p>\n<\/li>\n<\/ol>\n<h4>Acquista ora<\/h4>\n<p class=\"\" data-start=\"2983\" data-end=\"3325\">Vuoi provare di persona la potente Bang King 25000 Puff? Visita il nostro sito web vapingnet.de per effettuare il tuo ordine e godere dei vantaggi di una consegna rapida e senza dazi. Sia per uso quotidiano che per condividere con gli amici \u2013 questa sigaretta elettronica \u00e8 la scelta perfetta.<\/p>","protected":false},"excerpt":{"rendered":"<p>Bang King 25000 Puffs Einweg E-Zigarette: Ultra-lange Lebensdauer und au\u00dfergew\u00f6hnliches Geschmackserlebnis Unter den vielen Einweg E-Zigaretten auf dem Markt sticht die Bang King 25000 Puffs&#8230;<\/p>","protected":false},"featured_media":6133,"template":"","meta":[],"etheme_brands":[],"product_brand":[101],"product_cat":[55,49,61],"product_tag":[],"class_list":{"0":"post-6126","1":"product","2":"type-product","3":"status-publish","4":"has-post-thumbnail","6":"product_brand-bang-king-vape","7":"product_cat-vape-25000-zuege","8":"product_cat-einweg-e-zigarette","9":"product_cat-f","11":"first","12":"instock","13":"shipping-taxable","14":"purchasable","15":"product-type-simple"},"yoast_head":"<!-- This site is optimized with the Yoast SEO plugin v26.5 - https:\/\/yoast.com\/wordpress\/plugins\/seo\/ -->\n<title>Juicy Peach Ice Jetzt Testen Bang King 25000 Puffs Zum Toppreis | Vapingnet.de<\/title>\n<meta name=\"description\" content=\"Entdecke Juicy Peach Ice Jetzt Testen Bang King 25000 Puffs Zum Toppreis bei vapingnet.de, \u25ba Gro\u00dfe Auswahl an Geschmacksrichtungen &amp; super g\u00fcnstig!\" \/>\n<meta name=\"robots\" content=\"index, follow, max-snippet:-1, max-image-preview:large, max-video-preview:-1\" \/>\n<link rel=\"canonical\" href=\"https:\/\/vapingnet.de\/it\/vape\/juicy-peach-ice-jetzt-testen-bang-king-25000-puffs-zum-toppreis\/\" \/>\n<meta property=\"og:locale\" content=\"it_IT\" \/>\n<meta property=\"og:type\" content=\"article\" \/>\n<meta property=\"og:title\" content=\"Juicy Peach Ice Jetzt Testen Bang King 25000 Puffs Zum Toppreis | Vapingnet.de\" \/>\n<meta property=\"og:description\" content=\"Entdecke Juicy Peach Ice Jetzt Testen Bang King 25000 Puffs Zum Toppreis bei vapingnet.de, \u25ba Gro\u00dfe Auswahl an Geschmacksrichtungen &amp; super g\u00fcnstig!\" \/>\n<meta property=\"og:url\" content=\"https:\/\/vapingnet.de\/it\/vape\/juicy-peach-ice-jetzt-testen-bang-king-25000-puffs-zum-toppreis\/\" \/>\n<meta property=\"og:site_name\" content=\"Vapingnet.de\" \/>\n<meta property=\"article:publisher\" content=\"https:\/\/www.facebook.com\/vapingnetde\/\" \/>\n<meta property=\"article:modified_time\" content=\"2025-06-19T03:40:03+00:00\" \/>\n<meta property=\"og:image\" content=\"https:\/\/vapingnet.de\/wp-content\/uploads\/2025\/04\/bang-25k-vape-Juicy-Peach-Ice.png\" \/>\n\t<meta property=\"og:image:width\" content=\"1000\" \/>\n\t<meta property=\"og:image:height\" content=\"1000\" \/>\n\t<meta property=\"og:image:type\" content=\"image\/png\" \/>\n<meta name=\"twitter:card\" content=\"summary_large_image\" \/>\n<meta name=\"twitter:label1\" content=\"Est. reading time\" \/>\n\t<meta name=\"twitter:data1\" content=\"3 minutes\" \/>\n<script type=\"application\/ld+json\" class=\"yoast-schema-graph\">{\"@context\":\"https:\/\/schema.org\",\"@graph\":[{\"@type\":\"WebPage\",\"@id\":\"https:\/\/vapingnet.de\/vape\/juicy-peach-ice-jetzt-testen-bang-king-25000-puffs-zum-toppreis\/\",\"url\":\"https:\/\/vapingnet.de\/vape\/juicy-peach-ice-jetzt-testen-bang-king-25000-puffs-zum-toppreis\/\",\"name\":\"Juicy Peach Ice Jetzt Testen Bang King 25000 Puffs Zum Toppreis | Vapingnet.de\",\"isPartOf\":{\"@id\":\"https:\/\/vapingnet.de\/#website\"},\"primaryImageOfPage\":{\"@id\":\"https:\/\/vapingnet.de\/vape\/juicy-peach-ice-jetzt-testen-bang-king-25000-puffs-zum-toppreis\/#primaryimage\"},\"image\":{\"@id\":\"https:\/\/vapingnet.de\/vape\/juicy-peach-ice-jetzt-testen-bang-king-25000-puffs-zum-toppreis\/#primaryimage\"},\"thumbnailUrl\":\"https:\/\/vapingnet.de\/wp-content\/uploads\/2025\/04\/bang-25k-vape-Juicy-Peach-Ice.png\",\"datePublished\":\"2025-04-07T02:42:16+00:00\",\"dateModified\":\"2025-06-19T03:40:03+00:00\",\"description\":\"Entdecke Juicy Peach Ice Jetzt Testen Bang King 25000 Puffs Zum Toppreis bei vapingnet.de, \u25ba Gro\u00dfe Auswahl an Geschmacksrichtungen & super g\u00fcnstig!\",\"breadcrumb\":{\"@id\":\"https:\/\/vapingnet.de\/vape\/juicy-peach-ice-jetzt-testen-bang-king-25000-puffs-zum-toppreis\/#breadcrumb\"},\"inLanguage\":\"it-IT\",\"potentialAction\":[{\"@type\":\"ReadAction\",\"target\":[\"https:\/\/vapingnet.de\/vape\/juicy-peach-ice-jetzt-testen-bang-king-25000-puffs-zum-toppreis\/\"]}]},{\"@type\":\"ImageObject\",\"inLanguage\":\"it-IT\",\"@id\":\"https:\/\/vapingnet.de\/vape\/juicy-peach-ice-jetzt-testen-bang-king-25000-puffs-zum-toppreis\/#primaryimage\",\"url\":\"https:\/\/vapingnet.de\/wp-content\/uploads\/2025\/04\/bang-25k-vape-Juicy-Peach-Ice.png\",\"contentUrl\":\"https:\/\/vapingnet.de\/wp-content\/uploads\/2025\/04\/bang-25k-vape-Juicy-Peach-Ice.png\",\"width\":1000,\"height\":1000},{\"@type\":\"BreadcrumbList\",\"@id\":\"https:\/\/vapingnet.de\/vape\/juicy-peach-ice-jetzt-testen-bang-king-25000-puffs-zum-toppreis\/#breadcrumb\",\"itemListElement\":[{\"@type\":\"ListItem\",\"position\":1,\"name\":\"Home\",\"item\":\"https:\/\/vapingnet.de\/\"},{\"@type\":\"ListItem\",\"position\":2,\"name\":\"Shop\",\"item\":\"https:\/\/vapingnet.de\/vape\/\"},{\"@type\":\"ListItem\",\"position\":3,\"name\":\"Juicy Peach Ice Jetzt Testen Bang King 25000 Puffs Zum Toppreis\"}]},{\"@type\":\"WebSite\",\"@id\":\"https:\/\/vapingnet.de\/#website\",\"url\":\"https:\/\/vapingnet.de\/\",\"name\":\"Vapingnet.de\",\"description\":\"\",\"publisher\":{\"@id\":\"https:\/\/vapingnet.de\/#organization\"},\"potentialAction\":[{\"@type\":\"SearchAction\",\"target\":{\"@type\":\"EntryPoint\",\"urlTemplate\":\"https:\/\/vapingnet.de\/?s={search_term_string}\"},\"query-input\":{\"@type\":\"PropertyValueSpecification\",\"valueRequired\":true,\"valueName\":\"search_term_string\"}}],\"inLanguage\":\"it-IT\"},{\"@type\":\"Organization\",\"@id\":\"https:\/\/vapingnet.de\/#organization\",\"name\":\"Vapingnet.de\",\"url\":\"https:\/\/vapingnet.de\/\",\"logo\":{\"@type\":\"ImageObject\",\"inLanguage\":\"it-IT\",\"@id\":\"https:\/\/vapingnet.de\/#\/schema\/logo\/image\/\",\"url\":\"https:\/\/vapingnet.de\/wp-content\/uploads\/2025\/03\/cropped-vapingnet.de_.jpg\",\"contentUrl\":\"https:\/\/vapingnet.de\/wp-content\/uploads\/2025\/03\/cropped-vapingnet.de_.jpg\",\"width\":512,\"height\":512,\"caption\":\"Vapingnet.de\"},\"image\":{\"@id\":\"https:\/\/vapingnet.de\/#\/schema\/logo\/image\/\"},\"sameAs\":[\"https:\/\/www.facebook.com\/vapingnetde\/\"]}]}<\/script>\n<!-- \/ Yoast SEO plugin. -->","yoast_head_json":{"title":"Juicy Peach Ice Jetzt Testen Bang King 25000 Puffs Zum Toppreis | Vapingnet.de","description":"Entdecke Juicy Peach Ice Jetzt Testen Bang King 25000 Puffs Zum Toppreis bei vapingnet.de, \u25ba Gro\u00dfe Auswahl an Geschmacksrichtungen & super g\u00fcnstig!","robots":{"index":"index","follow":"follow","max-snippet":"max-snippet:-1","max-image-preview":"max-image-preview:large","max-video-preview":"max-video-preview:-1"},"canonical":"https:\/\/vapingnet.de\/it\/vape\/juicy-peach-ice-jetzt-testen-bang-king-25000-puffs-zum-toppreis\/","og_locale":"it_IT","og_type":"article","og_title":"Juicy Peach Ice Jetzt Testen Bang King 25000 Puffs Zum Toppreis | Vapingnet.de","og_description":"Entdecke Juicy Peach Ice Jetzt Testen Bang King 25000 Puffs Zum Toppreis bei vapingnet.de, \u25ba Gro\u00dfe Auswahl an Geschmacksrichtungen & super g\u00fcnstig!","og_url":"https:\/\/vapingnet.de\/it\/vape\/juicy-peach-ice-jetzt-testen-bang-king-25000-puffs-zum-toppreis\/","og_site_name":"Vapingnet.de","article_publisher":"https:\/\/www.facebook.com\/vapingnetde\/","article_modified_time":"2025-06-19T03:40:03+00:00","og_image":[{"width":1000,"height":1000,"url":"https:\/\/vapingnet.de\/wp-content\/uploads\/2025\/04\/bang-25k-vape-Juicy-Peach-Ice.png","type":"image\/png"}],"twitter_card":"summary_large_image","twitter_misc":{"Est. reading time":"3 minutes"},"schema":{"@context":"https:\/\/schema.org","@graph":[{"@type":"WebPage","@id":"https:\/\/vapingnet.de\/vape\/juicy-peach-ice-jetzt-testen-bang-king-25000-puffs-zum-toppreis\/","url":"https:\/\/vapingnet.de\/vape\/juicy-peach-ice-jetzt-testen-bang-king-25000-puffs-zum-toppreis\/","name":"Juicy Peach Ice Jetzt Testen Bang King 25000 Puffs Zum Toppreis | Vapingnet.de","isPartOf":{"@id":"https:\/\/vapingnet.de\/#website"},"primaryImageOfPage":{"@id":"https:\/\/vapingnet.de\/vape\/juicy-peach-ice-jetzt-testen-bang-king-25000-puffs-zum-toppreis\/#primaryimage"},"image":{"@id":"https:\/\/vapingnet.de\/vape\/juicy-peach-ice-jetzt-testen-bang-king-25000-puffs-zum-toppreis\/#primaryimage"},"thumbnailUrl":"https:\/\/vapingnet.de\/wp-content\/uploads\/2025\/04\/bang-25k-vape-Juicy-Peach-Ice.png","datePublished":"2025-04-07T02:42:16+00:00","dateModified":"2025-06-19T03:40:03+00:00","description":"Entdecke Juicy Peach Ice Jetzt Testen Bang King 25000 Puffs Zum Toppreis bei vapingnet.de, \u25ba Gro\u00dfe Auswahl an Geschmacksrichtungen & super g\u00fcnstig!","breadcrumb":{"@id":"https:\/\/vapingnet.de\/vape\/juicy-peach-ice-jetzt-testen-bang-king-25000-puffs-zum-toppreis\/#breadcrumb"},"inLanguage":"it-IT","potentialAction":[{"@type":"ReadAction","target":["https:\/\/vapingnet.de\/vape\/juicy-peach-ice-jetzt-testen-bang-king-25000-puffs-zum-toppreis\/"]}]},{"@type":"ImageObject","inLanguage":"it-IT","@id":"https:\/\/vapingnet.de\/vape\/juicy-peach-ice-jetzt-testen-bang-king-25000-puffs-zum-toppreis\/#primaryimage","url":"https:\/\/vapingnet.de\/wp-content\/uploads\/2025\/04\/bang-25k-vape-Juicy-Peach-Ice.png","contentUrl":"https:\/\/vapingnet.de\/wp-content\/uploads\/2025\/04\/bang-25k-vape-Juicy-Peach-Ice.png","width":1000,"height":1000},{"@type":"BreadcrumbList","@id":"https:\/\/vapingnet.de\/vape\/juicy-peach-ice-jetzt-testen-bang-king-25000-puffs-zum-toppreis\/#breadcrumb","itemListElement":[{"@type":"ListItem","position":1,"name":"Home","item":"https:\/\/vapingnet.de\/"},{"@type":"ListItem","position":2,"name":"Shop","item":"https:\/\/vapingnet.de\/vape\/"},{"@type":"ListItem","position":3,"name":"Juicy Peach Ice Jetzt Testen Bang King 25000 Puffs Zum Toppreis"}]},{"@type":"WebSite","@id":"https:\/\/vapingnet.de\/#website","url":"https:\/\/vapingnet.de\/","name":"Vapingnet.de","description":"","publisher":{"@id":"https:\/\/vapingnet.de\/#organization"},"potentialAction":[{"@type":"SearchAction","target":{"@type":"EntryPoint","urlTemplate":"https:\/\/vapingnet.de\/?s={search_term_string}"},"query-input":{"@type":"PropertyValueSpecification","valueRequired":true,"valueName":"search_term_string"}}],"inLanguage":"it-IT"},{"@type":"Organization","@id":"https:\/\/vapingnet.de\/#organization","name":"Vapingnet.de","url":"https:\/\/vapingnet.de\/","logo":{"@type":"ImageObject","inLanguage":"it-IT","@id":"https:\/\/vapingnet.de\/#\/schema\/logo\/image\/","url":"https:\/\/vapingnet.de\/wp-content\/uploads\/2025\/03\/cropped-vapingnet.de_.jpg","contentUrl":"https:\/\/vapingnet.de\/wp-content\/uploads\/2025\/03\/cropped-vapingnet.de_.jpg","width":512,"height":512,"caption":"Vapingnet.de"},"image":{"@id":"https:\/\/vapingnet.de\/#\/schema\/logo\/image\/"},"sameAs":["https:\/\/www.facebook.com\/vapingnetde\/"]}]}},"tiered_pricing_type":"fixed","tiered_pricing_fixed_rules":{"10":"8.07","60":"7.26","110":"6.46","200":"5.65"},"tiered_pricing_product_settings":{"layout":"default","base_unit_name":{"singular":null,"plural":null},"default_variation":null},"tiered_pricing_minimum_quantity":null,"tiered_pricing_roles_data":[],"tiered_pricing_percentage_rules":[],"_links":{"self":[{"href":"https:\/\/vapingnet.de\/it\/wp-json\/wp\/v2\/product\/6126","targetHints":{"allow":["GET"]}}],"collection":[{"href":"https:\/\/vapingnet.de\/it\/wp-json\/wp\/v2\/product"}],"about":[{"href":"https:\/\/vapingnet.de\/it\/wp-json\/wp\/v2\/types\/product"}],"version-history":[{"count":1,"href":"https:\/\/vapingnet.de\/it\/wp-json\/wp\/v2\/product\/6126\/revisions"}],"predecessor-version":[{"id":6142,"href":"https:\/\/vapingnet.de\/it\/wp-json\/wp\/v2\/product\/6126\/revisions\/6142"}],"wp:featuredmedia":[{"embeddable":true,"href":"https:\/\/vapingnet.de\/it\/wp-json\/wp\/v2\/media\/6133"}],"wp:attachment":[{"href":"https:\/\/vapingnet.de\/it\/wp-json\/wp\/v2\/media?parent=6126"}],"wp:term":[{"taxonomy":"brand","embeddable":true,"href":"https:\/\/vapingnet.de\/it\/wp-json\/wp\/v2\/etheme_brands?post=6126"},{"taxonomy":"product_brand","embeddable":true,"href":"https:\/\/vapingnet.de\/it\/wp-json\/wp\/v2\/product_brand?post=6126"},{"taxonomy":"product_cat","embeddable":true,"href":"https:\/\/vapingnet.de\/it\/wp-json\/wp\/v2\/product_cat?post=6126"},{"taxonomy":"product_tag","embeddable":true,"href":"https:\/\/vapingnet.de\/it\/wp-json\/wp\/v2\/product_tag?post=6126"}],"curies":[{"name":"wp","href":"https:\/\/api.w.org\/{rel}","templated":true}]}}