{"id":6127,"date":"2025-04-07T02:42:17","date_gmt":"2025-04-07T02:42:17","guid":{"rendered":"https:\/\/vapingnet.de\/?post_type=product&#038;p=6127"},"modified":"2025-06-19T03:40:03","modified_gmt":"2025-06-19T03:40:03","slug":"tropical-fruit-der-hit-bei-bang-king-25000-puffs-weltweit","status":"publish","type":"product","link":"https:\/\/vapingnet.de\/it\/vape\/tropical-fruit-der-hit-bei-bang-king-25000-puffs-weltweit\/","title":{"rendered":"Tropical Fruit Il Successo di Bang King 25000 Puffs in tutto il mondo"},"content":{"rendered":"<h2 class=\"\" data-start=\"36\" data-end=\"119\">Bang King 25000 Puff Disposable E-Cigarette \u2013 L'esperienza definitiva di 25K Puff!<\/h2>\n<p class=\"\" data-start=\"121\" data-end=\"580\">La Bang King 25000 Puff \u00e8 una delle sigarette elettroniche usa e getta pi\u00f9 innovative e potenti sul mercato. Offre non solo incredibili 25.000 tiri, ma anche un gusto eccellente e un'esperienza di utilizzo duratura. Questa sigaretta elettronica \u00e8 stata progettata appositamente per chi d\u00e0 valore alla qualit\u00e0 e alla facilit\u00e0 d'uso \u2013 sia che tu sia un principiante o un fumatore esperto. Goditi l'esperienza di svapo definitiva ad ogni inalazione!<\/p>\n<h3 class=\"\" data-start=\"582\" data-end=\"618\">Caratteristiche del prodotto in breve<\/h3>\n<ol data-start=\"620\" data-end=\"2210\">\n<li class=\"\" data-start=\"620\" data-end=\"923\">\n<p class=\"\" data-start=\"623\" data-end=\"923\">Lunga durata d'uso:<br data-start=\"647\" data-end=\"650\" \/>La Bang King 25000 Puff \u00e8 dotata di un sistema a doppio pod, con ogni pod che contiene 23ml. Nel complesso, il dispositivo offre una capacit\u00e0 di 46ml, consentendo 25.000 tiri. Questo garantisce un utilizzo molto pi\u00f9 duraturo rispetto alle sigarette elettroniche usa e getta tradizionali.<\/p>\n<\/li>\n<li class=\"\" data-start=\"925\" data-end=\"1168\">\n<p class=\"\" data-start=\"928\" data-end=\"1168\">Variazioni di nicotina:<br data-start=\"959\" data-end=\"962\" \/>Scegli il livello di nicotina pi\u00f9 adatto a te: 0%, 2%, 3%, 5%. Che tu stia cercando un'opzione senza nicotina o un'esperienza di nicotina pi\u00f9 intensa, qui troverai la scelta giusta.<\/p>\n<\/li>\n<li class=\"\" data-start=\"1170\" data-end=\"1445\">\n<p class=\"\" data-start=\"1173\" data-end=\"1445\">Mesh-Coil per un gusto ottimale:<br data-start=\"1211\" data-end=\"1214\" \/>La Mesh-Coil da 1.0\u03a9 garantisce una vaporizzazione uniforme e un sapore pi\u00f9 raffinato, rendendo l'esperienza di svapo piacevole e completa. Il vapore viene prodotto in modo uniforme e il sapore rimane sempre fresco.<\/p>\n<\/li>\n<li class=\"\" data-start=\"1447\" data-end=\"1713\">\n<p class=\"\" data-start=\"1450\" data-end=\"1713\">Batteria potente &amp; Ricarica rapida:<br data-start=\"1492\" data-end=\"1495\" \/>Dotata di una batteria da 650mAh, questa sigaretta elettronica offre un utilizzo duraturo. Con la porta di ricarica Type-C, la ricarica \u00e8 rapida e semplice, cos\u00ec non rimarrai mai senza vapore.<\/p>\n<\/li>\n<li class=\"\" data-start=\"1715\" data-end=\"2013\">\n<p class=\"\" data-start=\"1718\" data-end=\"2013\">Gusto di frutta tropicale:<br data-start=\"1748\" data-end=\"1751\" \/>Il sapore di Tropical Fruit \u00e8 una deliziosa miscela di diversi frutti tropicali, che offre un'esperienza di gusto rinfrescante ed esotica. Ideale per vaper che amano aromi fruttati, dolci e rinfrescanti.<\/p>\n<\/li>\n<li class=\"\" data-start=\"2015\" data-end=\"2210\">\n<p class=\"\" data-start=\"2018\" data-end=\"2210\">Sigaretta elettronica usa e getta:<br data-start=\"2041\" data-end=\"2044\" \/>La Bang King 25000 \u00e8 una sigaretta elettronica usa e getta che non richiede manutenzione. Non devi riempirla o cambiare la coil. Basta estrarla dalla confezione e godertela!<\/p>\n<\/li>\n<\/ol>\n<h3 class=\"\" data-start=\"2212\" data-end=\"2250\">Informazioni su spedizione e acquisto<\/h3>\n<ul data-start=\"2252\" data-end=\"2694\">\n<li class=\"\" data-start=\"2252\" data-end=\"2389\">\n<p class=\"\" data-start=\"2254\" data-end=\"2389\">Tempi di consegna: La consegna stimata \u00e8 di 7-15 giorni lavorativi, cos\u00ec potrai goderti rapidamente la Bang King 25000.<\/p>\n<\/li>\n<li class=\"\" data-start=\"2390\" data-end=\"2505\">\n<p class=\"\" data-start=\"2392\" data-end=\"2505\">Consegna senza dazi: Nessun costo doganale aggiuntivo, puoi goderti il prodotto senza costi nascosti.<\/p>\n<\/li>\n<li class=\"\" data-start=\"2506\" data-end=\"2694\">\n<p class=\"\" data-start=\"2508\" data-end=\"2694\">Acquisto su: Visita vapingnet.de per un ordine rapido e sicuro. La piattaforma garantisce un'esperienza di acquisto facile e senza problemi.<\/p>\n<\/li>\n<\/ul>\n<h3 class=\"\" data-start=\"2696\" data-end=\"2755\">Perch\u00e9 scegliere la Bang King 25000 Puff?<\/h3>\n<ul data-start=\"2757\" data-end=\"3379\">\n<li class=\"\" data-start=\"2757\" data-end=\"2923\">\n<p class=\"\" data-start=\"2759\" data-end=\"2923\">Lunga durata: Con il sistema a doppio pod, puoi goderti fino a 25.000 tiri \u2013 rendendo questa sigaretta elettronica una delle pi\u00f9 durature sul mercato.<\/p>\n<\/li>\n<li class=\"\" data-start=\"2924\" data-end=\"3056\">\n<p class=\"\" data-start=\"2926\" data-end=\"3056\">Gusto intenso: La Mesh-Coil da 1.0\u03a9 garantisce vapore uniforme e un gusto intenso e raffinato ad ogni utilizzo.<\/p>\n<\/li>\n<li class=\"\" data-start=\"3057\" data-end=\"3230\">\n<p class=\"\" data-start=\"3059\" data-end=\"3230\">Utilizzo semplice: grazie al design usa e getta, non devi preoccuparti di nulla. \u00c8 la scelta perfetta per chi cerca un'esperienza di svapo semplice e comoda.<\/p>\n<\/li>\n<li class=\"\" data-start=\"3231\" data-end=\"3379\">\n<p class=\"\" data-start=\"3233\" data-end=\"3379\">Prestazioni potenti: la batteria da 650mAh e la porta di ricarica Type-C offrono prestazioni durature e ricarica rapida per il massimo comfort.<\/p>\n<\/li>\n<\/ul>\n<h4>Goditi ora \u2013 la tua esperienza di svapo ti aspetta!<\/h4>\n<p class=\"\" data-start=\"3434\" data-end=\"3728\">Sei pronto a gustare aromi tropicali di frutta per 25.000 tiri? Scegli Bang King 25000 Puffs per un'esperienza di svapo indimenticabile! Visita oggi vapingnet.de e procurati il tuo Bang King 25000 \u2013 il compagno perfetto per uno svapo di prima classe!<\/p>","protected":false},"excerpt":{"rendered":"<p>Bang King 25000 Puffs Sigaretta Elettronica usa e getta \u2013 La esperienza definitiva di 25K Puff! La Bang King 25000 Puffs \u00e8 una delle sigarette usa e getta pi\u00f9 innovative e potenti sul mercato...<\/p>","protected":false},"featured_media":6138,"template":"","meta":[],"etheme_brands":[],"product_brand":[101],"product_cat":[55,49,61],"product_tag":[],"class_list":{"0":"post-6127","1":"product","2":"type-product","3":"status-publish","4":"has-post-thumbnail","6":"product_brand-bang-king-vape","7":"product_cat-vape-25000-zuege","8":"product_cat-einweg-e-zigarette","9":"product_cat-f","11":"first","12":"instock","13":"shipping-taxable","14":"purchasable","15":"product-type-simple"},"yoast_head":"<!-- This site is optimized with the Yoast SEO plugin v26.5 - https:\/\/yoast.com\/wordpress\/plugins\/seo\/ -->\n<title>Tropical Fruit Der Hit Bei Bang King 25000 Puffs Weltweit | Vapingnet.de<\/title>\n<meta name=\"description\" content=\"Entdecke Tropical Fruit Der Hit Bei Bang King 25000 Puffs Weltweit bei vapingnet.de, \u25ba Gro\u00dfe Auswahl an Geschmacksrichtungen &amp; super g\u00fcnstig!\" \/>\n<meta name=\"robots\" content=\"index, follow, max-snippet:-1, max-image-preview:large, max-video-preview:-1\" \/>\n<link rel=\"canonical\" href=\"https:\/\/vapingnet.de\/it\/vape\/tropical-fruit-der-hit-bei-bang-king-25000-puffs-weltweit\/\" \/>\n<meta property=\"og:locale\" content=\"it_IT\" \/>\n<meta property=\"og:type\" content=\"article\" \/>\n<meta property=\"og:title\" content=\"Tropical Fruit Der Hit Bei Bang King 25000 Puffs Weltweit | Vapingnet.de\" \/>\n<meta property=\"og:description\" content=\"Entdecke Tropical Fruit Der Hit Bei Bang King 25000 Puffs Weltweit bei vapingnet.de, \u25ba Gro\u00dfe Auswahl an Geschmacksrichtungen &amp; super g\u00fcnstig!\" \/>\n<meta property=\"og:url\" content=\"https:\/\/vapingnet.de\/it\/vape\/tropical-fruit-der-hit-bei-bang-king-25000-puffs-weltweit\/\" \/>\n<meta property=\"og:site_name\" content=\"Vapingnet.de\" \/>\n<meta property=\"article:publisher\" content=\"https:\/\/www.facebook.com\/vapingnetde\/\" \/>\n<meta property=\"article:modified_time\" content=\"2025-06-19T03:40:03+00:00\" \/>\n<meta property=\"og:image\" content=\"https:\/\/vapingnet.de\/wp-content\/uploads\/2025\/04\/bang-25k-vape-Tropical-Fruit.png\" \/>\n\t<meta property=\"og:image:width\" content=\"1000\" \/>\n\t<meta property=\"og:image:height\" content=\"1000\" \/>\n\t<meta property=\"og:image:type\" content=\"image\/png\" \/>\n<meta name=\"twitter:card\" content=\"summary_large_image\" \/>\n<meta name=\"twitter:label1\" content=\"Est. reading time\" \/>\n\t<meta name=\"twitter:data1\" content=\"3 minutes\" \/>\n<script type=\"application\/ld+json\" class=\"yoast-schema-graph\">{\"@context\":\"https:\/\/schema.org\",\"@graph\":[{\"@type\":\"WebPage\",\"@id\":\"https:\/\/vapingnet.de\/vape\/tropical-fruit-der-hit-bei-bang-king-25000-puffs-weltweit\/\",\"url\":\"https:\/\/vapingnet.de\/vape\/tropical-fruit-der-hit-bei-bang-king-25000-puffs-weltweit\/\",\"name\":\"Tropical Fruit Der Hit Bei Bang King 25000 Puffs Weltweit | Vapingnet.de\",\"isPartOf\":{\"@id\":\"https:\/\/vapingnet.de\/#website\"},\"primaryImageOfPage\":{\"@id\":\"https:\/\/vapingnet.de\/vape\/tropical-fruit-der-hit-bei-bang-king-25000-puffs-weltweit\/#primaryimage\"},\"image\":{\"@id\":\"https:\/\/vapingnet.de\/vape\/tropical-fruit-der-hit-bei-bang-king-25000-puffs-weltweit\/#primaryimage\"},\"thumbnailUrl\":\"https:\/\/vapingnet.de\/wp-content\/uploads\/2025\/04\/bang-25k-vape-Tropical-Fruit.png\",\"datePublished\":\"2025-04-07T02:42:17+00:00\",\"dateModified\":\"2025-06-19T03:40:03+00:00\",\"description\":\"Entdecke Tropical Fruit Der Hit Bei Bang King 25000 Puffs Weltweit bei vapingnet.de, \u25ba Gro\u00dfe Auswahl an Geschmacksrichtungen & super g\u00fcnstig!\",\"breadcrumb\":{\"@id\":\"https:\/\/vapingnet.de\/vape\/tropical-fruit-der-hit-bei-bang-king-25000-puffs-weltweit\/#breadcrumb\"},\"inLanguage\":\"it-IT\",\"potentialAction\":[{\"@type\":\"ReadAction\",\"target\":[\"https:\/\/vapingnet.de\/vape\/tropical-fruit-der-hit-bei-bang-king-25000-puffs-weltweit\/\"]}]},{\"@type\":\"ImageObject\",\"inLanguage\":\"it-IT\",\"@id\":\"https:\/\/vapingnet.de\/vape\/tropical-fruit-der-hit-bei-bang-king-25000-puffs-weltweit\/#primaryimage\",\"url\":\"https:\/\/vapingnet.de\/wp-content\/uploads\/2025\/04\/bang-25k-vape-Tropical-Fruit.png\",\"contentUrl\":\"https:\/\/vapingnet.de\/wp-content\/uploads\/2025\/04\/bang-25k-vape-Tropical-Fruit.png\",\"width\":1000,\"height\":1000},{\"@type\":\"BreadcrumbList\",\"@id\":\"https:\/\/vapingnet.de\/vape\/tropical-fruit-der-hit-bei-bang-king-25000-puffs-weltweit\/#breadcrumb\",\"itemListElement\":[{\"@type\":\"ListItem\",\"position\":1,\"name\":\"Home\",\"item\":\"https:\/\/vapingnet.de\/\"},{\"@type\":\"ListItem\",\"position\":2,\"name\":\"Shop\",\"item\":\"https:\/\/vapingnet.de\/vape\/\"},{\"@type\":\"ListItem\",\"position\":3,\"name\":\"Tropical Fruit Der Hit Bei Bang King 25000 Puffs Weltweit\"}]},{\"@type\":\"WebSite\",\"@id\":\"https:\/\/vapingnet.de\/#website\",\"url\":\"https:\/\/vapingnet.de\/\",\"name\":\"Vapingnet.de\",\"description\":\"\",\"publisher\":{\"@id\":\"https:\/\/vapingnet.de\/#organization\"},\"potentialAction\":[{\"@type\":\"SearchAction\",\"target\":{\"@type\":\"EntryPoint\",\"urlTemplate\":\"https:\/\/vapingnet.de\/?s={search_term_string}\"},\"query-input\":{\"@type\":\"PropertyValueSpecification\",\"valueRequired\":true,\"valueName\":\"search_term_string\"}}],\"inLanguage\":\"it-IT\"},{\"@type\":\"Organization\",\"@id\":\"https:\/\/vapingnet.de\/#organization\",\"name\":\"Vapingnet.de\",\"url\":\"https:\/\/vapingnet.de\/\",\"logo\":{\"@type\":\"ImageObject\",\"inLanguage\":\"it-IT\",\"@id\":\"https:\/\/vapingnet.de\/#\/schema\/logo\/image\/\",\"url\":\"https:\/\/vapingnet.de\/wp-content\/uploads\/2025\/03\/cropped-vapingnet.de_.jpg\",\"contentUrl\":\"https:\/\/vapingnet.de\/wp-content\/uploads\/2025\/03\/cropped-vapingnet.de_.jpg\",\"width\":512,\"height\":512,\"caption\":\"Vapingnet.de\"},\"image\":{\"@id\":\"https:\/\/vapingnet.de\/#\/schema\/logo\/image\/\"},\"sameAs\":[\"https:\/\/www.facebook.com\/vapingnetde\/\"]}]}<\/script>\n<!-- \/ Yoast SEO plugin. -->","yoast_head_json":{"title":"Tropical Fruit Der Hit Bei Bang King 25000 Puffs Weltweit | Vapingnet.de","description":"Entdecke Tropical Fruit Der Hit Bei Bang King 25000 Puffs Weltweit bei vapingnet.de, \u25ba Gro\u00dfe Auswahl an Geschmacksrichtungen & super g\u00fcnstig!","robots":{"index":"index","follow":"follow","max-snippet":"max-snippet:-1","max-image-preview":"max-image-preview:large","max-video-preview":"max-video-preview:-1"},"canonical":"https:\/\/vapingnet.de\/it\/vape\/tropical-fruit-der-hit-bei-bang-king-25000-puffs-weltweit\/","og_locale":"it_IT","og_type":"article","og_title":"Tropical Fruit Der Hit Bei Bang King 25000 Puffs Weltweit | Vapingnet.de","og_description":"Entdecke Tropical Fruit Der Hit Bei Bang King 25000 Puffs Weltweit bei vapingnet.de, \u25ba Gro\u00dfe Auswahl an Geschmacksrichtungen & super g\u00fcnstig!","og_url":"https:\/\/vapingnet.de\/it\/vape\/tropical-fruit-der-hit-bei-bang-king-25000-puffs-weltweit\/","og_site_name":"Vapingnet.de","article_publisher":"https:\/\/www.facebook.com\/vapingnetde\/","article_modified_time":"2025-06-19T03:40:03+00:00","og_image":[{"width":1000,"height":1000,"url":"https:\/\/vapingnet.de\/wp-content\/uploads\/2025\/04\/bang-25k-vape-Tropical-Fruit.png","type":"image\/png"}],"twitter_card":"summary_large_image","twitter_misc":{"Est. reading time":"3 minutes"},"schema":{"@context":"https:\/\/schema.org","@graph":[{"@type":"WebPage","@id":"https:\/\/vapingnet.de\/vape\/tropical-fruit-der-hit-bei-bang-king-25000-puffs-weltweit\/","url":"https:\/\/vapingnet.de\/vape\/tropical-fruit-der-hit-bei-bang-king-25000-puffs-weltweit\/","name":"Tropical Fruit Der Hit Bei Bang King 25000 Puffs Weltweit | Vapingnet.de","isPartOf":{"@id":"https:\/\/vapingnet.de\/#website"},"primaryImageOfPage":{"@id":"https:\/\/vapingnet.de\/vape\/tropical-fruit-der-hit-bei-bang-king-25000-puffs-weltweit\/#primaryimage"},"image":{"@id":"https:\/\/vapingnet.de\/vape\/tropical-fruit-der-hit-bei-bang-king-25000-puffs-weltweit\/#primaryimage"},"thumbnailUrl":"https:\/\/vapingnet.de\/wp-content\/uploads\/2025\/04\/bang-25k-vape-Tropical-Fruit.png","datePublished":"2025-04-07T02:42:17+00:00","dateModified":"2025-06-19T03:40:03+00:00","description":"Entdecke Tropical Fruit Der Hit Bei Bang King 25000 Puffs Weltweit bei vapingnet.de, \u25ba Gro\u00dfe Auswahl an Geschmacksrichtungen & super g\u00fcnstig!","breadcrumb":{"@id":"https:\/\/vapingnet.de\/vape\/tropical-fruit-der-hit-bei-bang-king-25000-puffs-weltweit\/#breadcrumb"},"inLanguage":"it-IT","potentialAction":[{"@type":"ReadAction","target":["https:\/\/vapingnet.de\/vape\/tropical-fruit-der-hit-bei-bang-king-25000-puffs-weltweit\/"]}]},{"@type":"ImageObject","inLanguage":"it-IT","@id":"https:\/\/vapingnet.de\/vape\/tropical-fruit-der-hit-bei-bang-king-25000-puffs-weltweit\/#primaryimage","url":"https:\/\/vapingnet.de\/wp-content\/uploads\/2025\/04\/bang-25k-vape-Tropical-Fruit.png","contentUrl":"https:\/\/vapingnet.de\/wp-content\/uploads\/2025\/04\/bang-25k-vape-Tropical-Fruit.png","width":1000,"height":1000},{"@type":"BreadcrumbList","@id":"https:\/\/vapingnet.de\/vape\/tropical-fruit-der-hit-bei-bang-king-25000-puffs-weltweit\/#breadcrumb","itemListElement":[{"@type":"ListItem","position":1,"name":"Home","item":"https:\/\/vapingnet.de\/"},{"@type":"ListItem","position":2,"name":"Shop","item":"https:\/\/vapingnet.de\/vape\/"},{"@type":"ListItem","position":3,"name":"Tropical Fruit Der Hit Bei Bang King 25000 Puffs Weltweit"}]},{"@type":"WebSite","@id":"https:\/\/vapingnet.de\/#website","url":"https:\/\/vapingnet.de\/","name":"Vapingnet.de","description":"","publisher":{"@id":"https:\/\/vapingnet.de\/#organization"},"potentialAction":[{"@type":"SearchAction","target":{"@type":"EntryPoint","urlTemplate":"https:\/\/vapingnet.de\/?s={search_term_string}"},"query-input":{"@type":"PropertyValueSpecification","valueRequired":true,"valueName":"search_term_string"}}],"inLanguage":"it-IT"},{"@type":"Organization","@id":"https:\/\/vapingnet.de\/#organization","name":"Vapingnet.de","url":"https:\/\/vapingnet.de\/","logo":{"@type":"ImageObject","inLanguage":"it-IT","@id":"https:\/\/vapingnet.de\/#\/schema\/logo\/image\/","url":"https:\/\/vapingnet.de\/wp-content\/uploads\/2025\/03\/cropped-vapingnet.de_.jpg","contentUrl":"https:\/\/vapingnet.de\/wp-content\/uploads\/2025\/03\/cropped-vapingnet.de_.jpg","width":512,"height":512,"caption":"Vapingnet.de"},"image":{"@id":"https:\/\/vapingnet.de\/#\/schema\/logo\/image\/"},"sameAs":["https:\/\/www.facebook.com\/vapingnetde\/"]}]}},"tiered_pricing_type":"fixed","tiered_pricing_fixed_rules":{"10":"8.07","60":"7.26","110":"6.46","200":"5.65"},"tiered_pricing_product_settings":{"layout":"default","base_unit_name":{"singular":null,"plural":null},"default_variation":null},"tiered_pricing_minimum_quantity":null,"tiered_pricing_roles_data":[],"tiered_pricing_percentage_rules":[],"_links":{"self":[{"href":"https:\/\/vapingnet.de\/it\/wp-json\/wp\/v2\/product\/6127","targetHints":{"allow":["GET"]}}],"collection":[{"href":"https:\/\/vapingnet.de\/it\/wp-json\/wp\/v2\/product"}],"about":[{"href":"https:\/\/vapingnet.de\/it\/wp-json\/wp\/v2\/types\/product"}],"version-history":[{"count":1,"href":"https:\/\/vapingnet.de\/it\/wp-json\/wp\/v2\/product\/6127\/revisions"}],"predecessor-version":[{"id":6144,"href":"https:\/\/vapingnet.de\/it\/wp-json\/wp\/v2\/product\/6127\/revisions\/6144"}],"wp:featuredmedia":[{"embeddable":true,"href":"https:\/\/vapingnet.de\/it\/wp-json\/wp\/v2\/media\/6138"}],"wp:attachment":[{"href":"https:\/\/vapingnet.de\/it\/wp-json\/wp\/v2\/media?parent=6127"}],"wp:term":[{"taxonomy":"brand","embeddable":true,"href":"https:\/\/vapingnet.de\/it\/wp-json\/wp\/v2\/etheme_brands?post=6127"},{"taxonomy":"product_brand","embeddable":true,"href":"https:\/\/vapingnet.de\/it\/wp-json\/wp\/v2\/product_brand?post=6127"},{"taxonomy":"product_cat","embeddable":true,"href":"https:\/\/vapingnet.de\/it\/wp-json\/wp\/v2\/product_cat?post=6127"},{"taxonomy":"product_tag","embeddable":true,"href":"https:\/\/vapingnet.de\/it\/wp-json\/wp\/v2\/product_tag?post=6127"}],"curies":[{"name":"wp","href":"https:\/\/api.w.org\/{rel}","templated":true}]}}