{"id":6149,"date":"2025-04-07T03:45:04","date_gmt":"2025-04-07T03:45:04","guid":{"rendered":"https:\/\/vapingnet.de\/?post_type=product&#038;p=6149"},"modified":"2025-06-19T03:40:01","modified_gmt":"2025-06-19T03:40:01","slug":"bang-king-25000-puffs-cherry-bomb-beliebter-vape-zum-bestpreis","status":"publish","type":"product","link":"https:\/\/vapingnet.de\/it\/vape\/bang-king-25000-puffs-cherry-bomb-beliebter-vape-zum-bestpreis\/","title":{"rendered":"Bang King 25000 Puffs Cherry Bomb Vaporizzatore Popolare al Miglior Prezzo"},"content":{"rendered":"<h2 data-start=\"0\" data-end=\"96\">Scopri il nuovo gusto: Bang King 25000 Puff Disposable E-Cigarette \u2013 Cherry Bomb in prova<\/h2>\n<p class=\"\" data-start=\"98\" data-end=\"485\">Se stai cercando una e-cigarette usa e getta con una durata particolarmente lunga e un sapore fruttato intenso, allora la Bang King 25000 Puff con il gusto Cherry Bomb \u00e8 esattamente ci\u00f2 che fa per te. Questo modello \u00e8 stato sviluppato per utenti che apprezzano un sapore deciso e un uso semplice \u2013 senza dover cambiare pod e con batteria ricaricabile.<\/p>\n<h3 data-start=\"487\" data-end=\"508\">Dati tecnici:<\/h3>\n<ul data-start=\"510\" data-end=\"953\">\n<li class=\"\" data-start=\"510\" data-end=\"547\">\n<p class=\"\" data-start=\"512\" data-end=\"547\">Modello: Bang King 25000 Puff<\/p>\n<\/li>\n<li class=\"\" data-start=\"548\" data-end=\"578\">\n<p class=\"\" data-start=\"550\" data-end=\"578\">Gusto: Cherry Bomb<\/p>\n<\/li>\n<li class=\"\" data-start=\"579\" data-end=\"635\">\n<p class=\"\" data-start=\"581\" data-end=\"635\">Sale di nicotina: Selezionabile tra 0 %, 2 %, 3 %, 5 %<\/p>\n<\/li>\n<li class=\"\" data-start=\"636\" data-end=\"673\">\n<p class=\"\" data-start=\"638\" data-end=\"673\">Atomizzatore: Mesh Coil da 1,0 Ohm<\/p>\n<\/li>\n<li class=\"\" data-start=\"674\" data-end=\"750\">\n<p class=\"\" data-start=\"676\" data-end=\"750\">Volume di liquido: Sistema Dual Pod, ciascuno da 23 ml (circa 25.000 tiri in totale)<\/p>\n<\/li>\n<li class=\"\" data-start=\"751\" data-end=\"789\">\n<p class=\"\" data-start=\"753\" data-end=\"789\">Batteria: 650 mAh, ricaricabile<\/p>\n<\/li>\n<li class=\"\" data-start=\"790\" data-end=\"818\">\n<p class=\"\" data-start=\"792\" data-end=\"818\">Connessione di ricarica: Tipo-C<\/p>\n<\/li>\n<li class=\"\" data-start=\"819\" data-end=\"857\">\n<p class=\"\" data-start=\"821\" data-end=\"857\">Tipo di prodotto: E-cigarette usa e getta<\/p>\n<\/li>\n<li class=\"\" data-start=\"858\" data-end=\"891\">\n<p class=\"\" data-start=\"860\" data-end=\"891\">Tempi di consegna: 7\u201315 giorni lavorativi<\/p>\n<\/li>\n<li class=\"\" data-start=\"892\" data-end=\"928\">\n<p class=\"\" data-start=\"894\" data-end=\"928\">Vantaggio: Consegna senza dazi<\/p>\n<\/li>\n<li class=\"\" data-start=\"929\" data-end=\"953\">\n<p class=\"\" data-start=\"931\" data-end=\"953\">Negozio: vapingnet.de<\/p>\n<\/li>\n<\/ul>\n<h3 data-start=\"955\" data-end=\"978\">Punti salienti del prodotto:<\/h3>\n<p class=\"\" data-start=\"980\" data-end=\"1307\">Gusto fruttato intenso con effetto esplosivo<br data-start=\"1026\" data-end=\"1029\" \/>Il gusto <em data-start=\"1043\" data-end=\"1056\">Cherry Bomb<\/em> si distingue per aromi di ciliegia intensi con una nota dolce. Ogni tiro \u00e8 intenso e ricorda un'esplosione fruttata in bocca \u2013 ideale per chi ama sapori marcati. Perfetto per una pausa rilassante nel pomeriggio o in serata.<\/p>\n<p class=\"\" data-start=\"1309\" data-end=\"1581\">Due grandi pod per un uso prolungato<br data-start=\"1351\" data-end=\"1354\" \/>A differenza dei tradizionali dispositivi usa e getta, Bang King offre un sistema Dual-Pod con 23 ml di liquido ciascuno. Nel complesso, il dispositivo consente fino a 25.000 tiri \u2013 abbastanza per diverse settimane, senza dover ricaricare o sostituire.<\/p>\n<p class=\"\" data-start=\"1583\" data-end=\"1809\">Tecnologia Mesh Coil per vapore morbido<br data-start=\"1626\" data-end=\"1629\" \/>Grazie alle Mesh Coil da 1,0 Ohm, il liquido viene vaporizzato in modo uniforme. Ci\u00f2 garantisce un vapore morbido e aromatico ad ogni utilizzo, portando l'esperienza di gusto a un livello superiore.<\/p>\n<p class=\"\" data-start=\"1811\" data-end=\"2033\">Ricarica rapida per vaping senza interruzioni<br data-start=\"1866\" data-end=\"1869\" \/>Con la batteria integrata da 650 mAh e la moderna porta Type-C, puoi ricaricare rapidamente il Bang King e continuare a vapare senza interruzioni \u2013 semplice ed efficiente.<\/p>\n<p class=\"\" data-start=\"2035\" data-end=\"2246\">Senza dazi e consegna rapida<br data-start=\"2069\" data-end=\"2072\" \/>Tutti gli ordini vengono spediti direttamente dal nostro magazzino in Italia \u2013 senza tasse doganali o costi nascosti. Il tempo di consegna \u00e8 generalmente di 7-15 giorni lavorativi.<\/p>\n<p class=\"\" data-start=\"2035\" data-end=\"2246\">Il Bang King 25000 Tiri Cherry Bomb combina alta capacit\u00e0, gusto intenso e scelta di nicotina flessibile in un dispositivo usa e getta potente. Che tu sia un vapatore esperto o un principiante curioso, questo modello offre un'esperienza di vaping di prima classe.<\/p>\n<p class=\"\" data-start=\"2522\" data-end=\"2611\">Ora disponibile su vapingnet.de \u2013 assicurati il gusto esplosivo di Cherry Bomb.<\/p>","protected":false},"excerpt":{"rendered":"<p>Scopri il nuovo gusto: Bang King 25000 Puff Sigaretta elettronica usa e getta \u2013 Cherry Bomb in prova Se cerchi una sigaretta elettronica usa e getta con...<\/p>","protected":false},"featured_media":6131,"template":"","meta":[],"etheme_brands":[],"product_brand":[101],"product_cat":[55,49,61],"product_tag":[],"class_list":{"0":"post-6149","1":"product","2":"type-product","3":"status-publish","4":"has-post-thumbnail","6":"product_brand-bang-king-vape","7":"product_cat-vape-25000-zuege","8":"product_cat-einweg-e-zigarette","9":"product_cat-f","11":"first","12":"instock","13":"shipping-taxable","14":"purchasable","15":"product-type-simple"},"yoast_head":"<!-- This site is optimized with the Yoast SEO plugin v26.5 - https:\/\/yoast.com\/wordpress\/plugins\/seo\/ -->\n<title>Bang King 25000 Puffs Cherry Bomb Beliebter Vape Zum Bestpreis | Vapingnet.de<\/title>\n<meta name=\"description\" content=\"Entdecke Bang King 25000 Puffs Cherry Bomb Beliebter Vape Zum Bestpreis bei vapingnet.de, \u25ba Gro\u00dfe Auswahl an Geschmacksrichtungen &amp; super g\u00fcnstig!\" \/>\n<meta name=\"robots\" content=\"index, follow, max-snippet:-1, max-image-preview:large, max-video-preview:-1\" \/>\n<link rel=\"canonical\" href=\"https:\/\/vapingnet.de\/it\/vape\/bang-king-25000-puffs-cherry-bomb-beliebter-vape-zum-bestpreis\/\" \/>\n<meta property=\"og:locale\" content=\"it_IT\" \/>\n<meta property=\"og:type\" content=\"article\" \/>\n<meta property=\"og:title\" content=\"Bang King 25000 Puffs Cherry Bomb Beliebter Vape Zum Bestpreis | Vapingnet.de\" \/>\n<meta property=\"og:description\" content=\"Entdecke Bang King 25000 Puffs Cherry Bomb Beliebter Vape Zum Bestpreis bei vapingnet.de, \u25ba Gro\u00dfe Auswahl an Geschmacksrichtungen &amp; super g\u00fcnstig!\" \/>\n<meta property=\"og:url\" content=\"https:\/\/vapingnet.de\/it\/vape\/bang-king-25000-puffs-cherry-bomb-beliebter-vape-zum-bestpreis\/\" \/>\n<meta property=\"og:site_name\" content=\"Vapingnet.de\" \/>\n<meta property=\"article:publisher\" content=\"https:\/\/www.facebook.com\/vapingnetde\/\" \/>\n<meta property=\"article:modified_time\" content=\"2025-06-19T03:40:01+00:00\" \/>\n<meta property=\"og:image\" content=\"https:\/\/vapingnet.de\/wp-content\/uploads\/2025\/04\/bang-25k-vape-Cherry-Bomb.png\" \/>\n\t<meta property=\"og:image:width\" content=\"1000\" \/>\n\t<meta property=\"og:image:height\" content=\"1000\" \/>\n\t<meta property=\"og:image:type\" content=\"image\/png\" \/>\n<meta name=\"twitter:card\" content=\"summary_large_image\" \/>\n<meta name=\"twitter:label1\" content=\"Est. reading time\" \/>\n\t<meta name=\"twitter:data1\" content=\"3 minutes\" \/>\n<script type=\"application\/ld+json\" class=\"yoast-schema-graph\">{\"@context\":\"https:\/\/schema.org\",\"@graph\":[{\"@type\":\"WebPage\",\"@id\":\"https:\/\/vapingnet.de\/vape\/bang-king-25000-puffs-cherry-bomb-beliebter-vape-zum-bestpreis\/\",\"url\":\"https:\/\/vapingnet.de\/vape\/bang-king-25000-puffs-cherry-bomb-beliebter-vape-zum-bestpreis\/\",\"name\":\"Bang King 25000 Puffs Cherry Bomb Beliebter Vape Zum Bestpreis | Vapingnet.de\",\"isPartOf\":{\"@id\":\"https:\/\/vapingnet.de\/#website\"},\"primaryImageOfPage\":{\"@id\":\"https:\/\/vapingnet.de\/vape\/bang-king-25000-puffs-cherry-bomb-beliebter-vape-zum-bestpreis\/#primaryimage\"},\"image\":{\"@id\":\"https:\/\/vapingnet.de\/vape\/bang-king-25000-puffs-cherry-bomb-beliebter-vape-zum-bestpreis\/#primaryimage\"},\"thumbnailUrl\":\"https:\/\/vapingnet.de\/wp-content\/uploads\/2025\/04\/bang-25k-vape-Cherry-Bomb.png\",\"datePublished\":\"2025-04-07T03:45:04+00:00\",\"dateModified\":\"2025-06-19T03:40:01+00:00\",\"description\":\"Entdecke Bang King 25000 Puffs Cherry Bomb Beliebter Vape Zum Bestpreis bei vapingnet.de, \u25ba Gro\u00dfe Auswahl an Geschmacksrichtungen & super g\u00fcnstig!\",\"breadcrumb\":{\"@id\":\"https:\/\/vapingnet.de\/vape\/bang-king-25000-puffs-cherry-bomb-beliebter-vape-zum-bestpreis\/#breadcrumb\"},\"inLanguage\":\"it-IT\",\"potentialAction\":[{\"@type\":\"ReadAction\",\"target\":[\"https:\/\/vapingnet.de\/vape\/bang-king-25000-puffs-cherry-bomb-beliebter-vape-zum-bestpreis\/\"]}]},{\"@type\":\"ImageObject\",\"inLanguage\":\"it-IT\",\"@id\":\"https:\/\/vapingnet.de\/vape\/bang-king-25000-puffs-cherry-bomb-beliebter-vape-zum-bestpreis\/#primaryimage\",\"url\":\"https:\/\/vapingnet.de\/wp-content\/uploads\/2025\/04\/bang-25k-vape-Cherry-Bomb.png\",\"contentUrl\":\"https:\/\/vapingnet.de\/wp-content\/uploads\/2025\/04\/bang-25k-vape-Cherry-Bomb.png\",\"width\":1000,\"height\":1000},{\"@type\":\"BreadcrumbList\",\"@id\":\"https:\/\/vapingnet.de\/vape\/bang-king-25000-puffs-cherry-bomb-beliebter-vape-zum-bestpreis\/#breadcrumb\",\"itemListElement\":[{\"@type\":\"ListItem\",\"position\":1,\"name\":\"Home\",\"item\":\"https:\/\/vapingnet.de\/\"},{\"@type\":\"ListItem\",\"position\":2,\"name\":\"Shop\",\"item\":\"https:\/\/vapingnet.de\/vape\/\"},{\"@type\":\"ListItem\",\"position\":3,\"name\":\"Bang King 25000 Puffs Cherry Bomb Beliebter Vape Zum Bestpreis\"}]},{\"@type\":\"WebSite\",\"@id\":\"https:\/\/vapingnet.de\/#website\",\"url\":\"https:\/\/vapingnet.de\/\",\"name\":\"Vapingnet.de\",\"description\":\"\",\"publisher\":{\"@id\":\"https:\/\/vapingnet.de\/#organization\"},\"potentialAction\":[{\"@type\":\"SearchAction\",\"target\":{\"@type\":\"EntryPoint\",\"urlTemplate\":\"https:\/\/vapingnet.de\/?s={search_term_string}\"},\"query-input\":{\"@type\":\"PropertyValueSpecification\",\"valueRequired\":true,\"valueName\":\"search_term_string\"}}],\"inLanguage\":\"it-IT\"},{\"@type\":\"Organization\",\"@id\":\"https:\/\/vapingnet.de\/#organization\",\"name\":\"Vapingnet.de\",\"url\":\"https:\/\/vapingnet.de\/\",\"logo\":{\"@type\":\"ImageObject\",\"inLanguage\":\"it-IT\",\"@id\":\"https:\/\/vapingnet.de\/#\/schema\/logo\/image\/\",\"url\":\"https:\/\/vapingnet.de\/wp-content\/uploads\/2025\/03\/cropped-vapingnet.de_.jpg\",\"contentUrl\":\"https:\/\/vapingnet.de\/wp-content\/uploads\/2025\/03\/cropped-vapingnet.de_.jpg\",\"width\":512,\"height\":512,\"caption\":\"Vapingnet.de\"},\"image\":{\"@id\":\"https:\/\/vapingnet.de\/#\/schema\/logo\/image\/\"},\"sameAs\":[\"https:\/\/www.facebook.com\/vapingnetde\/\"]}]}<\/script>\n<!-- \/ Yoast SEO plugin. -->","yoast_head_json":{"title":"Bang King 25000 Puffs Cherry Bomb Beliebter Vape Zum Bestpreis | Vapingnet.de","description":"Entdecke Bang King 25000 Puffs Cherry Bomb Beliebter Vape Zum Bestpreis bei vapingnet.de, \u25ba Gro\u00dfe Auswahl an Geschmacksrichtungen & super g\u00fcnstig!","robots":{"index":"index","follow":"follow","max-snippet":"max-snippet:-1","max-image-preview":"max-image-preview:large","max-video-preview":"max-video-preview:-1"},"canonical":"https:\/\/vapingnet.de\/it\/vape\/bang-king-25000-puffs-cherry-bomb-beliebter-vape-zum-bestpreis\/","og_locale":"it_IT","og_type":"article","og_title":"Bang King 25000 Puffs Cherry Bomb Beliebter Vape Zum Bestpreis | Vapingnet.de","og_description":"Entdecke Bang King 25000 Puffs Cherry Bomb Beliebter Vape Zum Bestpreis bei vapingnet.de, \u25ba Gro\u00dfe Auswahl an Geschmacksrichtungen & super g\u00fcnstig!","og_url":"https:\/\/vapingnet.de\/it\/vape\/bang-king-25000-puffs-cherry-bomb-beliebter-vape-zum-bestpreis\/","og_site_name":"Vapingnet.de","article_publisher":"https:\/\/www.facebook.com\/vapingnetde\/","article_modified_time":"2025-06-19T03:40:01+00:00","og_image":[{"width":1000,"height":1000,"url":"https:\/\/vapingnet.de\/wp-content\/uploads\/2025\/04\/bang-25k-vape-Cherry-Bomb.png","type":"image\/png"}],"twitter_card":"summary_large_image","twitter_misc":{"Est. reading time":"3 minutes"},"schema":{"@context":"https:\/\/schema.org","@graph":[{"@type":"WebPage","@id":"https:\/\/vapingnet.de\/vape\/bang-king-25000-puffs-cherry-bomb-beliebter-vape-zum-bestpreis\/","url":"https:\/\/vapingnet.de\/vape\/bang-king-25000-puffs-cherry-bomb-beliebter-vape-zum-bestpreis\/","name":"Bang King 25000 Puffs Cherry Bomb Beliebter Vape Zum Bestpreis | Vapingnet.de","isPartOf":{"@id":"https:\/\/vapingnet.de\/#website"},"primaryImageOfPage":{"@id":"https:\/\/vapingnet.de\/vape\/bang-king-25000-puffs-cherry-bomb-beliebter-vape-zum-bestpreis\/#primaryimage"},"image":{"@id":"https:\/\/vapingnet.de\/vape\/bang-king-25000-puffs-cherry-bomb-beliebter-vape-zum-bestpreis\/#primaryimage"},"thumbnailUrl":"https:\/\/vapingnet.de\/wp-content\/uploads\/2025\/04\/bang-25k-vape-Cherry-Bomb.png","datePublished":"2025-04-07T03:45:04+00:00","dateModified":"2025-06-19T03:40:01+00:00","description":"Entdecke Bang King 25000 Puffs Cherry Bomb Beliebter Vape Zum Bestpreis bei vapingnet.de, \u25ba Gro\u00dfe Auswahl an Geschmacksrichtungen & super g\u00fcnstig!","breadcrumb":{"@id":"https:\/\/vapingnet.de\/vape\/bang-king-25000-puffs-cherry-bomb-beliebter-vape-zum-bestpreis\/#breadcrumb"},"inLanguage":"it-IT","potentialAction":[{"@type":"ReadAction","target":["https:\/\/vapingnet.de\/vape\/bang-king-25000-puffs-cherry-bomb-beliebter-vape-zum-bestpreis\/"]}]},{"@type":"ImageObject","inLanguage":"it-IT","@id":"https:\/\/vapingnet.de\/vape\/bang-king-25000-puffs-cherry-bomb-beliebter-vape-zum-bestpreis\/#primaryimage","url":"https:\/\/vapingnet.de\/wp-content\/uploads\/2025\/04\/bang-25k-vape-Cherry-Bomb.png","contentUrl":"https:\/\/vapingnet.de\/wp-content\/uploads\/2025\/04\/bang-25k-vape-Cherry-Bomb.png","width":1000,"height":1000},{"@type":"BreadcrumbList","@id":"https:\/\/vapingnet.de\/vape\/bang-king-25000-puffs-cherry-bomb-beliebter-vape-zum-bestpreis\/#breadcrumb","itemListElement":[{"@type":"ListItem","position":1,"name":"Home","item":"https:\/\/vapingnet.de\/"},{"@type":"ListItem","position":2,"name":"Shop","item":"https:\/\/vapingnet.de\/vape\/"},{"@type":"ListItem","position":3,"name":"Bang King 25000 Puffs Cherry Bomb Beliebter Vape Zum Bestpreis"}]},{"@type":"WebSite","@id":"https:\/\/vapingnet.de\/#website","url":"https:\/\/vapingnet.de\/","name":"Vapingnet.de","description":"","publisher":{"@id":"https:\/\/vapingnet.de\/#organization"},"potentialAction":[{"@type":"SearchAction","target":{"@type":"EntryPoint","urlTemplate":"https:\/\/vapingnet.de\/?s={search_term_string}"},"query-input":{"@type":"PropertyValueSpecification","valueRequired":true,"valueName":"search_term_string"}}],"inLanguage":"it-IT"},{"@type":"Organization","@id":"https:\/\/vapingnet.de\/#organization","name":"Vapingnet.de","url":"https:\/\/vapingnet.de\/","logo":{"@type":"ImageObject","inLanguage":"it-IT","@id":"https:\/\/vapingnet.de\/#\/schema\/logo\/image\/","url":"https:\/\/vapingnet.de\/wp-content\/uploads\/2025\/03\/cropped-vapingnet.de_.jpg","contentUrl":"https:\/\/vapingnet.de\/wp-content\/uploads\/2025\/03\/cropped-vapingnet.de_.jpg","width":512,"height":512,"caption":"Vapingnet.de"},"image":{"@id":"https:\/\/vapingnet.de\/#\/schema\/logo\/image\/"},"sameAs":["https:\/\/www.facebook.com\/vapingnetde\/"]}]}},"tiered_pricing_type":"fixed","tiered_pricing_fixed_rules":{"10":"8.07","60":"7.26","110":"6.46","200":"5.65"},"tiered_pricing_product_settings":{"layout":"default","base_unit_name":{"singular":null,"plural":null},"default_variation":null},"tiered_pricing_minimum_quantity":null,"tiered_pricing_roles_data":[],"tiered_pricing_percentage_rules":[],"_links":{"self":[{"href":"https:\/\/vapingnet.de\/it\/wp-json\/wp\/v2\/product\/6149","targetHints":{"allow":["GET"]}}],"collection":[{"href":"https:\/\/vapingnet.de\/it\/wp-json\/wp\/v2\/product"}],"about":[{"href":"https:\/\/vapingnet.de\/it\/wp-json\/wp\/v2\/types\/product"}],"version-history":[{"count":3,"href":"https:\/\/vapingnet.de\/it\/wp-json\/wp\/v2\/product\/6149\/revisions"}],"predecessor-version":[{"id":6163,"href":"https:\/\/vapingnet.de\/it\/wp-json\/wp\/v2\/product\/6149\/revisions\/6163"}],"wp:featuredmedia":[{"embeddable":true,"href":"https:\/\/vapingnet.de\/it\/wp-json\/wp\/v2\/media\/6131"}],"wp:attachment":[{"href":"https:\/\/vapingnet.de\/it\/wp-json\/wp\/v2\/media?parent=6149"}],"wp:term":[{"taxonomy":"brand","embeddable":true,"href":"https:\/\/vapingnet.de\/it\/wp-json\/wp\/v2\/etheme_brands?post=6149"},{"taxonomy":"product_brand","embeddable":true,"href":"https:\/\/vapingnet.de\/it\/wp-json\/wp\/v2\/product_brand?post=6149"},{"taxonomy":"product_cat","embeddable":true,"href":"https:\/\/vapingnet.de\/it\/wp-json\/wp\/v2\/product_cat?post=6149"},{"taxonomy":"product_tag","embeddable":true,"href":"https:\/\/vapingnet.de\/it\/wp-json\/wp\/v2\/product_tag?post=6149"}],"curies":[{"name":"wp","href":"https:\/\/api.w.org\/{rel}","templated":true}]}}