{"id":6226,"date":"2025-04-11T02:32:57","date_gmt":"2025-04-11T02:32:57","guid":{"rendered":"https:\/\/vapingnet.de\/?post_type=product&#038;p=6226"},"modified":"2025-12-30T08:41:35","modified_gmt":"2025-12-30T08:41:35","slug":"globale-bestseller-bang-tn-12000-puffs-cool-mint-geschmack","status":"publish","type":"product","link":"https:\/\/vapingnet.de\/it\/vape\/globale-bestseller-bang-tn-12000-puffs-cool-mint-geschmack\/","title":{"rendered":"Best seller globale! Bang Tn 12000 Puffs Gusto Menta Fredda"},"content":{"rendered":"<h2 data-start=\"0\" data-end=\"74\" data-immersive-translate-walked=\"52fb1f10-72a2-405e-be95-c92afd6c9aea\">Bang Tn 12000 Puffs \u2013 Cool Mint Disposable Vape per un piacere duraturo<\/h2>\n<p class=\"\" data-start=\"99\" data-end=\"494\" data-immersive-translate-paragraph=\"1\" data-immersive-translate-walked=\"52fb1f10-72a2-405e-be95-c92afd6c9aea\">Il Bang Tn 12000 Puffs \u00e8 uno vape usa e getta che entusiasma con una serie di caratteristiche eccezionali. Con numerosi vantaggi e un sapore fresco di Cool Mint, offre una soluzione ideale per gli appassionati di vaping che cercano un'opzione semplice e di alta qualit\u00e0. Ecco perch\u00e9 il Bang Tn 12000 Puffs \u00e8 una scelta eccellente.<\/p>\n<h4 data-start=\"496\" data-end=\"518\" data-immersive-translate-walked=\"52fb1f10-72a2-405e-be95-c92afd6c9aea\">Caratteristiche principali:<\/h4>\n<ul data-start=\"520\" data-end=\"917\">\n<li class=\"\" data-start=\"520\" data-end=\"559\">\n<p class=\"\" data-start=\"522\" data-end=\"559\" data-immersive-translate-walked=\"52fb1f10-72a2-405e-be95-c92afd6c9aea\" data-immersive-translate-paragraph=\"1\">Opzioni di nicotina: 0%, 2%, 3%, 5%<\/p>\n<\/li>\n<li class=\"\" data-start=\"560\" data-end=\"596\">\n<p class=\"\" data-start=\"562\" data-end=\"596\" data-immersive-translate-walked=\"52fb1f10-72a2-405e-be95-c92afd6c9aea\" data-immersive-translate-paragraph=\"1\">Capacit\u00e0 di liquido: 20 ml<\/p>\n<\/li>\n<li class=\"\" data-start=\"597\" data-end=\"631\">\n<p class=\"\" data-start=\"599\" data-end=\"631\" data-immersive-translate-walked=\"52fb1f10-72a2-405e-be95-c92afd6c9aea\" data-immersive-translate-paragraph=\"1\">Capacit\u00e0 della batteria: 650 mAh<\/p>\n<\/li>\n<li class=\"\" data-start=\"632\" data-end=\"656\">\n<p class=\"\" data-start=\"634\" data-end=\"656\" data-immersive-translate-walked=\"52fb1f10-72a2-405e-be95-c92afd6c9aea\" data-immersive-translate-paragraph=\"1\">Resistenza Mesh: 1,2\u03a9<\/p>\n<\/li>\n<li class=\"\" data-start=\"657\" data-end=\"686\">\n<p class=\"\" data-start=\"659\" data-end=\"686\" data-immersive-translate-walked=\"52fb1f10-72a2-405e-be95-c92afd6c9aea\" data-immersive-translate-paragraph=\"1\">Punto di ricarica: Type-C<\/p>\n<\/li>\n<li class=\"\" data-start=\"687\" data-end=\"722\">\n<p class=\"\" data-start=\"689\" data-end=\"722\" data-immersive-translate-walked=\"52fb1f10-72a2-405e-be95-c92afd6c9aea\" data-immersive-translate-paragraph=\"1\">Materiale: PC (Policarbonato)<\/p>\n<\/li>\n<li class=\"\" data-start=\"723\" data-end=\"748\">\n<p class=\"\" data-start=\"725\" data-end=\"748\" data-immersive-translate-walked=\"52fb1f10-72a2-405e-be95-c92afd6c9aea\" data-immersive-translate-paragraph=\"1\">Ingresso: 5 V, 1 A<\/p>\n<\/li>\n<li class=\"\" data-start=\"749\" data-end=\"777\">\n<p class=\"\" data-start=\"751\" data-end=\"777\" data-immersive-translate-walked=\"52fb1f10-72a2-405e-be95-c92afd6c9aea\" data-immersive-translate-paragraph=\"1\">Gusto: Cool Mint<\/p>\n<\/li>\n<li class=\"\" data-start=\"778\" data-end=\"809\">\n<p class=\"\" data-start=\"780\" data-end=\"809\" data-immersive-translate-walked=\"52fb1f10-72a2-405e-be95-c92afd6c9aea\" data-immersive-translate-paragraph=\"1\">Tipo di prodotto: Vape usa e getta<\/p>\n<\/li>\n<li class=\"\" data-start=\"810\" data-end=\"843\">\n<p class=\"\" data-start=\"812\" data-end=\"843\" data-immersive-translate-walked=\"52fb1f10-72a2-405e-be95-c92afd6c9aea\" data-immersive-translate-paragraph=\"1\">Tempi di consegna: 7\u201315 giorni lavorativi<\/p>\n<\/li>\n<li class=\"\" data-start=\"844\" data-end=\"883\">\n<p class=\"\" data-start=\"846\" data-end=\"883\" data-immersive-translate-walked=\"52fb1f10-72a2-405e-be95-c92afd6c9aea\" data-immersive-translate-paragraph=\"1\">Vantaggio doganale: Nessun dazio doganale<\/p>\n<\/li>\n<li class=\"\" data-start=\"884\" data-end=\"917\">\n<p class=\"\" data-start=\"886\" data-end=\"917\" data-immersive-translate-walked=\"52fb1f10-72a2-405e-be95-c92afd6c9aea\" data-immersive-translate-paragraph=\"1\">Disponibilit\u00e0: vapingnet.de<\/p>\n<\/li>\n<\/ul>\n<h5 data-start=\"919\" data-end=\"954\" data-immersive-translate-walked=\"52fb1f10-72a2-405e-be95-c92afd6c9aea\">Esperienza di gusto \u2013 Cool Mint:<\/h5>\n<p class=\"\" data-start=\"956\" data-end=\"1269\" data-immersive-translate-walked=\"52fb1f10-72a2-405e-be95-c92afd6c9aea\" data-immersive-translate-paragraph=\"1\">Con il gusto Cool Mint, il Bang Tn 12000 Puffs offre un'esperienza di vaping intensa e rinfrescante. Il sapore di mentolo fresco combinato con menta fresca garantisce un'esperienza piacevole e fortemente rinfrescante ad ogni tiro. Ideale per chi preferisce un gusto fresco e rinfrescante.<\/p>\n<h5 data-start=\"1271\" data-end=\"1312\" data-immersive-translate-walked=\"52fb1f10-72a2-405e-be95-c92afd6c9aea\">Variet\u00e0 di nicotina per ogni esigenza:<\/h5>\n<p class=\"\" data-start=\"1314\" data-end=\"1603\" data-immersive-translate-walked=\"52fb1f10-72a2-405e-be95-c92afd6c9aea\" data-immersive-translate-paragraph=\"1\">Grazie alle diverse concentrazioni di nicotina 0%, 2%, 3% e 5%, puoi scegliere la quantit\u00e0 di nicotina pi\u00f9 adatta a te. Che tu opti per un'opzione senza nicotina o preferisca un colpo di nicotina pi\u00f9 forte, il Bang Tn 12000 Puffs ti offre la flessibilit\u00e0 di cui hai bisogno.<\/p>\n<h5 data-start=\"1605\" data-end=\"1636\" data-immersive-translate-walked=\"52fb1f10-72a2-405e-be95-c92afd6c9aea\">Durata e prestazioni:<\/h5>\n<p class=\"\" data-start=\"1638\" data-end=\"1939\" data-immersive-translate-walked=\"52fb1f10-72a2-405e-be95-c92afd6c9aea\" data-immersive-translate-paragraph=\"1\">Con una capacit\u00e0 di liquido di 20 ml e una batteria da 650 mAh, il Bang Tn 12000 Puffs \u00e8 progettato per un uso prolungato. Grazie alla resistenza Mesh da 1,2\u03a9, produce vapore uniforme che garantisce un'esperienza di vaporizzazione costante e di alta qualit\u00e0.<\/p>\n<h5 data-start=\"1941\" data-end=\"1986\" data-immersive-translate-walked=\"52fb1f10-72a2-405e-be95-c92afd6c9aea\">Design pratico \u2013 Maneggevolezza:<\/h5>\n<p class=\"\" data-start=\"1988\" data-end=\"2401\" data-immersive-translate-walked=\"52fb1f10-72a2-405e-be95-c92afd6c9aea\" data-immersive-translate-paragraph=\"1\">Il materiale in PC assicura un design robusto e leggero allo stesso tempo. Il vape \u00e8 compatto e maneggevole, offrendo una presa comoda e facile da trasportare. La porta Type-C permette una ricarica rapida, cos\u00ec puoi riprendere subito la tua esperienza di vaping. Con una potenza di ingresso di 5 V e 1 A, il processo di ricarica \u00e8 efficiente e rapido.<\/p>\n<h5 data-start=\"2403\" data-end=\"2435\" data-immersive-translate-walked=\"52fb1f10-72a2-405e-be95-c92afd6c9aea\">Vantaggi dell'uso usa e getta:<\/h5>\n<p class=\"\" data-start=\"2437\" data-end=\"2751\" data-immersive-translate-walked=\"52fb1f10-72a2-405e-be95-c92afd6c9aea\">Come vape usa e getta, il Bang Tn 12000 Puffs offre una gestione particolarmente semplice. Nessun riempimento, nessuna manutenzione \u2013 basta estrarlo dalla confezione, goderselo e smaltirlo dopo l'uso. Questa modalit\u00e0 di utilizzo semplice rende il vape ideale per l'uso in movimento e per chi non desidera dedicare tempo alla manutenzione.<\/p>\n<h5 data-start=\"2753\" data-end=\"2776\" data-immersive-translate-walked=\"52fb1f10-72a2-405e-be95-c92afd6c9aea\">Perch\u00e9 vapingnet.de?<\/h5>\n<p class=\"\" data-start=\"2778\" data-end=\"3119\" data-immersive-translate-walked=\"52fb1f10-72a2-405e-be95-c92afd6c9aea\">L'acquisto tramite vapingnet.de ti offre alcuni vantaggi aggiuntivi. Oltre alla consegna rapida entro 7-15 giorni lavorativi, con questo prodotto non sono previsti dazi doganali, rendendo l'acquisto particolarmente attraente. Cos\u00ec puoi goderti il Bang Tn 12000 Puffs senza costi aggiuntivi.<\/p>\n<h3 data-start=\"3121\" data-end=\"3131\" data-immersive-translate-walked=\"52fb1f10-72a2-405e-be95-c92afd6c9aea\">Bang Tn 12000 Puffs \u2013 La sigaretta elettronica usa e getta ideale per un piacere duraturo<\/h3>\n<p class=\"\" data-start=\"3133\" data-end=\"3605\" data-immersive-translate-walked=\"52fb1f10-72a2-405e-be95-c92afd6c9aea\">Il Bang Tn 12000 Puffs \u00e8 un'eccellente sigaretta elettronica usa e getta che convince sia per il gusto, la durata che la facilit\u00e0 d'uso. Con il rinfrescante sapore di Cool Mint e le diverse concentrazioni di nicotina, questa sigaretta elettronica \u00e8 la scelta perfetta per chi cerca un prodotto affidabile e pratico. Visita oggi stesso vapingnet.de per ordinare il tuo Bang Tn 12000 Puffs e vivere un'esperienza di svapo senza paragoni.<\/p>","protected":false},"excerpt":{"rendered":"<p>Bang Tn 12000 Puffs \u2013 Cool Mint Einweg-Vape f\u00fcr Langanhaltenden Genuss Der Bang Tn 12000 Puffs ist ein Einweg-Vape, das mit einer Vielzahl von herausragenden&#8230;<\/p>","protected":false},"featured_media":6231,"template":"","meta":[],"etheme_brands":[],"product_brand":[101],"product_cat":[88,49,61],"product_tag":[],"class_list":{"0":"post-6226","1":"product","2":"type-product","3":"status-publish","4":"has-post-thumbnail","6":"product_brand-bang-king-vape","7":"product_cat-12k-vape","8":"product_cat-einweg-e-zigarette","9":"product_cat-f","11":"first","12":"instock","13":"shipping-taxable","14":"purchasable","15":"product-type-simple"},"yoast_head":"<!-- This site is optimized with the Yoast SEO plugin v26.5 - https:\/\/yoast.com\/wordpress\/plugins\/seo\/ -->\n<title>Globale Bestseller! Bang Tn 12000 Puffs Cool Mint Geschmack | Vapingnet.de<\/title>\n<meta name=\"description\" content=\"Entdecke Globale Bestseller! Bang Tn 12000 Puffs Cool Mint Geschmack bei vapingnet.de, \u25ba Gro\u00dfe Auswahl an Geschmacksrichtungen &amp; super g\u00fcnstig!\" \/>\n<meta name=\"robots\" content=\"index, follow, max-snippet:-1, max-image-preview:large, max-video-preview:-1\" \/>\n<link rel=\"canonical\" href=\"https:\/\/vapingnet.de\/it\/vape\/globale-bestseller-bang-tn-12000-puffs-cool-mint-geschmack\/\" \/>\n<meta property=\"og:locale\" content=\"it_IT\" \/>\n<meta property=\"og:type\" content=\"article\" \/>\n<meta property=\"og:title\" content=\"Globale Bestseller! Bang Tn 12000 Puffs Cool Mint Geschmack | Vapingnet.de\" \/>\n<meta property=\"og:description\" content=\"Entdecke Globale Bestseller! Bang Tn 12000 Puffs Cool Mint Geschmack bei vapingnet.de, \u25ba Gro\u00dfe Auswahl an Geschmacksrichtungen &amp; super g\u00fcnstig!\" \/>\n<meta property=\"og:url\" content=\"https:\/\/vapingnet.de\/it\/vape\/globale-bestseller-bang-tn-12000-puffs-cool-mint-geschmack\/\" \/>\n<meta property=\"og:site_name\" content=\"Vapingnet.de\" \/>\n<meta property=\"article:publisher\" content=\"https:\/\/www.facebook.com\/vapingnetde\/\" \/>\n<meta property=\"article:modified_time\" content=\"2025-12-30T08:41:35+00:00\" \/>\n<meta property=\"og:image\" content=\"https:\/\/vapingnet.de\/wp-content\/uploads\/2025\/04\/COOL-MINT-.png\" \/>\n\t<meta property=\"og:image:width\" content=\"1000\" \/>\n\t<meta property=\"og:image:height\" content=\"1000\" \/>\n\t<meta property=\"og:image:type\" content=\"image\/png\" \/>\n<meta name=\"twitter:card\" content=\"summary_large_image\" \/>\n<meta name=\"twitter:label1\" content=\"Est. reading time\" \/>\n\t<meta name=\"twitter:data1\" content=\"3 minutes\" \/>\n<script type=\"application\/ld+json\" class=\"yoast-schema-graph\">{\"@context\":\"https:\/\/schema.org\",\"@graph\":[{\"@type\":\"WebPage\",\"@id\":\"https:\/\/vapingnet.de\/vape\/globale-bestseller-bang-tn-12000-puffs-cool-mint-geschmack\/\",\"url\":\"https:\/\/vapingnet.de\/vape\/globale-bestseller-bang-tn-12000-puffs-cool-mint-geschmack\/\",\"name\":\"Globale Bestseller! Bang Tn 12000 Puffs Cool Mint Geschmack | Vapingnet.de\",\"isPartOf\":{\"@id\":\"https:\/\/vapingnet.de\/#website\"},\"primaryImageOfPage\":{\"@id\":\"https:\/\/vapingnet.de\/vape\/globale-bestseller-bang-tn-12000-puffs-cool-mint-geschmack\/#primaryimage\"},\"image\":{\"@id\":\"https:\/\/vapingnet.de\/vape\/globale-bestseller-bang-tn-12000-puffs-cool-mint-geschmack\/#primaryimage\"},\"thumbnailUrl\":\"https:\/\/vapingnet.de\/wp-content\/uploads\/2025\/04\/COOL-MINT-.png\",\"datePublished\":\"2025-04-11T02:32:57+00:00\",\"dateModified\":\"2025-12-30T08:41:35+00:00\",\"description\":\"Entdecke Globale Bestseller! Bang Tn 12000 Puffs Cool Mint Geschmack bei vapingnet.de, \u25ba Gro\u00dfe Auswahl an Geschmacksrichtungen & super g\u00fcnstig!\",\"breadcrumb\":{\"@id\":\"https:\/\/vapingnet.de\/vape\/globale-bestseller-bang-tn-12000-puffs-cool-mint-geschmack\/#breadcrumb\"},\"inLanguage\":\"it-IT\",\"potentialAction\":[{\"@type\":\"ReadAction\",\"target\":[\"https:\/\/vapingnet.de\/vape\/globale-bestseller-bang-tn-12000-puffs-cool-mint-geschmack\/\"]}]},{\"@type\":\"ImageObject\",\"inLanguage\":\"it-IT\",\"@id\":\"https:\/\/vapingnet.de\/vape\/globale-bestseller-bang-tn-12000-puffs-cool-mint-geschmack\/#primaryimage\",\"url\":\"https:\/\/vapingnet.de\/wp-content\/uploads\/2025\/04\/COOL-MINT-.png\",\"contentUrl\":\"https:\/\/vapingnet.de\/wp-content\/uploads\/2025\/04\/COOL-MINT-.png\",\"width\":1000,\"height\":1000},{\"@type\":\"BreadcrumbList\",\"@id\":\"https:\/\/vapingnet.de\/vape\/globale-bestseller-bang-tn-12000-puffs-cool-mint-geschmack\/#breadcrumb\",\"itemListElement\":[{\"@type\":\"ListItem\",\"position\":1,\"name\":\"Home\",\"item\":\"https:\/\/vapingnet.de\/\"},{\"@type\":\"ListItem\",\"position\":2,\"name\":\"Shop\",\"item\":\"https:\/\/vapingnet.de\/vape\/\"},{\"@type\":\"ListItem\",\"position\":3,\"name\":\"Globale Bestseller! Bang Tn 12000 Puffs Cool Mint Geschmack\"}]},{\"@type\":\"WebSite\",\"@id\":\"https:\/\/vapingnet.de\/#website\",\"url\":\"https:\/\/vapingnet.de\/\",\"name\":\"Vapingnet.de\",\"description\":\"\",\"publisher\":{\"@id\":\"https:\/\/vapingnet.de\/#organization\"},\"potentialAction\":[{\"@type\":\"SearchAction\",\"target\":{\"@type\":\"EntryPoint\",\"urlTemplate\":\"https:\/\/vapingnet.de\/?s={search_term_string}\"},\"query-input\":{\"@type\":\"PropertyValueSpecification\",\"valueRequired\":true,\"valueName\":\"search_term_string\"}}],\"inLanguage\":\"it-IT\"},{\"@type\":\"Organization\",\"@id\":\"https:\/\/vapingnet.de\/#organization\",\"name\":\"Vapingnet.de\",\"url\":\"https:\/\/vapingnet.de\/\",\"logo\":{\"@type\":\"ImageObject\",\"inLanguage\":\"it-IT\",\"@id\":\"https:\/\/vapingnet.de\/#\/schema\/logo\/image\/\",\"url\":\"https:\/\/vapingnet.de\/wp-content\/uploads\/2025\/03\/cropped-vapingnet.de_.jpg\",\"contentUrl\":\"https:\/\/vapingnet.de\/wp-content\/uploads\/2025\/03\/cropped-vapingnet.de_.jpg\",\"width\":512,\"height\":512,\"caption\":\"Vapingnet.de\"},\"image\":{\"@id\":\"https:\/\/vapingnet.de\/#\/schema\/logo\/image\/\"},\"sameAs\":[\"https:\/\/www.facebook.com\/vapingnetde\/\"]}]}<\/script>\n<!-- \/ Yoast SEO plugin. -->","yoast_head_json":{"title":"Globale Bestseller! Bang Tn 12000 Puffs Cool Mint Geschmack | Vapingnet.de","description":"Entdecke Globale Bestseller! Bang Tn 12000 Puffs Cool Mint Geschmack bei vapingnet.de, \u25ba Gro\u00dfe Auswahl an Geschmacksrichtungen & super g\u00fcnstig!","robots":{"index":"index","follow":"follow","max-snippet":"max-snippet:-1","max-image-preview":"max-image-preview:large","max-video-preview":"max-video-preview:-1"},"canonical":"https:\/\/vapingnet.de\/it\/vape\/globale-bestseller-bang-tn-12000-puffs-cool-mint-geschmack\/","og_locale":"it_IT","og_type":"article","og_title":"Globale Bestseller! Bang Tn 12000 Puffs Cool Mint Geschmack | Vapingnet.de","og_description":"Entdecke Globale Bestseller! Bang Tn 12000 Puffs Cool Mint Geschmack bei vapingnet.de, \u25ba Gro\u00dfe Auswahl an Geschmacksrichtungen & super g\u00fcnstig!","og_url":"https:\/\/vapingnet.de\/it\/vape\/globale-bestseller-bang-tn-12000-puffs-cool-mint-geschmack\/","og_site_name":"Vapingnet.de","article_publisher":"https:\/\/www.facebook.com\/vapingnetde\/","article_modified_time":"2025-12-30T08:41:35+00:00","og_image":[{"width":1000,"height":1000,"url":"https:\/\/vapingnet.de\/wp-content\/uploads\/2025\/04\/COOL-MINT-.png","type":"image\/png"}],"twitter_card":"summary_large_image","twitter_misc":{"Est. reading time":"3 minutes"},"schema":{"@context":"https:\/\/schema.org","@graph":[{"@type":"WebPage","@id":"https:\/\/vapingnet.de\/vape\/globale-bestseller-bang-tn-12000-puffs-cool-mint-geschmack\/","url":"https:\/\/vapingnet.de\/vape\/globale-bestseller-bang-tn-12000-puffs-cool-mint-geschmack\/","name":"Globale Bestseller! Bang Tn 12000 Puffs Cool Mint Geschmack | Vapingnet.de","isPartOf":{"@id":"https:\/\/vapingnet.de\/#website"},"primaryImageOfPage":{"@id":"https:\/\/vapingnet.de\/vape\/globale-bestseller-bang-tn-12000-puffs-cool-mint-geschmack\/#primaryimage"},"image":{"@id":"https:\/\/vapingnet.de\/vape\/globale-bestseller-bang-tn-12000-puffs-cool-mint-geschmack\/#primaryimage"},"thumbnailUrl":"https:\/\/vapingnet.de\/wp-content\/uploads\/2025\/04\/COOL-MINT-.png","datePublished":"2025-04-11T02:32:57+00:00","dateModified":"2025-12-30T08:41:35+00:00","description":"Entdecke Globale Bestseller! Bang Tn 12000 Puffs Cool Mint Geschmack bei vapingnet.de, \u25ba Gro\u00dfe Auswahl an Geschmacksrichtungen & super g\u00fcnstig!","breadcrumb":{"@id":"https:\/\/vapingnet.de\/vape\/globale-bestseller-bang-tn-12000-puffs-cool-mint-geschmack\/#breadcrumb"},"inLanguage":"it-IT","potentialAction":[{"@type":"ReadAction","target":["https:\/\/vapingnet.de\/vape\/globale-bestseller-bang-tn-12000-puffs-cool-mint-geschmack\/"]}]},{"@type":"ImageObject","inLanguage":"it-IT","@id":"https:\/\/vapingnet.de\/vape\/globale-bestseller-bang-tn-12000-puffs-cool-mint-geschmack\/#primaryimage","url":"https:\/\/vapingnet.de\/wp-content\/uploads\/2025\/04\/COOL-MINT-.png","contentUrl":"https:\/\/vapingnet.de\/wp-content\/uploads\/2025\/04\/COOL-MINT-.png","width":1000,"height":1000},{"@type":"BreadcrumbList","@id":"https:\/\/vapingnet.de\/vape\/globale-bestseller-bang-tn-12000-puffs-cool-mint-geschmack\/#breadcrumb","itemListElement":[{"@type":"ListItem","position":1,"name":"Home","item":"https:\/\/vapingnet.de\/"},{"@type":"ListItem","position":2,"name":"Shop","item":"https:\/\/vapingnet.de\/vape\/"},{"@type":"ListItem","position":3,"name":"Globale Bestseller! Bang Tn 12000 Puffs Cool Mint Geschmack"}]},{"@type":"WebSite","@id":"https:\/\/vapingnet.de\/#website","url":"https:\/\/vapingnet.de\/","name":"Vapingnet.de","description":"","publisher":{"@id":"https:\/\/vapingnet.de\/#organization"},"potentialAction":[{"@type":"SearchAction","target":{"@type":"EntryPoint","urlTemplate":"https:\/\/vapingnet.de\/?s={search_term_string}"},"query-input":{"@type":"PropertyValueSpecification","valueRequired":true,"valueName":"search_term_string"}}],"inLanguage":"it-IT"},{"@type":"Organization","@id":"https:\/\/vapingnet.de\/#organization","name":"Vapingnet.de","url":"https:\/\/vapingnet.de\/","logo":{"@type":"ImageObject","inLanguage":"it-IT","@id":"https:\/\/vapingnet.de\/#\/schema\/logo\/image\/","url":"https:\/\/vapingnet.de\/wp-content\/uploads\/2025\/03\/cropped-vapingnet.de_.jpg","contentUrl":"https:\/\/vapingnet.de\/wp-content\/uploads\/2025\/03\/cropped-vapingnet.de_.jpg","width":512,"height":512,"caption":"Vapingnet.de"},"image":{"@id":"https:\/\/vapingnet.de\/#\/schema\/logo\/image\/"},"sameAs":["https:\/\/www.facebook.com\/vapingnetde\/"]}]}},"tiered_pricing_type":"fixed","tiered_pricing_fixed_rules":{"10":"7.31","60":"6.58","110":"5.85","200":"5.12"},"tiered_pricing_product_settings":{"layout":"default","base_unit_name":{"singular":null,"plural":null},"default_variation":null},"tiered_pricing_minimum_quantity":null,"tiered_pricing_roles_data":[],"tiered_pricing_percentage_rules":[],"_links":{"self":[{"href":"https:\/\/vapingnet.de\/it\/wp-json\/wp\/v2\/product\/6226","targetHints":{"allow":["GET"]}}],"collection":[{"href":"https:\/\/vapingnet.de\/it\/wp-json\/wp\/v2\/product"}],"about":[{"href":"https:\/\/vapingnet.de\/it\/wp-json\/wp\/v2\/types\/product"}],"version-history":[{"count":1,"href":"https:\/\/vapingnet.de\/it\/wp-json\/wp\/v2\/product\/6226\/revisions"}],"predecessor-version":[{"id":6236,"href":"https:\/\/vapingnet.de\/it\/wp-json\/wp\/v2\/product\/6226\/revisions\/6236"}],"wp:featuredmedia":[{"embeddable":true,"href":"https:\/\/vapingnet.de\/it\/wp-json\/wp\/v2\/media\/6231"}],"wp:attachment":[{"href":"https:\/\/vapingnet.de\/it\/wp-json\/wp\/v2\/media?parent=6226"}],"wp:term":[{"taxonomy":"brand","embeddable":true,"href":"https:\/\/vapingnet.de\/it\/wp-json\/wp\/v2\/etheme_brands?post=6226"},{"taxonomy":"product_brand","embeddable":true,"href":"https:\/\/vapingnet.de\/it\/wp-json\/wp\/v2\/product_brand?post=6226"},{"taxonomy":"product_cat","embeddable":true,"href":"https:\/\/vapingnet.de\/it\/wp-json\/wp\/v2\/product_cat?post=6226"},{"taxonomy":"product_tag","embeddable":true,"href":"https:\/\/vapingnet.de\/it\/wp-json\/wp\/v2\/product_tag?post=6226"}],"curies":[{"name":"wp","href":"https:\/\/api.w.org\/{rel}","templated":true}]}}