{"id":6228,"date":"2025-04-11T02:33:04","date_gmt":"2025-04-11T02:33:04","guid":{"rendered":"https:\/\/vapingnet.de\/?post_type=product&#038;p=6228"},"modified":"2025-12-30T08:41:18","modified_gmt":"2025-12-30T08:41:18","slug":"bang-tn-12000-puffs-strawberry-ice-fuer-den-besten-dampfgenuss","status":"publish","type":"product","link":"https:\/\/vapingnet.de\/it\/vape\/bang-tn-12000-puffs-strawberry-ice-fuer-den-besten-dampfgenuss\/","title":{"rendered":"Bang Tn 12000 Puff Strawberry Ice per la migliore esperienza di vaporizzazione"},"content":{"rendered":"<h2 data-start=\"0\" data-end=\"88\">Bang Tn 12000 Puffs: Una sigaretta elettronica usa e getta potente e facile da usare<\/h2>\n<p class=\"\" data-start=\"90\" data-end=\"466\">La Bang Tn 12000 Puffs \u00e8 la scelta ideale per gli svapatori che cercano una sigaretta elettronica usa e getta pratica e durevole. Offre un'esperienza di svapo duratura e intensa con una capacit\u00e0 di 20 ml di liquido e la capacit\u00e0 di fornire fino a 12.000 tiri. Questa sigaretta elettronica \u00e8 adatta sia per principianti che per svapatori esperti.<\/p>\n<h3>Caratteristiche principali della Bang Tn 12000 Puffs:<\/h3>\n<ol data-start=\"521\" data-end=\"1522\">\n<li class=\"\" data-start=\"521\" data-end=\"794\">\n<p class=\"\" data-start=\"524\" data-end=\"794\">Lunga durata e alta performance:<br data-start=\"564\" data-end=\"567\" \/>Con una batteria da 650mAh, la Bang Tn 12000 Puffs garantisce una performance duratura. In combinazione con una resistenza Mesh (1.2\u03a9), si ottiene una vaporizzazione uniforme che assicura un sapore intenso.<\/p>\n<\/li>\n<li class=\"\" data-start=\"796\" data-end=\"971\">\n<p class=\"\" data-start=\"799\" data-end=\"971\">Facile da ricaricare:<br data-start=\"822\" data-end=\"825\" \/>La porta USB-C garantisce una ricarica rapida ed efficiente del dispositivo, cos\u00ec puoi tornare a svapare in pochissimo tempo.<\/p>\n<\/li>\n<li class=\"\" data-start=\"973\" data-end=\"1235\">\n<p class=\"\" data-start=\"976\" data-end=\"1235\">Opzioni di nicotina versatili:<br data-start=\"1008\" data-end=\"1011\" \/>La Bang Tn 12000 Puffs \u00e8 disponibile in diverse concentrazioni di nicotina: 0%, 2%, 3% e 5%. In questo modo, gli svapatori possono scegliere il livello di nicotina pi\u00f9 adatto a loro, sia che vogliano consumarla o meno.<\/p>\n<\/li>\n<li class=\"\" data-start=\"1237\" data-end=\"1522\">\n<p class=\"\" data-start=\"1240\" data-end=\"1522\">Gusto rinfrescante:<br data-start=\"1268\" data-end=\"1271\" \/>Il sapore di Strawberry Ice combina la dolcezza delle fragole con una nota mentolata rinfrescante. Un'esperienza di gusto perfetta per gli svapatori che amano aromi fruttati e desiderano anche la freschezza del mentolo.<\/p>\n<\/li>\n<\/ol>\n<h4 data-start=\"1524\" data-end=\"1558\">Vantaggi per gli acquirenti in Europa:<\/h4>\n<ul data-start=\"1560\" data-end=\"1892\">\n<li class=\"\" data-start=\"1560\" data-end=\"1730\">\n<p class=\"\" data-start=\"1562\" data-end=\"1730\">Dogana gratuita: Acquistando la Bang Tn 12000 Puffs all'interno dell'UE non si applicano dazi doganali, rendendo l'intero processo di acquisto semplice e trasparente.<\/p>\n<\/li>\n<li class=\"\" data-start=\"1731\" data-end=\"1892\">\n<p class=\"\" data-start=\"1733\" data-end=\"1892\">Consegna rapida: La spedizione avviene generalmente entro 7-15 giorni lavorativi, cos\u00ec non dovrai aspettare a lungo per la tua nuova esperienza di svapo.<\/p>\n<\/li>\n<\/ul>\n<h4 data-start=\"1894\" data-end=\"1917\">Opportunit\u00e0 di acquisto:<\/h4>\n<p class=\"\" data-start=\"1919\" data-end=\"2156\">La Bang Tn 12000 Puffs \u00e8 disponibile su vapingnet.de, un fornitore affidabile che offre un'ampia selezione di prodotti per svapatori. Puoi ordinare il prodotto in modo sicuro e contare su una consegna veloce.<\/p>\n<h4 data-start=\"2158\" data-end=\"2168\">Perch\u00e9 la Bang Tn 12000 Puffs \u00e8 la scelta ideale per gli svapatori esigenti<\/h4>\n<p class=\"\" data-start=\"2170\" data-end=\"2711\">La Bang Tn 12000 Puffs offre un'eccellente combinazione di alta performance, lunga durata e esperienze di gusto intense. \u00c8 particolarmente adatta a svapatori che cercano un dispositivo usa e getta semplice, potente e pronto all'uso, con una lunga durata. Con una vasta gamma di opzioni di nicotina e un gusto rinfrescante, \u00e8 la scelta perfetta per ogni svapatore. Ordina oggi su vapingnet.de e vivi un'esperienza di svapo nuova e comoda!<\/p>","protected":false},"excerpt":{"rendered":"<p>Bang Tn 12000 Puffs: Eine leistungsstarke und benutzerfreundliche Einweg-E-Zigarette Die Bang Tn 12000 Puffs ist die ideale Wahl f\u00fcr Dampfer, die nach einer praktischen und&#8230;<\/p>","protected":false},"featured_media":6233,"template":"","meta":[],"etheme_brands":[],"product_brand":[101],"product_cat":[88,49,61],"product_tag":[],"class_list":{"0":"post-6228","1":"product","2":"type-product","3":"status-publish","4":"has-post-thumbnail","6":"product_brand-bang-king-vape","7":"product_cat-12k-vape","8":"product_cat-einweg-e-zigarette","9":"product_cat-f","11":"first","12":"instock","13":"shipping-taxable","14":"purchasable","15":"product-type-simple"},"yoast_head":"<!-- This site is optimized with the Yoast SEO plugin v26.5 - https:\/\/yoast.com\/wordpress\/plugins\/seo\/ -->\n<title>Bang Tn 12000 Puffs Strawberry Ice f\u00fcr den besten Dampfgenuss | Vapingnet.de<\/title>\n<meta name=\"description\" content=\"Entdecke Bang Tn 12000 Puffs Strawberry Ice f\u00fcr den besten Dampfgenuss bei vapingnet.de, \u25ba Gro\u00dfe Auswahl an Geschmacksrichtungen &amp; super g\u00fcnstig!\" \/>\n<meta name=\"robots\" content=\"index, follow, max-snippet:-1, max-image-preview:large, max-video-preview:-1\" \/>\n<link rel=\"canonical\" href=\"https:\/\/vapingnet.de\/it\/vape\/bang-tn-12000-puffs-strawberry-ice-fuer-den-besten-dampfgenuss\/\" \/>\n<meta property=\"og:locale\" content=\"it_IT\" \/>\n<meta property=\"og:type\" content=\"article\" \/>\n<meta property=\"og:title\" content=\"Bang Tn 12000 Puffs Strawberry Ice f\u00fcr den besten Dampfgenuss | Vapingnet.de\" \/>\n<meta property=\"og:description\" content=\"Entdecke Bang Tn 12000 Puffs Strawberry Ice f\u00fcr den besten Dampfgenuss bei vapingnet.de, \u25ba Gro\u00dfe Auswahl an Geschmacksrichtungen &amp; super g\u00fcnstig!\" \/>\n<meta property=\"og:url\" content=\"https:\/\/vapingnet.de\/it\/vape\/bang-tn-12000-puffs-strawberry-ice-fuer-den-besten-dampfgenuss\/\" \/>\n<meta property=\"og:site_name\" content=\"Vapingnet.de\" \/>\n<meta property=\"article:publisher\" content=\"https:\/\/www.facebook.com\/vapingnetde\/\" \/>\n<meta property=\"article:modified_time\" content=\"2025-12-30T08:41:18+00:00\" \/>\n<meta property=\"og:image\" content=\"https:\/\/vapingnet.de\/wp-content\/uploads\/2025\/04\/Watermelon-Strawberry-1.png\" \/>\n\t<meta property=\"og:image:width\" content=\"1000\" \/>\n\t<meta property=\"og:image:height\" content=\"1000\" \/>\n\t<meta property=\"og:image:type\" content=\"image\/png\" \/>\n<meta name=\"twitter:card\" content=\"summary_large_image\" \/>\n<meta name=\"twitter:label1\" content=\"Est. reading time\" \/>\n\t<meta name=\"twitter:data1\" content=\"3 minutes\" \/>\n<script type=\"application\/ld+json\" class=\"yoast-schema-graph\">{\"@context\":\"https:\/\/schema.org\",\"@graph\":[{\"@type\":\"WebPage\",\"@id\":\"https:\/\/vapingnet.de\/vape\/bang-tn-12000-puffs-strawberry-ice-fuer-den-besten-dampfgenuss\/\",\"url\":\"https:\/\/vapingnet.de\/vape\/bang-tn-12000-puffs-strawberry-ice-fuer-den-besten-dampfgenuss\/\",\"name\":\"Bang Tn 12000 Puffs Strawberry Ice f\u00fcr den besten Dampfgenuss | Vapingnet.de\",\"isPartOf\":{\"@id\":\"https:\/\/vapingnet.de\/#website\"},\"primaryImageOfPage\":{\"@id\":\"https:\/\/vapingnet.de\/vape\/bang-tn-12000-puffs-strawberry-ice-fuer-den-besten-dampfgenuss\/#primaryimage\"},\"image\":{\"@id\":\"https:\/\/vapingnet.de\/vape\/bang-tn-12000-puffs-strawberry-ice-fuer-den-besten-dampfgenuss\/#primaryimage\"},\"thumbnailUrl\":\"https:\/\/vapingnet.de\/wp-content\/uploads\/2025\/04\/Watermelon-Strawberry-1.png\",\"datePublished\":\"2025-04-11T02:33:04+00:00\",\"dateModified\":\"2025-12-30T08:41:18+00:00\",\"description\":\"Entdecke Bang Tn 12000 Puffs Strawberry Ice f\u00fcr den besten Dampfgenuss bei vapingnet.de, \u25ba Gro\u00dfe Auswahl an Geschmacksrichtungen & super g\u00fcnstig!\",\"breadcrumb\":{\"@id\":\"https:\/\/vapingnet.de\/vape\/bang-tn-12000-puffs-strawberry-ice-fuer-den-besten-dampfgenuss\/#breadcrumb\"},\"inLanguage\":\"it-IT\",\"potentialAction\":[{\"@type\":\"ReadAction\",\"target\":[\"https:\/\/vapingnet.de\/vape\/bang-tn-12000-puffs-strawberry-ice-fuer-den-besten-dampfgenuss\/\"]}]},{\"@type\":\"ImageObject\",\"inLanguage\":\"it-IT\",\"@id\":\"https:\/\/vapingnet.de\/vape\/bang-tn-12000-puffs-strawberry-ice-fuer-den-besten-dampfgenuss\/#primaryimage\",\"url\":\"https:\/\/vapingnet.de\/wp-content\/uploads\/2025\/04\/Watermelon-Strawberry-1.png\",\"contentUrl\":\"https:\/\/vapingnet.de\/wp-content\/uploads\/2025\/04\/Watermelon-Strawberry-1.png\",\"width\":1000,\"height\":1000},{\"@type\":\"BreadcrumbList\",\"@id\":\"https:\/\/vapingnet.de\/vape\/bang-tn-12000-puffs-strawberry-ice-fuer-den-besten-dampfgenuss\/#breadcrumb\",\"itemListElement\":[{\"@type\":\"ListItem\",\"position\":1,\"name\":\"Home\",\"item\":\"https:\/\/vapingnet.de\/\"},{\"@type\":\"ListItem\",\"position\":2,\"name\":\"Shop\",\"item\":\"https:\/\/vapingnet.de\/vape\/\"},{\"@type\":\"ListItem\",\"position\":3,\"name\":\"Bang Tn 12000 Puffs Strawberry Ice f\u00fcr den besten Dampfgenuss\"}]},{\"@type\":\"WebSite\",\"@id\":\"https:\/\/vapingnet.de\/#website\",\"url\":\"https:\/\/vapingnet.de\/\",\"name\":\"Vapingnet.de\",\"description\":\"\",\"publisher\":{\"@id\":\"https:\/\/vapingnet.de\/#organization\"},\"potentialAction\":[{\"@type\":\"SearchAction\",\"target\":{\"@type\":\"EntryPoint\",\"urlTemplate\":\"https:\/\/vapingnet.de\/?s={search_term_string}\"},\"query-input\":{\"@type\":\"PropertyValueSpecification\",\"valueRequired\":true,\"valueName\":\"search_term_string\"}}],\"inLanguage\":\"it-IT\"},{\"@type\":\"Organization\",\"@id\":\"https:\/\/vapingnet.de\/#organization\",\"name\":\"Vapingnet.de\",\"url\":\"https:\/\/vapingnet.de\/\",\"logo\":{\"@type\":\"ImageObject\",\"inLanguage\":\"it-IT\",\"@id\":\"https:\/\/vapingnet.de\/#\/schema\/logo\/image\/\",\"url\":\"https:\/\/vapingnet.de\/wp-content\/uploads\/2025\/03\/cropped-vapingnet.de_.jpg\",\"contentUrl\":\"https:\/\/vapingnet.de\/wp-content\/uploads\/2025\/03\/cropped-vapingnet.de_.jpg\",\"width\":512,\"height\":512,\"caption\":\"Vapingnet.de\"},\"image\":{\"@id\":\"https:\/\/vapingnet.de\/#\/schema\/logo\/image\/\"},\"sameAs\":[\"https:\/\/www.facebook.com\/vapingnetde\/\"]}]}<\/script>\n<!-- \/ Yoast SEO plugin. -->","yoast_head_json":{"title":"Bang Tn 12000 Puffs Strawberry Ice f\u00fcr den besten Dampfgenuss | Vapingnet.de","description":"Entdecke Bang Tn 12000 Puffs Strawberry Ice f\u00fcr den besten Dampfgenuss bei vapingnet.de, \u25ba Gro\u00dfe Auswahl an Geschmacksrichtungen & super g\u00fcnstig!","robots":{"index":"index","follow":"follow","max-snippet":"max-snippet:-1","max-image-preview":"max-image-preview:large","max-video-preview":"max-video-preview:-1"},"canonical":"https:\/\/vapingnet.de\/it\/vape\/bang-tn-12000-puffs-strawberry-ice-fuer-den-besten-dampfgenuss\/","og_locale":"it_IT","og_type":"article","og_title":"Bang Tn 12000 Puffs Strawberry Ice f\u00fcr den besten Dampfgenuss | Vapingnet.de","og_description":"Entdecke Bang Tn 12000 Puffs Strawberry Ice f\u00fcr den besten Dampfgenuss bei vapingnet.de, \u25ba Gro\u00dfe Auswahl an Geschmacksrichtungen & super g\u00fcnstig!","og_url":"https:\/\/vapingnet.de\/it\/vape\/bang-tn-12000-puffs-strawberry-ice-fuer-den-besten-dampfgenuss\/","og_site_name":"Vapingnet.de","article_publisher":"https:\/\/www.facebook.com\/vapingnetde\/","article_modified_time":"2025-12-30T08:41:18+00:00","og_image":[{"width":1000,"height":1000,"url":"https:\/\/vapingnet.de\/wp-content\/uploads\/2025\/04\/Watermelon-Strawberry-1.png","type":"image\/png"}],"twitter_card":"summary_large_image","twitter_misc":{"Est. reading time":"3 minutes"},"schema":{"@context":"https:\/\/schema.org","@graph":[{"@type":"WebPage","@id":"https:\/\/vapingnet.de\/vape\/bang-tn-12000-puffs-strawberry-ice-fuer-den-besten-dampfgenuss\/","url":"https:\/\/vapingnet.de\/vape\/bang-tn-12000-puffs-strawberry-ice-fuer-den-besten-dampfgenuss\/","name":"Bang Tn 12000 Puffs Strawberry Ice f\u00fcr den besten Dampfgenuss | Vapingnet.de","isPartOf":{"@id":"https:\/\/vapingnet.de\/#website"},"primaryImageOfPage":{"@id":"https:\/\/vapingnet.de\/vape\/bang-tn-12000-puffs-strawberry-ice-fuer-den-besten-dampfgenuss\/#primaryimage"},"image":{"@id":"https:\/\/vapingnet.de\/vape\/bang-tn-12000-puffs-strawberry-ice-fuer-den-besten-dampfgenuss\/#primaryimage"},"thumbnailUrl":"https:\/\/vapingnet.de\/wp-content\/uploads\/2025\/04\/Watermelon-Strawberry-1.png","datePublished":"2025-04-11T02:33:04+00:00","dateModified":"2025-12-30T08:41:18+00:00","description":"Entdecke Bang Tn 12000 Puffs Strawberry Ice f\u00fcr den besten Dampfgenuss bei vapingnet.de, \u25ba Gro\u00dfe Auswahl an Geschmacksrichtungen & super g\u00fcnstig!","breadcrumb":{"@id":"https:\/\/vapingnet.de\/vape\/bang-tn-12000-puffs-strawberry-ice-fuer-den-besten-dampfgenuss\/#breadcrumb"},"inLanguage":"it-IT","potentialAction":[{"@type":"ReadAction","target":["https:\/\/vapingnet.de\/vape\/bang-tn-12000-puffs-strawberry-ice-fuer-den-besten-dampfgenuss\/"]}]},{"@type":"ImageObject","inLanguage":"it-IT","@id":"https:\/\/vapingnet.de\/vape\/bang-tn-12000-puffs-strawberry-ice-fuer-den-besten-dampfgenuss\/#primaryimage","url":"https:\/\/vapingnet.de\/wp-content\/uploads\/2025\/04\/Watermelon-Strawberry-1.png","contentUrl":"https:\/\/vapingnet.de\/wp-content\/uploads\/2025\/04\/Watermelon-Strawberry-1.png","width":1000,"height":1000},{"@type":"BreadcrumbList","@id":"https:\/\/vapingnet.de\/vape\/bang-tn-12000-puffs-strawberry-ice-fuer-den-besten-dampfgenuss\/#breadcrumb","itemListElement":[{"@type":"ListItem","position":1,"name":"Home","item":"https:\/\/vapingnet.de\/"},{"@type":"ListItem","position":2,"name":"Shop","item":"https:\/\/vapingnet.de\/vape\/"},{"@type":"ListItem","position":3,"name":"Bang Tn 12000 Puffs Strawberry Ice f\u00fcr den besten Dampfgenuss"}]},{"@type":"WebSite","@id":"https:\/\/vapingnet.de\/#website","url":"https:\/\/vapingnet.de\/","name":"Vapingnet.de","description":"","publisher":{"@id":"https:\/\/vapingnet.de\/#organization"},"potentialAction":[{"@type":"SearchAction","target":{"@type":"EntryPoint","urlTemplate":"https:\/\/vapingnet.de\/?s={search_term_string}"},"query-input":{"@type":"PropertyValueSpecification","valueRequired":true,"valueName":"search_term_string"}}],"inLanguage":"it-IT"},{"@type":"Organization","@id":"https:\/\/vapingnet.de\/#organization","name":"Vapingnet.de","url":"https:\/\/vapingnet.de\/","logo":{"@type":"ImageObject","inLanguage":"it-IT","@id":"https:\/\/vapingnet.de\/#\/schema\/logo\/image\/","url":"https:\/\/vapingnet.de\/wp-content\/uploads\/2025\/03\/cropped-vapingnet.de_.jpg","contentUrl":"https:\/\/vapingnet.de\/wp-content\/uploads\/2025\/03\/cropped-vapingnet.de_.jpg","width":512,"height":512,"caption":"Vapingnet.de"},"image":{"@id":"https:\/\/vapingnet.de\/#\/schema\/logo\/image\/"},"sameAs":["https:\/\/www.facebook.com\/vapingnetde\/"]}]}},"tiered_pricing_type":"fixed","tiered_pricing_fixed_rules":{"10":"7.31","60":"6.58","110":"5.85","200":"5.12"},"tiered_pricing_product_settings":{"layout":"default","base_unit_name":{"singular":null,"plural":null},"default_variation":null},"tiered_pricing_minimum_quantity":null,"tiered_pricing_roles_data":[],"tiered_pricing_percentage_rules":[],"_links":{"self":[{"href":"https:\/\/vapingnet.de\/it\/wp-json\/wp\/v2\/product\/6228","targetHints":{"allow":["GET"]}}],"collection":[{"href":"https:\/\/vapingnet.de\/it\/wp-json\/wp\/v2\/product"}],"about":[{"href":"https:\/\/vapingnet.de\/it\/wp-json\/wp\/v2\/types\/product"}],"version-history":[{"count":3,"href":"https:\/\/vapingnet.de\/it\/wp-json\/wp\/v2\/product\/6228\/revisions"}],"predecessor-version":[{"id":6240,"href":"https:\/\/vapingnet.de\/it\/wp-json\/wp\/v2\/product\/6228\/revisions\/6240"}],"wp:featuredmedia":[{"embeddable":true,"href":"https:\/\/vapingnet.de\/it\/wp-json\/wp\/v2\/media\/6233"}],"wp:attachment":[{"href":"https:\/\/vapingnet.de\/it\/wp-json\/wp\/v2\/media?parent=6228"}],"wp:term":[{"taxonomy":"brand","embeddable":true,"href":"https:\/\/vapingnet.de\/it\/wp-json\/wp\/v2\/etheme_brands?post=6228"},{"taxonomy":"product_brand","embeddable":true,"href":"https:\/\/vapingnet.de\/it\/wp-json\/wp\/v2\/product_brand?post=6228"},{"taxonomy":"product_cat","embeddable":true,"href":"https:\/\/vapingnet.de\/it\/wp-json\/wp\/v2\/product_cat?post=6228"},{"taxonomy":"product_tag","embeddable":true,"href":"https:\/\/vapingnet.de\/it\/wp-json\/wp\/v2\/product_tag?post=6228"}],"curies":[{"name":"wp","href":"https:\/\/api.w.org\/{rel}","templated":true}]}}