{"id":6242,"date":"2025-04-11T05:55:19","date_gmt":"2025-04-11T05:55:19","guid":{"rendered":"https:\/\/vapingnet.de\/?post_type=product&#038;p=6242"},"modified":"2025-12-30T08:41:01","modified_gmt":"2025-12-30T08:41:01","slug":"bang-tn-12000-puffs-mixed-fruit-geschmack-jetzt-weltweit-erhaeltlich","status":"publish","type":"product","link":"https:\/\/vapingnet.de\/it\/vape\/bang-tn-12000-puffs-mixed-fruit-geschmack-jetzt-weltweit-erhaeltlich\/","title":{"rendered":"Bang Tn 12000 Puffs Gusto Frutta Mista ora disponibile in tutto il mondo"},"content":{"rendered":"<h2 data-start=\"0\" data-end=\"68\" data-immersive-translate-walked=\"4098eeb9-b934-4946-a4a3-df91369970b7\">Bang Tn 12000 Puffs \u2013 Il dispositivo usa e getta per un piacere duraturo<\/h2>\n<p class=\"\" data-start=\"70\" data-end=\"460\" data-immersive-translate-paragraph=\"1\" data-immersive-translate-walked=\"4098eeb9-b934-4946-a4a3-df91369970b7\">La Bang Tn 12000 Puffs \u00e8 una sigaretta elettronica usa e getta, progettata appositamente per i vapers che cercano un prodotto pratico, potente e durevole. Con una capacit\u00e0 impressionante di 20 ml di liquido e la capacit\u00e0 di erogare fino a 12.000 tiri, offre una durata d'uso eccezionalmente lunga e un'esperienza di svapo intensa.<\/p>\n<h4 data-start=\"462\" data-end=\"498\" data-immersive-translate-walked=\"4098eeb9-b934-4946-a4a3-df91369970b7\" data-immersive-translate-paragraph=\"1\">Potenza e caratteristiche tecniche<\/h4>\n<ul data-start=\"500\" data-end=\"1144\" data-immersive-translate-walked=\"4098eeb9-b934-4946-a4a3-df91369970b7\">\n<li class=\"\" data-start=\"500\" data-end=\"682\" data-immersive-translate-walked=\"4098eeb9-b934-4946-a4a3-df91369970b7\">\n<p class=\"\" data-start=\"502\" data-end=\"682\" data-immersive-translate-walked=\"4098eeb9-b934-4946-a4a3-df91369970b7\" data-immersive-translate-paragraph=\"1\">Batteria: La batteria da 650mAh garantisce che la Bang Tn 12000 Puffs possa essere utilizzata per un periodo prolungato senza necessit\u00e0 di ricarica.<\/p>\n<\/li>\n<li class=\"\" data-start=\"683\" data-end=\"855\" data-immersive-translate-walked=\"4098eeb9-b934-4946-a4a3-df91369970b7\">\n<p class=\"\" data-start=\"685\" data-end=\"855\" data-immersive-translate-walked=\"4098eeb9-b934-4946-a4a3-df91369970b7\" data-immersive-translate-paragraph=\"1\">Resistenza Mesh: Con una resistenza di 1.2\u03a9, la resistenza Mesh assicura una vaporizzazione uniforme, valorizzando il gusto ad ogni tiro.<\/p>\n<\/li>\n<li class=\"\" data-start=\"856\" data-end=\"1012\" data-immersive-translate-walked=\"4098eeb9-b934-4946-a4a3-df91369970b7\">\n<p class=\"\" data-start=\"858\" data-end=\"1012\" data-immersive-translate-walked=\"4098eeb9-b934-4946-a4a3-df91369970b7\" data-immersive-translate-paragraph=\"1\">Connessione USB-C: La connessione USB-C permette una ricarica rapida e semplice del dispositivo con una potenza di ingresso di 5 V, 1 A.<\/p>\n<\/li>\n<li class=\"\" data-start=\"1013\" data-end=\"1144\" data-immersive-translate-walked=\"4098eeb9-b934-4946-a4a3-df91369970b7\">\n<p class=\"\" data-start=\"1015\" data-end=\"1144\" data-immersive-translate-walked=\"4098eeb9-b934-4946-a4a3-df91369970b7\" data-immersive-translate-paragraph=\"1\">Materiale: Realizzata in robusto materiale PC, la Bang Tn 12000 Puffs \u00e8 particolarmente resistente e durevole.<\/p>\n<\/li>\n<\/ul>\n<h4 data-start=\"1146\" data-end=\"1182\" data-immersive-translate-walked=\"4098eeb9-b934-4946-a4a3-df91369970b7\" data-immersive-translate-paragraph=\"1\">Esperienza di gusto \u2013 Frutta Mista<\/h4>\n<p class=\"\" data-start=\"1184\" data-end=\"1597\" data-immersive-translate-walked=\"4098eeb9-b934-4946-a4a3-df91369970b7\" data-immersive-translate-paragraph=\"1\">La variante di gusto Frutta Mista \u00e8 una combinazione perfetta di diverse note fruttate, che portano a un sapore fresco, dolce e comunque equilibrato. Questa variante \u00e8 particolarmente adatta a vapers che amano aromi fruttati e preferiscono un mix di diversi frutti. Il gusto equilibrato garantisce un'esperienza di svapo piacevole per un lungo periodo.<\/p>\n<h4 data-start=\"1599\" data-end=\"1618\" data-immersive-translate-walked=\"4098eeb9-b934-4946-a4a3-df91369970b7\" data-immersive-translate-paragraph=\"1\">Opzioni di nicotina<\/h4>\n<p class=\"\" data-start=\"1620\" data-end=\"1989\" data-immersive-translate-walked=\"4098eeb9-b934-4946-a4a3-df91369970b7\" data-immersive-translate-paragraph=\"1\">La Bang Tn 12000 Puffs offre diverse concentrazioni di nicotina: 0%, 2%, 3% e 5%, cos\u00ec ogni vaper pu\u00f2 scegliere l'opzione pi\u00f9 adatta. Che si voglia svapare senza nicotina o cercare un'assunzione pi\u00f9 intensa, la Bang Tn 12000 Puffs assicura che ci sia una variante adatta a ogni gusto e esigenza.<\/p>\n<h4 data-start=\"1991\" data-end=\"2024\" data-immersive-translate-walked=\"4098eeb9-b934-4946-a4a3-df91369970b7\" data-immersive-translate-paragraph=\"1\">Vantaggi per acquirenti in Europa<\/h4>\n<ul data-start=\"2026\" data-end=\"2415\" data-immersive-translate-walked=\"4098eeb9-b934-4946-a4a3-df91369970b7\">\n<li class=\"\" data-start=\"2026\" data-end=\"2223\" data-immersive-translate-walked=\"4098eeb9-b934-4946-a4a3-df91369970b7\">\n<p class=\"\" data-start=\"2028\" data-end=\"2223\" data-immersive-translate-walked=\"4098eeb9-b934-4946-a4a3-df91369970b7\" data-immersive-translate-paragraph=\"1\">Dogana: L'acquisto di Bang Tn 12000 Puffs all'interno dell'Unione Europea \u00e8 esente da dogana, il che significa che non ci sono costi aggiuntivi e il processo di acquisto rimane trasparente.<\/p>\n<\/li>\n<li class=\"\" data-start=\"2224\" data-end=\"2415\" data-immersive-translate-walked=\"4098eeb9-b934-4946-a4a3-df91369970b7\">\n<p class=\"\" data-start=\"2226\" data-end=\"2415\" data-immersive-translate-walked=\"4098eeb9-b934-4946-a4a3-df91369970b7\" data-immersive-translate-paragraph=\"1\">Consegna rapida: La Bang Tn 12000 Puffs viene generalmente consegnata entro 7-15 giorni lavorativi, garantendo ai clienti una consegna veloce e affidabile.<\/p>\n<\/li>\n<\/ul>\n<h4 data-start=\"2417\" data-end=\"2441\" data-immersive-translate-walked=\"4098eeb9-b934-4946-a4a3-df91369970b7\" data-immersive-translate-paragraph=\"1\">Opzioni di ordine<\/h4>\n<p class=\"\" data-start=\"2443\" data-end=\"2698\" data-immersive-translate-walked=\"4098eeb9-b934-4946-a4a3-df91369970b7\" data-immersive-translate-paragraph=\"1\">La Bang Tn 12000 Puffs \u00e8 disponibile su vapingnet.de, un negozio online consolidato che offre una vasta gamma di prodotti per svapatori. I clienti possono ordinare comodamente online e contare su una consegna sicura senza costi nascosti.<\/p>\n<h3>Perch\u00e9 la Bang Tn 12000 Puffs \u00e8 la scelta perfetta<\/h3>\n<p class=\"\" data-start=\"2757\" data-end=\"3358\" data-immersive-translate-walked=\"4098eeb9-b934-4946-a4a3-df91369970b7\" data-immersive-translate-paragraph=\"1\">La Bang Tn 12000 Puffs \u00e8 una scelta eccellente per i vaper che cercano una sigaretta elettronica usa e getta potente, durevole e facile da usare. La capacit\u00e0 di liquido generosa, l'alto numero di tiri, il gusto fresco di Frutta Mista e le diverse concentrazioni di nicotina rendono questo modello un prodotto indispensabile per chi desidera godersi lo svapo a pieno. Con un ordine semplice e una consegna rapida tramite vapingnet.de, puoi essere sicuro di ricevere un prodotto di alta qualit\u00e0 che ti accompagner\u00e0 a lungo.<\/p>","protected":false},"excerpt":{"rendered":"<p>Bang Tn 12000 Puffs \u2013 Das Einwegger\u00e4t f\u00fcr langanhaltenden Genuss Die Bang Tn 12000 Puffs ist eine Einweg-E-Zigarette, die speziell f\u00fcr Dampfer entwickelt wurde, die&#8230;<\/p>","protected":false},"featured_media":6248,"template":"","meta":[],"etheme_brands":[],"product_brand":[101],"product_cat":[88,49,61],"product_tag":[],"class_list":{"0":"post-6242","1":"product","2":"type-product","3":"status-publish","4":"has-post-thumbnail","6":"product_brand-bang-king-vape","7":"product_cat-12k-vape","8":"product_cat-einweg-e-zigarette","9":"product_cat-f","11":"first","12":"instock","13":"shipping-taxable","14":"purchasable","15":"product-type-simple"},"yoast_head":"<!-- This site is optimized with the Yoast SEO plugin v26.5 - https:\/\/yoast.com\/wordpress\/plugins\/seo\/ -->\n<title>Bang Tn 12000 Puffs Mixed Fruit Geschmack jetzt weltweit erh\u00e4ltlich | Vapingnet.de<\/title>\n<meta name=\"description\" content=\"Entdecke Bang Tn 12000 Puffs Mixed Fruit Geschmack jetzt weltweit erh\u00e4ltlich bei vapingnet.de, \u25ba Gro\u00dfe Auswahl an Geschmacksrichtungen &amp; super g\u00fcnstig!\" \/>\n<meta name=\"robots\" content=\"index, follow, max-snippet:-1, max-image-preview:large, max-video-preview:-1\" \/>\n<link rel=\"canonical\" href=\"https:\/\/vapingnet.de\/it\/vape\/bang-tn-12000-puffs-mixed-fruit-geschmack-jetzt-weltweit-erhaeltlich\/\" \/>\n<meta property=\"og:locale\" content=\"it_IT\" \/>\n<meta property=\"og:type\" content=\"article\" \/>\n<meta property=\"og:title\" content=\"Bang Tn 12000 Puffs Mixed Fruit Geschmack jetzt weltweit erh\u00e4ltlich | Vapingnet.de\" \/>\n<meta property=\"og:description\" content=\"Entdecke Bang Tn 12000 Puffs Mixed Fruit Geschmack jetzt weltweit erh\u00e4ltlich bei vapingnet.de, \u25ba Gro\u00dfe Auswahl an Geschmacksrichtungen &amp; super g\u00fcnstig!\" \/>\n<meta property=\"og:url\" content=\"https:\/\/vapingnet.de\/it\/vape\/bang-tn-12000-puffs-mixed-fruit-geschmack-jetzt-weltweit-erhaeltlich\/\" \/>\n<meta property=\"og:site_name\" content=\"Vapingnet.de\" \/>\n<meta property=\"article:publisher\" content=\"https:\/\/www.facebook.com\/vapingnetde\/\" \/>\n<meta property=\"article:modified_time\" content=\"2025-12-30T08:41:01+00:00\" \/>\n<meta property=\"og:image\" content=\"https:\/\/vapingnet.de\/wp-content\/uploads\/2025\/04\/Mixed-Fruit.png\" \/>\n\t<meta property=\"og:image:width\" content=\"1000\" \/>\n\t<meta property=\"og:image:height\" content=\"1000\" \/>\n\t<meta property=\"og:image:type\" content=\"image\/png\" \/>\n<meta name=\"twitter:card\" content=\"summary_large_image\" \/>\n<meta name=\"twitter:label1\" content=\"Est. reading time\" \/>\n\t<meta name=\"twitter:data1\" content=\"3 minutes\" \/>\n<script type=\"application\/ld+json\" class=\"yoast-schema-graph\">{\"@context\":\"https:\/\/schema.org\",\"@graph\":[{\"@type\":\"WebPage\",\"@id\":\"https:\/\/vapingnet.de\/vape\/bang-tn-12000-puffs-mixed-fruit-geschmack-jetzt-weltweit-erhaeltlich\/\",\"url\":\"https:\/\/vapingnet.de\/vape\/bang-tn-12000-puffs-mixed-fruit-geschmack-jetzt-weltweit-erhaeltlich\/\",\"name\":\"Bang Tn 12000 Puffs Mixed Fruit Geschmack jetzt weltweit erh\u00e4ltlich | Vapingnet.de\",\"isPartOf\":{\"@id\":\"https:\/\/vapingnet.de\/#website\"},\"primaryImageOfPage\":{\"@id\":\"https:\/\/vapingnet.de\/vape\/bang-tn-12000-puffs-mixed-fruit-geschmack-jetzt-weltweit-erhaeltlich\/#primaryimage\"},\"image\":{\"@id\":\"https:\/\/vapingnet.de\/vape\/bang-tn-12000-puffs-mixed-fruit-geschmack-jetzt-weltweit-erhaeltlich\/#primaryimage\"},\"thumbnailUrl\":\"https:\/\/vapingnet.de\/wp-content\/uploads\/2025\/04\/Mixed-Fruit.png\",\"datePublished\":\"2025-04-11T05:55:19+00:00\",\"dateModified\":\"2025-12-30T08:41:01+00:00\",\"description\":\"Entdecke Bang Tn 12000 Puffs Mixed Fruit Geschmack jetzt weltweit erh\u00e4ltlich bei vapingnet.de, \u25ba Gro\u00dfe Auswahl an Geschmacksrichtungen & super g\u00fcnstig!\",\"breadcrumb\":{\"@id\":\"https:\/\/vapingnet.de\/vape\/bang-tn-12000-puffs-mixed-fruit-geschmack-jetzt-weltweit-erhaeltlich\/#breadcrumb\"},\"inLanguage\":\"it-IT\",\"potentialAction\":[{\"@type\":\"ReadAction\",\"target\":[\"https:\/\/vapingnet.de\/vape\/bang-tn-12000-puffs-mixed-fruit-geschmack-jetzt-weltweit-erhaeltlich\/\"]}]},{\"@type\":\"ImageObject\",\"inLanguage\":\"it-IT\",\"@id\":\"https:\/\/vapingnet.de\/vape\/bang-tn-12000-puffs-mixed-fruit-geschmack-jetzt-weltweit-erhaeltlich\/#primaryimage\",\"url\":\"https:\/\/vapingnet.de\/wp-content\/uploads\/2025\/04\/Mixed-Fruit.png\",\"contentUrl\":\"https:\/\/vapingnet.de\/wp-content\/uploads\/2025\/04\/Mixed-Fruit.png\",\"width\":1000,\"height\":1000},{\"@type\":\"BreadcrumbList\",\"@id\":\"https:\/\/vapingnet.de\/vape\/bang-tn-12000-puffs-mixed-fruit-geschmack-jetzt-weltweit-erhaeltlich\/#breadcrumb\",\"itemListElement\":[{\"@type\":\"ListItem\",\"position\":1,\"name\":\"Home\",\"item\":\"https:\/\/vapingnet.de\/\"},{\"@type\":\"ListItem\",\"position\":2,\"name\":\"Shop\",\"item\":\"https:\/\/vapingnet.de\/vape\/\"},{\"@type\":\"ListItem\",\"position\":3,\"name\":\"Bang Tn 12000 Puffs Mixed Fruit Geschmack jetzt weltweit erh\u00e4ltlich\"}]},{\"@type\":\"WebSite\",\"@id\":\"https:\/\/vapingnet.de\/#website\",\"url\":\"https:\/\/vapingnet.de\/\",\"name\":\"Vapingnet.de\",\"description\":\"\",\"publisher\":{\"@id\":\"https:\/\/vapingnet.de\/#organization\"},\"potentialAction\":[{\"@type\":\"SearchAction\",\"target\":{\"@type\":\"EntryPoint\",\"urlTemplate\":\"https:\/\/vapingnet.de\/?s={search_term_string}\"},\"query-input\":{\"@type\":\"PropertyValueSpecification\",\"valueRequired\":true,\"valueName\":\"search_term_string\"}}],\"inLanguage\":\"it-IT\"},{\"@type\":\"Organization\",\"@id\":\"https:\/\/vapingnet.de\/#organization\",\"name\":\"Vapingnet.de\",\"url\":\"https:\/\/vapingnet.de\/\",\"logo\":{\"@type\":\"ImageObject\",\"inLanguage\":\"it-IT\",\"@id\":\"https:\/\/vapingnet.de\/#\/schema\/logo\/image\/\",\"url\":\"https:\/\/vapingnet.de\/wp-content\/uploads\/2025\/03\/cropped-vapingnet.de_.jpg\",\"contentUrl\":\"https:\/\/vapingnet.de\/wp-content\/uploads\/2025\/03\/cropped-vapingnet.de_.jpg\",\"width\":512,\"height\":512,\"caption\":\"Vapingnet.de\"},\"image\":{\"@id\":\"https:\/\/vapingnet.de\/#\/schema\/logo\/image\/\"},\"sameAs\":[\"https:\/\/www.facebook.com\/vapingnetde\/\"]}]}<\/script>\n<!-- \/ Yoast SEO plugin. -->","yoast_head_json":{"title":"Bang Tn 12000 Puffs Mixed Fruit Geschmack jetzt weltweit erh\u00e4ltlich | Vapingnet.de","description":"Entdecke Bang Tn 12000 Puffs Mixed Fruit Geschmack jetzt weltweit erh\u00e4ltlich bei vapingnet.de, \u25ba Gro\u00dfe Auswahl an Geschmacksrichtungen & super g\u00fcnstig!","robots":{"index":"index","follow":"follow","max-snippet":"max-snippet:-1","max-image-preview":"max-image-preview:large","max-video-preview":"max-video-preview:-1"},"canonical":"https:\/\/vapingnet.de\/it\/vape\/bang-tn-12000-puffs-mixed-fruit-geschmack-jetzt-weltweit-erhaeltlich\/","og_locale":"it_IT","og_type":"article","og_title":"Bang Tn 12000 Puffs Mixed Fruit Geschmack jetzt weltweit erh\u00e4ltlich | Vapingnet.de","og_description":"Entdecke Bang Tn 12000 Puffs Mixed Fruit Geschmack jetzt weltweit erh\u00e4ltlich bei vapingnet.de, \u25ba Gro\u00dfe Auswahl an Geschmacksrichtungen & super g\u00fcnstig!","og_url":"https:\/\/vapingnet.de\/it\/vape\/bang-tn-12000-puffs-mixed-fruit-geschmack-jetzt-weltweit-erhaeltlich\/","og_site_name":"Vapingnet.de","article_publisher":"https:\/\/www.facebook.com\/vapingnetde\/","article_modified_time":"2025-12-30T08:41:01+00:00","og_image":[{"width":1000,"height":1000,"url":"https:\/\/vapingnet.de\/wp-content\/uploads\/2025\/04\/Mixed-Fruit.png","type":"image\/png"}],"twitter_card":"summary_large_image","twitter_misc":{"Est. reading time":"3 minutes"},"schema":{"@context":"https:\/\/schema.org","@graph":[{"@type":"WebPage","@id":"https:\/\/vapingnet.de\/vape\/bang-tn-12000-puffs-mixed-fruit-geschmack-jetzt-weltweit-erhaeltlich\/","url":"https:\/\/vapingnet.de\/vape\/bang-tn-12000-puffs-mixed-fruit-geschmack-jetzt-weltweit-erhaeltlich\/","name":"Bang Tn 12000 Puffs Mixed Fruit Geschmack jetzt weltweit erh\u00e4ltlich | Vapingnet.de","isPartOf":{"@id":"https:\/\/vapingnet.de\/#website"},"primaryImageOfPage":{"@id":"https:\/\/vapingnet.de\/vape\/bang-tn-12000-puffs-mixed-fruit-geschmack-jetzt-weltweit-erhaeltlich\/#primaryimage"},"image":{"@id":"https:\/\/vapingnet.de\/vape\/bang-tn-12000-puffs-mixed-fruit-geschmack-jetzt-weltweit-erhaeltlich\/#primaryimage"},"thumbnailUrl":"https:\/\/vapingnet.de\/wp-content\/uploads\/2025\/04\/Mixed-Fruit.png","datePublished":"2025-04-11T05:55:19+00:00","dateModified":"2025-12-30T08:41:01+00:00","description":"Entdecke Bang Tn 12000 Puffs Mixed Fruit Geschmack jetzt weltweit erh\u00e4ltlich bei vapingnet.de, \u25ba Gro\u00dfe Auswahl an Geschmacksrichtungen & super g\u00fcnstig!","breadcrumb":{"@id":"https:\/\/vapingnet.de\/vape\/bang-tn-12000-puffs-mixed-fruit-geschmack-jetzt-weltweit-erhaeltlich\/#breadcrumb"},"inLanguage":"it-IT","potentialAction":[{"@type":"ReadAction","target":["https:\/\/vapingnet.de\/vape\/bang-tn-12000-puffs-mixed-fruit-geschmack-jetzt-weltweit-erhaeltlich\/"]}]},{"@type":"ImageObject","inLanguage":"it-IT","@id":"https:\/\/vapingnet.de\/vape\/bang-tn-12000-puffs-mixed-fruit-geschmack-jetzt-weltweit-erhaeltlich\/#primaryimage","url":"https:\/\/vapingnet.de\/wp-content\/uploads\/2025\/04\/Mixed-Fruit.png","contentUrl":"https:\/\/vapingnet.de\/wp-content\/uploads\/2025\/04\/Mixed-Fruit.png","width":1000,"height":1000},{"@type":"BreadcrumbList","@id":"https:\/\/vapingnet.de\/vape\/bang-tn-12000-puffs-mixed-fruit-geschmack-jetzt-weltweit-erhaeltlich\/#breadcrumb","itemListElement":[{"@type":"ListItem","position":1,"name":"Home","item":"https:\/\/vapingnet.de\/"},{"@type":"ListItem","position":2,"name":"Shop","item":"https:\/\/vapingnet.de\/vape\/"},{"@type":"ListItem","position":3,"name":"Bang Tn 12000 Puffs Mixed Fruit Geschmack jetzt weltweit erh\u00e4ltlich"}]},{"@type":"WebSite","@id":"https:\/\/vapingnet.de\/#website","url":"https:\/\/vapingnet.de\/","name":"Vapingnet.de","description":"","publisher":{"@id":"https:\/\/vapingnet.de\/#organization"},"potentialAction":[{"@type":"SearchAction","target":{"@type":"EntryPoint","urlTemplate":"https:\/\/vapingnet.de\/?s={search_term_string}"},"query-input":{"@type":"PropertyValueSpecification","valueRequired":true,"valueName":"search_term_string"}}],"inLanguage":"it-IT"},{"@type":"Organization","@id":"https:\/\/vapingnet.de\/#organization","name":"Vapingnet.de","url":"https:\/\/vapingnet.de\/","logo":{"@type":"ImageObject","inLanguage":"it-IT","@id":"https:\/\/vapingnet.de\/#\/schema\/logo\/image\/","url":"https:\/\/vapingnet.de\/wp-content\/uploads\/2025\/03\/cropped-vapingnet.de_.jpg","contentUrl":"https:\/\/vapingnet.de\/wp-content\/uploads\/2025\/03\/cropped-vapingnet.de_.jpg","width":512,"height":512,"caption":"Vapingnet.de"},"image":{"@id":"https:\/\/vapingnet.de\/#\/schema\/logo\/image\/"},"sameAs":["https:\/\/www.facebook.com\/vapingnetde\/"]}]}},"tiered_pricing_type":"fixed","tiered_pricing_fixed_rules":{"10":"7.31","60":"6.58","110":"5.85","200":"5.12"},"tiered_pricing_product_settings":{"layout":"default","base_unit_name":{"singular":null,"plural":null},"default_variation":null},"tiered_pricing_minimum_quantity":null,"tiered_pricing_roles_data":[],"tiered_pricing_percentage_rules":[],"_links":{"self":[{"href":"https:\/\/vapingnet.de\/it\/wp-json\/wp\/v2\/product\/6242","targetHints":{"allow":["GET"]}}],"collection":[{"href":"https:\/\/vapingnet.de\/it\/wp-json\/wp\/v2\/product"}],"about":[{"href":"https:\/\/vapingnet.de\/it\/wp-json\/wp\/v2\/types\/product"}],"version-history":[{"count":1,"href":"https:\/\/vapingnet.de\/it\/wp-json\/wp\/v2\/product\/6242\/revisions"}],"predecessor-version":[{"id":6254,"href":"https:\/\/vapingnet.de\/it\/wp-json\/wp\/v2\/product\/6242\/revisions\/6254"}],"wp:featuredmedia":[{"embeddable":true,"href":"https:\/\/vapingnet.de\/it\/wp-json\/wp\/v2\/media\/6248"}],"wp:attachment":[{"href":"https:\/\/vapingnet.de\/it\/wp-json\/wp\/v2\/media?parent=6242"}],"wp:term":[{"taxonomy":"brand","embeddable":true,"href":"https:\/\/vapingnet.de\/it\/wp-json\/wp\/v2\/etheme_brands?post=6242"},{"taxonomy":"product_brand","embeddable":true,"href":"https:\/\/vapingnet.de\/it\/wp-json\/wp\/v2\/product_brand?post=6242"},{"taxonomy":"product_cat","embeddable":true,"href":"https:\/\/vapingnet.de\/it\/wp-json\/wp\/v2\/product_cat?post=6242"},{"taxonomy":"product_tag","embeddable":true,"href":"https:\/\/vapingnet.de\/it\/wp-json\/wp\/v2\/product_tag?post=6242"}],"curies":[{"name":"wp","href":"https:\/\/api.w.org\/{rel}","templated":true}]}}