{"id":6243,"date":"2025-04-11T05:55:20","date_gmt":"2025-04-11T05:55:20","guid":{"rendered":"https:\/\/vapingnet.de\/?post_type=product&#038;p=6243"},"modified":"2025-12-30T08:40:51","modified_gmt":"2025-12-30T08:40:51","slug":"grape-ice-bang-tn-12000-puffs-high-quality-und-ohne-zollkosten","status":"publish","type":"product","link":"https:\/\/vapingnet.de\/it\/vape\/grape-ice-bang-tn-12000-puffs-high-quality-und-ohne-zollkosten\/","title":{"rendered":"Grape Ice Bang Tn 12000 Puffs Alta qualit\u00e0 e senza costi doganali"},"content":{"rendered":"<p class=\"\" data-start=\"0\" data-end=\"503\">La sigaretta elettronica usa e getta Bang Tn 12000 Puffs stabilisce nuovi standard per i vapers che cercano una soluzione durevole e potente. Con una capacit\u00e0 di 20 ml di liquido e la capacit\u00e0 di fornire fino a 12.000 tiri, questo modello offre un piacere di vapore eccezionale. Combinato con un gusto unico di Grape Ice e diverse concentrazioni di nicotina, \u00e8 una scelta ideale per i vapers che cercano comfort e un'esperienza di svapo intensa.<\/p>\n<h2 data-start=\"505\" data-end=\"555\">Caratteristiche principali della Bang Tn 12000 Puffs<\/h2>\n<p class=\"\" data-start=\"557\" data-end=\"875\">Lunga durata<br data-start=\"580\" data-end=\"583\" \/>La Bang Tn 12000 Puffs si distingue per la sua capacit\u00e0 eccezionale. Con una batteria da 650mAh, puoi goderti fino a 12.000 tiri prima che la batteria si esaurisca. Questo rende il dispositivo un compagno perfetto per sessioni di svapo prolungate o per l'uso in movimento.<\/p>\n<p class=\"\" data-start=\"877\" data-end=\"1125\">Qualit\u00e0 del vapore migliorata<br data-start=\"906\" data-end=\"909\" \/>La coil in mesh con resistenza di 1.2\u03a9 garantisce una vaporizzazione uniforme, mantenendo il sapore intenso e costante. Ci\u00f2 significa che ogni tiro offre un'esperienza di vapore di alta qualit\u00e0 e costante.<\/p>\n<p class=\"\" data-start=\"1127\" data-end=\"1480\">Esperienza di gusto<br data-start=\"1149\" data-end=\"1152\" \/>Il gusto Grape Ice porta una miscela rinfrescante di uva dolce e mentolo rinfrescante. \u00c8 il gusto ideale per chi preferisce una componente fruttata e allo stesso tempo fresca e fredda. Il sapore rimane intenso durante tutto l'uso, rendendo lo svapo una vera gioia.<\/p>\n<p class=\"\" data-start=\"1482\" data-end=\"1746\">Opzioni di nicotina versatili<br data-start=\"1513\" data-end=\"1516\" \/>Che tu voglia consumare nicotina o meno, la Bang Tn 12000 Puffs offre una vasta gamma di opzioni: 0%, 2%, 3% e 5% di nicotina. Cos\u00ec puoi scegliere il livello di nicotina pi\u00f9 adatto a te.<\/p>\n<h4 data-start=\"1748\" data-end=\"1783\">Vantaggi per i clienti europei<\/h4>\n<p class=\"\" data-start=\"1785\" data-end=\"1906\">La Bang Tn 12000 Puffs \u00e8 un'ottima scelta per i vapers in Europa, poich\u00e9 offre alcuni vantaggi significativi:<\/p>\n<ul data-start=\"1908\" data-end=\"2335\">\n<li class=\"\" data-start=\"1908\" data-end=\"2121\">\n<p class=\"\" data-start=\"1910\" data-end=\"2121\">Senza dazi: all'acquisto di questo prodotto non sono applicati costi doganali aggiuntivi, poich\u00e9 \u00e8 disponibile all'interno dell'Unione Europea. Questo garantisce un'esperienza di acquisto senza problemi e senza costi nascosti.<\/p>\n<\/li>\n<li class=\"\" data-start=\"2122\" data-end=\"2335\">\n<p class=\"\" data-start=\"2124\" data-end=\"2335\">Consegna rapida: con un tempo di consegna di 7-15 giorni lavorativi, riceverai il tuo ordine in modo rapido e affidabile. Questo \u00e8 particolarmente importante se non vuoi aspettare a lungo il tuo nuovo prodotto.<\/p>\n<\/li>\n<\/ul>\n<h3>Dove acquistare la Bang Tn 12000 Puffs<\/h3>\n<p class=\"\" data-start=\"2387\" data-end=\"2699\">La Bang Tn 12000 Puffs \u00e8 disponibile sul sito web vapingnet.de. Questo negozio online offre una piattaforma facile da usare, dove puoi ordinare il prodotto in modo sicuro e comodo. Qui puoi beneficiare non solo di una consegna rapida, ma anche di un servizio clienti affidabile.<\/p>\n<h4>Perch\u00e9 la Bang Tn 12000 Puffs \u00e8 la scelta ideale per i vapers<\/h4>\n<p class=\"\" data-start=\"2712\" data-end=\"3155\">La Bang Tn 12000 Puffs offre una combinazione di lunga durata, gusto intenso e maneggevolezza confortevole. Il gusto Grape Ice e le diverse concentrazioni di nicotina la rendono una scelta eccellente per i vapers che cercano un'esperienza di svapo versatile e duratura. Ordina oggi su vapingnet.de e goditi una consegna rapida e un processo di acquisto semplice.<\/p>","protected":false},"excerpt":{"rendered":"<p>Die Bang Tn 12000 Puffs Einweg-E-Zigarette setzt neue Ma\u00dfst\u00e4be f\u00fcr Dampfer, die auf der Suche nach einer langlebigen und leistungsstarken L\u00f6sung sind. Mit einer Kapazit\u00e4t&#8230;<\/p>","protected":false},"featured_media":6249,"template":"","meta":[],"etheme_brands":[],"product_brand":[101],"product_cat":[88,49,61],"product_tag":[],"class_list":{"0":"post-6243","1":"product","2":"type-product","3":"status-publish","4":"has-post-thumbnail","6":"product_brand-bang-king-vape","7":"product_cat-12k-vape","8":"product_cat-einweg-e-zigarette","9":"product_cat-f","11":"first","12":"instock","13":"shipping-taxable","14":"purchasable","15":"product-type-simple"},"yoast_head":"<!-- This site is optimized with the Yoast SEO plugin v26.5 - https:\/\/yoast.com\/wordpress\/plugins\/seo\/ -->\n<title>Grape Ice Bang Tn 12000 Puffs High Quality und ohne Zollkosten | Vapingnet.de<\/title>\n<meta name=\"description\" content=\"Entdecke Grape Ice Bang Tn 12000 Puffs High Quality und ohne Zollkosten bei vapingnet.de, \u25ba Gro\u00dfe Auswahl an Geschmacksrichtungen &amp; super g\u00fcnstig!\" \/>\n<meta name=\"robots\" content=\"index, follow, max-snippet:-1, max-image-preview:large, max-video-preview:-1\" \/>\n<link rel=\"canonical\" href=\"https:\/\/vapingnet.de\/it\/vape\/grape-ice-bang-tn-12000-puffs-high-quality-und-ohne-zollkosten\/\" \/>\n<meta property=\"og:locale\" content=\"it_IT\" \/>\n<meta property=\"og:type\" content=\"article\" \/>\n<meta property=\"og:title\" content=\"Grape Ice Bang Tn 12000 Puffs High Quality und ohne Zollkosten | Vapingnet.de\" \/>\n<meta property=\"og:description\" content=\"Entdecke Grape Ice Bang Tn 12000 Puffs High Quality und ohne Zollkosten bei vapingnet.de, \u25ba Gro\u00dfe Auswahl an Geschmacksrichtungen &amp; super g\u00fcnstig!\" \/>\n<meta property=\"og:url\" content=\"https:\/\/vapingnet.de\/it\/vape\/grape-ice-bang-tn-12000-puffs-high-quality-und-ohne-zollkosten\/\" \/>\n<meta property=\"og:site_name\" content=\"Vapingnet.de\" \/>\n<meta property=\"article:publisher\" content=\"https:\/\/www.facebook.com\/vapingnetde\/\" \/>\n<meta property=\"article:modified_time\" content=\"2025-12-30T08:40:51+00:00\" \/>\n<meta property=\"og:image\" content=\"https:\/\/vapingnet.de\/wp-content\/uploads\/2025\/04\/Grape-Ice.png\" \/>\n\t<meta property=\"og:image:width\" content=\"1000\" \/>\n\t<meta property=\"og:image:height\" content=\"1000\" \/>\n\t<meta property=\"og:image:type\" content=\"image\/png\" \/>\n<meta name=\"twitter:card\" content=\"summary_large_image\" \/>\n<meta name=\"twitter:label1\" content=\"Est. reading time\" \/>\n\t<meta name=\"twitter:data1\" content=\"3 minutes\" \/>\n<script type=\"application\/ld+json\" class=\"yoast-schema-graph\">{\"@context\":\"https:\/\/schema.org\",\"@graph\":[{\"@type\":\"WebPage\",\"@id\":\"https:\/\/vapingnet.de\/vape\/grape-ice-bang-tn-12000-puffs-high-quality-und-ohne-zollkosten\/\",\"url\":\"https:\/\/vapingnet.de\/vape\/grape-ice-bang-tn-12000-puffs-high-quality-und-ohne-zollkosten\/\",\"name\":\"Grape Ice Bang Tn 12000 Puffs High Quality und ohne Zollkosten | Vapingnet.de\",\"isPartOf\":{\"@id\":\"https:\/\/vapingnet.de\/#website\"},\"primaryImageOfPage\":{\"@id\":\"https:\/\/vapingnet.de\/vape\/grape-ice-bang-tn-12000-puffs-high-quality-und-ohne-zollkosten\/#primaryimage\"},\"image\":{\"@id\":\"https:\/\/vapingnet.de\/vape\/grape-ice-bang-tn-12000-puffs-high-quality-und-ohne-zollkosten\/#primaryimage\"},\"thumbnailUrl\":\"https:\/\/vapingnet.de\/wp-content\/uploads\/2025\/04\/Grape-Ice.png\",\"datePublished\":\"2025-04-11T05:55:20+00:00\",\"dateModified\":\"2025-12-30T08:40:51+00:00\",\"description\":\"Entdecke Grape Ice Bang Tn 12000 Puffs High Quality und ohne Zollkosten bei vapingnet.de, \u25ba Gro\u00dfe Auswahl an Geschmacksrichtungen & super g\u00fcnstig!\",\"breadcrumb\":{\"@id\":\"https:\/\/vapingnet.de\/vape\/grape-ice-bang-tn-12000-puffs-high-quality-und-ohne-zollkosten\/#breadcrumb\"},\"inLanguage\":\"it-IT\",\"potentialAction\":[{\"@type\":\"ReadAction\",\"target\":[\"https:\/\/vapingnet.de\/vape\/grape-ice-bang-tn-12000-puffs-high-quality-und-ohne-zollkosten\/\"]}]},{\"@type\":\"ImageObject\",\"inLanguage\":\"it-IT\",\"@id\":\"https:\/\/vapingnet.de\/vape\/grape-ice-bang-tn-12000-puffs-high-quality-und-ohne-zollkosten\/#primaryimage\",\"url\":\"https:\/\/vapingnet.de\/wp-content\/uploads\/2025\/04\/Grape-Ice.png\",\"contentUrl\":\"https:\/\/vapingnet.de\/wp-content\/uploads\/2025\/04\/Grape-Ice.png\",\"width\":1000,\"height\":1000},{\"@type\":\"BreadcrumbList\",\"@id\":\"https:\/\/vapingnet.de\/vape\/grape-ice-bang-tn-12000-puffs-high-quality-und-ohne-zollkosten\/#breadcrumb\",\"itemListElement\":[{\"@type\":\"ListItem\",\"position\":1,\"name\":\"Home\",\"item\":\"https:\/\/vapingnet.de\/\"},{\"@type\":\"ListItem\",\"position\":2,\"name\":\"Shop\",\"item\":\"https:\/\/vapingnet.de\/vape\/\"},{\"@type\":\"ListItem\",\"position\":3,\"name\":\"Grape Ice Bang Tn 12000 Puffs High Quality und ohne Zollkosten\"}]},{\"@type\":\"WebSite\",\"@id\":\"https:\/\/vapingnet.de\/#website\",\"url\":\"https:\/\/vapingnet.de\/\",\"name\":\"Vapingnet.de\",\"description\":\"\",\"publisher\":{\"@id\":\"https:\/\/vapingnet.de\/#organization\"},\"potentialAction\":[{\"@type\":\"SearchAction\",\"target\":{\"@type\":\"EntryPoint\",\"urlTemplate\":\"https:\/\/vapingnet.de\/?s={search_term_string}\"},\"query-input\":{\"@type\":\"PropertyValueSpecification\",\"valueRequired\":true,\"valueName\":\"search_term_string\"}}],\"inLanguage\":\"it-IT\"},{\"@type\":\"Organization\",\"@id\":\"https:\/\/vapingnet.de\/#organization\",\"name\":\"Vapingnet.de\",\"url\":\"https:\/\/vapingnet.de\/\",\"logo\":{\"@type\":\"ImageObject\",\"inLanguage\":\"it-IT\",\"@id\":\"https:\/\/vapingnet.de\/#\/schema\/logo\/image\/\",\"url\":\"https:\/\/vapingnet.de\/wp-content\/uploads\/2025\/03\/cropped-vapingnet.de_.jpg\",\"contentUrl\":\"https:\/\/vapingnet.de\/wp-content\/uploads\/2025\/03\/cropped-vapingnet.de_.jpg\",\"width\":512,\"height\":512,\"caption\":\"Vapingnet.de\"},\"image\":{\"@id\":\"https:\/\/vapingnet.de\/#\/schema\/logo\/image\/\"},\"sameAs\":[\"https:\/\/www.facebook.com\/vapingnetde\/\"]}]}<\/script>\n<!-- \/ Yoast SEO plugin. -->","yoast_head_json":{"title":"Grape Ice Bang Tn 12000 Puffs High Quality und ohne Zollkosten | Vapingnet.de","description":"Entdecke Grape Ice Bang Tn 12000 Puffs High Quality und ohne Zollkosten bei vapingnet.de, \u25ba Gro\u00dfe Auswahl an Geschmacksrichtungen & super g\u00fcnstig!","robots":{"index":"index","follow":"follow","max-snippet":"max-snippet:-1","max-image-preview":"max-image-preview:large","max-video-preview":"max-video-preview:-1"},"canonical":"https:\/\/vapingnet.de\/it\/vape\/grape-ice-bang-tn-12000-puffs-high-quality-und-ohne-zollkosten\/","og_locale":"it_IT","og_type":"article","og_title":"Grape Ice Bang Tn 12000 Puffs High Quality und ohne Zollkosten | Vapingnet.de","og_description":"Entdecke Grape Ice Bang Tn 12000 Puffs High Quality und ohne Zollkosten bei vapingnet.de, \u25ba Gro\u00dfe Auswahl an Geschmacksrichtungen & super g\u00fcnstig!","og_url":"https:\/\/vapingnet.de\/it\/vape\/grape-ice-bang-tn-12000-puffs-high-quality-und-ohne-zollkosten\/","og_site_name":"Vapingnet.de","article_publisher":"https:\/\/www.facebook.com\/vapingnetde\/","article_modified_time":"2025-12-30T08:40:51+00:00","og_image":[{"width":1000,"height":1000,"url":"https:\/\/vapingnet.de\/wp-content\/uploads\/2025\/04\/Grape-Ice.png","type":"image\/png"}],"twitter_card":"summary_large_image","twitter_misc":{"Est. reading time":"3 minutes"},"schema":{"@context":"https:\/\/schema.org","@graph":[{"@type":"WebPage","@id":"https:\/\/vapingnet.de\/vape\/grape-ice-bang-tn-12000-puffs-high-quality-und-ohne-zollkosten\/","url":"https:\/\/vapingnet.de\/vape\/grape-ice-bang-tn-12000-puffs-high-quality-und-ohne-zollkosten\/","name":"Grape Ice Bang Tn 12000 Puffs High Quality und ohne Zollkosten | Vapingnet.de","isPartOf":{"@id":"https:\/\/vapingnet.de\/#website"},"primaryImageOfPage":{"@id":"https:\/\/vapingnet.de\/vape\/grape-ice-bang-tn-12000-puffs-high-quality-und-ohne-zollkosten\/#primaryimage"},"image":{"@id":"https:\/\/vapingnet.de\/vape\/grape-ice-bang-tn-12000-puffs-high-quality-und-ohne-zollkosten\/#primaryimage"},"thumbnailUrl":"https:\/\/vapingnet.de\/wp-content\/uploads\/2025\/04\/Grape-Ice.png","datePublished":"2025-04-11T05:55:20+00:00","dateModified":"2025-12-30T08:40:51+00:00","description":"Entdecke Grape Ice Bang Tn 12000 Puffs High Quality und ohne Zollkosten bei vapingnet.de, \u25ba Gro\u00dfe Auswahl an Geschmacksrichtungen & super g\u00fcnstig!","breadcrumb":{"@id":"https:\/\/vapingnet.de\/vape\/grape-ice-bang-tn-12000-puffs-high-quality-und-ohne-zollkosten\/#breadcrumb"},"inLanguage":"it-IT","potentialAction":[{"@type":"ReadAction","target":["https:\/\/vapingnet.de\/vape\/grape-ice-bang-tn-12000-puffs-high-quality-und-ohne-zollkosten\/"]}]},{"@type":"ImageObject","inLanguage":"it-IT","@id":"https:\/\/vapingnet.de\/vape\/grape-ice-bang-tn-12000-puffs-high-quality-und-ohne-zollkosten\/#primaryimage","url":"https:\/\/vapingnet.de\/wp-content\/uploads\/2025\/04\/Grape-Ice.png","contentUrl":"https:\/\/vapingnet.de\/wp-content\/uploads\/2025\/04\/Grape-Ice.png","width":1000,"height":1000},{"@type":"BreadcrumbList","@id":"https:\/\/vapingnet.de\/vape\/grape-ice-bang-tn-12000-puffs-high-quality-und-ohne-zollkosten\/#breadcrumb","itemListElement":[{"@type":"ListItem","position":1,"name":"Home","item":"https:\/\/vapingnet.de\/"},{"@type":"ListItem","position":2,"name":"Shop","item":"https:\/\/vapingnet.de\/vape\/"},{"@type":"ListItem","position":3,"name":"Grape Ice Bang Tn 12000 Puffs High Quality und ohne Zollkosten"}]},{"@type":"WebSite","@id":"https:\/\/vapingnet.de\/#website","url":"https:\/\/vapingnet.de\/","name":"Vapingnet.de","description":"","publisher":{"@id":"https:\/\/vapingnet.de\/#organization"},"potentialAction":[{"@type":"SearchAction","target":{"@type":"EntryPoint","urlTemplate":"https:\/\/vapingnet.de\/?s={search_term_string}"},"query-input":{"@type":"PropertyValueSpecification","valueRequired":true,"valueName":"search_term_string"}}],"inLanguage":"it-IT"},{"@type":"Organization","@id":"https:\/\/vapingnet.de\/#organization","name":"Vapingnet.de","url":"https:\/\/vapingnet.de\/","logo":{"@type":"ImageObject","inLanguage":"it-IT","@id":"https:\/\/vapingnet.de\/#\/schema\/logo\/image\/","url":"https:\/\/vapingnet.de\/wp-content\/uploads\/2025\/03\/cropped-vapingnet.de_.jpg","contentUrl":"https:\/\/vapingnet.de\/wp-content\/uploads\/2025\/03\/cropped-vapingnet.de_.jpg","width":512,"height":512,"caption":"Vapingnet.de"},"image":{"@id":"https:\/\/vapingnet.de\/#\/schema\/logo\/image\/"},"sameAs":["https:\/\/www.facebook.com\/vapingnetde\/"]}]}},"tiered_pricing_type":"fixed","tiered_pricing_fixed_rules":{"10":"7.31","60":"6.58","110":"5.85","200":"5.12"},"tiered_pricing_product_settings":{"layout":"default","base_unit_name":{"singular":null,"plural":null},"default_variation":null},"tiered_pricing_minimum_quantity":null,"tiered_pricing_roles_data":[],"tiered_pricing_percentage_rules":[],"_links":{"self":[{"href":"https:\/\/vapingnet.de\/it\/wp-json\/wp\/v2\/product\/6243","targetHints":{"allow":["GET"]}}],"collection":[{"href":"https:\/\/vapingnet.de\/it\/wp-json\/wp\/v2\/product"}],"about":[{"href":"https:\/\/vapingnet.de\/it\/wp-json\/wp\/v2\/types\/product"}],"version-history":[{"count":1,"href":"https:\/\/vapingnet.de\/it\/wp-json\/wp\/v2\/product\/6243\/revisions"}],"predecessor-version":[{"id":6255,"href":"https:\/\/vapingnet.de\/it\/wp-json\/wp\/v2\/product\/6243\/revisions\/6255"}],"wp:featuredmedia":[{"embeddable":true,"href":"https:\/\/vapingnet.de\/it\/wp-json\/wp\/v2\/media\/6249"}],"wp:attachment":[{"href":"https:\/\/vapingnet.de\/it\/wp-json\/wp\/v2\/media?parent=6243"}],"wp:term":[{"taxonomy":"brand","embeddable":true,"href":"https:\/\/vapingnet.de\/it\/wp-json\/wp\/v2\/etheme_brands?post=6243"},{"taxonomy":"product_brand","embeddable":true,"href":"https:\/\/vapingnet.de\/it\/wp-json\/wp\/v2\/product_brand?post=6243"},{"taxonomy":"product_cat","embeddable":true,"href":"https:\/\/vapingnet.de\/it\/wp-json\/wp\/v2\/product_cat?post=6243"},{"taxonomy":"product_tag","embeddable":true,"href":"https:\/\/vapingnet.de\/it\/wp-json\/wp\/v2\/product_tag?post=6243"}],"curies":[{"name":"wp","href":"https:\/\/api.w.org\/{rel}","templated":true}]}}