{"id":6263,"date":"2025-04-11T07:13:12","date_gmt":"2025-04-11T07:13:12","guid":{"rendered":"https:\/\/vapingnet.de\/?post_type=product&#038;p=6263"},"modified":"2025-06-19T03:39:55","modified_gmt":"2025-06-19T03:39:55","slug":"top-geschmack-bang-king-smart-screen-15000-puff-berry-blast-direkt-vom-hersteller","status":"publish","type":"product","link":"https:\/\/vapingnet.de\/it\/vape\/top-geschmack-bang-king-smart-screen-15000-puff-berry-blast-direkt-vom-hersteller\/","title":{"rendered":"Top gusto Bang King Smart Screen 15000 Puff Berry Blast direttamente dal produttore"},"content":{"rendered":"<h2 data-start=\"0\" data-end=\"69\" data-immersive-translate-walked=\"e80e384f-ec5a-40fc-a811-43ab023cddbe\">Bang King Smart Screen 15000 Puff: L'esperienza di vaping definitiva<\/h2>\n<p class=\"\" data-start=\"71\" data-end=\"566\" data-immersive-translate-walked=\"e80e384f-ec5a-40fc-a811-43ab023cddbe\" data-immersive-translate-paragraph=\"1\">Il Bang King Smart Screen 15000 Puff \u00e8 un dispositivo di svapo usa e getta innovativo che combina lunga durata, prestazioni impressionanti e facilit\u00e0 d'uso. Con il suo design moderno e tecnologia avanzata, questo dispositivo offre tutto ci\u00f2 di cui uno svapatore ha bisogno per godersi appieno l'esperienza di svapo. Nel seguente articolo presentiamo le caratteristiche eccezionali di questo prodotto e spieghiamo perch\u00e9 vale la pena provarlo per ogni svapatore.<\/p>\n<h3 data-start=\"568\" data-end=\"633\" data-immersive-translate-walked=\"e80e384f-ec5a-40fc-a811-43ab023cddbe\">Caratteristiche tecnologiche del Bang King Smart Screen 15000 Puff<\/h3>\n<p class=\"\" data-start=\"635\" data-end=\"837\" data-immersive-translate-walked=\"e80e384f-ec5a-40fc-a811-43ab023cddbe\" data-immersive-translate-paragraph=\"1\">Il Bang King Smart Screen 15000 Puff si distingue per una serie di caratteristiche avanzate che rendono l'esperienza di svapo molto speciale. Tra gli aspetti tecnici pi\u00f9 importanti ci sono:<\/p>\n<ul data-start=\"839\" data-end=\"2540\" data-immersive-translate-walked=\"e80e384f-ec5a-40fc-a811-43ab023cddbe\">\n<li class=\"\" data-start=\"839\" data-end=\"1167\" data-immersive-translate-walked=\"e80e384f-ec5a-40fc-a811-43ab023cddbe\">\n<p class=\"\" data-start=\"841\" data-end=\"1167\" data-immersive-translate-walked=\"e80e384f-ec5a-40fc-a811-43ab023cddbe\" data-immersive-translate-paragraph=\"1\">Mesh Coil (1.0 Ohm): La tecnologia innovativa della Mesh Coil garantisce una produzione di vapore uniforme e pi\u00f9 intensa. Offre non solo una migliore riproduzione del sapore, ma anche una maggiore quantit\u00e0 di vapore. Per chi desidera godersi lo svapo in modo completo, questa opzione di coil \u00e8 una scelta eccellente.<\/p>\n<\/li>\n<li class=\"\" data-start=\"1169\" data-end=\"1428\" data-immersive-translate-walked=\"e80e384f-ec5a-40fc-a811-43ab023cddbe\">\n<p class=\"\" data-start=\"1171\" data-end=\"1428\" data-immersive-translate-walked=\"e80e384f-ec5a-40fc-a811-43ab023cddbe\" data-immersive-translate-paragraph=\"1\">Capacit\u00e0 della batteria (650mAh): Con una batteria potente da 650mAh, gli svapatori possono utilizzare il dispositivo pi\u00f9 a lungo senza doversi preoccupare di ricaricarlo frequentemente. Questa capacit\u00e0 assicura un uso duraturo e un'esperienza di svapo costante.<\/p>\n<\/li>\n<li class=\"\" data-start=\"1430\" data-end=\"1716\" data-immersive-translate-walked=\"e80e384f-ec5a-40fc-a811-43ab023cddbe\">\n<p class=\"\" data-start=\"1432\" data-end=\"1716\" data-immersive-translate-walked=\"e80e384f-ec5a-40fc-a811-43ab023cddbe\" data-immersive-translate-paragraph=\"1\">Capacit\u00e0 di E-Liquid (25ml): Con una generosa capacit\u00e0 di 25ml di E-Liquid, il Bang King Smart Screen 15000 Puff \u00e8 progettato per essere utilizzato per un periodo prolungato. In questo modo, gli svapatori non devono ricaricare frequentemente e possono godersi lo svapo senza interruzioni.<\/p>\n<\/li>\n<li class=\"\" data-start=\"1718\" data-end=\"2046\" data-immersive-translate-walked=\"e80e384f-ec5a-40fc-a811-43ab023cddbe\">\n<p class=\"\" data-start=\"1720\" data-end=\"2046\" data-immersive-translate-walked=\"e80e384f-ec5a-40fc-a811-43ab023cddbe\" data-immersive-translate-paragraph=\"1\">Nicotine-Salt (0%, 2%, 3%, 5%): Il dispositivo offre diverse concentrazioni di Nicotine-Salt, permettendo allo svapatore di regolare l'intensit\u00e0 dello svapo secondo le proprie preferenze. Che si voglia svapare senza nicotina o con una dose pi\u00f9 forte, il dispositivo offre l'opzione pi\u00f9 adatta a ogni esigenza.<\/p>\n<\/li>\n<li class=\"\" data-start=\"2048\" data-end=\"2269\" data-immersive-translate-walked=\"e80e384f-ec5a-40fc-a811-43ab023cddbe\">\n<p class=\"\" data-start=\"2050\" data-end=\"2269\" data-immersive-translate-walked=\"e80e384f-ec5a-40fc-a811-43ab023cddbe\" data-immersive-translate-paragraph=\"1\">Punto di ricarica Tipo-C: La moderna porta Tipo-C consente una ricarica rapida ed efficiente del dispositivo. In breve tempo, il dispositivo sar\u00e0 di nuovo pronto all'uso, offrendo un'esperienza di svapo costante.<\/p>\n<\/li>\n<li class=\"\" data-start=\"2271\" data-end=\"2540\" data-immersive-translate-walked=\"e80e384f-ec5a-40fc-a811-43ab023cddbe\">\n<p class=\"\" data-start=\"2273\" data-end=\"2540\" data-immersive-translate-walked=\"e80e384f-ec5a-40fc-a811-43ab023cddbe\" data-immersive-translate-paragraph=\"1\">Display LED: Il display LED integrato mostra informazioni importanti come la quantit\u00e0 residua di E-Liquid e lo stato della batteria. Questo permette di monitorare facilmente il dispositivo e garantisce di sapere sempre quanta vaporizzazione \u00e8 ancora disponibile.<\/p>\n<\/li>\n<\/ul>\n<h4 data-start=\"2542\" data-end=\"2572\" data-immersive-translate-walked=\"e80e384f-ec5a-40fc-a811-43ab023cddbe\">Il gusto: Berry Blast<\/h4>\n<p class=\"\" data-start=\"2574\" data-end=\"3040\" data-immersive-translate-walked=\"e80e384f-ec5a-40fc-a811-43ab023cddbe\" data-immersive-translate-paragraph=\"1\">Una delle caratteristiche pi\u00f9 eccezionali del Bang King Smart Screen 15000 Puff \u00e8 il gusto, e il Berry Blast offre un'esperienza di svapo fruttata e rinfrescante. Con una miscela di diversi frutti di bosco, si sviluppa un sapore dolce e allo stesso tempo frizzante, che delizia il palato e offre un'esperienza di svapo indimenticabile. Questo gusto \u00e8 perfetto per gli svapatori alla ricerca di una nota gustosa e fresca.<\/p>\n<h3 data-start=\"3042\" data-end=\"3092\" data-immersive-translate-walked=\"e80e384f-ec5a-40fc-a811-43ab023cddbe\">Vantaggi del Bang King Smart Screen 15000 Puff<\/h3>\n<p class=\"\" data-start=\"3094\" data-end=\"3217\" data-immersive-translate-walked=\"e80e384f-ec5a-40fc-a811-43ab023cddbe\" data-immersive-translate-paragraph=\"1\">Il Bang King Smart Screen 15000 Puff offre una serie di vantaggi che lo rendono una scelta attraente per gli svapatori:<\/p>\n<ul data-start=\"3219\" data-end=\"4097\" data-immersive-translate-walked=\"e80e384f-ec5a-40fc-a811-43ab023cddbe\">\n<li class=\"\" data-start=\"3219\" data-end=\"3457\" data-immersive-translate-walked=\"e80e384f-ec5a-40fc-a811-43ab023cddbe\">\n<p class=\"\" data-start=\"3221\" data-end=\"3457\" data-immersive-translate-walked=\"e80e384f-ec5a-40fc-a811-43ab023cddbe\" data-immersive-translate-paragraph=\"1\">Lunga durata: Con un'impressionante quantit\u00e0 di puff di 15000, questo dispositivo di svapo usa e getta \u00e8 progettato per un uso prolungato. In questo modo, gli svapatori possono godersi il dispositivo per un lungo periodo senza doverlo sostituire frequentemente.<\/p>\n<\/li>\n<li class=\"\" data-start=\"3459\" data-end=\"3635\" data-immersive-translate-walked=\"e80e384f-ec5a-40fc-a811-43ab023cddbe\">\n<p class=\"\" data-start=\"3461\" data-end=\"3635\" data-immersive-translate-walked=\"e80e384f-ec5a-40fc-a811-43ab023cddbe\" data-immersive-translate-paragraph=\"1\">Spedizione senza tasse: La spedizione del dispositivo avviene senza tasse, quindi non dovrai preoccuparti di costi aggiuntivi. Questo rende l'acquisto ancora pi\u00f9 interessante.<\/p>\n<\/li>\n<li class=\"\" data-start=\"3637\" data-end=\"3860\" data-immersive-translate-walked=\"e80e384f-ec5a-40fc-a811-43ab023cddbe\">\n<p class=\"\" data-start=\"3639\" data-end=\"3860\" data-immersive-translate-walked=\"e80e384f-ec5a-40fc-a811-43ab023cddbe\" data-immersive-translate-paragraph=\"1\">Facile da usare: Il dispositivo \u00e8 adatto sia per principianti che per svapatori esperti. Grazie alle funzioni intuitive e al display LED, l'uso del dispositivo \u00e8 semplice e confortevole.<\/p>\n<\/li>\n<li class=\"\" data-start=\"3862\" data-end=\"4097\" data-immersive-translate-walked=\"e80e384f-ec5a-40fc-a811-43ab023cddbe\">\n<p class=\"\" data-start=\"3864\" data-end=\"4097\" data-immersive-translate-walked=\"e80e384f-ec5a-40fc-a811-43ab023cddbe\" data-immersive-translate-paragraph=\"1\">Lavorazione di alta qualit\u00e0: Il Bang King Smart Screen 15000 Puff \u00e8 realizzato con materiali di alta qualit\u00e0 che garantiscono durabilit\u00e0 e una sensazione piacevole al tatto. La lavorazione assicura un'eccellente esperienza di svapo.<\/p>\n<\/li>\n<\/ul>\n<h4 data-start=\"4099\" data-end=\"4124\" data-immersive-translate-walked=\"e80e384f-ec5a-40fc-a811-43ab023cddbe\">Spedizione e Consegna<\/h4>\n<p class=\"\" data-start=\"4126\" data-end=\"4354\" data-immersive-translate-walked=\"e80e384f-ec5a-40fc-a811-43ab023cddbe\" data-immersive-translate-paragraph=\"1\">La spedizione del Bang King Smart Screen 15000 Puff avviene in un periodo di 7-15 giorni lavorativi. Questa spedizione rapida garantisce di ricevere il dispositivo rapidamente e di iniziare subito a svapare.<\/p>\n<h4 data-start=\"4356\" data-end=\"4431\" data-immersive-translate-walked=\"e80e384f-ec5a-40fc-a811-43ab023cddbe\">Il Bang King Smart Screen 15000 Puff per svapatori esigenti<\/h4>\n<p class=\"\" data-start=\"4433\" data-end=\"4879\" data-immersive-translate-walked=\"e80e384f-ec5a-40fc-a811-43ab023cddbe\" data-immersive-translate-paragraph=\"1\">Il Bang King Smart Screen 15000 Puff \u00e8 una scelta eccellente per i vapers che cercano un dispositivo potente, durevole e facile da usare. Con la sua alta capacit\u00e0, le diverse opzioni di nicotina e il fresco sapore Berry Blast, questo dispositivo offre tutto ci\u00f2 che si pu\u00f2 desiderare da un dispositivo vape usa e getta. Visita <em data-start=\"4808\" data-end=\"4822\" data-immersive-translate-walked=\"e80e384f-ec5a-40fc-a811-43ab023cddbe\">vapingnet.de<\/em>, per saperne di pi\u00f9 e ordinare il tuo dispositivo.<\/p>","protected":false},"excerpt":{"rendered":"<p>Bang King Smart Screen 15000 Puff: Das ultimative Vaping-Erlebnis Der Bang King Smart Screen 15000 Puff ist ein innovatives Einweg-Vape-Ger\u00e4t, das eine lange Lebensdauer, beeindruckende&#8230;<\/p>","protected":false},"featured_media":6274,"template":"","meta":[],"etheme_brands":[],"product_brand":[101],"product_cat":[53,49,61],"product_tag":[],"class_list":{"0":"post-6263","1":"product","2":"type-product","3":"status-publish","4":"has-post-thumbnail","6":"product_brand-bang-king-vape","7":"product_cat-vape-15000-zuege","8":"product_cat-einweg-e-zigarette","9":"product_cat-f","11":"first","12":"instock","13":"shipping-taxable","14":"purchasable","15":"product-type-simple"},"yoast_head":"<!-- This site is optimized with the Yoast SEO plugin v26.5 - https:\/\/yoast.com\/wordpress\/plugins\/seo\/ -->\n<title>Top Geschmack Bang King Smart Screen 15000 Puff Berry Blast direkt vom Hersteller | Vapingnet.de<\/title>\n<meta name=\"description\" content=\"Entdecke Top Geschmack Bang King Smart Screen 15000 Puff Berry Blast direkt vom Hersteller bei vapingnet.de, \u25ba Gro\u00dfe Auswahl an Geschmacksrichtungen &amp; super g\u00fcnstig!\" \/>\n<meta name=\"robots\" content=\"index, follow, max-snippet:-1, max-image-preview:large, max-video-preview:-1\" \/>\n<link rel=\"canonical\" href=\"https:\/\/vapingnet.de\/it\/vape\/top-geschmack-bang-king-smart-screen-15000-puff-berry-blast-direkt-vom-hersteller\/\" \/>\n<meta property=\"og:locale\" content=\"it_IT\" \/>\n<meta property=\"og:type\" content=\"article\" \/>\n<meta property=\"og:title\" content=\"Top Geschmack Bang King Smart Screen 15000 Puff Berry Blast direkt vom Hersteller | Vapingnet.de\" \/>\n<meta property=\"og:description\" content=\"Entdecke Top Geschmack Bang King Smart Screen 15000 Puff Berry Blast direkt vom Hersteller bei vapingnet.de, \u25ba Gro\u00dfe Auswahl an Geschmacksrichtungen &amp; super g\u00fcnstig!\" \/>\n<meta property=\"og:url\" content=\"https:\/\/vapingnet.de\/it\/vape\/top-geschmack-bang-king-smart-screen-15000-puff-berry-blast-direkt-vom-hersteller\/\" \/>\n<meta property=\"og:site_name\" content=\"Vapingnet.de\" \/>\n<meta property=\"article:publisher\" content=\"https:\/\/www.facebook.com\/vapingnetde\/\" \/>\n<meta property=\"article:modified_time\" content=\"2025-06-19T03:39:55+00:00\" \/>\n<meta property=\"og:image\" content=\"https:\/\/vapingnet.de\/wp-content\/uploads\/2025\/04\/Berry-Blast.png\" \/>\n\t<meta property=\"og:image:width\" content=\"1000\" \/>\n\t<meta property=\"og:image:height\" content=\"1000\" \/>\n\t<meta property=\"og:image:type\" content=\"image\/png\" \/>\n<meta name=\"twitter:card\" content=\"summary_large_image\" \/>\n<meta name=\"twitter:label1\" content=\"Est. reading time\" \/>\n\t<meta name=\"twitter:data1\" content=\"4 minutes\" \/>\n<script type=\"application\/ld+json\" class=\"yoast-schema-graph\">{\"@context\":\"https:\/\/schema.org\",\"@graph\":[{\"@type\":\"WebPage\",\"@id\":\"https:\/\/vapingnet.de\/vape\/top-geschmack-bang-king-smart-screen-15000-puff-berry-blast-direkt-vom-hersteller\/\",\"url\":\"https:\/\/vapingnet.de\/vape\/top-geschmack-bang-king-smart-screen-15000-puff-berry-blast-direkt-vom-hersteller\/\",\"name\":\"Top Geschmack Bang King Smart Screen 15000 Puff Berry Blast direkt vom Hersteller | Vapingnet.de\",\"isPartOf\":{\"@id\":\"https:\/\/vapingnet.de\/#website\"},\"primaryImageOfPage\":{\"@id\":\"https:\/\/vapingnet.de\/vape\/top-geschmack-bang-king-smart-screen-15000-puff-berry-blast-direkt-vom-hersteller\/#primaryimage\"},\"image\":{\"@id\":\"https:\/\/vapingnet.de\/vape\/top-geschmack-bang-king-smart-screen-15000-puff-berry-blast-direkt-vom-hersteller\/#primaryimage\"},\"thumbnailUrl\":\"https:\/\/vapingnet.de\/wp-content\/uploads\/2025\/04\/Berry-Blast.png\",\"datePublished\":\"2025-04-11T07:13:12+00:00\",\"dateModified\":\"2025-06-19T03:39:55+00:00\",\"description\":\"Entdecke Top Geschmack Bang King Smart Screen 15000 Puff Berry Blast direkt vom Hersteller bei vapingnet.de, \u25ba Gro\u00dfe Auswahl an Geschmacksrichtungen & super g\u00fcnstig!\",\"breadcrumb\":{\"@id\":\"https:\/\/vapingnet.de\/vape\/top-geschmack-bang-king-smart-screen-15000-puff-berry-blast-direkt-vom-hersteller\/#breadcrumb\"},\"inLanguage\":\"it-IT\",\"potentialAction\":[{\"@type\":\"ReadAction\",\"target\":[\"https:\/\/vapingnet.de\/vape\/top-geschmack-bang-king-smart-screen-15000-puff-berry-blast-direkt-vom-hersteller\/\"]}]},{\"@type\":\"ImageObject\",\"inLanguage\":\"it-IT\",\"@id\":\"https:\/\/vapingnet.de\/vape\/top-geschmack-bang-king-smart-screen-15000-puff-berry-blast-direkt-vom-hersteller\/#primaryimage\",\"url\":\"https:\/\/vapingnet.de\/wp-content\/uploads\/2025\/04\/Berry-Blast.png\",\"contentUrl\":\"https:\/\/vapingnet.de\/wp-content\/uploads\/2025\/04\/Berry-Blast.png\",\"width\":1000,\"height\":1000},{\"@type\":\"BreadcrumbList\",\"@id\":\"https:\/\/vapingnet.de\/vape\/top-geschmack-bang-king-smart-screen-15000-puff-berry-blast-direkt-vom-hersteller\/#breadcrumb\",\"itemListElement\":[{\"@type\":\"ListItem\",\"position\":1,\"name\":\"Home\",\"item\":\"https:\/\/vapingnet.de\/\"},{\"@type\":\"ListItem\",\"position\":2,\"name\":\"Shop\",\"item\":\"https:\/\/vapingnet.de\/vape\/\"},{\"@type\":\"ListItem\",\"position\":3,\"name\":\"Top Geschmack Bang King Smart Screen 15000 Puff Berry Blast direkt vom Hersteller\"}]},{\"@type\":\"WebSite\",\"@id\":\"https:\/\/vapingnet.de\/#website\",\"url\":\"https:\/\/vapingnet.de\/\",\"name\":\"Vapingnet.de\",\"description\":\"\",\"publisher\":{\"@id\":\"https:\/\/vapingnet.de\/#organization\"},\"potentialAction\":[{\"@type\":\"SearchAction\",\"target\":{\"@type\":\"EntryPoint\",\"urlTemplate\":\"https:\/\/vapingnet.de\/?s={search_term_string}\"},\"query-input\":{\"@type\":\"PropertyValueSpecification\",\"valueRequired\":true,\"valueName\":\"search_term_string\"}}],\"inLanguage\":\"it-IT\"},{\"@type\":\"Organization\",\"@id\":\"https:\/\/vapingnet.de\/#organization\",\"name\":\"Vapingnet.de\",\"url\":\"https:\/\/vapingnet.de\/\",\"logo\":{\"@type\":\"ImageObject\",\"inLanguage\":\"it-IT\",\"@id\":\"https:\/\/vapingnet.de\/#\/schema\/logo\/image\/\",\"url\":\"https:\/\/vapingnet.de\/wp-content\/uploads\/2025\/03\/cropped-vapingnet.de_.jpg\",\"contentUrl\":\"https:\/\/vapingnet.de\/wp-content\/uploads\/2025\/03\/cropped-vapingnet.de_.jpg\",\"width\":512,\"height\":512,\"caption\":\"Vapingnet.de\"},\"image\":{\"@id\":\"https:\/\/vapingnet.de\/#\/schema\/logo\/image\/\"},\"sameAs\":[\"https:\/\/www.facebook.com\/vapingnetde\/\"]}]}<\/script>\n<!-- \/ Yoast SEO plugin. -->","yoast_head_json":{"title":"Top Geschmack Bang King Smart Screen 15000 Puff Berry Blast direkt vom Hersteller | Vapingnet.de","description":"Entdecke Top Geschmack Bang King Smart Screen 15000 Puff Berry Blast direkt vom Hersteller bei vapingnet.de, \u25ba Gro\u00dfe Auswahl an Geschmacksrichtungen & super g\u00fcnstig!","robots":{"index":"index","follow":"follow","max-snippet":"max-snippet:-1","max-image-preview":"max-image-preview:large","max-video-preview":"max-video-preview:-1"},"canonical":"https:\/\/vapingnet.de\/it\/vape\/top-geschmack-bang-king-smart-screen-15000-puff-berry-blast-direkt-vom-hersteller\/","og_locale":"it_IT","og_type":"article","og_title":"Top Geschmack Bang King Smart Screen 15000 Puff Berry Blast direkt vom Hersteller | Vapingnet.de","og_description":"Entdecke Top Geschmack Bang King Smart Screen 15000 Puff Berry Blast direkt vom Hersteller bei vapingnet.de, \u25ba Gro\u00dfe Auswahl an Geschmacksrichtungen & super g\u00fcnstig!","og_url":"https:\/\/vapingnet.de\/it\/vape\/top-geschmack-bang-king-smart-screen-15000-puff-berry-blast-direkt-vom-hersteller\/","og_site_name":"Vapingnet.de","article_publisher":"https:\/\/www.facebook.com\/vapingnetde\/","article_modified_time":"2025-06-19T03:39:55+00:00","og_image":[{"width":1000,"height":1000,"url":"https:\/\/vapingnet.de\/wp-content\/uploads\/2025\/04\/Berry-Blast.png","type":"image\/png"}],"twitter_card":"summary_large_image","twitter_misc":{"Est. reading time":"4 minutes"},"schema":{"@context":"https:\/\/schema.org","@graph":[{"@type":"WebPage","@id":"https:\/\/vapingnet.de\/vape\/top-geschmack-bang-king-smart-screen-15000-puff-berry-blast-direkt-vom-hersteller\/","url":"https:\/\/vapingnet.de\/vape\/top-geschmack-bang-king-smart-screen-15000-puff-berry-blast-direkt-vom-hersteller\/","name":"Top Geschmack Bang King Smart Screen 15000 Puff Berry Blast direkt vom Hersteller | Vapingnet.de","isPartOf":{"@id":"https:\/\/vapingnet.de\/#website"},"primaryImageOfPage":{"@id":"https:\/\/vapingnet.de\/vape\/top-geschmack-bang-king-smart-screen-15000-puff-berry-blast-direkt-vom-hersteller\/#primaryimage"},"image":{"@id":"https:\/\/vapingnet.de\/vape\/top-geschmack-bang-king-smart-screen-15000-puff-berry-blast-direkt-vom-hersteller\/#primaryimage"},"thumbnailUrl":"https:\/\/vapingnet.de\/wp-content\/uploads\/2025\/04\/Berry-Blast.png","datePublished":"2025-04-11T07:13:12+00:00","dateModified":"2025-06-19T03:39:55+00:00","description":"Entdecke Top Geschmack Bang King Smart Screen 15000 Puff Berry Blast direkt vom Hersteller bei vapingnet.de, \u25ba Gro\u00dfe Auswahl an Geschmacksrichtungen & super g\u00fcnstig!","breadcrumb":{"@id":"https:\/\/vapingnet.de\/vape\/top-geschmack-bang-king-smart-screen-15000-puff-berry-blast-direkt-vom-hersteller\/#breadcrumb"},"inLanguage":"it-IT","potentialAction":[{"@type":"ReadAction","target":["https:\/\/vapingnet.de\/vape\/top-geschmack-bang-king-smart-screen-15000-puff-berry-blast-direkt-vom-hersteller\/"]}]},{"@type":"ImageObject","inLanguage":"it-IT","@id":"https:\/\/vapingnet.de\/vape\/top-geschmack-bang-king-smart-screen-15000-puff-berry-blast-direkt-vom-hersteller\/#primaryimage","url":"https:\/\/vapingnet.de\/wp-content\/uploads\/2025\/04\/Berry-Blast.png","contentUrl":"https:\/\/vapingnet.de\/wp-content\/uploads\/2025\/04\/Berry-Blast.png","width":1000,"height":1000},{"@type":"BreadcrumbList","@id":"https:\/\/vapingnet.de\/vape\/top-geschmack-bang-king-smart-screen-15000-puff-berry-blast-direkt-vom-hersteller\/#breadcrumb","itemListElement":[{"@type":"ListItem","position":1,"name":"Home","item":"https:\/\/vapingnet.de\/"},{"@type":"ListItem","position":2,"name":"Shop","item":"https:\/\/vapingnet.de\/vape\/"},{"@type":"ListItem","position":3,"name":"Top Geschmack Bang King Smart Screen 15000 Puff Berry Blast direkt vom Hersteller"}]},{"@type":"WebSite","@id":"https:\/\/vapingnet.de\/#website","url":"https:\/\/vapingnet.de\/","name":"Vapingnet.de","description":"","publisher":{"@id":"https:\/\/vapingnet.de\/#organization"},"potentialAction":[{"@type":"SearchAction","target":{"@type":"EntryPoint","urlTemplate":"https:\/\/vapingnet.de\/?s={search_term_string}"},"query-input":{"@type":"PropertyValueSpecification","valueRequired":true,"valueName":"search_term_string"}}],"inLanguage":"it-IT"},{"@type":"Organization","@id":"https:\/\/vapingnet.de\/#organization","name":"Vapingnet.de","url":"https:\/\/vapingnet.de\/","logo":{"@type":"ImageObject","inLanguage":"it-IT","@id":"https:\/\/vapingnet.de\/#\/schema\/logo\/image\/","url":"https:\/\/vapingnet.de\/wp-content\/uploads\/2025\/03\/cropped-vapingnet.de_.jpg","contentUrl":"https:\/\/vapingnet.de\/wp-content\/uploads\/2025\/03\/cropped-vapingnet.de_.jpg","width":512,"height":512,"caption":"Vapingnet.de"},"image":{"@id":"https:\/\/vapingnet.de\/#\/schema\/logo\/image\/"},"sameAs":["https:\/\/www.facebook.com\/vapingnetde\/"]}]}},"tiered_pricing_type":"fixed","tiered_pricing_fixed_rules":{"10":"8.35","60":"7.52","110":"6.68","200":"5.85"},"tiered_pricing_product_settings":{"layout":"default","base_unit_name":{"singular":null,"plural":null},"default_variation":null},"tiered_pricing_minimum_quantity":null,"tiered_pricing_roles_data":[],"tiered_pricing_percentage_rules":[],"_links":{"self":[{"href":"https:\/\/vapingnet.de\/it\/wp-json\/wp\/v2\/product\/6263","targetHints":{"allow":["GET"]}}],"collection":[{"href":"https:\/\/vapingnet.de\/it\/wp-json\/wp\/v2\/product"}],"about":[{"href":"https:\/\/vapingnet.de\/it\/wp-json\/wp\/v2\/types\/product"}],"version-history":[{"count":1,"href":"https:\/\/vapingnet.de\/it\/wp-json\/wp\/v2\/product\/6263\/revisions"}],"predecessor-version":[{"id":6269,"href":"https:\/\/vapingnet.de\/it\/wp-json\/wp\/v2\/product\/6263\/revisions\/6269"}],"wp:featuredmedia":[{"embeddable":true,"href":"https:\/\/vapingnet.de\/it\/wp-json\/wp\/v2\/media\/6274"}],"wp:attachment":[{"href":"https:\/\/vapingnet.de\/it\/wp-json\/wp\/v2\/media?parent=6263"}],"wp:term":[{"taxonomy":"brand","embeddable":true,"href":"https:\/\/vapingnet.de\/it\/wp-json\/wp\/v2\/etheme_brands?post=6263"},{"taxonomy":"product_brand","embeddable":true,"href":"https:\/\/vapingnet.de\/it\/wp-json\/wp\/v2\/product_brand?post=6263"},{"taxonomy":"product_cat","embeddable":true,"href":"https:\/\/vapingnet.de\/it\/wp-json\/wp\/v2\/product_cat?post=6263"},{"taxonomy":"product_tag","embeddable":true,"href":"https:\/\/vapingnet.de\/it\/wp-json\/wp\/v2\/product_tag?post=6263"}],"curies":[{"name":"wp","href":"https:\/\/api.w.org\/{rel}","templated":true}]}}