{"id":6265,"date":"2025-04-11T07:13:16","date_gmt":"2025-04-11T07:13:16","guid":{"rendered":"https:\/\/vapingnet.de\/?post_type=product&#038;p=6265"},"modified":"2025-06-19T03:39:54","modified_gmt":"2025-06-19T03:39:54","slug":"weltweit-beliebt-bang-king-smart-screen-15000-puff-mit-strawberry-watermelon-wholesale-preis","status":"publish","type":"product","link":"https:\/\/vapingnet.de\/it\/vape\/weltweit-beliebt-bang-king-smart-screen-15000-puff-mit-strawberry-watermelon-wholesale-preis\/","title":{"rendered":"Popolare in tutto il mondo Bang King Smart Screen 15000 Puff Con Strawberry Watermelon Prezzo all'ingrosso"},"content":{"rendered":"<h2 data-start=\"0\" data-end=\"68\" data-immersive-translate-walked=\"4c2d9c40-b75a-4665-9f09-a77bdc8dae8b\">Bang King Smart Screen 15000 Puff: La scelta perfetta per gli svapatori<\/h2>\n<p class=\"\" data-start=\"70\" data-end=\"407\" data-immersive-translate-walked=\"4c2d9c40-b75a-4665-9f09-a77bdc8dae8b\" data-immersive-translate-paragraph=\"1\">La Bang King Smart Screen 15000 Puff \u00e8 una sigaretta elettronica usa e getta eccezionale, che si distingue per le sue prestazioni, facilit\u00e0 d'uso e gusto. Con tecnologia all'avanguardia e un design unico, offre tutto ci\u00f2 che gli svapatori cercano \u2013 dalla lunga durata a un'esperienza di svapo intensa.<\/p>\n<h4 data-start=\"409\" data-end=\"442\" data-immersive-translate-walked=\"4c2d9c40-b75a-4665-9f09-a77bdc8dae8b\">Caratteristiche del prodotto nel dettaglio<\/h4>\n<p class=\"\" data-start=\"444\" data-end=\"812\" data-immersive-translate-walked=\"4c2d9c40-b75a-4665-9f09-a77bdc8dae8b\" data-immersive-translate-paragraph=\"1\">Mesh Coil (1.0 Ohm):<br data-start=\"468\" data-end=\"471\" data-immersive-translate-walked=\"4c2d9c40-b75a-4665-9f09-a77bdc8dae8b\" \/>Questa sigaretta elettronica \u00e8 dotata di una Mesh Coil, che garantisce una vaporizzazione uniforme e un'esperienza di gusto pi\u00f9 intensa. La tecnologia Mesh permette una migliore circolazione dell'aria e una vaporizzazione uniforme del liquido, portando a un sapore migliore e a una durata maggiore del prodotto.<\/p>\n<p class=\"\" data-start=\"814\" data-end=\"1100\" data-immersive-translate-walked=\"4c2d9c40-b75a-4665-9f09-a77bdc8dae8b\" data-immersive-translate-paragraph=\"1\">Capacit\u00e0 della batteria (650mAh):<br data-start=\"845\" data-end=\"848\" data-immersive-translate-walked=\"4c2d9c40-b75a-4665-9f09-a77bdc8dae8b\" \/>Con una batteria da 650mAh, la Bang King Smart Screen 15000 Puff offre una durata di svapo prolungata. La batteria assicura che la sigaretta elettronica possa essere utilizzata per lunghi periodi senza bisogno di ricarica.<\/p>\n<p class=\"\" data-start=\"1102\" data-end=\"1347\" data-immersive-translate-walked=\"4c2d9c40-b75a-4665-9f09-a77bdc8dae8b\" data-immersive-translate-paragraph=\"1\">Capacit\u00e0 di liquido (25ml):<br data-start=\"1132\" data-end=\"1135\" data-immersive-translate-walked=\"4c2d9c40-b75a-4665-9f09-a77bdc8dae8b\" \/>Con una generosa capacit\u00e0 di 25ml di liquido, non dovrai preoccuparti di ricariche frequenti. Questa sigaretta elettronica offre una lunga durata di svapo e ti permette di godertela senza interruzioni.<\/p>\n<h4 data-start=\"1349\" data-end=\"1401\" data-immersive-translate-walked=\"4c2d9c40-b75a-4665-9f09-a77bdc8dae8b\">Varie intensit\u00e0 di nicotina per ogni preferenza<\/h4>\n<p class=\"\" data-start=\"1403\" data-end=\"1548\" data-immersive-translate-walked=\"4c2d9c40-b75a-4665-9f09-a77bdc8dae8b\" data-immersive-translate-paragraph=\"1\">La Bang King Smart Screen 15000 Puff \u00e8 disponibile in diverse concentrazioni di nicotina, cos\u00ec puoi trovare l'esperienza pi\u00f9 adatta a te:<\/p>\n<ul data-start=\"1550\" data-end=\"1723\" data-immersive-translate-walked=\"4c2d9c40-b75a-4665-9f09-a77bdc8dae8b\">\n<li class=\"\" data-start=\"1550\" data-end=\"1635\" data-immersive-translate-walked=\"4c2d9c40-b75a-4665-9f09-a77bdc8dae8b\">\n<p class=\"\" data-start=\"1552\" data-end=\"1635\" data-immersive-translate-walked=\"4c2d9c40-b75a-4665-9f09-a77bdc8dae8b\" data-immersive-translate-paragraph=\"1\">0% Nicotina: Ideale per svapatori che desiderano gustare il sapore senza nicotina.<\/p>\n<\/li>\n<li class=\"\" data-start=\"1636\" data-end=\"1723\" data-immersive-translate-walked=\"4c2d9c40-b75a-4665-9f09-a77bdc8dae8b\">\n<p class=\"\" data-start=\"1638\" data-end=\"1723\" data-immersive-translate-walked=\"4c2d9c40-b75a-4665-9f09-a77bdc8dae8b\" data-immersive-translate-paragraph=\"1\">2%, 3% e 5% Nicotina: Per chi cerca un'esperienza di nicotina pi\u00f9 forte.<\/p>\n<\/li>\n<\/ul>\n<h4 data-start=\"1725\" data-end=\"1772\" data-immersive-translate-walked=\"4c2d9c40-b75a-4665-9f09-a77bdc8dae8b\">Display LED e porta di ricarica USB di tipo C<\/h4>\n<p class=\"\" data-start=\"1774\" data-end=\"2052\" data-immersive-translate-walked=\"4c2d9c40-b75a-4665-9f09-a77bdc8dae8b\" data-immersive-translate-paragraph=\"1\">La Bang King Smart Screen 15000 Puff \u00e8 dotata di un pratico display LED che mostra lo stato della batteria e il livello del liquido. Inoltre, dispone di una moderna porta di ricarica di tipo C, che rende la ricarica rapida e semplice.<\/p>\n<h4 data-start=\"2054\" data-end=\"2105\" data-immersive-translate-walked=\"4c2d9c40-b75a-4665-9f09-a77bdc8dae8b\">Gusto delizioso: Fragola Anguria<\/h4>\n<p class=\"\" data-start=\"2107\" data-end=\"2321\" data-immersive-translate-walked=\"4c2d9c40-b75a-4665-9f09-a77bdc8dae8b\" data-immersive-translate-paragraph=\"1\">Il gusto Fragola Anguria di questa sigaretta elettronica combina fragole dolci con anguria succosa. Questa miscela fruttata offre un'esperienza di svapo rinfrescante che ti accompagner\u00e0 tutto il giorno.<\/p>\n<h3>Vantaggi della Bang King Smart Screen 15000 Puff<\/h3>\n<ul data-start=\"2379\" data-end=\"2858\" data-immersive-translate-walked=\"4c2d9c40-b75a-4665-9f09-a77bdc8dae8b\">\n<li class=\"\" data-start=\"2379\" data-end=\"2471\" data-immersive-translate-walked=\"4c2d9c40-b75a-4665-9f09-a77bdc8dae8b\">\n<p class=\"\" data-start=\"2381\" data-end=\"2471\" data-immersive-translate-walked=\"4c2d9c40-b75a-4665-9f09-a77bdc8dae8b\" data-immersive-translate-paragraph=\"1\">Lunga durata di svapo grazie alla grande capacit\u00e0 di liquido e alla potente batteria.<\/p>\n<\/li>\n<li class=\"\" data-start=\"2472\" data-end=\"2579\" data-immersive-translate-walked=\"4c2d9c40-b75a-4665-9f09-a77bdc8dae8b\">\n<p class=\"\" data-start=\"2474\" data-end=\"2579\" data-immersive-translate-walked=\"4c2d9c40-b75a-4665-9f09-a77bdc8dae8b\" data-immersive-translate-paragraph=\"1\">Varie intensit\u00e0 di nicotina (0%, 2%, 3%, 5%) per soddisfare le tue esigenze individuali.<\/p>\n<\/li>\n<li class=\"\" data-start=\"2580\" data-end=\"2643\" data-immersive-translate-walked=\"4c2d9c40-b75a-4665-9f09-a77bdc8dae8b\">\n<p class=\"\" data-start=\"2582\" data-end=\"2643\" data-immersive-translate-walked=\"4c2d9c40-b75a-4665-9f09-a77bdc8dae8b\" data-immersive-translate-paragraph=\"1\">Display LED per mostrare i livelli di liquido e batteria.<\/p>\n<\/li>\n<li class=\"\" data-start=\"2644\" data-end=\"2701\" data-immersive-translate-walked=\"4c2d9c40-b75a-4665-9f09-a77bdc8dae8b\">\n<p class=\"\" data-start=\"2646\" data-end=\"2701\" data-immersive-translate-walked=\"4c2d9c40-b75a-4665-9f09-a77bdc8dae8b\" data-immersive-translate-paragraph=\"1\">Ricarica rapida con la porta di ricarica Tipo-C.<\/p>\n<\/li>\n<li class=\"\" data-start=\"2702\" data-end=\"2762\" data-immersive-translate-walked=\"4c2d9c40-b75a-4665-9f09-a77bdc8dae8b\">\n<p class=\"\" data-start=\"2704\" data-end=\"2762\" data-immersive-translate-walked=\"4c2d9c40-b75a-4665-9f09-a77bdc8dae8b\" data-immersive-translate-paragraph=\"1\">Gusto rinfrescante di Fragola Anguria.<\/p>\n<\/li>\n<li class=\"\" data-start=\"2763\" data-end=\"2858\" data-immersive-translate-walked=\"4c2d9c40-b75a-4665-9f09-a77bdc8dae8b\">\n<p class=\"\" data-start=\"2765\" data-end=\"2858\" data-immersive-translate-walked=\"4c2d9c40-b75a-4665-9f09-a77bdc8dae8b\" data-immersive-translate-paragraph=\"1\">Spedizione e consegna senza dazi entro 7-15 giorni lavorativi su vapingnet.de.<\/p>\n<\/li>\n<\/ul>\n<h4 data-start=\"2860\" data-end=\"2942\" data-immersive-translate-walked=\"4c2d9c40-b75a-4665-9f09-a77bdc8dae8b\">Lo schermo intelligente Bang King 15000 puff per il piacere di vapore perfetto<\/h4>\n<p class=\"\" data-start=\"2944\" data-end=\"3369\" data-immersive-translate-walked=\"4c2d9c40-b75a-4665-9f09-a77bdc8dae8b\" data-immersive-translate-paragraph=\"1\">Lo schermo intelligente Bang King 15000 puff \u00e8 la scelta ideale per i vapers che cercano una sigaretta elettronica duratura, facile da usare e dal gusto eccezionale. Con una grande capacit\u00e0 di e-liquid, una batteria potente e un sapore delizioso, offre tutto ci\u00f2 di cui hai bisogno per un'esperienza di svapo di prima classe. Ordina oggi su vapingnet.de e goditi il vapore al massimo!<\/p>","protected":false},"excerpt":{"rendered":"<p>Bang King Smart Screen 15000 Puff: Die perfekte Wahl f\u00fcr Dampfer Die Bang King Smart Screen 15000 Puff ist eine au\u00dfergew\u00f6hnliche Einweg-E-Zigarette, die sich durch&#8230;<\/p>","protected":false},"featured_media":6857,"template":"","meta":[],"etheme_brands":[],"product_brand":[101],"product_cat":[53,49,61],"product_tag":[],"class_list":{"0":"post-6265","1":"product","2":"type-product","3":"status-publish","4":"has-post-thumbnail","6":"product_brand-bang-king-vape","7":"product_cat-vape-15000-zuege","8":"product_cat-einweg-e-zigarette","9":"product_cat-f","11":"first","12":"instock","13":"shipping-taxable","14":"purchasable","15":"product-type-simple"},"yoast_head":"<!-- This site is optimized with the Yoast SEO plugin v26.5 - https:\/\/yoast.com\/wordpress\/plugins\/seo\/ -->\n<title>Weltweit Beliebt Bang King Smart Screen 15000 Puff Mit Strawberry Watermelon Wholesale Preis | Vapingnet.de<\/title>\n<meta name=\"description\" content=\"Entdecke Weltweit Beliebt Bang King Smart Screen 15000 Puff Mit Strawberry Watermelon Wholesale Preis bei vapingnet.de, \u25ba Gro\u00dfe Auswahl an Geschmacksrichtungen &amp; super g\u00fcnstig!\" \/>\n<meta name=\"robots\" content=\"index, follow, max-snippet:-1, max-image-preview:large, max-video-preview:-1\" \/>\n<link rel=\"canonical\" href=\"https:\/\/vapingnet.de\/it\/vape\/weltweit-beliebt-bang-king-smart-screen-15000-puff-mit-strawberry-watermelon-wholesale-preis\/\" \/>\n<meta property=\"og:locale\" content=\"it_IT\" \/>\n<meta property=\"og:type\" content=\"article\" \/>\n<meta property=\"og:title\" content=\"Weltweit Beliebt Bang King Smart Screen 15000 Puff Mit Strawberry Watermelon Wholesale Preis | Vapingnet.de\" \/>\n<meta property=\"og:description\" content=\"Entdecke Weltweit Beliebt Bang King Smart Screen 15000 Puff Mit Strawberry Watermelon Wholesale Preis bei vapingnet.de, \u25ba Gro\u00dfe Auswahl an Geschmacksrichtungen &amp; super g\u00fcnstig!\" \/>\n<meta property=\"og:url\" content=\"https:\/\/vapingnet.de\/it\/vape\/weltweit-beliebt-bang-king-smart-screen-15000-puff-mit-strawberry-watermelon-wholesale-preis\/\" \/>\n<meta property=\"og:site_name\" content=\"Vapingnet.de\" \/>\n<meta property=\"article:publisher\" content=\"https:\/\/www.facebook.com\/vapingnetde\/\" \/>\n<meta property=\"article:modified_time\" content=\"2025-06-19T03:39:54+00:00\" \/>\n<meta property=\"og:image\" content=\"https:\/\/vapingnet.de\/wp-content\/uploads\/2025\/04\/bang-Strawberry-Watermelon-1.webp\" \/>\n\t<meta property=\"og:image:width\" content=\"1000\" \/>\n\t<meta property=\"og:image:height\" content=\"1000\" \/>\n\t<meta property=\"og:image:type\" content=\"image\/webp\" \/>\n<meta name=\"twitter:card\" content=\"summary_large_image\" \/>\n<meta name=\"twitter:label1\" content=\"Est. reading time\" \/>\n\t<meta name=\"twitter:data1\" content=\"3 minutes\" \/>\n<script type=\"application\/ld+json\" class=\"yoast-schema-graph\">{\"@context\":\"https:\/\/schema.org\",\"@graph\":[{\"@type\":\"WebPage\",\"@id\":\"https:\/\/vapingnet.de\/vape\/weltweit-beliebt-bang-king-smart-screen-15000-puff-mit-strawberry-watermelon-wholesale-preis\/\",\"url\":\"https:\/\/vapingnet.de\/vape\/weltweit-beliebt-bang-king-smart-screen-15000-puff-mit-strawberry-watermelon-wholesale-preis\/\",\"name\":\"Weltweit Beliebt Bang King Smart Screen 15000 Puff Mit Strawberry Watermelon Wholesale Preis | Vapingnet.de\",\"isPartOf\":{\"@id\":\"https:\/\/vapingnet.de\/#website\"},\"primaryImageOfPage\":{\"@id\":\"https:\/\/vapingnet.de\/vape\/weltweit-beliebt-bang-king-smart-screen-15000-puff-mit-strawberry-watermelon-wholesale-preis\/#primaryimage\"},\"image\":{\"@id\":\"https:\/\/vapingnet.de\/vape\/weltweit-beliebt-bang-king-smart-screen-15000-puff-mit-strawberry-watermelon-wholesale-preis\/#primaryimage\"},\"thumbnailUrl\":\"https:\/\/vapingnet.de\/wp-content\/uploads\/2025\/04\/bang-Strawberry-Watermelon-1.webp\",\"datePublished\":\"2025-04-11T07:13:16+00:00\",\"dateModified\":\"2025-06-19T03:39:54+00:00\",\"description\":\"Entdecke Weltweit Beliebt Bang King Smart Screen 15000 Puff Mit Strawberry Watermelon Wholesale Preis bei vapingnet.de, \u25ba Gro\u00dfe Auswahl an Geschmacksrichtungen & super g\u00fcnstig!\",\"breadcrumb\":{\"@id\":\"https:\/\/vapingnet.de\/vape\/weltweit-beliebt-bang-king-smart-screen-15000-puff-mit-strawberry-watermelon-wholesale-preis\/#breadcrumb\"},\"inLanguage\":\"it-IT\",\"potentialAction\":[{\"@type\":\"ReadAction\",\"target\":[\"https:\/\/vapingnet.de\/vape\/weltweit-beliebt-bang-king-smart-screen-15000-puff-mit-strawberry-watermelon-wholesale-preis\/\"]}]},{\"@type\":\"ImageObject\",\"inLanguage\":\"it-IT\",\"@id\":\"https:\/\/vapingnet.de\/vape\/weltweit-beliebt-bang-king-smart-screen-15000-puff-mit-strawberry-watermelon-wholesale-preis\/#primaryimage\",\"url\":\"https:\/\/vapingnet.de\/wp-content\/uploads\/2025\/04\/bang-Strawberry-Watermelon-1.webp\",\"contentUrl\":\"https:\/\/vapingnet.de\/wp-content\/uploads\/2025\/04\/bang-Strawberry-Watermelon-1.webp\",\"width\":1000,\"height\":1000},{\"@type\":\"BreadcrumbList\",\"@id\":\"https:\/\/vapingnet.de\/vape\/weltweit-beliebt-bang-king-smart-screen-15000-puff-mit-strawberry-watermelon-wholesale-preis\/#breadcrumb\",\"itemListElement\":[{\"@type\":\"ListItem\",\"position\":1,\"name\":\"Home\",\"item\":\"https:\/\/vapingnet.de\/\"},{\"@type\":\"ListItem\",\"position\":2,\"name\":\"Shop\",\"item\":\"https:\/\/vapingnet.de\/vape\/\"},{\"@type\":\"ListItem\",\"position\":3,\"name\":\"Weltweit Beliebt Bang King Smart Screen 15000 Puff Mit Strawberry Watermelon Wholesale Preis\"}]},{\"@type\":\"WebSite\",\"@id\":\"https:\/\/vapingnet.de\/#website\",\"url\":\"https:\/\/vapingnet.de\/\",\"name\":\"Vapingnet.de\",\"description\":\"\",\"publisher\":{\"@id\":\"https:\/\/vapingnet.de\/#organization\"},\"potentialAction\":[{\"@type\":\"SearchAction\",\"target\":{\"@type\":\"EntryPoint\",\"urlTemplate\":\"https:\/\/vapingnet.de\/?s={search_term_string}\"},\"query-input\":{\"@type\":\"PropertyValueSpecification\",\"valueRequired\":true,\"valueName\":\"search_term_string\"}}],\"inLanguage\":\"it-IT\"},{\"@type\":\"Organization\",\"@id\":\"https:\/\/vapingnet.de\/#organization\",\"name\":\"Vapingnet.de\",\"url\":\"https:\/\/vapingnet.de\/\",\"logo\":{\"@type\":\"ImageObject\",\"inLanguage\":\"it-IT\",\"@id\":\"https:\/\/vapingnet.de\/#\/schema\/logo\/image\/\",\"url\":\"https:\/\/vapingnet.de\/wp-content\/uploads\/2025\/03\/cropped-vapingnet.de_.jpg\",\"contentUrl\":\"https:\/\/vapingnet.de\/wp-content\/uploads\/2025\/03\/cropped-vapingnet.de_.jpg\",\"width\":512,\"height\":512,\"caption\":\"Vapingnet.de\"},\"image\":{\"@id\":\"https:\/\/vapingnet.de\/#\/schema\/logo\/image\/\"},\"sameAs\":[\"https:\/\/www.facebook.com\/vapingnetde\/\"]}]}<\/script>\n<!-- \/ Yoast SEO plugin. -->","yoast_head_json":{"title":"Weltweit Beliebt Bang King Smart Screen 15000 Puff Mit Strawberry Watermelon Wholesale Preis | Vapingnet.de","description":"Entdecke Weltweit Beliebt Bang King Smart Screen 15000 Puff Mit Strawberry Watermelon Wholesale Preis bei vapingnet.de, \u25ba Gro\u00dfe Auswahl an Geschmacksrichtungen & super g\u00fcnstig!","robots":{"index":"index","follow":"follow","max-snippet":"max-snippet:-1","max-image-preview":"max-image-preview:large","max-video-preview":"max-video-preview:-1"},"canonical":"https:\/\/vapingnet.de\/it\/vape\/weltweit-beliebt-bang-king-smart-screen-15000-puff-mit-strawberry-watermelon-wholesale-preis\/","og_locale":"it_IT","og_type":"article","og_title":"Weltweit Beliebt Bang King Smart Screen 15000 Puff Mit Strawberry Watermelon Wholesale Preis | Vapingnet.de","og_description":"Entdecke Weltweit Beliebt Bang King Smart Screen 15000 Puff Mit Strawberry Watermelon Wholesale Preis bei vapingnet.de, \u25ba Gro\u00dfe Auswahl an Geschmacksrichtungen & super g\u00fcnstig!","og_url":"https:\/\/vapingnet.de\/it\/vape\/weltweit-beliebt-bang-king-smart-screen-15000-puff-mit-strawberry-watermelon-wholesale-preis\/","og_site_name":"Vapingnet.de","article_publisher":"https:\/\/www.facebook.com\/vapingnetde\/","article_modified_time":"2025-06-19T03:39:54+00:00","og_image":[{"width":1000,"height":1000,"url":"https:\/\/vapingnet.de\/wp-content\/uploads\/2025\/04\/bang-Strawberry-Watermelon-1.webp","type":"image\/webp"}],"twitter_card":"summary_large_image","twitter_misc":{"Est. reading time":"3 minutes"},"schema":{"@context":"https:\/\/schema.org","@graph":[{"@type":"WebPage","@id":"https:\/\/vapingnet.de\/vape\/weltweit-beliebt-bang-king-smart-screen-15000-puff-mit-strawberry-watermelon-wholesale-preis\/","url":"https:\/\/vapingnet.de\/vape\/weltweit-beliebt-bang-king-smart-screen-15000-puff-mit-strawberry-watermelon-wholesale-preis\/","name":"Weltweit Beliebt Bang King Smart Screen 15000 Puff Mit Strawberry Watermelon Wholesale Preis | Vapingnet.de","isPartOf":{"@id":"https:\/\/vapingnet.de\/#website"},"primaryImageOfPage":{"@id":"https:\/\/vapingnet.de\/vape\/weltweit-beliebt-bang-king-smart-screen-15000-puff-mit-strawberry-watermelon-wholesale-preis\/#primaryimage"},"image":{"@id":"https:\/\/vapingnet.de\/vape\/weltweit-beliebt-bang-king-smart-screen-15000-puff-mit-strawberry-watermelon-wholesale-preis\/#primaryimage"},"thumbnailUrl":"https:\/\/vapingnet.de\/wp-content\/uploads\/2025\/04\/bang-Strawberry-Watermelon-1.webp","datePublished":"2025-04-11T07:13:16+00:00","dateModified":"2025-06-19T03:39:54+00:00","description":"Entdecke Weltweit Beliebt Bang King Smart Screen 15000 Puff Mit Strawberry Watermelon Wholesale Preis bei vapingnet.de, \u25ba Gro\u00dfe Auswahl an Geschmacksrichtungen & super g\u00fcnstig!","breadcrumb":{"@id":"https:\/\/vapingnet.de\/vape\/weltweit-beliebt-bang-king-smart-screen-15000-puff-mit-strawberry-watermelon-wholesale-preis\/#breadcrumb"},"inLanguage":"it-IT","potentialAction":[{"@type":"ReadAction","target":["https:\/\/vapingnet.de\/vape\/weltweit-beliebt-bang-king-smart-screen-15000-puff-mit-strawberry-watermelon-wholesale-preis\/"]}]},{"@type":"ImageObject","inLanguage":"it-IT","@id":"https:\/\/vapingnet.de\/vape\/weltweit-beliebt-bang-king-smart-screen-15000-puff-mit-strawberry-watermelon-wholesale-preis\/#primaryimage","url":"https:\/\/vapingnet.de\/wp-content\/uploads\/2025\/04\/bang-Strawberry-Watermelon-1.webp","contentUrl":"https:\/\/vapingnet.de\/wp-content\/uploads\/2025\/04\/bang-Strawberry-Watermelon-1.webp","width":1000,"height":1000},{"@type":"BreadcrumbList","@id":"https:\/\/vapingnet.de\/vape\/weltweit-beliebt-bang-king-smart-screen-15000-puff-mit-strawberry-watermelon-wholesale-preis\/#breadcrumb","itemListElement":[{"@type":"ListItem","position":1,"name":"Home","item":"https:\/\/vapingnet.de\/"},{"@type":"ListItem","position":2,"name":"Shop","item":"https:\/\/vapingnet.de\/vape\/"},{"@type":"ListItem","position":3,"name":"Weltweit Beliebt Bang King Smart Screen 15000 Puff Mit Strawberry Watermelon Wholesale Preis"}]},{"@type":"WebSite","@id":"https:\/\/vapingnet.de\/#website","url":"https:\/\/vapingnet.de\/","name":"Vapingnet.de","description":"","publisher":{"@id":"https:\/\/vapingnet.de\/#organization"},"potentialAction":[{"@type":"SearchAction","target":{"@type":"EntryPoint","urlTemplate":"https:\/\/vapingnet.de\/?s={search_term_string}"},"query-input":{"@type":"PropertyValueSpecification","valueRequired":true,"valueName":"search_term_string"}}],"inLanguage":"it-IT"},{"@type":"Organization","@id":"https:\/\/vapingnet.de\/#organization","name":"Vapingnet.de","url":"https:\/\/vapingnet.de\/","logo":{"@type":"ImageObject","inLanguage":"it-IT","@id":"https:\/\/vapingnet.de\/#\/schema\/logo\/image\/","url":"https:\/\/vapingnet.de\/wp-content\/uploads\/2025\/03\/cropped-vapingnet.de_.jpg","contentUrl":"https:\/\/vapingnet.de\/wp-content\/uploads\/2025\/03\/cropped-vapingnet.de_.jpg","width":512,"height":512,"caption":"Vapingnet.de"},"image":{"@id":"https:\/\/vapingnet.de\/#\/schema\/logo\/image\/"},"sameAs":["https:\/\/www.facebook.com\/vapingnetde\/"]}]}},"tiered_pricing_type":"fixed","tiered_pricing_fixed_rules":{"10":"8.35","60":"7.52","110":"6.68","200":"5.85"},"tiered_pricing_product_settings":{"layout":"default","base_unit_name":{"singular":null,"plural":null},"default_variation":null},"tiered_pricing_minimum_quantity":null,"tiered_pricing_roles_data":[],"tiered_pricing_percentage_rules":[],"_links":{"self":[{"href":"https:\/\/vapingnet.de\/it\/wp-json\/wp\/v2\/product\/6265","targetHints":{"allow":["GET"]}}],"collection":[{"href":"https:\/\/vapingnet.de\/it\/wp-json\/wp\/v2\/product"}],"about":[{"href":"https:\/\/vapingnet.de\/it\/wp-json\/wp\/v2\/types\/product"}],"version-history":[{"count":1,"href":"https:\/\/vapingnet.de\/it\/wp-json\/wp\/v2\/product\/6265\/revisions"}],"predecessor-version":[{"id":6271,"href":"https:\/\/vapingnet.de\/it\/wp-json\/wp\/v2\/product\/6265\/revisions\/6271"}],"wp:featuredmedia":[{"embeddable":true,"href":"https:\/\/vapingnet.de\/it\/wp-json\/wp\/v2\/media\/6857"}],"wp:attachment":[{"href":"https:\/\/vapingnet.de\/it\/wp-json\/wp\/v2\/media?parent=6265"}],"wp:term":[{"taxonomy":"brand","embeddable":true,"href":"https:\/\/vapingnet.de\/it\/wp-json\/wp\/v2\/etheme_brands?post=6265"},{"taxonomy":"product_brand","embeddable":true,"href":"https:\/\/vapingnet.de\/it\/wp-json\/wp\/v2\/product_brand?post=6265"},{"taxonomy":"product_cat","embeddable":true,"href":"https:\/\/vapingnet.de\/it\/wp-json\/wp\/v2\/product_cat?post=6265"},{"taxonomy":"product_tag","embeddable":true,"href":"https:\/\/vapingnet.de\/it\/wp-json\/wp\/v2\/product_tag?post=6265"}],"curies":[{"name":"wp","href":"https:\/\/api.w.org\/{rel}","templated":true}]}}