{"id":6283,"date":"2025-04-11T08:03:11","date_gmt":"2025-04-11T08:03:11","guid":{"rendered":"https:\/\/vapingnet.de\/?post_type=product&#038;p=6283"},"modified":"2025-06-19T03:39:27","modified_gmt":"2025-06-19T03:39:27","slug":"exklusiv-bang-king-smart-screen-15000-puff-mit-lush-ice-weltweit-beliebt","status":"publish","type":"product","link":"https:\/\/vapingnet.de\/it\/vape\/exklusiv-bang-king-smart-screen-15000-puff-mit-lush-ice-weltweit-beliebt\/","title":{"rendered":"Esclusivo Bang King Smart Screen 15000 Puff con Lush Ice Popolare in tutto il mondo"},"content":{"rendered":"<h2 data-start=\"47\" data-end=\"137\">Bang King Smart Screen 15000 Puff \u2013 Sigaretta elettronica usa e getta per il vaper esigente<\/h2>\n<p class=\"\" data-start=\"139\" data-end=\"476\">Per tutti coloro che cercano una vape usa e getta durevole e potente, la Bang King Smart Screen 15000 Puff rappresenta un'ottima scelta. Con una combinazione di tecnologia avanzata e una grande capacit\u00e0 di liquido, questo modello stabilisce nuovi standard nel mercato delle sigarette elettroniche usa e getta.<\/p>\n<h3>Caratteristiche del prodotto della Bang King Smart Screen 15000 Puff<\/h3>\n<p class=\"\" data-start=\"541\" data-end=\"739\">La Bang King Smart Screen 15000 Puff \u00e8 progettata per offrire un'esperienza di svapo straordinaria. Esaminiamo nel dettaglio le caratteristiche principali e i vantaggi di questa sigaretta elettronica:<\/p>\n<ul data-start=\"741\" data-end=\"1175\">\n<li class=\"\" data-start=\"741\" data-end=\"788\">\n<p class=\"\" data-start=\"743\" data-end=\"788\">Modello: Bang King Smart Screen 15000 Puff<\/p>\n<\/li>\n<li class=\"\" data-start=\"789\" data-end=\"813\">\n<p class=\"\" data-start=\"791\" data-end=\"813\">Mesh Coil: 1.0 Ohm<\/p>\n<\/li>\n<li class=\"\" data-start=\"814\" data-end=\"846\">\n<p class=\"\" data-start=\"816\" data-end=\"846\">Capacit\u00e0 della batteria: 650 mAh<\/p>\n<\/li>\n<li class=\"\" data-start=\"847\" data-end=\"878\">\n<p class=\"\" data-start=\"849\" data-end=\"878\">Capacit\u00e0 di E-Liquid: 25 ml<\/p>\n<\/li>\n<li class=\"\" data-start=\"879\" data-end=\"916\">\n<p class=\"\" data-start=\"881\" data-end=\"916\">Opzioni di nicotina: 0%, 2%, 3%, 5%<\/p>\n<\/li>\n<li class=\"\" data-start=\"917\" data-end=\"943\">\n<p class=\"\" data-start=\"919\" data-end=\"943\">Connessione di ricarica: Tipo-C<\/p>\n<\/li>\n<li class=\"\" data-start=\"944\" data-end=\"970\">\n<p class=\"\" data-start=\"946\" data-end=\"970\">Display: Display LED<\/p>\n<\/li>\n<li class=\"\" data-start=\"971\" data-end=\"1053\">\n<p class=\"\" data-start=\"973\" data-end=\"1053\">Gusto: Lush Ice<\/p>\n<\/li>\n<li class=\"\" data-start=\"1054\" data-end=\"1088\">\n<p class=\"\" data-start=\"1056\" data-end=\"1088\">Tempi di consegna: 7-15 giorni lavorativi<\/p>\n<\/li>\n<li class=\"\" data-start=\"1089\" data-end=\"1123\">\n<p class=\"\" data-start=\"1091\" data-end=\"1123\">Vantaggio: Consegna senza dazi<\/p>\n<\/li>\n<\/ul>\n<h5 data-start=\"1177\" data-end=\"1232\">Prestazioni di alta qualit\u00e0 per l'uso quotidiano<\/h5>\n<p class=\"\" data-start=\"1234\" data-end=\"1532\">La Bang King Smart Screen 15000 Puff offre fino a 15.000 tiri, rendendola un compagno durevole per i vaper che sono sempre in movimento o cercano una soluzione a lungo termine. La Mesh Coil garantisce un'esperienza di svapo uniforme con gusto costante e vapore delicato.<\/p>\n<h5 data-start=\"1534\" data-end=\"1576\">Flessibilit\u00e0 nella concentrazione di nicotina<\/h5>\n<p class=\"\" data-start=\"1578\" data-end=\"1896\">Un altro punto forte della Bang King Smart Screen \u00e8 la scelta della concentrazione di nicotina. Che preferiate un'esperienza pi\u00f9 leggera con 0% di nicotina o una dose pi\u00f9 forte con 5%, qui trovate l'opzione adatta. Questa flessibilit\u00e0 rende la sigaretta elettronica attraente sia per i principianti che per i vaper esperti.<\/p>\n<h5 data-start=\"1898\" data-end=\"1945\">Opzione di ricarica pratica e lunga durata d'uso<\/h5>\n<p class=\"\" data-start=\"1947\" data-end=\"2320\">La batteria da 650 mAh offre energia sufficiente per consumare i 25 ml di E-Liquid per un lungo periodo. La porta di ricarica Type-C assicura che la batteria venga caricata rapidamente ed efficientemente \u2013 cos\u00ec potete rendere la sigaretta elettronica di nuovo pronta all'uso in qualsiasi momento. Il display LED vi tiene sempre aggiornati sullo stato di carica attuale.<\/p>\n<h5 data-start=\"2322\" data-end=\"2364\">Gusto rinfrescante \u2013 Lush Ice<\/h5>\n<p class=\"\" data-start=\"2366\" data-end=\"2644\">Il gusto di Lush Ice combina anguria con una nota mentolata rinfrescante, rendendo l'esperienza di svapo particolarmente rinfrescante. Questo gusto \u00e8 ideale per i vaper che desiderano sia fruttato che una fresca sensazione di freschezza.<\/p>\n<h3>Vantaggi della Bang King Smart Screen<\/h3>\n<ul data-start=\"2691\" data-end=\"3077\">\n<li class=\"\" data-start=\"2691\" data-end=\"2834\">\n<p class=\"\" data-start=\"2693\" data-end=\"2834\">Facile da usare: poich\u00e9 si tratta di una sigaretta elettronica usa e getta, non dovrete preoccuparvi di ricaricare o pulire.<\/p>\n<\/li>\n<li class=\"\" data-start=\"2835\" data-end=\"2962\">\n<p class=\"\" data-start=\"2837\" data-end=\"2962\">Consegna senza dazi: ordinate senza costi di importazione aggiuntivi \u2013 il vostro ordine viene spedito direttamente dal magazzino.<\/p>\n<\/li>\n<li class=\"\" data-start=\"2963\" data-end=\"3077\">\n<p class=\"\" data-start=\"2965\" data-end=\"3077\">Consegna rapida: con un tempo di consegna di soli 7-15 giorni lavorativi, la vostra nuova sigaretta elettronica arriver\u00e0 presto.<\/p>\n<\/li>\n<\/ul>\n<h4 data-start=\"3079\" data-end=\"3138\">Perch\u00e9 scegliere la Bang King Smart Screen 15000 Puff?<\/h4>\n<p class=\"\" data-start=\"3140\" data-end=\"3456\">Per tutti coloro che cercano una sigaretta elettronica potente, duratura e facile da usare, la Bang King Smart Screen 15000 Puff \u00e8 una scelta perfetta. Grazie alla grande capacit\u00e0 di liquido, alle opzioni di nicotina flessibili e al gusto eccellente, questo modello sicuramente entusiasmer\u00e0 molti vapers.<\/p>\n<p class=\"\" data-start=\"3458\" data-end=\"3680\">Se stai cercando un'esperienza di svapo semplice e intensa, dovresti assolutamente provare la Bang King Smart Screen 15000 Puff. Visita vapingnet.de e ordina oggi stesso la tua nuova sigaretta elettronica.<\/p>","protected":false},"excerpt":{"rendered":"<p>Bang King Smart Screen 15000 Puff \u2013 Einweg-E-Zigarette f\u00fcr den anspruchsvollen Dampfer F\u00fcr alle, die auf der Suche nach einem langlebigen und leistungsstarken Einweg-Vape sind,&#8230;<\/p>","protected":false},"featured_media":6858,"template":"","meta":[],"etheme_brands":[],"product_brand":[101],"product_cat":[53,49,61],"product_tag":[],"class_list":{"0":"post-6283","1":"product","2":"type-product","3":"status-publish","4":"has-post-thumbnail","6":"product_brand-bang-king-vape","7":"product_cat-vape-15000-zuege","8":"product_cat-einweg-e-zigarette","9":"product_cat-f","11":"first","12":"instock","13":"shipping-taxable","14":"purchasable","15":"product-type-simple"},"yoast_head":"<!-- This site is optimized with the Yoast SEO plugin v26.5 - https:\/\/yoast.com\/wordpress\/plugins\/seo\/ -->\n<title>Exklusiv Bang King Smart Screen 15000 Puff Mit Lush Ice Weltweit Beliebt | Vapingnet.de<\/title>\n<meta name=\"description\" content=\"Entdecke Exklusiv Bang King Smart Screen 15000 Puff Mit Lush Ice Weltweit Beliebt bei vapingnet.de, \u25ba Gro\u00dfe Auswahl an Geschmacksrichtungen &amp; super g\u00fcnstig!\" \/>\n<meta name=\"robots\" content=\"index, follow, max-snippet:-1, max-image-preview:large, max-video-preview:-1\" \/>\n<link rel=\"canonical\" href=\"https:\/\/vapingnet.de\/it\/vape\/exklusiv-bang-king-smart-screen-15000-puff-mit-lush-ice-weltweit-beliebt\/\" \/>\n<meta property=\"og:locale\" content=\"it_IT\" \/>\n<meta property=\"og:type\" content=\"article\" \/>\n<meta property=\"og:title\" content=\"Exklusiv Bang King Smart Screen 15000 Puff Mit Lush Ice Weltweit Beliebt | Vapingnet.de\" \/>\n<meta property=\"og:description\" content=\"Entdecke Exklusiv Bang King Smart Screen 15000 Puff Mit Lush Ice Weltweit Beliebt bei vapingnet.de, \u25ba Gro\u00dfe Auswahl an Geschmacksrichtungen &amp; super g\u00fcnstig!\" \/>\n<meta property=\"og:url\" content=\"https:\/\/vapingnet.de\/it\/vape\/exklusiv-bang-king-smart-screen-15000-puff-mit-lush-ice-weltweit-beliebt\/\" \/>\n<meta property=\"og:site_name\" content=\"Vapingnet.de\" \/>\n<meta property=\"article:publisher\" content=\"https:\/\/www.facebook.com\/vapingnetde\/\" \/>\n<meta property=\"article:modified_time\" content=\"2025-06-19T03:39:27+00:00\" \/>\n<meta property=\"og:image\" content=\"https:\/\/vapingnet.de\/wp-content\/uploads\/2025\/04\/Bang-King-Smart-Screen.webp\" \/>\n\t<meta property=\"og:image:width\" content=\"1000\" \/>\n\t<meta property=\"og:image:height\" content=\"1000\" \/>\n\t<meta property=\"og:image:type\" content=\"image\/webp\" \/>\n<meta name=\"twitter:card\" content=\"summary_large_image\" \/>\n<meta name=\"twitter:label1\" content=\"Est. reading time\" \/>\n\t<meta name=\"twitter:data1\" content=\"3 minutes\" \/>\n<script type=\"application\/ld+json\" class=\"yoast-schema-graph\">{\"@context\":\"https:\/\/schema.org\",\"@graph\":[{\"@type\":\"WebPage\",\"@id\":\"https:\/\/vapingnet.de\/vape\/exklusiv-bang-king-smart-screen-15000-puff-mit-lush-ice-weltweit-beliebt\/\",\"url\":\"https:\/\/vapingnet.de\/vape\/exklusiv-bang-king-smart-screen-15000-puff-mit-lush-ice-weltweit-beliebt\/\",\"name\":\"Exklusiv Bang King Smart Screen 15000 Puff Mit Lush Ice Weltweit Beliebt | Vapingnet.de\",\"isPartOf\":{\"@id\":\"https:\/\/vapingnet.de\/#website\"},\"primaryImageOfPage\":{\"@id\":\"https:\/\/vapingnet.de\/vape\/exklusiv-bang-king-smart-screen-15000-puff-mit-lush-ice-weltweit-beliebt\/#primaryimage\"},\"image\":{\"@id\":\"https:\/\/vapingnet.de\/vape\/exklusiv-bang-king-smart-screen-15000-puff-mit-lush-ice-weltweit-beliebt\/#primaryimage\"},\"thumbnailUrl\":\"https:\/\/vapingnet.de\/wp-content\/uploads\/2025\/04\/Bang-King-Smart-Screen.webp\",\"datePublished\":\"2025-04-11T08:03:11+00:00\",\"dateModified\":\"2025-06-19T03:39:27+00:00\",\"description\":\"Entdecke Exklusiv Bang King Smart Screen 15000 Puff Mit Lush Ice Weltweit Beliebt bei vapingnet.de, \u25ba Gro\u00dfe Auswahl an Geschmacksrichtungen & super g\u00fcnstig!\",\"breadcrumb\":{\"@id\":\"https:\/\/vapingnet.de\/vape\/exklusiv-bang-king-smart-screen-15000-puff-mit-lush-ice-weltweit-beliebt\/#breadcrumb\"},\"inLanguage\":\"it-IT\",\"potentialAction\":[{\"@type\":\"ReadAction\",\"target\":[\"https:\/\/vapingnet.de\/vape\/exklusiv-bang-king-smart-screen-15000-puff-mit-lush-ice-weltweit-beliebt\/\"]}]},{\"@type\":\"ImageObject\",\"inLanguage\":\"it-IT\",\"@id\":\"https:\/\/vapingnet.de\/vape\/exklusiv-bang-king-smart-screen-15000-puff-mit-lush-ice-weltweit-beliebt\/#primaryimage\",\"url\":\"https:\/\/vapingnet.de\/wp-content\/uploads\/2025\/04\/Bang-King-Smart-Screen.webp\",\"contentUrl\":\"https:\/\/vapingnet.de\/wp-content\/uploads\/2025\/04\/Bang-King-Smart-Screen.webp\",\"width\":1000,\"height\":1000},{\"@type\":\"BreadcrumbList\",\"@id\":\"https:\/\/vapingnet.de\/vape\/exklusiv-bang-king-smart-screen-15000-puff-mit-lush-ice-weltweit-beliebt\/#breadcrumb\",\"itemListElement\":[{\"@type\":\"ListItem\",\"position\":1,\"name\":\"Home\",\"item\":\"https:\/\/vapingnet.de\/\"},{\"@type\":\"ListItem\",\"position\":2,\"name\":\"Shop\",\"item\":\"https:\/\/vapingnet.de\/vape\/\"},{\"@type\":\"ListItem\",\"position\":3,\"name\":\"Exklusiv Bang King Smart Screen 15000 Puff Mit Lush Ice Weltweit Beliebt\"}]},{\"@type\":\"WebSite\",\"@id\":\"https:\/\/vapingnet.de\/#website\",\"url\":\"https:\/\/vapingnet.de\/\",\"name\":\"Vapingnet.de\",\"description\":\"\",\"publisher\":{\"@id\":\"https:\/\/vapingnet.de\/#organization\"},\"potentialAction\":[{\"@type\":\"SearchAction\",\"target\":{\"@type\":\"EntryPoint\",\"urlTemplate\":\"https:\/\/vapingnet.de\/?s={search_term_string}\"},\"query-input\":{\"@type\":\"PropertyValueSpecification\",\"valueRequired\":true,\"valueName\":\"search_term_string\"}}],\"inLanguage\":\"it-IT\"},{\"@type\":\"Organization\",\"@id\":\"https:\/\/vapingnet.de\/#organization\",\"name\":\"Vapingnet.de\",\"url\":\"https:\/\/vapingnet.de\/\",\"logo\":{\"@type\":\"ImageObject\",\"inLanguage\":\"it-IT\",\"@id\":\"https:\/\/vapingnet.de\/#\/schema\/logo\/image\/\",\"url\":\"https:\/\/vapingnet.de\/wp-content\/uploads\/2025\/03\/cropped-vapingnet.de_.jpg\",\"contentUrl\":\"https:\/\/vapingnet.de\/wp-content\/uploads\/2025\/03\/cropped-vapingnet.de_.jpg\",\"width\":512,\"height\":512,\"caption\":\"Vapingnet.de\"},\"image\":{\"@id\":\"https:\/\/vapingnet.de\/#\/schema\/logo\/image\/\"},\"sameAs\":[\"https:\/\/www.facebook.com\/vapingnetde\/\"]}]}<\/script>\n<!-- \/ Yoast SEO plugin. -->","yoast_head_json":{"title":"Exklusiv Bang King Smart Screen 15000 Puff Mit Lush Ice Weltweit Beliebt | Vapingnet.de","description":"Entdecke Exklusiv Bang King Smart Screen 15000 Puff Mit Lush Ice Weltweit Beliebt bei vapingnet.de, \u25ba Gro\u00dfe Auswahl an Geschmacksrichtungen & super g\u00fcnstig!","robots":{"index":"index","follow":"follow","max-snippet":"max-snippet:-1","max-image-preview":"max-image-preview:large","max-video-preview":"max-video-preview:-1"},"canonical":"https:\/\/vapingnet.de\/it\/vape\/exklusiv-bang-king-smart-screen-15000-puff-mit-lush-ice-weltweit-beliebt\/","og_locale":"it_IT","og_type":"article","og_title":"Exklusiv Bang King Smart Screen 15000 Puff Mit Lush Ice Weltweit Beliebt | Vapingnet.de","og_description":"Entdecke Exklusiv Bang King Smart Screen 15000 Puff Mit Lush Ice Weltweit Beliebt bei vapingnet.de, \u25ba Gro\u00dfe Auswahl an Geschmacksrichtungen & super g\u00fcnstig!","og_url":"https:\/\/vapingnet.de\/it\/vape\/exklusiv-bang-king-smart-screen-15000-puff-mit-lush-ice-weltweit-beliebt\/","og_site_name":"Vapingnet.de","article_publisher":"https:\/\/www.facebook.com\/vapingnetde\/","article_modified_time":"2025-06-19T03:39:27+00:00","og_image":[{"width":1000,"height":1000,"url":"https:\/\/vapingnet.de\/wp-content\/uploads\/2025\/04\/Bang-King-Smart-Screen.webp","type":"image\/webp"}],"twitter_card":"summary_large_image","twitter_misc":{"Est. reading time":"3 minutes"},"schema":{"@context":"https:\/\/schema.org","@graph":[{"@type":"WebPage","@id":"https:\/\/vapingnet.de\/vape\/exklusiv-bang-king-smart-screen-15000-puff-mit-lush-ice-weltweit-beliebt\/","url":"https:\/\/vapingnet.de\/vape\/exklusiv-bang-king-smart-screen-15000-puff-mit-lush-ice-weltweit-beliebt\/","name":"Exklusiv Bang King Smart Screen 15000 Puff Mit Lush Ice Weltweit Beliebt | Vapingnet.de","isPartOf":{"@id":"https:\/\/vapingnet.de\/#website"},"primaryImageOfPage":{"@id":"https:\/\/vapingnet.de\/vape\/exklusiv-bang-king-smart-screen-15000-puff-mit-lush-ice-weltweit-beliebt\/#primaryimage"},"image":{"@id":"https:\/\/vapingnet.de\/vape\/exklusiv-bang-king-smart-screen-15000-puff-mit-lush-ice-weltweit-beliebt\/#primaryimage"},"thumbnailUrl":"https:\/\/vapingnet.de\/wp-content\/uploads\/2025\/04\/Bang-King-Smart-Screen.webp","datePublished":"2025-04-11T08:03:11+00:00","dateModified":"2025-06-19T03:39:27+00:00","description":"Entdecke Exklusiv Bang King Smart Screen 15000 Puff Mit Lush Ice Weltweit Beliebt bei vapingnet.de, \u25ba Gro\u00dfe Auswahl an Geschmacksrichtungen & super g\u00fcnstig!","breadcrumb":{"@id":"https:\/\/vapingnet.de\/vape\/exklusiv-bang-king-smart-screen-15000-puff-mit-lush-ice-weltweit-beliebt\/#breadcrumb"},"inLanguage":"it-IT","potentialAction":[{"@type":"ReadAction","target":["https:\/\/vapingnet.de\/vape\/exklusiv-bang-king-smart-screen-15000-puff-mit-lush-ice-weltweit-beliebt\/"]}]},{"@type":"ImageObject","inLanguage":"it-IT","@id":"https:\/\/vapingnet.de\/vape\/exklusiv-bang-king-smart-screen-15000-puff-mit-lush-ice-weltweit-beliebt\/#primaryimage","url":"https:\/\/vapingnet.de\/wp-content\/uploads\/2025\/04\/Bang-King-Smart-Screen.webp","contentUrl":"https:\/\/vapingnet.de\/wp-content\/uploads\/2025\/04\/Bang-King-Smart-Screen.webp","width":1000,"height":1000},{"@type":"BreadcrumbList","@id":"https:\/\/vapingnet.de\/vape\/exklusiv-bang-king-smart-screen-15000-puff-mit-lush-ice-weltweit-beliebt\/#breadcrumb","itemListElement":[{"@type":"ListItem","position":1,"name":"Home","item":"https:\/\/vapingnet.de\/"},{"@type":"ListItem","position":2,"name":"Shop","item":"https:\/\/vapingnet.de\/vape\/"},{"@type":"ListItem","position":3,"name":"Exklusiv Bang King Smart Screen 15000 Puff Mit Lush Ice Weltweit Beliebt"}]},{"@type":"WebSite","@id":"https:\/\/vapingnet.de\/#website","url":"https:\/\/vapingnet.de\/","name":"Vapingnet.de","description":"","publisher":{"@id":"https:\/\/vapingnet.de\/#organization"},"potentialAction":[{"@type":"SearchAction","target":{"@type":"EntryPoint","urlTemplate":"https:\/\/vapingnet.de\/?s={search_term_string}"},"query-input":{"@type":"PropertyValueSpecification","valueRequired":true,"valueName":"search_term_string"}}],"inLanguage":"it-IT"},{"@type":"Organization","@id":"https:\/\/vapingnet.de\/#organization","name":"Vapingnet.de","url":"https:\/\/vapingnet.de\/","logo":{"@type":"ImageObject","inLanguage":"it-IT","@id":"https:\/\/vapingnet.de\/#\/schema\/logo\/image\/","url":"https:\/\/vapingnet.de\/wp-content\/uploads\/2025\/03\/cropped-vapingnet.de_.jpg","contentUrl":"https:\/\/vapingnet.de\/wp-content\/uploads\/2025\/03\/cropped-vapingnet.de_.jpg","width":512,"height":512,"caption":"Vapingnet.de"},"image":{"@id":"https:\/\/vapingnet.de\/#\/schema\/logo\/image\/"},"sameAs":["https:\/\/www.facebook.com\/vapingnetde\/"]}]}},"tiered_pricing_type":"fixed","tiered_pricing_fixed_rules":{"10":"8.35","60":"7.52","110":"6.68","200":"5.85"},"tiered_pricing_product_settings":{"layout":"default","base_unit_name":{"singular":null,"plural":null},"default_variation":null},"tiered_pricing_minimum_quantity":null,"tiered_pricing_roles_data":[],"tiered_pricing_percentage_rules":[],"_links":{"self":[{"href":"https:\/\/vapingnet.de\/it\/wp-json\/wp\/v2\/product\/6283","targetHints":{"allow":["GET"]}}],"collection":[{"href":"https:\/\/vapingnet.de\/it\/wp-json\/wp\/v2\/product"}],"about":[{"href":"https:\/\/vapingnet.de\/it\/wp-json\/wp\/v2\/types\/product"}],"version-history":[{"count":2,"href":"https:\/\/vapingnet.de\/it\/wp-json\/wp\/v2\/product\/6283\/revisions"}],"predecessor-version":[{"id":6294,"href":"https:\/\/vapingnet.de\/it\/wp-json\/wp\/v2\/product\/6283\/revisions\/6294"}],"wp:featuredmedia":[{"embeddable":true,"href":"https:\/\/vapingnet.de\/it\/wp-json\/wp\/v2\/media\/6858"}],"wp:attachment":[{"href":"https:\/\/vapingnet.de\/it\/wp-json\/wp\/v2\/media?parent=6283"}],"wp:term":[{"taxonomy":"brand","embeddable":true,"href":"https:\/\/vapingnet.de\/it\/wp-json\/wp\/v2\/etheme_brands?post=6283"},{"taxonomy":"product_brand","embeddable":true,"href":"https:\/\/vapingnet.de\/it\/wp-json\/wp\/v2\/product_brand?post=6283"},{"taxonomy":"product_cat","embeddable":true,"href":"https:\/\/vapingnet.de\/it\/wp-json\/wp\/v2\/product_cat?post=6283"},{"taxonomy":"product_tag","embeddable":true,"href":"https:\/\/vapingnet.de\/it\/wp-json\/wp\/v2\/product_tag?post=6283"}],"curies":[{"name":"wp","href":"https:\/\/api.w.org\/{rel}","templated":true}]}}