{"id":6324,"date":"2025-04-15T03:24:13","date_gmt":"2025-04-15T03:24:13","guid":{"rendered":"https:\/\/vapingnet.de\/?post_type=product&#038;p=6324"},"modified":"2025-06-19T03:43:02","modified_gmt":"2025-06-19T03:43:02","slug":"direkt-ab-werk-elf-box-pulse-x-25000-lush-ice-verfuegbar","status":"publish","type":"product","link":"https:\/\/vapingnet.de\/it\/vape\/direkt-ab-werk-elf-box-pulse-x-25000-lush-ice-verfuegbar\/","title":{"rendered":"Direttamente dalla fabbrica ELF BOX PULSE X 25000 Lush Ice Disponibile"},"content":{"rendered":"<h2 data-start=\"0\" data-end=\"75\" data-immersive-translate-walked=\"6fd65f42-cd05-4dad-a69b-4fb8df9d7599\">Elf Box Pulse X 25000: La combinazione perfetta di prestazioni e piacere<\/h2>\n<p class=\"\" data-start=\"77\" data-end=\"428\" data-immersive-translate-walked=\"6fd65f42-cd05-4dad-a69b-4fb8df9d7599\" data-immersive-translate-paragraph=\"1\">L'Elf Box Pulse X 25000 \u00e8 l'ultima sigaretta elettronica usa e getta, che entusiasma per le sue caratteristiche tecniche eccezionali e l'esperienza di gusto unica. Questa sigaretta elettronica \u00e8 stata progettata per vapers che cercano un dispositivo potente, facile da usare, che offra allo stesso tempo un'esperienza di svapo intensa.<\/p>\n<h4 data-start=\"430\" data-end=\"467\" data-immersive-translate-walked=\"6fd65f42-cd05-4dad-a69b-4fb8df9d7599\">Caratteristiche tecniche nel dettaglio<\/h4>\n<h5 data-start=\"469\" data-end=\"500\" data-immersive-translate-walked=\"6fd65f42-cd05-4dad-a69b-4fb8df9d7599\">Potenza e capacit\u00e0<\/h5>\n<p class=\"\" data-start=\"501\" data-end=\"944\" data-immersive-translate-walked=\"6fd65f42-cd05-4dad-a69b-4fb8df9d7599\" data-immersive-translate-paragraph=\"1\">L'Elf Box Pulse X 25000 dispone di Dual Mesh Coils con una resistenza di 0,8 Ohm + 0,8 Ohm, che garantiscono una produzione di vapore uniforme e un aroma intenso. La sigaretta elettronica ha una capacit\u00e0 di liquido elettronico di 18 ml, sufficiente per molte sessioni di svapo, e una batteria potente da 13.500 mAh, che garantisce una lunga durata. In modalit\u00e0 normale puoi goderti fino a 25.000 tiri.<\/p>\n<h5 data-start=\"946\" data-end=\"983\" data-immersive-translate-walked=\"6fd65f42-cd05-4dad-a69b-4fb8df9d7599\">Opzioni di ricarica e porta di ricarica<\/h5>\n<p class=\"\" data-start=\"984\" data-end=\"1152\" data-immersive-translate-walked=\"6fd65f42-cd05-4dad-a69b-4fb8df9d7599\" data-immersive-translate-paragraph=\"1\">Grazie alla moderna porta Type-C puoi ricaricare il dispositivo in modo rapido ed efficiente. Questo assicura che tu sia pronto all'uso in pochissimo tempo.<\/p>\n<h5 data-start=\"1154\" data-end=\"1196\" data-immersive-translate-walked=\"6fd65f42-cd05-4dad-a69b-4fb8df9d7599\">Due modalit\u00e0 per un piacere versatile<\/h5>\n<p class=\"\" data-start=\"1197\" data-end=\"1325\" data-immersive-translate-walked=\"6fd65f42-cd05-4dad-a69b-4fb8df9d7599\" data-immersive-translate-paragraph=\"1\">Una caratteristica particolarmente innovativa dell'Elf Box Pulse X 25000 \u00e8 la possibilit\u00e0 di scegliere tra due modalit\u00e0 di svapo:<\/p>\n<ol data-start=\"1327\" data-end=\"1520\" data-immersive-translate-walked=\"6fd65f42-cd05-4dad-a69b-4fb8df9d7599\">\n<li class=\"\" data-start=\"1327\" data-end=\"1422\" data-immersive-translate-walked=\"6fd65f42-cd05-4dad-a69b-4fb8df9d7599\">\n<p class=\"\" data-start=\"1330\" data-end=\"1422\" data-immersive-translate-walked=\"6fd65f42-cd05-4dad-a69b-4fb8df9d7599\" data-immersive-translate-paragraph=\"1\">Modalit\u00e0 normale: fino a 25.000 tiri, ideale per sessioni di svapo prolungate senza interruzioni.<\/p>\n<\/li>\n<li class=\"\" data-start=\"1423\" data-end=\"1520\" data-immersive-translate-walked=\"6fd65f42-cd05-4dad-a69b-4fb8df9d7599\">\n<p class=\"\" data-start=\"1426\" data-end=\"1520\" data-immersive-translate-walked=\"6fd65f42-cd05-4dad-a69b-4fb8df9d7599\" data-immersive-translate-paragraph=\"1\">Modalit\u00e0 Pulse: fino a 15.000 tiri, offre vapore pi\u00f9 intenso e nuvole di vapore pi\u00f9 rapide.<\/p>\n<\/li>\n<\/ol>\n<h5 data-start=\"1522\" data-end=\"1550\" data-immersive-translate-walked=\"6fd65f42-cd05-4dad-a69b-4fb8df9d7599\">Regolazione della potenza AI<\/h5>\n<p class=\"\" data-start=\"1551\" data-end=\"1773\" data-immersive-translate-walked=\"6fd65f42-cd05-4dad-a69b-4fb8df9d7599\" data-immersive-translate-paragraph=\"1\">La funzione di regolazione della potenza AI su schermo curvo 3D assicura che la potenza del dispositivo si adatti automaticamente allo stile di svapo. In questo modo ottieni sempre l'esperienza di svapo perfetta \u2013 secondo i tuoi gusti.<\/p>\n<h5 data-start=\"1775\" data-end=\"1811\" data-immersive-translate-walked=\"6fd65f42-cd05-4dad-a69b-4fb8df9d7599\">Esperienza di gusto: Lush Ice<\/h5>\n<p class=\"\" data-start=\"1813\" data-end=\"2102\" data-immersive-translate-walked=\"6fd65f42-cd05-4dad-a69b-4fb8df9d7599\" data-immersive-translate-paragraph=\"1\">Con il gusto Lush Ice, lo svapo diventa un'esperienza rinfrescante. Il sapore combina la dolcezza dell'anguria con un retrogusto mentolato rinfrescante, ideale soprattutto nei mesi estivi caldi. Ogni tiro ti offre l'equilibrio perfetto tra fruttato e freschezza.<\/p>\n<h3>Vantaggi della Elf Box Pulse X 25000<\/h3>\n<ul data-start=\"2148\" data-end=\"2674\" data-immersive-translate-walked=\"6fd65f42-cd05-4dad-a69b-4fb8df9d7599\">\n<li class=\"\" data-start=\"2148\" data-end=\"2272\" data-immersive-translate-walked=\"6fd65f42-cd05-4dad-a69b-4fb8df9d7599\">\n<p class=\"\" data-start=\"2150\" data-end=\"2272\" data-immersive-translate-walked=\"6fd65f42-cd05-4dad-a69b-4fb8df9d7599\" data-immersive-translate-paragraph=\"1\">Lunga durata di svapo: fino a 25.000 tiri in modalit\u00e0 normale e 15.000 tiri in modalit\u00e0 Pulse per un piacere duraturo.<\/p>\n<\/li>\n<li class=\"\" data-start=\"2273\" data-end=\"2400\" data-immersive-translate-walked=\"6fd65f42-cd05-4dad-a69b-4fb8df9d7599\">\n<p class=\"\" data-start=\"2275\" data-end=\"2400\" data-immersive-translate-walked=\"6fd65f42-cd05-4dad-a69b-4fb8df9d7599\" data-immersive-translate-paragraph=\"1\">Opzioni di nicotina versatili: scegli tra 0%, 2%, 3% o 5% di nicotina e personalizza l'esperienza di svapo secondo le tue preferenze.<\/p>\n<\/li>\n<li class=\"\" data-start=\"2401\" data-end=\"2530\" data-immersive-translate-walked=\"6fd65f42-cd05-4dad-a69b-4fb8df9d7599\">\n<p class=\"\" data-start=\"2403\" data-end=\"2530\" data-immersive-translate-walked=\"6fd65f42-cd05-4dad-a69b-4fb8df9d7599\" data-immersive-translate-paragraph=\"1\">Facile da usare: la porta Type-C garantisce tempi di ricarica rapidi, cos\u00ec sei sempre pronto all'uso.<\/p>\n<\/li>\n<li class=\"\" data-start=\"2531\" data-end=\"2674\" data-immersive-translate-walked=\"6fd65f42-cd05-4dad-a69b-4fb8df9d7599\">\n<p class=\"\" data-start=\"2533\" data-end=\"2674\" data-immersive-translate-walked=\"6fd65f42-cd05-4dad-a69b-4fb8df9d7599\" data-immersive-translate-paragraph=\"1\">Consegna senza dazi: gli ordini su vapingnet.de arrivano senza costi doganali aggiuntivi, semplificando l'intero processo di acquisto.<\/p>\n<\/li>\n<\/ul>\n<h4 data-start=\"2676\" data-end=\"2734\" data-immersive-translate-walked=\"6fd65f42-cd05-4dad-a69b-4fb8df9d7599\">Perch\u00e9 l'Elf Box Pulse X 25000 \u00e8 la scelta migliore<\/h4>\n<p class=\"\" data-start=\"2736\" data-end=\"3110\" data-immersive-translate-walked=\"6fd65f42-cd05-4dad-a69b-4fb8df9d7599\" data-immersive-translate-paragraph=\"1\">L'Elf Box Pulse X 25000 \u00e8 molto pi\u00f9 di una semplice sigaretta elettronica usa e getta. Con la sua lunga durata, tecnologia innovativa e opzioni di nicotina, offre una soluzione perfetta per i vapers che apprezzano sia le prestazioni che il gusto. Il sapore Lush Ice garantisce un'esperienza rinfrescante, rendendo ogni tiro un piacere.<\/p>\n<h4 data-start=\"3112\" data-end=\"3144\" data-immersive-translate-walked=\"6fd65f42-cd05-4dad-a69b-4fb8df9d7599\">Ordine e consegna<\/h4>\n<p class=\"\" data-start=\"3146\" data-end=\"3403\" data-immersive-translate-walked=\"6fd65f42-cd05-4dad-a69b-4fb8df9d7599\" data-immersive-translate-paragraph=\"1\">L'Elf Box Pulse X 25000 \u00e8 disponibile su vapingnet.de. Ordina comodamente online e ricevi il tuo dispositivo entro 7-15 giorni lavorativi direttamente a casa tua. Grazie alla consegna senza dazi, non devi preoccuparti di costi aggiuntivi.<\/p>\n<p class=\"\" data-start=\"3420\" data-end=\"3857\" data-immersive-translate-walked=\"6fd65f42-cd05-4dad-a69b-4fb8df9d7599\" data-immersive-translate-paragraph=\"1\">La Elf Box Pulse X 25000 offre tutto ci\u00f2 che un vaper pu\u00f2 desiderare \u2013 dalla lunga durata e tempi di ricarica rapidi fino a un'esperienza di gusto intensa. Se cerchi un dispositivo di alta qualit\u00e0, facile da usare, che ti entusiasmi ad ogni tiro, allora la Elf Box Pulse X 25000 \u00e8 ci\u00f2 che fa per te. Acquista oggi il tuo dispositivo su vapingnet.de e vivi il vaping al massimo livello.<\/p>","protected":false},"excerpt":{"rendered":"<p>Elf Box Pulse X 25000: La combinazione perfetta di prestazioni e piacere La Elf Box Pulse X 25000 \u00e8 la pi\u00f9 recente sigaretta elettronica usa e getta, che grazie alle sue...<\/p>","protected":false},"featured_media":6871,"template":"","meta":[],"etheme_brands":[],"product_brand":[100],"product_cat":[55,49,61],"product_tag":[],"class_list":{"0":"post-6324","1":"product","2":"type-product","3":"status-publish","4":"has-post-thumbnail","6":"product_brand-elf-box-vape","7":"product_cat-vape-25000-zuege","8":"product_cat-einweg-e-zigarette","9":"product_cat-f","11":"first","12":"instock","13":"shipping-taxable","14":"purchasable","15":"product-type-simple"},"yoast_head":"<!-- This site is optimized with the Yoast SEO plugin v26.5 - https:\/\/yoast.com\/wordpress\/plugins\/seo\/ -->\n<title>Direkt Ab Werk Elf Box Pulse X 25000 Lush Ice Verf\u00fcgbar | Vapingnet.de<\/title>\n<meta name=\"description\" content=\"Entdecke Direkt Ab Werk Elf Box Pulse X 25000 Lush Ice Verf\u00fcgbar bei vapingnet.de, \u25ba Gro\u00dfe Auswahl an Geschmacksrichtungen &amp; super g\u00fcnstig!\" \/>\n<meta name=\"robots\" content=\"index, follow, max-snippet:-1, max-image-preview:large, max-video-preview:-1\" \/>\n<link rel=\"canonical\" href=\"https:\/\/vapingnet.de\/it\/vape\/direkt-ab-werk-elf-box-pulse-x-25000-lush-ice-verfuegbar\/\" \/>\n<meta property=\"og:locale\" content=\"it_IT\" \/>\n<meta property=\"og:type\" content=\"article\" \/>\n<meta property=\"og:title\" content=\"Direkt Ab Werk Elf Box Pulse X 25000 Lush Ice Verf\u00fcgbar | Vapingnet.de\" \/>\n<meta property=\"og:description\" content=\"Entdecke Direkt Ab Werk Elf Box Pulse X 25000 Lush Ice Verf\u00fcgbar bei vapingnet.de, \u25ba Gro\u00dfe Auswahl an Geschmacksrichtungen &amp; super g\u00fcnstig!\" \/>\n<meta property=\"og:url\" content=\"https:\/\/vapingnet.de\/it\/vape\/direkt-ab-werk-elf-box-pulse-x-25000-lush-ice-verfuegbar\/\" \/>\n<meta property=\"og:site_name\" content=\"Vapingnet.de\" \/>\n<meta property=\"article:publisher\" content=\"https:\/\/www.facebook.com\/vapingnetde\/\" \/>\n<meta property=\"article:modified_time\" content=\"2025-06-19T03:43:02+00:00\" \/>\n<meta property=\"og:image\" content=\"https:\/\/vapingnet.de\/wp-content\/uploads\/2025\/04\/LUSH-LCE.webp\" \/>\n\t<meta property=\"og:image:width\" content=\"1000\" \/>\n\t<meta property=\"og:image:height\" content=\"1000\" \/>\n\t<meta property=\"og:image:type\" content=\"image\/webp\" \/>\n<meta name=\"twitter:card\" content=\"summary_large_image\" \/>\n<meta name=\"twitter:label1\" content=\"Est. reading time\" \/>\n\t<meta name=\"twitter:data1\" content=\"4 minutes\" \/>\n<script type=\"application\/ld+json\" class=\"yoast-schema-graph\">{\"@context\":\"https:\/\/schema.org\",\"@graph\":[{\"@type\":\"WebPage\",\"@id\":\"https:\/\/vapingnet.de\/vape\/direkt-ab-werk-elf-box-pulse-x-25000-lush-ice-verfuegbar\/\",\"url\":\"https:\/\/vapingnet.de\/vape\/direkt-ab-werk-elf-box-pulse-x-25000-lush-ice-verfuegbar\/\",\"name\":\"Direkt Ab Werk Elf Box Pulse X 25000 Lush Ice Verf\u00fcgbar | Vapingnet.de\",\"isPartOf\":{\"@id\":\"https:\/\/vapingnet.de\/#website\"},\"primaryImageOfPage\":{\"@id\":\"https:\/\/vapingnet.de\/vape\/direkt-ab-werk-elf-box-pulse-x-25000-lush-ice-verfuegbar\/#primaryimage\"},\"image\":{\"@id\":\"https:\/\/vapingnet.de\/vape\/direkt-ab-werk-elf-box-pulse-x-25000-lush-ice-verfuegbar\/#primaryimage\"},\"thumbnailUrl\":\"https:\/\/vapingnet.de\/wp-content\/uploads\/2025\/04\/LUSH-LCE.webp\",\"datePublished\":\"2025-04-15T03:24:13+00:00\",\"dateModified\":\"2025-06-19T03:43:02+00:00\",\"description\":\"Entdecke Direkt Ab Werk Elf Box Pulse X 25000 Lush Ice Verf\u00fcgbar bei vapingnet.de, \u25ba Gro\u00dfe Auswahl an Geschmacksrichtungen & super g\u00fcnstig!\",\"breadcrumb\":{\"@id\":\"https:\/\/vapingnet.de\/vape\/direkt-ab-werk-elf-box-pulse-x-25000-lush-ice-verfuegbar\/#breadcrumb\"},\"inLanguage\":\"it-IT\",\"potentialAction\":[{\"@type\":\"ReadAction\",\"target\":[\"https:\/\/vapingnet.de\/vape\/direkt-ab-werk-elf-box-pulse-x-25000-lush-ice-verfuegbar\/\"]}]},{\"@type\":\"ImageObject\",\"inLanguage\":\"it-IT\",\"@id\":\"https:\/\/vapingnet.de\/vape\/direkt-ab-werk-elf-box-pulse-x-25000-lush-ice-verfuegbar\/#primaryimage\",\"url\":\"https:\/\/vapingnet.de\/wp-content\/uploads\/2025\/04\/LUSH-LCE.webp\",\"contentUrl\":\"https:\/\/vapingnet.de\/wp-content\/uploads\/2025\/04\/LUSH-LCE.webp\",\"width\":1000,\"height\":1000},{\"@type\":\"BreadcrumbList\",\"@id\":\"https:\/\/vapingnet.de\/vape\/direkt-ab-werk-elf-box-pulse-x-25000-lush-ice-verfuegbar\/#breadcrumb\",\"itemListElement\":[{\"@type\":\"ListItem\",\"position\":1,\"name\":\"Home\",\"item\":\"https:\/\/vapingnet.de\/\"},{\"@type\":\"ListItem\",\"position\":2,\"name\":\"Shop\",\"item\":\"https:\/\/vapingnet.de\/vape\/\"},{\"@type\":\"ListItem\",\"position\":3,\"name\":\"Direkt Ab Werk Elf Box Pulse X 25000 Lush Ice Verf\u00fcgbar\"}]},{\"@type\":\"WebSite\",\"@id\":\"https:\/\/vapingnet.de\/#website\",\"url\":\"https:\/\/vapingnet.de\/\",\"name\":\"Vapingnet.de\",\"description\":\"\",\"publisher\":{\"@id\":\"https:\/\/vapingnet.de\/#organization\"},\"potentialAction\":[{\"@type\":\"SearchAction\",\"target\":{\"@type\":\"EntryPoint\",\"urlTemplate\":\"https:\/\/vapingnet.de\/?s={search_term_string}\"},\"query-input\":{\"@type\":\"PropertyValueSpecification\",\"valueRequired\":true,\"valueName\":\"search_term_string\"}}],\"inLanguage\":\"it-IT\"},{\"@type\":\"Organization\",\"@id\":\"https:\/\/vapingnet.de\/#organization\",\"name\":\"Vapingnet.de\",\"url\":\"https:\/\/vapingnet.de\/\",\"logo\":{\"@type\":\"ImageObject\",\"inLanguage\":\"it-IT\",\"@id\":\"https:\/\/vapingnet.de\/#\/schema\/logo\/image\/\",\"url\":\"https:\/\/vapingnet.de\/wp-content\/uploads\/2025\/03\/cropped-vapingnet.de_.jpg\",\"contentUrl\":\"https:\/\/vapingnet.de\/wp-content\/uploads\/2025\/03\/cropped-vapingnet.de_.jpg\",\"width\":512,\"height\":512,\"caption\":\"Vapingnet.de\"},\"image\":{\"@id\":\"https:\/\/vapingnet.de\/#\/schema\/logo\/image\/\"},\"sameAs\":[\"https:\/\/www.facebook.com\/vapingnetde\/\"]}]}<\/script>\n<!-- \/ Yoast SEO plugin. -->","yoast_head_json":{"title":"Direkt Ab Werk Elf Box Pulse X 25000 Lush Ice Verf\u00fcgbar | Vapingnet.de","description":"Entdecke Direkt Ab Werk Elf Box Pulse X 25000 Lush Ice Verf\u00fcgbar bei vapingnet.de, \u25ba Gro\u00dfe Auswahl an Geschmacksrichtungen & super g\u00fcnstig!","robots":{"index":"index","follow":"follow","max-snippet":"max-snippet:-1","max-image-preview":"max-image-preview:large","max-video-preview":"max-video-preview:-1"},"canonical":"https:\/\/vapingnet.de\/it\/vape\/direkt-ab-werk-elf-box-pulse-x-25000-lush-ice-verfuegbar\/","og_locale":"it_IT","og_type":"article","og_title":"Direkt Ab Werk Elf Box Pulse X 25000 Lush Ice Verf\u00fcgbar | Vapingnet.de","og_description":"Entdecke Direkt Ab Werk Elf Box Pulse X 25000 Lush Ice Verf\u00fcgbar bei vapingnet.de, \u25ba Gro\u00dfe Auswahl an Geschmacksrichtungen & super g\u00fcnstig!","og_url":"https:\/\/vapingnet.de\/it\/vape\/direkt-ab-werk-elf-box-pulse-x-25000-lush-ice-verfuegbar\/","og_site_name":"Vapingnet.de","article_publisher":"https:\/\/www.facebook.com\/vapingnetde\/","article_modified_time":"2025-06-19T03:43:02+00:00","og_image":[{"width":1000,"height":1000,"url":"https:\/\/vapingnet.de\/wp-content\/uploads\/2025\/04\/LUSH-LCE.webp","type":"image\/webp"}],"twitter_card":"summary_large_image","twitter_misc":{"Est. reading time":"4 minutes"},"schema":{"@context":"https:\/\/schema.org","@graph":[{"@type":"WebPage","@id":"https:\/\/vapingnet.de\/vape\/direkt-ab-werk-elf-box-pulse-x-25000-lush-ice-verfuegbar\/","url":"https:\/\/vapingnet.de\/vape\/direkt-ab-werk-elf-box-pulse-x-25000-lush-ice-verfuegbar\/","name":"Direkt Ab Werk Elf Box Pulse X 25000 Lush Ice Verf\u00fcgbar | Vapingnet.de","isPartOf":{"@id":"https:\/\/vapingnet.de\/#website"},"primaryImageOfPage":{"@id":"https:\/\/vapingnet.de\/vape\/direkt-ab-werk-elf-box-pulse-x-25000-lush-ice-verfuegbar\/#primaryimage"},"image":{"@id":"https:\/\/vapingnet.de\/vape\/direkt-ab-werk-elf-box-pulse-x-25000-lush-ice-verfuegbar\/#primaryimage"},"thumbnailUrl":"https:\/\/vapingnet.de\/wp-content\/uploads\/2025\/04\/LUSH-LCE.webp","datePublished":"2025-04-15T03:24:13+00:00","dateModified":"2025-06-19T03:43:02+00:00","description":"Entdecke Direkt Ab Werk Elf Box Pulse X 25000 Lush Ice Verf\u00fcgbar bei vapingnet.de, \u25ba Gro\u00dfe Auswahl an Geschmacksrichtungen & super g\u00fcnstig!","breadcrumb":{"@id":"https:\/\/vapingnet.de\/vape\/direkt-ab-werk-elf-box-pulse-x-25000-lush-ice-verfuegbar\/#breadcrumb"},"inLanguage":"it-IT","potentialAction":[{"@type":"ReadAction","target":["https:\/\/vapingnet.de\/vape\/direkt-ab-werk-elf-box-pulse-x-25000-lush-ice-verfuegbar\/"]}]},{"@type":"ImageObject","inLanguage":"it-IT","@id":"https:\/\/vapingnet.de\/vape\/direkt-ab-werk-elf-box-pulse-x-25000-lush-ice-verfuegbar\/#primaryimage","url":"https:\/\/vapingnet.de\/wp-content\/uploads\/2025\/04\/LUSH-LCE.webp","contentUrl":"https:\/\/vapingnet.de\/wp-content\/uploads\/2025\/04\/LUSH-LCE.webp","width":1000,"height":1000},{"@type":"BreadcrumbList","@id":"https:\/\/vapingnet.de\/vape\/direkt-ab-werk-elf-box-pulse-x-25000-lush-ice-verfuegbar\/#breadcrumb","itemListElement":[{"@type":"ListItem","position":1,"name":"Home","item":"https:\/\/vapingnet.de\/"},{"@type":"ListItem","position":2,"name":"Shop","item":"https:\/\/vapingnet.de\/vape\/"},{"@type":"ListItem","position":3,"name":"Direkt Ab Werk Elf Box Pulse X 25000 Lush Ice Verf\u00fcgbar"}]},{"@type":"WebSite","@id":"https:\/\/vapingnet.de\/#website","url":"https:\/\/vapingnet.de\/","name":"Vapingnet.de","description":"","publisher":{"@id":"https:\/\/vapingnet.de\/#organization"},"potentialAction":[{"@type":"SearchAction","target":{"@type":"EntryPoint","urlTemplate":"https:\/\/vapingnet.de\/?s={search_term_string}"},"query-input":{"@type":"PropertyValueSpecification","valueRequired":true,"valueName":"search_term_string"}}],"inLanguage":"it-IT"},{"@type":"Organization","@id":"https:\/\/vapingnet.de\/#organization","name":"Vapingnet.de","url":"https:\/\/vapingnet.de\/","logo":{"@type":"ImageObject","inLanguage":"it-IT","@id":"https:\/\/vapingnet.de\/#\/schema\/logo\/image\/","url":"https:\/\/vapingnet.de\/wp-content\/uploads\/2025\/03\/cropped-vapingnet.de_.jpg","contentUrl":"https:\/\/vapingnet.de\/wp-content\/uploads\/2025\/03\/cropped-vapingnet.de_.jpg","width":512,"height":512,"caption":"Vapingnet.de"},"image":{"@id":"https:\/\/vapingnet.de\/#\/schema\/logo\/image\/"},"sameAs":["https:\/\/www.facebook.com\/vapingnetde\/"]}]}},"tiered_pricing_type":"fixed","tiered_pricing_fixed_rules":{"10":"13.77","60":"12.39","110":"11.02","200":"9.64"},"tiered_pricing_product_settings":{"layout":"default","base_unit_name":{"singular":null,"plural":null},"default_variation":null},"tiered_pricing_minimum_quantity":null,"tiered_pricing_roles_data":[],"tiered_pricing_percentage_rules":[],"_links":{"self":[{"href":"https:\/\/vapingnet.de\/it\/wp-json\/wp\/v2\/product\/6324","targetHints":{"allow":["GET"]}}],"collection":[{"href":"https:\/\/vapingnet.de\/it\/wp-json\/wp\/v2\/product"}],"about":[{"href":"https:\/\/vapingnet.de\/it\/wp-json\/wp\/v2\/types\/product"}],"version-history":[{"count":1,"href":"https:\/\/vapingnet.de\/it\/wp-json\/wp\/v2\/product\/6324\/revisions"}],"predecessor-version":[{"id":6334,"href":"https:\/\/vapingnet.de\/it\/wp-json\/wp\/v2\/product\/6324\/revisions\/6334"}],"wp:featuredmedia":[{"embeddable":true,"href":"https:\/\/vapingnet.de\/it\/wp-json\/wp\/v2\/media\/6871"}],"wp:attachment":[{"href":"https:\/\/vapingnet.de\/it\/wp-json\/wp\/v2\/media?parent=6324"}],"wp:term":[{"taxonomy":"brand","embeddable":true,"href":"https:\/\/vapingnet.de\/it\/wp-json\/wp\/v2\/etheme_brands?post=6324"},{"taxonomy":"product_brand","embeddable":true,"href":"https:\/\/vapingnet.de\/it\/wp-json\/wp\/v2\/product_brand?post=6324"},{"taxonomy":"product_cat","embeddable":true,"href":"https:\/\/vapingnet.de\/it\/wp-json\/wp\/v2\/product_cat?post=6324"},{"taxonomy":"product_tag","embeddable":true,"href":"https:\/\/vapingnet.de\/it\/wp-json\/wp\/v2\/product_tag?post=6324"}],"curies":[{"name":"wp","href":"https:\/\/api.w.org\/{rel}","templated":true}]}}