{"id":6353,"date":"2025-04-15T06:29:32","date_gmt":"2025-04-15T06:29:32","guid":{"rendered":"https:\/\/vapingnet.de\/?post_type=product&#038;p=6353"},"modified":"2025-06-19T03:43:00","modified_gmt":"2025-06-19T03:43:00","slug":"elf-box-digital-12000-strawberry-ice-ideal-fuer-einsteiger-jetzt-bestellen","status":"publish","type":"product","link":"https:\/\/vapingnet.de\/it\/vape\/elf-box-digital-12000-strawberry-ice-ideal-fuer-einsteiger-jetzt-bestellen\/","title":{"rendered":"ELF BOX Digital 12000 Strawberry Ice Ideale per principianti Ora Ordina"},"content":{"rendered":"<h2 data-start=\"134\" data-end=\"397\" data-immersive-translate-walked=\"d554c073-aeec-48e3-a301-18eb13fb0d0a\" data-immersive-translate-paragraph=\"1\">Cos'\u00e8 l'ELF BOX Digital 12000?<\/h2>\n<p class=\"\" data-start=\"134\" data-end=\"397\" data-immersive-translate-walked=\"d554c073-aeec-48e3-a301-18eb13fb0d0a\" data-immersive-translate-paragraph=\"1\">L'ELF BOX Digital 12000 \u00e8 una sigaretta elettronica monouso potente con fino a 12.000 puff. Combina un design moderno con un display digitale che ti permette di monitorare sempre lo stato della batteria e del liquido.<\/p>\n<h4 data-start=\"399\" data-end=\"452\" data-immersive-translate-walked=\"d554c073-aeec-48e3-a301-18eb13fb0d0a\">Quali caratteristiche tecniche offre il dispositivo?<\/h4>\n<ul data-start=\"453\" data-end=\"704\">\n<li class=\"\" data-start=\"453\" data-end=\"505\">\n<p class=\"\" data-start=\"455\" data-end=\"505\" data-immersive-translate-walked=\"d554c073-aeec-48e3-a301-18eb13fb0d0a\" data-immersive-translate-paragraph=\"1\">Mesh Coil (0,8 Ohm) per un gusto intenso<\/p>\n<\/li>\n<li class=\"\" data-start=\"506\" data-end=\"555\">\n<p class=\"\" data-start=\"508\" data-end=\"555\" data-immersive-translate-walked=\"d554c073-aeec-48e3-a301-18eb13fb0d0a\" data-immersive-translate-paragraph=\"1\">25 ml di liquido elettronico per un piacere duraturo<\/p>\n<\/li>\n<li class=\"\" data-start=\"556\" data-end=\"598\">\n<p class=\"\" data-start=\"558\" data-end=\"598\" data-immersive-translate-walked=\"d554c073-aeec-48e3-a301-18eb13fb0d0a\" data-immersive-translate-paragraph=\"1\">Display digitale per liquido e batteria<\/p>\n<\/li>\n<li class=\"\" data-start=\"599\" data-end=\"652\">\n<p class=\"\" data-start=\"601\" data-end=\"652\" data-immersive-translate-walked=\"d554c073-aeec-48e3-a301-18eb13fb0d0a\" data-immersive-translate-paragraph=\"1\">Batteria da 500 mAh, ricaricabile tramite Type-C<\/p>\n<\/li>\n<li class=\"\" data-start=\"653\" data-end=\"704\">\n<p class=\"\" data-start=\"655\" data-end=\"704\" data-immersive-translate-walked=\"d554c073-aeec-48e3-a301-18eb13fb0d0a\" data-immersive-translate-paragraph=\"1\">Peso del prodotto: solo 82g \u2013 compatto e portatile<\/p>\n<\/li>\n<\/ul>\n<h5 data-start=\"706\" data-end=\"849\" data-immersive-translate-walked=\"d554c073-aeec-48e3-a301-18eb13fb0d0a\" data-immersive-translate-paragraph=\"1\">Quali livelli di nicotina ci sono?<\/h5>\n<p class=\"\" data-start=\"706\" data-end=\"849\" data-immersive-translate-walked=\"d554c073-aeec-48e3-a301-18eb13fb0d0a\" data-immersive-translate-paragraph=\"1\">Hai la scelta tra 0%, 2%, 3% o 5% di nicotina \u2013 perfetto per principianti ed esperti di svapo.<\/p>\n<h5 data-start=\"851\" data-end=\"994\" data-immersive-translate-walked=\"d554c073-aeec-48e3-a301-18eb13fb0d0a\" data-immersive-translate-paragraph=\"1\">Quanti puff offre il dispositivo?<\/h5>\n<p class=\"\" data-start=\"851\" data-end=\"994\" data-immersive-translate-walked=\"d554c073-aeec-48e3-a301-18eb13fb0d0a\" data-immersive-translate-paragraph=\"1\">L'ELF BOX Digital 12000 ti fornisce fino a 12.000 puff con prestazioni costanti e aroma completo.<\/p>\n<h5 data-start=\"996\" data-end=\"1146\" data-immersive-translate-walked=\"d554c073-aeec-48e3-a301-18eb13fb0d0a\" data-immersive-translate-paragraph=\"1\">Quale gusto \u00e8 incluso?<\/h5>\n<p class=\"\" data-start=\"996\" data-end=\"1146\" data-immersive-translate-walked=\"d554c073-aeec-48e3-a301-18eb13fb0d0a\" data-immersive-translate-paragraph=\"1\">Questa variante offre il popolare gusto Strawberry Ice \u2013 dolce fragola combinata con una fresca sensazione di freddo.<\/p>\n<h5 data-start=\"1148\" data-end=\"1296\" data-immersive-translate-walked=\"d554c073-aeec-48e3-a301-18eb13fb0d0a\" data-immersive-translate-paragraph=\"1\">Il dispositivo \u00e8 ricaricabile?<\/h5>\n<p class=\"\" data-start=\"1148\" data-end=\"1296\" data-immersive-translate-walked=\"d554c073-aeec-48e3-a301-18eb13fb0d0a\" data-immersive-translate-paragraph=\"1\">S\u00ec, l'ELF BOX \u00e8 dotato di una porta Type-C e pu\u00f2 essere facilmente ricaricato.<\/p>\n<h5 data-start=\"1298\" data-end=\"1400\" data-immersive-translate-walked=\"d554c073-aeec-48e3-a301-18eb13fb0d0a\" data-immersive-translate-paragraph=\"1\">Quanto tempo impiega la spedizione?<\/h5>\n<p class=\"\" data-start=\"1298\" data-end=\"1400\" data-immersive-translate-walked=\"d554c073-aeec-48e3-a301-18eb13fb0d0a\" data-immersive-translate-paragraph=\"1\">La consegna avviene entro 7\u201315 giorni lavorativi in tutta Europa.<\/p>\n<h5 data-start=\"1402\" data-end=\"1590\" data-immersive-translate-walked=\"d554c073-aeec-48e3-a301-18eb13fb0d0a\" data-immersive-translate-paragraph=\"1\">Ci sono costi nascosti o dazi doganali?<\/h5>\n<p class=\"\" data-start=\"1402\" data-end=\"1590\" data-immersive-translate-walked=\"d554c073-aeec-48e3-a301-18eb13fb0d0a\" data-immersive-translate-paragraph=\"1\">No \u2013 ordinando tramite vapingnet.de ricevi una consegna senza dazi direttamente a casa tua.<\/p>\n<h3 data-start=\"1592\" data-end=\"1642\" data-immersive-translate-walked=\"d554c073-aeec-48e3-a301-18eb13fb0d0a\">Perch\u00e9 ordinare da vapingnet.de?<\/h3>\n<ul data-start=\"1643\" data-end=\"1803\">\n<li class=\"\" data-start=\"1643\" data-end=\"1670\">\n<p class=\"\" data-start=\"1645\" data-end=\"1670\" data-immersive-translate-walked=\"d554c073-aeec-48e3-a301-18eb13fb0d0a\">Negozio affidabile<\/p>\n<\/li>\n<li class=\"\" data-start=\"1671\" data-end=\"1705\">\n<p class=\"\" data-start=\"1673\" data-end=\"1705\" data-immersive-translate-walked=\"d554c073-aeec-48e3-a301-18eb13fb0d0a\">Consegna senza dogana e discreta<\/p>\n<\/li>\n<li class=\"\" data-start=\"1706\" data-end=\"1760\">\n<p class=\"\" data-start=\"1708\" data-end=\"1760\" data-immersive-translate-walked=\"d554c073-aeec-48e3-a301-18eb13fb0d0a\">Ampia scelta di gusti e modelli<\/p>\n<\/li>\n<li class=\"\" data-start=\"1761\" data-end=\"1803\">\n<p class=\"\" data-start=\"1763\" data-end=\"1803\" data-immersive-translate-walked=\"d554c073-aeec-48e3-a301-18eb13fb0d0a\">Prezzi equi e servizio clienti competente<\/p>\n<\/li>\n<\/ul>","protected":false},"excerpt":{"rendered":"<p>Was ist die ELF BOX Digital 12000? Die ELF BOX Digital 12000 ist eine leistungsstarke Einweg-E-Zigarette mit bis zu 12.000 Z\u00fcgen. Sie vereint modernes Design&#8230;<\/p>","protected":false},"featured_media":6354,"template":"","meta":[],"etheme_brands":[],"product_brand":[100],"product_cat":[88,49,61],"product_tag":[],"class_list":{"0":"post-6353","1":"product","2":"type-product","3":"status-publish","4":"has-post-thumbnail","6":"product_brand-elf-box-vape","7":"product_cat-12k-vape","8":"product_cat-einweg-e-zigarette","9":"product_cat-f","11":"first","12":"instock","13":"shipping-taxable","14":"purchasable","15":"product-type-simple"},"yoast_head":"<!-- This site is optimized with the Yoast SEO plugin v26.5 - https:\/\/yoast.com\/wordpress\/plugins\/seo\/ -->\n<title>ELF BOX Digital 12000 Strawberry Ice Ideal F\u00fcr Einsteiger Jetzt Bestellen | Vapingnet.de<\/title>\n<meta name=\"description\" content=\"Entdecke ELF BOX Digital 12000 Strawberry Ice Ideal F\u00fcr Einsteiger Jetzt Bestellen bei vapingnet.de, \u25ba Gro\u00dfe Auswahl an Geschmacksrichtungen &amp; super g\u00fcnstig!\" \/>\n<meta name=\"robots\" content=\"index, follow, max-snippet:-1, max-image-preview:large, max-video-preview:-1\" \/>\n<link rel=\"canonical\" href=\"https:\/\/vapingnet.de\/it\/vape\/elf-box-digital-12000-strawberry-ice-ideal-fuer-einsteiger-jetzt-bestellen\/\" \/>\n<meta property=\"og:locale\" content=\"it_IT\" \/>\n<meta property=\"og:type\" content=\"article\" \/>\n<meta property=\"og:title\" content=\"ELF BOX Digital 12000 Strawberry Ice Ideal F\u00fcr Einsteiger Jetzt Bestellen | Vapingnet.de\" \/>\n<meta property=\"og:description\" content=\"Entdecke ELF BOX Digital 12000 Strawberry Ice Ideal F\u00fcr Einsteiger Jetzt Bestellen bei vapingnet.de, \u25ba Gro\u00dfe Auswahl an Geschmacksrichtungen &amp; super g\u00fcnstig!\" \/>\n<meta property=\"og:url\" content=\"https:\/\/vapingnet.de\/it\/vape\/elf-box-digital-12000-strawberry-ice-ideal-fuer-einsteiger-jetzt-bestellen\/\" \/>\n<meta property=\"og:site_name\" content=\"Vapingnet.de\" \/>\n<meta property=\"article:publisher\" content=\"https:\/\/www.facebook.com\/vapingnetde\/\" \/>\n<meta property=\"article:modified_time\" content=\"2025-06-19T03:43:00+00:00\" \/>\n<meta property=\"og:image\" content=\"https:\/\/vapingnet.de\/wp-content\/uploads\/2025\/04\/Strawberry-Ice-1.webp\" \/>\n\t<meta property=\"og:image:width\" content=\"1000\" \/>\n\t<meta property=\"og:image:height\" content=\"1000\" \/>\n\t<meta property=\"og:image:type\" content=\"image\/webp\" \/>\n<meta name=\"twitter:card\" content=\"summary_large_image\" \/>\n<meta name=\"twitter:label1\" content=\"Est. reading time\" \/>\n\t<meta name=\"twitter:data1\" content=\"2 minutes\" \/>\n<script type=\"application\/ld+json\" class=\"yoast-schema-graph\">{\"@context\":\"https:\/\/schema.org\",\"@graph\":[{\"@type\":\"WebPage\",\"@id\":\"https:\/\/vapingnet.de\/vape\/elf-box-digital-12000-strawberry-ice-ideal-fuer-einsteiger-jetzt-bestellen\/\",\"url\":\"https:\/\/vapingnet.de\/vape\/elf-box-digital-12000-strawberry-ice-ideal-fuer-einsteiger-jetzt-bestellen\/\",\"name\":\"ELF BOX Digital 12000 Strawberry Ice Ideal F\u00fcr Einsteiger Jetzt Bestellen | Vapingnet.de\",\"isPartOf\":{\"@id\":\"https:\/\/vapingnet.de\/#website\"},\"primaryImageOfPage\":{\"@id\":\"https:\/\/vapingnet.de\/vape\/elf-box-digital-12000-strawberry-ice-ideal-fuer-einsteiger-jetzt-bestellen\/#primaryimage\"},\"image\":{\"@id\":\"https:\/\/vapingnet.de\/vape\/elf-box-digital-12000-strawberry-ice-ideal-fuer-einsteiger-jetzt-bestellen\/#primaryimage\"},\"thumbnailUrl\":\"https:\/\/vapingnet.de\/wp-content\/uploads\/2025\/04\/Strawberry-Ice-1.webp\",\"datePublished\":\"2025-04-15T06:29:32+00:00\",\"dateModified\":\"2025-06-19T03:43:00+00:00\",\"description\":\"Entdecke ELF BOX Digital 12000 Strawberry Ice Ideal F\u00fcr Einsteiger Jetzt Bestellen bei vapingnet.de, \u25ba Gro\u00dfe Auswahl an Geschmacksrichtungen & super g\u00fcnstig!\",\"breadcrumb\":{\"@id\":\"https:\/\/vapingnet.de\/vape\/elf-box-digital-12000-strawberry-ice-ideal-fuer-einsteiger-jetzt-bestellen\/#breadcrumb\"},\"inLanguage\":\"it-IT\",\"potentialAction\":[{\"@type\":\"ReadAction\",\"target\":[\"https:\/\/vapingnet.de\/vape\/elf-box-digital-12000-strawberry-ice-ideal-fuer-einsteiger-jetzt-bestellen\/\"]}]},{\"@type\":\"ImageObject\",\"inLanguage\":\"it-IT\",\"@id\":\"https:\/\/vapingnet.de\/vape\/elf-box-digital-12000-strawberry-ice-ideal-fuer-einsteiger-jetzt-bestellen\/#primaryimage\",\"url\":\"https:\/\/vapingnet.de\/wp-content\/uploads\/2025\/04\/Strawberry-Ice-1.webp\",\"contentUrl\":\"https:\/\/vapingnet.de\/wp-content\/uploads\/2025\/04\/Strawberry-Ice-1.webp\",\"width\":1000,\"height\":1000},{\"@type\":\"BreadcrumbList\",\"@id\":\"https:\/\/vapingnet.de\/vape\/elf-box-digital-12000-strawberry-ice-ideal-fuer-einsteiger-jetzt-bestellen\/#breadcrumb\",\"itemListElement\":[{\"@type\":\"ListItem\",\"position\":1,\"name\":\"Home\",\"item\":\"https:\/\/vapingnet.de\/\"},{\"@type\":\"ListItem\",\"position\":2,\"name\":\"Shop\",\"item\":\"https:\/\/vapingnet.de\/vape\/\"},{\"@type\":\"ListItem\",\"position\":3,\"name\":\"ELF BOX Digital 12000 Strawberry Ice Ideal F\u00fcr Einsteiger Jetzt Bestellen\"}]},{\"@type\":\"WebSite\",\"@id\":\"https:\/\/vapingnet.de\/#website\",\"url\":\"https:\/\/vapingnet.de\/\",\"name\":\"Vapingnet.de\",\"description\":\"\",\"publisher\":{\"@id\":\"https:\/\/vapingnet.de\/#organization\"},\"potentialAction\":[{\"@type\":\"SearchAction\",\"target\":{\"@type\":\"EntryPoint\",\"urlTemplate\":\"https:\/\/vapingnet.de\/?s={search_term_string}\"},\"query-input\":{\"@type\":\"PropertyValueSpecification\",\"valueRequired\":true,\"valueName\":\"search_term_string\"}}],\"inLanguage\":\"it-IT\"},{\"@type\":\"Organization\",\"@id\":\"https:\/\/vapingnet.de\/#organization\",\"name\":\"Vapingnet.de\",\"url\":\"https:\/\/vapingnet.de\/\",\"logo\":{\"@type\":\"ImageObject\",\"inLanguage\":\"it-IT\",\"@id\":\"https:\/\/vapingnet.de\/#\/schema\/logo\/image\/\",\"url\":\"https:\/\/vapingnet.de\/wp-content\/uploads\/2025\/03\/cropped-vapingnet.de_.jpg\",\"contentUrl\":\"https:\/\/vapingnet.de\/wp-content\/uploads\/2025\/03\/cropped-vapingnet.de_.jpg\",\"width\":512,\"height\":512,\"caption\":\"Vapingnet.de\"},\"image\":{\"@id\":\"https:\/\/vapingnet.de\/#\/schema\/logo\/image\/\"},\"sameAs\":[\"https:\/\/www.facebook.com\/vapingnetde\/\"]}]}<\/script>\n<!-- \/ Yoast SEO plugin. -->","yoast_head_json":{"title":"ELF BOX Digital 12000 Strawberry Ice Ideal F\u00fcr Einsteiger Jetzt Bestellen | Vapingnet.de","description":"Entdecke ELF BOX Digital 12000 Strawberry Ice Ideal F\u00fcr Einsteiger Jetzt Bestellen bei vapingnet.de, \u25ba Gro\u00dfe Auswahl an Geschmacksrichtungen & super g\u00fcnstig!","robots":{"index":"index","follow":"follow","max-snippet":"max-snippet:-1","max-image-preview":"max-image-preview:large","max-video-preview":"max-video-preview:-1"},"canonical":"https:\/\/vapingnet.de\/it\/vape\/elf-box-digital-12000-strawberry-ice-ideal-fuer-einsteiger-jetzt-bestellen\/","og_locale":"it_IT","og_type":"article","og_title":"ELF BOX Digital 12000 Strawberry Ice Ideal F\u00fcr Einsteiger Jetzt Bestellen | Vapingnet.de","og_description":"Entdecke ELF BOX Digital 12000 Strawberry Ice Ideal F\u00fcr Einsteiger Jetzt Bestellen bei vapingnet.de, \u25ba Gro\u00dfe Auswahl an Geschmacksrichtungen & super g\u00fcnstig!","og_url":"https:\/\/vapingnet.de\/it\/vape\/elf-box-digital-12000-strawberry-ice-ideal-fuer-einsteiger-jetzt-bestellen\/","og_site_name":"Vapingnet.de","article_publisher":"https:\/\/www.facebook.com\/vapingnetde\/","article_modified_time":"2025-06-19T03:43:00+00:00","og_image":[{"width":1000,"height":1000,"url":"https:\/\/vapingnet.de\/wp-content\/uploads\/2025\/04\/Strawberry-Ice-1.webp","type":"image\/webp"}],"twitter_card":"summary_large_image","twitter_misc":{"Est. reading time":"2 minutes"},"schema":{"@context":"https:\/\/schema.org","@graph":[{"@type":"WebPage","@id":"https:\/\/vapingnet.de\/vape\/elf-box-digital-12000-strawberry-ice-ideal-fuer-einsteiger-jetzt-bestellen\/","url":"https:\/\/vapingnet.de\/vape\/elf-box-digital-12000-strawberry-ice-ideal-fuer-einsteiger-jetzt-bestellen\/","name":"ELF BOX Digital 12000 Strawberry Ice Ideal F\u00fcr Einsteiger Jetzt Bestellen | Vapingnet.de","isPartOf":{"@id":"https:\/\/vapingnet.de\/#website"},"primaryImageOfPage":{"@id":"https:\/\/vapingnet.de\/vape\/elf-box-digital-12000-strawberry-ice-ideal-fuer-einsteiger-jetzt-bestellen\/#primaryimage"},"image":{"@id":"https:\/\/vapingnet.de\/vape\/elf-box-digital-12000-strawberry-ice-ideal-fuer-einsteiger-jetzt-bestellen\/#primaryimage"},"thumbnailUrl":"https:\/\/vapingnet.de\/wp-content\/uploads\/2025\/04\/Strawberry-Ice-1.webp","datePublished":"2025-04-15T06:29:32+00:00","dateModified":"2025-06-19T03:43:00+00:00","description":"Entdecke ELF BOX Digital 12000 Strawberry Ice Ideal F\u00fcr Einsteiger Jetzt Bestellen bei vapingnet.de, \u25ba Gro\u00dfe Auswahl an Geschmacksrichtungen & super g\u00fcnstig!","breadcrumb":{"@id":"https:\/\/vapingnet.de\/vape\/elf-box-digital-12000-strawberry-ice-ideal-fuer-einsteiger-jetzt-bestellen\/#breadcrumb"},"inLanguage":"it-IT","potentialAction":[{"@type":"ReadAction","target":["https:\/\/vapingnet.de\/vape\/elf-box-digital-12000-strawberry-ice-ideal-fuer-einsteiger-jetzt-bestellen\/"]}]},{"@type":"ImageObject","inLanguage":"it-IT","@id":"https:\/\/vapingnet.de\/vape\/elf-box-digital-12000-strawberry-ice-ideal-fuer-einsteiger-jetzt-bestellen\/#primaryimage","url":"https:\/\/vapingnet.de\/wp-content\/uploads\/2025\/04\/Strawberry-Ice-1.webp","contentUrl":"https:\/\/vapingnet.de\/wp-content\/uploads\/2025\/04\/Strawberry-Ice-1.webp","width":1000,"height":1000},{"@type":"BreadcrumbList","@id":"https:\/\/vapingnet.de\/vape\/elf-box-digital-12000-strawberry-ice-ideal-fuer-einsteiger-jetzt-bestellen\/#breadcrumb","itemListElement":[{"@type":"ListItem","position":1,"name":"Home","item":"https:\/\/vapingnet.de\/"},{"@type":"ListItem","position":2,"name":"Shop","item":"https:\/\/vapingnet.de\/vape\/"},{"@type":"ListItem","position":3,"name":"ELF BOX Digital 12000 Strawberry Ice Ideal F\u00fcr Einsteiger Jetzt Bestellen"}]},{"@type":"WebSite","@id":"https:\/\/vapingnet.de\/#website","url":"https:\/\/vapingnet.de\/","name":"Vapingnet.de","description":"","publisher":{"@id":"https:\/\/vapingnet.de\/#organization"},"potentialAction":[{"@type":"SearchAction","target":{"@type":"EntryPoint","urlTemplate":"https:\/\/vapingnet.de\/?s={search_term_string}"},"query-input":{"@type":"PropertyValueSpecification","valueRequired":true,"valueName":"search_term_string"}}],"inLanguage":"it-IT"},{"@type":"Organization","@id":"https:\/\/vapingnet.de\/#organization","name":"Vapingnet.de","url":"https:\/\/vapingnet.de\/","logo":{"@type":"ImageObject","inLanguage":"it-IT","@id":"https:\/\/vapingnet.de\/#\/schema\/logo\/image\/","url":"https:\/\/vapingnet.de\/wp-content\/uploads\/2025\/03\/cropped-vapingnet.de_.jpg","contentUrl":"https:\/\/vapingnet.de\/wp-content\/uploads\/2025\/03\/cropped-vapingnet.de_.jpg","width":512,"height":512,"caption":"Vapingnet.de"},"image":{"@id":"https:\/\/vapingnet.de\/#\/schema\/logo\/image\/"},"sameAs":["https:\/\/www.facebook.com\/vapingnetde\/"]}]}},"tiered_pricing_type":"fixed","tiered_pricing_fixed_rules":{"10":"7.78","60":"7.00","110":"6.22","200":"5.45"},"tiered_pricing_product_settings":{"layout":"default","base_unit_name":{"singular":null,"plural":null},"default_variation":null},"tiered_pricing_minimum_quantity":null,"tiered_pricing_roles_data":[],"tiered_pricing_percentage_rules":[],"_links":{"self":[{"href":"https:\/\/vapingnet.de\/it\/wp-json\/wp\/v2\/product\/6353","targetHints":{"allow":["GET"]}}],"collection":[{"href":"https:\/\/vapingnet.de\/it\/wp-json\/wp\/v2\/product"}],"about":[{"href":"https:\/\/vapingnet.de\/it\/wp-json\/wp\/v2\/types\/product"}],"version-history":[{"count":3,"href":"https:\/\/vapingnet.de\/it\/wp-json\/wp\/v2\/product\/6353\/revisions"}],"predecessor-version":[{"id":6367,"href":"https:\/\/vapingnet.de\/it\/wp-json\/wp\/v2\/product\/6353\/revisions\/6367"}],"wp:featuredmedia":[{"embeddable":true,"href":"https:\/\/vapingnet.de\/it\/wp-json\/wp\/v2\/media\/6354"}],"wp:attachment":[{"href":"https:\/\/vapingnet.de\/it\/wp-json\/wp\/v2\/media?parent=6353"}],"wp:term":[{"taxonomy":"brand","embeddable":true,"href":"https:\/\/vapingnet.de\/it\/wp-json\/wp\/v2\/etheme_brands?post=6353"},{"taxonomy":"product_brand","embeddable":true,"href":"https:\/\/vapingnet.de\/it\/wp-json\/wp\/v2\/product_brand?post=6353"},{"taxonomy":"product_cat","embeddable":true,"href":"https:\/\/vapingnet.de\/it\/wp-json\/wp\/v2\/product_cat?post=6353"},{"taxonomy":"product_tag","embeddable":true,"href":"https:\/\/vapingnet.de\/it\/wp-json\/wp\/v2\/product_tag?post=6353"}],"curies":[{"name":"wp","href":"https:\/\/api.w.org\/{rel}","templated":true}]}}