{"id":6377,"date":"2025-04-15T07:11:29","date_gmt":"2025-04-15T07:11:29","guid":{"rendered":"https:\/\/vapingnet.de\/?post_type=product&#038;p=6377"},"modified":"2025-06-19T03:42:57","modified_gmt":"2025-06-19T03:42:57","slug":"elf-box-digital-12000-erleben-sie-den-erfrischenden-watermelon-ice-geschmack","status":"publish","type":"product","link":"https:\/\/vapingnet.de\/it\/vape\/elf-box-digital-12000-erleben-sie-den-erfrischenden-watermelon-ice-geschmack\/","title":{"rendered":"ELF BOX Digital 12000 Vivi il gusto rinfrescante Watermelon Ice"},"content":{"rendered":"<p class=\"\" data-start=\"0\" data-end=\"371\" data-immersive-translate-paragraph=\"1\" data-immersive-translate-walked=\"b0e17a0a-9f10-41d1-9663-7925476ebcee\">La ELF BOX Digital 12000 \u00e8 una sigaretta elettronica usa e getta avanzata, ideale per tutti i vapers che valorizzano sia le prestazioni che la facilit\u00e0 d'uso. Con tecnologia all'avanguardia, un ampio capacit\u00e0 di liquido e un'esperienza di gusto duratura, questa sigaretta elettronica \u00e8 una scelta eccellente per l'uso quotidiano.<\/p>\n<h2 data-start=\"373\" data-end=\"418\" data-immersive-translate-walked=\"b0e17a0a-9f10-41d1-9663-7925476ebcee\" data-immersive-translate-paragraph=\"1\">Caratteristiche del prodotto della ELF BOX Digital 12000<\/h2>\n<p class=\"\" data-start=\"420\" data-end=\"719\" data-immersive-translate-walked=\"b0e17a0a-9f10-41d1-9663-7925476ebcee\" data-immersive-translate-paragraph=\"1\">Pezzi:<br data-start=\"429\" data-end=\"432\" data-immersive-translate-walked=\"b0e17a0a-9f10-41d1-9663-7925476ebcee\" \/>Con una capacit\u00e0 di 12.000 puff, la ELF BOX Digital 12000 offre una durata impressionante. Questa quantit\u00e0 garantisce che tu possa usare la sigaretta elettronica per un lungo periodo senza dover pensare a ricariche o sostituzioni frequenti.<\/p>\n<p class=\"\" data-start=\"721\" data-end=\"940\" data-immersive-translate-walked=\"b0e17a0a-9f10-41d1-9663-7925476ebcee\" data-immersive-translate-paragraph=\"1\">Resistenza:<br data-start=\"730\" data-end=\"733\" data-immersive-translate-walked=\"b0e17a0a-9f10-41d1-9663-7925476ebcee\" \/>La Mesh Coil con una resistenza di 0,8 Ohm garantisce una vaporizzazione uniforme e un'eccellente resa del sapore. Cos\u00ec puoi goderti un'esperienza di svapo costante e di qualit\u00e0.<\/p>\n<p class=\"\" data-start=\"942\" data-end=\"1178\" data-immersive-translate-walked=\"b0e17a0a-9f10-41d1-9663-7925476ebcee\" data-immersive-translate-paragraph=\"1\">Liquido:<br data-start=\"955\" data-end=\"958\" data-immersive-translate-walked=\"b0e17a0a-9f10-41d1-9663-7925476ebcee\" \/>Con una capacit\u00e0 di 25 ml di liquido, questa sigaretta elettronica \u00e8 progettata per un uso prolungato, cos\u00ec non dovrai cercare continuamente rifornimenti. Ideale per i vapers che preferiscono una lunga durata di vaporizzazione.<\/p>\n<p class=\"\" data-start=\"1180\" data-end=\"1404\" data-immersive-translate-walked=\"b0e17a0a-9f10-41d1-9663-7925476ebcee\" data-immersive-translate-paragraph=\"1\">Nicotine:<br data-start=\"1192\" data-end=\"1195\" data-immersive-translate-walked=\"b0e17a0a-9f10-41d1-9663-7925476ebcee\" \/>La ELF BOX Digital 12000 \u00e8 disponibile in diverse concentrazioni di nicotina, tra cui 0%, 2%, 3% e 5%. Cos\u00ec puoi scegliere la concentrazione di nicotina pi\u00f9 adatta a te e personalizzare la tua esperienza di svapo.<\/p>\n<p class=\"\" data-start=\"1406\" data-end=\"1622\" data-immersive-translate-walked=\"b0e17a0a-9f10-41d1-9663-7925476ebcee\" data-immersive-translate-paragraph=\"1\">Batteria:<br data-start=\"1415\" data-end=\"1418\" data-immersive-translate-walked=\"b0e17a0a-9f10-41d1-9663-7925476ebcee\" \/>La batteria da 500 mAh assicura abbastanza energia per un uso prolungato. La batteria pu\u00f2 essere facilmente ricaricata tramite USB-C, offrendo una ricarica rapida e comoda.<\/p>\n<p class=\"\" data-start=\"1624\" data-end=\"1889\" data-immersive-translate-walked=\"b0e17a0a-9f10-41d1-9663-7925476ebcee\" data-immersive-translate-paragraph=\"1\">Display digitale:<br data-start=\"1645\" data-end=\"1648\" data-immersive-translate-walked=\"b0e17a0a-9f10-41d1-9663-7925476ebcee\" \/>Il display digitale mostra sia lo stato della batteria che il livello del liquido, cos\u00ec sai sempre quanta energia e liquido sono ancora disponibili. Questo garantisce un uso senza stress e ti d\u00e0 la sicurezza necessaria.<\/p>\n<p class=\"\" data-start=\"1891\" data-end=\"2056\" data-immersive-translate-walked=\"b0e17a0a-9f10-41d1-9663-7925476ebcee\" data-immersive-translate-paragraph=\"1\">Peso:<br data-start=\"1903\" data-end=\"1906\" data-immersive-translate-walked=\"b0e17a0a-9f10-41d1-9663-7925476ebcee\" \/>Con un peso di soli 82 g, la ELF BOX Digital 12000 \u00e8 leggera e maneggevole. Si pu\u00f2 portare facilmente con s\u00e9 ed \u00e8 ideale per l'uso in movimento.<\/p>\n<h4 data-start=\"2058\" data-end=\"2097\" data-immersive-translate-walked=\"b0e17a0a-9f10-41d1-9663-7925476ebcee\" data-immersive-translate-paragraph=\"1\">Esperienza di gusto \u2013 Watermelon Ice<\/h4>\n<p class=\"\" data-start=\"2099\" data-end=\"2344\" data-immersive-translate-walked=\"b0e17a0a-9f10-41d1-9663-7925476ebcee\" data-immersive-translate-paragraph=\"1\">Il sapore Watermelon Ice offre una combinazione rinfrescante di anguria dolce e un tocco mentolato rinfrescante. Il gusto \u00e8 intenso e garantisce un'esperienza di svapo rinfrescante, perfetta per l'estate.<\/p>\n<h2 data-start=\"2346\" data-end=\"2384\" data-immersive-translate-walked=\"b0e17a0a-9f10-41d1-9663-7925476ebcee\" data-immersive-translate-paragraph=\"1\">Vantaggi dell'ELF BOX Digital 12000<\/h2>\n<ul data-start=\"2386\" data-end=\"2889\">\n<li class=\"\" data-start=\"2386\" data-end=\"2548\">\n<p class=\"\" data-start=\"2388\" data-end=\"2548\" data-immersive-translate-walked=\"b0e17a0a-9f10-41d1-9663-7925476ebcee\" data-immersive-translate-paragraph=\"1\">Lunga durata: Con 12.000 puff e 25 ml di liquido, questa sigaretta elettronica usa e getta \u00e8 particolarmente resistente. Non dovrai preoccuparti di rifornimenti costanti.<\/p>\n<\/li>\n<li class=\"\" data-start=\"2549\" data-end=\"2685\">\n<p class=\"\" data-start=\"2551\" data-end=\"2685\" data-immersive-translate-walked=\"b0e17a0a-9f10-41d1-9663-7925476ebcee\" data-immersive-translate-paragraph=\"1\">Vaporizzazione di prima qualit\u00e0: La Mesh Coil garantisce una vaporizzazione uniforme che valorizza al massimo il sapore.<\/p>\n<\/li>\n<li class=\"\" data-start=\"2686\" data-end=\"2780\">\n<p class=\"\" data-start=\"2688\" data-end=\"2780\" data-immersive-translate-walked=\"b0e17a0a-9f10-41d1-9663-7925476ebcee\">Ricarica semplice: grazie alla funzione di ricarica USB-C, la ricarica \u00e8 rapida e comoda.<\/p>\n<\/li>\n<li class=\"\" data-start=\"2781\" data-end=\"2889\">\n<p class=\"\" data-start=\"2783\" data-end=\"2889\" data-immersive-translate-walked=\"b0e17a0a-9f10-41d1-9663-7925476ebcee\">Dogane esentasse: la spedizione avviene senza dazi, rendendo l'acquisto internazionale particolarmente attraente.<\/p>\n<\/li>\n<\/ul>\n<h4 data-start=\"2891\" data-end=\"2921\" data-immersive-translate-walked=\"b0e17a0a-9f10-41d1-9663-7925476ebcee\">Dettagli di consegna e spedizione<\/h4>\n<ul data-start=\"2923\" data-end=\"3261\">\n<li class=\"\" data-start=\"2923\" data-end=\"3016\">\n<p class=\"\" data-start=\"2925\" data-end=\"3016\" data-immersive-translate-walked=\"b0e17a0a-9f10-41d1-9663-7925476ebcee\">Sito web: Visita vapingnet.de per ordinare la tua ELF BOX Digital 12000.<\/p>\n<\/li>\n<li class=\"\" data-start=\"3017\" data-end=\"3147\">\n<p class=\"\" data-start=\"3019\" data-end=\"3147\" data-immersive-translate-walked=\"b0e17a0a-9f10-41d1-9663-7925476ebcee\">Tempo di spedizione: la durata della spedizione \u00e8 tra 7-15 giorni lavorativi, cos\u00ec non dovrai aspettare a lungo il tuo ordine.<\/p>\n<\/li>\n<li class=\"\" data-start=\"3148\" data-end=\"3261\">\n<p class=\"\" data-start=\"3150\" data-end=\"3261\" data-immersive-translate-walked=\"b0e17a0a-9f10-41d1-9663-7925476ebcee\">Vantaggio: la spedizione senza dazi facilita l'acquisto internazionale e ti fa risparmiare costi aggiuntivi.<\/p>\n<\/li>\n<\/ul>\n<h4>Perch\u00e9 la ELF BOX Digital 12000 \u00e8 la scelta perfetta per te<\/h4>\n<p class=\"\" data-start=\"3274\" data-end=\"3809\" data-immersive-translate-walked=\"b0e17a0a-9f10-41d1-9663-7925476ebcee\">La ELF BOX Digital 12000 \u00e8 una sigaretta elettronica monouso di alta qualit\u00e0, che si distingue per la sua alta capacit\u00e0, durata e gusto intenso. La variante Watermelon Ice \u00e8 particolarmente rinfrescante e offre un'esperienza di vaporizzazione fresca. Grazie al pratico display digitale e alla semplice funzione di ricarica, questa sigaretta elettronica \u00e8 anche molto facile da usare. Se cerchi una sigaretta elettronica affidabile e potente, la ELF BOX Digital 12000 \u00e8 sicuramente la scelta giusta per te.<\/p>","protected":false},"excerpt":{"rendered":"<p>Die ELF BOX Digital 12000 ist eine fortschrittliche Einweg-E-Zigarette, die ideal f\u00fcr alle Dampfer ist, die sowohl auf Leistung als auch auf Benutzerfreundlichkeit Wert legen&#8230;.<\/p>","protected":false},"featured_media":6382,"template":"","meta":[],"etheme_brands":[],"product_brand":[100],"product_cat":[88,49,61],"product_tag":[],"class_list":{"0":"post-6377","1":"product","2":"type-product","3":"status-publish","4":"has-post-thumbnail","6":"product_brand-elf-box-vape","7":"product_cat-12k-vape","8":"product_cat-einweg-e-zigarette","9":"product_cat-f","11":"first","12":"instock","13":"shipping-taxable","14":"purchasable","15":"product-type-simple"},"yoast_head":"<!-- This site is optimized with the Yoast SEO plugin v26.5 - https:\/\/yoast.com\/wordpress\/plugins\/seo\/ -->\n<title>ELF BOX Digital 12000 Erleben Sie Den Erfrischenden Watermelon Ice Geschmack | Vapingnet.de<\/title>\n<meta name=\"description\" content=\"Entdecke ELF BOX Digital 12000 Erleben Sie Den Erfrischenden Watermelon Ice Geschmack bei vapingnet.de, \u25ba Gro\u00dfe Auswahl an Geschmacksrichtungen &amp; super g\u00fcnstig!\" \/>\n<meta name=\"robots\" content=\"index, follow, max-snippet:-1, max-image-preview:large, max-video-preview:-1\" \/>\n<link rel=\"canonical\" href=\"https:\/\/vapingnet.de\/it\/vape\/elf-box-digital-12000-erleben-sie-den-erfrischenden-watermelon-ice-geschmack\/\" \/>\n<meta property=\"og:locale\" content=\"it_IT\" \/>\n<meta property=\"og:type\" content=\"article\" \/>\n<meta property=\"og:title\" content=\"ELF BOX Digital 12000 Erleben Sie Den Erfrischenden Watermelon Ice Geschmack | Vapingnet.de\" \/>\n<meta property=\"og:description\" content=\"Entdecke ELF BOX Digital 12000 Erleben Sie Den Erfrischenden Watermelon Ice Geschmack bei vapingnet.de, \u25ba Gro\u00dfe Auswahl an Geschmacksrichtungen &amp; super g\u00fcnstig!\" \/>\n<meta property=\"og:url\" content=\"https:\/\/vapingnet.de\/it\/vape\/elf-box-digital-12000-erleben-sie-den-erfrischenden-watermelon-ice-geschmack\/\" \/>\n<meta property=\"og:site_name\" content=\"Vapingnet.de\" \/>\n<meta property=\"article:publisher\" content=\"https:\/\/www.facebook.com\/vapingnetde\/\" \/>\n<meta property=\"article:modified_time\" content=\"2025-06-19T03:42:57+00:00\" \/>\n<meta property=\"og:image\" content=\"https:\/\/vapingnet.de\/wp-content\/uploads\/2025\/04\/Watermelon-ice.webp\" \/>\n\t<meta property=\"og:image:width\" content=\"1000\" \/>\n\t<meta property=\"og:image:height\" content=\"1000\" \/>\n\t<meta property=\"og:image:type\" content=\"image\/webp\" \/>\n<meta name=\"twitter:card\" content=\"summary_large_image\" \/>\n<meta name=\"twitter:label1\" content=\"Est. reading time\" \/>\n\t<meta name=\"twitter:data1\" content=\"4 minutes\" \/>\n<script type=\"application\/ld+json\" class=\"yoast-schema-graph\">{\"@context\":\"https:\/\/schema.org\",\"@graph\":[{\"@type\":\"WebPage\",\"@id\":\"https:\/\/vapingnet.de\/vape\/elf-box-digital-12000-erleben-sie-den-erfrischenden-watermelon-ice-geschmack\/\",\"url\":\"https:\/\/vapingnet.de\/vape\/elf-box-digital-12000-erleben-sie-den-erfrischenden-watermelon-ice-geschmack\/\",\"name\":\"ELF BOX Digital 12000 Erleben Sie Den Erfrischenden Watermelon Ice Geschmack | Vapingnet.de\",\"isPartOf\":{\"@id\":\"https:\/\/vapingnet.de\/#website\"},\"primaryImageOfPage\":{\"@id\":\"https:\/\/vapingnet.de\/vape\/elf-box-digital-12000-erleben-sie-den-erfrischenden-watermelon-ice-geschmack\/#primaryimage\"},\"image\":{\"@id\":\"https:\/\/vapingnet.de\/vape\/elf-box-digital-12000-erleben-sie-den-erfrischenden-watermelon-ice-geschmack\/#primaryimage\"},\"thumbnailUrl\":\"https:\/\/vapingnet.de\/wp-content\/uploads\/2025\/04\/Watermelon-ice.webp\",\"datePublished\":\"2025-04-15T07:11:29+00:00\",\"dateModified\":\"2025-06-19T03:42:57+00:00\",\"description\":\"Entdecke ELF BOX Digital 12000 Erleben Sie Den Erfrischenden Watermelon Ice Geschmack bei vapingnet.de, \u25ba Gro\u00dfe Auswahl an Geschmacksrichtungen & super g\u00fcnstig!\",\"breadcrumb\":{\"@id\":\"https:\/\/vapingnet.de\/vape\/elf-box-digital-12000-erleben-sie-den-erfrischenden-watermelon-ice-geschmack\/#breadcrumb\"},\"inLanguage\":\"it-IT\",\"potentialAction\":[{\"@type\":\"ReadAction\",\"target\":[\"https:\/\/vapingnet.de\/vape\/elf-box-digital-12000-erleben-sie-den-erfrischenden-watermelon-ice-geschmack\/\"]}]},{\"@type\":\"ImageObject\",\"inLanguage\":\"it-IT\",\"@id\":\"https:\/\/vapingnet.de\/vape\/elf-box-digital-12000-erleben-sie-den-erfrischenden-watermelon-ice-geschmack\/#primaryimage\",\"url\":\"https:\/\/vapingnet.de\/wp-content\/uploads\/2025\/04\/Watermelon-ice.webp\",\"contentUrl\":\"https:\/\/vapingnet.de\/wp-content\/uploads\/2025\/04\/Watermelon-ice.webp\",\"width\":1000,\"height\":1000},{\"@type\":\"BreadcrumbList\",\"@id\":\"https:\/\/vapingnet.de\/vape\/elf-box-digital-12000-erleben-sie-den-erfrischenden-watermelon-ice-geschmack\/#breadcrumb\",\"itemListElement\":[{\"@type\":\"ListItem\",\"position\":1,\"name\":\"Home\",\"item\":\"https:\/\/vapingnet.de\/\"},{\"@type\":\"ListItem\",\"position\":2,\"name\":\"Shop\",\"item\":\"https:\/\/vapingnet.de\/vape\/\"},{\"@type\":\"ListItem\",\"position\":3,\"name\":\"ELF BOX Digital 12000 Erleben Sie Den Erfrischenden Watermelon Ice Geschmack\"}]},{\"@type\":\"WebSite\",\"@id\":\"https:\/\/vapingnet.de\/#website\",\"url\":\"https:\/\/vapingnet.de\/\",\"name\":\"Vapingnet.de\",\"description\":\"\",\"publisher\":{\"@id\":\"https:\/\/vapingnet.de\/#organization\"},\"potentialAction\":[{\"@type\":\"SearchAction\",\"target\":{\"@type\":\"EntryPoint\",\"urlTemplate\":\"https:\/\/vapingnet.de\/?s={search_term_string}\"},\"query-input\":{\"@type\":\"PropertyValueSpecification\",\"valueRequired\":true,\"valueName\":\"search_term_string\"}}],\"inLanguage\":\"it-IT\"},{\"@type\":\"Organization\",\"@id\":\"https:\/\/vapingnet.de\/#organization\",\"name\":\"Vapingnet.de\",\"url\":\"https:\/\/vapingnet.de\/\",\"logo\":{\"@type\":\"ImageObject\",\"inLanguage\":\"it-IT\",\"@id\":\"https:\/\/vapingnet.de\/#\/schema\/logo\/image\/\",\"url\":\"https:\/\/vapingnet.de\/wp-content\/uploads\/2025\/03\/cropped-vapingnet.de_.jpg\",\"contentUrl\":\"https:\/\/vapingnet.de\/wp-content\/uploads\/2025\/03\/cropped-vapingnet.de_.jpg\",\"width\":512,\"height\":512,\"caption\":\"Vapingnet.de\"},\"image\":{\"@id\":\"https:\/\/vapingnet.de\/#\/schema\/logo\/image\/\"},\"sameAs\":[\"https:\/\/www.facebook.com\/vapingnetde\/\"]}]}<\/script>\n<!-- \/ Yoast SEO plugin. -->","yoast_head_json":{"title":"ELF BOX Digital 12000 Erleben Sie Den Erfrischenden Watermelon Ice Geschmack | Vapingnet.de","description":"Entdecke ELF BOX Digital 12000 Erleben Sie Den Erfrischenden Watermelon Ice Geschmack bei vapingnet.de, \u25ba Gro\u00dfe Auswahl an Geschmacksrichtungen & super g\u00fcnstig!","robots":{"index":"index","follow":"follow","max-snippet":"max-snippet:-1","max-image-preview":"max-image-preview:large","max-video-preview":"max-video-preview:-1"},"canonical":"https:\/\/vapingnet.de\/it\/vape\/elf-box-digital-12000-erleben-sie-den-erfrischenden-watermelon-ice-geschmack\/","og_locale":"it_IT","og_type":"article","og_title":"ELF BOX Digital 12000 Erleben Sie Den Erfrischenden Watermelon Ice Geschmack | Vapingnet.de","og_description":"Entdecke ELF BOX Digital 12000 Erleben Sie Den Erfrischenden Watermelon Ice Geschmack bei vapingnet.de, \u25ba Gro\u00dfe Auswahl an Geschmacksrichtungen & super g\u00fcnstig!","og_url":"https:\/\/vapingnet.de\/it\/vape\/elf-box-digital-12000-erleben-sie-den-erfrischenden-watermelon-ice-geschmack\/","og_site_name":"Vapingnet.de","article_publisher":"https:\/\/www.facebook.com\/vapingnetde\/","article_modified_time":"2025-06-19T03:42:57+00:00","og_image":[{"width":1000,"height":1000,"url":"https:\/\/vapingnet.de\/wp-content\/uploads\/2025\/04\/Watermelon-ice.webp","type":"image\/webp"}],"twitter_card":"summary_large_image","twitter_misc":{"Est. reading time":"4 minutes"},"schema":{"@context":"https:\/\/schema.org","@graph":[{"@type":"WebPage","@id":"https:\/\/vapingnet.de\/vape\/elf-box-digital-12000-erleben-sie-den-erfrischenden-watermelon-ice-geschmack\/","url":"https:\/\/vapingnet.de\/vape\/elf-box-digital-12000-erleben-sie-den-erfrischenden-watermelon-ice-geschmack\/","name":"ELF BOX Digital 12000 Erleben Sie Den Erfrischenden Watermelon Ice Geschmack | Vapingnet.de","isPartOf":{"@id":"https:\/\/vapingnet.de\/#website"},"primaryImageOfPage":{"@id":"https:\/\/vapingnet.de\/vape\/elf-box-digital-12000-erleben-sie-den-erfrischenden-watermelon-ice-geschmack\/#primaryimage"},"image":{"@id":"https:\/\/vapingnet.de\/vape\/elf-box-digital-12000-erleben-sie-den-erfrischenden-watermelon-ice-geschmack\/#primaryimage"},"thumbnailUrl":"https:\/\/vapingnet.de\/wp-content\/uploads\/2025\/04\/Watermelon-ice.webp","datePublished":"2025-04-15T07:11:29+00:00","dateModified":"2025-06-19T03:42:57+00:00","description":"Entdecke ELF BOX Digital 12000 Erleben Sie Den Erfrischenden Watermelon Ice Geschmack bei vapingnet.de, \u25ba Gro\u00dfe Auswahl an Geschmacksrichtungen & super g\u00fcnstig!","breadcrumb":{"@id":"https:\/\/vapingnet.de\/vape\/elf-box-digital-12000-erleben-sie-den-erfrischenden-watermelon-ice-geschmack\/#breadcrumb"},"inLanguage":"it-IT","potentialAction":[{"@type":"ReadAction","target":["https:\/\/vapingnet.de\/vape\/elf-box-digital-12000-erleben-sie-den-erfrischenden-watermelon-ice-geschmack\/"]}]},{"@type":"ImageObject","inLanguage":"it-IT","@id":"https:\/\/vapingnet.de\/vape\/elf-box-digital-12000-erleben-sie-den-erfrischenden-watermelon-ice-geschmack\/#primaryimage","url":"https:\/\/vapingnet.de\/wp-content\/uploads\/2025\/04\/Watermelon-ice.webp","contentUrl":"https:\/\/vapingnet.de\/wp-content\/uploads\/2025\/04\/Watermelon-ice.webp","width":1000,"height":1000},{"@type":"BreadcrumbList","@id":"https:\/\/vapingnet.de\/vape\/elf-box-digital-12000-erleben-sie-den-erfrischenden-watermelon-ice-geschmack\/#breadcrumb","itemListElement":[{"@type":"ListItem","position":1,"name":"Home","item":"https:\/\/vapingnet.de\/"},{"@type":"ListItem","position":2,"name":"Shop","item":"https:\/\/vapingnet.de\/vape\/"},{"@type":"ListItem","position":3,"name":"ELF BOX Digital 12000 Erleben Sie Den Erfrischenden Watermelon Ice Geschmack"}]},{"@type":"WebSite","@id":"https:\/\/vapingnet.de\/#website","url":"https:\/\/vapingnet.de\/","name":"Vapingnet.de","description":"","publisher":{"@id":"https:\/\/vapingnet.de\/#organization"},"potentialAction":[{"@type":"SearchAction","target":{"@type":"EntryPoint","urlTemplate":"https:\/\/vapingnet.de\/?s={search_term_string}"},"query-input":{"@type":"PropertyValueSpecification","valueRequired":true,"valueName":"search_term_string"}}],"inLanguage":"it-IT"},{"@type":"Organization","@id":"https:\/\/vapingnet.de\/#organization","name":"Vapingnet.de","url":"https:\/\/vapingnet.de\/","logo":{"@type":"ImageObject","inLanguage":"it-IT","@id":"https:\/\/vapingnet.de\/#\/schema\/logo\/image\/","url":"https:\/\/vapingnet.de\/wp-content\/uploads\/2025\/03\/cropped-vapingnet.de_.jpg","contentUrl":"https:\/\/vapingnet.de\/wp-content\/uploads\/2025\/03\/cropped-vapingnet.de_.jpg","width":512,"height":512,"caption":"Vapingnet.de"},"image":{"@id":"https:\/\/vapingnet.de\/#\/schema\/logo\/image\/"},"sameAs":["https:\/\/www.facebook.com\/vapingnetde\/"]}]}},"tiered_pricing_type":"fixed","tiered_pricing_fixed_rules":{"10":"7.78","60":"7.00","110":"6.22","200":"5.45"},"tiered_pricing_product_settings":{"layout":"default","base_unit_name":{"singular":null,"plural":null},"default_variation":null},"tiered_pricing_minimum_quantity":null,"tiered_pricing_roles_data":[],"tiered_pricing_percentage_rules":[],"_links":{"self":[{"href":"https:\/\/vapingnet.de\/it\/wp-json\/wp\/v2\/product\/6377","targetHints":{"allow":["GET"]}}],"collection":[{"href":"https:\/\/vapingnet.de\/it\/wp-json\/wp\/v2\/product"}],"about":[{"href":"https:\/\/vapingnet.de\/it\/wp-json\/wp\/v2\/types\/product"}],"version-history":[{"count":1,"href":"https:\/\/vapingnet.de\/it\/wp-json\/wp\/v2\/product\/6377\/revisions"}],"predecessor-version":[{"id":6390,"href":"https:\/\/vapingnet.de\/it\/wp-json\/wp\/v2\/product\/6377\/revisions\/6390"}],"wp:featuredmedia":[{"embeddable":true,"href":"https:\/\/vapingnet.de\/it\/wp-json\/wp\/v2\/media\/6382"}],"wp:attachment":[{"href":"https:\/\/vapingnet.de\/it\/wp-json\/wp\/v2\/media?parent=6377"}],"wp:term":[{"taxonomy":"brand","embeddable":true,"href":"https:\/\/vapingnet.de\/it\/wp-json\/wp\/v2\/etheme_brands?post=6377"},{"taxonomy":"product_brand","embeddable":true,"href":"https:\/\/vapingnet.de\/it\/wp-json\/wp\/v2\/product_brand?post=6377"},{"taxonomy":"product_cat","embeddable":true,"href":"https:\/\/vapingnet.de\/it\/wp-json\/wp\/v2\/product_cat?post=6377"},{"taxonomy":"product_tag","embeddable":true,"href":"https:\/\/vapingnet.de\/it\/wp-json\/wp\/v2\/product_tag?post=6377"}],"curies":[{"name":"wp","href":"https:\/\/api.w.org\/{rel}","templated":true}]}}