{"id":6380,"date":"2025-04-15T07:11:36","date_gmt":"2025-04-15T07:11:36","guid":{"rendered":"https:\/\/vapingnet.de\/?post_type=product&#038;p=6380"},"modified":"2025-06-19T03:42:56","modified_gmt":"2025-06-19T03:42:56","slug":"elf-box-digital-12000-erfrischender-cherry-cola-geschmack-ideal-fuer-unterwegs","status":"publish","type":"product","link":"https:\/\/vapingnet.de\/it\/vape\/elf-box-digital-12000-erfrischender-cherry-cola-geschmack-ideal-fuer-unterwegs\/","title":{"rendered":"ELF BOX Digital 12000 Gusto rinfrescante di Cherry Cola, Ideale per essere portato in giro"},"content":{"rendered":"<h2 data-start=\"0\" data-end=\"88\" data-immersive-translate-walked=\"9ae97cca-57e0-4a1e-85fb-94068c989fac\">ELF BOX Digital 12000: La scelta ideale per gli svapatori con il gusto di Cherry Cola<\/h2>\n<p class=\"\" data-start=\"90\" data-end=\"454\" data-immersive-translate-walked=\"9ae97cca-57e0-4a1e-85fb-94068c989fac\" data-immersive-translate-paragraph=\"1\">La ELF BOX Digital 12000 offre una combinazione di prestazioni impressionanti e gusto straordinario. Con un sapore unico di Cherry-Cola e una capacit\u00e0 di 12000 puff, \u00e8 un prodotto ideale per gli svapatori che cercano sia alte quantit\u00e0 di tiro che esperienze di gusto eccellenti. Ma cosa rende la ELF BOX Digital 12000 cos\u00ec speciale?<\/p>\n<h3 data-start=\"456\" data-end=\"492\" data-immersive-translate-walked=\"9ae97cca-57e0-4a1e-85fb-94068c989fac\">Caratteristiche tecniche e vantaggi<\/h3>\n<ul data-start=\"494\" data-end=\"1336\" data-immersive-translate-walked=\"9ae97cca-57e0-4a1e-85fb-94068c989fac\">\n<li class=\"\" data-start=\"494\" data-end=\"692\" data-immersive-translate-walked=\"9ae97cca-57e0-4a1e-85fb-94068c989fac\">\n<p class=\"\" data-start=\"496\" data-end=\"692\" data-immersive-translate-walked=\"9ae97cca-57e0-4a1e-85fb-94068c989fac\" data-immersive-translate-paragraph=\"1\">12000 tiri: Grazie alla generosa capacit\u00e0 di 25 ml di liquido, puoi goderti fino a 12000 tiri. Questo rende la ELF BOX Digital 12000 un compagno durevole per lunghe sessioni di svapo.<\/p>\n<\/li>\n<li class=\"\" data-start=\"693\" data-end=\"840\" data-immersive-translate-walked=\"9ae97cca-57e0-4a1e-85fb-94068c989fac\">\n<p class=\"\" data-start=\"695\" data-end=\"840\" data-immersive-translate-walked=\"9ae97cca-57e0-4a1e-85fb-94068c989fac\" data-immersive-translate-paragraph=\"1\">Mesh Coil da 0,8 Ohm: Il Mesh Coil garantisce una produzione di vapore uniforme e gustosa, particolarmente intensa e piacevole.<\/p>\n<\/li>\n<li class=\"\" data-start=\"841\" data-end=\"965\" data-immersive-translate-walked=\"9ae97cca-57e0-4a1e-85fb-94068c989fac\">\n<p class=\"\" data-start=\"843\" data-end=\"965\" data-immersive-translate-walked=\"9ae97cca-57e0-4a1e-85fb-94068c989fac\" data-immersive-translate-paragraph=\"1\">Diversi livelli di nicotina: Scegli tra 0%, 2%, 3% o 5% di nicotina, a seconda della forza preferita.<\/p>\n<\/li>\n<li class=\"\" data-start=\"966\" data-end=\"1130\" data-immersive-translate-walked=\"9ae97cca-57e0-4a1e-85fb-94068c989fac\">\n<p class=\"\" data-start=\"968\" data-end=\"1130\" data-immersive-translate-walked=\"9ae97cca-57e0-4a1e-85fb-94068c989fac\" data-immersive-translate-paragraph=\"1\">Batteria potente: La ELF BOX Digital 12000 \u00e8 dotata di una batteria da 13350-500mAh e si ricarica comodamente tramite il connettore Type-C.<\/p>\n<\/li>\n<li class=\"\" data-start=\"1131\" data-end=\"1336\" data-immersive-translate-walked=\"9ae97cca-57e0-4a1e-85fb-94068c989fac\">\n<p class=\"\" data-start=\"1133\" data-end=\"1336\" data-immersive-translate-walked=\"9ae97cca-57e0-4a1e-85fb-94068c989fac\" data-immersive-translate-paragraph=\"1\">Display digitale: Lo schermo digitale integrato mostra sia il livello di liquido che lo stato della batteria, cos\u00ec sai sempre quando \u00e8 necessario ricaricare o riempire.<\/p>\n<\/li>\n<\/ul>\n<h4 data-start=\"1338\" data-end=\"1373\" data-immersive-translate-walked=\"9ae97cca-57e0-4a1e-85fb-94068c989fac\">Esperienza di gusto: Cherry Cola<\/h4>\n<p class=\"\" data-start=\"1375\" data-end=\"1681\" data-immersive-translate-walked=\"9ae97cca-57e0-4a1e-85fb-94068c989fac\" data-immersive-translate-paragraph=\"1\">La ELF BOX Digital 12000 \u00e8 disponibile con un sapore unico di Cherry-Cola. Questa combinazione di la dolce freschezza della ciliegia e la nota frizzante della cola crea un\u2019esperienza di svapo rinfrescante e appagante. Un gusto che stimola i sensi e pu\u00f2 essere gustato tutto il giorno.<\/p>\n<h4 data-start=\"1683\" data-end=\"1735\" data-immersive-translate-walked=\"9ae97cca-57e0-4a1e-85fb-94068c989fac\">Design usa e getta per la massima facilit\u00e0 d\u2019uso<\/h4>\n<p class=\"\" data-start=\"1737\" data-end=\"2018\" data-immersive-translate-walked=\"9ae97cca-57e0-4a1e-85fb-94068c989fac\" data-immersive-translate-paragraph=\"1\">Un altro punto forte della ELF BOX Digital 12000 \u00e8 il suo design usa e getta. Non \u00e8 richiesta manutenzione o pulizia \u2013 basta usare il dispositivo e smaltirlo dopo l\u2019uso. Questo rende la ELF BOX una soluzione pratica per gli svapatori che preferiscono prodotti semplici.<\/p>\n<h3 data-start=\"2020\" data-end=\"2047\" data-immersive-translate-walked=\"9ae97cca-57e0-4a1e-85fb-94068c989fac\">Vantaggi per l\u2019acquirente<\/h3>\n<ul data-start=\"2049\" data-end=\"2574\" data-immersive-translate-walked=\"9ae97cca-57e0-4a1e-85fb-94068c989fac\">\n<li class=\"\" data-start=\"2049\" data-end=\"2249\" data-immersive-translate-walked=\"9ae97cca-57e0-4a1e-85fb-94068c989fac\">\n<p class=\"\" data-start=\"2051\" data-end=\"2249\" data-immersive-translate-walked=\"9ae97cca-57e0-4a1e-85fb-94068c989fac\" data-immersive-translate-paragraph=\"1\">Senza dazi: Grazie alla consegna senza dazi, non ci sono costi aggiuntivi, rendendo la ELF BOX Digital 12000 una scelta particolarmente attraente per gli acquirenti in Italia e in Europa.<\/p>\n<\/li>\n<li class=\"\" data-start=\"2250\" data-end=\"2396\" data-immersive-translate-walked=\"9ae97cca-57e0-4a1e-85fb-94068c989fac\">\n<p class=\"\" data-start=\"2252\" data-end=\"2396\" data-immersive-translate-walked=\"9ae97cca-57e0-4a1e-85fb-94068c989fac\" data-immersive-translate-paragraph=\"1\">Consegna rapida: Il prodotto viene consegnato entro 7-15 giorni lavorativi, cos\u00ec non dovrai aspettare a lungo per la tua nuova sigaretta elettronica.<\/p>\n<\/li>\n<li class=\"\" data-start=\"2397\" data-end=\"2574\" data-immersive-translate-walked=\"9ae97cca-57e0-4a1e-85fb-94068c989fac\">\n<p class=\"\" data-start=\"2399\" data-end=\"2574\" data-immersive-translate-walked=\"9ae97cca-57e0-4a1e-85fb-94068c989fac\" data-immersive-translate-paragraph=\"1\">Ordine semplice: Ordina la ELF BOX Digital 12000 comodamente su vapingnet.de, una piattaforma che offre un processo di acquisto facile e consegna sicura.<\/p>\n<\/li>\n<\/ul>\n<h4 data-start=\"2576\" data-end=\"2585\" data-immersive-translate-walked=\"9ae97cca-57e0-4a1e-85fb-94068c989fac\">La ELF BOX Digital 12000 \u2013 Un\u2019esperienza di svapo senza paragoni<\/h4>\n<p class=\"\" data-start=\"2587\" data-end=\"2962\" data-immersive-translate-walked=\"9ae97cca-57e0-4a1e-85fb-94068c989fac\" data-immersive-translate-paragraph=\"1\">La ELF BOX Digital 12000 \u00e8 una scelta perfetta per gli svapatori che apprezzano alte prestazioni e gusto eccellente. Con l\u2019uso pratico usa e getta, l\u2019alto numero di tiri e il delizioso sapore di Cherry-Cola, questo prodotto offre un\u2019esperienza di svapo eccezionale. Ordina oggi stesso la tua ELF BOX Digital 12000 e scopri un nuovo livello di svapo.<\/p>","protected":false},"excerpt":{"rendered":"<p>ELF BOX Digital 12000: Die ideale Wahl f\u00fcr Dampfer mit dem Geschmack von Cherry Cola Die ELF BOX Digital 12000 bietet eine Kombination aus beeindruckender&#8230;<\/p>","protected":false},"featured_media":6385,"template":"","meta":[],"etheme_brands":[],"product_brand":[100],"product_cat":[88,49,61],"product_tag":[],"class_list":{"0":"post-6380","1":"product","2":"type-product","3":"status-publish","4":"has-post-thumbnail","6":"product_brand-elf-box-vape","7":"product_cat-12k-vape","8":"product_cat-einweg-e-zigarette","9":"product_cat-f","11":"first","12":"instock","13":"shipping-taxable","14":"purchasable","15":"product-type-simple"},"yoast_head":"<!-- This site is optimized with the Yoast SEO plugin v26.5 - https:\/\/yoast.com\/wordpress\/plugins\/seo\/ -->\n<title>ELF BOX Digital 12000 Erfrischender Cherry Cola Geschmack, Ideal F\u00fcr Unterwegs | Vapingnet.de<\/title>\n<meta name=\"description\" content=\"Entdecke ELF BOX Digital 12000 Erfrischender Cherry Cola Geschmack, Ideal F\u00fcr Unterwegs bei vapingnet.de, \u25ba Gro\u00dfe Auswahl an Geschmacksrichtungen &amp; super g\u00fcnstig!\" \/>\n<meta name=\"robots\" content=\"index, follow, max-snippet:-1, max-image-preview:large, max-video-preview:-1\" \/>\n<link rel=\"canonical\" href=\"https:\/\/vapingnet.de\/it\/vape\/elf-box-digital-12000-erfrischender-cherry-cola-geschmack-ideal-fuer-unterwegs\/\" \/>\n<meta property=\"og:locale\" content=\"it_IT\" \/>\n<meta property=\"og:type\" content=\"article\" \/>\n<meta property=\"og:title\" content=\"ELF BOX Digital 12000 Erfrischender Cherry Cola Geschmack, Ideal F\u00fcr Unterwegs | Vapingnet.de\" \/>\n<meta property=\"og:description\" content=\"Entdecke ELF BOX Digital 12000 Erfrischender Cherry Cola Geschmack, Ideal F\u00fcr Unterwegs bei vapingnet.de, \u25ba Gro\u00dfe Auswahl an Geschmacksrichtungen &amp; super g\u00fcnstig!\" \/>\n<meta property=\"og:url\" content=\"https:\/\/vapingnet.de\/it\/vape\/elf-box-digital-12000-erfrischender-cherry-cola-geschmack-ideal-fuer-unterwegs\/\" \/>\n<meta property=\"og:site_name\" content=\"Vapingnet.de\" \/>\n<meta property=\"article:publisher\" content=\"https:\/\/www.facebook.com\/vapingnetde\/\" \/>\n<meta property=\"article:modified_time\" content=\"2025-06-19T03:42:56+00:00\" \/>\n<meta property=\"og:image\" content=\"https:\/\/vapingnet.de\/wp-content\/uploads\/2025\/04\/Cherry-cola.webp\" \/>\n\t<meta property=\"og:image:width\" content=\"1000\" \/>\n\t<meta property=\"og:image:height\" content=\"1000\" \/>\n\t<meta property=\"og:image:type\" content=\"image\/webp\" \/>\n<meta name=\"twitter:card\" content=\"summary_large_image\" \/>\n<meta name=\"twitter:label1\" content=\"Est. reading time\" \/>\n\t<meta name=\"twitter:data1\" content=\"3 minutes\" \/>\n<script type=\"application\/ld+json\" class=\"yoast-schema-graph\">{\"@context\":\"https:\/\/schema.org\",\"@graph\":[{\"@type\":\"WebPage\",\"@id\":\"https:\/\/vapingnet.de\/vape\/elf-box-digital-12000-erfrischender-cherry-cola-geschmack-ideal-fuer-unterwegs\/\",\"url\":\"https:\/\/vapingnet.de\/vape\/elf-box-digital-12000-erfrischender-cherry-cola-geschmack-ideal-fuer-unterwegs\/\",\"name\":\"ELF BOX Digital 12000 Erfrischender Cherry Cola Geschmack, Ideal F\u00fcr Unterwegs | Vapingnet.de\",\"isPartOf\":{\"@id\":\"https:\/\/vapingnet.de\/#website\"},\"primaryImageOfPage\":{\"@id\":\"https:\/\/vapingnet.de\/vape\/elf-box-digital-12000-erfrischender-cherry-cola-geschmack-ideal-fuer-unterwegs\/#primaryimage\"},\"image\":{\"@id\":\"https:\/\/vapingnet.de\/vape\/elf-box-digital-12000-erfrischender-cherry-cola-geschmack-ideal-fuer-unterwegs\/#primaryimage\"},\"thumbnailUrl\":\"https:\/\/vapingnet.de\/wp-content\/uploads\/2025\/04\/Cherry-cola.webp\",\"datePublished\":\"2025-04-15T07:11:36+00:00\",\"dateModified\":\"2025-06-19T03:42:56+00:00\",\"description\":\"Entdecke ELF BOX Digital 12000 Erfrischender Cherry Cola Geschmack, Ideal F\u00fcr Unterwegs bei vapingnet.de, \u25ba Gro\u00dfe Auswahl an Geschmacksrichtungen & super g\u00fcnstig!\",\"breadcrumb\":{\"@id\":\"https:\/\/vapingnet.de\/vape\/elf-box-digital-12000-erfrischender-cherry-cola-geschmack-ideal-fuer-unterwegs\/#breadcrumb\"},\"inLanguage\":\"it-IT\",\"potentialAction\":[{\"@type\":\"ReadAction\",\"target\":[\"https:\/\/vapingnet.de\/vape\/elf-box-digital-12000-erfrischender-cherry-cola-geschmack-ideal-fuer-unterwegs\/\"]}]},{\"@type\":\"ImageObject\",\"inLanguage\":\"it-IT\",\"@id\":\"https:\/\/vapingnet.de\/vape\/elf-box-digital-12000-erfrischender-cherry-cola-geschmack-ideal-fuer-unterwegs\/#primaryimage\",\"url\":\"https:\/\/vapingnet.de\/wp-content\/uploads\/2025\/04\/Cherry-cola.webp\",\"contentUrl\":\"https:\/\/vapingnet.de\/wp-content\/uploads\/2025\/04\/Cherry-cola.webp\",\"width\":1000,\"height\":1000},{\"@type\":\"BreadcrumbList\",\"@id\":\"https:\/\/vapingnet.de\/vape\/elf-box-digital-12000-erfrischender-cherry-cola-geschmack-ideal-fuer-unterwegs\/#breadcrumb\",\"itemListElement\":[{\"@type\":\"ListItem\",\"position\":1,\"name\":\"Home\",\"item\":\"https:\/\/vapingnet.de\/\"},{\"@type\":\"ListItem\",\"position\":2,\"name\":\"Shop\",\"item\":\"https:\/\/vapingnet.de\/vape\/\"},{\"@type\":\"ListItem\",\"position\":3,\"name\":\"ELF BOX Digital 12000 Erfrischender Cherry Cola Geschmack, Ideal F\u00fcr Unterwegs\"}]},{\"@type\":\"WebSite\",\"@id\":\"https:\/\/vapingnet.de\/#website\",\"url\":\"https:\/\/vapingnet.de\/\",\"name\":\"Vapingnet.de\",\"description\":\"\",\"publisher\":{\"@id\":\"https:\/\/vapingnet.de\/#organization\"},\"potentialAction\":[{\"@type\":\"SearchAction\",\"target\":{\"@type\":\"EntryPoint\",\"urlTemplate\":\"https:\/\/vapingnet.de\/?s={search_term_string}\"},\"query-input\":{\"@type\":\"PropertyValueSpecification\",\"valueRequired\":true,\"valueName\":\"search_term_string\"}}],\"inLanguage\":\"it-IT\"},{\"@type\":\"Organization\",\"@id\":\"https:\/\/vapingnet.de\/#organization\",\"name\":\"Vapingnet.de\",\"url\":\"https:\/\/vapingnet.de\/\",\"logo\":{\"@type\":\"ImageObject\",\"inLanguage\":\"it-IT\",\"@id\":\"https:\/\/vapingnet.de\/#\/schema\/logo\/image\/\",\"url\":\"https:\/\/vapingnet.de\/wp-content\/uploads\/2025\/03\/cropped-vapingnet.de_.jpg\",\"contentUrl\":\"https:\/\/vapingnet.de\/wp-content\/uploads\/2025\/03\/cropped-vapingnet.de_.jpg\",\"width\":512,\"height\":512,\"caption\":\"Vapingnet.de\"},\"image\":{\"@id\":\"https:\/\/vapingnet.de\/#\/schema\/logo\/image\/\"},\"sameAs\":[\"https:\/\/www.facebook.com\/vapingnetde\/\"]}]}<\/script>\n<!-- \/ Yoast SEO plugin. -->","yoast_head_json":{"title":"ELF BOX Digital 12000 Erfrischender Cherry Cola Geschmack, Ideal F\u00fcr Unterwegs | Vapingnet.de","description":"Entdecke ELF BOX Digital 12000 Erfrischender Cherry Cola Geschmack, Ideal F\u00fcr Unterwegs bei vapingnet.de, \u25ba Gro\u00dfe Auswahl an Geschmacksrichtungen & super g\u00fcnstig!","robots":{"index":"index","follow":"follow","max-snippet":"max-snippet:-1","max-image-preview":"max-image-preview:large","max-video-preview":"max-video-preview:-1"},"canonical":"https:\/\/vapingnet.de\/it\/vape\/elf-box-digital-12000-erfrischender-cherry-cola-geschmack-ideal-fuer-unterwegs\/","og_locale":"it_IT","og_type":"article","og_title":"ELF BOX Digital 12000 Erfrischender Cherry Cola Geschmack, Ideal F\u00fcr Unterwegs | Vapingnet.de","og_description":"Entdecke ELF BOX Digital 12000 Erfrischender Cherry Cola Geschmack, Ideal F\u00fcr Unterwegs bei vapingnet.de, \u25ba Gro\u00dfe Auswahl an Geschmacksrichtungen & super g\u00fcnstig!","og_url":"https:\/\/vapingnet.de\/it\/vape\/elf-box-digital-12000-erfrischender-cherry-cola-geschmack-ideal-fuer-unterwegs\/","og_site_name":"Vapingnet.de","article_publisher":"https:\/\/www.facebook.com\/vapingnetde\/","article_modified_time":"2025-06-19T03:42:56+00:00","og_image":[{"width":1000,"height":1000,"url":"https:\/\/vapingnet.de\/wp-content\/uploads\/2025\/04\/Cherry-cola.webp","type":"image\/webp"}],"twitter_card":"summary_large_image","twitter_misc":{"Est. reading time":"3 minutes"},"schema":{"@context":"https:\/\/schema.org","@graph":[{"@type":"WebPage","@id":"https:\/\/vapingnet.de\/vape\/elf-box-digital-12000-erfrischender-cherry-cola-geschmack-ideal-fuer-unterwegs\/","url":"https:\/\/vapingnet.de\/vape\/elf-box-digital-12000-erfrischender-cherry-cola-geschmack-ideal-fuer-unterwegs\/","name":"ELF BOX Digital 12000 Erfrischender Cherry Cola Geschmack, Ideal F\u00fcr Unterwegs | Vapingnet.de","isPartOf":{"@id":"https:\/\/vapingnet.de\/#website"},"primaryImageOfPage":{"@id":"https:\/\/vapingnet.de\/vape\/elf-box-digital-12000-erfrischender-cherry-cola-geschmack-ideal-fuer-unterwegs\/#primaryimage"},"image":{"@id":"https:\/\/vapingnet.de\/vape\/elf-box-digital-12000-erfrischender-cherry-cola-geschmack-ideal-fuer-unterwegs\/#primaryimage"},"thumbnailUrl":"https:\/\/vapingnet.de\/wp-content\/uploads\/2025\/04\/Cherry-cola.webp","datePublished":"2025-04-15T07:11:36+00:00","dateModified":"2025-06-19T03:42:56+00:00","description":"Entdecke ELF BOX Digital 12000 Erfrischender Cherry Cola Geschmack, Ideal F\u00fcr Unterwegs bei vapingnet.de, \u25ba Gro\u00dfe Auswahl an Geschmacksrichtungen & super g\u00fcnstig!","breadcrumb":{"@id":"https:\/\/vapingnet.de\/vape\/elf-box-digital-12000-erfrischender-cherry-cola-geschmack-ideal-fuer-unterwegs\/#breadcrumb"},"inLanguage":"it-IT","potentialAction":[{"@type":"ReadAction","target":["https:\/\/vapingnet.de\/vape\/elf-box-digital-12000-erfrischender-cherry-cola-geschmack-ideal-fuer-unterwegs\/"]}]},{"@type":"ImageObject","inLanguage":"it-IT","@id":"https:\/\/vapingnet.de\/vape\/elf-box-digital-12000-erfrischender-cherry-cola-geschmack-ideal-fuer-unterwegs\/#primaryimage","url":"https:\/\/vapingnet.de\/wp-content\/uploads\/2025\/04\/Cherry-cola.webp","contentUrl":"https:\/\/vapingnet.de\/wp-content\/uploads\/2025\/04\/Cherry-cola.webp","width":1000,"height":1000},{"@type":"BreadcrumbList","@id":"https:\/\/vapingnet.de\/vape\/elf-box-digital-12000-erfrischender-cherry-cola-geschmack-ideal-fuer-unterwegs\/#breadcrumb","itemListElement":[{"@type":"ListItem","position":1,"name":"Home","item":"https:\/\/vapingnet.de\/"},{"@type":"ListItem","position":2,"name":"Shop","item":"https:\/\/vapingnet.de\/vape\/"},{"@type":"ListItem","position":3,"name":"ELF BOX Digital 12000 Erfrischender Cherry Cola Geschmack, Ideal F\u00fcr Unterwegs"}]},{"@type":"WebSite","@id":"https:\/\/vapingnet.de\/#website","url":"https:\/\/vapingnet.de\/","name":"Vapingnet.de","description":"","publisher":{"@id":"https:\/\/vapingnet.de\/#organization"},"potentialAction":[{"@type":"SearchAction","target":{"@type":"EntryPoint","urlTemplate":"https:\/\/vapingnet.de\/?s={search_term_string}"},"query-input":{"@type":"PropertyValueSpecification","valueRequired":true,"valueName":"search_term_string"}}],"inLanguage":"it-IT"},{"@type":"Organization","@id":"https:\/\/vapingnet.de\/#organization","name":"Vapingnet.de","url":"https:\/\/vapingnet.de\/","logo":{"@type":"ImageObject","inLanguage":"it-IT","@id":"https:\/\/vapingnet.de\/#\/schema\/logo\/image\/","url":"https:\/\/vapingnet.de\/wp-content\/uploads\/2025\/03\/cropped-vapingnet.de_.jpg","contentUrl":"https:\/\/vapingnet.de\/wp-content\/uploads\/2025\/03\/cropped-vapingnet.de_.jpg","width":512,"height":512,"caption":"Vapingnet.de"},"image":{"@id":"https:\/\/vapingnet.de\/#\/schema\/logo\/image\/"},"sameAs":["https:\/\/www.facebook.com\/vapingnetde\/"]}]}},"tiered_pricing_type":"fixed","tiered_pricing_fixed_rules":{"10":"7.78","60":"7.00","110":"6.22","200":"5.45"},"tiered_pricing_product_settings":{"layout":"default","base_unit_name":{"singular":null,"plural":null},"default_variation":null},"tiered_pricing_minimum_quantity":null,"tiered_pricing_roles_data":[],"tiered_pricing_percentage_rules":[],"_links":{"self":[{"href":"https:\/\/vapingnet.de\/it\/wp-json\/wp\/v2\/product\/6380","targetHints":{"allow":["GET"]}}],"collection":[{"href":"https:\/\/vapingnet.de\/it\/wp-json\/wp\/v2\/product"}],"about":[{"href":"https:\/\/vapingnet.de\/it\/wp-json\/wp\/v2\/types\/product"}],"version-history":[{"count":1,"href":"https:\/\/vapingnet.de\/it\/wp-json\/wp\/v2\/product\/6380\/revisions"}],"predecessor-version":[{"id":6394,"href":"https:\/\/vapingnet.de\/it\/wp-json\/wp\/v2\/product\/6380\/revisions\/6394"}],"wp:featuredmedia":[{"embeddable":true,"href":"https:\/\/vapingnet.de\/it\/wp-json\/wp\/v2\/media\/6385"}],"wp:attachment":[{"href":"https:\/\/vapingnet.de\/it\/wp-json\/wp\/v2\/media?parent=6380"}],"wp:term":[{"taxonomy":"brand","embeddable":true,"href":"https:\/\/vapingnet.de\/it\/wp-json\/wp\/v2\/etheme_brands?post=6380"},{"taxonomy":"product_brand","embeddable":true,"href":"https:\/\/vapingnet.de\/it\/wp-json\/wp\/v2\/product_brand?post=6380"},{"taxonomy":"product_cat","embeddable":true,"href":"https:\/\/vapingnet.de\/it\/wp-json\/wp\/v2\/product_cat?post=6380"},{"taxonomy":"product_tag","embeddable":true,"href":"https:\/\/vapingnet.de\/it\/wp-json\/wp\/v2\/product_tag?post=6380"}],"curies":[{"name":"wp","href":"https:\/\/api.w.org\/{rel}","templated":true}]}}