{"id":6431,"date":"2025-04-21T07:29:48","date_gmt":"2025-04-21T07:29:48","guid":{"rendered":"https:\/\/vapingnet.de\/?post_type=product&#038;p=6431"},"modified":"2025-06-19T03:42:52","modified_gmt":"2025-06-19T03:42:52","slug":"erlebe-peach-mango-pineapple-mit-elf-box-ls15000-guenstig-und-direkt-ab-werk","status":"publish","type":"product","link":"https:\/\/vapingnet.de\/it\/vape\/erlebe-peach-mango-pineapple-mit-elf-box-ls15000-guenstig-und-direkt-ab-werk\/","title":{"rendered":"Vivi Peach Mango Pineapple con ELF BOX LS15000 a prezzi convenienti e direttamente dalla fabbrica"},"content":{"rendered":"<h2 data-start=\"0\" data-end=\"71\" data-immersive-translate-walked=\"10cfca06-867b-45c4-a480-b634a2d673e1\">ELF BOX LS15000: Un'esperienza di svapo potente con 15000 tiri<\/h2>\n<p class=\"\" data-start=\"73\" data-end=\"384\" data-immersive-translate-walked=\"10cfca06-867b-45c4-a480-b634a2d673e1\" data-immersive-translate-paragraph=\"1\">L'ELF BOX LS15000 \u00e8 una scelta eccezionale per gli appassionati di vaping che cercano un prodotto monouso durevole, potente e con un sapore intenso. Con un impressionante numero di 15000 tiri e un design raffinato, questo modello offre un'esperienza di svapo unica.<\/p>\n<h3 data-start=\"386\" data-end=\"405\" data-immersive-translate-walked=\"10cfca06-867b-45c4-a480-b634a2d673e1\">Caratteristiche del prodotto<\/h3>\n<p class=\"\" data-start=\"407\" data-end=\"692\" data-immersive-translate-walked=\"10cfca06-867b-45c4-a480-b634a2d673e1\" data-immersive-translate-paragraph=\"1\">L'ELF BOX LS15000 \u00e8 dotata di una coil in mesh, che presenta una resistenza di 0,6 Ohm e garantisce una formazione di vapore uniforme e ricca. Questa tecnologia assicura un riscaldamento uniforme del liquido e contribuisce a un sapore intenso.<\/p>\n<p class=\"\" data-start=\"694\" data-end=\"1053\" data-immersive-translate-walked=\"10cfca06-867b-45c4-a480-b634a2d673e1\" data-immersive-translate-paragraph=\"1\">Il dispositivo contiene complessivamente 26 ml di liquido, disponibile in diverse concentrazioni di nicotina: 0, 1, 2 o 5 mg\/ml. In questo modo, gli utenti possono scegliere la quantit\u00e0 di nicotina ideale in base alle proprie preferenze. La scorta di liquido combinata con la tecnologia della coil in mesh garantisce una lunga durata e un'esperienza di svapo costante e intensa per tutta la vita utile.<\/p>\n<p class=\"\" data-start=\"1055\" data-end=\"1471\" data-immersive-translate-walked=\"10cfca06-867b-45c4-a480-b634a2d673e1\" data-immersive-translate-paragraph=\"1\">L'ELF BOX LS15000 \u00e8 dotata di una batteria da 600 mAh, ricaricabile tramite una pratica porta Type-C. Questo rende il dispositivo non solo durevole, ma anche pi\u00f9 ecologico ed economico, poich\u00e9 la batteria pu\u00f2 essere ricaricata quando necessario. Nonostante le sue prestazioni potenti, il peso del dispositivo \u00e8 di soli 91 g, rendendolo maneggevole e comodo da usare quotidianamente.<\/p>\n<h4 data-start=\"1473\" data-end=\"1518\" data-immersive-translate-walked=\"10cfca06-867b-45c4-a480-b634a2d673e1\">Esperienza di gusto: Pesca Mango Ananas<\/h4>\n<p class=\"\" data-start=\"1520\" data-end=\"1879\" data-immersive-translate-walked=\"10cfca06-867b-45c4-a480-b634a2d673e1\" data-immersive-translate-paragraph=\"1\">Una caratteristica distintiva dell'ELF BOX LS15000 \u00e8 la vasta gamma di aromi. Particolarmente degno di nota \u00e8 il sapore \u00abPesca Mango Ananas\u00bb, che unisce frutti tropicali e offre un aroma rinfrescante e dolce. La combinazione di pesche succose, manghi maturi e ananas frizzante crea un'esperienza gustativa eccezionale ad ogni tiro.<\/p>\n<p class=\"\" data-start=\"1881\" data-end=\"1927\" data-immersive-translate-walked=\"10cfca06-867b-45c4-a480-b634a2d673e1\">Vape monouso per un piacere senza complicazioni<\/p>\n<p class=\"\" data-start=\"1929\" data-end=\"2240\" data-immersive-translate-walked=\"10cfca06-867b-45c4-a480-b634a2d673e1\" data-immersive-translate-paragraph=\"1\">Come molte altre sigarette elettroniche monouso, l'ELF BOX LS15000 offre una gestione semplice senza bisogno di manutenzione o preparazione aggiuntiva. Il vape \u00e8 pronto all'uso appena aperto, senza richiedere impostazioni o regolazioni particolari. Basta inalare e gustare appieno il sapore.<\/p>\n<h4 data-start=\"2242\" data-end=\"2268\" data-immersive-translate-walked=\"10cfca06-867b-45c4-a480-b634a2d673e1\">Vantaggi e trasporto<\/h4>\n<p class=\"\" data-start=\"2270\" data-end=\"2626\" data-immersive-translate-walked=\"10cfca06-867b-45c4-a480-b634a2d673e1\" data-immersive-translate-paragraph=\"1\">L'ELF BOX LS15000 si distingue non solo per le alte prestazioni e la facilit\u00e0 d'uso, ma anche per la comodit\u00e0 di trasporto. La spedizione avviene senza dazi doganali, un vantaggio aggiuntivo per i clienti in Italia. I tempi di consegna sono generalmente di 7-15 giorni lavorativi, garantendo una consegna rapida.<\/p>\n<h4 data-start=\"2628\" data-end=\"2637\" data-immersive-translate-walked=\"10cfca06-867b-45c4-a480-b634a2d673e1\">Perch\u00e9 l'ELF BOX LS15000 \u00e8 la scelta perfetta per gli svapatori<\/h4>\n<p class=\"\" data-start=\"2639\" data-end=\"3128\" data-immersive-translate-walked=\"10cfca06-867b-45c4-a480-b634a2d673e1\" data-immersive-translate-paragraph=\"1\">L'ELF BOX LS15000 rappresenta un'ottima scelta per gli svapatori alla ricerca di un vape potente, facile da usare e con un gusto convincente. Con 15000 tiri, una lunga durata della batteria e una vasta gamma di aromi, questo modello offre un'esperienza di svapo eccezionale. Se cerchi un vape monouso di alta qualit\u00e0 che combini praticit\u00e0 e prestazioni straordinarie, l'ELF BOX LS15000 \u00e8 la scelta ideale.<\/p>\n<p class=\"\" data-start=\"3130\" data-end=\"3225\" data-immersive-translate-walked=\"10cfca06-867b-45c4-a480-b634a2d673e1\" data-immersive-translate-paragraph=\"1\">Disponibile su vapingnet.de, un fornitore affidabile per le tue esigenze di vaping.<\/p>","protected":false},"excerpt":{"rendered":"<p>ELF BOX LS15000: Ein leistungsstarkes Vape-Erlebnis mit 15000 Z\u00fcgen Die ELF BOX LS15000 ist eine herausragende Wahl f\u00fcr Vaping-Enthusiasten, die auf der Suche nach einem&#8230;<\/p>","protected":false},"featured_media":6416,"template":"","meta":[],"etheme_brands":[],"product_brand":[100],"product_cat":[53,49,61],"product_tag":[],"class_list":{"0":"post-6431","1":"product","2":"type-product","3":"status-publish","4":"has-post-thumbnail","6":"product_brand-elf-box-vape","7":"product_cat-vape-15000-zuege","8":"product_cat-einweg-e-zigarette","9":"product_cat-f","11":"first","12":"instock","13":"shipping-taxable","14":"purchasable","15":"product-type-simple"},"yoast_head":"<!-- This site is optimized with the Yoast SEO plugin v26.5 - https:\/\/yoast.com\/wordpress\/plugins\/seo\/ -->\n<title>Erlebe Peach Mango Pineapple Mit ELF BOX LS15000 G\u00fcnstig Und Direkt Ab Werk | Vapingnet.de<\/title>\n<meta name=\"description\" content=\"Entdecke Erlebe Peach Mango Pineapple Mit ELF BOX LS15000 G\u00fcnstig Und Direkt Ab Werk bei vapingnet.de, \u25ba Gro\u00dfe Auswahl an Geschmacksrichtungen &amp; super g\u00fcnstig!\" \/>\n<meta name=\"robots\" content=\"index, follow, max-snippet:-1, max-image-preview:large, max-video-preview:-1\" \/>\n<link rel=\"canonical\" href=\"https:\/\/vapingnet.de\/it\/vape\/erlebe-peach-mango-pineapple-mit-elf-box-ls15000-guenstig-und-direkt-ab-werk\/\" \/>\n<meta property=\"og:locale\" content=\"it_IT\" \/>\n<meta property=\"og:type\" content=\"article\" \/>\n<meta property=\"og:title\" content=\"Erlebe Peach Mango Pineapple Mit ELF BOX LS15000 G\u00fcnstig Und Direkt Ab Werk | Vapingnet.de\" \/>\n<meta property=\"og:description\" content=\"Entdecke Erlebe Peach Mango Pineapple Mit ELF BOX LS15000 G\u00fcnstig Und Direkt Ab Werk bei vapingnet.de, \u25ba Gro\u00dfe Auswahl an Geschmacksrichtungen &amp; super g\u00fcnstig!\" \/>\n<meta property=\"og:url\" content=\"https:\/\/vapingnet.de\/it\/vape\/erlebe-peach-mango-pineapple-mit-elf-box-ls15000-guenstig-und-direkt-ab-werk\/\" \/>\n<meta property=\"og:site_name\" content=\"Vapingnet.de\" \/>\n<meta property=\"article:publisher\" content=\"https:\/\/www.facebook.com\/vapingnetde\/\" \/>\n<meta property=\"article:modified_time\" content=\"2025-06-19T03:42:52+00:00\" \/>\n<meta property=\"og:image\" content=\"https:\/\/vapingnet.de\/wp-content\/uploads\/2025\/04\/Peach-Mango-Pineapple.webp\" \/>\n\t<meta property=\"og:image:width\" content=\"1000\" \/>\n\t<meta property=\"og:image:height\" content=\"1000\" \/>\n\t<meta property=\"og:image:type\" content=\"image\/webp\" \/>\n<meta name=\"twitter:card\" content=\"summary_large_image\" \/>\n<meta name=\"twitter:label1\" content=\"Est. reading time\" \/>\n\t<meta name=\"twitter:data1\" content=\"3 minutes\" \/>\n<script type=\"application\/ld+json\" class=\"yoast-schema-graph\">{\"@context\":\"https:\/\/schema.org\",\"@graph\":[{\"@type\":\"WebPage\",\"@id\":\"https:\/\/vapingnet.de\/vape\/erlebe-peach-mango-pineapple-mit-elf-box-ls15000-guenstig-und-direkt-ab-werk\/\",\"url\":\"https:\/\/vapingnet.de\/vape\/erlebe-peach-mango-pineapple-mit-elf-box-ls15000-guenstig-und-direkt-ab-werk\/\",\"name\":\"Erlebe Peach Mango Pineapple Mit ELF BOX LS15000 G\u00fcnstig Und Direkt Ab Werk | Vapingnet.de\",\"isPartOf\":{\"@id\":\"https:\/\/vapingnet.de\/#website\"},\"primaryImageOfPage\":{\"@id\":\"https:\/\/vapingnet.de\/vape\/erlebe-peach-mango-pineapple-mit-elf-box-ls15000-guenstig-und-direkt-ab-werk\/#primaryimage\"},\"image\":{\"@id\":\"https:\/\/vapingnet.de\/vape\/erlebe-peach-mango-pineapple-mit-elf-box-ls15000-guenstig-und-direkt-ab-werk\/#primaryimage\"},\"thumbnailUrl\":\"https:\/\/vapingnet.de\/wp-content\/uploads\/2025\/04\/Peach-Mango-Pineapple.webp\",\"datePublished\":\"2025-04-21T07:29:48+00:00\",\"dateModified\":\"2025-06-19T03:42:52+00:00\",\"description\":\"Entdecke Erlebe Peach Mango Pineapple Mit ELF BOX LS15000 G\u00fcnstig Und Direkt Ab Werk bei vapingnet.de, \u25ba Gro\u00dfe Auswahl an Geschmacksrichtungen & super g\u00fcnstig!\",\"breadcrumb\":{\"@id\":\"https:\/\/vapingnet.de\/vape\/erlebe-peach-mango-pineapple-mit-elf-box-ls15000-guenstig-und-direkt-ab-werk\/#breadcrumb\"},\"inLanguage\":\"it-IT\",\"potentialAction\":[{\"@type\":\"ReadAction\",\"target\":[\"https:\/\/vapingnet.de\/vape\/erlebe-peach-mango-pineapple-mit-elf-box-ls15000-guenstig-und-direkt-ab-werk\/\"]}]},{\"@type\":\"ImageObject\",\"inLanguage\":\"it-IT\",\"@id\":\"https:\/\/vapingnet.de\/vape\/erlebe-peach-mango-pineapple-mit-elf-box-ls15000-guenstig-und-direkt-ab-werk\/#primaryimage\",\"url\":\"https:\/\/vapingnet.de\/wp-content\/uploads\/2025\/04\/Peach-Mango-Pineapple.webp\",\"contentUrl\":\"https:\/\/vapingnet.de\/wp-content\/uploads\/2025\/04\/Peach-Mango-Pineapple.webp\",\"width\":1000,\"height\":1000},{\"@type\":\"BreadcrumbList\",\"@id\":\"https:\/\/vapingnet.de\/vape\/erlebe-peach-mango-pineapple-mit-elf-box-ls15000-guenstig-und-direkt-ab-werk\/#breadcrumb\",\"itemListElement\":[{\"@type\":\"ListItem\",\"position\":1,\"name\":\"Home\",\"item\":\"https:\/\/vapingnet.de\/\"},{\"@type\":\"ListItem\",\"position\":2,\"name\":\"Shop\",\"item\":\"https:\/\/vapingnet.de\/vape\/\"},{\"@type\":\"ListItem\",\"position\":3,\"name\":\"Erlebe Peach Mango Pineapple Mit ELF BOX LS15000 G\u00fcnstig Und Direkt Ab Werk\"}]},{\"@type\":\"WebSite\",\"@id\":\"https:\/\/vapingnet.de\/#website\",\"url\":\"https:\/\/vapingnet.de\/\",\"name\":\"Vapingnet.de\",\"description\":\"\",\"publisher\":{\"@id\":\"https:\/\/vapingnet.de\/#organization\"},\"potentialAction\":[{\"@type\":\"SearchAction\",\"target\":{\"@type\":\"EntryPoint\",\"urlTemplate\":\"https:\/\/vapingnet.de\/?s={search_term_string}\"},\"query-input\":{\"@type\":\"PropertyValueSpecification\",\"valueRequired\":true,\"valueName\":\"search_term_string\"}}],\"inLanguage\":\"it-IT\"},{\"@type\":\"Organization\",\"@id\":\"https:\/\/vapingnet.de\/#organization\",\"name\":\"Vapingnet.de\",\"url\":\"https:\/\/vapingnet.de\/\",\"logo\":{\"@type\":\"ImageObject\",\"inLanguage\":\"it-IT\",\"@id\":\"https:\/\/vapingnet.de\/#\/schema\/logo\/image\/\",\"url\":\"https:\/\/vapingnet.de\/wp-content\/uploads\/2025\/03\/cropped-vapingnet.de_.jpg\",\"contentUrl\":\"https:\/\/vapingnet.de\/wp-content\/uploads\/2025\/03\/cropped-vapingnet.de_.jpg\",\"width\":512,\"height\":512,\"caption\":\"Vapingnet.de\"},\"image\":{\"@id\":\"https:\/\/vapingnet.de\/#\/schema\/logo\/image\/\"},\"sameAs\":[\"https:\/\/www.facebook.com\/vapingnetde\/\"]}]}<\/script>\n<!-- \/ Yoast SEO plugin. -->","yoast_head_json":{"title":"Erlebe Peach Mango Pineapple Mit ELF BOX LS15000 G\u00fcnstig Und Direkt Ab Werk | Vapingnet.de","description":"Entdecke Erlebe Peach Mango Pineapple Mit ELF BOX LS15000 G\u00fcnstig Und Direkt Ab Werk bei vapingnet.de, \u25ba Gro\u00dfe Auswahl an Geschmacksrichtungen & super g\u00fcnstig!","robots":{"index":"index","follow":"follow","max-snippet":"max-snippet:-1","max-image-preview":"max-image-preview:large","max-video-preview":"max-video-preview:-1"},"canonical":"https:\/\/vapingnet.de\/it\/vape\/erlebe-peach-mango-pineapple-mit-elf-box-ls15000-guenstig-und-direkt-ab-werk\/","og_locale":"it_IT","og_type":"article","og_title":"Erlebe Peach Mango Pineapple Mit ELF BOX LS15000 G\u00fcnstig Und Direkt Ab Werk | Vapingnet.de","og_description":"Entdecke Erlebe Peach Mango Pineapple Mit ELF BOX LS15000 G\u00fcnstig Und Direkt Ab Werk bei vapingnet.de, \u25ba Gro\u00dfe Auswahl an Geschmacksrichtungen & super g\u00fcnstig!","og_url":"https:\/\/vapingnet.de\/it\/vape\/erlebe-peach-mango-pineapple-mit-elf-box-ls15000-guenstig-und-direkt-ab-werk\/","og_site_name":"Vapingnet.de","article_publisher":"https:\/\/www.facebook.com\/vapingnetde\/","article_modified_time":"2025-06-19T03:42:52+00:00","og_image":[{"width":1000,"height":1000,"url":"https:\/\/vapingnet.de\/wp-content\/uploads\/2025\/04\/Peach-Mango-Pineapple.webp","type":"image\/webp"}],"twitter_card":"summary_large_image","twitter_misc":{"Est. reading time":"3 minutes"},"schema":{"@context":"https:\/\/schema.org","@graph":[{"@type":"WebPage","@id":"https:\/\/vapingnet.de\/vape\/erlebe-peach-mango-pineapple-mit-elf-box-ls15000-guenstig-und-direkt-ab-werk\/","url":"https:\/\/vapingnet.de\/vape\/erlebe-peach-mango-pineapple-mit-elf-box-ls15000-guenstig-und-direkt-ab-werk\/","name":"Erlebe Peach Mango Pineapple Mit ELF BOX LS15000 G\u00fcnstig Und Direkt Ab Werk | Vapingnet.de","isPartOf":{"@id":"https:\/\/vapingnet.de\/#website"},"primaryImageOfPage":{"@id":"https:\/\/vapingnet.de\/vape\/erlebe-peach-mango-pineapple-mit-elf-box-ls15000-guenstig-und-direkt-ab-werk\/#primaryimage"},"image":{"@id":"https:\/\/vapingnet.de\/vape\/erlebe-peach-mango-pineapple-mit-elf-box-ls15000-guenstig-und-direkt-ab-werk\/#primaryimage"},"thumbnailUrl":"https:\/\/vapingnet.de\/wp-content\/uploads\/2025\/04\/Peach-Mango-Pineapple.webp","datePublished":"2025-04-21T07:29:48+00:00","dateModified":"2025-06-19T03:42:52+00:00","description":"Entdecke Erlebe Peach Mango Pineapple Mit ELF BOX LS15000 G\u00fcnstig Und Direkt Ab Werk bei vapingnet.de, \u25ba Gro\u00dfe Auswahl an Geschmacksrichtungen & super g\u00fcnstig!","breadcrumb":{"@id":"https:\/\/vapingnet.de\/vape\/erlebe-peach-mango-pineapple-mit-elf-box-ls15000-guenstig-und-direkt-ab-werk\/#breadcrumb"},"inLanguage":"it-IT","potentialAction":[{"@type":"ReadAction","target":["https:\/\/vapingnet.de\/vape\/erlebe-peach-mango-pineapple-mit-elf-box-ls15000-guenstig-und-direkt-ab-werk\/"]}]},{"@type":"ImageObject","inLanguage":"it-IT","@id":"https:\/\/vapingnet.de\/vape\/erlebe-peach-mango-pineapple-mit-elf-box-ls15000-guenstig-und-direkt-ab-werk\/#primaryimage","url":"https:\/\/vapingnet.de\/wp-content\/uploads\/2025\/04\/Peach-Mango-Pineapple.webp","contentUrl":"https:\/\/vapingnet.de\/wp-content\/uploads\/2025\/04\/Peach-Mango-Pineapple.webp","width":1000,"height":1000},{"@type":"BreadcrumbList","@id":"https:\/\/vapingnet.de\/vape\/erlebe-peach-mango-pineapple-mit-elf-box-ls15000-guenstig-und-direkt-ab-werk\/#breadcrumb","itemListElement":[{"@type":"ListItem","position":1,"name":"Home","item":"https:\/\/vapingnet.de\/"},{"@type":"ListItem","position":2,"name":"Shop","item":"https:\/\/vapingnet.de\/vape\/"},{"@type":"ListItem","position":3,"name":"Erlebe Peach Mango Pineapple Mit ELF BOX LS15000 G\u00fcnstig Und Direkt Ab Werk"}]},{"@type":"WebSite","@id":"https:\/\/vapingnet.de\/#website","url":"https:\/\/vapingnet.de\/","name":"Vapingnet.de","description":"","publisher":{"@id":"https:\/\/vapingnet.de\/#organization"},"potentialAction":[{"@type":"SearchAction","target":{"@type":"EntryPoint","urlTemplate":"https:\/\/vapingnet.de\/?s={search_term_string}"},"query-input":{"@type":"PropertyValueSpecification","valueRequired":true,"valueName":"search_term_string"}}],"inLanguage":"it-IT"},{"@type":"Organization","@id":"https:\/\/vapingnet.de\/#organization","name":"Vapingnet.de","url":"https:\/\/vapingnet.de\/","logo":{"@type":"ImageObject","inLanguage":"it-IT","@id":"https:\/\/vapingnet.de\/#\/schema\/logo\/image\/","url":"https:\/\/vapingnet.de\/wp-content\/uploads\/2025\/03\/cropped-vapingnet.de_.jpg","contentUrl":"https:\/\/vapingnet.de\/wp-content\/uploads\/2025\/03\/cropped-vapingnet.de_.jpg","width":512,"height":512,"caption":"Vapingnet.de"},"image":{"@id":"https:\/\/vapingnet.de\/#\/schema\/logo\/image\/"},"sameAs":["https:\/\/www.facebook.com\/vapingnetde\/"]}]}},"tiered_pricing_type":"fixed","tiered_pricing_fixed_rules":{"10":"8.35","60":"7.54","110":"6.68","200":"5.85"},"tiered_pricing_product_settings":{"layout":"default","base_unit_name":{"singular":null,"plural":null},"default_variation":null},"tiered_pricing_minimum_quantity":null,"tiered_pricing_roles_data":[],"tiered_pricing_percentage_rules":[],"_links":{"self":[{"href":"https:\/\/vapingnet.de\/it\/wp-json\/wp\/v2\/product\/6431","targetHints":{"allow":["GET"]}}],"collection":[{"href":"https:\/\/vapingnet.de\/it\/wp-json\/wp\/v2\/product"}],"about":[{"href":"https:\/\/vapingnet.de\/it\/wp-json\/wp\/v2\/types\/product"}],"version-history":[{"count":1,"href":"https:\/\/vapingnet.de\/it\/wp-json\/wp\/v2\/product\/6431\/revisions"}],"predecessor-version":[{"id":6439,"href":"https:\/\/vapingnet.de\/it\/wp-json\/wp\/v2\/product\/6431\/revisions\/6439"}],"wp:featuredmedia":[{"embeddable":true,"href":"https:\/\/vapingnet.de\/it\/wp-json\/wp\/v2\/media\/6416"}],"wp:attachment":[{"href":"https:\/\/vapingnet.de\/it\/wp-json\/wp\/v2\/media?parent=6431"}],"wp:term":[{"taxonomy":"brand","embeddable":true,"href":"https:\/\/vapingnet.de\/it\/wp-json\/wp\/v2\/etheme_brands?post=6431"},{"taxonomy":"product_brand","embeddable":true,"href":"https:\/\/vapingnet.de\/it\/wp-json\/wp\/v2\/product_brand?post=6431"},{"taxonomy":"product_cat","embeddable":true,"href":"https:\/\/vapingnet.de\/it\/wp-json\/wp\/v2\/product_cat?post=6431"},{"taxonomy":"product_tag","embeddable":true,"href":"https:\/\/vapingnet.de\/it\/wp-json\/wp\/v2\/product_tag?post=6431"}],"curies":[{"name":"wp","href":"https:\/\/api.w.org\/{rel}","templated":true}]}}