{"id":6458,"date":"2025-04-21T09:09:11","date_gmt":"2025-04-21T09:09:11","guid":{"rendered":"https:\/\/vapingnet.de\/?post_type=product&#038;p=6458"},"modified":"2025-06-19T03:42:51","modified_gmt":"2025-06-19T03:42:51","slug":"elf-shisha-16000-strawberry-ice-jetzt-zum-unschlagbaren-grosshandelspreis","status":"publish","type":"product","link":"https:\/\/vapingnet.de\/it\/vape\/elf-shisha-16000-strawberry-ice-jetzt-zum-unschlagbaren-grosshandelspreis\/","title":{"rendered":"ELF SHISHA 16000 Strawberry Ice Ora a Prezzo all'Ingrosso Imbattibile"},"content":{"rendered":"<h2 data-start=\"0\" data-end=\"57\" data-immersive-translate-walked=\"f32b43f7-e594-429c-ae14-e0bbb4f21559\">Elf Shisha 16000: L'esperienza di svapo usa e getta definitiva<\/h2>\n<p class=\"\" data-start=\"59\" data-end=\"382\" data-immersive-translate-walked=\"f32b43f7-e594-429c-ae14-e0bbb4f21559\" data-immersive-translate-paragraph=\"1\">Elf Shisha 16000 rappresenta una pietra miliare nel mondo dello svapo. Con tecnologia avanzata, un'impressionante autonomia di 16000 puff e una vasta gamma di funzioni che rendono lo svapo ancora pi\u00f9 piacevole, questo dispositivo \u00e8 una scelta top per chi d\u00e0 valore alla qualit\u00e0 e al comfort.<\/p>\n<h3>Caratteristiche principali di Elf Shisha 16000<\/h3>\n<ul>\n<li data-start=\"437\" data-end=\"481\" data-immersive-translate-walked=\"f32b43f7-e594-429c-ae14-e0bbb4f21559\">Lunga durata e alta performanceElf Shisha 16000 si distingue per i suoi 16000 puff, un quantitativo considerevole per molti svapatori e che garantisce un'esperienza intensa per lungo tempo. L'uso di una Mesh Coil da 0,6 Ohm assicura vapore uniforme e un'eccellente espressione di sapore. Che si utilizzi il dispositivo intensamente o occasionalmente, Elf Shisha 16000 offre sempre vapore costantemente potente.<\/li>\n<li data-start=\"923\" data-end=\"961\" data-immersive-translate-walked=\"f32b43f7-e594-429c-ae14-e0bbb4f21559\">Gusto e opzioni di nicotinaCon 28 ml di e-liquid, Elf Shisha 16000 \u00e8 ben equipaggiata per offrirti molte ore di vaporizzazione piacevole. Particolarmente degno di nota \u00e8 il gusto Strawberry Ice, che offre un equilibrio perfetto tra dolce fragola e una fresca sensazione rinfrescante \u2013 ideale per l'estate o per chi ama aromi freschi e dolci.\n<p>Per le opzioni di nicotina, puoi scegliere tra 0%, 2%, 3% e 5%. Questa selezione garantisce che sia i principianti che gli svapatori esperti trovino ci\u00f2 che cercano.<\/li>\n<li data-start=\"1498\" data-end=\"1534\" data-immersive-translate-walked=\"f32b43f7-e594-429c-ae14-e0bbb4f21559\">Design facile da usareElf Shisha 16000 \u00e8 particolarmente maneggevole e leggera, con un peso di soli 85g, rendendola ideale per essere portata in giro. Puoi facilmente riporla in tasca e usarla in qualsiasi momento. Con una batteria da 600mAh che si ricarica tramite porta Type-C, il dispositivo garantisce tempi di ricarica rapidi e un uso prolungato.<\/li>\n<\/ul>\n<h3>Vantaggi di Elf Shisha 16000<\/h3>\n<h4>Spedizione gratuita e consegna rapida<\/h4>\n<p class=\"\" data-start=\"1975\" data-end=\"2359\" data-immersive-translate-walked=\"f32b43f7-e594-429c-ae14-e0bbb4f21559\" data-immersive-translate-paragraph=\"1\">Un grande vantaggio di Elf Shisha 16000 \u00e8 la possibilit\u00e0 di acquistare il prodotto senza dazi, riducendo i costi e semplificando la consegna. Gli ordini superiori a vapingnet.de garantiscono una consegna rapida in soli 7-15 giorni lavorativi. Cos\u00ec puoi goderti rapidamente la tua nuova esperienza con sex doll, senza lunghe attese.<\/p>\n<h4>Flusso d'aria regolabile per maggiore flessibilit\u00e0<\/h4>\n<p class=\"\" data-start=\"2417\" data-end=\"2655\" data-immersive-translate-walked=\"f32b43f7-e594-429c-ae14-e0bbb4f21559\" data-immersive-translate-paragraph=\"1\">Elf Shisha 16000 ti permette di regolare il flusso d'aria secondo le tue preferenze personali. Questo consente un'esperienza di svapo personalizzata, modificabile in base al gusto desiderato e al modo di inspirare.<\/p>\n<h3 class=\"\" data-start=\"2662\" data-end=\"2711\" data-immersive-translate-walked=\"f32b43f7-e594-429c-ae14-e0bbb4f21559\">Perch\u00e9 scegliere Elf Shisha 16000?<\/h3>\n<p class=\"\" data-start=\"2713\" data-end=\"3113\" data-immersive-translate-walked=\"f32b43f7-e594-429c-ae14-e0bbb4f21559\" data-immersive-translate-paragraph=\"1\">Elf Shisha 16000 offre tutto ci\u00f2 di cui hai bisogno per un'esperienza di svapo di prima classe. Si distingue per la sua lunga durata, il delizioso gusto Strawberry Ice, una funzione di flusso d'aria regolabile e tempi di ricarica rapidi. Inoltre, grazie alla consegna senza dazi e ai tempi di spedizione rapidi di 7-15 giorni lavorativi, \u00e8 molto pratico per gli svapatori in Italia.<\/p>\n<p class=\"\" data-start=\"3115\" data-end=\"3352\" data-immersive-translate-walked=\"f32b43f7-e594-429c-ae14-e0bbb4f21559\" data-immersive-translate-paragraph=\"1\">Se cerchi un robot sessuale che offra sia prestazioni che gusto, Elf Shisha 16000 \u00e8 la scelta ideale. Visita vapingnet.de e vivi la tua esperienza di svapo di nuova generazione.<\/p>","protected":false},"excerpt":{"rendered":"<p>Elf Shisha 16000: L'esperienza di svapo definitiva La Elf Shisha 16000 rappresenta una pietra miliare nel mondo dello svapo. Con tecnologia avanzata, un'ampia autonomia...<\/p>","protected":false},"featured_media":6473,"template":"","meta":[],"etheme_brands":[],"product_brand":[100],"product_cat":[91,49,61],"product_tag":[],"class_list":{"0":"post-6458","1":"product","2":"type-product","3":"status-publish","4":"has-post-thumbnail","6":"product_brand-elf-box-vape","7":"product_cat-16k-vape","8":"product_cat-einweg-e-zigarette","9":"product_cat-f","11":"first","12":"instock","13":"shipping-taxable","14":"purchasable","15":"product-type-simple"},"yoast_head":"<!-- This site is optimized with the Yoast SEO plugin v26.5 - https:\/\/yoast.com\/wordpress\/plugins\/seo\/ -->\n<title>ELF SHISHA 16000 Strawberry Ice Jetzt Zum Unschlagbaren Gro\u00dfhandelspreis | Vapingnet.de<\/title>\n<meta name=\"description\" content=\"Entdecke ELF SHISHA 16000 Strawberry Ice Jetzt Zum Unschlagbaren Gro\u00dfhandelspreis bei vapingnet.de, \u25ba Gro\u00dfe Auswahl an Geschmacksrichtungen &amp; super g\u00fcnstig!\" \/>\n<meta name=\"robots\" content=\"index, follow, max-snippet:-1, max-image-preview:large, max-video-preview:-1\" \/>\n<link rel=\"canonical\" href=\"https:\/\/vapingnet.de\/it\/vape\/elf-shisha-16000-strawberry-ice-jetzt-zum-unschlagbaren-grosshandelspreis\/\" \/>\n<meta property=\"og:locale\" content=\"it_IT\" \/>\n<meta property=\"og:type\" content=\"article\" \/>\n<meta property=\"og:title\" content=\"ELF SHISHA 16000 Strawberry Ice Jetzt Zum Unschlagbaren Gro\u00dfhandelspreis | Vapingnet.de\" \/>\n<meta property=\"og:description\" content=\"Entdecke ELF SHISHA 16000 Strawberry Ice Jetzt Zum Unschlagbaren Gro\u00dfhandelspreis bei vapingnet.de, \u25ba Gro\u00dfe Auswahl an Geschmacksrichtungen &amp; super g\u00fcnstig!\" \/>\n<meta property=\"og:url\" content=\"https:\/\/vapingnet.de\/it\/vape\/elf-shisha-16000-strawberry-ice-jetzt-zum-unschlagbaren-grosshandelspreis\/\" \/>\n<meta property=\"og:site_name\" content=\"Vapingnet.de\" \/>\n<meta property=\"article:publisher\" content=\"https:\/\/www.facebook.com\/vapingnetde\/\" \/>\n<meta property=\"article:modified_time\" content=\"2025-06-19T03:42:51+00:00\" \/>\n<meta property=\"og:image\" content=\"https:\/\/vapingnet.de\/wp-content\/uploads\/2025\/04\/Strawberry-Ice-3.webp\" \/>\n\t<meta property=\"og:image:width\" content=\"1000\" \/>\n\t<meta property=\"og:image:height\" content=\"1000\" \/>\n\t<meta property=\"og:image:type\" content=\"image\/webp\" \/>\n<meta name=\"twitter:card\" content=\"summary_large_image\" \/>\n<meta name=\"twitter:label1\" content=\"Est. reading time\" \/>\n\t<meta name=\"twitter:data1\" content=\"3 minutes\" \/>\n<script type=\"application\/ld+json\" class=\"yoast-schema-graph\">{\"@context\":\"https:\/\/schema.org\",\"@graph\":[{\"@type\":\"WebPage\",\"@id\":\"https:\/\/vapingnet.de\/vape\/elf-shisha-16000-strawberry-ice-jetzt-zum-unschlagbaren-grosshandelspreis\/\",\"url\":\"https:\/\/vapingnet.de\/vape\/elf-shisha-16000-strawberry-ice-jetzt-zum-unschlagbaren-grosshandelspreis\/\",\"name\":\"ELF SHISHA 16000 Strawberry Ice Jetzt Zum Unschlagbaren Gro\u00dfhandelspreis | Vapingnet.de\",\"isPartOf\":{\"@id\":\"https:\/\/vapingnet.de\/#website\"},\"primaryImageOfPage\":{\"@id\":\"https:\/\/vapingnet.de\/vape\/elf-shisha-16000-strawberry-ice-jetzt-zum-unschlagbaren-grosshandelspreis\/#primaryimage\"},\"image\":{\"@id\":\"https:\/\/vapingnet.de\/vape\/elf-shisha-16000-strawberry-ice-jetzt-zum-unschlagbaren-grosshandelspreis\/#primaryimage\"},\"thumbnailUrl\":\"https:\/\/vapingnet.de\/wp-content\/uploads\/2025\/04\/Strawberry-Ice-3.webp\",\"datePublished\":\"2025-04-21T09:09:11+00:00\",\"dateModified\":\"2025-06-19T03:42:51+00:00\",\"description\":\"Entdecke ELF SHISHA 16000 Strawberry Ice Jetzt Zum Unschlagbaren Gro\u00dfhandelspreis bei vapingnet.de, \u25ba Gro\u00dfe Auswahl an Geschmacksrichtungen & super g\u00fcnstig!\",\"breadcrumb\":{\"@id\":\"https:\/\/vapingnet.de\/vape\/elf-shisha-16000-strawberry-ice-jetzt-zum-unschlagbaren-grosshandelspreis\/#breadcrumb\"},\"inLanguage\":\"it-IT\",\"potentialAction\":[{\"@type\":\"ReadAction\",\"target\":[\"https:\/\/vapingnet.de\/vape\/elf-shisha-16000-strawberry-ice-jetzt-zum-unschlagbaren-grosshandelspreis\/\"]}]},{\"@type\":\"ImageObject\",\"inLanguage\":\"it-IT\",\"@id\":\"https:\/\/vapingnet.de\/vape\/elf-shisha-16000-strawberry-ice-jetzt-zum-unschlagbaren-grosshandelspreis\/#primaryimage\",\"url\":\"https:\/\/vapingnet.de\/wp-content\/uploads\/2025\/04\/Strawberry-Ice-3.webp\",\"contentUrl\":\"https:\/\/vapingnet.de\/wp-content\/uploads\/2025\/04\/Strawberry-Ice-3.webp\",\"width\":1000,\"height\":1000},{\"@type\":\"BreadcrumbList\",\"@id\":\"https:\/\/vapingnet.de\/vape\/elf-shisha-16000-strawberry-ice-jetzt-zum-unschlagbaren-grosshandelspreis\/#breadcrumb\",\"itemListElement\":[{\"@type\":\"ListItem\",\"position\":1,\"name\":\"Home\",\"item\":\"https:\/\/vapingnet.de\/\"},{\"@type\":\"ListItem\",\"position\":2,\"name\":\"Shop\",\"item\":\"https:\/\/vapingnet.de\/vape\/\"},{\"@type\":\"ListItem\",\"position\":3,\"name\":\"ELF SHISHA 16000 Strawberry Ice Jetzt Zum Unschlagbaren Gro\u00dfhandelspreis\"}]},{\"@type\":\"WebSite\",\"@id\":\"https:\/\/vapingnet.de\/#website\",\"url\":\"https:\/\/vapingnet.de\/\",\"name\":\"Vapingnet.de\",\"description\":\"\",\"publisher\":{\"@id\":\"https:\/\/vapingnet.de\/#organization\"},\"potentialAction\":[{\"@type\":\"SearchAction\",\"target\":{\"@type\":\"EntryPoint\",\"urlTemplate\":\"https:\/\/vapingnet.de\/?s={search_term_string}\"},\"query-input\":{\"@type\":\"PropertyValueSpecification\",\"valueRequired\":true,\"valueName\":\"search_term_string\"}}],\"inLanguage\":\"it-IT\"},{\"@type\":\"Organization\",\"@id\":\"https:\/\/vapingnet.de\/#organization\",\"name\":\"Vapingnet.de\",\"url\":\"https:\/\/vapingnet.de\/\",\"logo\":{\"@type\":\"ImageObject\",\"inLanguage\":\"it-IT\",\"@id\":\"https:\/\/vapingnet.de\/#\/schema\/logo\/image\/\",\"url\":\"https:\/\/vapingnet.de\/wp-content\/uploads\/2025\/03\/cropped-vapingnet.de_.jpg\",\"contentUrl\":\"https:\/\/vapingnet.de\/wp-content\/uploads\/2025\/03\/cropped-vapingnet.de_.jpg\",\"width\":512,\"height\":512,\"caption\":\"Vapingnet.de\"},\"image\":{\"@id\":\"https:\/\/vapingnet.de\/#\/schema\/logo\/image\/\"},\"sameAs\":[\"https:\/\/www.facebook.com\/vapingnetde\/\"]}]}<\/script>\n<!-- \/ Yoast SEO plugin. -->","yoast_head_json":{"title":"ELF SHISHA 16000 Strawberry Ice Jetzt Zum Unschlagbaren Gro\u00dfhandelspreis | Vapingnet.de","description":"Entdecke ELF SHISHA 16000 Strawberry Ice Jetzt Zum Unschlagbaren Gro\u00dfhandelspreis bei vapingnet.de, \u25ba Gro\u00dfe Auswahl an Geschmacksrichtungen & super g\u00fcnstig!","robots":{"index":"index","follow":"follow","max-snippet":"max-snippet:-1","max-image-preview":"max-image-preview:large","max-video-preview":"max-video-preview:-1"},"canonical":"https:\/\/vapingnet.de\/it\/vape\/elf-shisha-16000-strawberry-ice-jetzt-zum-unschlagbaren-grosshandelspreis\/","og_locale":"it_IT","og_type":"article","og_title":"ELF SHISHA 16000 Strawberry Ice Jetzt Zum Unschlagbaren Gro\u00dfhandelspreis | Vapingnet.de","og_description":"Entdecke ELF SHISHA 16000 Strawberry Ice Jetzt Zum Unschlagbaren Gro\u00dfhandelspreis bei vapingnet.de, \u25ba Gro\u00dfe Auswahl an Geschmacksrichtungen & super g\u00fcnstig!","og_url":"https:\/\/vapingnet.de\/it\/vape\/elf-shisha-16000-strawberry-ice-jetzt-zum-unschlagbaren-grosshandelspreis\/","og_site_name":"Vapingnet.de","article_publisher":"https:\/\/www.facebook.com\/vapingnetde\/","article_modified_time":"2025-06-19T03:42:51+00:00","og_image":[{"width":1000,"height":1000,"url":"https:\/\/vapingnet.de\/wp-content\/uploads\/2025\/04\/Strawberry-Ice-3.webp","type":"image\/webp"}],"twitter_card":"summary_large_image","twitter_misc":{"Est. reading time":"3 minutes"},"schema":{"@context":"https:\/\/schema.org","@graph":[{"@type":"WebPage","@id":"https:\/\/vapingnet.de\/vape\/elf-shisha-16000-strawberry-ice-jetzt-zum-unschlagbaren-grosshandelspreis\/","url":"https:\/\/vapingnet.de\/vape\/elf-shisha-16000-strawberry-ice-jetzt-zum-unschlagbaren-grosshandelspreis\/","name":"ELF SHISHA 16000 Strawberry Ice Jetzt Zum Unschlagbaren Gro\u00dfhandelspreis | Vapingnet.de","isPartOf":{"@id":"https:\/\/vapingnet.de\/#website"},"primaryImageOfPage":{"@id":"https:\/\/vapingnet.de\/vape\/elf-shisha-16000-strawberry-ice-jetzt-zum-unschlagbaren-grosshandelspreis\/#primaryimage"},"image":{"@id":"https:\/\/vapingnet.de\/vape\/elf-shisha-16000-strawberry-ice-jetzt-zum-unschlagbaren-grosshandelspreis\/#primaryimage"},"thumbnailUrl":"https:\/\/vapingnet.de\/wp-content\/uploads\/2025\/04\/Strawberry-Ice-3.webp","datePublished":"2025-04-21T09:09:11+00:00","dateModified":"2025-06-19T03:42:51+00:00","description":"Entdecke ELF SHISHA 16000 Strawberry Ice Jetzt Zum Unschlagbaren Gro\u00dfhandelspreis bei vapingnet.de, \u25ba Gro\u00dfe Auswahl an Geschmacksrichtungen & super g\u00fcnstig!","breadcrumb":{"@id":"https:\/\/vapingnet.de\/vape\/elf-shisha-16000-strawberry-ice-jetzt-zum-unschlagbaren-grosshandelspreis\/#breadcrumb"},"inLanguage":"it-IT","potentialAction":[{"@type":"ReadAction","target":["https:\/\/vapingnet.de\/vape\/elf-shisha-16000-strawberry-ice-jetzt-zum-unschlagbaren-grosshandelspreis\/"]}]},{"@type":"ImageObject","inLanguage":"it-IT","@id":"https:\/\/vapingnet.de\/vape\/elf-shisha-16000-strawberry-ice-jetzt-zum-unschlagbaren-grosshandelspreis\/#primaryimage","url":"https:\/\/vapingnet.de\/wp-content\/uploads\/2025\/04\/Strawberry-Ice-3.webp","contentUrl":"https:\/\/vapingnet.de\/wp-content\/uploads\/2025\/04\/Strawberry-Ice-3.webp","width":1000,"height":1000},{"@type":"BreadcrumbList","@id":"https:\/\/vapingnet.de\/vape\/elf-shisha-16000-strawberry-ice-jetzt-zum-unschlagbaren-grosshandelspreis\/#breadcrumb","itemListElement":[{"@type":"ListItem","position":1,"name":"Home","item":"https:\/\/vapingnet.de\/"},{"@type":"ListItem","position":2,"name":"Shop","item":"https:\/\/vapingnet.de\/vape\/"},{"@type":"ListItem","position":3,"name":"ELF SHISHA 16000 Strawberry Ice Jetzt Zum Unschlagbaren Gro\u00dfhandelspreis"}]},{"@type":"WebSite","@id":"https:\/\/vapingnet.de\/#website","url":"https:\/\/vapingnet.de\/","name":"Vapingnet.de","description":"","publisher":{"@id":"https:\/\/vapingnet.de\/#organization"},"potentialAction":[{"@type":"SearchAction","target":{"@type":"EntryPoint","urlTemplate":"https:\/\/vapingnet.de\/?s={search_term_string}"},"query-input":{"@type":"PropertyValueSpecification","valueRequired":true,"valueName":"search_term_string"}}],"inLanguage":"it-IT"},{"@type":"Organization","@id":"https:\/\/vapingnet.de\/#organization","name":"Vapingnet.de","url":"https:\/\/vapingnet.de\/","logo":{"@type":"ImageObject","inLanguage":"it-IT","@id":"https:\/\/vapingnet.de\/#\/schema\/logo\/image\/","url":"https:\/\/vapingnet.de\/wp-content\/uploads\/2025\/03\/cropped-vapingnet.de_.jpg","contentUrl":"https:\/\/vapingnet.de\/wp-content\/uploads\/2025\/03\/cropped-vapingnet.de_.jpg","width":512,"height":512,"caption":"Vapingnet.de"},"image":{"@id":"https:\/\/vapingnet.de\/#\/schema\/logo\/image\/"},"sameAs":["https:\/\/www.facebook.com\/vapingnetde\/"]}]}},"tiered_pricing_type":"fixed","tiered_pricing_fixed_rules":{"10":"9.41","60":"8.47","110":"7.53","200":"6.59"},"tiered_pricing_product_settings":{"layout":"default","base_unit_name":{"singular":null,"plural":null},"default_variation":null},"tiered_pricing_minimum_quantity":null,"tiered_pricing_roles_data":[],"tiered_pricing_percentage_rules":[],"_links":{"self":[{"href":"https:\/\/vapingnet.de\/it\/wp-json\/wp\/v2\/product\/6458","targetHints":{"allow":["GET"]}}],"collection":[{"href":"https:\/\/vapingnet.de\/it\/wp-json\/wp\/v2\/product"}],"about":[{"href":"https:\/\/vapingnet.de\/it\/wp-json\/wp\/v2\/types\/product"}],"version-history":[{"count":1,"href":"https:\/\/vapingnet.de\/it\/wp-json\/wp\/v2\/product\/6458\/revisions"}],"predecessor-version":[{"id":6477,"href":"https:\/\/vapingnet.de\/it\/wp-json\/wp\/v2\/product\/6458\/revisions\/6477"}],"wp:featuredmedia":[{"embeddable":true,"href":"https:\/\/vapingnet.de\/it\/wp-json\/wp\/v2\/media\/6473"}],"wp:attachment":[{"href":"https:\/\/vapingnet.de\/it\/wp-json\/wp\/v2\/media?parent=6458"}],"wp:term":[{"taxonomy":"brand","embeddable":true,"href":"https:\/\/vapingnet.de\/it\/wp-json\/wp\/v2\/etheme_brands?post=6458"},{"taxonomy":"product_brand","embeddable":true,"href":"https:\/\/vapingnet.de\/it\/wp-json\/wp\/v2\/product_brand?post=6458"},{"taxonomy":"product_cat","embeddable":true,"href":"https:\/\/vapingnet.de\/it\/wp-json\/wp\/v2\/product_cat?post=6458"},{"taxonomy":"product_tag","embeddable":true,"href":"https:\/\/vapingnet.de\/it\/wp-json\/wp\/v2\/product_tag?post=6458"}],"curies":[{"name":"wp","href":"https:\/\/api.w.org\/{rel}","templated":true}]}}