{"id":6485,"date":"2025-04-21T09:59:44","date_gmt":"2025-04-21T09:59:44","guid":{"rendered":"https:\/\/vapingnet.de\/?post_type=product&#038;p=6485"},"modified":"2026-01-21T05:38:19","modified_gmt":"2026-01-21T05:38:19","slug":"jetzt-lush-ice-testen-elf-shisha-16000-zum-besten-preis-weltweit","status":"publish","type":"product","link":"https:\/\/vapingnet.de\/it\/vape\/jetzt-lush-ice-testen-elf-shisha-16000-zum-besten-preis-weltweit\/","title":{"rendered":"Prova ora Lush Ice ELF SHISHA 16000 al miglior prezzo in tutto il mondo"},"content":{"rendered":"<h2 data-start=\"0\" data-end=\"67\" data-immersive-translate-walked=\"10d23f9e-2768-4151-b5c5-518e849dae15\">ELF SHISHA 16000: Sigaretta elettronica usa e getta per un piacere duraturo<\/h2>\n<p class=\"\" data-start=\"69\" data-end=\"352\" data-immersive-translate-paragraph=\"1\" data-immersive-translate-walked=\"10d23f9e-2768-4151-b5c5-518e849dae15\">L'ELF SHISHA 16000 \u00e8 una sigaretta elettronica usa e getta rivoluzionaria, progettata appositamente per un piacere di vapore duraturo e intenso. Con un incredibile numero di 16.000 tiri, questo dispositivo offre la combinazione perfetta di tecnologia e facilit\u00e0 d'uso.<\/p>\n<h4 data-start=\"354\" data-end=\"377\" data-immersive-translate-paragraph=\"1\" data-immersive-translate-walked=\"10d23f9e-2768-4151-b5c5-518e849dae15\">Potenza e Design<\/h4>\n<p class=\"\" data-start=\"379\" data-end=\"720\" data-immersive-translate-paragraph=\"1\" data-immersive-translate-walked=\"10d23f9e-2768-4151-b5c5-518e849dae15\">Il dispositivo \u00e8 dotato di una coil a mesh da 0,6 Ohm, che garantisce una distribuzione uniforme del calore e offre un'esperienza di vapore eccezionale. Con un serbatoio di 28 ml di e-liquid e la possibilit\u00e0 di scegliere tra diversi livelli di nicotina (0%, 2%, 3%, 5%), gli utenti possono personalizzare l'intensit\u00e0 del loro piacere.<\/p>\n<p class=\"\" data-start=\"722\" data-end=\"942\" data-immersive-translate-paragraph=\"1\" data-immersive-translate-walked=\"10d23f9e-2768-4151-b5c5-518e849dae15\">La batteria da 600 mAh assicura una lunga durata e pu\u00f2 essere ricaricata rapidamente tramite una porta Type-C. Il design compatto e leggero (solo 85g) lo rende particolarmente maneggevole e ideale per l'uso in movimento.<\/p>\n<h4 data-start=\"944\" data-end=\"978\" data-immersive-translate-paragraph=\"1\" data-immersive-translate-walked=\"10d23f9e-2768-4151-b5c5-518e849dae15\">Funzioni facili da usare<\/h4>\n<p class=\"\" data-start=\"980\" data-end=\"1356\" data-immersive-translate-paragraph=\"1\" data-immersive-translate-walked=\"10d23f9e-2768-4151-b5c5-518e849dae15\">Grazie al display LED, gli utenti hanno sempre il controllo sullo stato della sigaretta elettronica. Un altro punto forte \u00e8 l'aerazione regolabile, che permette di adattare il flusso d'aria a piacere e personalizzare l'esperienza di vapore. Che si preferisca una produzione di vapore pi\u00f9 delicata o pi\u00f9 intensa, questa funzione garantisce la massima flessibilit\u00e0.<\/p>\n<h4 data-start=\"1358\" data-end=\"1380\" data-immersive-translate-paragraph=\"1\" data-immersive-translate-walked=\"10d23f9e-2768-4151-b5c5-518e849dae15\">Variet\u00e0 di gusti<\/h4>\n<p class=\"\" data-start=\"1382\" data-end=\"1605\" data-immersive-translate-paragraph=\"1\" data-immersive-translate-walked=\"10d23f9e-2768-4151-b5c5-518e849dae15\">Il gusto Lush Ice offre un'esperienza rinfrescante e fruttata con un effetto rinfrescante. Questa combinazione di sapori propone un'esperienza di vapore unica, che non dimenticherete facilmente.<\/p>\n<h3>Vantaggi e Consegna Rapida<\/h3>\n<p class=\"\" data-start=\"1644\" data-end=\"1977\" data-immersive-translate-paragraph=\"1\" data-immersive-translate-walked=\"10d23f9e-2768-4151-b5c5-518e849dae15\">L'ELF SHISHA 16000 \u00e8 realizzata con materiali di alta qualit\u00e0 e offre consegna senza dazi. Il tempo di consegna \u00e8 di 7-15 giorni lavorativi, cos\u00ec potrai goderti rapidamente il prodotto. Con un alto numero di tiri e prestazioni stabili, questa sigaretta elettronica usa e getta \u00e8 una scelta eccellente per tutti gli svapatori.<\/p>\n<p class=\"\" data-start=\"1979\" data-end=\"2083\" data-immersive-translate-paragraph=\"1\" data-immersive-translate-walked=\"10d23f9e-2768-4151-b5c5-518e849dae15\">Disponibile su vapingnet.de, un fornitore affidabile di sigarette elettroniche di alta qualit\u00e0 e accessori.<\/p>","protected":false},"excerpt":{"rendered":"<p>ELF SHISHA 16000: Einweg E-Zigarette f\u00fcr Langanhaltenden Genuss Die ELF SHISHA 16000 ist eine revolution\u00e4re Einweg-E-Zigarette, die speziell f\u00fcr langanhaltenden und intensiven Dampfgenuss entwickelt wurde&#8230;.<\/p>","protected":false},"featured_media":6469,"template":"","meta":[],"etheme_brands":[],"product_brand":[100],"product_cat":[91,49,61],"product_tag":[],"class_list":{"0":"post-6485","1":"product","2":"type-product","3":"status-publish","4":"has-post-thumbnail","6":"product_brand-elf-box-vape","7":"product_cat-16k-vape","8":"product_cat-einweg-e-zigarette","9":"product_cat-f","11":"first","12":"instock","13":"shipping-taxable","14":"purchasable","15":"product-type-simple"},"yoast_head":"<!-- This site is optimized with the Yoast SEO plugin v26.5 - https:\/\/yoast.com\/wordpress\/plugins\/seo\/ -->\n<title>ELF SHISHA 16000 Einweg E-Zigarette | Lush Ice Geschmack<\/title>\n<meta name=\"description\" content=\"Erfrischender Geschmack mit k\u00fchlem Effekt und gleichm\u00e4\u00dfigem Zug \u2013 eine moderne Einweg E-Zigarette f\u00fcr entspannten Genuss.\" \/>\n<meta name=\"robots\" content=\"index, follow, max-snippet:-1, max-image-preview:large, max-video-preview:-1\" \/>\n<link rel=\"canonical\" href=\"https:\/\/vapingnet.de\/it\/vape\/jetzt-lush-ice-testen-elf-shisha-16000-zum-besten-preis-weltweit\/\" \/>\n<meta property=\"og:locale\" content=\"it_IT\" \/>\n<meta property=\"og:type\" content=\"article\" \/>\n<meta property=\"og:title\" content=\"ELF SHISHA 16000 Einweg E-Zigarette | Lush Ice Geschmack\" \/>\n<meta property=\"og:description\" content=\"Erfrischender Geschmack mit k\u00fchlem Effekt und gleichm\u00e4\u00dfigem Zug \u2013 eine moderne Einweg E-Zigarette f\u00fcr entspannten Genuss.\" \/>\n<meta property=\"og:url\" content=\"https:\/\/vapingnet.de\/it\/vape\/jetzt-lush-ice-testen-elf-shisha-16000-zum-besten-preis-weltweit\/\" \/>\n<meta property=\"og:site_name\" content=\"Vapingnet.de\" \/>\n<meta property=\"article:publisher\" content=\"https:\/\/www.facebook.com\/vapingnetde\/\" \/>\n<meta property=\"article:modified_time\" content=\"2026-01-21T05:38:19+00:00\" \/>\n<meta property=\"og:image\" content=\"https:\/\/vapingnet.de\/wp-content\/uploads\/2025\/04\/Lush-Ice-1.webp\" \/>\n\t<meta property=\"og:image:width\" content=\"1000\" \/>\n\t<meta property=\"og:image:height\" content=\"1000\" \/>\n\t<meta property=\"og:image:type\" content=\"image\/webp\" \/>\n<meta name=\"twitter:card\" content=\"summary_large_image\" \/>\n<meta name=\"twitter:label1\" content=\"Est. reading time\" \/>\n\t<meta name=\"twitter:data1\" content=\"2 minutes\" \/>\n<script type=\"application\/ld+json\" class=\"yoast-schema-graph\">{\"@context\":\"https:\/\/schema.org\",\"@graph\":[{\"@type\":\"WebPage\",\"@id\":\"https:\/\/vapingnet.de\/vape\/jetzt-lush-ice-testen-elf-shisha-16000-zum-besten-preis-weltweit\/\",\"url\":\"https:\/\/vapingnet.de\/vape\/jetzt-lush-ice-testen-elf-shisha-16000-zum-besten-preis-weltweit\/\",\"name\":\"ELF SHISHA 16000 Einweg E-Zigarette | Lush Ice Geschmack\",\"isPartOf\":{\"@id\":\"https:\/\/vapingnet.de\/#website\"},\"primaryImageOfPage\":{\"@id\":\"https:\/\/vapingnet.de\/vape\/jetzt-lush-ice-testen-elf-shisha-16000-zum-besten-preis-weltweit\/#primaryimage\"},\"image\":{\"@id\":\"https:\/\/vapingnet.de\/vape\/jetzt-lush-ice-testen-elf-shisha-16000-zum-besten-preis-weltweit\/#primaryimage\"},\"thumbnailUrl\":\"https:\/\/vapingnet.de\/wp-content\/uploads\/2025\/04\/Lush-Ice-1.webp\",\"datePublished\":\"2025-04-21T09:59:44+00:00\",\"dateModified\":\"2026-01-21T05:38:19+00:00\",\"description\":\"Erfrischender Geschmack mit k\u00fchlem Effekt und gleichm\u00e4\u00dfigem Zug \u2013 eine moderne Einweg E-Zigarette f\u00fcr entspannten Genuss.\",\"breadcrumb\":{\"@id\":\"https:\/\/vapingnet.de\/vape\/jetzt-lush-ice-testen-elf-shisha-16000-zum-besten-preis-weltweit\/#breadcrumb\"},\"inLanguage\":\"it-IT\",\"potentialAction\":[{\"@type\":\"ReadAction\",\"target\":[\"https:\/\/vapingnet.de\/vape\/jetzt-lush-ice-testen-elf-shisha-16000-zum-besten-preis-weltweit\/\"]}]},{\"@type\":\"ImageObject\",\"inLanguage\":\"it-IT\",\"@id\":\"https:\/\/vapingnet.de\/vape\/jetzt-lush-ice-testen-elf-shisha-16000-zum-besten-preis-weltweit\/#primaryimage\",\"url\":\"https:\/\/vapingnet.de\/wp-content\/uploads\/2025\/04\/Lush-Ice-1.webp\",\"contentUrl\":\"https:\/\/vapingnet.de\/wp-content\/uploads\/2025\/04\/Lush-Ice-1.webp\",\"width\":1000,\"height\":1000},{\"@type\":\"BreadcrumbList\",\"@id\":\"https:\/\/vapingnet.de\/vape\/jetzt-lush-ice-testen-elf-shisha-16000-zum-besten-preis-weltweit\/#breadcrumb\",\"itemListElement\":[{\"@type\":\"ListItem\",\"position\":1,\"name\":\"Home\",\"item\":\"https:\/\/vapingnet.de\/\"},{\"@type\":\"ListItem\",\"position\":2,\"name\":\"Shop\",\"item\":\"https:\/\/vapingnet.de\/vape\/\"},{\"@type\":\"ListItem\",\"position\":3,\"name\":\"Jetzt Lush Ice Testen ELF SHISHA 16000 Zum Besten Preis Weltweit\"}]},{\"@type\":\"WebSite\",\"@id\":\"https:\/\/vapingnet.de\/#website\",\"url\":\"https:\/\/vapingnet.de\/\",\"name\":\"Vapingnet.de\",\"description\":\"\",\"publisher\":{\"@id\":\"https:\/\/vapingnet.de\/#organization\"},\"potentialAction\":[{\"@type\":\"SearchAction\",\"target\":{\"@type\":\"EntryPoint\",\"urlTemplate\":\"https:\/\/vapingnet.de\/?s={search_term_string}\"},\"query-input\":{\"@type\":\"PropertyValueSpecification\",\"valueRequired\":true,\"valueName\":\"search_term_string\"}}],\"inLanguage\":\"it-IT\"},{\"@type\":\"Organization\",\"@id\":\"https:\/\/vapingnet.de\/#organization\",\"name\":\"Vapingnet.de\",\"url\":\"https:\/\/vapingnet.de\/\",\"logo\":{\"@type\":\"ImageObject\",\"inLanguage\":\"it-IT\",\"@id\":\"https:\/\/vapingnet.de\/#\/schema\/logo\/image\/\",\"url\":\"https:\/\/vapingnet.de\/wp-content\/uploads\/2025\/03\/cropped-vapingnet.de_.jpg\",\"contentUrl\":\"https:\/\/vapingnet.de\/wp-content\/uploads\/2025\/03\/cropped-vapingnet.de_.jpg\",\"width\":512,\"height\":512,\"caption\":\"Vapingnet.de\"},\"image\":{\"@id\":\"https:\/\/vapingnet.de\/#\/schema\/logo\/image\/\"},\"sameAs\":[\"https:\/\/www.facebook.com\/vapingnetde\/\"]}]}<\/script>\n<!-- \/ Yoast SEO plugin. -->","yoast_head_json":{"title":"ELF SHISHA 16000 Einweg E-Zigarette | Lush Ice Geschmack","description":"Erfrischender Geschmack mit k\u00fchlem Effekt und gleichm\u00e4\u00dfigem Zug \u2013 eine moderne Einweg E-Zigarette f\u00fcr entspannten Genuss.","robots":{"index":"index","follow":"follow","max-snippet":"max-snippet:-1","max-image-preview":"max-image-preview:large","max-video-preview":"max-video-preview:-1"},"canonical":"https:\/\/vapingnet.de\/it\/vape\/jetzt-lush-ice-testen-elf-shisha-16000-zum-besten-preis-weltweit\/","og_locale":"it_IT","og_type":"article","og_title":"ELF SHISHA 16000 Einweg E-Zigarette | Lush Ice Geschmack","og_description":"Erfrischender Geschmack mit k\u00fchlem Effekt und gleichm\u00e4\u00dfigem Zug \u2013 eine moderne Einweg E-Zigarette f\u00fcr entspannten Genuss.","og_url":"https:\/\/vapingnet.de\/it\/vape\/jetzt-lush-ice-testen-elf-shisha-16000-zum-besten-preis-weltweit\/","og_site_name":"Vapingnet.de","article_publisher":"https:\/\/www.facebook.com\/vapingnetde\/","article_modified_time":"2026-01-21T05:38:19+00:00","og_image":[{"width":1000,"height":1000,"url":"https:\/\/vapingnet.de\/wp-content\/uploads\/2025\/04\/Lush-Ice-1.webp","type":"image\/webp"}],"twitter_card":"summary_large_image","twitter_misc":{"Est. reading time":"2 minutes"},"schema":{"@context":"https:\/\/schema.org","@graph":[{"@type":"WebPage","@id":"https:\/\/vapingnet.de\/vape\/jetzt-lush-ice-testen-elf-shisha-16000-zum-besten-preis-weltweit\/","url":"https:\/\/vapingnet.de\/vape\/jetzt-lush-ice-testen-elf-shisha-16000-zum-besten-preis-weltweit\/","name":"ELF SHISHA 16000 Einweg E-Zigarette | Lush Ice Geschmack","isPartOf":{"@id":"https:\/\/vapingnet.de\/#website"},"primaryImageOfPage":{"@id":"https:\/\/vapingnet.de\/vape\/jetzt-lush-ice-testen-elf-shisha-16000-zum-besten-preis-weltweit\/#primaryimage"},"image":{"@id":"https:\/\/vapingnet.de\/vape\/jetzt-lush-ice-testen-elf-shisha-16000-zum-besten-preis-weltweit\/#primaryimage"},"thumbnailUrl":"https:\/\/vapingnet.de\/wp-content\/uploads\/2025\/04\/Lush-Ice-1.webp","datePublished":"2025-04-21T09:59:44+00:00","dateModified":"2026-01-21T05:38:19+00:00","description":"Erfrischender Geschmack mit k\u00fchlem Effekt und gleichm\u00e4\u00dfigem Zug \u2013 eine moderne Einweg E-Zigarette f\u00fcr entspannten Genuss.","breadcrumb":{"@id":"https:\/\/vapingnet.de\/vape\/jetzt-lush-ice-testen-elf-shisha-16000-zum-besten-preis-weltweit\/#breadcrumb"},"inLanguage":"it-IT","potentialAction":[{"@type":"ReadAction","target":["https:\/\/vapingnet.de\/vape\/jetzt-lush-ice-testen-elf-shisha-16000-zum-besten-preis-weltweit\/"]}]},{"@type":"ImageObject","inLanguage":"it-IT","@id":"https:\/\/vapingnet.de\/vape\/jetzt-lush-ice-testen-elf-shisha-16000-zum-besten-preis-weltweit\/#primaryimage","url":"https:\/\/vapingnet.de\/wp-content\/uploads\/2025\/04\/Lush-Ice-1.webp","contentUrl":"https:\/\/vapingnet.de\/wp-content\/uploads\/2025\/04\/Lush-Ice-1.webp","width":1000,"height":1000},{"@type":"BreadcrumbList","@id":"https:\/\/vapingnet.de\/vape\/jetzt-lush-ice-testen-elf-shisha-16000-zum-besten-preis-weltweit\/#breadcrumb","itemListElement":[{"@type":"ListItem","position":1,"name":"Home","item":"https:\/\/vapingnet.de\/"},{"@type":"ListItem","position":2,"name":"Shop","item":"https:\/\/vapingnet.de\/vape\/"},{"@type":"ListItem","position":3,"name":"Jetzt Lush Ice Testen ELF SHISHA 16000 Zum Besten Preis Weltweit"}]},{"@type":"WebSite","@id":"https:\/\/vapingnet.de\/#website","url":"https:\/\/vapingnet.de\/","name":"Vapingnet.de","description":"","publisher":{"@id":"https:\/\/vapingnet.de\/#organization"},"potentialAction":[{"@type":"SearchAction","target":{"@type":"EntryPoint","urlTemplate":"https:\/\/vapingnet.de\/?s={search_term_string}"},"query-input":{"@type":"PropertyValueSpecification","valueRequired":true,"valueName":"search_term_string"}}],"inLanguage":"it-IT"},{"@type":"Organization","@id":"https:\/\/vapingnet.de\/#organization","name":"Vapingnet.de","url":"https:\/\/vapingnet.de\/","logo":{"@type":"ImageObject","inLanguage":"it-IT","@id":"https:\/\/vapingnet.de\/#\/schema\/logo\/image\/","url":"https:\/\/vapingnet.de\/wp-content\/uploads\/2025\/03\/cropped-vapingnet.de_.jpg","contentUrl":"https:\/\/vapingnet.de\/wp-content\/uploads\/2025\/03\/cropped-vapingnet.de_.jpg","width":512,"height":512,"caption":"Vapingnet.de"},"image":{"@id":"https:\/\/vapingnet.de\/#\/schema\/logo\/image\/"},"sameAs":["https:\/\/www.facebook.com\/vapingnetde\/"]}]}},"tiered_pricing_type":"fixed","tiered_pricing_fixed_rules":{"10":"9.41","60":"8.47","110":"7.53","200":"6.59"},"tiered_pricing_product_settings":{"layout":"default","base_unit_name":{"singular":null,"plural":null},"default_variation":null},"tiered_pricing_minimum_quantity":null,"tiered_pricing_roles_data":[],"tiered_pricing_percentage_rules":[],"_links":{"self":[{"href":"https:\/\/vapingnet.de\/it\/wp-json\/wp\/v2\/product\/6485","targetHints":{"allow":["GET"]}}],"collection":[{"href":"https:\/\/vapingnet.de\/it\/wp-json\/wp\/v2\/product"}],"about":[{"href":"https:\/\/vapingnet.de\/it\/wp-json\/wp\/v2\/types\/product"}],"version-history":[{"count":1,"href":"https:\/\/vapingnet.de\/it\/wp-json\/wp\/v2\/product\/6485\/revisions"}],"predecessor-version":[{"id":6486,"href":"https:\/\/vapingnet.de\/it\/wp-json\/wp\/v2\/product\/6485\/revisions\/6486"}],"wp:featuredmedia":[{"embeddable":true,"href":"https:\/\/vapingnet.de\/it\/wp-json\/wp\/v2\/media\/6469"}],"wp:attachment":[{"href":"https:\/\/vapingnet.de\/it\/wp-json\/wp\/v2\/media?parent=6485"}],"wp:term":[{"taxonomy":"brand","embeddable":true,"href":"https:\/\/vapingnet.de\/it\/wp-json\/wp\/v2\/etheme_brands?post=6485"},{"taxonomy":"product_brand","embeddable":true,"href":"https:\/\/vapingnet.de\/it\/wp-json\/wp\/v2\/product_brand?post=6485"},{"taxonomy":"product_cat","embeddable":true,"href":"https:\/\/vapingnet.de\/it\/wp-json\/wp\/v2\/product_cat?post=6485"},{"taxonomy":"product_tag","embeddable":true,"href":"https:\/\/vapingnet.de\/it\/wp-json\/wp\/v2\/product_tag?post=6485"}],"curies":[{"name":"wp","href":"https:\/\/api.w.org\/{rel}","templated":true}]}}