{"id":6582,"date":"2025-04-27T08:00:09","date_gmt":"2025-04-27T08:00:09","guid":{"rendered":"https:\/\/vapingnet.de\/?post_type=product&#038;p=6582"},"modified":"2025-06-19T03:39:24","modified_gmt":"2025-06-19T03:39:24","slug":"bang-tick-tock-20000-puffs-blueberry-cherry-lemonade-fuer-deinen-fruchtigen-genuss","status":"publish","type":"product","link":"https:\/\/vapingnet.de\/it\/vape\/bang-tick-tock-20000-puffs-blueberry-cherry-lemonade-fuer-deinen-fruchtigen-genuss\/","title":{"rendered":"Bang Tick Tock 20000 Puffs Blueberry Cherry Lemonade Per il tuo piacere fruttato"},"content":{"rendered":"<h2 data-start=\"0\" data-end=\"85\" data-immersive-translate-walked=\"ff1c01a9-ea4f-49e3-a434-e5cf60d72783\">Bang Tick Tock 20000 Puffs: La pi\u00f9 recente innovazione nel settore delle sigarette elettroniche usa e getta<\/h2>\n<p class=\"\" data-start=\"87\" data-end=\"408\" data-immersive-translate-walked=\"ff1c01a9-ea4f-49e3-a434-e5cf60d72783\" data-immersive-translate-paragraph=\"1\">La Bang Tick Tock 20000 Puffs \u00e8 una avanzata <a href=\"https:\/\/vapingnet.de\/it\/k\/einweg-e-zigarette\/\" target=\"_blank\" rel=\"noopener\"><strong>Sigaretta elettronica usa e getta<\/strong><\/a>, che si distingue soprattutto per la sua tecnologia innovativa e l'elevata facilit\u00e0 d'uso. Con una vasta gamma di funzioni, offre ai vapers un'esperienza unica. Qui scoprirai cosa rende questa sigaretta elettronica cos\u00ec speciale.<\/p>\n<h3>Caratteristiche del prodotto della Bang Tick Tock 20000 Puffs<\/h3>\n<ul data-start=\"466\" data-end=\"1467\" data-immersive-translate-walked=\"ff1c01a9-ea4f-49e3-a434-e5cf60d72783\">\n<li class=\"\" data-start=\"466\" data-end=\"591\" data-immersive-translate-walked=\"ff1c01a9-ea4f-49e3-a434-e5cf60d72783\">\n<p class=\"\" data-start=\"468\" data-end=\"591\" data-immersive-translate-walked=\"ff1c01a9-ea4f-49e3-a434-e5cf60d72783\" data-immersive-translate-paragraph=\"1\">Mesh Coil: Con una coil Mesh da 1.0 Ohm, la Bang Tick Tock garantisce un vapore uniforme e intenso.<\/p>\n<\/li>\n<li class=\"\" data-start=\"592\" data-end=\"743\" data-immersive-translate-walked=\"ff1c01a9-ea4f-49e3-a434-e5cf60d72783\">\n<p class=\"\" data-start=\"594\" data-end=\"743\" data-immersive-translate-walked=\"ff1c01a9-ea4f-49e3-a434-e5cf60d72783\" data-immersive-translate-paragraph=\"1\">Capacit\u00e0 di E-Liquid: Con una generosa capacit\u00e0 di 25 ml di E-Liquid, offre una lunga durata prima di doverla sostituire.<\/p>\n<\/li>\n<li class=\"\" data-start=\"744\" data-end=\"900\" data-immersive-translate-walked=\"ff1c01a9-ea4f-49e3-a434-e5cf60d72783\">\n<p class=\"\" data-start=\"746\" data-end=\"900\" data-immersive-translate-walked=\"ff1c01a9-ea4f-49e3-a434-e5cf60d72783\" data-immersive-translate-paragraph=\"1\">Batteria: La batteria da 500 mAh assicura una potenza sufficiente e un uso prolungato, senza doverla ricaricare frequentemente.<\/p>\n<\/li>\n<li class=\"\" data-start=\"901\" data-end=\"1021\" data-immersive-translate-walked=\"ff1c01a9-ea4f-49e3-a434-e5cf60d72783\">\n<p class=\"\" data-start=\"903\" data-end=\"1021\" data-immersive-translate-walked=\"ff1c01a9-ea4f-49e3-a434-e5cf60d72783\" data-immersive-translate-paragraph=\"1\">Connettore di ricarica: Grazie all'innovativo connettore di tipo C, la ricarica della sigaretta elettronica \u00e8 rapida e semplice.<\/p>\n<\/li>\n<li class=\"\" data-start=\"1022\" data-end=\"1323\" data-immersive-translate-walked=\"ff1c01a9-ea4f-49e3-a434-e5cf60d72783\">\n<p class=\"\" data-start=\"1024\" data-end=\"1323\" data-immersive-translate-walked=\"ff1c01a9-ea4f-49e3-a434-e5cf60d72783\" data-immersive-translate-paragraph=\"1\">Display dinamico: Il display dinamico mostra effetti visivi che si attivano durante il vaping. Pu\u00f2 essere controllato tramite la Modalit\u00e0 Dinamica (dove si girano le ruote dentate) o la Modalit\u00e0 Silenziosa (con tre tiri rapidi in due secondi per fermare le ruote).<\/p>\n<\/li>\n<li class=\"\" data-start=\"1324\" data-end=\"1467\" data-immersive-translate-walked=\"ff1c01a9-ea4f-49e3-a434-e5cf60d72783\">\n<p class=\"\" data-start=\"1326\" data-end=\"1467\" data-immersive-translate-walked=\"ff1c01a9-ea4f-49e3-a434-e5cf60d72783\" data-immersive-translate-paragraph=\"1\">Vaping MTL: La sigaretta elettronica offre un'esperienza di vaping MTL (Mouth-to-Lung), rendendo il vaping piacevole e familiare per gli utenti.<\/p>\n<\/li>\n<\/ul>\n<h4 data-start=\"1469\" data-end=\"1495\" data-immersive-translate-walked=\"ff1c01a9-ea4f-49e3-a434-e5cf60d72783\">Esperienza di gusto<\/h4>\n<p class=\"\" data-start=\"1497\" data-end=\"1810\" data-immersive-translate-walked=\"ff1c01a9-ea4f-49e3-a434-e5cf60d72783\" data-immersive-translate-paragraph=\"1\">La Bang Tick Tock 20000 Puffs viene fornita con il gusto rinfrescante e unico di Blueberry Cherry Lemonade. Questo sapore \u00e8 una miscela perfetta di mirtilli dolci, ciliegie fresche e un'aroma di limonata agrumata, che rende ogni tiro un'esperienza rinfrescante.<\/p>\n<h3>Vantaggi della Bang Tick Tock 20000 Puffs<\/h3>\n<ul data-start=\"1861\" data-end=\"2382\" data-immersive-translate-walked=\"ff1c01a9-ea4f-49e3-a434-e5cf60d72783\">\n<li class=\"\" data-start=\"1861\" data-end=\"2054\" data-immersive-translate-walked=\"ff1c01a9-ea4f-49e3-a434-e5cf60d72783\">\n<p class=\"\" data-start=\"1863\" data-end=\"2054\" data-immersive-translate-walked=\"ff1c01a9-ea4f-49e3-a434-e5cf60d72783\" data-immersive-translate-paragraph=\"1\">Livelli di nicotina: \u00c8 possibile scegliere tra diversi livelli di nicotina, tra cui 0%, 2%, 3% e 5%, per personalizzare la propria esperienza di vaping secondo le preferenze.<\/p>\n<\/li>\n<li class=\"\" data-start=\"2055\" data-end=\"2231\" data-immersive-translate-walked=\"ff1c01a9-ea4f-49e3-a434-e5cf60d72783\">\n<p class=\"\" data-start=\"2057\" data-end=\"2231\" data-immersive-translate-walked=\"ff1c01a9-ea4f-49e3-a434-e5cf60d72783\" data-immersive-translate-paragraph=\"1\">Funzione di attivazione a tiraggio: La tecnologia di attivazione a tiraggio rende l'uso della sigaretta elettronica particolarmente semplice \u2013 si attiva automaticamente appena si tira.<\/p>\n<\/li>\n<li class=\"\" data-start=\"2232\" data-end=\"2379\" data-immersive-translate-walked=\"ff1c01a9-ea4f-49e3-a434-e5cf60d72783\">\n<p class=\"\" data-start=\"2234\" data-end=\"2379\" data-immersive-translate-walked=\"ff1c01a9-ea4f-49e3-a434-e5cf60d72783\" data-immersive-translate-paragraph=\"1\">Facilit\u00e0 d'uso: La Bang Tick Tock offre una gestione semplice e intuitiva, ideale per vaper di ogni livello di esperienza.<\/p>\n<\/li>\n<\/ul>\n<h4 data-start=\"2383\" data-end=\"2409\" data-immersive-translate-walked=\"ff1c01a9-ea4f-49e3-a434-e5cf60d72783\">Utilizzo pratico<\/h4>\n<p class=\"\" data-start=\"2411\" data-end=\"2928\" data-immersive-translate-walked=\"ff1c01a9-ea4f-49e3-a434-e5cf60d72783\" data-immersive-translate-paragraph=\"1\">La Bang Tick Tock 20000 Puffs \u00e8 pensata per chi cerca una sigaretta elettronica usa e getta potente, facile da usare e elegante. Con la sua grande capacit\u00e0 di E-Liquid e lunga durata, \u00e8 ideale per l'uso quotidiano. La ricarica tramite connettore di tipo C assicura che la ricarica sia rapida e senza problemi. Inoltre, grazie alle due modalit\u00e0 di vaporizzazione, permette di personalizzare il comportamento del vapore in base alle preferenze dell'utente.<\/p>\n<p class=\"\" data-start=\"2945\" data-end=\"3317\" data-immersive-translate-walked=\"ff1c01a9-ea4f-49e3-a434-e5cf60d72783\" data-immersive-translate-paragraph=\"1\">La Bang Tick Tock 20000 Puffs \u00e8 molto pi\u00f9 di una semplice sigaretta elettronica usa e getta. Con il suo design innovativo, le varie funzioni e il fantastico gusto di Blueberry Cherry Lemonade, si distingue dagli altri prodotti. \u00c8 ideale per i vaper che cercano una soluzione versatile e semplice per le loro esperienze di vaping.<\/p>","protected":false},"excerpt":{"rendered":"<p>Bang Tick Tock 20000 Puffs: Die neueste Innovation im Bereich Einweg-E-Zigaretten Die Bang Tick Tock 20000 Puffs ist eine fortschrittliche Einweg-E-Zigarette, die besonders durch ihre&#8230;<\/p>","protected":false},"featured_media":6565,"template":"","meta":[],"etheme_brands":[],"product_brand":[101],"product_cat":[54,49,61],"product_tag":[],"class_list":{"0":"post-6582","1":"product","2":"type-product","3":"status-publish","4":"has-post-thumbnail","6":"product_brand-bang-king-vape","7":"product_cat-vape-20000-zuege","8":"product_cat-einweg-e-zigarette","9":"product_cat-f","11":"first","12":"instock","13":"shipping-taxable","14":"purchasable","15":"product-type-simple"},"yoast_head":"<!-- This site is optimized with the Yoast SEO plugin v26.5 - https:\/\/yoast.com\/wordpress\/plugins\/seo\/ -->\n<title>Bang Tick Tock 20000 Puffs Blueberry Cherry Lemonade F\u00fcr Deinen Fruchtigen Genuss | Vapingnet.de<\/title>\n<meta name=\"description\" content=\"Entdecke Bang Tick Tock 20000 Puffs Blueberry Cherry Lemonade F\u00fcr Deinen Fruchtigen Genuss bei vapingnet.de, \u25ba Gro\u00dfe Auswahl an Geschmacksrichtungen &amp; super g\u00fcnstig!\" \/>\n<meta name=\"robots\" content=\"index, follow, max-snippet:-1, max-image-preview:large, max-video-preview:-1\" \/>\n<link rel=\"canonical\" href=\"https:\/\/vapingnet.de\/it\/vape\/bang-tick-tock-20000-puffs-blueberry-cherry-lemonade-fuer-deinen-fruchtigen-genuss\/\" \/>\n<meta property=\"og:locale\" content=\"it_IT\" \/>\n<meta property=\"og:type\" content=\"article\" \/>\n<meta property=\"og:title\" content=\"Bang Tick Tock 20000 Puffs Blueberry Cherry Lemonade F\u00fcr Deinen Fruchtigen Genuss | Vapingnet.de\" \/>\n<meta property=\"og:description\" content=\"Entdecke Bang Tick Tock 20000 Puffs Blueberry Cherry Lemonade F\u00fcr Deinen Fruchtigen Genuss bei vapingnet.de, \u25ba Gro\u00dfe Auswahl an Geschmacksrichtungen &amp; super g\u00fcnstig!\" \/>\n<meta property=\"og:url\" content=\"https:\/\/vapingnet.de\/it\/vape\/bang-tick-tock-20000-puffs-blueberry-cherry-lemonade-fuer-deinen-fruchtigen-genuss\/\" \/>\n<meta property=\"og:site_name\" content=\"Vapingnet.de\" \/>\n<meta property=\"article:publisher\" content=\"https:\/\/www.facebook.com\/vapingnetde\/\" \/>\n<meta property=\"article:modified_time\" content=\"2025-06-19T03:39:24+00:00\" \/>\n<meta property=\"og:image\" content=\"https:\/\/vapingnet.de\/wp-content\/uploads\/2025\/04\/Blueberry-Cherry-Lemonade.webp\" \/>\n\t<meta property=\"og:image:width\" content=\"1000\" \/>\n\t<meta property=\"og:image:height\" content=\"1000\" \/>\n\t<meta property=\"og:image:type\" content=\"image\/webp\" \/>\n<meta name=\"twitter:card\" content=\"summary_large_image\" \/>\n<meta name=\"twitter:label1\" content=\"Est. reading time\" \/>\n\t<meta name=\"twitter:data1\" content=\"3 minutes\" \/>\n<script type=\"application\/ld+json\" class=\"yoast-schema-graph\">{\"@context\":\"https:\/\/schema.org\",\"@graph\":[{\"@type\":\"WebPage\",\"@id\":\"https:\/\/vapingnet.de\/vape\/bang-tick-tock-20000-puffs-blueberry-cherry-lemonade-fuer-deinen-fruchtigen-genuss\/\",\"url\":\"https:\/\/vapingnet.de\/vape\/bang-tick-tock-20000-puffs-blueberry-cherry-lemonade-fuer-deinen-fruchtigen-genuss\/\",\"name\":\"Bang Tick Tock 20000 Puffs Blueberry Cherry Lemonade F\u00fcr Deinen Fruchtigen Genuss | Vapingnet.de\",\"isPartOf\":{\"@id\":\"https:\/\/vapingnet.de\/#website\"},\"primaryImageOfPage\":{\"@id\":\"https:\/\/vapingnet.de\/vape\/bang-tick-tock-20000-puffs-blueberry-cherry-lemonade-fuer-deinen-fruchtigen-genuss\/#primaryimage\"},\"image\":{\"@id\":\"https:\/\/vapingnet.de\/vape\/bang-tick-tock-20000-puffs-blueberry-cherry-lemonade-fuer-deinen-fruchtigen-genuss\/#primaryimage\"},\"thumbnailUrl\":\"https:\/\/vapingnet.de\/wp-content\/uploads\/2025\/04\/Blueberry-Cherry-Lemonade.webp\",\"datePublished\":\"2025-04-27T08:00:09+00:00\",\"dateModified\":\"2025-06-19T03:39:24+00:00\",\"description\":\"Entdecke Bang Tick Tock 20000 Puffs Blueberry Cherry Lemonade F\u00fcr Deinen Fruchtigen Genuss bei vapingnet.de, \u25ba Gro\u00dfe Auswahl an Geschmacksrichtungen & super g\u00fcnstig!\",\"breadcrumb\":{\"@id\":\"https:\/\/vapingnet.de\/vape\/bang-tick-tock-20000-puffs-blueberry-cherry-lemonade-fuer-deinen-fruchtigen-genuss\/#breadcrumb\"},\"inLanguage\":\"it-IT\",\"potentialAction\":[{\"@type\":\"ReadAction\",\"target\":[\"https:\/\/vapingnet.de\/vape\/bang-tick-tock-20000-puffs-blueberry-cherry-lemonade-fuer-deinen-fruchtigen-genuss\/\"]}]},{\"@type\":\"ImageObject\",\"inLanguage\":\"it-IT\",\"@id\":\"https:\/\/vapingnet.de\/vape\/bang-tick-tock-20000-puffs-blueberry-cherry-lemonade-fuer-deinen-fruchtigen-genuss\/#primaryimage\",\"url\":\"https:\/\/vapingnet.de\/wp-content\/uploads\/2025\/04\/Blueberry-Cherry-Lemonade.webp\",\"contentUrl\":\"https:\/\/vapingnet.de\/wp-content\/uploads\/2025\/04\/Blueberry-Cherry-Lemonade.webp\",\"width\":1000,\"height\":1000},{\"@type\":\"BreadcrumbList\",\"@id\":\"https:\/\/vapingnet.de\/vape\/bang-tick-tock-20000-puffs-blueberry-cherry-lemonade-fuer-deinen-fruchtigen-genuss\/#breadcrumb\",\"itemListElement\":[{\"@type\":\"ListItem\",\"position\":1,\"name\":\"Home\",\"item\":\"https:\/\/vapingnet.de\/\"},{\"@type\":\"ListItem\",\"position\":2,\"name\":\"Shop\",\"item\":\"https:\/\/vapingnet.de\/vape\/\"},{\"@type\":\"ListItem\",\"position\":3,\"name\":\"Bang Tick Tock 20000 Puffs Blueberry Cherry Lemonade F\u00fcr Deinen Fruchtigen Genuss\"}]},{\"@type\":\"WebSite\",\"@id\":\"https:\/\/vapingnet.de\/#website\",\"url\":\"https:\/\/vapingnet.de\/\",\"name\":\"Vapingnet.de\",\"description\":\"\",\"publisher\":{\"@id\":\"https:\/\/vapingnet.de\/#organization\"},\"potentialAction\":[{\"@type\":\"SearchAction\",\"target\":{\"@type\":\"EntryPoint\",\"urlTemplate\":\"https:\/\/vapingnet.de\/?s={search_term_string}\"},\"query-input\":{\"@type\":\"PropertyValueSpecification\",\"valueRequired\":true,\"valueName\":\"search_term_string\"}}],\"inLanguage\":\"it-IT\"},{\"@type\":\"Organization\",\"@id\":\"https:\/\/vapingnet.de\/#organization\",\"name\":\"Vapingnet.de\",\"url\":\"https:\/\/vapingnet.de\/\",\"logo\":{\"@type\":\"ImageObject\",\"inLanguage\":\"it-IT\",\"@id\":\"https:\/\/vapingnet.de\/#\/schema\/logo\/image\/\",\"url\":\"https:\/\/vapingnet.de\/wp-content\/uploads\/2025\/03\/cropped-vapingnet.de_.jpg\",\"contentUrl\":\"https:\/\/vapingnet.de\/wp-content\/uploads\/2025\/03\/cropped-vapingnet.de_.jpg\",\"width\":512,\"height\":512,\"caption\":\"Vapingnet.de\"},\"image\":{\"@id\":\"https:\/\/vapingnet.de\/#\/schema\/logo\/image\/\"},\"sameAs\":[\"https:\/\/www.facebook.com\/vapingnetde\/\"]}]}<\/script>\n<!-- \/ Yoast SEO plugin. -->","yoast_head_json":{"title":"Bang Tick Tock 20000 Puffs Blueberry Cherry Lemonade F\u00fcr Deinen Fruchtigen Genuss | Vapingnet.de","description":"Entdecke Bang Tick Tock 20000 Puffs Blueberry Cherry Lemonade F\u00fcr Deinen Fruchtigen Genuss bei vapingnet.de, \u25ba Gro\u00dfe Auswahl an Geschmacksrichtungen & super g\u00fcnstig!","robots":{"index":"index","follow":"follow","max-snippet":"max-snippet:-1","max-image-preview":"max-image-preview:large","max-video-preview":"max-video-preview:-1"},"canonical":"https:\/\/vapingnet.de\/it\/vape\/bang-tick-tock-20000-puffs-blueberry-cherry-lemonade-fuer-deinen-fruchtigen-genuss\/","og_locale":"it_IT","og_type":"article","og_title":"Bang Tick Tock 20000 Puffs Blueberry Cherry Lemonade F\u00fcr Deinen Fruchtigen Genuss | Vapingnet.de","og_description":"Entdecke Bang Tick Tock 20000 Puffs Blueberry Cherry Lemonade F\u00fcr Deinen Fruchtigen Genuss bei vapingnet.de, \u25ba Gro\u00dfe Auswahl an Geschmacksrichtungen & super g\u00fcnstig!","og_url":"https:\/\/vapingnet.de\/it\/vape\/bang-tick-tock-20000-puffs-blueberry-cherry-lemonade-fuer-deinen-fruchtigen-genuss\/","og_site_name":"Vapingnet.de","article_publisher":"https:\/\/www.facebook.com\/vapingnetde\/","article_modified_time":"2025-06-19T03:39:24+00:00","og_image":[{"width":1000,"height":1000,"url":"https:\/\/vapingnet.de\/wp-content\/uploads\/2025\/04\/Blueberry-Cherry-Lemonade.webp","type":"image\/webp"}],"twitter_card":"summary_large_image","twitter_misc":{"Est. reading time":"3 minutes"},"schema":{"@context":"https:\/\/schema.org","@graph":[{"@type":"WebPage","@id":"https:\/\/vapingnet.de\/vape\/bang-tick-tock-20000-puffs-blueberry-cherry-lemonade-fuer-deinen-fruchtigen-genuss\/","url":"https:\/\/vapingnet.de\/vape\/bang-tick-tock-20000-puffs-blueberry-cherry-lemonade-fuer-deinen-fruchtigen-genuss\/","name":"Bang Tick Tock 20000 Puffs Blueberry Cherry Lemonade F\u00fcr Deinen Fruchtigen Genuss | Vapingnet.de","isPartOf":{"@id":"https:\/\/vapingnet.de\/#website"},"primaryImageOfPage":{"@id":"https:\/\/vapingnet.de\/vape\/bang-tick-tock-20000-puffs-blueberry-cherry-lemonade-fuer-deinen-fruchtigen-genuss\/#primaryimage"},"image":{"@id":"https:\/\/vapingnet.de\/vape\/bang-tick-tock-20000-puffs-blueberry-cherry-lemonade-fuer-deinen-fruchtigen-genuss\/#primaryimage"},"thumbnailUrl":"https:\/\/vapingnet.de\/wp-content\/uploads\/2025\/04\/Blueberry-Cherry-Lemonade.webp","datePublished":"2025-04-27T08:00:09+00:00","dateModified":"2025-06-19T03:39:24+00:00","description":"Entdecke Bang Tick Tock 20000 Puffs Blueberry Cherry Lemonade F\u00fcr Deinen Fruchtigen Genuss bei vapingnet.de, \u25ba Gro\u00dfe Auswahl an Geschmacksrichtungen & super g\u00fcnstig!","breadcrumb":{"@id":"https:\/\/vapingnet.de\/vape\/bang-tick-tock-20000-puffs-blueberry-cherry-lemonade-fuer-deinen-fruchtigen-genuss\/#breadcrumb"},"inLanguage":"it-IT","potentialAction":[{"@type":"ReadAction","target":["https:\/\/vapingnet.de\/vape\/bang-tick-tock-20000-puffs-blueberry-cherry-lemonade-fuer-deinen-fruchtigen-genuss\/"]}]},{"@type":"ImageObject","inLanguage":"it-IT","@id":"https:\/\/vapingnet.de\/vape\/bang-tick-tock-20000-puffs-blueberry-cherry-lemonade-fuer-deinen-fruchtigen-genuss\/#primaryimage","url":"https:\/\/vapingnet.de\/wp-content\/uploads\/2025\/04\/Blueberry-Cherry-Lemonade.webp","contentUrl":"https:\/\/vapingnet.de\/wp-content\/uploads\/2025\/04\/Blueberry-Cherry-Lemonade.webp","width":1000,"height":1000},{"@type":"BreadcrumbList","@id":"https:\/\/vapingnet.de\/vape\/bang-tick-tock-20000-puffs-blueberry-cherry-lemonade-fuer-deinen-fruchtigen-genuss\/#breadcrumb","itemListElement":[{"@type":"ListItem","position":1,"name":"Home","item":"https:\/\/vapingnet.de\/"},{"@type":"ListItem","position":2,"name":"Shop","item":"https:\/\/vapingnet.de\/vape\/"},{"@type":"ListItem","position":3,"name":"Bang Tick Tock 20000 Puffs Blueberry Cherry Lemonade F\u00fcr Deinen Fruchtigen Genuss"}]},{"@type":"WebSite","@id":"https:\/\/vapingnet.de\/#website","url":"https:\/\/vapingnet.de\/","name":"Vapingnet.de","description":"","publisher":{"@id":"https:\/\/vapingnet.de\/#organization"},"potentialAction":[{"@type":"SearchAction","target":{"@type":"EntryPoint","urlTemplate":"https:\/\/vapingnet.de\/?s={search_term_string}"},"query-input":{"@type":"PropertyValueSpecification","valueRequired":true,"valueName":"search_term_string"}}],"inLanguage":"it-IT"},{"@type":"Organization","@id":"https:\/\/vapingnet.de\/#organization","name":"Vapingnet.de","url":"https:\/\/vapingnet.de\/","logo":{"@type":"ImageObject","inLanguage":"it-IT","@id":"https:\/\/vapingnet.de\/#\/schema\/logo\/image\/","url":"https:\/\/vapingnet.de\/wp-content\/uploads\/2025\/03\/cropped-vapingnet.de_.jpg","contentUrl":"https:\/\/vapingnet.de\/wp-content\/uploads\/2025\/03\/cropped-vapingnet.de_.jpg","width":512,"height":512,"caption":"Vapingnet.de"},"image":{"@id":"https:\/\/vapingnet.de\/#\/schema\/logo\/image\/"},"sameAs":["https:\/\/www.facebook.com\/vapingnetde\/"]}]}},"tiered_pricing_type":"fixed","tiered_pricing_fixed_rules":{"10":"10.44","60":"9.4","110":"8.35","200":"7.31"},"tiered_pricing_product_settings":{"layout":"default","base_unit_name":{"singular":null,"plural":null},"default_variation":null},"tiered_pricing_minimum_quantity":null,"tiered_pricing_roles_data":[],"tiered_pricing_percentage_rules":[],"_links":{"self":[{"href":"https:\/\/vapingnet.de\/it\/wp-json\/wp\/v2\/product\/6582","targetHints":{"allow":["GET"]}}],"collection":[{"href":"https:\/\/vapingnet.de\/it\/wp-json\/wp\/v2\/product"}],"about":[{"href":"https:\/\/vapingnet.de\/it\/wp-json\/wp\/v2\/types\/product"}],"version-history":[{"count":3,"href":"https:\/\/vapingnet.de\/it\/wp-json\/wp\/v2\/product\/6582\/revisions"}],"predecessor-version":[{"id":6590,"href":"https:\/\/vapingnet.de\/it\/wp-json\/wp\/v2\/product\/6582\/revisions\/6590"}],"wp:featuredmedia":[{"embeddable":true,"href":"https:\/\/vapingnet.de\/it\/wp-json\/wp\/v2\/media\/6565"}],"wp:attachment":[{"href":"https:\/\/vapingnet.de\/it\/wp-json\/wp\/v2\/media?parent=6582"}],"wp:term":[{"taxonomy":"brand","embeddable":true,"href":"https:\/\/vapingnet.de\/it\/wp-json\/wp\/v2\/etheme_brands?post=6582"},{"taxonomy":"product_brand","embeddable":true,"href":"https:\/\/vapingnet.de\/it\/wp-json\/wp\/v2\/product_brand?post=6582"},{"taxonomy":"product_cat","embeddable":true,"href":"https:\/\/vapingnet.de\/it\/wp-json\/wp\/v2\/product_cat?post=6582"},{"taxonomy":"product_tag","embeddable":true,"href":"https:\/\/vapingnet.de\/it\/wp-json\/wp\/v2\/product_tag?post=6582"}],"curies":[{"name":"wp","href":"https:\/\/api.w.org\/{rel}","templated":true}]}}