{"id":6585,"date":"2025-04-27T08:01:54","date_gmt":"2025-04-27T08:01:54","guid":{"rendered":"https:\/\/vapingnet.de\/?post_type=product&#038;p=6585"},"modified":"2025-06-19T03:39:23","modified_gmt":"2025-06-19T03:39:23","slug":"geniesse-den-frischen-geschmack-von-peach-ice-in-20000-puffs","status":"publish","type":"product","link":"https:\/\/vapingnet.de\/it\/vape\/geniesse-den-frischen-geschmack-von-peach-ice-in-20000-puffs\/","title":{"rendered":"Goditi il gusto fresco di Peach Ice in 20000 Puffs"},"content":{"rendered":"<h2 data-start=\"0\" data-end=\"65\" data-immersive-translate-walked=\"ce7f7216-1711-433b-b569-9b63081b6a7e\">Bang Tick Tock 20000 Puffs \u2013 La tua sigaretta elettronica usa e getta perfetta<\/h2>\n<p class=\"\" data-start=\"67\" data-end=\"406\" data-immersive-translate-walked=\"ce7f7216-1711-433b-b569-9b63081b6a7e\" data-immersive-translate-paragraph=\"1\">La Bang Tick Tock 20000 Puffs \u00e8 una sigaretta elettronica usa e getta che impressiona per tecnologia avanzata e prestazioni di vapore eccezionali. Offre una soluzione durevole per i vapers che cercano un'esperienza moderna e rinfrescante. Di seguito scoprirai cosa rende questo modello particolarmente speciale.<\/p>\n<h3>Caratteristiche principali della Bang Tick Tock 20000 Puffs<\/h3>\n<ul data-start=\"462\" data-end=\"1554\" data-immersive-translate-walked=\"ce7f7216-1711-433b-b569-9b63081b6a7e\">\n<li class=\"\" data-start=\"462\" data-end=\"693\" data-immersive-translate-walked=\"ce7f7216-1711-433b-b569-9b63081b6a7e\">\n<p class=\"\" data-start=\"464\" data-end=\"693\" data-immersive-translate-walked=\"ce7f7216-1711-433b-b569-9b63081b6a7e\" data-immersive-translate-paragraph=\"1\">Mesh Coil: Con una coil in mesh da 1,0 Ohm, la Bang Tick Tock 20000 Puffs garantisce un vapore uniforme e intenso. La tecnologia mesh assicura una distribuzione del calore migliore e un'esperienza di svapo migliorata.<\/p>\n<\/li>\n<li class=\"\" data-start=\"697\" data-end=\"904\" data-immersive-translate-walked=\"ce7f7216-1711-433b-b569-9b63081b6a7e\">\n<p class=\"\" data-start=\"699\" data-end=\"904\" data-immersive-translate-walked=\"ce7f7216-1711-433b-b569-9b63081b6a7e\" data-immersive-translate-paragraph=\"1\">Capacit\u00e0 di E-Liquid: La sigaretta elettronica contiene 25 ml di E-Liquid, garantendo una lunga durata d'uso e rendendola una scelta pratica per i vapers che non vogliono cercare continuamente rifornimenti.<\/p>\n<\/li>\n<li class=\"\" data-start=\"906\" data-end=\"1139\" data-immersive-translate-walked=\"ce7f7216-1711-433b-b569-9b63081b6a7e\">\n<p class=\"\" data-start=\"908\" data-end=\"1139\" data-immersive-translate-walked=\"ce7f7216-1711-433b-b569-9b63081b6a7e\" data-immersive-translate-paragraph=\"1\">Varianti di Nicotina: Disponibile nelle concentrazioni di nicotina 0%, 2%, 3% e 5%, questo modello offre opzioni flessibili a seconda della forza preferita. Cos\u00ec puoi personalizzare l'esperienza di svapo secondo le tue esigenze.<\/p>\n<\/li>\n<li class=\"\" data-start=\"1141\" data-end=\"1380\" data-immersive-translate-walked=\"ce7f7216-1711-433b-b569-9b63081b6a7e\">\n<p class=\"\" data-start=\"1143\" data-end=\"1380\" data-immersive-translate-walked=\"ce7f7216-1711-433b-b569-9b63081b6a7e\" data-immersive-translate-paragraph=\"1\">Batteria: Dotata di una batteria da 500mAh, che fornisce abbastanza energia per fino a 20.000 tiri, la Bang Tick Tock 20000 Puffs garantisce una lunga durata. Non dovrai preoccuparti di ricariche frequenti.<\/p>\n<\/li>\n<li class=\"\" data-start=\"1382\" data-end=\"1554\" data-immersive-translate-walked=\"ce7f7216-1711-433b-b569-9b63081b6a7e\">\n<p class=\"\" data-start=\"1384\" data-end=\"1554\" data-immersive-translate-walked=\"ce7f7216-1711-433b-b569-9b63081b6a7e\" data-immersive-translate-paragraph=\"1\">Punto di Ricarica: La porta di ricarica di tipo C assicura una ricarica rapida e semplice, permettendoti di tornare rapidamente alla tua esperienza di svapo.<\/p>\n<\/li>\n<\/ul>\n<h4 data-start=\"1556\" data-end=\"1593\" data-immersive-translate-walked=\"ce7f7216-1711-433b-b569-9b63081b6a7e\">Funzioni e Modalit\u00e0 Speciali<\/h4>\n<ul data-start=\"1595\" data-end=\"2402\" data-immersive-translate-walked=\"ce7f7216-1711-433b-b569-9b63081b6a7e\">\n<li class=\"\" data-start=\"1595\" data-end=\"1888\" data-immersive-translate-walked=\"ce7f7216-1711-433b-b569-9b63081b6a7e\">\n<p class=\"\" data-start=\"1597\" data-end=\"1888\" data-immersive-translate-walked=\"ce7f7216-1711-433b-b569-9b63081b6a7e\" data-immersive-translate-paragraph=\"1\">Display Dinamico: Una delle caratteristiche pi\u00f9 innovative di questa sigaretta elettronica \u00e8 lo schermo dinamico, che mostra effetti visivi durante lo svapo. Quando usi il dispositivo, si muove un ingranaggio, rendendo l'esperienza di svapo divertente e interattiva.<\/p>\n<\/li>\n<li class=\"\" data-start=\"1890\" data-end=\"2231\" data-immersive-translate-walked=\"ce7f7216-1711-433b-b569-9b63081b6a7e\">\n<p class=\"\" data-start=\"1892\" data-end=\"2231\" data-immersive-translate-walked=\"ce7f7216-1711-433b-b569-9b63081b6a7e\" data-immersive-translate-paragraph=\"1\">Due Modalit\u00e0 di Vapore: La Bang Tick Tock 20000 Puffs offre due modalit\u00e0 di svapo: la modalit\u00e0 dinamica, in cui gli ingranaggi girano durante lo svapo, e la modalit\u00e0 silenziosa, attivabile con tre tiri rapidi in due secondi, per fermare gli ingranaggi. Puoi cos\u00ec personalizzare l'esperienza secondo i tuoi desideri.<\/p>\n<\/li>\n<li class=\"\" data-start=\"2233\" data-end=\"2402\" data-immersive-translate-walked=\"ce7f7216-1711-433b-b569-9b63081b6a7e\">\n<p class=\"\" data-start=\"2235\" data-end=\"2402\" data-immersive-translate-walked=\"ce7f7216-1711-433b-b569-9b63081b6a7e\" data-immersive-translate-paragraph=\"1\">Vaping MTL: Il dispositivo \u00e8 progettato per il svapo MTL (Mouth to Lung), rendendolo ideale per gli utenti che preferiscono lo stile tradizionale di svapo da sigaretta.<\/p>\n<\/li>\n<\/ul>\n<h4 data-start=\"2404\" data-end=\"2432\" data-immersive-translate-walked=\"ce7f7216-1711-433b-b569-9b63081b6a7e\">Gusto: Peach Ice<\/h4>\n<p class=\"\" data-start=\"2434\" data-end=\"2768\" data-immersive-translate-walked=\"ce7f7216-1711-433b-b569-9b63081b6a7e\" data-immersive-translate-paragraph=\"1\">Il gusto della Bang Tick Tock 20000 Puffs conquista con una miscela di pesca e ghiaccio. Il dolce e fruttato sapore della pesca \u00e8 accompagnato da una nota rinfrescante di mentolo, offrendo un'esperienza di svapo fresca e piacevole \u2013 ideale per chi cerca un'esperienza fruttata e fresca allo stesso tempo.<\/p>\n<h4 data-start=\"2770\" data-end=\"2799\" data-immersive-translate-walked=\"ce7f7216-1711-433b-b569-9b63081b6a7e\">Vantaggi in breve<\/h4>\n<ul data-start=\"2801\" data-end=\"3325\" data-immersive-translate-walked=\"ce7f7216-1711-433b-b569-9b63081b6a7e\">\n<li class=\"\" data-start=\"2801\" data-end=\"2990\" data-immersive-translate-walked=\"ce7f7216-1711-433b-b569-9b63081b6a7e\">\n<p class=\"\" data-start=\"2803\" data-end=\"2990\" data-immersive-translate-walked=\"ce7f7216-1711-433b-b569-9b63081b6a7e\" data-immersive-translate-paragraph=\"1\">Lunga Durata: Con una capacit\u00e0 di E-Liquid di 25 ml e una batteria da 500mAh, la Bang Tick Tock 20000 Puffs \u00e8 progettata per fornire fino a 20.000 tiri.<\/p>\n<\/li>\n<li class=\"\" data-start=\"2991\" data-end=\"3174\" data-immersive-translate-walked=\"ce7f7216-1711-433b-b569-9b63081b6a7e\">\n<p class=\"\" data-start=\"2993\" data-end=\"3174\" data-immersive-translate-walked=\"ce7f7216-1711-433b-b569-9b63081b6a7e\" data-immersive-translate-paragraph=\"1\">Facile da Usare: Il sistema attivato dal tiro assicura che il dispositivo si accenda automaticamente quando si tira, senza bisogno di premere o accendere manualmente.<\/p>\n<\/li>\n<li class=\"\" data-start=\"3175\" data-end=\"3325\" data-immersive-translate-walked=\"ce7f7216-1711-433b-b569-9b63081b6a7e\">\n<p class=\"\" data-start=\"3177\" data-end=\"3325\" data-immersive-translate-walked=\"ce7f7216-1711-433b-b569-9b63081b6a7e\" data-immersive-translate-paragraph=\"1\">Utilizzo Confortevole: La porta di ricarica di tipo C permette una ricarica rapida e semplice, cos\u00ec sei sempre pronto per il prossimo svapo.<\/p>\n<\/li>\n<\/ul>\n<p class=\"\" data-start=\"3342\" data-end=\"3835\" data-immersive-translate-walked=\"ce7f7216-1711-433b-b569-9b63081b6a7e\" data-immersive-translate-paragraph=\"1\">La Bang Tick Tock 20000 Puffs \u00e8 una sigaretta elettronica usa e getta eccezionale, che si distingue non solo per la tecnologia innovativa, ma anche per il gusto piacevole e la facilit\u00e0 d'uso. Se cerchi un dispositivo durevole e personalizzabile, che offra un'esperienza di svapo interattiva, questo modello \u00e8 perfetto per te. Visita vapingnet.de per saperne di pi\u00f9 e ordinare la tua Bang Tick Tock 20000 Puffs.<\/p>\n<p>&nbsp;<\/p>","protected":false},"excerpt":{"rendered":"<p>Bang Tick Tock 20000 Puffs \u2013 Ihre perfekte Einweg-E-Zigarette Die Bang Tick Tock 20000 Puffs ist eine Einweg-E-Zigarette, die mit fortschrittlicher Technologie und einer hervorragenden&#8230;<\/p>","protected":false},"featured_media":6570,"template":"","meta":[],"etheme_brands":[],"product_brand":[101],"product_cat":[54,49,61],"product_tag":[],"class_list":{"0":"post-6585","1":"product","2":"type-product","3":"status-publish","4":"has-post-thumbnail","6":"product_brand-bang-king-vape","7":"product_cat-vape-20000-zuege","8":"product_cat-einweg-e-zigarette","9":"product_cat-f","11":"first","12":"instock","13":"shipping-taxable","14":"purchasable","15":"product-type-simple"},"yoast_head":"<!-- This site is optimized with the Yoast SEO plugin v26.5 - https:\/\/yoast.com\/wordpress\/plugins\/seo\/ -->\n<title>Genie\u00dfe Den Frischen Geschmack Von Peach Ice In 20000 Puffs | Vapingnet.de<\/title>\n<meta name=\"description\" content=\"Entdecke Genie\u00dfe Den Frischen Geschmack Von Peach Ice In 20000 Puffs bei vapingnet.de, \u25ba Gro\u00dfe Auswahl an Geschmacksrichtungen &amp; super g\u00fcnstig!\" \/>\n<meta name=\"robots\" content=\"index, follow, max-snippet:-1, max-image-preview:large, max-video-preview:-1\" \/>\n<link rel=\"canonical\" href=\"https:\/\/vapingnet.de\/it\/vape\/geniesse-den-frischen-geschmack-von-peach-ice-in-20000-puffs\/\" \/>\n<meta property=\"og:locale\" content=\"it_IT\" \/>\n<meta property=\"og:type\" content=\"article\" \/>\n<meta property=\"og:title\" content=\"Genie\u00dfe Den Frischen Geschmack Von Peach Ice In 20000 Puffs | Vapingnet.de\" \/>\n<meta property=\"og:description\" content=\"Entdecke Genie\u00dfe Den Frischen Geschmack Von Peach Ice In 20000 Puffs bei vapingnet.de, \u25ba Gro\u00dfe Auswahl an Geschmacksrichtungen &amp; super g\u00fcnstig!\" \/>\n<meta property=\"og:url\" content=\"https:\/\/vapingnet.de\/it\/vape\/geniesse-den-frischen-geschmack-von-peach-ice-in-20000-puffs\/\" \/>\n<meta property=\"og:site_name\" content=\"Vapingnet.de\" \/>\n<meta property=\"article:publisher\" content=\"https:\/\/www.facebook.com\/vapingnetde\/\" \/>\n<meta property=\"article:modified_time\" content=\"2025-06-19T03:39:23+00:00\" \/>\n<meta property=\"og:image\" content=\"https:\/\/vapingnet.de\/wp-content\/uploads\/2025\/04\/Peach-Ice-2.webp\" \/>\n\t<meta property=\"og:image:width\" content=\"1000\" \/>\n\t<meta property=\"og:image:height\" content=\"1000\" \/>\n\t<meta property=\"og:image:type\" content=\"image\/webp\" \/>\n<meta name=\"twitter:card\" content=\"summary_large_image\" \/>\n<meta name=\"twitter:label1\" content=\"Est. reading time\" \/>\n\t<meta name=\"twitter:data1\" content=\"4 minutes\" \/>\n<script type=\"application\/ld+json\" class=\"yoast-schema-graph\">{\"@context\":\"https:\/\/schema.org\",\"@graph\":[{\"@type\":\"WebPage\",\"@id\":\"https:\/\/vapingnet.de\/vape\/geniesse-den-frischen-geschmack-von-peach-ice-in-20000-puffs\/\",\"url\":\"https:\/\/vapingnet.de\/vape\/geniesse-den-frischen-geschmack-von-peach-ice-in-20000-puffs\/\",\"name\":\"Genie\u00dfe Den Frischen Geschmack Von Peach Ice In 20000 Puffs | Vapingnet.de\",\"isPartOf\":{\"@id\":\"https:\/\/vapingnet.de\/#website\"},\"primaryImageOfPage\":{\"@id\":\"https:\/\/vapingnet.de\/vape\/geniesse-den-frischen-geschmack-von-peach-ice-in-20000-puffs\/#primaryimage\"},\"image\":{\"@id\":\"https:\/\/vapingnet.de\/vape\/geniesse-den-frischen-geschmack-von-peach-ice-in-20000-puffs\/#primaryimage\"},\"thumbnailUrl\":\"https:\/\/vapingnet.de\/wp-content\/uploads\/2025\/04\/Peach-Ice-2.webp\",\"datePublished\":\"2025-04-27T08:01:54+00:00\",\"dateModified\":\"2025-06-19T03:39:23+00:00\",\"description\":\"Entdecke Genie\u00dfe Den Frischen Geschmack Von Peach Ice In 20000 Puffs bei vapingnet.de, \u25ba Gro\u00dfe Auswahl an Geschmacksrichtungen & super g\u00fcnstig!\",\"breadcrumb\":{\"@id\":\"https:\/\/vapingnet.de\/vape\/geniesse-den-frischen-geschmack-von-peach-ice-in-20000-puffs\/#breadcrumb\"},\"inLanguage\":\"it-IT\",\"potentialAction\":[{\"@type\":\"ReadAction\",\"target\":[\"https:\/\/vapingnet.de\/vape\/geniesse-den-frischen-geschmack-von-peach-ice-in-20000-puffs\/\"]}]},{\"@type\":\"ImageObject\",\"inLanguage\":\"it-IT\",\"@id\":\"https:\/\/vapingnet.de\/vape\/geniesse-den-frischen-geschmack-von-peach-ice-in-20000-puffs\/#primaryimage\",\"url\":\"https:\/\/vapingnet.de\/wp-content\/uploads\/2025\/04\/Peach-Ice-2.webp\",\"contentUrl\":\"https:\/\/vapingnet.de\/wp-content\/uploads\/2025\/04\/Peach-Ice-2.webp\",\"width\":1000,\"height\":1000},{\"@type\":\"BreadcrumbList\",\"@id\":\"https:\/\/vapingnet.de\/vape\/geniesse-den-frischen-geschmack-von-peach-ice-in-20000-puffs\/#breadcrumb\",\"itemListElement\":[{\"@type\":\"ListItem\",\"position\":1,\"name\":\"Home\",\"item\":\"https:\/\/vapingnet.de\/\"},{\"@type\":\"ListItem\",\"position\":2,\"name\":\"Shop\",\"item\":\"https:\/\/vapingnet.de\/vape\/\"},{\"@type\":\"ListItem\",\"position\":3,\"name\":\"Genie\u00dfe Den Frischen Geschmack Von Peach Ice In 20000 Puffs\"}]},{\"@type\":\"WebSite\",\"@id\":\"https:\/\/vapingnet.de\/#website\",\"url\":\"https:\/\/vapingnet.de\/\",\"name\":\"Vapingnet.de\",\"description\":\"\",\"publisher\":{\"@id\":\"https:\/\/vapingnet.de\/#organization\"},\"potentialAction\":[{\"@type\":\"SearchAction\",\"target\":{\"@type\":\"EntryPoint\",\"urlTemplate\":\"https:\/\/vapingnet.de\/?s={search_term_string}\"},\"query-input\":{\"@type\":\"PropertyValueSpecification\",\"valueRequired\":true,\"valueName\":\"search_term_string\"}}],\"inLanguage\":\"it-IT\"},{\"@type\":\"Organization\",\"@id\":\"https:\/\/vapingnet.de\/#organization\",\"name\":\"Vapingnet.de\",\"url\":\"https:\/\/vapingnet.de\/\",\"logo\":{\"@type\":\"ImageObject\",\"inLanguage\":\"it-IT\",\"@id\":\"https:\/\/vapingnet.de\/#\/schema\/logo\/image\/\",\"url\":\"https:\/\/vapingnet.de\/wp-content\/uploads\/2025\/03\/cropped-vapingnet.de_.jpg\",\"contentUrl\":\"https:\/\/vapingnet.de\/wp-content\/uploads\/2025\/03\/cropped-vapingnet.de_.jpg\",\"width\":512,\"height\":512,\"caption\":\"Vapingnet.de\"},\"image\":{\"@id\":\"https:\/\/vapingnet.de\/#\/schema\/logo\/image\/\"},\"sameAs\":[\"https:\/\/www.facebook.com\/vapingnetde\/\"]}]}<\/script>\n<!-- \/ Yoast SEO plugin. -->","yoast_head_json":{"title":"Genie\u00dfe Den Frischen Geschmack Von Peach Ice In 20000 Puffs | Vapingnet.de","description":"Entdecke Genie\u00dfe Den Frischen Geschmack Von Peach Ice In 20000 Puffs bei vapingnet.de, \u25ba Gro\u00dfe Auswahl an Geschmacksrichtungen & super g\u00fcnstig!","robots":{"index":"index","follow":"follow","max-snippet":"max-snippet:-1","max-image-preview":"max-image-preview:large","max-video-preview":"max-video-preview:-1"},"canonical":"https:\/\/vapingnet.de\/it\/vape\/geniesse-den-frischen-geschmack-von-peach-ice-in-20000-puffs\/","og_locale":"it_IT","og_type":"article","og_title":"Genie\u00dfe Den Frischen Geschmack Von Peach Ice In 20000 Puffs | Vapingnet.de","og_description":"Entdecke Genie\u00dfe Den Frischen Geschmack Von Peach Ice In 20000 Puffs bei vapingnet.de, \u25ba Gro\u00dfe Auswahl an Geschmacksrichtungen & super g\u00fcnstig!","og_url":"https:\/\/vapingnet.de\/it\/vape\/geniesse-den-frischen-geschmack-von-peach-ice-in-20000-puffs\/","og_site_name":"Vapingnet.de","article_publisher":"https:\/\/www.facebook.com\/vapingnetde\/","article_modified_time":"2025-06-19T03:39:23+00:00","og_image":[{"width":1000,"height":1000,"url":"https:\/\/vapingnet.de\/wp-content\/uploads\/2025\/04\/Peach-Ice-2.webp","type":"image\/webp"}],"twitter_card":"summary_large_image","twitter_misc":{"Est. reading time":"4 minutes"},"schema":{"@context":"https:\/\/schema.org","@graph":[{"@type":"WebPage","@id":"https:\/\/vapingnet.de\/vape\/geniesse-den-frischen-geschmack-von-peach-ice-in-20000-puffs\/","url":"https:\/\/vapingnet.de\/vape\/geniesse-den-frischen-geschmack-von-peach-ice-in-20000-puffs\/","name":"Genie\u00dfe Den Frischen Geschmack Von Peach Ice In 20000 Puffs | Vapingnet.de","isPartOf":{"@id":"https:\/\/vapingnet.de\/#website"},"primaryImageOfPage":{"@id":"https:\/\/vapingnet.de\/vape\/geniesse-den-frischen-geschmack-von-peach-ice-in-20000-puffs\/#primaryimage"},"image":{"@id":"https:\/\/vapingnet.de\/vape\/geniesse-den-frischen-geschmack-von-peach-ice-in-20000-puffs\/#primaryimage"},"thumbnailUrl":"https:\/\/vapingnet.de\/wp-content\/uploads\/2025\/04\/Peach-Ice-2.webp","datePublished":"2025-04-27T08:01:54+00:00","dateModified":"2025-06-19T03:39:23+00:00","description":"Entdecke Genie\u00dfe Den Frischen Geschmack Von Peach Ice In 20000 Puffs bei vapingnet.de, \u25ba Gro\u00dfe Auswahl an Geschmacksrichtungen & super g\u00fcnstig!","breadcrumb":{"@id":"https:\/\/vapingnet.de\/vape\/geniesse-den-frischen-geschmack-von-peach-ice-in-20000-puffs\/#breadcrumb"},"inLanguage":"it-IT","potentialAction":[{"@type":"ReadAction","target":["https:\/\/vapingnet.de\/vape\/geniesse-den-frischen-geschmack-von-peach-ice-in-20000-puffs\/"]}]},{"@type":"ImageObject","inLanguage":"it-IT","@id":"https:\/\/vapingnet.de\/vape\/geniesse-den-frischen-geschmack-von-peach-ice-in-20000-puffs\/#primaryimage","url":"https:\/\/vapingnet.de\/wp-content\/uploads\/2025\/04\/Peach-Ice-2.webp","contentUrl":"https:\/\/vapingnet.de\/wp-content\/uploads\/2025\/04\/Peach-Ice-2.webp","width":1000,"height":1000},{"@type":"BreadcrumbList","@id":"https:\/\/vapingnet.de\/vape\/geniesse-den-frischen-geschmack-von-peach-ice-in-20000-puffs\/#breadcrumb","itemListElement":[{"@type":"ListItem","position":1,"name":"Home","item":"https:\/\/vapingnet.de\/"},{"@type":"ListItem","position":2,"name":"Shop","item":"https:\/\/vapingnet.de\/vape\/"},{"@type":"ListItem","position":3,"name":"Genie\u00dfe Den Frischen Geschmack Von Peach Ice In 20000 Puffs"}]},{"@type":"WebSite","@id":"https:\/\/vapingnet.de\/#website","url":"https:\/\/vapingnet.de\/","name":"Vapingnet.de","description":"","publisher":{"@id":"https:\/\/vapingnet.de\/#organization"},"potentialAction":[{"@type":"SearchAction","target":{"@type":"EntryPoint","urlTemplate":"https:\/\/vapingnet.de\/?s={search_term_string}"},"query-input":{"@type":"PropertyValueSpecification","valueRequired":true,"valueName":"search_term_string"}}],"inLanguage":"it-IT"},{"@type":"Organization","@id":"https:\/\/vapingnet.de\/#organization","name":"Vapingnet.de","url":"https:\/\/vapingnet.de\/","logo":{"@type":"ImageObject","inLanguage":"it-IT","@id":"https:\/\/vapingnet.de\/#\/schema\/logo\/image\/","url":"https:\/\/vapingnet.de\/wp-content\/uploads\/2025\/03\/cropped-vapingnet.de_.jpg","contentUrl":"https:\/\/vapingnet.de\/wp-content\/uploads\/2025\/03\/cropped-vapingnet.de_.jpg","width":512,"height":512,"caption":"Vapingnet.de"},"image":{"@id":"https:\/\/vapingnet.de\/#\/schema\/logo\/image\/"},"sameAs":["https:\/\/www.facebook.com\/vapingnetde\/"]}]}},"tiered_pricing_type":"fixed","tiered_pricing_fixed_rules":{"10":"10.44","60":"9.4","110":"8.35","200":"7.31"},"tiered_pricing_product_settings":{"layout":"default","base_unit_name":{"singular":null,"plural":null},"default_variation":null},"tiered_pricing_minimum_quantity":null,"tiered_pricing_roles_data":[],"tiered_pricing_percentage_rules":[],"_links":{"self":[{"href":"https:\/\/vapingnet.de\/it\/wp-json\/wp\/v2\/product\/6585","targetHints":{"allow":["GET"]}}],"collection":[{"href":"https:\/\/vapingnet.de\/it\/wp-json\/wp\/v2\/product"}],"about":[{"href":"https:\/\/vapingnet.de\/it\/wp-json\/wp\/v2\/types\/product"}],"version-history":[{"count":1,"href":"https:\/\/vapingnet.de\/it\/wp-json\/wp\/v2\/product\/6585\/revisions"}],"predecessor-version":[{"id":6592,"href":"https:\/\/vapingnet.de\/it\/wp-json\/wp\/v2\/product\/6585\/revisions\/6592"}],"wp:featuredmedia":[{"embeddable":true,"href":"https:\/\/vapingnet.de\/it\/wp-json\/wp\/v2\/media\/6570"}],"wp:attachment":[{"href":"https:\/\/vapingnet.de\/it\/wp-json\/wp\/v2\/media?parent=6585"}],"wp:term":[{"taxonomy":"brand","embeddable":true,"href":"https:\/\/vapingnet.de\/it\/wp-json\/wp\/v2\/etheme_brands?post=6585"},{"taxonomy":"product_brand","embeddable":true,"href":"https:\/\/vapingnet.de\/it\/wp-json\/wp\/v2\/product_brand?post=6585"},{"taxonomy":"product_cat","embeddable":true,"href":"https:\/\/vapingnet.de\/it\/wp-json\/wp\/v2\/product_cat?post=6585"},{"taxonomy":"product_tag","embeddable":true,"href":"https:\/\/vapingnet.de\/it\/wp-json\/wp\/v2\/product_tag?post=6585"}],"curies":[{"name":"wp","href":"https:\/\/api.w.org\/{rel}","templated":true}]}}