{"id":6587,"date":"2025-04-27T08:01:57","date_gmt":"2025-04-27T08:01:57","guid":{"rendered":"https:\/\/vapingnet.de\/?post_type=product&#038;p=6587"},"modified":"2025-06-19T03:39:22","modified_gmt":"2025-06-19T03:39:22","slug":"mix-fruit-in-bang-tick-tock-20000-puffs-hohe-qualitaet-guenstiger-preis","status":"publish","type":"product","link":"https:\/\/vapingnet.de\/it\/vape\/mix-fruit-in-bang-tick-tock-20000-puffs-hohe-qualitaet-guenstiger-preis\/","title":{"rendered":"Mix Fruit in Bang Tick Tock 20000 Puffs Alta qualit\u00e0 Prezzo conveniente"},"content":{"rendered":"<h2 data-start=\"0\" data-end=\"63\" data-immersive-translate-walked=\"64872b6c-5c31-4eba-b48d-fef384ed5eed\">Bang Tick Tock 20000 Puffs: La nuova dimensione del svapo<\/h2>\n<p class=\"\" data-start=\"65\" data-end=\"393\" data-immersive-translate-walked=\"64872b6c-5c31-4eba-b48d-fef384ed5eed\" data-immersive-translate-paragraph=\"1\">La Bang Tick Tock 20000 Puffs stabilisce nuovi standard per sigarette elettroniche uniche e entusiasma con funzioni moderne e prestazioni eccezionali. Questa sigaretta elettronica offre tutto ci\u00f2 che ci si aspetta da un modello avanzato: lunga durata, tecnologia innovativa e un'esperienza utente straordinaria.<\/p>\n<h3>Caratteristiche della Bang Tick Tock 20000 Puffs<\/h3>\n<ul data-start=\"440\" data-end=\"1025\" data-immersive-translate-walked=\"64872b6c-5c31-4eba-b48d-fef384ed5eed\">\n<li class=\"\" data-start=\"440\" data-end=\"575\" data-immersive-translate-walked=\"64872b6c-5c31-4eba-b48d-fef384ed5eed\">\n<p class=\"\" data-start=\"442\" data-end=\"575\" data-immersive-translate-walked=\"64872b6c-5c31-4eba-b48d-fef384ed5eed\" data-immersive-translate-paragraph=\"1\">Mesh Coil: La coil in mesh da 1,0 Ohm garantisce una vaporizzazione uniforme e intensa, che valorizza perfettamente gli aromi.<\/p>\n<\/li>\n<li class=\"\" data-start=\"576\" data-end=\"763\" data-immersive-translate-walked=\"64872b6c-5c31-4eba-b48d-fef384ed5eed\">\n<p class=\"\" data-start=\"578\" data-end=\"763\" data-immersive-translate-walked=\"64872b6c-5c31-4eba-b48d-fef384ed5eed\" data-immersive-translate-paragraph=\"1\">Capacit\u00e0 di E-Liquid: Con 25 ml di E-Liquid, la Bang Tick Tock 20000 Puffs offre una durata di svapo eccezionalmente lunga, rendendola una scelta ideale per l'uso quotidiano.<\/p>\n<\/li>\n<li class=\"\" data-start=\"764\" data-end=\"904\" data-immersive-translate-walked=\"64872b6c-5c31-4eba-b48d-fef384ed5eed\">\n<p class=\"\" data-start=\"766\" data-end=\"904\" data-immersive-translate-walked=\"64872b6c-5c31-4eba-b48d-fef384ed5eed\" data-immersive-translate-paragraph=\"1\">Batteria: La batteria da 500 mAh garantisce prestazioni affidabili e pu\u00f2 essere ricaricata rapidamente grazie alla moderna porta Type-C.<\/p>\n<\/li>\n<li class=\"\" data-start=\"905\" data-end=\"1025\" data-immersive-translate-walked=\"64872b6c-5c31-4eba-b48d-fef384ed5eed\">\n<p class=\"\" data-start=\"907\" data-end=\"1025\" data-immersive-translate-walked=\"64872b6c-5c31-4eba-b48d-fef384ed5eed\" data-immersive-translate-paragraph=\"1\">Opzioni di Nicotina: Scegli tra 0%, 2%, 3% o 5% di nicotina per personalizzare l'esperienza di svapo secondo le tue preferenze.<\/p>\n<\/li>\n<\/ul>\n<h4 data-start=\"1027\" data-end=\"1065\" data-immersive-translate-walked=\"64872b6c-5c31-4eba-b48d-fef384ed5eed\" data-immersive-translate-paragraph=\"1\">Funzioni e Design Unici<\/h4>\n<ul data-start=\"1067\" data-end=\"1642\" data-immersive-translate-walked=\"64872b6c-5c31-4eba-b48d-fef384ed5eed\">\n<li class=\"\" data-start=\"1067\" data-end=\"1344\" data-immersive-translate-walked=\"64872b6c-5c31-4eba-b48d-fef384ed5eed\">\n<p class=\"\" data-start=\"1069\" data-end=\"1344\" data-immersive-translate-walked=\"64872b6c-5c31-4eba-b48d-fef384ed5eed\" data-immersive-translate-paragraph=\"1\">Display Dinamico: La Bang Tick Tock 20000 Puffs si distingue per il suo innovativo display dinamico. Questo display mostra non solo lo stato della batteria, ma crea anche un effetto visivo speciale \u2013 le ruote dentate ruotano durante lo svapo in modalit\u00e0 dinamica.<\/p>\n<\/li>\n<li class=\"\" data-start=\"1345\" data-end=\"1642\" data-immersive-translate-walked=\"64872b6c-5c31-4eba-b48d-fef384ed5eed\">\n<p class=\"\" data-start=\"1347\" data-end=\"1642\" data-immersive-translate-walked=\"64872b6c-5c31-4eba-b48d-fef384ed5eed\" data-immersive-translate-paragraph=\"1\">Due Modalit\u00e0 di Vaping: Gli utenti possono scegliere tra due modalit\u00e0 di svapo. In modalit\u00e0 dinamica, il sistema di ingranaggi ruota durante lo svapo, mentre la modalit\u00e0 silenziosa si attiva con un soffio triplo entro due secondi. Queste funzioni offrono un'esperienza di svapo su misura.<\/p>\n<\/li>\n<\/ul>\n<h4 data-start=\"1644\" data-end=\"1677\" data-immersive-translate-walked=\"64872b6c-5c31-4eba-b48d-fef384ed5eed\" data-immersive-translate-paragraph=\"1\">Gusto ed Esperienza di Vaping<\/h4>\n<ul data-start=\"1679\" data-end=\"2107\" data-immersive-translate-walked=\"64872b6c-5c31-4eba-b48d-fef384ed5eed\">\n<li class=\"\" data-start=\"1679\" data-end=\"1881\" data-immersive-translate-walked=\"64872b6c-5c31-4eba-b48d-fef384ed5eed\">\n<p class=\"\" data-start=\"1681\" data-end=\"1881\" data-immersive-translate-walked=\"64872b6c-5c31-4eba-b48d-fef384ed5eed\" data-immersive-translate-paragraph=\"1\">Vaping MTL: La Bang Tick Tock 20000 Puffs \u00e8 stata appositamente progettata per il vaping MTL (Mouth-to-Lung), che permette un'inalazione piacevole e delicata \u2013 ideale per lo stile di svapo tradizionale.<\/p>\n<\/li>\n<li class=\"\" data-start=\"1882\" data-end=\"2107\" data-immersive-translate-walked=\"64872b6c-5c31-4eba-b48d-fef384ed5eed\">\n<p class=\"\" data-start=\"1884\" data-end=\"2107\" data-immersive-translate-walked=\"64872b6c-5c31-4eba-b48d-fef384ed5eed\" data-immersive-translate-paragraph=\"1\">Gusto Frutta Mista: Il gusto frutta mista offre una nota rinfrescante e fruttata, che garantisce un'esperienza di svapo piacevole per ore. Perfetta per chi cerca un'esplosione di sapori fruttati.<\/p>\n<\/li>\n<\/ul>\n<h4 data-start=\"2109\" data-end=\"2134\" data-immersive-translate-walked=\"64872b6c-5c31-4eba-b48d-fef384ed5eed\" data-immersive-translate-paragraph=\"1\">Spedizione e Consegna<\/h4>\n<p class=\"\" data-start=\"2136\" data-end=\"2415\" data-immersive-translate-walked=\"64872b6c-5c31-4eba-b48d-fef384ed5eed\" data-immersive-translate-paragraph=\"1\">Un altro vantaggio della Bang Tick Tock 20000 Puffs \u00e8 la spedizione semplice e veloce entro Deutschland. I clienti possono aspettarsi una consegna rapida entro 7-15 giorni lavorativi. Inoltre, beneficia di una consegna esente da tasse, rendendo l'acquisto ancora pi\u00f9 piacevole.<\/p>\n<h4 data-start=\"2417\" data-end=\"2458\" data-immersive-translate-walked=\"64872b6c-5c31-4eba-b48d-fef384ed5eed\" data-immersive-translate-paragraph=\"1\">Perch\u00e9 scegliere la Bang Tick Tock 20000 Puffs?<\/h4>\n<p class=\"\" data-start=\"2460\" data-end=\"2976\" data-immersive-translate-walked=\"64872b6c-5c31-4eba-b48d-fef384ed5eed\" data-immersive-translate-paragraph=\"1\">La Bang Tick Tock 20000 Puffs \u00e8 la scelta perfetta per svapatori che cercano una sigaretta elettronica durevole, potente e facile da usare. Con una lunga capacit\u00e0 di E-Liquid, una batteria efficiente e funzioni innovative come il display dinamico e le diverse modalit\u00e0 di svapo, questa sigaretta elettronica offre un'esperienza di svapo eccezionale. Che tu cerchi un gusto fruttato o una tecnologia straordinaria, la Bang Tick Tock 20000 Puffs non ti deluder\u00e0.<\/p>\n<p>&nbsp;<\/p>","protected":false},"excerpt":{"rendered":"<p>Bang Tick Tock 20000 Puffs: La nuova dimensione del vapore. La Bang Tick Tock 20000 Puffs stabilisce nuovi standard per sigarette elettroniche usa e getta e conquista con...<\/p>","protected":false},"featured_media":6569,"template":"","meta":[],"etheme_brands":[],"product_brand":[101],"product_cat":[54,49,61],"product_tag":[],"class_list":{"0":"post-6587","1":"product","2":"type-product","3":"status-publish","4":"has-post-thumbnail","6":"product_brand-bang-king-vape","7":"product_cat-vape-20000-zuege","8":"product_cat-einweg-e-zigarette","9":"product_cat-f","11":"first","12":"instock","13":"shipping-taxable","14":"purchasable","15":"product-type-simple"},"yoast_head":"<!-- This site is optimized with the Yoast SEO plugin v26.5 - https:\/\/yoast.com\/wordpress\/plugins\/seo\/ -->\n<title>Mix Fruit In Bang Tick Tock 20000 Puffs Hohe Qualit\u00e4t G\u00fcnstiger Preis | Vapingnet.de<\/title>\n<meta name=\"description\" content=\"Entdecke Mix Fruit In Bang Tick Tock 20000 Puffs Hohe Qualit\u00e4t G\u00fcnstiger Preis bei vapingnet.de, \u25ba Gro\u00dfe Auswahl an Geschmacksrichtungen &amp; super g\u00fcnstig!\" \/>\n<meta name=\"robots\" content=\"index, follow, max-snippet:-1, max-image-preview:large, max-video-preview:-1\" \/>\n<link rel=\"canonical\" href=\"https:\/\/vapingnet.de\/it\/vape\/mix-fruit-in-bang-tick-tock-20000-puffs-hohe-qualitaet-guenstiger-preis\/\" \/>\n<meta property=\"og:locale\" content=\"it_IT\" \/>\n<meta property=\"og:type\" content=\"article\" \/>\n<meta property=\"og:title\" content=\"Mix Fruit In Bang Tick Tock 20000 Puffs Hohe Qualit\u00e4t G\u00fcnstiger Preis | Vapingnet.de\" \/>\n<meta property=\"og:description\" content=\"Entdecke Mix Fruit In Bang Tick Tock 20000 Puffs Hohe Qualit\u00e4t G\u00fcnstiger Preis bei vapingnet.de, \u25ba Gro\u00dfe Auswahl an Geschmacksrichtungen &amp; super g\u00fcnstig!\" \/>\n<meta property=\"og:url\" content=\"https:\/\/vapingnet.de\/it\/vape\/mix-fruit-in-bang-tick-tock-20000-puffs-hohe-qualitaet-guenstiger-preis\/\" \/>\n<meta property=\"og:site_name\" content=\"Vapingnet.de\" \/>\n<meta property=\"article:publisher\" content=\"https:\/\/www.facebook.com\/vapingnetde\/\" \/>\n<meta property=\"article:modified_time\" content=\"2025-06-19T03:39:22+00:00\" \/>\n<meta property=\"og:image\" content=\"https:\/\/vapingnet.de\/wp-content\/uploads\/2025\/04\/Mix-Fruit.webp\" \/>\n\t<meta property=\"og:image:width\" content=\"1000\" \/>\n\t<meta property=\"og:image:height\" content=\"1000\" \/>\n\t<meta property=\"og:image:type\" content=\"image\/webp\" \/>\n<meta name=\"twitter:card\" content=\"summary_large_image\" \/>\n<meta name=\"twitter:label1\" content=\"Est. reading time\" \/>\n\t<meta name=\"twitter:data1\" content=\"3 minutes\" \/>\n<script type=\"application\/ld+json\" class=\"yoast-schema-graph\">{\"@context\":\"https:\/\/schema.org\",\"@graph\":[{\"@type\":\"WebPage\",\"@id\":\"https:\/\/vapingnet.de\/vape\/mix-fruit-in-bang-tick-tock-20000-puffs-hohe-qualitaet-guenstiger-preis\/\",\"url\":\"https:\/\/vapingnet.de\/vape\/mix-fruit-in-bang-tick-tock-20000-puffs-hohe-qualitaet-guenstiger-preis\/\",\"name\":\"Mix Fruit In Bang Tick Tock 20000 Puffs Hohe Qualit\u00e4t G\u00fcnstiger Preis | Vapingnet.de\",\"isPartOf\":{\"@id\":\"https:\/\/vapingnet.de\/#website\"},\"primaryImageOfPage\":{\"@id\":\"https:\/\/vapingnet.de\/vape\/mix-fruit-in-bang-tick-tock-20000-puffs-hohe-qualitaet-guenstiger-preis\/#primaryimage\"},\"image\":{\"@id\":\"https:\/\/vapingnet.de\/vape\/mix-fruit-in-bang-tick-tock-20000-puffs-hohe-qualitaet-guenstiger-preis\/#primaryimage\"},\"thumbnailUrl\":\"https:\/\/vapingnet.de\/wp-content\/uploads\/2025\/04\/Mix-Fruit.webp\",\"datePublished\":\"2025-04-27T08:01:57+00:00\",\"dateModified\":\"2025-06-19T03:39:22+00:00\",\"description\":\"Entdecke Mix Fruit In Bang Tick Tock 20000 Puffs Hohe Qualit\u00e4t G\u00fcnstiger Preis bei vapingnet.de, \u25ba Gro\u00dfe Auswahl an Geschmacksrichtungen & super g\u00fcnstig!\",\"breadcrumb\":{\"@id\":\"https:\/\/vapingnet.de\/vape\/mix-fruit-in-bang-tick-tock-20000-puffs-hohe-qualitaet-guenstiger-preis\/#breadcrumb\"},\"inLanguage\":\"it-IT\",\"potentialAction\":[{\"@type\":\"ReadAction\",\"target\":[\"https:\/\/vapingnet.de\/vape\/mix-fruit-in-bang-tick-tock-20000-puffs-hohe-qualitaet-guenstiger-preis\/\"]}]},{\"@type\":\"ImageObject\",\"inLanguage\":\"it-IT\",\"@id\":\"https:\/\/vapingnet.de\/vape\/mix-fruit-in-bang-tick-tock-20000-puffs-hohe-qualitaet-guenstiger-preis\/#primaryimage\",\"url\":\"https:\/\/vapingnet.de\/wp-content\/uploads\/2025\/04\/Mix-Fruit.webp\",\"contentUrl\":\"https:\/\/vapingnet.de\/wp-content\/uploads\/2025\/04\/Mix-Fruit.webp\",\"width\":1000,\"height\":1000},{\"@type\":\"BreadcrumbList\",\"@id\":\"https:\/\/vapingnet.de\/vape\/mix-fruit-in-bang-tick-tock-20000-puffs-hohe-qualitaet-guenstiger-preis\/#breadcrumb\",\"itemListElement\":[{\"@type\":\"ListItem\",\"position\":1,\"name\":\"Home\",\"item\":\"https:\/\/vapingnet.de\/\"},{\"@type\":\"ListItem\",\"position\":2,\"name\":\"Shop\",\"item\":\"https:\/\/vapingnet.de\/vape\/\"},{\"@type\":\"ListItem\",\"position\":3,\"name\":\"Mix Fruit In Bang Tick Tock 20000 Puffs Hohe Qualit\u00e4t G\u00fcnstiger Preis\"}]},{\"@type\":\"WebSite\",\"@id\":\"https:\/\/vapingnet.de\/#website\",\"url\":\"https:\/\/vapingnet.de\/\",\"name\":\"Vapingnet.de\",\"description\":\"\",\"publisher\":{\"@id\":\"https:\/\/vapingnet.de\/#organization\"},\"potentialAction\":[{\"@type\":\"SearchAction\",\"target\":{\"@type\":\"EntryPoint\",\"urlTemplate\":\"https:\/\/vapingnet.de\/?s={search_term_string}\"},\"query-input\":{\"@type\":\"PropertyValueSpecification\",\"valueRequired\":true,\"valueName\":\"search_term_string\"}}],\"inLanguage\":\"it-IT\"},{\"@type\":\"Organization\",\"@id\":\"https:\/\/vapingnet.de\/#organization\",\"name\":\"Vapingnet.de\",\"url\":\"https:\/\/vapingnet.de\/\",\"logo\":{\"@type\":\"ImageObject\",\"inLanguage\":\"it-IT\",\"@id\":\"https:\/\/vapingnet.de\/#\/schema\/logo\/image\/\",\"url\":\"https:\/\/vapingnet.de\/wp-content\/uploads\/2025\/03\/cropped-vapingnet.de_.jpg\",\"contentUrl\":\"https:\/\/vapingnet.de\/wp-content\/uploads\/2025\/03\/cropped-vapingnet.de_.jpg\",\"width\":512,\"height\":512,\"caption\":\"Vapingnet.de\"},\"image\":{\"@id\":\"https:\/\/vapingnet.de\/#\/schema\/logo\/image\/\"},\"sameAs\":[\"https:\/\/www.facebook.com\/vapingnetde\/\"]}]}<\/script>\n<!-- \/ Yoast SEO plugin. -->","yoast_head_json":{"title":"Mix Fruit In Bang Tick Tock 20000 Puffs Hohe Qualit\u00e4t G\u00fcnstiger Preis | Vapingnet.de","description":"Entdecke Mix Fruit In Bang Tick Tock 20000 Puffs Hohe Qualit\u00e4t G\u00fcnstiger Preis bei vapingnet.de, \u25ba Gro\u00dfe Auswahl an Geschmacksrichtungen & super g\u00fcnstig!","robots":{"index":"index","follow":"follow","max-snippet":"max-snippet:-1","max-image-preview":"max-image-preview:large","max-video-preview":"max-video-preview:-1"},"canonical":"https:\/\/vapingnet.de\/it\/vape\/mix-fruit-in-bang-tick-tock-20000-puffs-hohe-qualitaet-guenstiger-preis\/","og_locale":"it_IT","og_type":"article","og_title":"Mix Fruit In Bang Tick Tock 20000 Puffs Hohe Qualit\u00e4t G\u00fcnstiger Preis | Vapingnet.de","og_description":"Entdecke Mix Fruit In Bang Tick Tock 20000 Puffs Hohe Qualit\u00e4t G\u00fcnstiger Preis bei vapingnet.de, \u25ba Gro\u00dfe Auswahl an Geschmacksrichtungen & super g\u00fcnstig!","og_url":"https:\/\/vapingnet.de\/it\/vape\/mix-fruit-in-bang-tick-tock-20000-puffs-hohe-qualitaet-guenstiger-preis\/","og_site_name":"Vapingnet.de","article_publisher":"https:\/\/www.facebook.com\/vapingnetde\/","article_modified_time":"2025-06-19T03:39:22+00:00","og_image":[{"width":1000,"height":1000,"url":"https:\/\/vapingnet.de\/wp-content\/uploads\/2025\/04\/Mix-Fruit.webp","type":"image\/webp"}],"twitter_card":"summary_large_image","twitter_misc":{"Est. reading time":"3 minutes"},"schema":{"@context":"https:\/\/schema.org","@graph":[{"@type":"WebPage","@id":"https:\/\/vapingnet.de\/vape\/mix-fruit-in-bang-tick-tock-20000-puffs-hohe-qualitaet-guenstiger-preis\/","url":"https:\/\/vapingnet.de\/vape\/mix-fruit-in-bang-tick-tock-20000-puffs-hohe-qualitaet-guenstiger-preis\/","name":"Mix Fruit In Bang Tick Tock 20000 Puffs Hohe Qualit\u00e4t G\u00fcnstiger Preis | Vapingnet.de","isPartOf":{"@id":"https:\/\/vapingnet.de\/#website"},"primaryImageOfPage":{"@id":"https:\/\/vapingnet.de\/vape\/mix-fruit-in-bang-tick-tock-20000-puffs-hohe-qualitaet-guenstiger-preis\/#primaryimage"},"image":{"@id":"https:\/\/vapingnet.de\/vape\/mix-fruit-in-bang-tick-tock-20000-puffs-hohe-qualitaet-guenstiger-preis\/#primaryimage"},"thumbnailUrl":"https:\/\/vapingnet.de\/wp-content\/uploads\/2025\/04\/Mix-Fruit.webp","datePublished":"2025-04-27T08:01:57+00:00","dateModified":"2025-06-19T03:39:22+00:00","description":"Entdecke Mix Fruit In Bang Tick Tock 20000 Puffs Hohe Qualit\u00e4t G\u00fcnstiger Preis bei vapingnet.de, \u25ba Gro\u00dfe Auswahl an Geschmacksrichtungen & super g\u00fcnstig!","breadcrumb":{"@id":"https:\/\/vapingnet.de\/vape\/mix-fruit-in-bang-tick-tock-20000-puffs-hohe-qualitaet-guenstiger-preis\/#breadcrumb"},"inLanguage":"it-IT","potentialAction":[{"@type":"ReadAction","target":["https:\/\/vapingnet.de\/vape\/mix-fruit-in-bang-tick-tock-20000-puffs-hohe-qualitaet-guenstiger-preis\/"]}]},{"@type":"ImageObject","inLanguage":"it-IT","@id":"https:\/\/vapingnet.de\/vape\/mix-fruit-in-bang-tick-tock-20000-puffs-hohe-qualitaet-guenstiger-preis\/#primaryimage","url":"https:\/\/vapingnet.de\/wp-content\/uploads\/2025\/04\/Mix-Fruit.webp","contentUrl":"https:\/\/vapingnet.de\/wp-content\/uploads\/2025\/04\/Mix-Fruit.webp","width":1000,"height":1000},{"@type":"BreadcrumbList","@id":"https:\/\/vapingnet.de\/vape\/mix-fruit-in-bang-tick-tock-20000-puffs-hohe-qualitaet-guenstiger-preis\/#breadcrumb","itemListElement":[{"@type":"ListItem","position":1,"name":"Home","item":"https:\/\/vapingnet.de\/"},{"@type":"ListItem","position":2,"name":"Shop","item":"https:\/\/vapingnet.de\/vape\/"},{"@type":"ListItem","position":3,"name":"Mix Fruit In Bang Tick Tock 20000 Puffs Hohe Qualit\u00e4t G\u00fcnstiger Preis"}]},{"@type":"WebSite","@id":"https:\/\/vapingnet.de\/#website","url":"https:\/\/vapingnet.de\/","name":"Vapingnet.de","description":"","publisher":{"@id":"https:\/\/vapingnet.de\/#organization"},"potentialAction":[{"@type":"SearchAction","target":{"@type":"EntryPoint","urlTemplate":"https:\/\/vapingnet.de\/?s={search_term_string}"},"query-input":{"@type":"PropertyValueSpecification","valueRequired":true,"valueName":"search_term_string"}}],"inLanguage":"it-IT"},{"@type":"Organization","@id":"https:\/\/vapingnet.de\/#organization","name":"Vapingnet.de","url":"https:\/\/vapingnet.de\/","logo":{"@type":"ImageObject","inLanguage":"it-IT","@id":"https:\/\/vapingnet.de\/#\/schema\/logo\/image\/","url":"https:\/\/vapingnet.de\/wp-content\/uploads\/2025\/03\/cropped-vapingnet.de_.jpg","contentUrl":"https:\/\/vapingnet.de\/wp-content\/uploads\/2025\/03\/cropped-vapingnet.de_.jpg","width":512,"height":512,"caption":"Vapingnet.de"},"image":{"@id":"https:\/\/vapingnet.de\/#\/schema\/logo\/image\/"},"sameAs":["https:\/\/www.facebook.com\/vapingnetde\/"]}]}},"tiered_pricing_type":"fixed","tiered_pricing_fixed_rules":{"10":"10.44","60":"9.4","110":"8.35","200":"7.31"},"tiered_pricing_product_settings":{"layout":"default","base_unit_name":{"singular":null,"plural":null},"default_variation":null},"tiered_pricing_minimum_quantity":null,"tiered_pricing_roles_data":[],"tiered_pricing_percentage_rules":[],"_links":{"self":[{"href":"https:\/\/vapingnet.de\/it\/wp-json\/wp\/v2\/product\/6587","targetHints":{"allow":["GET"]}}],"collection":[{"href":"https:\/\/vapingnet.de\/it\/wp-json\/wp\/v2\/product"}],"about":[{"href":"https:\/\/vapingnet.de\/it\/wp-json\/wp\/v2\/types\/product"}],"version-history":[{"count":1,"href":"https:\/\/vapingnet.de\/it\/wp-json\/wp\/v2\/product\/6587\/revisions"}],"predecessor-version":[{"id":6594,"href":"https:\/\/vapingnet.de\/it\/wp-json\/wp\/v2\/product\/6587\/revisions\/6594"}],"wp:featuredmedia":[{"embeddable":true,"href":"https:\/\/vapingnet.de\/it\/wp-json\/wp\/v2\/media\/6569"}],"wp:attachment":[{"href":"https:\/\/vapingnet.de\/it\/wp-json\/wp\/v2\/media?parent=6587"}],"wp:term":[{"taxonomy":"brand","embeddable":true,"href":"https:\/\/vapingnet.de\/it\/wp-json\/wp\/v2\/etheme_brands?post=6587"},{"taxonomy":"product_brand","embeddable":true,"href":"https:\/\/vapingnet.de\/it\/wp-json\/wp\/v2\/product_brand?post=6587"},{"taxonomy":"product_cat","embeddable":true,"href":"https:\/\/vapingnet.de\/it\/wp-json\/wp\/v2\/product_cat?post=6587"},{"taxonomy":"product_tag","embeddable":true,"href":"https:\/\/vapingnet.de\/it\/wp-json\/wp\/v2\/product_tag?post=6587"}],"curies":[{"name":"wp","href":"https:\/\/api.w.org\/{rel}","templated":true}]}}