{"id":6588,"date":"2025-04-27T08:01:58","date_gmt":"2025-04-27T08:01:58","guid":{"rendered":"https:\/\/vapingnet.de\/?post_type=product&#038;p=6588"},"modified":"2025-06-19T03:39:22","modified_gmt":"2025-06-19T03:39:22","slug":"erlebe-die-exklusivitaet-von-blueberry-ice-in-bang-tick-tock-20000-puffs","status":"publish","type":"product","link":"https:\/\/vapingnet.de\/it\/vape\/erlebe-die-exklusivitaet-von-blueberry-ice-in-bang-tick-tock-20000-puffs\/","title":{"rendered":"Vivi l'esclusivit\u00e0 di Blueberry Ice in Bang Tick Tock 20000 Puffs"},"content":{"rendered":"<h2 data-start=\"0\" data-end=\"89\" data-immersive-translate-walked=\"3e1f7feb-41af-4c1b-80a9-37e9f110835c\">Bang Tick Tock 20000 Puffs \u2013 L'esperienza di svapo definitiva in una sigaretta elettronica usa e getta<\/h2>\n<p class=\"\" data-start=\"91\" data-end=\"396\" data-immersive-translate-walked=\"3e1f7feb-41af-4c1b-80a9-37e9f110835c\" data-immersive-translate-paragraph=\"1\">La Bang Tick Tock 20000 Puffs sigaretta elettronica usa e getta \u00e8 la scelta perfetta per gli svapatori che cercano un prodotto potente e facile da usare. Con funzioni innovative, una capacit\u00e0 elevata di e-liquid e un gusto rinfrescante, questo modello offre un'esperienza di svapo straordinaria.<\/p>\n<h3 class=\"\" data-start=\"398\" data-end=\"428\" data-immersive-translate-walked=\"3e1f7feb-41af-4c1b-80a9-37e9f110835c\" data-immersive-translate-paragraph=\"1\">Specifiche tecniche<\/h3>\n<ul data-start=\"430\" data-end=\"1141\" data-immersive-translate-walked=\"3e1f7feb-41af-4c1b-80a9-37e9f110835c\">\n<li class=\"\" data-start=\"430\" data-end=\"607\" data-immersive-translate-walked=\"3e1f7feb-41af-4c1b-80a9-37e9f110835c\">\n<p class=\"\" data-start=\"432\" data-end=\"607\" data-immersive-translate-walked=\"3e1f7feb-41af-4c1b-80a9-37e9f110835c\" data-immersive-translate-paragraph=\"1\">Mesh Coil (1,0 Ohm): La coil in mesh da 1,0 Ohm garantisce una vaporizzazione uniforme e intensa, portando a un sapore eccellente e a una nuvola di vapore densa.<\/p>\n<\/li>\n<li class=\"\" data-start=\"608\" data-end=\"792\" data-immersive-translate-walked=\"3e1f7feb-41af-4c1b-80a9-37e9f110835c\">\n<p class=\"\" data-start=\"610\" data-end=\"792\" data-immersive-translate-walked=\"3e1f7feb-41af-4c1b-80a9-37e9f110835c\" data-immersive-translate-paragraph=\"1\">Capacit\u00e0 di E-Liquid (25 ml): Con una generosa capacit\u00e0 di 25 ml di e-liquid, questa sigaretta elettronica usa e getta offre una lunga durata d'uso, cos\u00ec non dovrai ricaricare frequentemente.<\/p>\n<\/li>\n<li class=\"\" data-start=\"793\" data-end=\"950\" data-immersive-translate-walked=\"3e1f7feb-41af-4c1b-80a9-37e9f110835c\">\n<p class=\"\" data-start=\"795\" data-end=\"950\" data-immersive-translate-walked=\"3e1f7feb-41af-4c1b-80a9-37e9f110835c\" data-immersive-translate-paragraph=\"1\">Batteria (500 mAh): La batteria da 500 mAh fornisce l'energia necessaria per prestazioni stabili e ti permette di svapare a lungo senza interruzioni.<\/p>\n<\/li>\n<li class=\"\" data-start=\"951\" data-end=\"1141\" data-immersive-translate-walked=\"3e1f7feb-41af-4c1b-80a9-37e9f110835c\">\n<p class=\"\" data-start=\"953\" data-end=\"1141\" data-immersive-translate-walked=\"3e1f7feb-41af-4c1b-80a9-37e9f110835c\" data-immersive-translate-paragraph=\"1\">Connettore di ricarica (Tipo-C): Il connettore di ricarica di tipo C permette una ricarica rapida e semplice del dispositivo, cos\u00ec puoi dedicare pi\u00f9 tempo allo svapo e meno alla ricarica.<\/p>\n<\/li>\n<\/ul>\n<h4 data-start=\"1143\" data-end=\"1193\" data-immersive-translate-walked=\"3e1f7feb-41af-4c1b-80a9-37e9f110835c\" data-immersive-translate-paragraph=\"1\">Due modalit\u00e0 per diverse esperienze di svapo<\/h4>\n<p class=\"\" data-start=\"1195\" data-end=\"1348\" data-immersive-translate-walked=\"3e1f7feb-41af-4c1b-80a9-37e9f110835c\" data-immersive-translate-paragraph=\"1\">La Bang Tick Tock 20000 Puffs offre due diverse modalit\u00e0 di vaping, che ti danno la libert\u00e0 di personalizzare l'esperienza di svapo secondo i tuoi desideri:<\/p>\n<ul data-start=\"1350\" data-end=\"1657\" data-immersive-translate-walked=\"3e1f7feb-41af-4c1b-80a9-37e9f110835c\">\n<li class=\"\" data-start=\"1350\" data-end=\"1500\" data-immersive-translate-walked=\"3e1f7feb-41af-4c1b-80a9-37e9f110835c\">\n<p class=\"\" data-start=\"1352\" data-end=\"1500\" data-immersive-translate-walked=\"3e1f7feb-41af-4c1b-80a9-37e9f110835c\" data-immersive-translate-paragraph=\"1\">Modalit\u00e0 dinamica: In questa modalit\u00e0, i ingranaggi si muovono durante lo svapo, conferendo un elemento visivo emozionante all'esperienza.<\/p>\n<\/li>\n<li class=\"\" data-start=\"1501\" data-end=\"1657\" data-immersive-translate-walked=\"3e1f7feb-41af-4c1b-80a9-37e9f110835c\">\n<p class=\"\" data-start=\"1503\" data-end=\"1657\" data-immersive-translate-walked=\"3e1f7feb-41af-4c1b-80a9-37e9f110835c\" data-immersive-translate-paragraph=\"1\">Modalit\u00e0 silenziosa: Preferisci svapare in modo discreto? La modalit\u00e0 silenziosa ferma gli ingranaggi con soli tre rapidi tratti in due secondi.<\/p>\n<\/li>\n<\/ul>\n<h4 data-start=\"1659\" data-end=\"1692\" data-immersive-translate-walked=\"3e1f7feb-41af-4c1b-80a9-37e9f110835c\" data-immersive-translate-paragraph=\"1\">Gusto e opzioni di nicotina<\/h4>\n<p class=\"\" data-start=\"1694\" data-end=\"1919\" data-immersive-translate-walked=\"3e1f7feb-41af-4c1b-80a9-37e9f110835c\" data-immersive-translate-paragraph=\"1\">La Bang Tick Tock 20000 Puffs \u00e8 dotata di un delizioso gusto Blueberry Ice, che offre un equilibrio perfetto tra mirtillo dolce e freschezza rinfrescante. Ideale per un piacere di svapo rinfrescante.<\/p>\n<p class=\"\" data-start=\"1921\" data-end=\"2030\" data-immersive-translate-walked=\"3e1f7feb-41af-4c1b-80a9-37e9f110835c\" data-immersive-translate-paragraph=\"1\">Per gli svapatori che desiderano controllare l'assunzione di nicotina, sono disponibili diverse concentrazioni di nicotina:<\/p>\n<ul data-start=\"2032\" data-end=\"2051\" data-immersive-translate-walked=\"3e1f7feb-41af-4c1b-80a9-37e9f110835c\">\n<li class=\"\" data-start=\"2032\" data-end=\"2036\" data-immersive-translate-walked=\"3e1f7feb-41af-4c1b-80a9-37e9f110835c\">\n<p class=\"\" data-start=\"2034\" data-end=\"2036\" data-immersive-translate-walked=\"3e1f7feb-41af-4c1b-80a9-37e9f110835c\">0%<\/p>\n<\/li>\n<li class=\"\" data-start=\"2037\" data-end=\"2041\" data-immersive-translate-walked=\"3e1f7feb-41af-4c1b-80a9-37e9f110835c\">\n<p class=\"\" data-start=\"2039\" data-end=\"2041\" data-immersive-translate-walked=\"3e1f7feb-41af-4c1b-80a9-37e9f110835c\">2%<\/p>\n<\/li>\n<li class=\"\" data-start=\"2042\" data-end=\"2046\" data-immersive-translate-walked=\"3e1f7feb-41af-4c1b-80a9-37e9f110835c\">\n<p class=\"\" data-start=\"2044\" data-end=\"2046\" data-immersive-translate-walked=\"3e1f7feb-41af-4c1b-80a9-37e9f110835c\">3%<\/p>\n<\/li>\n<li class=\"\" data-start=\"2047\" data-end=\"2051\" data-immersive-translate-walked=\"3e1f7feb-41af-4c1b-80a9-37e9f110835c\">\n<p class=\"\" data-start=\"2049\" data-end=\"2051\" data-immersive-translate-walked=\"3e1f7feb-41af-4c1b-80a9-37e9f110835c\">5%<\/p>\n<\/li>\n<\/ul>\n<h4 data-start=\"2053\" data-end=\"2094\" data-immersive-translate-walked=\"3e1f7feb-41af-4c1b-80a9-37e9f110835c\" data-immersive-translate-paragraph=\"1\">Vaping MTL e facilit\u00e0 d'uso<\/h4>\n<p class=\"\" data-start=\"2096\" data-end=\"2424\" data-immersive-translate-walked=\"3e1f7feb-41af-4c1b-80a9-37e9f110835c\" data-immersive-translate-paragraph=\"1\">La Bang Tick Tock 20000 Puffs \u00e8 progettata per il vaping MTL (Mouth-to-Lung), rendendola ideale per gli svapatori che preferiscono la tecnica di inalazione classica. Il sistema attivato dal tiro assicura che la sigaretta elettronica si attivi automaticamente ad ogni tiro, rendendo l'uso particolarmente semplice e comodo.<\/p>\n<h4 data-start=\"2426\" data-end=\"2450\" data-immersive-translate-walked=\"3e1f7feb-41af-4c1b-80a9-37e9f110835c\" data-immersive-translate-paragraph=\"1\">Spedizione e vantaggi<\/h4>\n<p class=\"\" data-start=\"2452\" data-end=\"2513\" data-immersive-translate-walked=\"3e1f7feb-41af-4c1b-80a9-37e9f110835c\" data-immersive-translate-paragraph=\"1\">Gli ordini su vapingnet.de offrono numerosi vantaggi:<\/p>\n<ul data-start=\"2515\" data-end=\"2786\" data-immersive-translate-walked=\"3e1f7feb-41af-4c1b-80a9-37e9f110835c\">\n<li class=\"\" data-start=\"2515\" data-end=\"2637\" data-immersive-translate-walked=\"3e1f7feb-41af-4c1b-80a9-37e9f110835c\">\n<p class=\"\" data-start=\"2517\" data-end=\"2637\" data-immersive-translate-walked=\"3e1f7feb-41af-4c1b-80a9-37e9f110835c\" data-immersive-translate-paragraph=\"1\">Spedizione rapida: Il tempo di consegna \u00e8 generalmente di 7-15 giorni lavorativi, garantendo una disponibilit\u00e0 veloce.<\/p>\n<\/li>\n<li class=\"\" data-start=\"2638\" data-end=\"2786\" data-immersive-translate-walked=\"3e1f7feb-41af-4c1b-80a9-37e9f110835c\">\n<p class=\"\" data-start=\"2640\" data-end=\"2786\" data-immersive-translate-walked=\"3e1f7feb-41af-4c1b-80a9-37e9f110835c\" data-immersive-translate-paragraph=\"1\">Senza tasse: Acquistando tramite vapingnet.de non ci sono costi doganali o tasse aggiuntive, rendendo il processo di acquisto ancora pi\u00f9 piacevole.<\/p>\n<\/li>\n<\/ul>\n<p class=\"\" data-start=\"2799\" data-end=\"3254\" data-immersive-translate-walked=\"3e1f7feb-41af-4c1b-80a9-37e9f110835c\" data-immersive-translate-paragraph=\"1\">La Bang Tick Tock 20000 Puffs \u00e8 una sigaretta elettronica usa e getta eccezionale, che si distingue per la lunga capacit\u00e0 di e-liquid, il gusto versatile e le funzioni innovative. Che sia in modalit\u00e0 dinamica o silenziosa, l'esperienza di svapo \u00e8 sempre unica e confortevole. Con diverse opzioni di nicotina e un uso facile, \u00e8 la scelta perfetta per tutti gli svapatori che cercano un prodotto di alta qualit\u00e0.<\/p>","protected":false},"excerpt":{"rendered":"<p>Bang Tick Tock 20000 Puffs \u2013 Das ultimative Dampferlebnis in einer Einweg-E-Zigarette Die Bang Tick Tock 20000 Puffs Einweg-E-Zigarette ist die perfekte Wahl f\u00fcr Dampfer,&#8230;<\/p>","protected":false},"featured_media":6566,"template":"","meta":[],"etheme_brands":[],"product_brand":[101],"product_cat":[54,49,61],"product_tag":[],"class_list":{"0":"post-6588","1":"product","2":"type-product","3":"status-publish","4":"has-post-thumbnail","6":"product_brand-bang-king-vape","7":"product_cat-vape-20000-zuege","8":"product_cat-einweg-e-zigarette","9":"product_cat-f","11":"first","12":"instock","13":"shipping-taxable","14":"purchasable","15":"product-type-simple"},"yoast_head":"<!-- This site is optimized with the Yoast SEO plugin v26.5 - https:\/\/yoast.com\/wordpress\/plugins\/seo\/ -->\n<title>Erlebe Die Exklusivit\u00e4t Von Blueberry Ice In Bang Tick Tock 20000 Puffs | Vapingnet.de<\/title>\n<meta name=\"description\" content=\"Entdecke Erlebe Die Exklusivit\u00e4t Von Blueberry Ice In Bang Tick Tock 20000 Puffs bei vapingnet.de, \u25ba Gro\u00dfe Auswahl an Geschmacksrichtungen &amp; super g\u00fcnstig!\" \/>\n<meta name=\"robots\" content=\"index, follow, max-snippet:-1, max-image-preview:large, max-video-preview:-1\" \/>\n<link rel=\"canonical\" href=\"https:\/\/vapingnet.de\/it\/vape\/erlebe-die-exklusivitaet-von-blueberry-ice-in-bang-tick-tock-20000-puffs\/\" \/>\n<meta property=\"og:locale\" content=\"it_IT\" \/>\n<meta property=\"og:type\" content=\"article\" \/>\n<meta property=\"og:title\" content=\"Erlebe Die Exklusivit\u00e4t Von Blueberry Ice In Bang Tick Tock 20000 Puffs | Vapingnet.de\" \/>\n<meta property=\"og:description\" content=\"Entdecke Erlebe Die Exklusivit\u00e4t Von Blueberry Ice In Bang Tick Tock 20000 Puffs bei vapingnet.de, \u25ba Gro\u00dfe Auswahl an Geschmacksrichtungen &amp; super g\u00fcnstig!\" \/>\n<meta property=\"og:url\" content=\"https:\/\/vapingnet.de\/it\/vape\/erlebe-die-exklusivitaet-von-blueberry-ice-in-bang-tick-tock-20000-puffs\/\" \/>\n<meta property=\"og:site_name\" content=\"Vapingnet.de\" \/>\n<meta property=\"article:publisher\" content=\"https:\/\/www.facebook.com\/vapingnetde\/\" \/>\n<meta property=\"article:modified_time\" content=\"2025-06-19T03:39:22+00:00\" \/>\n<meta property=\"og:image\" content=\"https:\/\/vapingnet.de\/wp-content\/uploads\/2025\/04\/Blueberry-Ice.webp\" \/>\n\t<meta property=\"og:image:width\" content=\"1000\" \/>\n\t<meta property=\"og:image:height\" content=\"1000\" \/>\n\t<meta property=\"og:image:type\" content=\"image\/webp\" \/>\n<meta name=\"twitter:card\" content=\"summary_large_image\" \/>\n<meta name=\"twitter:label1\" content=\"Est. reading time\" \/>\n\t<meta name=\"twitter:data1\" content=\"3 minutes\" \/>\n<script type=\"application\/ld+json\" class=\"yoast-schema-graph\">{\"@context\":\"https:\/\/schema.org\",\"@graph\":[{\"@type\":\"WebPage\",\"@id\":\"https:\/\/vapingnet.de\/vape\/erlebe-die-exklusivitaet-von-blueberry-ice-in-bang-tick-tock-20000-puffs\/\",\"url\":\"https:\/\/vapingnet.de\/vape\/erlebe-die-exklusivitaet-von-blueberry-ice-in-bang-tick-tock-20000-puffs\/\",\"name\":\"Erlebe Die Exklusivit\u00e4t Von Blueberry Ice In Bang Tick Tock 20000 Puffs | Vapingnet.de\",\"isPartOf\":{\"@id\":\"https:\/\/vapingnet.de\/#website\"},\"primaryImageOfPage\":{\"@id\":\"https:\/\/vapingnet.de\/vape\/erlebe-die-exklusivitaet-von-blueberry-ice-in-bang-tick-tock-20000-puffs\/#primaryimage\"},\"image\":{\"@id\":\"https:\/\/vapingnet.de\/vape\/erlebe-die-exklusivitaet-von-blueberry-ice-in-bang-tick-tock-20000-puffs\/#primaryimage\"},\"thumbnailUrl\":\"https:\/\/vapingnet.de\/wp-content\/uploads\/2025\/04\/Blueberry-Ice.webp\",\"datePublished\":\"2025-04-27T08:01:58+00:00\",\"dateModified\":\"2025-06-19T03:39:22+00:00\",\"description\":\"Entdecke Erlebe Die Exklusivit\u00e4t Von Blueberry Ice In Bang Tick Tock 20000 Puffs bei vapingnet.de, \u25ba Gro\u00dfe Auswahl an Geschmacksrichtungen & super g\u00fcnstig!\",\"breadcrumb\":{\"@id\":\"https:\/\/vapingnet.de\/vape\/erlebe-die-exklusivitaet-von-blueberry-ice-in-bang-tick-tock-20000-puffs\/#breadcrumb\"},\"inLanguage\":\"it-IT\",\"potentialAction\":[{\"@type\":\"ReadAction\",\"target\":[\"https:\/\/vapingnet.de\/vape\/erlebe-die-exklusivitaet-von-blueberry-ice-in-bang-tick-tock-20000-puffs\/\"]}]},{\"@type\":\"ImageObject\",\"inLanguage\":\"it-IT\",\"@id\":\"https:\/\/vapingnet.de\/vape\/erlebe-die-exklusivitaet-von-blueberry-ice-in-bang-tick-tock-20000-puffs\/#primaryimage\",\"url\":\"https:\/\/vapingnet.de\/wp-content\/uploads\/2025\/04\/Blueberry-Ice.webp\",\"contentUrl\":\"https:\/\/vapingnet.de\/wp-content\/uploads\/2025\/04\/Blueberry-Ice.webp\",\"width\":1000,\"height\":1000},{\"@type\":\"BreadcrumbList\",\"@id\":\"https:\/\/vapingnet.de\/vape\/erlebe-die-exklusivitaet-von-blueberry-ice-in-bang-tick-tock-20000-puffs\/#breadcrumb\",\"itemListElement\":[{\"@type\":\"ListItem\",\"position\":1,\"name\":\"Home\",\"item\":\"https:\/\/vapingnet.de\/\"},{\"@type\":\"ListItem\",\"position\":2,\"name\":\"Shop\",\"item\":\"https:\/\/vapingnet.de\/vape\/\"},{\"@type\":\"ListItem\",\"position\":3,\"name\":\"Erlebe Die Exklusivit\u00e4t Von Blueberry Ice In Bang Tick Tock 20000 Puffs\"}]},{\"@type\":\"WebSite\",\"@id\":\"https:\/\/vapingnet.de\/#website\",\"url\":\"https:\/\/vapingnet.de\/\",\"name\":\"Vapingnet.de\",\"description\":\"\",\"publisher\":{\"@id\":\"https:\/\/vapingnet.de\/#organization\"},\"potentialAction\":[{\"@type\":\"SearchAction\",\"target\":{\"@type\":\"EntryPoint\",\"urlTemplate\":\"https:\/\/vapingnet.de\/?s={search_term_string}\"},\"query-input\":{\"@type\":\"PropertyValueSpecification\",\"valueRequired\":true,\"valueName\":\"search_term_string\"}}],\"inLanguage\":\"it-IT\"},{\"@type\":\"Organization\",\"@id\":\"https:\/\/vapingnet.de\/#organization\",\"name\":\"Vapingnet.de\",\"url\":\"https:\/\/vapingnet.de\/\",\"logo\":{\"@type\":\"ImageObject\",\"inLanguage\":\"it-IT\",\"@id\":\"https:\/\/vapingnet.de\/#\/schema\/logo\/image\/\",\"url\":\"https:\/\/vapingnet.de\/wp-content\/uploads\/2025\/03\/cropped-vapingnet.de_.jpg\",\"contentUrl\":\"https:\/\/vapingnet.de\/wp-content\/uploads\/2025\/03\/cropped-vapingnet.de_.jpg\",\"width\":512,\"height\":512,\"caption\":\"Vapingnet.de\"},\"image\":{\"@id\":\"https:\/\/vapingnet.de\/#\/schema\/logo\/image\/\"},\"sameAs\":[\"https:\/\/www.facebook.com\/vapingnetde\/\"]}]}<\/script>\n<!-- \/ Yoast SEO plugin. -->","yoast_head_json":{"title":"Erlebe Die Exklusivit\u00e4t Von Blueberry Ice In Bang Tick Tock 20000 Puffs | Vapingnet.de","description":"Entdecke Erlebe Die Exklusivit\u00e4t Von Blueberry Ice In Bang Tick Tock 20000 Puffs bei vapingnet.de, \u25ba Gro\u00dfe Auswahl an Geschmacksrichtungen & super g\u00fcnstig!","robots":{"index":"index","follow":"follow","max-snippet":"max-snippet:-1","max-image-preview":"max-image-preview:large","max-video-preview":"max-video-preview:-1"},"canonical":"https:\/\/vapingnet.de\/it\/vape\/erlebe-die-exklusivitaet-von-blueberry-ice-in-bang-tick-tock-20000-puffs\/","og_locale":"it_IT","og_type":"article","og_title":"Erlebe Die Exklusivit\u00e4t Von Blueberry Ice In Bang Tick Tock 20000 Puffs | Vapingnet.de","og_description":"Entdecke Erlebe Die Exklusivit\u00e4t Von Blueberry Ice In Bang Tick Tock 20000 Puffs bei vapingnet.de, \u25ba Gro\u00dfe Auswahl an Geschmacksrichtungen & super g\u00fcnstig!","og_url":"https:\/\/vapingnet.de\/it\/vape\/erlebe-die-exklusivitaet-von-blueberry-ice-in-bang-tick-tock-20000-puffs\/","og_site_name":"Vapingnet.de","article_publisher":"https:\/\/www.facebook.com\/vapingnetde\/","article_modified_time":"2025-06-19T03:39:22+00:00","og_image":[{"width":1000,"height":1000,"url":"https:\/\/vapingnet.de\/wp-content\/uploads\/2025\/04\/Blueberry-Ice.webp","type":"image\/webp"}],"twitter_card":"summary_large_image","twitter_misc":{"Est. reading time":"3 minutes"},"schema":{"@context":"https:\/\/schema.org","@graph":[{"@type":"WebPage","@id":"https:\/\/vapingnet.de\/vape\/erlebe-die-exklusivitaet-von-blueberry-ice-in-bang-tick-tock-20000-puffs\/","url":"https:\/\/vapingnet.de\/vape\/erlebe-die-exklusivitaet-von-blueberry-ice-in-bang-tick-tock-20000-puffs\/","name":"Erlebe Die Exklusivit\u00e4t Von Blueberry Ice In Bang Tick Tock 20000 Puffs | Vapingnet.de","isPartOf":{"@id":"https:\/\/vapingnet.de\/#website"},"primaryImageOfPage":{"@id":"https:\/\/vapingnet.de\/vape\/erlebe-die-exklusivitaet-von-blueberry-ice-in-bang-tick-tock-20000-puffs\/#primaryimage"},"image":{"@id":"https:\/\/vapingnet.de\/vape\/erlebe-die-exklusivitaet-von-blueberry-ice-in-bang-tick-tock-20000-puffs\/#primaryimage"},"thumbnailUrl":"https:\/\/vapingnet.de\/wp-content\/uploads\/2025\/04\/Blueberry-Ice.webp","datePublished":"2025-04-27T08:01:58+00:00","dateModified":"2025-06-19T03:39:22+00:00","description":"Entdecke Erlebe Die Exklusivit\u00e4t Von Blueberry Ice In Bang Tick Tock 20000 Puffs bei vapingnet.de, \u25ba Gro\u00dfe Auswahl an Geschmacksrichtungen & super g\u00fcnstig!","breadcrumb":{"@id":"https:\/\/vapingnet.de\/vape\/erlebe-die-exklusivitaet-von-blueberry-ice-in-bang-tick-tock-20000-puffs\/#breadcrumb"},"inLanguage":"it-IT","potentialAction":[{"@type":"ReadAction","target":["https:\/\/vapingnet.de\/vape\/erlebe-die-exklusivitaet-von-blueberry-ice-in-bang-tick-tock-20000-puffs\/"]}]},{"@type":"ImageObject","inLanguage":"it-IT","@id":"https:\/\/vapingnet.de\/vape\/erlebe-die-exklusivitaet-von-blueberry-ice-in-bang-tick-tock-20000-puffs\/#primaryimage","url":"https:\/\/vapingnet.de\/wp-content\/uploads\/2025\/04\/Blueberry-Ice.webp","contentUrl":"https:\/\/vapingnet.de\/wp-content\/uploads\/2025\/04\/Blueberry-Ice.webp","width":1000,"height":1000},{"@type":"BreadcrumbList","@id":"https:\/\/vapingnet.de\/vape\/erlebe-die-exklusivitaet-von-blueberry-ice-in-bang-tick-tock-20000-puffs\/#breadcrumb","itemListElement":[{"@type":"ListItem","position":1,"name":"Home","item":"https:\/\/vapingnet.de\/"},{"@type":"ListItem","position":2,"name":"Shop","item":"https:\/\/vapingnet.de\/vape\/"},{"@type":"ListItem","position":3,"name":"Erlebe Die Exklusivit\u00e4t Von Blueberry Ice In Bang Tick Tock 20000 Puffs"}]},{"@type":"WebSite","@id":"https:\/\/vapingnet.de\/#website","url":"https:\/\/vapingnet.de\/","name":"Vapingnet.de","description":"","publisher":{"@id":"https:\/\/vapingnet.de\/#organization"},"potentialAction":[{"@type":"SearchAction","target":{"@type":"EntryPoint","urlTemplate":"https:\/\/vapingnet.de\/?s={search_term_string}"},"query-input":{"@type":"PropertyValueSpecification","valueRequired":true,"valueName":"search_term_string"}}],"inLanguage":"it-IT"},{"@type":"Organization","@id":"https:\/\/vapingnet.de\/#organization","name":"Vapingnet.de","url":"https:\/\/vapingnet.de\/","logo":{"@type":"ImageObject","inLanguage":"it-IT","@id":"https:\/\/vapingnet.de\/#\/schema\/logo\/image\/","url":"https:\/\/vapingnet.de\/wp-content\/uploads\/2025\/03\/cropped-vapingnet.de_.jpg","contentUrl":"https:\/\/vapingnet.de\/wp-content\/uploads\/2025\/03\/cropped-vapingnet.de_.jpg","width":512,"height":512,"caption":"Vapingnet.de"},"image":{"@id":"https:\/\/vapingnet.de\/#\/schema\/logo\/image\/"},"sameAs":["https:\/\/www.facebook.com\/vapingnetde\/"]}]}},"tiered_pricing_type":"fixed","tiered_pricing_fixed_rules":{"10":"10.44","60":"9.4","110":"8.35","200":"7.31"},"tiered_pricing_product_settings":{"layout":"default","base_unit_name":{"singular":null,"plural":null},"default_variation":null},"tiered_pricing_minimum_quantity":null,"tiered_pricing_roles_data":[],"tiered_pricing_percentage_rules":[],"_links":{"self":[{"href":"https:\/\/vapingnet.de\/it\/wp-json\/wp\/v2\/product\/6588","targetHints":{"allow":["GET"]}}],"collection":[{"href":"https:\/\/vapingnet.de\/it\/wp-json\/wp\/v2\/product"}],"about":[{"href":"https:\/\/vapingnet.de\/it\/wp-json\/wp\/v2\/types\/product"}],"version-history":[{"count":1,"href":"https:\/\/vapingnet.de\/it\/wp-json\/wp\/v2\/product\/6588\/revisions"}],"predecessor-version":[{"id":6595,"href":"https:\/\/vapingnet.de\/it\/wp-json\/wp\/v2\/product\/6588\/revisions\/6595"}],"wp:featuredmedia":[{"embeddable":true,"href":"https:\/\/vapingnet.de\/it\/wp-json\/wp\/v2\/media\/6566"}],"wp:attachment":[{"href":"https:\/\/vapingnet.de\/it\/wp-json\/wp\/v2\/media?parent=6588"}],"wp:term":[{"taxonomy":"brand","embeddable":true,"href":"https:\/\/vapingnet.de\/it\/wp-json\/wp\/v2\/etheme_brands?post=6588"},{"taxonomy":"product_brand","embeddable":true,"href":"https:\/\/vapingnet.de\/it\/wp-json\/wp\/v2\/product_brand?post=6588"},{"taxonomy":"product_cat","embeddable":true,"href":"https:\/\/vapingnet.de\/it\/wp-json\/wp\/v2\/product_cat?post=6588"},{"taxonomy":"product_tag","embeddable":true,"href":"https:\/\/vapingnet.de\/it\/wp-json\/wp\/v2\/product_tag?post=6588"}],"curies":[{"name":"wp","href":"https:\/\/api.w.org\/{rel}","templated":true}]}}