{"id":6615,"date":"2025-04-29T02:53:16","date_gmt":"2025-04-29T02:53:16","guid":{"rendered":"https:\/\/vapingnet.de\/?post_type=product&#038;p=6615"},"modified":"2025-06-19T03:45:16","modified_gmt":"2025-06-19T03:45:16","slug":"kiwi-lime-der-geschmack-von-waspe-12000-puffs-jetzt-auch-zollfrei-und-direkt-verfuegbar","status":"publish","type":"product","link":"https:\/\/vapingnet.de\/it\/vape\/kiwi-lime-der-geschmack-von-waspe-12000-puffs-jetzt-auch-zollfrei-und-direkt-verfuegbar\/","title":{"rendered":"Kiwi Lime Il gusto di WASPE 12000 puff Ora anche senza dazi e disponibile direttamente"},"content":{"rendered":"<h2 data-start=\"0\" data-end=\"62\" data-immersive-translate-walked=\"96d77bb5-9971-4916-b8ce-688930dc4726\">WASPE 12000 Puff Disposable E-Cigarette \u2013 Gusto Kiwi Lime<\/h2>\n<p class=\"\" data-start=\"64\" data-end=\"350\" data-immersive-translate-walked=\"96d77bb5-9971-4916-b8ce-688930dc4726\" data-immersive-translate-paragraph=\"1\">La WASPE 12000 Puff Disposable E-Cigarette porta il livello successivo dell'esperienza di svapo. Con il suo aroma fruttato di Kiwi Lime e tecnologie moderne, \u00e8 ideale per gli svapatori che cercano alte prestazioni, comfort e gusto. Scopri cosa offre questo prodotto innovativo.<\/p>\n<h3>Panoramica del prodotto<\/h3>\n<p class=\"\" data-start=\"378\" data-end=\"669\" data-immersive-translate-walked=\"96d77bb5-9971-4916-b8ce-688930dc4726\" data-immersive-translate-paragraph=\"1\">La WASPE 12000 Puff \u00e8 una sigaretta elettronica usa e getta di alta qualit\u00e0, caratterizzata da lunghe durate di vapore e tecnologia facile da usare. \u00c8 particolarmente adatta a chi desidera gustare il sapore di kiwi e lime in una forma intensa e duratura.<\/p>\n<ul data-start=\"671\" data-end=\"1032\" data-immersive-translate-walked=\"96d77bb5-9971-4916-b8ce-688930dc4726\">\n<li class=\"\" data-start=\"671\" data-end=\"706\" data-immersive-translate-walked=\"96d77bb5-9971-4916-b8ce-688930dc4726\">\n<p class=\"\" data-start=\"673\" data-end=\"706\" data-immersive-translate-walked=\"96d77bb5-9971-4916-b8ce-688930dc4726\" data-immersive-translate-paragraph=\"1\">Contenuto di nicotina: 0%, 2%, 3%, 5%<\/p>\n<\/li>\n<li class=\"\" data-start=\"707\" data-end=\"737\" data-immersive-translate-walked=\"96d77bb5-9971-4916-b8ce-688930dc4726\">\n<p class=\"\" data-start=\"709\" data-end=\"737\" data-immersive-translate-walked=\"96d77bb5-9971-4916-b8ce-688930dc4726\" data-immersive-translate-paragraph=\"1\">Capacit\u00e0 di E-Liquid: 20ml<\/p>\n<\/li>\n<li class=\"\" data-start=\"738\" data-end=\"768\" data-immersive-translate-walked=\"96d77bb5-9971-4916-b8ce-688930dc4726\">\n<p class=\"\" data-start=\"740\" data-end=\"768\" data-immersive-translate-walked=\"96d77bb5-9971-4916-b8ce-688930dc4726\" data-immersive-translate-paragraph=\"1\">Puff: Fino a 12000 puff<\/p>\n<\/li>\n<li class=\"\" data-start=\"769\" data-end=\"787\" data-immersive-translate-walked=\"96d77bb5-9971-4916-b8ce-688930dc4726\">\n<p class=\"\" data-start=\"771\" data-end=\"787\" data-immersive-translate-walked=\"96d77bb5-9971-4916-b8ce-688930dc4726\" data-immersive-translate-paragraph=\"1\">Batteria: 650mAh<\/p>\n<\/li>\n<li class=\"\" data-start=\"788\" data-end=\"815\" data-immersive-translate-walked=\"96d77bb5-9971-4916-b8ce-688930dc4726\">\n<p class=\"\" data-start=\"790\" data-end=\"815\" data-immersive-translate-walked=\"96d77bb5-9971-4916-b8ce-688930dc4726\" data-immersive-translate-paragraph=\"1\">Punto di ricarica: Type-C<\/p>\n<\/li>\n<li class=\"\" data-start=\"816\" data-end=\"840\" data-immersive-translate-walked=\"96d77bb5-9971-4916-b8ce-688930dc4726\">\n<p class=\"\" data-start=\"818\" data-end=\"840\" data-immersive-translate-walked=\"96d77bb5-9971-4916-b8ce-688930dc4726\" data-immersive-translate-paragraph=\"1\">Resistenza: Mesh da 0,8 Ohm<\/p>\n<\/li>\n<li class=\"\" data-start=\"841\" data-end=\"876\" data-immersive-translate-walked=\"96d77bb5-9971-4916-b8ce-688930dc4726\">\n<p class=\"\" data-start=\"843\" data-end=\"876\" data-immersive-translate-walked=\"96d77bb5-9971-4916-b8ce-688930dc4726\" data-immersive-translate-paragraph=\"1\">Attivazione: Attivazione a puff<\/p>\n<\/li>\n<li class=\"\" data-start=\"877\" data-end=\"919\" data-immersive-translate-walked=\"96d77bb5-9971-4916-b8ce-688930dc4726\">\n<p class=\"\" data-start=\"879\" data-end=\"919\" data-immersive-translate-walked=\"96d77bb5-9971-4916-b8ce-688930dc4726\" data-immersive-translate-paragraph=\"1\">Resistenza del filo riscaldante: Nucleo Mesh da 1,0\u03a9<\/p>\n<\/li>\n<li class=\"\" data-start=\"920\" data-end=\"949\" data-immersive-translate-walked=\"96d77bb5-9971-4916-b8ce-688930dc4726\">\n<p class=\"\" data-start=\"922\" data-end=\"949\" data-immersive-translate-walked=\"96d77bb5-9971-4916-b8ce-688930dc4726\" data-immersive-translate-paragraph=\"1\">Design: Illuminazione RGB<\/p>\n<\/li>\n<li class=\"\" data-start=\"950\" data-end=\"968\" data-immersive-translate-walked=\"96d77bb5-9971-4916-b8ce-688930dc4726\">\n<p class=\"\" data-start=\"952\" data-end=\"968\" data-immersive-translate-walked=\"96d77bb5-9971-4916-b8ce-688930dc4726\" data-immersive-translate-paragraph=\"1\">Peso: 82g<\/p>\n<\/li>\n<li class=\"\" data-start=\"969\" data-end=\"1005\" data-immersive-translate-walked=\"96d77bb5-9971-4916-b8ce-688930dc4726\">\n<p class=\"\" data-start=\"971\" data-end=\"1005\" data-immersive-translate-walked=\"96d77bb5-9971-4916-b8ce-688930dc4726\" data-immersive-translate-paragraph=\"1\">Tipo di prodotto: Sigaretta elettronica usa e getta<\/p>\n<\/li>\n<li class=\"\" data-start=\"1006\" data-end=\"1032\" data-immersive-translate-walked=\"96d77bb5-9971-4916-b8ce-688930dc4726\">\n<p class=\"\" data-start=\"1008\" data-end=\"1032\" data-immersive-translate-walked=\"96d77bb5-9971-4916-b8ce-688930dc4726\" data-immersive-translate-paragraph=\"1\">Gusto: Kiwi Lime<\/p>\n<\/li>\n<\/ul>\n<h4 data-start=\"1034\" data-end=\"1072\" data-immersive-translate-walked=\"96d77bb5-9971-4916-b8ce-688930dc4726\">Esperienza di gusto \u2013 Kiwi Lime<\/h4>\n<p class=\"\" data-start=\"1074\" data-end=\"1416\" data-immersive-translate-walked=\"96d77bb5-9971-4916-b8ce-688930dc4726\" data-immersive-translate-paragraph=\"1\">L'aroma fresco e fruttato della WASPE 12000 Puff offre una piacevole combinazione di kiwi dolce e lime frizzante. Questa combinazione garantisce un'esperienza di svapo rinfrescante, ideale soprattutto nelle giornate calde o dopo i pasti. Il sapore non \u00e8 troppo dolce, ma perfetto per il consumo quotidiano.<\/p>\n<h3>Tecnologia e prestazioni<\/h3>\n<h4>Lunga durata e alte prestazioni<\/h4>\n<p class=\"\" data-start=\"1497\" data-end=\"1799\" data-immersive-translate-walked=\"96d77bb5-9971-4916-b8ce-688930dc4726\" data-immersive-translate-paragraph=\"1\">La WASPE 12000 Puff \u00e8 dotata di una batteria da 650mAh che offre prestazioni eccezionali. Con fino a 12000 puff, puoi svapare a lungo senza che la batteria si scarichi. Se la batteria dovesse esaurirsi, la porta di ricarica Type-C garantisce una ricarica rapida e semplice.<\/p>\n<h4>Resistenza a maglia per un gusto intenso<\/h4>\n<p class=\"\" data-start=\"1845\" data-end=\"2109\" data-immersive-translate-walked=\"96d77bb5-9971-4916-b8ce-688930dc4726\" data-immersive-translate-paragraph=\"1\">Grazie alla innovativa resistenza a maglia da 0,8 Ohm, puoi essere sicuro che ogni tiro sia uniforme e dal sapore intenso. Le resistenze a maglia offrono una superficie maggiore, il che porta a una vaporizzazione migliore del liquido e quindi a un sapore superiore.<\/p>\n<h4>Facile da usare con attivazione a tiro<\/h4>\n<p class=\"\" data-start=\"2160\" data-end=\"2418\" data-immersive-translate-walked=\"96d77bb5-9971-4916-b8ce-688930dc4726\" data-immersive-translate-paragraph=\"1\">La WASPE 12000 Tiri funziona con un'attivazione a tiro. Ci\u00f2 significa che basta semplicemente aspirare dal boccaglio per attivare il dispositivo. Non sono necessari pulsanti o impostazioni complicate, rendendo lo svapo particolarmente semplice e comodo.<\/p>\n<h4 data-start=\"2420\" data-end=\"2447\" data-immersive-translate-walked=\"96d77bb5-9971-4916-b8ce-688930dc4726\">Design ed estetica<\/h4>\n<p class=\"\" data-start=\"2449\" data-end=\"2757\" data-immersive-translate-walked=\"96d77bb5-9971-4916-b8ce-688930dc4726\" data-immersive-translate-paragraph=\"1\">Oltre alle prestazioni eccellenti, la WASPE 12000 Tiri si distingue anche per il suo design moderno. L'illuminazione RGB conferisce alla sigaretta elettronica un aspetto futuristico, che si nota in ogni ambiente. Questo rende la WASPE non solo un accessorio pratico, ma anche elegante per gli svapatori.<\/p>\n<p class=\"\" data-start=\"2774\" data-end=\"3261\" data-immersive-translate-walked=\"96d77bb5-9971-4916-b8ce-688930dc4726\" data-immersive-translate-paragraph=\"1\">La sigaretta elettronica usa e getta WASPE 12000 Tiri \u00e8 un prodotto eccellente per gli svapatori che cercano durata, gusto intenso e tecnologia user-friendly. Con l'aroma Kiwi Lime, che offre una fruttuosit\u00e0 fresca, e la resistenza a maglia per vapori e sapore ottimali, la WASPE 12000 Tiri stabilisce nuovi standard nel settore delle sigarette elettroniche usa e getta. Grazie all'attivazione a tiro e alla funzione di ricarica rapida, \u00e8 un compagno pratico per l'uso quotidiano.<\/p>","protected":false},"excerpt":{"rendered":"<p>WASPE 12000 Puff E-sigaretta usa e getta \u2013 Gusto Kiwi Lime, la WASPE 12000 Puff E-sigaretta usa e getta porta il livello successivo dell'esperienza di svapo. Con il suo gusto fruttato di kiwi...<\/p>","protected":false},"featured_media":6605,"template":"","meta":[],"etheme_brands":[],"product_brand":[98],"product_cat":[88,49,61],"product_tag":[],"class_list":{"0":"post-6615","1":"product","2":"type-product","3":"status-publish","4":"has-post-thumbnail","6":"product_brand-waspe-vape","7":"product_cat-12k-vape","8":"product_cat-einweg-e-zigarette","9":"product_cat-f","11":"first","12":"instock","13":"shipping-taxable","14":"purchasable","15":"product-type-simple"},"yoast_head":"<!-- This site is optimized with the Yoast SEO plugin v26.5 - https:\/\/yoast.com\/wordpress\/plugins\/seo\/ -->\n<title>Kiwi Lime Der Geschmack Von WASPE 12000 Puffs Jetzt Auch Zollfrei Und Direkt Verf\u00fcgbar | Vapingnet.de<\/title>\n<meta name=\"description\" content=\"Entdecke Kiwi Lime Der Geschmack Von WASPE 12000 Puffs Jetzt Auch Zollfrei Und Direkt Verf\u00fcgbar bei vapingnet.de, \u25ba Gro\u00dfe Auswahl an Geschmacksrichtungen &amp; super g\u00fcnstig!\" \/>\n<meta name=\"robots\" content=\"index, follow, max-snippet:-1, max-image-preview:large, max-video-preview:-1\" \/>\n<link rel=\"canonical\" href=\"https:\/\/vapingnet.de\/it\/vape\/kiwi-lime-der-geschmack-von-waspe-12000-puffs-jetzt-auch-zollfrei-und-direkt-verfuegbar\/\" \/>\n<meta property=\"og:locale\" content=\"it_IT\" \/>\n<meta property=\"og:type\" content=\"article\" \/>\n<meta property=\"og:title\" content=\"Kiwi Lime Der Geschmack Von WASPE 12000 Puffs Jetzt Auch Zollfrei Und Direkt Verf\u00fcgbar | Vapingnet.de\" \/>\n<meta property=\"og:description\" content=\"Entdecke Kiwi Lime Der Geschmack Von WASPE 12000 Puffs Jetzt Auch Zollfrei Und Direkt Verf\u00fcgbar bei vapingnet.de, \u25ba Gro\u00dfe Auswahl an Geschmacksrichtungen &amp; super g\u00fcnstig!\" \/>\n<meta property=\"og:url\" content=\"https:\/\/vapingnet.de\/it\/vape\/kiwi-lime-der-geschmack-von-waspe-12000-puffs-jetzt-auch-zollfrei-und-direkt-verfuegbar\/\" \/>\n<meta property=\"og:site_name\" content=\"Vapingnet.de\" \/>\n<meta property=\"article:publisher\" content=\"https:\/\/www.facebook.com\/vapingnetde\/\" \/>\n<meta property=\"article:modified_time\" content=\"2025-06-19T03:45:16+00:00\" \/>\n<meta property=\"og:image\" content=\"https:\/\/vapingnet.de\/wp-content\/uploads\/2025\/04\/Kiwi-lime.webp\" \/>\n\t<meta property=\"og:image:width\" content=\"1000\" \/>\n\t<meta property=\"og:image:height\" content=\"1000\" \/>\n\t<meta property=\"og:image:type\" content=\"image\/webp\" \/>\n<meta name=\"twitter:card\" content=\"summary_large_image\" \/>\n<meta name=\"twitter:label1\" content=\"Est. reading time\" \/>\n\t<meta name=\"twitter:data1\" content=\"3 minutes\" \/>\n<script type=\"application\/ld+json\" class=\"yoast-schema-graph\">{\"@context\":\"https:\/\/schema.org\",\"@graph\":[{\"@type\":\"WebPage\",\"@id\":\"https:\/\/vapingnet.de\/vape\/kiwi-lime-der-geschmack-von-waspe-12000-puffs-jetzt-auch-zollfrei-und-direkt-verfuegbar\/\",\"url\":\"https:\/\/vapingnet.de\/vape\/kiwi-lime-der-geschmack-von-waspe-12000-puffs-jetzt-auch-zollfrei-und-direkt-verfuegbar\/\",\"name\":\"Kiwi Lime Der Geschmack Von WASPE 12000 Puffs Jetzt Auch Zollfrei Und Direkt Verf\u00fcgbar | Vapingnet.de\",\"isPartOf\":{\"@id\":\"https:\/\/vapingnet.de\/#website\"},\"primaryImageOfPage\":{\"@id\":\"https:\/\/vapingnet.de\/vape\/kiwi-lime-der-geschmack-von-waspe-12000-puffs-jetzt-auch-zollfrei-und-direkt-verfuegbar\/#primaryimage\"},\"image\":{\"@id\":\"https:\/\/vapingnet.de\/vape\/kiwi-lime-der-geschmack-von-waspe-12000-puffs-jetzt-auch-zollfrei-und-direkt-verfuegbar\/#primaryimage\"},\"thumbnailUrl\":\"https:\/\/vapingnet.de\/wp-content\/uploads\/2025\/04\/Kiwi-lime.webp\",\"datePublished\":\"2025-04-29T02:53:16+00:00\",\"dateModified\":\"2025-06-19T03:45:16+00:00\",\"description\":\"Entdecke Kiwi Lime Der Geschmack Von WASPE 12000 Puffs Jetzt Auch Zollfrei Und Direkt Verf\u00fcgbar bei vapingnet.de, \u25ba Gro\u00dfe Auswahl an Geschmacksrichtungen & super g\u00fcnstig!\",\"breadcrumb\":{\"@id\":\"https:\/\/vapingnet.de\/vape\/kiwi-lime-der-geschmack-von-waspe-12000-puffs-jetzt-auch-zollfrei-und-direkt-verfuegbar\/#breadcrumb\"},\"inLanguage\":\"it-IT\",\"potentialAction\":[{\"@type\":\"ReadAction\",\"target\":[\"https:\/\/vapingnet.de\/vape\/kiwi-lime-der-geschmack-von-waspe-12000-puffs-jetzt-auch-zollfrei-und-direkt-verfuegbar\/\"]}]},{\"@type\":\"ImageObject\",\"inLanguage\":\"it-IT\",\"@id\":\"https:\/\/vapingnet.de\/vape\/kiwi-lime-der-geschmack-von-waspe-12000-puffs-jetzt-auch-zollfrei-und-direkt-verfuegbar\/#primaryimage\",\"url\":\"https:\/\/vapingnet.de\/wp-content\/uploads\/2025\/04\/Kiwi-lime.webp\",\"contentUrl\":\"https:\/\/vapingnet.de\/wp-content\/uploads\/2025\/04\/Kiwi-lime.webp\",\"width\":1000,\"height\":1000},{\"@type\":\"BreadcrumbList\",\"@id\":\"https:\/\/vapingnet.de\/vape\/kiwi-lime-der-geschmack-von-waspe-12000-puffs-jetzt-auch-zollfrei-und-direkt-verfuegbar\/#breadcrumb\",\"itemListElement\":[{\"@type\":\"ListItem\",\"position\":1,\"name\":\"Home\",\"item\":\"https:\/\/vapingnet.de\/\"},{\"@type\":\"ListItem\",\"position\":2,\"name\":\"Shop\",\"item\":\"https:\/\/vapingnet.de\/vape\/\"},{\"@type\":\"ListItem\",\"position\":3,\"name\":\"Kiwi Lime Der Geschmack Von WASPE 12000 Puffs Jetzt Auch Zollfrei Und Direkt Verf\u00fcgbar\"}]},{\"@type\":\"WebSite\",\"@id\":\"https:\/\/vapingnet.de\/#website\",\"url\":\"https:\/\/vapingnet.de\/\",\"name\":\"Vapingnet.de\",\"description\":\"\",\"publisher\":{\"@id\":\"https:\/\/vapingnet.de\/#organization\"},\"potentialAction\":[{\"@type\":\"SearchAction\",\"target\":{\"@type\":\"EntryPoint\",\"urlTemplate\":\"https:\/\/vapingnet.de\/?s={search_term_string}\"},\"query-input\":{\"@type\":\"PropertyValueSpecification\",\"valueRequired\":true,\"valueName\":\"search_term_string\"}}],\"inLanguage\":\"it-IT\"},{\"@type\":\"Organization\",\"@id\":\"https:\/\/vapingnet.de\/#organization\",\"name\":\"Vapingnet.de\",\"url\":\"https:\/\/vapingnet.de\/\",\"logo\":{\"@type\":\"ImageObject\",\"inLanguage\":\"it-IT\",\"@id\":\"https:\/\/vapingnet.de\/#\/schema\/logo\/image\/\",\"url\":\"https:\/\/vapingnet.de\/wp-content\/uploads\/2025\/03\/cropped-vapingnet.de_.jpg\",\"contentUrl\":\"https:\/\/vapingnet.de\/wp-content\/uploads\/2025\/03\/cropped-vapingnet.de_.jpg\",\"width\":512,\"height\":512,\"caption\":\"Vapingnet.de\"},\"image\":{\"@id\":\"https:\/\/vapingnet.de\/#\/schema\/logo\/image\/\"},\"sameAs\":[\"https:\/\/www.facebook.com\/vapingnetde\/\"]}]}<\/script>\n<!-- \/ Yoast SEO plugin. -->","yoast_head_json":{"title":"Kiwi Lime Der Geschmack Von WASPE 12000 Puffs Jetzt Auch Zollfrei Und Direkt Verf\u00fcgbar | Vapingnet.de","description":"Entdecke Kiwi Lime Der Geschmack Von WASPE 12000 Puffs Jetzt Auch Zollfrei Und Direkt Verf\u00fcgbar bei vapingnet.de, \u25ba Gro\u00dfe Auswahl an Geschmacksrichtungen & super g\u00fcnstig!","robots":{"index":"index","follow":"follow","max-snippet":"max-snippet:-1","max-image-preview":"max-image-preview:large","max-video-preview":"max-video-preview:-1"},"canonical":"https:\/\/vapingnet.de\/it\/vape\/kiwi-lime-der-geschmack-von-waspe-12000-puffs-jetzt-auch-zollfrei-und-direkt-verfuegbar\/","og_locale":"it_IT","og_type":"article","og_title":"Kiwi Lime Der Geschmack Von WASPE 12000 Puffs Jetzt Auch Zollfrei Und Direkt Verf\u00fcgbar | Vapingnet.de","og_description":"Entdecke Kiwi Lime Der Geschmack Von WASPE 12000 Puffs Jetzt Auch Zollfrei Und Direkt Verf\u00fcgbar bei vapingnet.de, \u25ba Gro\u00dfe Auswahl an Geschmacksrichtungen & super g\u00fcnstig!","og_url":"https:\/\/vapingnet.de\/it\/vape\/kiwi-lime-der-geschmack-von-waspe-12000-puffs-jetzt-auch-zollfrei-und-direkt-verfuegbar\/","og_site_name":"Vapingnet.de","article_publisher":"https:\/\/www.facebook.com\/vapingnetde\/","article_modified_time":"2025-06-19T03:45:16+00:00","og_image":[{"width":1000,"height":1000,"url":"https:\/\/vapingnet.de\/wp-content\/uploads\/2025\/04\/Kiwi-lime.webp","type":"image\/webp"}],"twitter_card":"summary_large_image","twitter_misc":{"Est. reading time":"3 minutes"},"schema":{"@context":"https:\/\/schema.org","@graph":[{"@type":"WebPage","@id":"https:\/\/vapingnet.de\/vape\/kiwi-lime-der-geschmack-von-waspe-12000-puffs-jetzt-auch-zollfrei-und-direkt-verfuegbar\/","url":"https:\/\/vapingnet.de\/vape\/kiwi-lime-der-geschmack-von-waspe-12000-puffs-jetzt-auch-zollfrei-und-direkt-verfuegbar\/","name":"Kiwi Lime Der Geschmack Von WASPE 12000 Puffs Jetzt Auch Zollfrei Und Direkt Verf\u00fcgbar | Vapingnet.de","isPartOf":{"@id":"https:\/\/vapingnet.de\/#website"},"primaryImageOfPage":{"@id":"https:\/\/vapingnet.de\/vape\/kiwi-lime-der-geschmack-von-waspe-12000-puffs-jetzt-auch-zollfrei-und-direkt-verfuegbar\/#primaryimage"},"image":{"@id":"https:\/\/vapingnet.de\/vape\/kiwi-lime-der-geschmack-von-waspe-12000-puffs-jetzt-auch-zollfrei-und-direkt-verfuegbar\/#primaryimage"},"thumbnailUrl":"https:\/\/vapingnet.de\/wp-content\/uploads\/2025\/04\/Kiwi-lime.webp","datePublished":"2025-04-29T02:53:16+00:00","dateModified":"2025-06-19T03:45:16+00:00","description":"Entdecke Kiwi Lime Der Geschmack Von WASPE 12000 Puffs Jetzt Auch Zollfrei Und Direkt Verf\u00fcgbar bei vapingnet.de, \u25ba Gro\u00dfe Auswahl an Geschmacksrichtungen & super g\u00fcnstig!","breadcrumb":{"@id":"https:\/\/vapingnet.de\/vape\/kiwi-lime-der-geschmack-von-waspe-12000-puffs-jetzt-auch-zollfrei-und-direkt-verfuegbar\/#breadcrumb"},"inLanguage":"it-IT","potentialAction":[{"@type":"ReadAction","target":["https:\/\/vapingnet.de\/vape\/kiwi-lime-der-geschmack-von-waspe-12000-puffs-jetzt-auch-zollfrei-und-direkt-verfuegbar\/"]}]},{"@type":"ImageObject","inLanguage":"it-IT","@id":"https:\/\/vapingnet.de\/vape\/kiwi-lime-der-geschmack-von-waspe-12000-puffs-jetzt-auch-zollfrei-und-direkt-verfuegbar\/#primaryimage","url":"https:\/\/vapingnet.de\/wp-content\/uploads\/2025\/04\/Kiwi-lime.webp","contentUrl":"https:\/\/vapingnet.de\/wp-content\/uploads\/2025\/04\/Kiwi-lime.webp","width":1000,"height":1000},{"@type":"BreadcrumbList","@id":"https:\/\/vapingnet.de\/vape\/kiwi-lime-der-geschmack-von-waspe-12000-puffs-jetzt-auch-zollfrei-und-direkt-verfuegbar\/#breadcrumb","itemListElement":[{"@type":"ListItem","position":1,"name":"Home","item":"https:\/\/vapingnet.de\/"},{"@type":"ListItem","position":2,"name":"Shop","item":"https:\/\/vapingnet.de\/vape\/"},{"@type":"ListItem","position":3,"name":"Kiwi Lime Der Geschmack Von WASPE 12000 Puffs Jetzt Auch Zollfrei Und Direkt Verf\u00fcgbar"}]},{"@type":"WebSite","@id":"https:\/\/vapingnet.de\/#website","url":"https:\/\/vapingnet.de\/","name":"Vapingnet.de","description":"","publisher":{"@id":"https:\/\/vapingnet.de\/#organization"},"potentialAction":[{"@type":"SearchAction","target":{"@type":"EntryPoint","urlTemplate":"https:\/\/vapingnet.de\/?s={search_term_string}"},"query-input":{"@type":"PropertyValueSpecification","valueRequired":true,"valueName":"search_term_string"}}],"inLanguage":"it-IT"},{"@type":"Organization","@id":"https:\/\/vapingnet.de\/#organization","name":"Vapingnet.de","url":"https:\/\/vapingnet.de\/","logo":{"@type":"ImageObject","inLanguage":"it-IT","@id":"https:\/\/vapingnet.de\/#\/schema\/logo\/image\/","url":"https:\/\/vapingnet.de\/wp-content\/uploads\/2025\/03\/cropped-vapingnet.de_.jpg","contentUrl":"https:\/\/vapingnet.de\/wp-content\/uploads\/2025\/03\/cropped-vapingnet.de_.jpg","width":512,"height":512,"caption":"Vapingnet.de"},"image":{"@id":"https:\/\/vapingnet.de\/#\/schema\/logo\/image\/"},"sameAs":["https:\/\/www.facebook.com\/vapingnetde\/"]}]}},"tiered_pricing_type":"fixed","tiered_pricing_fixed_rules":{"10":"7.50","60":"6.75","110":"6.00","200":"5.25"},"tiered_pricing_product_settings":{"layout":"default","base_unit_name":{"singular":null,"plural":null},"default_variation":null},"tiered_pricing_minimum_quantity":null,"tiered_pricing_roles_data":[],"tiered_pricing_percentage_rules":[],"_links":{"self":[{"href":"https:\/\/vapingnet.de\/it\/wp-json\/wp\/v2\/product\/6615","targetHints":{"allow":["GET"]}}],"collection":[{"href":"https:\/\/vapingnet.de\/it\/wp-json\/wp\/v2\/product"}],"about":[{"href":"https:\/\/vapingnet.de\/it\/wp-json\/wp\/v2\/types\/product"}],"version-history":[{"count":1,"href":"https:\/\/vapingnet.de\/it\/wp-json\/wp\/v2\/product\/6615\/revisions"}],"predecessor-version":[{"id":6625,"href":"https:\/\/vapingnet.de\/it\/wp-json\/wp\/v2\/product\/6615\/revisions\/6625"}],"wp:featuredmedia":[{"embeddable":true,"href":"https:\/\/vapingnet.de\/it\/wp-json\/wp\/v2\/media\/6605"}],"wp:attachment":[{"href":"https:\/\/vapingnet.de\/it\/wp-json\/wp\/v2\/media?parent=6615"}],"wp:term":[{"taxonomy":"brand","embeddable":true,"href":"https:\/\/vapingnet.de\/it\/wp-json\/wp\/v2\/etheme_brands?post=6615"},{"taxonomy":"product_brand","embeddable":true,"href":"https:\/\/vapingnet.de\/it\/wp-json\/wp\/v2\/product_brand?post=6615"},{"taxonomy":"product_cat","embeddable":true,"href":"https:\/\/vapingnet.de\/it\/wp-json\/wp\/v2\/product_cat?post=6615"},{"taxonomy":"product_tag","embeddable":true,"href":"https:\/\/vapingnet.de\/it\/wp-json\/wp\/v2\/product_tag?post=6615"}],"curies":[{"name":"wp","href":"https:\/\/api.w.org\/{rel}","templated":true}]}}