{"id":6617,"date":"2025-04-29T02:53:22","date_gmt":"2025-04-29T02:53:22","guid":{"rendered":"https:\/\/vapingnet.de\/?post_type=product&#038;p=6617"},"modified":"2026-04-15T09:17:35","modified_gmt":"2026-04-15T09:17:35","slug":"geniessen-sie-den-besten-geschmack-von-strawberry-watermelon-waspe-12000-puffs-fuer-echte-kenner","status":"publish","type":"product","link":"https:\/\/vapingnet.de\/it\/vape\/geniessen-sie-den-besten-geschmack-von-strawberry-watermelon-waspe-12000-puffs-fuer-echte-kenner\/","title":{"rendered":"Goditi Il Miglior Gusto Di Strawberry Watermelon WASPE 12000 Puffs Per Veri Conoscitori"},"content":{"rendered":"<h2 data-start=\"0\" data-end=\"56\" data-immersive-translate-walked=\"0dd68124-1e78-44ba-8a41-e0fbddfba72a\">WASPE 12000 Puff: La sigaretta elettronica usa e getta definitiva<\/h2>\n<p class=\"\" data-start=\"58\" data-end=\"346\" data-immersive-translate-walked=\"0dd68124-1e78-44ba-8a41-e0fbddfba72a\" data-immersive-translate-paragraph=\"1\">La WASPE 12000 Puff stabilisce un nuovo standard nel mondo delle sigarette elettroniche usa e getta. Con caratteristiche eccezionali e un design innovativo, \u00e8 la scelta perfetta per i vapers che cercano un'esperienza di svapo duratura, facile da usare e di alta qualit\u00e0.<\/p>\n<h3 class=\"\" data-start=\"348\" data-end=\"376\" data-immersive-translate-walked=\"0dd68124-1e78-44ba-8a41-e0fbddfba72a\" data-immersive-translate-paragraph=\"1\">Punti salienti del prodotto:<\/h3>\n<ul data-start=\"378\" data-end=\"1044\" data-immersive-translate-walked=\"0dd68124-1e78-44ba-8a41-e0fbddfba72a\">\n<li class=\"\" data-start=\"378\" data-end=\"461\" data-immersive-translate-walked=\"0dd68124-1e78-44ba-8a41-e0fbddfba72a\">\n<p class=\"\" data-start=\"380\" data-end=\"461\" data-immersive-translate-walked=\"0dd68124-1e78-44ba-8a41-e0fbddfba72a\" data-immersive-translate-paragraph=\"1\">12000 puff \u2013 Per un piacere straordinariamente lungo senza dover ricaricare frequentemente.<\/p>\n<\/li>\n<li class=\"\" data-start=\"462\" data-end=\"557\" data-immersive-translate-walked=\"0dd68124-1e78-44ba-8a41-e0fbddfba72a\">\n<p class=\"\" data-start=\"464\" data-end=\"557\" data-immersive-translate-walked=\"0dd68124-1e78-44ba-8a41-e0fbddfba72a\" data-immersive-translate-paragraph=\"1\">Intensit\u00e0 di nicotina \u2013 Disponibile in 0%, 2%, 3% e 5%, in base alle tue preferenze personali.<\/p>\n<\/li>\n<li class=\"\" data-start=\"558\" data-end=\"653\" data-immersive-translate-walked=\"0dd68124-1e78-44ba-8a41-e0fbddfba72a\">\n<p class=\"\" data-start=\"560\" data-end=\"653\" data-immersive-translate-walked=\"0dd68124-1e78-44ba-8a41-e0fbddfba72a\" data-immersive-translate-paragraph=\"1\">Batteria potente da 650mAh \u2013 Scarica lentamente, garantendo un vaping continuo.<\/p>\n<\/li>\n<li class=\"\" data-start=\"654\" data-end=\"740\" data-immersive-translate-walked=\"0dd68124-1e78-44ba-8a41-e0fbddfba72a\">\n<p class=\"\" data-start=\"656\" data-end=\"740\" data-immersive-translate-walked=\"0dd68124-1e78-44ba-8a41-e0fbddfba72a\" data-immersive-translate-paragraph=\"1\">Ricarica Type-C \u2013 Ricarica rapida e pratica, per essere sempre pronti all'uso.<\/p>\n<\/li>\n<li class=\"\" data-start=\"741\" data-end=\"844\" data-immersive-translate-walked=\"0dd68124-1e78-44ba-8a41-e0fbddfba72a\">\n<p class=\"\" data-start=\"743\" data-end=\"844\" data-immersive-translate-walked=\"0dd68124-1e78-44ba-8a41-e0fbddfba72a\" data-immersive-translate-paragraph=\"1\">Illuminazione RGB \u2013 Un elemento visivo che rende l'esperienza di svapo unica.<\/p>\n<\/li>\n<li class=\"\" data-start=\"845\" data-end=\"943\" data-immersive-translate-walked=\"0dd68124-1e78-44ba-8a41-e0fbddfba72a\">\n<p class=\"\" data-start=\"847\" data-end=\"943\" data-immersive-translate-walked=\"0dd68124-1e78-44ba-8a41-e0fbddfba72a\" data-immersive-translate-paragraph=\"1\">Resistenza Mesh da 0,8 Ohm \u2013 Garantisce una produzione di vapore uniforme e un gusto pi\u00f9 intenso.<\/p>\n<\/li>\n<li class=\"\" data-start=\"944\" data-end=\"1044\" data-immersive-translate-walked=\"0dd68124-1e78-44ba-8a41-e0fbddfba72a\">\n<p class=\"\" data-start=\"946\" data-end=\"1044\" data-immersive-translate-walked=\"0dd68124-1e78-44ba-8a41-e0fbddfba72a\" data-immersive-translate-paragraph=\"1\">Vaping MTL \u2013 Ideale per i vaper che preferiscono un'esperienza autentica, simile a quella di una sigaretta.<\/p>\n<\/li>\n<\/ul>\n<h4 data-start=\"1046\" data-end=\"1082\" data-immersive-translate-walked=\"0dd68124-1e78-44ba-8a41-e0fbddfba72a\" data-immersive-translate-paragraph=\"1\">Gusto: Fragola Watermelon<\/h4>\n<p class=\"\" data-start=\"1084\" data-end=\"1355\" data-immersive-translate-walked=\"0dd68124-1e78-44ba-8a41-e0fbddfba72a\" data-immersive-translate-paragraph=\"1\">Goditi la dolce combinazione di fragole fresche e anguria rinfrescante. Il gusto Strawberry Watermelon offre una piacevole freschezza fruttata ad ogni tiro \u2013 ideale per i vaper alla ricerca di un'esperienza dolce e rinfrescante.<\/p>\n<div style=\"width: 1170px;\" class=\"wp-video\"><!--[if lt IE 9]><script>document.createElement('video');<\/script><![endif]-->\n<video class=\"wp-video-shortcode\" id=\"video-6617-1\" width=\"1170\" height=\"658\" preload=\"metadata\" controls=\"controls\"><source type=\"video\/mp4\" src=\"https:\/\/vapingnet.de\/wp-content\/uploads\/2025\/04\/12000Puffs.mp4?_=1\" \/><a href=\"https:\/\/vapingnet.de\/wp-content\/uploads\/2025\/04\/12000Puffs.mp4\">https:\/\/vapingnet.de\/wp-content\/uploads\/2025\/04\/12000Puffs.mp4<\/a><\/video><\/div>\n<h4 data-start=\"1357\" data-end=\"1393\" data-immersive-translate-walked=\"0dd68124-1e78-44ba-8a41-e0fbddfba72a\" data-immersive-translate-paragraph=\"1\">Pratico e facile da usare<\/h4>\n<p class=\"\" data-start=\"1395\" data-end=\"1669\" data-immersive-translate-walked=\"0dd68124-1e78-44ba-8a41-e0fbddfba72a\" data-immersive-translate-paragraph=\"1\">Con un peso di soli 82g e un'attivazione tramite tiro, la WASPE 12000 Puff \u00e8 semplice da usare. Niente pulsanti da premere, basta tirare dal dispositivo e iniziare subito a svapare. Perfetta per i vaper sempre in movimento che cercano una soluzione semplice.<\/p>\n<h4 data-start=\"1671\" data-end=\"1701\" data-immersive-translate-walked=\"0dd68124-1e78-44ba-8a41-e0fbddfba72a\" data-immersive-translate-paragraph=\"1\">Spedizione e vantaggi fiscali<\/h4>\n<p class=\"\" data-start=\"1703\" data-end=\"1956\" data-immersive-translate-walked=\"0dd68124-1e78-44ba-8a41-e0fbddfba72a\" data-immersive-translate-paragraph=\"1\">Un'altra caratteristica pratica \u00e8 la consegna senza tasse. Ordina comodamente su vapingnet.de e approfitta di una spedizione rapida di 7-15 giorni lavorativi. Riceverai il tuo prodotto rapidamente e senza costi doganali aggiuntivi.<\/p>\n<h4 data-start=\"1958\" data-end=\"1994\" data-immersive-translate-walked=\"0dd68124-1e78-44ba-8a41-e0fbddfba72a\" data-immersive-translate-paragraph=\"1\">La scelta ideale per tutti i vaper<\/h4>\n<p class=\"\" data-start=\"1996\" data-end=\"2266\" data-immersive-translate-walked=\"0dd68124-1e78-44ba-8a41-e0fbddfba72a\" data-immersive-translate-paragraph=\"1\">La WASPE 12000 Puff \u00e8 pensata per chi desidera svapare a lungo e intensamente senza dover acquistare continuamente un nuovo dispositivo. Offre il perfetto equilibrio tra prestazioni, gusto e facilit\u00e0 d'uso \u2013 tutto in un formato pratico e compatto.<\/p>\n<p class=\"\" data-start=\"2268\" data-end=\"2298\" data-immersive-translate-walked=\"0dd68124-1e78-44ba-8a41-e0fbddfba72a\">Disponibile su vapingnet.de<\/p>\n<p class=\"\" data-start=\"2300\" data-end=\"2416\" data-immersive-translate-walked=\"0dd68124-1e78-44ba-8a41-e0fbddfba72a\" data-immersive-translate-paragraph=\"1\">Visita ora vapingnet.de e assicurati la tua WASPE 12000 Puff per un'esperienza di svapo senza paragoni.<\/p>","protected":false},"excerpt":{"rendered":"<p>WASPE 12000 Puff: La sigaretta elettronica usa e getta definitiva, la WASPE 12000 Puff stabilisce un nuovo standard nel mondo delle sigarette elettroniche usa e getta. Con caratteristiche eccezionali e un...<\/p>","protected":false},"featured_media":6612,"template":"","meta":[],"etheme_brands":[],"product_brand":[98],"product_cat":[88,49,61],"product_tag":[],"class_list":{"0":"post-6617","1":"product","2":"type-product","3":"status-publish","4":"has-post-thumbnail","6":"product_brand-waspe-vape","7":"product_cat-12k-vape","8":"product_cat-einweg-e-zigarette","9":"product_cat-f","11":"first","12":"instock","13":"shipping-taxable","14":"purchasable","15":"product-type-variable"},"yoast_head":"<!-- This site is optimized with the Yoast SEO plugin v26.5 - https:\/\/yoast.com\/wordpress\/plugins\/seo\/ -->\n<title>Genie\u00dfen Sie Den Besten Geschmack Von Strawberry Watermelon WASPE 12000 Puffs F\u00fcr Echte Kenner | Vapingnet.de<\/title>\n<meta name=\"description\" content=\"Entdecke Genie\u00dfen Sie Den Besten Geschmack Von Strawberry Watermelon WASPE 12000 Puffs F\u00fcr Echte Kenner bei vapingnet.de, \u25ba Gro\u00dfe Auswahl an Geschmacksrichtungen &amp; super g\u00fcnstig!\" \/>\n<meta name=\"robots\" content=\"index, follow, max-snippet:-1, max-image-preview:large, max-video-preview:-1\" \/>\n<link rel=\"canonical\" href=\"https:\/\/vapingnet.de\/it\/vape\/geniessen-sie-den-besten-geschmack-von-strawberry-watermelon-waspe-12000-puffs-fuer-echte-kenner\/\" \/>\n<meta property=\"og:locale\" content=\"it_IT\" \/>\n<meta property=\"og:type\" content=\"article\" \/>\n<meta property=\"og:title\" content=\"Genie\u00dfen Sie Den Besten Geschmack Von Strawberry Watermelon WASPE 12000 Puffs F\u00fcr Echte Kenner | Vapingnet.de\" \/>\n<meta property=\"og:description\" content=\"Entdecke Genie\u00dfen Sie Den Besten Geschmack Von Strawberry Watermelon WASPE 12000 Puffs F\u00fcr Echte Kenner bei vapingnet.de, \u25ba Gro\u00dfe Auswahl an Geschmacksrichtungen &amp; super g\u00fcnstig!\" \/>\n<meta property=\"og:url\" content=\"https:\/\/vapingnet.de\/it\/vape\/geniessen-sie-den-besten-geschmack-von-strawberry-watermelon-waspe-12000-puffs-fuer-echte-kenner\/\" \/>\n<meta property=\"og:site_name\" content=\"Vapingnet.de\" \/>\n<meta property=\"article:publisher\" content=\"https:\/\/www.facebook.com\/vapingnetde\/\" \/>\n<meta property=\"article:modified_time\" content=\"2026-04-15T09:17:35+00:00\" \/>\n<meta property=\"og:image\" content=\"https:\/\/vapingnet.de\/wp-content\/uploads\/2025\/04\/strawberry-watermelon-5.webp\" \/>\n\t<meta property=\"og:image:width\" content=\"1000\" \/>\n\t<meta property=\"og:image:height\" content=\"1000\" \/>\n\t<meta property=\"og:image:type\" content=\"image\/webp\" \/>\n<meta name=\"twitter:card\" content=\"summary_large_image\" \/>\n<meta name=\"twitter:label1\" content=\"Est. reading time\" \/>\n\t<meta name=\"twitter:data1\" content=\"2 minutes\" \/>\n<script type=\"application\/ld+json\" class=\"yoast-schema-graph\">{\"@context\":\"https:\/\/schema.org\",\"@graph\":[{\"@type\":\"WebPage\",\"@id\":\"https:\/\/vapingnet.de\/vape\/geniessen-sie-den-besten-geschmack-von-strawberry-watermelon-waspe-12000-puffs-fuer-echte-kenner\/\",\"url\":\"https:\/\/vapingnet.de\/vape\/geniessen-sie-den-besten-geschmack-von-strawberry-watermelon-waspe-12000-puffs-fuer-echte-kenner\/\",\"name\":\"Genie\u00dfen Sie Den Besten Geschmack Von Strawberry Watermelon WASPE 12000 Puffs F\u00fcr Echte Kenner | Vapingnet.de\",\"isPartOf\":{\"@id\":\"https:\/\/vapingnet.de\/#website\"},\"primaryImageOfPage\":{\"@id\":\"https:\/\/vapingnet.de\/vape\/geniessen-sie-den-besten-geschmack-von-strawberry-watermelon-waspe-12000-puffs-fuer-echte-kenner\/#primaryimage\"},\"image\":{\"@id\":\"https:\/\/vapingnet.de\/vape\/geniessen-sie-den-besten-geschmack-von-strawberry-watermelon-waspe-12000-puffs-fuer-echte-kenner\/#primaryimage\"},\"thumbnailUrl\":\"https:\/\/vapingnet.de\/wp-content\/uploads\/2025\/04\/strawberry-watermelon-5.webp\",\"datePublished\":\"2025-04-29T02:53:22+00:00\",\"dateModified\":\"2026-04-15T09:17:35+00:00\",\"description\":\"Entdecke Genie\u00dfen Sie Den Besten Geschmack Von Strawberry Watermelon WASPE 12000 Puffs F\u00fcr Echte Kenner bei vapingnet.de, \u25ba Gro\u00dfe Auswahl an Geschmacksrichtungen & super g\u00fcnstig!\",\"breadcrumb\":{\"@id\":\"https:\/\/vapingnet.de\/vape\/geniessen-sie-den-besten-geschmack-von-strawberry-watermelon-waspe-12000-puffs-fuer-echte-kenner\/#breadcrumb\"},\"inLanguage\":\"it-IT\",\"potentialAction\":[{\"@type\":\"ReadAction\",\"target\":[\"https:\/\/vapingnet.de\/vape\/geniessen-sie-den-besten-geschmack-von-strawberry-watermelon-waspe-12000-puffs-fuer-echte-kenner\/\"]}]},{\"@type\":\"ImageObject\",\"inLanguage\":\"it-IT\",\"@id\":\"https:\/\/vapingnet.de\/vape\/geniessen-sie-den-besten-geschmack-von-strawberry-watermelon-waspe-12000-puffs-fuer-echte-kenner\/#primaryimage\",\"url\":\"https:\/\/vapingnet.de\/wp-content\/uploads\/2025\/04\/strawberry-watermelon-5.webp\",\"contentUrl\":\"https:\/\/vapingnet.de\/wp-content\/uploads\/2025\/04\/strawberry-watermelon-5.webp\",\"width\":1000,\"height\":1000},{\"@type\":\"BreadcrumbList\",\"@id\":\"https:\/\/vapingnet.de\/vape\/geniessen-sie-den-besten-geschmack-von-strawberry-watermelon-waspe-12000-puffs-fuer-echte-kenner\/#breadcrumb\",\"itemListElement\":[{\"@type\":\"ListItem\",\"position\":1,\"name\":\"Home\",\"item\":\"https:\/\/vapingnet.de\/\"},{\"@type\":\"ListItem\",\"position\":2,\"name\":\"Shop\",\"item\":\"https:\/\/vapingnet.de\/vape\/\"},{\"@type\":\"ListItem\",\"position\":3,\"name\":\"Genie\u00dfen Sie Den Besten Geschmack Von Strawberry Watermelon WASPE 12000 Puffs F\u00fcr Echte Kenner\"}]},{\"@type\":\"WebSite\",\"@id\":\"https:\/\/vapingnet.de\/#website\",\"url\":\"https:\/\/vapingnet.de\/\",\"name\":\"Vapingnet.de\",\"description\":\"\",\"publisher\":{\"@id\":\"https:\/\/vapingnet.de\/#organization\"},\"potentialAction\":[{\"@type\":\"SearchAction\",\"target\":{\"@type\":\"EntryPoint\",\"urlTemplate\":\"https:\/\/vapingnet.de\/?s={search_term_string}\"},\"query-input\":{\"@type\":\"PropertyValueSpecification\",\"valueRequired\":true,\"valueName\":\"search_term_string\"}}],\"inLanguage\":\"it-IT\"},{\"@type\":\"Organization\",\"@id\":\"https:\/\/vapingnet.de\/#organization\",\"name\":\"Vapingnet.de\",\"url\":\"https:\/\/vapingnet.de\/\",\"logo\":{\"@type\":\"ImageObject\",\"inLanguage\":\"it-IT\",\"@id\":\"https:\/\/vapingnet.de\/#\/schema\/logo\/image\/\",\"url\":\"https:\/\/vapingnet.de\/wp-content\/uploads\/2025\/03\/cropped-vapingnet.de_.jpg\",\"contentUrl\":\"https:\/\/vapingnet.de\/wp-content\/uploads\/2025\/03\/cropped-vapingnet.de_.jpg\",\"width\":512,\"height\":512,\"caption\":\"Vapingnet.de\"},\"image\":{\"@id\":\"https:\/\/vapingnet.de\/#\/schema\/logo\/image\/\"},\"sameAs\":[\"https:\/\/www.facebook.com\/vapingnetde\/\"]}]}<\/script>\n<!-- \/ Yoast SEO plugin. -->","yoast_head_json":{"title":"Genie\u00dfen Sie Den Besten Geschmack Von Strawberry Watermelon WASPE 12000 Puffs F\u00fcr Echte Kenner | Vapingnet.de","description":"Entdecke Genie\u00dfen Sie Den Besten Geschmack Von Strawberry Watermelon WASPE 12000 Puffs F\u00fcr Echte Kenner bei vapingnet.de, \u25ba Gro\u00dfe Auswahl an Geschmacksrichtungen & super g\u00fcnstig!","robots":{"index":"index","follow":"follow","max-snippet":"max-snippet:-1","max-image-preview":"max-image-preview:large","max-video-preview":"max-video-preview:-1"},"canonical":"https:\/\/vapingnet.de\/it\/vape\/geniessen-sie-den-besten-geschmack-von-strawberry-watermelon-waspe-12000-puffs-fuer-echte-kenner\/","og_locale":"it_IT","og_type":"article","og_title":"Genie\u00dfen Sie Den Besten Geschmack Von Strawberry Watermelon WASPE 12000 Puffs F\u00fcr Echte Kenner | Vapingnet.de","og_description":"Entdecke Genie\u00dfen Sie Den Besten Geschmack Von Strawberry Watermelon WASPE 12000 Puffs F\u00fcr Echte Kenner bei vapingnet.de, \u25ba Gro\u00dfe Auswahl an Geschmacksrichtungen & super g\u00fcnstig!","og_url":"https:\/\/vapingnet.de\/it\/vape\/geniessen-sie-den-besten-geschmack-von-strawberry-watermelon-waspe-12000-puffs-fuer-echte-kenner\/","og_site_name":"Vapingnet.de","article_publisher":"https:\/\/www.facebook.com\/vapingnetde\/","article_modified_time":"2026-04-15T09:17:35+00:00","og_image":[{"width":1000,"height":1000,"url":"https:\/\/vapingnet.de\/wp-content\/uploads\/2025\/04\/strawberry-watermelon-5.webp","type":"image\/webp"}],"twitter_card":"summary_large_image","twitter_misc":{"Est. reading time":"2 minutes"},"schema":{"@context":"https:\/\/schema.org","@graph":[{"@type":"WebPage","@id":"https:\/\/vapingnet.de\/vape\/geniessen-sie-den-besten-geschmack-von-strawberry-watermelon-waspe-12000-puffs-fuer-echte-kenner\/","url":"https:\/\/vapingnet.de\/vape\/geniessen-sie-den-besten-geschmack-von-strawberry-watermelon-waspe-12000-puffs-fuer-echte-kenner\/","name":"Genie\u00dfen Sie Den Besten Geschmack Von Strawberry Watermelon WASPE 12000 Puffs F\u00fcr Echte Kenner | Vapingnet.de","isPartOf":{"@id":"https:\/\/vapingnet.de\/#website"},"primaryImageOfPage":{"@id":"https:\/\/vapingnet.de\/vape\/geniessen-sie-den-besten-geschmack-von-strawberry-watermelon-waspe-12000-puffs-fuer-echte-kenner\/#primaryimage"},"image":{"@id":"https:\/\/vapingnet.de\/vape\/geniessen-sie-den-besten-geschmack-von-strawberry-watermelon-waspe-12000-puffs-fuer-echte-kenner\/#primaryimage"},"thumbnailUrl":"https:\/\/vapingnet.de\/wp-content\/uploads\/2025\/04\/strawberry-watermelon-5.webp","datePublished":"2025-04-29T02:53:22+00:00","dateModified":"2026-04-15T09:17:35+00:00","description":"Entdecke Genie\u00dfen Sie Den Besten Geschmack Von Strawberry Watermelon WASPE 12000 Puffs F\u00fcr Echte Kenner bei vapingnet.de, \u25ba Gro\u00dfe Auswahl an Geschmacksrichtungen & super g\u00fcnstig!","breadcrumb":{"@id":"https:\/\/vapingnet.de\/vape\/geniessen-sie-den-besten-geschmack-von-strawberry-watermelon-waspe-12000-puffs-fuer-echte-kenner\/#breadcrumb"},"inLanguage":"it-IT","potentialAction":[{"@type":"ReadAction","target":["https:\/\/vapingnet.de\/vape\/geniessen-sie-den-besten-geschmack-von-strawberry-watermelon-waspe-12000-puffs-fuer-echte-kenner\/"]}]},{"@type":"ImageObject","inLanguage":"it-IT","@id":"https:\/\/vapingnet.de\/vape\/geniessen-sie-den-besten-geschmack-von-strawberry-watermelon-waspe-12000-puffs-fuer-echte-kenner\/#primaryimage","url":"https:\/\/vapingnet.de\/wp-content\/uploads\/2025\/04\/strawberry-watermelon-5.webp","contentUrl":"https:\/\/vapingnet.de\/wp-content\/uploads\/2025\/04\/strawberry-watermelon-5.webp","width":1000,"height":1000},{"@type":"BreadcrumbList","@id":"https:\/\/vapingnet.de\/vape\/geniessen-sie-den-besten-geschmack-von-strawberry-watermelon-waspe-12000-puffs-fuer-echte-kenner\/#breadcrumb","itemListElement":[{"@type":"ListItem","position":1,"name":"Home","item":"https:\/\/vapingnet.de\/"},{"@type":"ListItem","position":2,"name":"Shop","item":"https:\/\/vapingnet.de\/vape\/"},{"@type":"ListItem","position":3,"name":"Genie\u00dfen Sie Den Besten Geschmack Von Strawberry Watermelon WASPE 12000 Puffs F\u00fcr Echte Kenner"}]},{"@type":"WebSite","@id":"https:\/\/vapingnet.de\/#website","url":"https:\/\/vapingnet.de\/","name":"Vapingnet.de","description":"","publisher":{"@id":"https:\/\/vapingnet.de\/#organization"},"potentialAction":[{"@type":"SearchAction","target":{"@type":"EntryPoint","urlTemplate":"https:\/\/vapingnet.de\/?s={search_term_string}"},"query-input":{"@type":"PropertyValueSpecification","valueRequired":true,"valueName":"search_term_string"}}],"inLanguage":"it-IT"},{"@type":"Organization","@id":"https:\/\/vapingnet.de\/#organization","name":"Vapingnet.de","url":"https:\/\/vapingnet.de\/","logo":{"@type":"ImageObject","inLanguage":"it-IT","@id":"https:\/\/vapingnet.de\/#\/schema\/logo\/image\/","url":"https:\/\/vapingnet.de\/wp-content\/uploads\/2025\/03\/cropped-vapingnet.de_.jpg","contentUrl":"https:\/\/vapingnet.de\/wp-content\/uploads\/2025\/03\/cropped-vapingnet.de_.jpg","width":512,"height":512,"caption":"Vapingnet.de"},"image":{"@id":"https:\/\/vapingnet.de\/#\/schema\/logo\/image\/"},"sameAs":["https:\/\/www.facebook.com\/vapingnetde\/"]}]}},"tiered_pricing_type":"fixed","tiered_pricing_fixed_rules":[],"tiered_pricing_product_settings":{"layout":"default","base_unit_name":{"singular":null,"plural":null},"default_variation":null},"tiered_pricing_minimum_quantity":null,"tiered_pricing_roles_data":[],"tiered_pricing_percentage_rules":[],"_links":{"self":[{"href":"https:\/\/vapingnet.de\/it\/wp-json\/wp\/v2\/product\/6617","targetHints":{"allow":["GET"]}}],"collection":[{"href":"https:\/\/vapingnet.de\/it\/wp-json\/wp\/v2\/product"}],"about":[{"href":"https:\/\/vapingnet.de\/it\/wp-json\/wp\/v2\/types\/product"}],"version-history":[{"count":4,"href":"https:\/\/vapingnet.de\/it\/wp-json\/wp\/v2\/product\/6617\/revisions"}],"predecessor-version":[{"id":6879,"href":"https:\/\/vapingnet.de\/it\/wp-json\/wp\/v2\/product\/6617\/revisions\/6879"}],"wp:featuredmedia":[{"embeddable":true,"href":"https:\/\/vapingnet.de\/it\/wp-json\/wp\/v2\/media\/6612"}],"wp:attachment":[{"href":"https:\/\/vapingnet.de\/it\/wp-json\/wp\/v2\/media?parent=6617"}],"wp:term":[{"taxonomy":"brand","embeddable":true,"href":"https:\/\/vapingnet.de\/it\/wp-json\/wp\/v2\/etheme_brands?post=6617"},{"taxonomy":"product_brand","embeddable":true,"href":"https:\/\/vapingnet.de\/it\/wp-json\/wp\/v2\/product_brand?post=6617"},{"taxonomy":"product_cat","embeddable":true,"href":"https:\/\/vapingnet.de\/it\/wp-json\/wp\/v2\/product_cat?post=6617"},{"taxonomy":"product_tag","embeddable":true,"href":"https:\/\/vapingnet.de\/it\/wp-json\/wp\/v2\/product_tag?post=6617"}],"curies":[{"name":"wp","href":"https:\/\/api.w.org\/{rel}","templated":true}]}}