{"id":6618,"date":"2025-04-29T02:53:25","date_gmt":"2025-04-29T02:53:25","guid":{"rendered":"https:\/\/vapingnet.de\/?post_type=product&#038;p=6618"},"modified":"2026-04-15T09:17:06","modified_gmt":"2026-04-15T09:17:06","slug":"entdecken-sie-den-einmaligen-strawberry-mango-geschmack-mit-waspe-12000-puffs-topqualitaet-jetzt-bestellen","status":"publish","type":"product","link":"https:\/\/vapingnet.de\/it\/vape\/entdecken-sie-den-einmaligen-strawberry-mango-geschmack-mit-waspe-12000-puffs-topqualitaet-jetzt-bestellen\/","title":{"rendered":"Scopri il gusto unico di Strawberry Mango con WASPE 12000 Puff di alta qualit\u00e0 Ordina ora"},"content":{"rendered":"<h2 data-start=\"0\" data-end=\"70\" data-immersive-translate-walked=\"fc234c5d-dea7-4f23-b578-5136c32b6017\">WASPE 12000 Puff: Svapo a lungo termine per utenti esigenti<\/h2>\n<p class=\"\" data-start=\"72\" data-end=\"409\" data-immersive-translate-walked=\"fc234c5d-dea7-4f23-b578-5136c32b6017\" data-immersive-translate-paragraph=\"1\">La WASPE 12000 Puff \u00e8 molto pi\u00f9 di una semplice sigaretta elettronica usa e getta. Combina tecnologia avanzata, prestazioni eccezionali e design elegante per portare lo svapo a un nuovo livello. Con una vasta gamma di funzioni, questo modello \u00e8 pensato per gli svapatori che cercano alte prestazioni e lunga durata.<\/p>\n<h3 class=\"\" data-start=\"411\" data-end=\"454\" data-immersive-translate-walked=\"fc234c5d-dea7-4f23-b578-5136c32b6017\">Utilizzo pi\u00f9 lungo \u2013 Fino a 12000 puff<\/h3>\n<p class=\"\" data-start=\"456\" data-end=\"812\" data-immersive-translate-walked=\"fc234c5d-dea7-4f23-b578-5136c32b6017\" data-immersive-translate-paragraph=\"1\">Con un sorprendente numero di 12000 puff, la WASPE 12000 Puff \u00e8 un vero e proprio lavoratore tra le sigarette elettroniche usa e getta. Che tu la usi in viaggio o nella vita quotidiana, la lunga durata assicura che non sia necessario ricaricare frequentemente o cambiare dispositivo. Goditi molte ore di svapo continuo con un solo dispositivo.<\/p>\n<ul data-start=\"814\" data-end=\"910\" data-immersive-translate-walked=\"fc234c5d-dea7-4f23-b578-5136c32b6017\">\n<li class=\"\" data-start=\"814\" data-end=\"849\" data-immersive-translate-walked=\"fc234c5d-dea7-4f23-b578-5136c32b6017\">\n<p class=\"\" data-start=\"816\" data-end=\"849\" data-immersive-translate-walked=\"fc234c5d-dea7-4f23-b578-5136c32b6017\" data-immersive-translate-paragraph=\"1\">Lunga durata: 12000 puff<\/p>\n<\/li>\n<li class=\"\" data-start=\"850\" data-end=\"910\" data-immersive-translate-walked=\"fc234c5d-dea7-4f23-b578-5136c32b6017\">\n<p class=\"\" data-start=\"852\" data-end=\"910\" data-immersive-translate-walked=\"fc234c5d-dea7-4f23-b578-5136c32b6017\" data-immersive-translate-paragraph=\"1\">Pratico: Sigaretta elettronica usa e getta per uno svapo senza stress<\/p>\n<\/li>\n<\/ul>\n<h4 data-start=\"912\" data-end=\"966\" data-immersive-translate-walked=\"fc234c5d-dea7-4f23-b578-5136c32b6017\">Vasta gamma di livelli di nicotina per ogni gusto<\/h4>\n<p class=\"\" data-start=\"968\" data-end=\"1304\" data-immersive-translate-walked=\"fc234c5d-dea7-4f23-b578-5136c32b6017\" data-immersive-translate-paragraph=\"1\">La WASPE 12000 Puff offre una vasta gamma di livelli di nicotina, adatti a tutte le preferenze. Scegli tra le opzioni 0%, 2%, 3% e 5% per personalizzare la tua esperienza di svapo secondo i tuoi desideri. Che tu preferisca vapore senza nicotina o una spinta pi\u00f9 forte, questa sigaretta elettronica usa e getta offre la scelta giusta.<\/p>\n<ul data-start=\"1306\" data-end=\"1353\" data-immersive-translate-walked=\"fc234c5d-dea7-4f23-b578-5136c32b6017\">\n<li class=\"\" data-start=\"1306\" data-end=\"1353\" data-immersive-translate-walked=\"fc234c5d-dea7-4f23-b578-5136c32b6017\">\n<p class=\"\" data-start=\"1308\" data-end=\"1353\" data-immersive-translate-walked=\"fc234c5d-dea7-4f23-b578-5136c32b6017\" data-immersive-translate-paragraph=\"1\">Nivelli di nicotina disponibili: 0%, 2%, 3%, 5%<\/p>\n<\/li>\n<\/ul>\n<h4 data-start=\"1355\" data-end=\"1398\" data-immersive-translate-walked=\"fc234c5d-dea7-4f23-b578-5136c32b6017\">Piacere fruttato: Strawberry Mango<\/h4>\n<p class=\"\" data-start=\"1400\" data-end=\"1676\" data-immersive-translate-walked=\"fc234c5d-dea7-4f23-b578-5136c32b6017\" data-immersive-translate-paragraph=\"1\">La combinazione di gusto tra fragola e mango \u00e8 una tentazione tropicale. Il sapore dolce e allo stesso tempo rinfrescante garantisce un piacere di svapo che vorrai ripetere. Questo gusto \u00e8 ideale per chi preferisce aromi fruttati e dolci.<\/p>\n<ul data-start=\"1678\" data-end=\"1743\" data-immersive-translate-walked=\"fc234c5d-dea7-4f23-b578-5136c32b6017\">\n<li class=\"\" data-start=\"1678\" data-end=\"1743\" data-immersive-translate-walked=\"fc234c5d-dea7-4f23-b578-5136c32b6017\">\n<p class=\"\" data-start=\"1680\" data-end=\"1743\" data-immersive-translate-walked=\"fc234c5d-dea7-4f23-b578-5136c32b6017\" data-immersive-translate-paragraph=\"1\">Gusto: Strawberry Mango \u2013 fruttato, dolce e rinfrescante<\/p>\n<\/li>\n<\/ul>\n<h4 data-start=\"1745\" data-end=\"1796\" data-immersive-translate-walked=\"fc234c5d-dea7-4f23-b578-5136c32b6017\">Tecnologia per un'esperienza di svapo ottimale<\/h4>\n<p class=\"\" data-start=\"1798\" data-end=\"2136\" data-immersive-translate-walked=\"fc234c5d-dea7-4f23-b578-5136c32b6017\" data-immersive-translate-paragraph=\"1\">La WASPE 12000 Puff \u00e8 dotata di una batteria da 650mAh, che garantisce un uso prolungato. Con la moderna porta di ricarica Type-C puoi ricaricare rapidamente la batteria e avere sempre un dispositivo completamente carico. La coil mesh da 0,8 Ohm assicura vapore uniforme e sapore intenso, rendendo ogni inalazione un piacere.<\/p>\n<ul data-start=\"2138\" data-end=\"2300\" data-immersive-translate-walked=\"fc234c5d-dea7-4f23-b578-5136c32b6017\">\n<li class=\"\" data-start=\"2138\" data-end=\"2192\" data-immersive-translate-walked=\"fc234c5d-dea7-4f23-b578-5136c32b6017\">\n<p class=\"\" data-start=\"2140\" data-end=\"2192\" data-immersive-translate-walked=\"fc234c5d-dea7-4f23-b578-5136c32b6017\" data-immersive-translate-paragraph=\"1\">Capacit\u00e0 della batteria: 650mAh per un uso prolungato<\/p>\n<\/li>\n<li class=\"\" data-start=\"2193\" data-end=\"2236\" data-immersive-translate-walked=\"fc234c5d-dea7-4f23-b578-5136c32b6017\">\n<p class=\"\" data-start=\"2195\" data-end=\"2236\" data-immersive-translate-walked=\"fc234c5d-dea7-4f23-b578-5136c32b6017\" data-immersive-translate-paragraph=\"1\">Ricarica rapida: porta di ricarica Type-C<\/p>\n<\/li>\n<li class=\"\" data-start=\"2237\" data-end=\"2300\" data-immersive-translate-walked=\"fc234c5d-dea7-4f23-b578-5136c32b6017\">\n<p class=\"\" data-start=\"2239\" data-end=\"2300\" data-immersive-translate-walked=\"fc234c5d-dea7-4f23-b578-5136c32b6017\" data-immersive-translate-paragraph=\"1\">Bobina mesh: 0,8 Ohm per sapore e vapore uniformi<\/p>\n<\/li>\n<\/ul>\n<h4 data-start=\"2302\" data-end=\"2352\" data-immersive-translate-walked=\"fc234c5d-dea7-4f23-b578-5136c32b6017\">Facile da usare grazie all'attivazione a puff<\/h4>\n<p class=\"\" data-start=\"2354\" data-end=\"2685\" data-immersive-translate-walked=\"fc234c5d-dea7-4f23-b578-5136c32b6017\" data-immersive-translate-paragraph=\"1\">La WASPE 12000 Puff \u00e8 estremamente facile da usare. Dispone di un'attivazione a puff, il che significa che basta tirare sulla sigaretta elettronica per attivare il vapore \u2013 senza pulsanti o impostazioni complicate. Questa funzione rende la WASPE una scelta pratica per gli svapatori che vogliono godersi il piacere senza complicazioni.<\/p>\n<ul data-start=\"2687\" data-end=\"2824\" data-immersive-translate-walked=\"fc234c5d-dea7-4f23-b578-5136c32b6017\">\n<li class=\"\" data-start=\"2687\" data-end=\"2730\" data-immersive-translate-walked=\"fc234c5d-dea7-4f23-b578-5136c32b6017\">\n<p class=\"\" data-start=\"2689\" data-end=\"2730\" data-immersive-translate-walked=\"fc234c5d-dea7-4f23-b578-5136c32b6017\" data-immersive-translate-paragraph=\"1\">Attivazione a puff: tira e gusta<\/p>\n<\/li>\n<li class=\"\" data-start=\"2731\" data-end=\"2824\" data-immersive-translate-walked=\"fc234c5d-dea7-4f23-b578-5136c32b6017\">\n<p class=\"\" data-start=\"2733\" data-end=\"2824\" data-immersive-translate-walked=\"fc234c5d-dea7-4f23-b578-5136c32b6017\" data-immersive-translate-paragraph=\"1\">Esperienza MTL: ideale per gli svapatori che preferiscono il tradizionale svapo a bocca e polmone<\/p>\n<\/li>\n<\/ul>\n<h4 data-start=\"2826\" data-end=\"2877\" data-immersive-translate-walked=\"fc234c5d-dea7-4f23-b578-5136c32b6017\">Illuminazione RGB: stile e funzionalit\u00e0<\/h4>\n<p class=\"\" data-start=\"2879\" data-end=\"3166\" data-immersive-translate-walked=\"fc234c5d-dea7-4f23-b578-5136c32b6017\" data-immersive-translate-paragraph=\"1\">Il design moderno della WASPE 12000 Puffs \u00e8 arricchito dall'illuminazione RGB integrata. Questa crea un effetto visivo che risalta particolarmente in assenza di luce. L'illuminazione rende l'esperienza di svapo elegante, valorizzando ulteriormente la tecnologia.<\/p>\n<ul data-start=\"3168\" data-end=\"3230\" data-immersive-translate-walked=\"fc234c5d-dea7-4f23-b578-5136c32b6017\">\n<li class=\"\" data-start=\"3168\" data-end=\"3230\" data-immersive-translate-walked=\"fc234c5d-dea7-4f23-b578-5136c32b6017\">\n<p class=\"\" data-start=\"3170\" data-end=\"3230\" data-immersive-translate-walked=\"fc234c5d-dea7-4f23-b578-5136c32b6017\" data-immersive-translate-paragraph=\"1\">Illuminazione RGB: per un look moderno e accattivante<\/p>\n<\/li>\n<\/ul>\n<h4 data-start=\"3232\" data-end=\"3288\" data-immersive-translate-walked=\"fc234c5d-dea7-4f23-b578-5136c32b6017\">Consegna senza tasse direttamente a casa tua<\/h4>\n<p class=\"\" data-start=\"3290\" data-end=\"3556\" data-immersive-translate-walked=\"fc234c5d-dea7-4f23-b578-5136c32b6017\" data-immersive-translate-paragraph=\"1\">La WASPE 12000 Puffs \u00e8 disponibile su vapingnet.de, dove puoi beneficiare di una consegna rapida e senza tasse. Non devi preoccuparti delle spese doganali e il tuo ordine sar\u00e0 consegnato direttamente a casa tua in 7-15 giorni lavorativi.<\/p>\n<ul data-start=\"3558\" data-end=\"3635\" data-immersive-translate-walked=\"fc234c5d-dea7-4f23-b578-5136c32b6017\">\n<li class=\"\" data-start=\"3558\" data-end=\"3589\" data-immersive-translate-walked=\"fc234c5d-dea7-4f23-b578-5136c32b6017\">\n<p class=\"\" data-start=\"3560\" data-end=\"3589\" data-immersive-translate-walked=\"fc234c5d-dea7-4f23-b578-5136c32b6017\" data-immersive-translate-paragraph=\"1\">Tempi di consegna: 7-15 giorni lavorativi<\/p>\n<\/li>\n<li class=\"\" data-start=\"3590\" data-end=\"3635\" data-immersive-translate-walked=\"fc234c5d-dea7-4f23-b578-5136c32b6017\">\n<p class=\"\" data-start=\"3592\" data-end=\"3635\" data-immersive-translate-walked=\"fc234c5d-dea7-4f23-b578-5136c32b6017\" data-immersive-translate-paragraph=\"1\">Senza tasse: nessun costo aggiuntivo<\/p>\n<\/li>\n<\/ul>","protected":false},"excerpt":{"rendered":"<p>WASPE 12000 Puffs: Langfristiger Dampfen f\u00fcr anspruchsvolle Nutzer Die WASPE 12000 Puffs ist mehr als nur eine gew\u00f6hnliche Einweg-E-Zigarette. Sie vereint fortschrittliche Technik, au\u00dfergew\u00f6hnliche Leistung&#8230;<\/p>","protected":false},"featured_media":6609,"template":"","meta":[],"etheme_brands":[],"product_brand":[98],"product_cat":[88,49,61],"product_tag":[],"class_list":{"0":"post-6618","1":"product","2":"type-product","3":"status-publish","4":"has-post-thumbnail","6":"product_brand-waspe-vape","7":"product_cat-12k-vape","8":"product_cat-einweg-e-zigarette","9":"product_cat-f","11":"first","12":"instock","13":"shipping-taxable","14":"purchasable","15":"product-type-variable"},"yoast_head":"<!-- This site is optimized with the Yoast SEO plugin v26.5 - https:\/\/yoast.com\/wordpress\/plugins\/seo\/ -->\n<title>Entdecken Sie Den Einmaligen Strawberry Mango Geschmack Mit WASPE 12000 Puffs Topqualit\u00e4t Jetzt Bestellen | Vapingnet.de<\/title>\n<meta name=\"description\" content=\"Entdecke Entdecken Sie Den Einmaligen Strawberry Mango Geschmack Mit WASPE 12000 Puffs Topqualit\u00e4t Jetzt Bestellen bei vapingnet.de, \u25ba Gro\u00dfe Auswahl an Geschmacksrichtungen &amp; super g\u00fcnstig!\" \/>\n<meta name=\"robots\" content=\"index, follow, max-snippet:-1, max-image-preview:large, max-video-preview:-1\" \/>\n<link rel=\"canonical\" href=\"https:\/\/vapingnet.de\/it\/vape\/entdecken-sie-den-einmaligen-strawberry-mango-geschmack-mit-waspe-12000-puffs-topqualitaet-jetzt-bestellen\/\" \/>\n<meta property=\"og:locale\" content=\"it_IT\" \/>\n<meta property=\"og:type\" content=\"article\" \/>\n<meta property=\"og:title\" content=\"Entdecken Sie Den Einmaligen Strawberry Mango Geschmack Mit WASPE 12000 Puffs Topqualit\u00e4t Jetzt Bestellen | Vapingnet.de\" \/>\n<meta property=\"og:description\" content=\"Entdecke Entdecken Sie Den Einmaligen Strawberry Mango Geschmack Mit WASPE 12000 Puffs Topqualit\u00e4t Jetzt Bestellen bei vapingnet.de, \u25ba Gro\u00dfe Auswahl an Geschmacksrichtungen &amp; super g\u00fcnstig!\" \/>\n<meta property=\"og:url\" content=\"https:\/\/vapingnet.de\/it\/vape\/entdecken-sie-den-einmaligen-strawberry-mango-geschmack-mit-waspe-12000-puffs-topqualitaet-jetzt-bestellen\/\" \/>\n<meta property=\"og:site_name\" content=\"Vapingnet.de\" \/>\n<meta property=\"article:publisher\" content=\"https:\/\/www.facebook.com\/vapingnetde\/\" \/>\n<meta property=\"article:modified_time\" content=\"2026-04-15T09:17:06+00:00\" \/>\n<meta property=\"og:image\" content=\"https:\/\/vapingnet.de\/wp-content\/uploads\/2025\/04\/Strawberry-Mango-1.webp\" \/>\n\t<meta property=\"og:image:width\" content=\"1000\" \/>\n\t<meta property=\"og:image:height\" content=\"1000\" \/>\n\t<meta property=\"og:image:type\" content=\"image\/webp\" \/>\n<meta name=\"twitter:card\" content=\"summary_large_image\" \/>\n<meta name=\"twitter:label1\" content=\"Est. reading time\" \/>\n\t<meta name=\"twitter:data1\" content=\"3 minutes\" \/>\n<script type=\"application\/ld+json\" class=\"yoast-schema-graph\">{\"@context\":\"https:\/\/schema.org\",\"@graph\":[{\"@type\":\"WebPage\",\"@id\":\"https:\/\/vapingnet.de\/vape\/entdecken-sie-den-einmaligen-strawberry-mango-geschmack-mit-waspe-12000-puffs-topqualitaet-jetzt-bestellen\/\",\"url\":\"https:\/\/vapingnet.de\/vape\/entdecken-sie-den-einmaligen-strawberry-mango-geschmack-mit-waspe-12000-puffs-topqualitaet-jetzt-bestellen\/\",\"name\":\"Entdecken Sie Den Einmaligen Strawberry Mango Geschmack Mit WASPE 12000 Puffs Topqualit\u00e4t Jetzt Bestellen | Vapingnet.de\",\"isPartOf\":{\"@id\":\"https:\/\/vapingnet.de\/#website\"},\"primaryImageOfPage\":{\"@id\":\"https:\/\/vapingnet.de\/vape\/entdecken-sie-den-einmaligen-strawberry-mango-geschmack-mit-waspe-12000-puffs-topqualitaet-jetzt-bestellen\/#primaryimage\"},\"image\":{\"@id\":\"https:\/\/vapingnet.de\/vape\/entdecken-sie-den-einmaligen-strawberry-mango-geschmack-mit-waspe-12000-puffs-topqualitaet-jetzt-bestellen\/#primaryimage\"},\"thumbnailUrl\":\"https:\/\/vapingnet.de\/wp-content\/uploads\/2025\/04\/Strawberry-Mango-1.webp\",\"datePublished\":\"2025-04-29T02:53:25+00:00\",\"dateModified\":\"2026-04-15T09:17:06+00:00\",\"description\":\"Entdecke Entdecken Sie Den Einmaligen Strawberry Mango Geschmack Mit WASPE 12000 Puffs Topqualit\u00e4t Jetzt Bestellen bei vapingnet.de, \u25ba Gro\u00dfe Auswahl an Geschmacksrichtungen & super g\u00fcnstig!\",\"breadcrumb\":{\"@id\":\"https:\/\/vapingnet.de\/vape\/entdecken-sie-den-einmaligen-strawberry-mango-geschmack-mit-waspe-12000-puffs-topqualitaet-jetzt-bestellen\/#breadcrumb\"},\"inLanguage\":\"it-IT\",\"potentialAction\":[{\"@type\":\"ReadAction\",\"target\":[\"https:\/\/vapingnet.de\/vape\/entdecken-sie-den-einmaligen-strawberry-mango-geschmack-mit-waspe-12000-puffs-topqualitaet-jetzt-bestellen\/\"]}]},{\"@type\":\"ImageObject\",\"inLanguage\":\"it-IT\",\"@id\":\"https:\/\/vapingnet.de\/vape\/entdecken-sie-den-einmaligen-strawberry-mango-geschmack-mit-waspe-12000-puffs-topqualitaet-jetzt-bestellen\/#primaryimage\",\"url\":\"https:\/\/vapingnet.de\/wp-content\/uploads\/2025\/04\/Strawberry-Mango-1.webp\",\"contentUrl\":\"https:\/\/vapingnet.de\/wp-content\/uploads\/2025\/04\/Strawberry-Mango-1.webp\",\"width\":1000,\"height\":1000},{\"@type\":\"BreadcrumbList\",\"@id\":\"https:\/\/vapingnet.de\/vape\/entdecken-sie-den-einmaligen-strawberry-mango-geschmack-mit-waspe-12000-puffs-topqualitaet-jetzt-bestellen\/#breadcrumb\",\"itemListElement\":[{\"@type\":\"ListItem\",\"position\":1,\"name\":\"Home\",\"item\":\"https:\/\/vapingnet.de\/\"},{\"@type\":\"ListItem\",\"position\":2,\"name\":\"Shop\",\"item\":\"https:\/\/vapingnet.de\/vape\/\"},{\"@type\":\"ListItem\",\"position\":3,\"name\":\"Entdecken Sie Den Einmaligen Strawberry Mango Geschmack Mit WASPE 12000 Puffs Topqualit\u00e4t Jetzt Bestellen\"}]},{\"@type\":\"WebSite\",\"@id\":\"https:\/\/vapingnet.de\/#website\",\"url\":\"https:\/\/vapingnet.de\/\",\"name\":\"Vapingnet.de\",\"description\":\"\",\"publisher\":{\"@id\":\"https:\/\/vapingnet.de\/#organization\"},\"potentialAction\":[{\"@type\":\"SearchAction\",\"target\":{\"@type\":\"EntryPoint\",\"urlTemplate\":\"https:\/\/vapingnet.de\/?s={search_term_string}\"},\"query-input\":{\"@type\":\"PropertyValueSpecification\",\"valueRequired\":true,\"valueName\":\"search_term_string\"}}],\"inLanguage\":\"it-IT\"},{\"@type\":\"Organization\",\"@id\":\"https:\/\/vapingnet.de\/#organization\",\"name\":\"Vapingnet.de\",\"url\":\"https:\/\/vapingnet.de\/\",\"logo\":{\"@type\":\"ImageObject\",\"inLanguage\":\"it-IT\",\"@id\":\"https:\/\/vapingnet.de\/#\/schema\/logo\/image\/\",\"url\":\"https:\/\/vapingnet.de\/wp-content\/uploads\/2025\/03\/cropped-vapingnet.de_.jpg\",\"contentUrl\":\"https:\/\/vapingnet.de\/wp-content\/uploads\/2025\/03\/cropped-vapingnet.de_.jpg\",\"width\":512,\"height\":512,\"caption\":\"Vapingnet.de\"},\"image\":{\"@id\":\"https:\/\/vapingnet.de\/#\/schema\/logo\/image\/\"},\"sameAs\":[\"https:\/\/www.facebook.com\/vapingnetde\/\"]}]}<\/script>\n<!-- \/ Yoast SEO plugin. -->","yoast_head_json":{"title":"Entdecken Sie Den Einmaligen Strawberry Mango Geschmack Mit WASPE 12000 Puffs Topqualit\u00e4t Jetzt Bestellen | Vapingnet.de","description":"Entdecke Entdecken Sie Den Einmaligen Strawberry Mango Geschmack Mit WASPE 12000 Puffs Topqualit\u00e4t Jetzt Bestellen bei vapingnet.de, \u25ba Gro\u00dfe Auswahl an Geschmacksrichtungen & super g\u00fcnstig!","robots":{"index":"index","follow":"follow","max-snippet":"max-snippet:-1","max-image-preview":"max-image-preview:large","max-video-preview":"max-video-preview:-1"},"canonical":"https:\/\/vapingnet.de\/it\/vape\/entdecken-sie-den-einmaligen-strawberry-mango-geschmack-mit-waspe-12000-puffs-topqualitaet-jetzt-bestellen\/","og_locale":"it_IT","og_type":"article","og_title":"Entdecken Sie Den Einmaligen Strawberry Mango Geschmack Mit WASPE 12000 Puffs Topqualit\u00e4t Jetzt Bestellen | Vapingnet.de","og_description":"Entdecke Entdecken Sie Den Einmaligen Strawberry Mango Geschmack Mit WASPE 12000 Puffs Topqualit\u00e4t Jetzt Bestellen bei vapingnet.de, \u25ba Gro\u00dfe Auswahl an Geschmacksrichtungen & super g\u00fcnstig!","og_url":"https:\/\/vapingnet.de\/it\/vape\/entdecken-sie-den-einmaligen-strawberry-mango-geschmack-mit-waspe-12000-puffs-topqualitaet-jetzt-bestellen\/","og_site_name":"Vapingnet.de","article_publisher":"https:\/\/www.facebook.com\/vapingnetde\/","article_modified_time":"2026-04-15T09:17:06+00:00","og_image":[{"width":1000,"height":1000,"url":"https:\/\/vapingnet.de\/wp-content\/uploads\/2025\/04\/Strawberry-Mango-1.webp","type":"image\/webp"}],"twitter_card":"summary_large_image","twitter_misc":{"Est. reading time":"3 minutes"},"schema":{"@context":"https:\/\/schema.org","@graph":[{"@type":"WebPage","@id":"https:\/\/vapingnet.de\/vape\/entdecken-sie-den-einmaligen-strawberry-mango-geschmack-mit-waspe-12000-puffs-topqualitaet-jetzt-bestellen\/","url":"https:\/\/vapingnet.de\/vape\/entdecken-sie-den-einmaligen-strawberry-mango-geschmack-mit-waspe-12000-puffs-topqualitaet-jetzt-bestellen\/","name":"Entdecken Sie Den Einmaligen Strawberry Mango Geschmack Mit WASPE 12000 Puffs Topqualit\u00e4t Jetzt Bestellen | Vapingnet.de","isPartOf":{"@id":"https:\/\/vapingnet.de\/#website"},"primaryImageOfPage":{"@id":"https:\/\/vapingnet.de\/vape\/entdecken-sie-den-einmaligen-strawberry-mango-geschmack-mit-waspe-12000-puffs-topqualitaet-jetzt-bestellen\/#primaryimage"},"image":{"@id":"https:\/\/vapingnet.de\/vape\/entdecken-sie-den-einmaligen-strawberry-mango-geschmack-mit-waspe-12000-puffs-topqualitaet-jetzt-bestellen\/#primaryimage"},"thumbnailUrl":"https:\/\/vapingnet.de\/wp-content\/uploads\/2025\/04\/Strawberry-Mango-1.webp","datePublished":"2025-04-29T02:53:25+00:00","dateModified":"2026-04-15T09:17:06+00:00","description":"Entdecke Entdecken Sie Den Einmaligen Strawberry Mango Geschmack Mit WASPE 12000 Puffs Topqualit\u00e4t Jetzt Bestellen bei vapingnet.de, \u25ba Gro\u00dfe Auswahl an Geschmacksrichtungen & super g\u00fcnstig!","breadcrumb":{"@id":"https:\/\/vapingnet.de\/vape\/entdecken-sie-den-einmaligen-strawberry-mango-geschmack-mit-waspe-12000-puffs-topqualitaet-jetzt-bestellen\/#breadcrumb"},"inLanguage":"it-IT","potentialAction":[{"@type":"ReadAction","target":["https:\/\/vapingnet.de\/vape\/entdecken-sie-den-einmaligen-strawberry-mango-geschmack-mit-waspe-12000-puffs-topqualitaet-jetzt-bestellen\/"]}]},{"@type":"ImageObject","inLanguage":"it-IT","@id":"https:\/\/vapingnet.de\/vape\/entdecken-sie-den-einmaligen-strawberry-mango-geschmack-mit-waspe-12000-puffs-topqualitaet-jetzt-bestellen\/#primaryimage","url":"https:\/\/vapingnet.de\/wp-content\/uploads\/2025\/04\/Strawberry-Mango-1.webp","contentUrl":"https:\/\/vapingnet.de\/wp-content\/uploads\/2025\/04\/Strawberry-Mango-1.webp","width":1000,"height":1000},{"@type":"BreadcrumbList","@id":"https:\/\/vapingnet.de\/vape\/entdecken-sie-den-einmaligen-strawberry-mango-geschmack-mit-waspe-12000-puffs-topqualitaet-jetzt-bestellen\/#breadcrumb","itemListElement":[{"@type":"ListItem","position":1,"name":"Home","item":"https:\/\/vapingnet.de\/"},{"@type":"ListItem","position":2,"name":"Shop","item":"https:\/\/vapingnet.de\/vape\/"},{"@type":"ListItem","position":3,"name":"Entdecken Sie Den Einmaligen Strawberry Mango Geschmack Mit WASPE 12000 Puffs Topqualit\u00e4t Jetzt Bestellen"}]},{"@type":"WebSite","@id":"https:\/\/vapingnet.de\/#website","url":"https:\/\/vapingnet.de\/","name":"Vapingnet.de","description":"","publisher":{"@id":"https:\/\/vapingnet.de\/#organization"},"potentialAction":[{"@type":"SearchAction","target":{"@type":"EntryPoint","urlTemplate":"https:\/\/vapingnet.de\/?s={search_term_string}"},"query-input":{"@type":"PropertyValueSpecification","valueRequired":true,"valueName":"search_term_string"}}],"inLanguage":"it-IT"},{"@type":"Organization","@id":"https:\/\/vapingnet.de\/#organization","name":"Vapingnet.de","url":"https:\/\/vapingnet.de\/","logo":{"@type":"ImageObject","inLanguage":"it-IT","@id":"https:\/\/vapingnet.de\/#\/schema\/logo\/image\/","url":"https:\/\/vapingnet.de\/wp-content\/uploads\/2025\/03\/cropped-vapingnet.de_.jpg","contentUrl":"https:\/\/vapingnet.de\/wp-content\/uploads\/2025\/03\/cropped-vapingnet.de_.jpg","width":512,"height":512,"caption":"Vapingnet.de"},"image":{"@id":"https:\/\/vapingnet.de\/#\/schema\/logo\/image\/"},"sameAs":["https:\/\/www.facebook.com\/vapingnetde\/"]}]}},"tiered_pricing_type":"fixed","tiered_pricing_fixed_rules":[],"tiered_pricing_product_settings":{"layout":"default","base_unit_name":{"singular":null,"plural":null},"default_variation":null},"tiered_pricing_minimum_quantity":null,"tiered_pricing_roles_data":[],"tiered_pricing_percentage_rules":[],"_links":{"self":[{"href":"https:\/\/vapingnet.de\/it\/wp-json\/wp\/v2\/product\/6618","targetHints":{"allow":["GET"]}}],"collection":[{"href":"https:\/\/vapingnet.de\/it\/wp-json\/wp\/v2\/product"}],"about":[{"href":"https:\/\/vapingnet.de\/it\/wp-json\/wp\/v2\/types\/product"}],"version-history":[{"count":4,"href":"https:\/\/vapingnet.de\/it\/wp-json\/wp\/v2\/product\/6618\/revisions"}],"predecessor-version":[{"id":6635,"href":"https:\/\/vapingnet.de\/it\/wp-json\/wp\/v2\/product\/6618\/revisions\/6635"}],"wp:featuredmedia":[{"embeddable":true,"href":"https:\/\/vapingnet.de\/it\/wp-json\/wp\/v2\/media\/6609"}],"wp:attachment":[{"href":"https:\/\/vapingnet.de\/it\/wp-json\/wp\/v2\/media?parent=6618"}],"wp:term":[{"taxonomy":"brand","embeddable":true,"href":"https:\/\/vapingnet.de\/it\/wp-json\/wp\/v2\/etheme_brands?post=6618"},{"taxonomy":"product_brand","embeddable":true,"href":"https:\/\/vapingnet.de\/it\/wp-json\/wp\/v2\/product_brand?post=6618"},{"taxonomy":"product_cat","embeddable":true,"href":"https:\/\/vapingnet.de\/it\/wp-json\/wp\/v2\/product_cat?post=6618"},{"taxonomy":"product_tag","embeddable":true,"href":"https:\/\/vapingnet.de\/it\/wp-json\/wp\/v2\/product_tag?post=6618"}],"curies":[{"name":"wp","href":"https:\/\/api.w.org\/{rel}","templated":true}]}}