{"id":6620,"date":"2025-04-29T02:53:38","date_gmt":"2025-04-29T02:53:38","guid":{"rendered":"https:\/\/vapingnet.de\/?post_type=product&#038;p=6620"},"modified":"2026-04-15T09:16:11","modified_gmt":"2026-04-15T09:16:11","slug":"lassen-sie-sich-von-waspe-12000-puffs-in-strawberry-pitaya-lemonade-verfuehren-topqualitaet-zum-besten-preis","status":"publish","type":"product","link":"https:\/\/vapingnet.de\/it\/vape\/lassen-sie-sich-von-waspe-12000-puffs-in-strawberry-pitaya-lemonade-verfuehren-topqualitaet-zum-besten-preis\/","title":{"rendered":"Lasciati Sedurre Da WASPE 12000 Puffs In Strawberry Pitaya Lemonade Qualit\u00e0 Superiore al Miglior Prezzo"},"content":{"rendered":"<h2 data-start=\"0\" data-end=\"99\">WASPE 12000 Puff E-Sigaretta usa e getta: Il massimo piacere del vapore con gusto di frutta fresca<\/h2>\n<p class=\"\" data-start=\"101\" data-end=\"436\">Per tutti i vapers che cercano una e-sigaretta usa e getta potente e facile da usare, la WASPE 12000 Puff offre esattamente ci\u00f2 di cui hanno bisogno. Con tecnologia all'avanguardia, un piacere di vapore incredibilmente lungo e un gusto rinfrescante, questo modello \u00e8 una scelta perfetta per il vaper esigente.<\/p>\n<h3 data-start=\"438\" data-end=\"498\">1. Caratteristiche eccezionali della WASPE 12000 Puff<\/h3>\n<ul data-start=\"500\" data-end=\"1600\">\n<li class=\"\" data-start=\"500\" data-end=\"796\">\n<p class=\"\" data-start=\"502\" data-end=\"796\">Batteria e capacit\u00e0 di puff<br data-start=\"529\" data-end=\"532\" \/>Con una capacit\u00e0 di 650mAh e una durata di 12000 puff, la WASPE 12000 Puff offre un tempo di utilizzo straordinariamente lungo. La e-sigaretta \u00e8 ideale per chi desidera vaporizzare tutto il giorno o anche pi\u00f9 giorni senza dover ricaricare continuamente.<\/p>\n<\/li>\n<li class=\"\" data-start=\"798\" data-end=\"1045\">\n<p class=\"\" data-start=\"800\" data-end=\"1045\">porta di ricarica Type-C<br data-start=\"824\" data-end=\"827\" \/>Grazie alla porta di ricarica Type-C, la ricarica \u00e8 rapida e semplice. Anche quando la batteria si esaurisce, puoi ricaricarla in un attimo e essere sempre pronto per il prossimo vapore.<\/p>\n<\/li>\n<li class=\"\" data-start=\"1047\" data-end=\"1301\">\n<p class=\"\" data-start=\"1049\" data-end=\"1301\">Attivazione a puff<br data-start=\"1069\" data-end=\"1072\" \/>Una delle funzioni pi\u00f9 user-friendly della WASPE 12000 Puff \u00e8 l'attivazione a puff. Basta tirare sulla e-sigaretta e si attiver\u00e0 automaticamente \u2013 nessun pulsante o impostazioni complicate necessarie.<\/p>\n<\/li>\n<li class=\"\" data-start=\"1303\" data-end=\"1600\">\n<p class=\"\" data-start=\"1305\" data-end=\"1600\">Tecnologia MTL<br data-start=\"1324\" data-end=\"1327\" \/>La WASPE 12000 Puff \u00e8 ottimizzata per il vapore MTL (Mouth-to-Lung), che permette di inalare il vapore prima in bocca e poi nei polmoni. Questa tecnica garantisce un'esperienza di fumo autentica, particolarmente adatta a chi passa dalle sigarette tradizionali.<\/p>\n<\/li>\n<\/ul>\n<h4 data-start=\"1602\" data-end=\"1662\">Gusto fresco con Strawberry Pitaya Lemonade<\/h4>\n<p class=\"\" data-start=\"1664\" data-end=\"2005\">L'aroma della WASPE 12000 Puff \u00e8 un piacere per le papille gustative. Con una miscela di fragola dolce, pitaya (frutto del drago) esotica e limonata rinfrescante, il liquido elettronico offre un'esperienza di gusto inconfondibile. Questa combinazione fruttata rende il vapore piacevole e rinfrescante per tutto il giorno.<\/p>\n<h4 data-start=\"2007\" data-end=\"2062\">\u00a0Tecnologia di alta qualit\u00e0 per il miglior gusto<\/h4>\n<p class=\"\" data-start=\"2064\" data-end=\"2478\">La WASPE 12000 Puff utilizza una coil in mesh da 0,8 Ohm, che garantisce una vaporizzazione uniforme e intensifica il sapore. L'elemento riscaldante in mesh con resistenza di 1,0\u03a9 aiuta a ottimizzare il vapore e a valorizzare al massimo tutto l'aroma del liquido elettronico. La tecnologia permette una produzione di vapore stabile e uniforme senza perdita di sapore.<\/p>\n<h4 data-start=\"2480\" data-end=\"2527\">Design compatto e illuminazione RGB<\/h4>\n<p class=\"\" data-start=\"2529\" data-end=\"2864\">La WASPE 12000 Puff si distingue non solo per le sue prestazioni, ma anche per il suo design moderno. Con un peso di soli 82 g, \u00e8 leggera e maneggevole, facile da inserire in qualsiasi tasca. L'illuminazione RGB crea un effetto visivo cool, rendendo l'esperienza di vaporizzazione ancora pi\u00f9 emozionante.<\/p>\n<h3>Vantaggi della WASPE 12000 Puff<\/h3>\n<ul data-start=\"2909\" data-end=\"3559\">\n<li class=\"\" data-start=\"2909\" data-end=\"3035\">\n<p class=\"\" data-start=\"2911\" data-end=\"3035\">Lunga durata del vapore<br data-start=\"2930\" data-end=\"2933\" \/>Con 12000 puff, puoi goderti giorni senza preoccuparti di ricaricare.<\/p>\n<\/li>\n<li class=\"\" data-start=\"3039\" data-end=\"3217\">\n<p class=\"\" data-start=\"3041\" data-end=\"3217\">Ricarica rapida con Type-C<br data-start=\"3074\" data-end=\"3077\" \/>La porta di ricarica Type-C garantisce una ricarica rapida e pratica, cos\u00ec non dovrai aspettare a lungo prima della prossima sessione di vaporizzazione.<\/p>\n<\/li>\n<li class=\"\" data-start=\"3219\" data-end=\"3411\">\n<p class=\"\" data-start=\"3221\" data-end=\"3411\">Facile da usare<br data-start=\"3244\" data-end=\"3247\" \/>Grazie all'attivazione Puff e alla tecnologia MTL, l'uso di WASPE 12000 Puffs \u00e8 estremamente facile e ideale per svapatori di ogni livello di esperienza.<\/p>\n<\/li>\n<li class=\"\" data-start=\"3413\" data-end=\"3559\">\n<p class=\"\" data-start=\"3415\" data-end=\"3559\">Gusto fruttato<br data-start=\"3439\" data-end=\"3442\" \/>La miscela perfetta di fragola, pitaya e limonata offre un'esperienza di gusto fresca e duratura.<\/p>\n<\/li>\n<\/ul>\n<p class=\"\" data-start=\"3579\" data-end=\"3984\">La sigaretta elettronica usa e getta WASPE 12000 Puffs \u00e8 la scelta perfetta per gli svapatori che cercano un'esperienza di svapo potente, facile da usare e intensamente gustosa. Con la sua lunga durata, l'attivazione semplice e il delizioso sapore di Strawberry Pitaya Lemonade, si distingue dagli altri prodotti. Ideale per chi desidera godersi la giornata senza complicazioni.<\/p>","protected":false},"excerpt":{"rendered":"<p>WASPE 12000 Puff E-sigaretta usa e getta: Il massimo piacere del vapore con gusto di frutta fresca Per tutti i vapers che cercano una e-sigaretta usa e getta potente e facile da usare,...<\/p>","protected":false},"featured_media":6610,"template":"","meta":[],"etheme_brands":[],"product_brand":[98],"product_cat":[88,49,61],"product_tag":[],"class_list":{"0":"post-6620","1":"product","2":"type-product","3":"status-publish","4":"has-post-thumbnail","6":"product_brand-waspe-vape","7":"product_cat-12k-vape","8":"product_cat-einweg-e-zigarette","9":"product_cat-f","11":"first","12":"instock","13":"shipping-taxable","14":"purchasable","15":"product-type-variable"},"yoast_head":"<!-- This site is optimized with the Yoast SEO plugin v26.5 - https:\/\/yoast.com\/wordpress\/plugins\/seo\/ -->\n<title>Lassen Sie Sich Von WASPE 12000 Puffs In Strawberry Pitaya Lemonade Verf\u00fchren Topqualit\u00e4t Zum Besten Preis | Vapingnet.de<\/title>\n<meta name=\"description\" content=\"Entdecke Lassen Sie Sich Von WASPE 12000 Puffs In Strawberry Pitaya Lemonade Verf\u00fchren Topqualit\u00e4t Zum Besten Preis bei vapingnet.de, \u25ba Gro\u00dfe Auswahl an Geschmacksrichtungen &amp; super g\u00fcnstig!\" \/>\n<meta name=\"robots\" content=\"index, follow, max-snippet:-1, max-image-preview:large, max-video-preview:-1\" \/>\n<link rel=\"canonical\" href=\"https:\/\/vapingnet.de\/it\/vape\/lassen-sie-sich-von-waspe-12000-puffs-in-strawberry-pitaya-lemonade-verfuehren-topqualitaet-zum-besten-preis\/\" \/>\n<meta property=\"og:locale\" content=\"it_IT\" \/>\n<meta property=\"og:type\" content=\"article\" \/>\n<meta property=\"og:title\" content=\"Lassen Sie Sich Von WASPE 12000 Puffs In Strawberry Pitaya Lemonade Verf\u00fchren Topqualit\u00e4t Zum Besten Preis | Vapingnet.de\" \/>\n<meta property=\"og:description\" content=\"Entdecke Lassen Sie Sich Von WASPE 12000 Puffs In Strawberry Pitaya Lemonade Verf\u00fchren Topqualit\u00e4t Zum Besten Preis bei vapingnet.de, \u25ba Gro\u00dfe Auswahl an Geschmacksrichtungen &amp; super g\u00fcnstig!\" \/>\n<meta property=\"og:url\" content=\"https:\/\/vapingnet.de\/it\/vape\/lassen-sie-sich-von-waspe-12000-puffs-in-strawberry-pitaya-lemonade-verfuehren-topqualitaet-zum-besten-preis\/\" \/>\n<meta property=\"og:site_name\" content=\"Vapingnet.de\" \/>\n<meta property=\"article:publisher\" content=\"https:\/\/www.facebook.com\/vapingnetde\/\" \/>\n<meta property=\"article:modified_time\" content=\"2026-04-15T09:16:11+00:00\" \/>\n<meta property=\"og:image\" content=\"https:\/\/vapingnet.de\/wp-content\/uploads\/2025\/04\/Strawberry-pitaya-lemonade_980.webp\" \/>\n\t<meta property=\"og:image:width\" content=\"1000\" \/>\n\t<meta property=\"og:image:height\" content=\"1000\" \/>\n\t<meta property=\"og:image:type\" content=\"image\/webp\" \/>\n<meta name=\"twitter:card\" content=\"summary_large_image\" \/>\n<meta name=\"twitter:label1\" content=\"Est. reading time\" \/>\n\t<meta name=\"twitter:data1\" content=\"4 minutes\" \/>\n<script type=\"application\/ld+json\" class=\"yoast-schema-graph\">{\"@context\":\"https:\/\/schema.org\",\"@graph\":[{\"@type\":\"WebPage\",\"@id\":\"https:\/\/vapingnet.de\/vape\/lassen-sie-sich-von-waspe-12000-puffs-in-strawberry-pitaya-lemonade-verfuehren-topqualitaet-zum-besten-preis\/\",\"url\":\"https:\/\/vapingnet.de\/vape\/lassen-sie-sich-von-waspe-12000-puffs-in-strawberry-pitaya-lemonade-verfuehren-topqualitaet-zum-besten-preis\/\",\"name\":\"Lassen Sie Sich Von WASPE 12000 Puffs In Strawberry Pitaya Lemonade Verf\u00fchren Topqualit\u00e4t Zum Besten Preis | Vapingnet.de\",\"isPartOf\":{\"@id\":\"https:\/\/vapingnet.de\/#website\"},\"primaryImageOfPage\":{\"@id\":\"https:\/\/vapingnet.de\/vape\/lassen-sie-sich-von-waspe-12000-puffs-in-strawberry-pitaya-lemonade-verfuehren-topqualitaet-zum-besten-preis\/#primaryimage\"},\"image\":{\"@id\":\"https:\/\/vapingnet.de\/vape\/lassen-sie-sich-von-waspe-12000-puffs-in-strawberry-pitaya-lemonade-verfuehren-topqualitaet-zum-besten-preis\/#primaryimage\"},\"thumbnailUrl\":\"https:\/\/vapingnet.de\/wp-content\/uploads\/2025\/04\/Strawberry-pitaya-lemonade_980.webp\",\"datePublished\":\"2025-04-29T02:53:38+00:00\",\"dateModified\":\"2026-04-15T09:16:11+00:00\",\"description\":\"Entdecke Lassen Sie Sich Von WASPE 12000 Puffs In Strawberry Pitaya Lemonade Verf\u00fchren Topqualit\u00e4t Zum Besten Preis bei vapingnet.de, \u25ba Gro\u00dfe Auswahl an Geschmacksrichtungen & super g\u00fcnstig!\",\"breadcrumb\":{\"@id\":\"https:\/\/vapingnet.de\/vape\/lassen-sie-sich-von-waspe-12000-puffs-in-strawberry-pitaya-lemonade-verfuehren-topqualitaet-zum-besten-preis\/#breadcrumb\"},\"inLanguage\":\"it-IT\",\"potentialAction\":[{\"@type\":\"ReadAction\",\"target\":[\"https:\/\/vapingnet.de\/vape\/lassen-sie-sich-von-waspe-12000-puffs-in-strawberry-pitaya-lemonade-verfuehren-topqualitaet-zum-besten-preis\/\"]}]},{\"@type\":\"ImageObject\",\"inLanguage\":\"it-IT\",\"@id\":\"https:\/\/vapingnet.de\/vape\/lassen-sie-sich-von-waspe-12000-puffs-in-strawberry-pitaya-lemonade-verfuehren-topqualitaet-zum-besten-preis\/#primaryimage\",\"url\":\"https:\/\/vapingnet.de\/wp-content\/uploads\/2025\/04\/Strawberry-pitaya-lemonade_980.webp\",\"contentUrl\":\"https:\/\/vapingnet.de\/wp-content\/uploads\/2025\/04\/Strawberry-pitaya-lemonade_980.webp\",\"width\":1000,\"height\":1000},{\"@type\":\"BreadcrumbList\",\"@id\":\"https:\/\/vapingnet.de\/vape\/lassen-sie-sich-von-waspe-12000-puffs-in-strawberry-pitaya-lemonade-verfuehren-topqualitaet-zum-besten-preis\/#breadcrumb\",\"itemListElement\":[{\"@type\":\"ListItem\",\"position\":1,\"name\":\"Home\",\"item\":\"https:\/\/vapingnet.de\/\"},{\"@type\":\"ListItem\",\"position\":2,\"name\":\"Shop\",\"item\":\"https:\/\/vapingnet.de\/vape\/\"},{\"@type\":\"ListItem\",\"position\":3,\"name\":\"Lassen Sie Sich Von WASPE 12000 Puffs In Strawberry Pitaya Lemonade Verf\u00fchren Topqualit\u00e4t Zum Besten Preis\"}]},{\"@type\":\"WebSite\",\"@id\":\"https:\/\/vapingnet.de\/#website\",\"url\":\"https:\/\/vapingnet.de\/\",\"name\":\"Vapingnet.de\",\"description\":\"\",\"publisher\":{\"@id\":\"https:\/\/vapingnet.de\/#organization\"},\"potentialAction\":[{\"@type\":\"SearchAction\",\"target\":{\"@type\":\"EntryPoint\",\"urlTemplate\":\"https:\/\/vapingnet.de\/?s={search_term_string}\"},\"query-input\":{\"@type\":\"PropertyValueSpecification\",\"valueRequired\":true,\"valueName\":\"search_term_string\"}}],\"inLanguage\":\"it-IT\"},{\"@type\":\"Organization\",\"@id\":\"https:\/\/vapingnet.de\/#organization\",\"name\":\"Vapingnet.de\",\"url\":\"https:\/\/vapingnet.de\/\",\"logo\":{\"@type\":\"ImageObject\",\"inLanguage\":\"it-IT\",\"@id\":\"https:\/\/vapingnet.de\/#\/schema\/logo\/image\/\",\"url\":\"https:\/\/vapingnet.de\/wp-content\/uploads\/2025\/03\/cropped-vapingnet.de_.jpg\",\"contentUrl\":\"https:\/\/vapingnet.de\/wp-content\/uploads\/2025\/03\/cropped-vapingnet.de_.jpg\",\"width\":512,\"height\":512,\"caption\":\"Vapingnet.de\"},\"image\":{\"@id\":\"https:\/\/vapingnet.de\/#\/schema\/logo\/image\/\"},\"sameAs\":[\"https:\/\/www.facebook.com\/vapingnetde\/\"]}]}<\/script>\n<!-- \/ Yoast SEO plugin. -->","yoast_head_json":{"title":"Lassen Sie Sich Von WASPE 12000 Puffs In Strawberry Pitaya Lemonade Verf\u00fchren Topqualit\u00e4t Zum Besten Preis | Vapingnet.de","description":"Entdecke Lassen Sie Sich Von WASPE 12000 Puffs In Strawberry Pitaya Lemonade Verf\u00fchren Topqualit\u00e4t Zum Besten Preis bei vapingnet.de, \u25ba Gro\u00dfe Auswahl an Geschmacksrichtungen & super g\u00fcnstig!","robots":{"index":"index","follow":"follow","max-snippet":"max-snippet:-1","max-image-preview":"max-image-preview:large","max-video-preview":"max-video-preview:-1"},"canonical":"https:\/\/vapingnet.de\/it\/vape\/lassen-sie-sich-von-waspe-12000-puffs-in-strawberry-pitaya-lemonade-verfuehren-topqualitaet-zum-besten-preis\/","og_locale":"it_IT","og_type":"article","og_title":"Lassen Sie Sich Von WASPE 12000 Puffs In Strawberry Pitaya Lemonade Verf\u00fchren Topqualit\u00e4t Zum Besten Preis | Vapingnet.de","og_description":"Entdecke Lassen Sie Sich Von WASPE 12000 Puffs In Strawberry Pitaya Lemonade Verf\u00fchren Topqualit\u00e4t Zum Besten Preis bei vapingnet.de, \u25ba Gro\u00dfe Auswahl an Geschmacksrichtungen & super g\u00fcnstig!","og_url":"https:\/\/vapingnet.de\/it\/vape\/lassen-sie-sich-von-waspe-12000-puffs-in-strawberry-pitaya-lemonade-verfuehren-topqualitaet-zum-besten-preis\/","og_site_name":"Vapingnet.de","article_publisher":"https:\/\/www.facebook.com\/vapingnetde\/","article_modified_time":"2026-04-15T09:16:11+00:00","og_image":[{"width":1000,"height":1000,"url":"https:\/\/vapingnet.de\/wp-content\/uploads\/2025\/04\/Strawberry-pitaya-lemonade_980.webp","type":"image\/webp"}],"twitter_card":"summary_large_image","twitter_misc":{"Est. reading time":"4 minutes"},"schema":{"@context":"https:\/\/schema.org","@graph":[{"@type":"WebPage","@id":"https:\/\/vapingnet.de\/vape\/lassen-sie-sich-von-waspe-12000-puffs-in-strawberry-pitaya-lemonade-verfuehren-topqualitaet-zum-besten-preis\/","url":"https:\/\/vapingnet.de\/vape\/lassen-sie-sich-von-waspe-12000-puffs-in-strawberry-pitaya-lemonade-verfuehren-topqualitaet-zum-besten-preis\/","name":"Lassen Sie Sich Von WASPE 12000 Puffs In Strawberry Pitaya Lemonade Verf\u00fchren Topqualit\u00e4t Zum Besten Preis | Vapingnet.de","isPartOf":{"@id":"https:\/\/vapingnet.de\/#website"},"primaryImageOfPage":{"@id":"https:\/\/vapingnet.de\/vape\/lassen-sie-sich-von-waspe-12000-puffs-in-strawberry-pitaya-lemonade-verfuehren-topqualitaet-zum-besten-preis\/#primaryimage"},"image":{"@id":"https:\/\/vapingnet.de\/vape\/lassen-sie-sich-von-waspe-12000-puffs-in-strawberry-pitaya-lemonade-verfuehren-topqualitaet-zum-besten-preis\/#primaryimage"},"thumbnailUrl":"https:\/\/vapingnet.de\/wp-content\/uploads\/2025\/04\/Strawberry-pitaya-lemonade_980.webp","datePublished":"2025-04-29T02:53:38+00:00","dateModified":"2026-04-15T09:16:11+00:00","description":"Entdecke Lassen Sie Sich Von WASPE 12000 Puffs In Strawberry Pitaya Lemonade Verf\u00fchren Topqualit\u00e4t Zum Besten Preis bei vapingnet.de, \u25ba Gro\u00dfe Auswahl an Geschmacksrichtungen & super g\u00fcnstig!","breadcrumb":{"@id":"https:\/\/vapingnet.de\/vape\/lassen-sie-sich-von-waspe-12000-puffs-in-strawberry-pitaya-lemonade-verfuehren-topqualitaet-zum-besten-preis\/#breadcrumb"},"inLanguage":"it-IT","potentialAction":[{"@type":"ReadAction","target":["https:\/\/vapingnet.de\/vape\/lassen-sie-sich-von-waspe-12000-puffs-in-strawberry-pitaya-lemonade-verfuehren-topqualitaet-zum-besten-preis\/"]}]},{"@type":"ImageObject","inLanguage":"it-IT","@id":"https:\/\/vapingnet.de\/vape\/lassen-sie-sich-von-waspe-12000-puffs-in-strawberry-pitaya-lemonade-verfuehren-topqualitaet-zum-besten-preis\/#primaryimage","url":"https:\/\/vapingnet.de\/wp-content\/uploads\/2025\/04\/Strawberry-pitaya-lemonade_980.webp","contentUrl":"https:\/\/vapingnet.de\/wp-content\/uploads\/2025\/04\/Strawberry-pitaya-lemonade_980.webp","width":1000,"height":1000},{"@type":"BreadcrumbList","@id":"https:\/\/vapingnet.de\/vape\/lassen-sie-sich-von-waspe-12000-puffs-in-strawberry-pitaya-lemonade-verfuehren-topqualitaet-zum-besten-preis\/#breadcrumb","itemListElement":[{"@type":"ListItem","position":1,"name":"Home","item":"https:\/\/vapingnet.de\/"},{"@type":"ListItem","position":2,"name":"Shop","item":"https:\/\/vapingnet.de\/vape\/"},{"@type":"ListItem","position":3,"name":"Lassen Sie Sich Von WASPE 12000 Puffs In Strawberry Pitaya Lemonade Verf\u00fchren Topqualit\u00e4t Zum Besten Preis"}]},{"@type":"WebSite","@id":"https:\/\/vapingnet.de\/#website","url":"https:\/\/vapingnet.de\/","name":"Vapingnet.de","description":"","publisher":{"@id":"https:\/\/vapingnet.de\/#organization"},"potentialAction":[{"@type":"SearchAction","target":{"@type":"EntryPoint","urlTemplate":"https:\/\/vapingnet.de\/?s={search_term_string}"},"query-input":{"@type":"PropertyValueSpecification","valueRequired":true,"valueName":"search_term_string"}}],"inLanguage":"it-IT"},{"@type":"Organization","@id":"https:\/\/vapingnet.de\/#organization","name":"Vapingnet.de","url":"https:\/\/vapingnet.de\/","logo":{"@type":"ImageObject","inLanguage":"it-IT","@id":"https:\/\/vapingnet.de\/#\/schema\/logo\/image\/","url":"https:\/\/vapingnet.de\/wp-content\/uploads\/2025\/03\/cropped-vapingnet.de_.jpg","contentUrl":"https:\/\/vapingnet.de\/wp-content\/uploads\/2025\/03\/cropped-vapingnet.de_.jpg","width":512,"height":512,"caption":"Vapingnet.de"},"image":{"@id":"https:\/\/vapingnet.de\/#\/schema\/logo\/image\/"},"sameAs":["https:\/\/www.facebook.com\/vapingnetde\/"]}]}},"tiered_pricing_type":"fixed","tiered_pricing_fixed_rules":[],"tiered_pricing_product_settings":{"layout":"default","base_unit_name":{"singular":null,"plural":null},"default_variation":null},"tiered_pricing_minimum_quantity":null,"tiered_pricing_roles_data":[],"tiered_pricing_percentage_rules":[],"_links":{"self":[{"href":"https:\/\/vapingnet.de\/it\/wp-json\/wp\/v2\/product\/6620","targetHints":{"allow":["GET"]}}],"collection":[{"href":"https:\/\/vapingnet.de\/it\/wp-json\/wp\/v2\/product"}],"about":[{"href":"https:\/\/vapingnet.de\/it\/wp-json\/wp\/v2\/types\/product"}],"version-history":[{"count":1,"href":"https:\/\/vapingnet.de\/it\/wp-json\/wp\/v2\/product\/6620\/revisions"}],"predecessor-version":[{"id":6624,"href":"https:\/\/vapingnet.de\/it\/wp-json\/wp\/v2\/product\/6620\/revisions\/6624"}],"wp:featuredmedia":[{"embeddable":true,"href":"https:\/\/vapingnet.de\/it\/wp-json\/wp\/v2\/media\/6610"}],"wp:attachment":[{"href":"https:\/\/vapingnet.de\/it\/wp-json\/wp\/v2\/media?parent=6620"}],"wp:term":[{"taxonomy":"brand","embeddable":true,"href":"https:\/\/vapingnet.de\/it\/wp-json\/wp\/v2\/etheme_brands?post=6620"},{"taxonomy":"product_brand","embeddable":true,"href":"https:\/\/vapingnet.de\/it\/wp-json\/wp\/v2\/product_brand?post=6620"},{"taxonomy":"product_cat","embeddable":true,"href":"https:\/\/vapingnet.de\/it\/wp-json\/wp\/v2\/product_cat?post=6620"},{"taxonomy":"product_tag","embeddable":true,"href":"https:\/\/vapingnet.de\/it\/wp-json\/wp\/v2\/product_tag?post=6620"}],"curies":[{"name":"wp","href":"https:\/\/api.w.org\/{rel}","templated":true}]}}