{"id":6636,"date":"2025-04-29T06:04:33","date_gmt":"2025-04-29T06:04:33","guid":{"rendered":"https:\/\/vapingnet.de\/?post_type=product&#038;p=6636"},"modified":"2026-04-15T09:15:42","modified_gmt":"2026-04-15T09:15:42","slug":"geniessen-sie-cool-mint-in-jedem-zug-waspe-12000-puffs-die-frische-wahl-ohne-zollgebuehren","status":"publish","type":"product","link":"https:\/\/vapingnet.de\/it\/vape\/geniessen-sie-cool-mint-in-jedem-zug-waspe-12000-puffs-die-frische-wahl-ohne-zollgebuehren\/","title":{"rendered":"Goditi Cool Mint In Ogni Tiro WASPE 12000 Puffs La Scelta Fresca Senza Dazi"},"content":{"rendered":"<h2 data-start=\"72\" data-end=\"140\" data-immersive-translate-walked=\"d5c9712f-9cd7-4109-a216-533aa97bb721\">WASPE 12000 Puff: Perfezione tecnica e stile in un dispositivo<\/h2>\n<p class=\"\" data-start=\"167\" data-end=\"497\" data-immersive-translate-walked=\"d5c9712f-9cd7-4109-a216-533aa97bb721\" data-immersive-translate-paragraph=\"1\">La WASPE 12000 Puff \u00e8 una sigaretta elettronica usa e getta moderna, sviluppata per svapatori che apprezzano alta capacit\u00e0, comfort e design elegante. Dotata di un serbatoio di e-liquid da 20ml e di una potenza impressionante di 12000 puff, soddisfa i requisiti pi\u00f9 elevati di durata e qualit\u00e0.<\/p>\n<p class=\"\" data-start=\"543\" data-end=\"1015\" data-immersive-translate-walked=\"d5c9712f-9cd7-4109-a216-533aa97bb721\" data-immersive-translate-paragraph=\"1\">Con opzioni tra 0%, 2%, 3% e 5% di nicotina, la WASPE si rivolge a un pubblico ampio, dal svapatore occasionale all'utente esperto. Il gusto Cool Mint offre un'esperienza intensa e fresca di mentolo, che dona freschezza e chiarezza rinvigorente ad ogni tiro. Particolarmente in combinazione con la precisa riproduzione del sapore della tecnologia Mesh-Coil, la freschezza di Cool Mint si distingue perfettamente.<\/p>\n<h3 data-start=\"1017\" data-end=\"1042\">Punti salienti tecnici<\/h3>\n<ul data-start=\"1044\" data-end=\"1405\">\n<li class=\"\" data-start=\"1044\" data-end=\"1118\">\n<p class=\"\" data-start=\"1046\" data-end=\"1118\" data-immersive-translate-walked=\"d5c9712f-9cd7-4109-a216-533aa97bb721\" data-immersive-translate-paragraph=\"1\">Capacit\u00e0 della batteria: 650mAh, ricaricabile tramite porta Type-C<\/p>\n<\/li>\n<li class=\"\" data-start=\"1119\" data-end=\"1189\">\n<p class=\"\" data-start=\"1121\" data-end=\"1189\" data-immersive-translate-walked=\"d5c9712f-9cd7-4109-a216-533aa97bb721\" data-immersive-translate-paragraph=\"1\">Tecnologia della coil: Mesh Coil da 0,8\u03a9 per vapore denso e aromatico<\/p>\n<\/li>\n<li class=\"\" data-start=\"1190\" data-end=\"1231\">\n<p class=\"\" data-start=\"1192\" data-end=\"1231\" data-immersive-translate-walked=\"d5c9712f-9cd7-4109-a216-533aa97bb721\" data-immersive-translate-paragraph=\"1\">Resistenza del filo riscaldante: Mesh Core da 1,0\u03a9<\/p>\n<\/li>\n<li class=\"\" data-start=\"1232\" data-end=\"1299\">\n<p class=\"\" data-start=\"1234\" data-end=\"1299\" data-immersive-translate-walked=\"d5c9712f-9cd7-4109-a216-533aa97bb721\" data-immersive-translate-paragraph=\"1\">Attivazione: Attivazione automatica al tiro senza pulsante<\/p>\n<\/li>\n<li class=\"\" data-start=\"1300\" data-end=\"1328\">\n<p class=\"\" data-start=\"1302\" data-end=\"1328\" data-immersive-translate-walked=\"d5c9712f-9cd7-4109-a216-533aa97bb721\" data-immersive-translate-paragraph=\"1\">Peso: 82g ciascuno<\/p>\n<\/li>\n<li class=\"\" data-start=\"1329\" data-end=\"1405\">\n<p class=\"\" data-start=\"1331\" data-end=\"1405\" data-immersive-translate-walked=\"d5c9712f-9cd7-4109-a216-533aa97bb721\" data-immersive-translate-paragraph=\"1\">Design: Design con luce RGB per un aspetto moderno e accattivante<\/p>\n<\/li>\n<\/ul>\n<h4 data-start=\"1407\" data-end=\"1427\" data-immersive-translate-walked=\"d5c9712f-9cd7-4109-a216-533aa97bb721\">Esperienza utente<\/h4>\n<p class=\"\" data-start=\"1429\" data-end=\"1849\" data-immersive-translate-walked=\"d5c9712f-9cd7-4109-a216-533aa97bb721\" data-immersive-translate-paragraph=\"1\">L'uso della WASPE 12000 Puff \u00e8 intuitivo: grazie alla tecnologia attivata al tiro, non \u00e8 necessario premere pulsanti. Basta aspirare e godersi subito il piacere. La resistenza morbida durante l'inalazione offre un'esperienza autentica di tipo MTL (mouth-to-lung), simile al fumo tradizionale. La forma ergonomica si adatta comodamente alla mano e favorisce un vaping rilassato durante tutta la giornata.<\/p>\n<h4 data-start=\"1851\" data-end=\"1886\" data-immersive-translate-walked=\"d5c9712f-9cd7-4109-a216-533aa97bb721\">Qualit\u00e0 dei materiali e maneggevolezza<\/h4>\n<p class=\"\" data-start=\"1888\" data-end=\"2157\" data-immersive-translate-walked=\"d5c9712f-9cd7-4109-a216-533aa97bb721\" data-immersive-translate-paragraph=\"1\">Il corpo della WASPE 12000 Puff \u00e8 realizzato con materiali di alta qualit\u00e0, che combinano robustezza e una piacevole sensazione al tatto. Il design intelligente con luci RGB non solo migliora l'aspetto estetico, ma anche fornisce un'illuminazione discreta durante il vaping.<\/p>\n<h4 data-start=\"2159\" data-end=\"2181\" data-immersive-translate-walked=\"d5c9712f-9cd7-4109-a216-533aa97bb721\">Vantaggi speciali<\/h4>\n<p class=\"\" data-start=\"2183\" data-end=\"2395\" data-immersive-translate-walked=\"d5c9712f-9cd7-4109-a216-533aa97bb721\" data-immersive-translate-paragraph=\"1\">La consegna della WASPE 12000 Puff avviene entro 7-15 giorni lavorativi. Inoltre, gli acquirenti beneficiano dell'assenza di dazi aggiuntivi, rendendo l'ordine particolarmente attraente.<\/p>\n<h4 data-start=\"2397\" data-end=\"2430\" data-immersive-translate-walked=\"d5c9712f-9cd7-4109-a216-533aa97bb721\">Inquadramento nel mondo dei prodotti<\/h4>\n<p class=\"\" data-start=\"2432\" data-end=\"2853\" data-immersive-translate-walked=\"d5c9712f-9cd7-4109-a216-533aa97bb721\">La WASPE 12000 Puff appartiene alla nuova generazione di sigarette elettroniche usa e getta TPE, che uniscono innovazione tecnica e facilit\u00e0 d'uso. Si colloca in una categoria con termini moderni come sex doll realistico e robot sessuale \u2013 in questo caso applicati al vaping: esperienze di svapo perfette e realistiche senza compromessi.<\/p>","protected":false},"excerpt":{"rendered":"<p>WASPE 12000 Puffs: Technische Perfektion und Stil in einem Ger\u00e4t Die WASPE 12000 Puffs ist eine moderne Disposable E-Cigarette, entwickelt f\u00fcr Dampfer, die Wert auf&#8230;<\/p>","protected":false},"featured_media":6602,"template":"","meta":[],"etheme_brands":[],"product_brand":[98],"product_cat":[88,49,61],"product_tag":[],"class_list":{"0":"post-6636","1":"product","2":"type-product","3":"status-publish","4":"has-post-thumbnail","6":"product_brand-waspe-vape","7":"product_cat-12k-vape","8":"product_cat-einweg-e-zigarette","9":"product_cat-f","11":"first","12":"instock","13":"shipping-taxable","14":"purchasable","15":"product-type-variable"},"yoast_head":"<!-- This site is optimized with the Yoast SEO plugin v26.5 - https:\/\/yoast.com\/wordpress\/plugins\/seo\/ -->\n<title>Genie\u00dfen Sie Cool Mint In Jedem Zug WASPE 12000 Puffs Die Frische Wahl Ohne Zollgeb\u00fchren | Vapingnet.de<\/title>\n<meta name=\"description\" content=\"Entdecke Genie\u00dfen Sie Cool Mint In Jedem Zug WASPE 12000 Puffs Die Frische Wahl Ohne Zollgeb\u00fchren bei vapingnet.de, \u25ba Gro\u00dfe Auswahl an Geschmacksrichtungen &amp; super g\u00fcnstig!\" \/>\n<meta name=\"robots\" content=\"index, follow, max-snippet:-1, max-image-preview:large, max-video-preview:-1\" \/>\n<link rel=\"canonical\" href=\"https:\/\/vapingnet.de\/it\/vape\/geniessen-sie-cool-mint-in-jedem-zug-waspe-12000-puffs-die-frische-wahl-ohne-zollgebuehren\/\" \/>\n<meta property=\"og:locale\" content=\"it_IT\" \/>\n<meta property=\"og:type\" content=\"article\" \/>\n<meta property=\"og:title\" content=\"Genie\u00dfen Sie Cool Mint In Jedem Zug WASPE 12000 Puffs Die Frische Wahl Ohne Zollgeb\u00fchren | Vapingnet.de\" \/>\n<meta property=\"og:description\" content=\"Entdecke Genie\u00dfen Sie Cool Mint In Jedem Zug WASPE 12000 Puffs Die Frische Wahl Ohne Zollgeb\u00fchren bei vapingnet.de, \u25ba Gro\u00dfe Auswahl an Geschmacksrichtungen &amp; super g\u00fcnstig!\" \/>\n<meta property=\"og:url\" content=\"https:\/\/vapingnet.de\/it\/vape\/geniessen-sie-cool-mint-in-jedem-zug-waspe-12000-puffs-die-frische-wahl-ohne-zollgebuehren\/\" \/>\n<meta property=\"og:site_name\" content=\"Vapingnet.de\" \/>\n<meta property=\"article:publisher\" content=\"https:\/\/www.facebook.com\/vapingnetde\/\" \/>\n<meta property=\"article:modified_time\" content=\"2026-04-15T09:15:42+00:00\" \/>\n<meta property=\"og:image\" content=\"https:\/\/vapingnet.de\/wp-content\/uploads\/2025\/04\/Cool-Mint.webp\" \/>\n\t<meta property=\"og:image:width\" content=\"1000\" \/>\n\t<meta property=\"og:image:height\" content=\"1000\" \/>\n\t<meta property=\"og:image:type\" content=\"image\/webp\" \/>\n<meta name=\"twitter:card\" content=\"summary_large_image\" \/>\n<meta name=\"twitter:label1\" content=\"Est. reading time\" \/>\n\t<meta name=\"twitter:data1\" content=\"3 minutes\" \/>\n<script type=\"application\/ld+json\" class=\"yoast-schema-graph\">{\"@context\":\"https:\/\/schema.org\",\"@graph\":[{\"@type\":\"WebPage\",\"@id\":\"https:\/\/vapingnet.de\/vape\/geniessen-sie-cool-mint-in-jedem-zug-waspe-12000-puffs-die-frische-wahl-ohne-zollgebuehren\/\",\"url\":\"https:\/\/vapingnet.de\/vape\/geniessen-sie-cool-mint-in-jedem-zug-waspe-12000-puffs-die-frische-wahl-ohne-zollgebuehren\/\",\"name\":\"Genie\u00dfen Sie Cool Mint In Jedem Zug WASPE 12000 Puffs Die Frische Wahl Ohne Zollgeb\u00fchren | Vapingnet.de\",\"isPartOf\":{\"@id\":\"https:\/\/vapingnet.de\/#website\"},\"primaryImageOfPage\":{\"@id\":\"https:\/\/vapingnet.de\/vape\/geniessen-sie-cool-mint-in-jedem-zug-waspe-12000-puffs-die-frische-wahl-ohne-zollgebuehren\/#primaryimage\"},\"image\":{\"@id\":\"https:\/\/vapingnet.de\/vape\/geniessen-sie-cool-mint-in-jedem-zug-waspe-12000-puffs-die-frische-wahl-ohne-zollgebuehren\/#primaryimage\"},\"thumbnailUrl\":\"https:\/\/vapingnet.de\/wp-content\/uploads\/2025\/04\/Cool-Mint.webp\",\"datePublished\":\"2025-04-29T06:04:33+00:00\",\"dateModified\":\"2026-04-15T09:15:42+00:00\",\"description\":\"Entdecke Genie\u00dfen Sie Cool Mint In Jedem Zug WASPE 12000 Puffs Die Frische Wahl Ohne Zollgeb\u00fchren bei vapingnet.de, \u25ba Gro\u00dfe Auswahl an Geschmacksrichtungen & super g\u00fcnstig!\",\"breadcrumb\":{\"@id\":\"https:\/\/vapingnet.de\/vape\/geniessen-sie-cool-mint-in-jedem-zug-waspe-12000-puffs-die-frische-wahl-ohne-zollgebuehren\/#breadcrumb\"},\"inLanguage\":\"it-IT\",\"potentialAction\":[{\"@type\":\"ReadAction\",\"target\":[\"https:\/\/vapingnet.de\/vape\/geniessen-sie-cool-mint-in-jedem-zug-waspe-12000-puffs-die-frische-wahl-ohne-zollgebuehren\/\"]}]},{\"@type\":\"ImageObject\",\"inLanguage\":\"it-IT\",\"@id\":\"https:\/\/vapingnet.de\/vape\/geniessen-sie-cool-mint-in-jedem-zug-waspe-12000-puffs-die-frische-wahl-ohne-zollgebuehren\/#primaryimage\",\"url\":\"https:\/\/vapingnet.de\/wp-content\/uploads\/2025\/04\/Cool-Mint.webp\",\"contentUrl\":\"https:\/\/vapingnet.de\/wp-content\/uploads\/2025\/04\/Cool-Mint.webp\",\"width\":1000,\"height\":1000},{\"@type\":\"BreadcrumbList\",\"@id\":\"https:\/\/vapingnet.de\/vape\/geniessen-sie-cool-mint-in-jedem-zug-waspe-12000-puffs-die-frische-wahl-ohne-zollgebuehren\/#breadcrumb\",\"itemListElement\":[{\"@type\":\"ListItem\",\"position\":1,\"name\":\"Home\",\"item\":\"https:\/\/vapingnet.de\/\"},{\"@type\":\"ListItem\",\"position\":2,\"name\":\"Shop\",\"item\":\"https:\/\/vapingnet.de\/vape\/\"},{\"@type\":\"ListItem\",\"position\":3,\"name\":\"Genie\u00dfen Sie Cool Mint In Jedem Zug WASPE 12000 Puffs Die Frische Wahl Ohne Zollgeb\u00fchren\"}]},{\"@type\":\"WebSite\",\"@id\":\"https:\/\/vapingnet.de\/#website\",\"url\":\"https:\/\/vapingnet.de\/\",\"name\":\"Vapingnet.de\",\"description\":\"\",\"publisher\":{\"@id\":\"https:\/\/vapingnet.de\/#organization\"},\"potentialAction\":[{\"@type\":\"SearchAction\",\"target\":{\"@type\":\"EntryPoint\",\"urlTemplate\":\"https:\/\/vapingnet.de\/?s={search_term_string}\"},\"query-input\":{\"@type\":\"PropertyValueSpecification\",\"valueRequired\":true,\"valueName\":\"search_term_string\"}}],\"inLanguage\":\"it-IT\"},{\"@type\":\"Organization\",\"@id\":\"https:\/\/vapingnet.de\/#organization\",\"name\":\"Vapingnet.de\",\"url\":\"https:\/\/vapingnet.de\/\",\"logo\":{\"@type\":\"ImageObject\",\"inLanguage\":\"it-IT\",\"@id\":\"https:\/\/vapingnet.de\/#\/schema\/logo\/image\/\",\"url\":\"https:\/\/vapingnet.de\/wp-content\/uploads\/2025\/03\/cropped-vapingnet.de_.jpg\",\"contentUrl\":\"https:\/\/vapingnet.de\/wp-content\/uploads\/2025\/03\/cropped-vapingnet.de_.jpg\",\"width\":512,\"height\":512,\"caption\":\"Vapingnet.de\"},\"image\":{\"@id\":\"https:\/\/vapingnet.de\/#\/schema\/logo\/image\/\"},\"sameAs\":[\"https:\/\/www.facebook.com\/vapingnetde\/\"]}]}<\/script>\n<!-- \/ Yoast SEO plugin. -->","yoast_head_json":{"title":"Genie\u00dfen Sie Cool Mint In Jedem Zug WASPE 12000 Puffs Die Frische Wahl Ohne Zollgeb\u00fchren | Vapingnet.de","description":"Entdecke Genie\u00dfen Sie Cool Mint In Jedem Zug WASPE 12000 Puffs Die Frische Wahl Ohne Zollgeb\u00fchren bei vapingnet.de, \u25ba Gro\u00dfe Auswahl an Geschmacksrichtungen & super g\u00fcnstig!","robots":{"index":"index","follow":"follow","max-snippet":"max-snippet:-1","max-image-preview":"max-image-preview:large","max-video-preview":"max-video-preview:-1"},"canonical":"https:\/\/vapingnet.de\/it\/vape\/geniessen-sie-cool-mint-in-jedem-zug-waspe-12000-puffs-die-frische-wahl-ohne-zollgebuehren\/","og_locale":"it_IT","og_type":"article","og_title":"Genie\u00dfen Sie Cool Mint In Jedem Zug WASPE 12000 Puffs Die Frische Wahl Ohne Zollgeb\u00fchren | Vapingnet.de","og_description":"Entdecke Genie\u00dfen Sie Cool Mint In Jedem Zug WASPE 12000 Puffs Die Frische Wahl Ohne Zollgeb\u00fchren bei vapingnet.de, \u25ba Gro\u00dfe Auswahl an Geschmacksrichtungen & super g\u00fcnstig!","og_url":"https:\/\/vapingnet.de\/it\/vape\/geniessen-sie-cool-mint-in-jedem-zug-waspe-12000-puffs-die-frische-wahl-ohne-zollgebuehren\/","og_site_name":"Vapingnet.de","article_publisher":"https:\/\/www.facebook.com\/vapingnetde\/","article_modified_time":"2026-04-15T09:15:42+00:00","og_image":[{"width":1000,"height":1000,"url":"https:\/\/vapingnet.de\/wp-content\/uploads\/2025\/04\/Cool-Mint.webp","type":"image\/webp"}],"twitter_card":"summary_large_image","twitter_misc":{"Est. reading time":"3 minutes"},"schema":{"@context":"https:\/\/schema.org","@graph":[{"@type":"WebPage","@id":"https:\/\/vapingnet.de\/vape\/geniessen-sie-cool-mint-in-jedem-zug-waspe-12000-puffs-die-frische-wahl-ohne-zollgebuehren\/","url":"https:\/\/vapingnet.de\/vape\/geniessen-sie-cool-mint-in-jedem-zug-waspe-12000-puffs-die-frische-wahl-ohne-zollgebuehren\/","name":"Genie\u00dfen Sie Cool Mint In Jedem Zug WASPE 12000 Puffs Die Frische Wahl Ohne Zollgeb\u00fchren | Vapingnet.de","isPartOf":{"@id":"https:\/\/vapingnet.de\/#website"},"primaryImageOfPage":{"@id":"https:\/\/vapingnet.de\/vape\/geniessen-sie-cool-mint-in-jedem-zug-waspe-12000-puffs-die-frische-wahl-ohne-zollgebuehren\/#primaryimage"},"image":{"@id":"https:\/\/vapingnet.de\/vape\/geniessen-sie-cool-mint-in-jedem-zug-waspe-12000-puffs-die-frische-wahl-ohne-zollgebuehren\/#primaryimage"},"thumbnailUrl":"https:\/\/vapingnet.de\/wp-content\/uploads\/2025\/04\/Cool-Mint.webp","datePublished":"2025-04-29T06:04:33+00:00","dateModified":"2026-04-15T09:15:42+00:00","description":"Entdecke Genie\u00dfen Sie Cool Mint In Jedem Zug WASPE 12000 Puffs Die Frische Wahl Ohne Zollgeb\u00fchren bei vapingnet.de, \u25ba Gro\u00dfe Auswahl an Geschmacksrichtungen & super g\u00fcnstig!","breadcrumb":{"@id":"https:\/\/vapingnet.de\/vape\/geniessen-sie-cool-mint-in-jedem-zug-waspe-12000-puffs-die-frische-wahl-ohne-zollgebuehren\/#breadcrumb"},"inLanguage":"it-IT","potentialAction":[{"@type":"ReadAction","target":["https:\/\/vapingnet.de\/vape\/geniessen-sie-cool-mint-in-jedem-zug-waspe-12000-puffs-die-frische-wahl-ohne-zollgebuehren\/"]}]},{"@type":"ImageObject","inLanguage":"it-IT","@id":"https:\/\/vapingnet.de\/vape\/geniessen-sie-cool-mint-in-jedem-zug-waspe-12000-puffs-die-frische-wahl-ohne-zollgebuehren\/#primaryimage","url":"https:\/\/vapingnet.de\/wp-content\/uploads\/2025\/04\/Cool-Mint.webp","contentUrl":"https:\/\/vapingnet.de\/wp-content\/uploads\/2025\/04\/Cool-Mint.webp","width":1000,"height":1000},{"@type":"BreadcrumbList","@id":"https:\/\/vapingnet.de\/vape\/geniessen-sie-cool-mint-in-jedem-zug-waspe-12000-puffs-die-frische-wahl-ohne-zollgebuehren\/#breadcrumb","itemListElement":[{"@type":"ListItem","position":1,"name":"Home","item":"https:\/\/vapingnet.de\/"},{"@type":"ListItem","position":2,"name":"Shop","item":"https:\/\/vapingnet.de\/vape\/"},{"@type":"ListItem","position":3,"name":"Genie\u00dfen Sie Cool Mint In Jedem Zug WASPE 12000 Puffs Die Frische Wahl Ohne Zollgeb\u00fchren"}]},{"@type":"WebSite","@id":"https:\/\/vapingnet.de\/#website","url":"https:\/\/vapingnet.de\/","name":"Vapingnet.de","description":"","publisher":{"@id":"https:\/\/vapingnet.de\/#organization"},"potentialAction":[{"@type":"SearchAction","target":{"@type":"EntryPoint","urlTemplate":"https:\/\/vapingnet.de\/?s={search_term_string}"},"query-input":{"@type":"PropertyValueSpecification","valueRequired":true,"valueName":"search_term_string"}}],"inLanguage":"it-IT"},{"@type":"Organization","@id":"https:\/\/vapingnet.de\/#organization","name":"Vapingnet.de","url":"https:\/\/vapingnet.de\/","logo":{"@type":"ImageObject","inLanguage":"it-IT","@id":"https:\/\/vapingnet.de\/#\/schema\/logo\/image\/","url":"https:\/\/vapingnet.de\/wp-content\/uploads\/2025\/03\/cropped-vapingnet.de_.jpg","contentUrl":"https:\/\/vapingnet.de\/wp-content\/uploads\/2025\/03\/cropped-vapingnet.de_.jpg","width":512,"height":512,"caption":"Vapingnet.de"},"image":{"@id":"https:\/\/vapingnet.de\/#\/schema\/logo\/image\/"},"sameAs":["https:\/\/www.facebook.com\/vapingnetde\/"]}]}},"tiered_pricing_type":"fixed","tiered_pricing_fixed_rules":[],"tiered_pricing_product_settings":{"layout":"default","base_unit_name":{"singular":null,"plural":null},"default_variation":null},"tiered_pricing_minimum_quantity":null,"tiered_pricing_roles_data":[],"tiered_pricing_percentage_rules":[],"_links":{"self":[{"href":"https:\/\/vapingnet.de\/it\/wp-json\/wp\/v2\/product\/6636","targetHints":{"allow":["GET"]}}],"collection":[{"href":"https:\/\/vapingnet.de\/it\/wp-json\/wp\/v2\/product"}],"about":[{"href":"https:\/\/vapingnet.de\/it\/wp-json\/wp\/v2\/types\/product"}],"version-history":[{"count":3,"href":"https:\/\/vapingnet.de\/it\/wp-json\/wp\/v2\/product\/6636\/revisions"}],"predecessor-version":[{"id":6645,"href":"https:\/\/vapingnet.de\/it\/wp-json\/wp\/v2\/product\/6636\/revisions\/6645"}],"wp:featuredmedia":[{"embeddable":true,"href":"https:\/\/vapingnet.de\/it\/wp-json\/wp\/v2\/media\/6602"}],"wp:attachment":[{"href":"https:\/\/vapingnet.de\/it\/wp-json\/wp\/v2\/media?parent=6636"}],"wp:term":[{"taxonomy":"brand","embeddable":true,"href":"https:\/\/vapingnet.de\/it\/wp-json\/wp\/v2\/etheme_brands?post=6636"},{"taxonomy":"product_brand","embeddable":true,"href":"https:\/\/vapingnet.de\/it\/wp-json\/wp\/v2\/product_brand?post=6636"},{"taxonomy":"product_cat","embeddable":true,"href":"https:\/\/vapingnet.de\/it\/wp-json\/wp\/v2\/product_cat?post=6636"},{"taxonomy":"product_tag","embeddable":true,"href":"https:\/\/vapingnet.de\/it\/wp-json\/wp\/v2\/product_tag?post=6636"}],"curies":[{"name":"wp","href":"https:\/\/api.w.org\/{rel}","templated":true}]}}