{"id":6641,"date":"2025-04-29T06:29:14","date_gmt":"2025-04-29T06:29:14","guid":{"rendered":"https:\/\/vapingnet.de\/?post_type=product&#038;p=6641"},"modified":"2026-04-15T09:12:53","modified_gmt":"2026-04-15T09:12:53","slug":"waspe-12000-puffs-blueberry-raspberry-der-perfekte-frischekick-der-ueberall-gefragt-wird","status":"publish","type":"product","link":"https:\/\/vapingnet.de\/it\/vape\/waspe-12000-puffs-blueberry-raspberry-der-perfekte-frischekick-der-ueberall-gefragt-wird\/","title":{"rendered":"WASPE 12000 Puffs Blueberry Raspberry La Perfetta Scossa di Freschezza Richiesta Ovunque"},"content":{"rendered":"<h2 class=\"\" data-start=\"28\" data-end=\"100\">WASPE 12000 Puff \u2013 Sigaretta elettronica usa e getta per svapatori esigenti<\/h2>\n<p class=\"\" data-start=\"102\" data-end=\"403\">La WASPE 12000 Puff \u00e8 una sigaretta elettronica usa e getta che si distingue per alte prestazioni, facilit\u00e0 d'uso e gusto unico. Se cerchi un'esperienza di svapo affidabile e potente, questo modello \u00e8 quello che fa per te.<\/p>\n<h3 class=\"\" data-start=\"405\" data-end=\"448\">Caratteristiche del prodotto e specifiche<\/h3>\n<ul data-start=\"450\" data-end=\"858\">\n<li class=\"\" data-start=\"450\" data-end=\"487\">\n<p class=\"\" data-start=\"452\" data-end=\"487\">Opzioni di nicotina: 0%, 2%, 3%, 5%<\/p>\n<\/li>\n<li class=\"\" data-start=\"488\" data-end=\"519\">\n<p class=\"\" data-start=\"490\" data-end=\"519\">Capacit\u00e0 di e-liquid: 20 ml<\/p>\n<\/li>\n<li class=\"\" data-start=\"520\" data-end=\"551\">\n<p class=\"\" data-start=\"522\" data-end=\"551\">Massimo numero di puff: 12000 puff<\/p>\n<\/li>\n<li class=\"\" data-start=\"552\" data-end=\"597\">\n<p class=\"\" data-start=\"554\" data-end=\"597\">Batteria: 650mAh per un uso duraturo<\/p>\n<\/li>\n<li class=\"\" data-start=\"598\" data-end=\"648\">\n<p class=\"\" data-start=\"600\" data-end=\"648\">Connettore di ricarica: Type-C per ricarica rapida<\/p>\n<\/li>\n<li class=\"\" data-start=\"649\" data-end=\"713\">\n<p class=\"\" data-start=\"651\" data-end=\"713\">Resistenza: Mesh Coil da 0,8 Ohm per un'ottima produzione di vapore<\/p>\n<\/li>\n<li class=\"\" data-start=\"714\" data-end=\"762\">\n<p class=\"\" data-start=\"716\" data-end=\"762\">Resistenza del filo riscaldante: Mesh Core 1,0\u03a9<\/p>\n<\/li>\n<li class=\"\" data-start=\"763\" data-end=\"799\">\n<p class=\"\" data-start=\"765\" data-end=\"799\">Peso del prodotto: 82 g ciascuno<\/p>\n<\/li>\n<li class=\"\" data-start=\"800\" data-end=\"858\">\n<p class=\"\" data-start=\"802\" data-end=\"858\">Caratteristiche speciali: illuminazione RGB e attivazione con puff<\/p>\n<\/li>\n<\/ul>\n<h4 data-start=\"860\" data-end=\"908\">Esperienza di gusto \u2013 Mirtillo Rosmarino<\/h4>\n<p class=\"\" data-start=\"910\" data-end=\"1183\">Il gusto di Mirtillo Rosmarino unisce la dolcezza del mirtillo alla freschezza e leggera acidit\u00e0 della mora, offrendo un'esperienza di svapo rinfrescante. Ogni tiro esplode di aromi, piacevoli sia per i principianti che per gli svapatori esperti.<\/p>\n<h3>Vantaggi della WASPE 12000 Puff<\/h3>\n<p class=\"\" data-start=\"1225\" data-end=\"1332\">La WASPE 12000 Puff offre una serie di vantaggi che la distinguono da altre sigarette elettroniche usa e getta:<\/p>\n<ul data-start=\"1334\" data-end=\"1964\">\n<li class=\"\" data-start=\"1334\" data-end=\"1515\">\n<p class=\"\" data-start=\"1336\" data-end=\"1515\">Lunga durata: con 12000 puff e una capacit\u00e0 di liquido da 20 ml, puoi goderti il dispositivo per un periodo prolungato senza doverlo sostituire frequentemente.<\/p>\n<\/li>\n<li class=\"\" data-start=\"1516\" data-end=\"1670\">\n<p class=\"\" data-start=\"1518\" data-end=\"1670\">Facile da usare: grazie all'attivazione con puff, devi solo tirare dal boccaglio per attivare la sigaretta elettronica. Nessun pulsante necessario.<\/p>\n<\/li>\n<li class=\"\" data-start=\"1671\" data-end=\"1812\">\n<p class=\"\" data-start=\"1673\" data-end=\"1812\">Design moderno: il sistema di illuminazione RGB garantisce un piacere visivo e distingue il design da quello delle sigarette elettroniche tradizionali.<\/p>\n<\/li>\n<li class=\"\" data-start=\"1813\" data-end=\"1964\">\n<p class=\"\" data-start=\"1815\" data-end=\"1964\">Ricarica rapida: il connettore di ricarica Type-C permette una velocit\u00e0 di ricarica elevata, cos\u00ec il tuo dispositivo sar\u00e0 pronto in breve tempo.<\/p>\n<\/li>\n<\/ul>\n<h4 data-start=\"1966\" data-end=\"2005\">Perch\u00e9 scegliere WASPE 12000 Puff?<\/h4>\n<p class=\"\" data-start=\"2007\" data-end=\"2303\">WASPE 12000 Puff offre non solo alte prestazioni e funzioni facili da usare, ma \u00e8 anche senza dazi e con tempi di consegna rapidi di 7-15 giorni lavorativi. Con questo prodotto, potrai goderti un'esperienza di svapo straordinaria che ti dar\u00e0 lunga soddisfazione.<\/p>\n<p class=\"\" data-start=\"2342\" data-end=\"2565\">Se desideri acquistare WASPE 12000 Puff, visita semplicemente vapingnet.de. Approfitta della consegna veloce e della procedura di ordine semplice che ti garantiscono un acquisto senza problemi.<\/p>","protected":false},"excerpt":{"rendered":"<p>WASPE 12000 Puffs \u2013 Einweg-E-Zigarette f\u00fcr anspruchsvolle Dampfer Die WASPE 12000 Puffs ist eine Einweg-E-Zigarette, die sich durch ihre hohe Leistung, benutzerfreundliche Handhabung und einzigartigen&#8230;<\/p>","protected":false},"featured_media":6601,"template":"","meta":[],"etheme_brands":[],"product_brand":[98],"product_cat":[88,49,61],"product_tag":[],"class_list":{"0":"post-6641","1":"product","2":"type-product","3":"status-publish","4":"has-post-thumbnail","6":"product_brand-waspe-vape","7":"product_cat-12k-vape","8":"product_cat-einweg-e-zigarette","9":"product_cat-f","11":"first","12":"instock","13":"shipping-taxable","14":"purchasable","15":"product-type-variable"},"yoast_head":"<!-- This site is optimized with the Yoast SEO plugin v26.5 - https:\/\/yoast.com\/wordpress\/plugins\/seo\/ -->\n<title>WASPE 12000 Puffs Blueberry Raspberry Der Perfekte Frischekick Der \u00dcberall Gefragt Wird | Vapingnet.de<\/title>\n<meta name=\"description\" content=\"Entdecke WASPE 12000 Puffs Blueberry Raspberry Der Perfekte Frischekick Der \u00dcberall Gefragt Wird bei vapingnet.de, \u25ba Gro\u00dfe Auswahl an Geschmacksrichtungen &amp; super g\u00fcnstig!\" \/>\n<meta name=\"robots\" content=\"index, follow, max-snippet:-1, max-image-preview:large, max-video-preview:-1\" \/>\n<link rel=\"canonical\" href=\"https:\/\/vapingnet.de\/it\/vape\/waspe-12000-puffs-blueberry-raspberry-der-perfekte-frischekick-der-ueberall-gefragt-wird\/\" \/>\n<meta property=\"og:locale\" content=\"it_IT\" \/>\n<meta property=\"og:type\" content=\"article\" \/>\n<meta property=\"og:title\" content=\"WASPE 12000 Puffs Blueberry Raspberry Der Perfekte Frischekick Der \u00dcberall Gefragt Wird | Vapingnet.de\" \/>\n<meta property=\"og:description\" content=\"Entdecke WASPE 12000 Puffs Blueberry Raspberry Der Perfekte Frischekick Der \u00dcberall Gefragt Wird bei vapingnet.de, \u25ba Gro\u00dfe Auswahl an Geschmacksrichtungen &amp; super g\u00fcnstig!\" \/>\n<meta property=\"og:url\" content=\"https:\/\/vapingnet.de\/it\/vape\/waspe-12000-puffs-blueberry-raspberry-der-perfekte-frischekick-der-ueberall-gefragt-wird\/\" \/>\n<meta property=\"og:site_name\" content=\"Vapingnet.de\" \/>\n<meta property=\"article:publisher\" content=\"https:\/\/www.facebook.com\/vapingnetde\/\" \/>\n<meta property=\"article:modified_time\" content=\"2026-04-15T09:12:53+00:00\" \/>\n<meta property=\"og:image\" content=\"https:\/\/vapingnet.de\/wp-content\/uploads\/2025\/04\/Blueberry-Raspberry-1.webp\" \/>\n\t<meta property=\"og:image:width\" content=\"1000\" \/>\n\t<meta property=\"og:image:height\" content=\"1000\" \/>\n\t<meta property=\"og:image:type\" content=\"image\/webp\" \/>\n<meta name=\"twitter:card\" content=\"summary_large_image\" \/>\n<meta name=\"twitter:label1\" content=\"Est. reading time\" \/>\n\t<meta name=\"twitter:data1\" content=\"2 minutes\" \/>\n<script type=\"application\/ld+json\" class=\"yoast-schema-graph\">{\"@context\":\"https:\/\/schema.org\",\"@graph\":[{\"@type\":\"WebPage\",\"@id\":\"https:\/\/vapingnet.de\/vape\/waspe-12000-puffs-blueberry-raspberry-der-perfekte-frischekick-der-ueberall-gefragt-wird\/\",\"url\":\"https:\/\/vapingnet.de\/vape\/waspe-12000-puffs-blueberry-raspberry-der-perfekte-frischekick-der-ueberall-gefragt-wird\/\",\"name\":\"WASPE 12000 Puffs Blueberry Raspberry Der Perfekte Frischekick Der \u00dcberall Gefragt Wird | Vapingnet.de\",\"isPartOf\":{\"@id\":\"https:\/\/vapingnet.de\/#website\"},\"primaryImageOfPage\":{\"@id\":\"https:\/\/vapingnet.de\/vape\/waspe-12000-puffs-blueberry-raspberry-der-perfekte-frischekick-der-ueberall-gefragt-wird\/#primaryimage\"},\"image\":{\"@id\":\"https:\/\/vapingnet.de\/vape\/waspe-12000-puffs-blueberry-raspberry-der-perfekte-frischekick-der-ueberall-gefragt-wird\/#primaryimage\"},\"thumbnailUrl\":\"https:\/\/vapingnet.de\/wp-content\/uploads\/2025\/04\/Blueberry-Raspberry-1.webp\",\"datePublished\":\"2025-04-29T06:29:14+00:00\",\"dateModified\":\"2026-04-15T09:12:53+00:00\",\"description\":\"Entdecke WASPE 12000 Puffs Blueberry Raspberry Der Perfekte Frischekick Der \u00dcberall Gefragt Wird bei vapingnet.de, \u25ba Gro\u00dfe Auswahl an Geschmacksrichtungen & super g\u00fcnstig!\",\"breadcrumb\":{\"@id\":\"https:\/\/vapingnet.de\/vape\/waspe-12000-puffs-blueberry-raspberry-der-perfekte-frischekick-der-ueberall-gefragt-wird\/#breadcrumb\"},\"inLanguage\":\"it-IT\",\"potentialAction\":[{\"@type\":\"ReadAction\",\"target\":[\"https:\/\/vapingnet.de\/vape\/waspe-12000-puffs-blueberry-raspberry-der-perfekte-frischekick-der-ueberall-gefragt-wird\/\"]}]},{\"@type\":\"ImageObject\",\"inLanguage\":\"it-IT\",\"@id\":\"https:\/\/vapingnet.de\/vape\/waspe-12000-puffs-blueberry-raspberry-der-perfekte-frischekick-der-ueberall-gefragt-wird\/#primaryimage\",\"url\":\"https:\/\/vapingnet.de\/wp-content\/uploads\/2025\/04\/Blueberry-Raspberry-1.webp\",\"contentUrl\":\"https:\/\/vapingnet.de\/wp-content\/uploads\/2025\/04\/Blueberry-Raspberry-1.webp\",\"width\":1000,\"height\":1000},{\"@type\":\"BreadcrumbList\",\"@id\":\"https:\/\/vapingnet.de\/vape\/waspe-12000-puffs-blueberry-raspberry-der-perfekte-frischekick-der-ueberall-gefragt-wird\/#breadcrumb\",\"itemListElement\":[{\"@type\":\"ListItem\",\"position\":1,\"name\":\"Home\",\"item\":\"https:\/\/vapingnet.de\/\"},{\"@type\":\"ListItem\",\"position\":2,\"name\":\"Shop\",\"item\":\"https:\/\/vapingnet.de\/vape\/\"},{\"@type\":\"ListItem\",\"position\":3,\"name\":\"WASPE 12000 Puffs Blueberry Raspberry Der Perfekte Frischekick Der \u00dcberall Gefragt Wird\"}]},{\"@type\":\"WebSite\",\"@id\":\"https:\/\/vapingnet.de\/#website\",\"url\":\"https:\/\/vapingnet.de\/\",\"name\":\"Vapingnet.de\",\"description\":\"\",\"publisher\":{\"@id\":\"https:\/\/vapingnet.de\/#organization\"},\"potentialAction\":[{\"@type\":\"SearchAction\",\"target\":{\"@type\":\"EntryPoint\",\"urlTemplate\":\"https:\/\/vapingnet.de\/?s={search_term_string}\"},\"query-input\":{\"@type\":\"PropertyValueSpecification\",\"valueRequired\":true,\"valueName\":\"search_term_string\"}}],\"inLanguage\":\"it-IT\"},{\"@type\":\"Organization\",\"@id\":\"https:\/\/vapingnet.de\/#organization\",\"name\":\"Vapingnet.de\",\"url\":\"https:\/\/vapingnet.de\/\",\"logo\":{\"@type\":\"ImageObject\",\"inLanguage\":\"it-IT\",\"@id\":\"https:\/\/vapingnet.de\/#\/schema\/logo\/image\/\",\"url\":\"https:\/\/vapingnet.de\/wp-content\/uploads\/2025\/03\/cropped-vapingnet.de_.jpg\",\"contentUrl\":\"https:\/\/vapingnet.de\/wp-content\/uploads\/2025\/03\/cropped-vapingnet.de_.jpg\",\"width\":512,\"height\":512,\"caption\":\"Vapingnet.de\"},\"image\":{\"@id\":\"https:\/\/vapingnet.de\/#\/schema\/logo\/image\/\"},\"sameAs\":[\"https:\/\/www.facebook.com\/vapingnetde\/\"]}]}<\/script>\n<!-- \/ Yoast SEO plugin. -->","yoast_head_json":{"title":"WASPE 12000 Puffs Blueberry Raspberry Der Perfekte Frischekick Der \u00dcberall Gefragt Wird | Vapingnet.de","description":"Entdecke WASPE 12000 Puffs Blueberry Raspberry Der Perfekte Frischekick Der \u00dcberall Gefragt Wird bei vapingnet.de, \u25ba Gro\u00dfe Auswahl an Geschmacksrichtungen & super g\u00fcnstig!","robots":{"index":"index","follow":"follow","max-snippet":"max-snippet:-1","max-image-preview":"max-image-preview:large","max-video-preview":"max-video-preview:-1"},"canonical":"https:\/\/vapingnet.de\/it\/vape\/waspe-12000-puffs-blueberry-raspberry-der-perfekte-frischekick-der-ueberall-gefragt-wird\/","og_locale":"it_IT","og_type":"article","og_title":"WASPE 12000 Puffs Blueberry Raspberry Der Perfekte Frischekick Der \u00dcberall Gefragt Wird | Vapingnet.de","og_description":"Entdecke WASPE 12000 Puffs Blueberry Raspberry Der Perfekte Frischekick Der \u00dcberall Gefragt Wird bei vapingnet.de, \u25ba Gro\u00dfe Auswahl an Geschmacksrichtungen & super g\u00fcnstig!","og_url":"https:\/\/vapingnet.de\/it\/vape\/waspe-12000-puffs-blueberry-raspberry-der-perfekte-frischekick-der-ueberall-gefragt-wird\/","og_site_name":"Vapingnet.de","article_publisher":"https:\/\/www.facebook.com\/vapingnetde\/","article_modified_time":"2026-04-15T09:12:53+00:00","og_image":[{"width":1000,"height":1000,"url":"https:\/\/vapingnet.de\/wp-content\/uploads\/2025\/04\/Blueberry-Raspberry-1.webp","type":"image\/webp"}],"twitter_card":"summary_large_image","twitter_misc":{"Est. reading time":"2 minutes"},"schema":{"@context":"https:\/\/schema.org","@graph":[{"@type":"WebPage","@id":"https:\/\/vapingnet.de\/vape\/waspe-12000-puffs-blueberry-raspberry-der-perfekte-frischekick-der-ueberall-gefragt-wird\/","url":"https:\/\/vapingnet.de\/vape\/waspe-12000-puffs-blueberry-raspberry-der-perfekte-frischekick-der-ueberall-gefragt-wird\/","name":"WASPE 12000 Puffs Blueberry Raspberry Der Perfekte Frischekick Der \u00dcberall Gefragt Wird | Vapingnet.de","isPartOf":{"@id":"https:\/\/vapingnet.de\/#website"},"primaryImageOfPage":{"@id":"https:\/\/vapingnet.de\/vape\/waspe-12000-puffs-blueberry-raspberry-der-perfekte-frischekick-der-ueberall-gefragt-wird\/#primaryimage"},"image":{"@id":"https:\/\/vapingnet.de\/vape\/waspe-12000-puffs-blueberry-raspberry-der-perfekte-frischekick-der-ueberall-gefragt-wird\/#primaryimage"},"thumbnailUrl":"https:\/\/vapingnet.de\/wp-content\/uploads\/2025\/04\/Blueberry-Raspberry-1.webp","datePublished":"2025-04-29T06:29:14+00:00","dateModified":"2026-04-15T09:12:53+00:00","description":"Entdecke WASPE 12000 Puffs Blueberry Raspberry Der Perfekte Frischekick Der \u00dcberall Gefragt Wird bei vapingnet.de, \u25ba Gro\u00dfe Auswahl an Geschmacksrichtungen & super g\u00fcnstig!","breadcrumb":{"@id":"https:\/\/vapingnet.de\/vape\/waspe-12000-puffs-blueberry-raspberry-der-perfekte-frischekick-der-ueberall-gefragt-wird\/#breadcrumb"},"inLanguage":"it-IT","potentialAction":[{"@type":"ReadAction","target":["https:\/\/vapingnet.de\/vape\/waspe-12000-puffs-blueberry-raspberry-der-perfekte-frischekick-der-ueberall-gefragt-wird\/"]}]},{"@type":"ImageObject","inLanguage":"it-IT","@id":"https:\/\/vapingnet.de\/vape\/waspe-12000-puffs-blueberry-raspberry-der-perfekte-frischekick-der-ueberall-gefragt-wird\/#primaryimage","url":"https:\/\/vapingnet.de\/wp-content\/uploads\/2025\/04\/Blueberry-Raspberry-1.webp","contentUrl":"https:\/\/vapingnet.de\/wp-content\/uploads\/2025\/04\/Blueberry-Raspberry-1.webp","width":1000,"height":1000},{"@type":"BreadcrumbList","@id":"https:\/\/vapingnet.de\/vape\/waspe-12000-puffs-blueberry-raspberry-der-perfekte-frischekick-der-ueberall-gefragt-wird\/#breadcrumb","itemListElement":[{"@type":"ListItem","position":1,"name":"Home","item":"https:\/\/vapingnet.de\/"},{"@type":"ListItem","position":2,"name":"Shop","item":"https:\/\/vapingnet.de\/vape\/"},{"@type":"ListItem","position":3,"name":"WASPE 12000 Puffs Blueberry Raspberry Der Perfekte Frischekick Der \u00dcberall Gefragt Wird"}]},{"@type":"WebSite","@id":"https:\/\/vapingnet.de\/#website","url":"https:\/\/vapingnet.de\/","name":"Vapingnet.de","description":"","publisher":{"@id":"https:\/\/vapingnet.de\/#organization"},"potentialAction":[{"@type":"SearchAction","target":{"@type":"EntryPoint","urlTemplate":"https:\/\/vapingnet.de\/?s={search_term_string}"},"query-input":{"@type":"PropertyValueSpecification","valueRequired":true,"valueName":"search_term_string"}}],"inLanguage":"it-IT"},{"@type":"Organization","@id":"https:\/\/vapingnet.de\/#organization","name":"Vapingnet.de","url":"https:\/\/vapingnet.de\/","logo":{"@type":"ImageObject","inLanguage":"it-IT","@id":"https:\/\/vapingnet.de\/#\/schema\/logo\/image\/","url":"https:\/\/vapingnet.de\/wp-content\/uploads\/2025\/03\/cropped-vapingnet.de_.jpg","contentUrl":"https:\/\/vapingnet.de\/wp-content\/uploads\/2025\/03\/cropped-vapingnet.de_.jpg","width":512,"height":512,"caption":"Vapingnet.de"},"image":{"@id":"https:\/\/vapingnet.de\/#\/schema\/logo\/image\/"},"sameAs":["https:\/\/www.facebook.com\/vapingnetde\/"]}]}},"tiered_pricing_type":"fixed","tiered_pricing_fixed_rules":[],"tiered_pricing_product_settings":{"layout":"default","base_unit_name":{"singular":null,"plural":null},"default_variation":null},"tiered_pricing_minimum_quantity":null,"tiered_pricing_roles_data":[],"tiered_pricing_percentage_rules":[],"_links":{"self":[{"href":"https:\/\/vapingnet.de\/it\/wp-json\/wp\/v2\/product\/6641","targetHints":{"allow":["GET"]}}],"collection":[{"href":"https:\/\/vapingnet.de\/it\/wp-json\/wp\/v2\/product"}],"about":[{"href":"https:\/\/vapingnet.de\/it\/wp-json\/wp\/v2\/types\/product"}],"version-history":[{"count":1,"href":"https:\/\/vapingnet.de\/it\/wp-json\/wp\/v2\/product\/6641\/revisions"}],"predecessor-version":[{"id":6649,"href":"https:\/\/vapingnet.de\/it\/wp-json\/wp\/v2\/product\/6641\/revisions\/6649"}],"wp:featuredmedia":[{"embeddable":true,"href":"https:\/\/vapingnet.de\/it\/wp-json\/wp\/v2\/media\/6601"}],"wp:attachment":[{"href":"https:\/\/vapingnet.de\/it\/wp-json\/wp\/v2\/media?parent=6641"}],"wp:term":[{"taxonomy":"brand","embeddable":true,"href":"https:\/\/vapingnet.de\/it\/wp-json\/wp\/v2\/etheme_brands?post=6641"},{"taxonomy":"product_brand","embeddable":true,"href":"https:\/\/vapingnet.de\/it\/wp-json\/wp\/v2\/product_brand?post=6641"},{"taxonomy":"product_cat","embeddable":true,"href":"https:\/\/vapingnet.de\/it\/wp-json\/wp\/v2\/product_cat?post=6641"},{"taxonomy":"product_tag","embeddable":true,"href":"https:\/\/vapingnet.de\/it\/wp-json\/wp\/v2\/product_tag?post=6641"}],"curies":[{"name":"wp","href":"https:\/\/api.w.org\/{rel}","templated":true}]}}