{"id":6642,"date":"2025-04-29T06:29:16","date_gmt":"2025-04-29T06:29:16","guid":{"rendered":"https:\/\/vapingnet.de\/?post_type=product&#038;p=6642"},"modified":"2026-04-15T09:12:21","modified_gmt":"2026-04-15T09:12:21","slug":"waspe-12000-puffs-mit-mixed-berries-frisch-fruchtig-und-weltweit-ein-hit","status":"publish","type":"product","link":"https:\/\/vapingnet.de\/it\/vape\/waspe-12000-puffs-mit-mixed-berries-frisch-fruchtig-und-weltweit-ein-hit\/","title":{"rendered":"WASPE 12000 Puffs Con Frutti Misti Fruttato e Fresco, Un Successo Mondiale"},"content":{"rendered":"<h2 data-start=\"0\" data-end=\"77\" data-immersive-translate-walked=\"6afa0363-366e-485d-a365-bbb83175a2d0\">WASPE 12000 Puff \u2013 La vaporizzatore usa e getta definitivo per un piacere duraturo<\/h2>\n<p class=\"\" data-start=\"79\" data-end=\"416\" data-immersive-translate-walked=\"6afa0363-366e-485d-a365-bbb83175a2d0\" data-immersive-translate-paragraph=\"1\">La WASPE 12000 Puff \u00e8 una sigaretta elettronica usa e getta rivoluzionaria che soddisfa tutte le esigenze dei vapers moderni. Con una combinazione di alta performance, lunga durata e design elegante, questo modello si distingue dagli altri. Scopri perch\u00e9 la WASPE 12000 Puff \u00e8 la scelta perfetta per i vapers esigenti.<\/p>\n<h3>Cosa rende la WASPE 12000 Puff cos\u00ec speciale?<\/h3>\n<h4 class=\"\" data-start=\"469\" data-end=\"505\">Durata e efficienza<\/h4>\n<p class=\"\" data-start=\"506\" data-end=\"767\" data-immersive-translate-walked=\"6afa0363-366e-485d-a365-bbb83175a2d0\" data-immersive-translate-paragraph=\"1\">Con 12000 puff e 20 ml di e-liquid, questa sigaretta elettronica usa e getta offre pi\u00f9 che abbastanza capacit\u00e0 per accompagnarti a lungo. Ideale per i vapers frequenti, garantisce una produzione di vapore costantemente elevata fino a quando il dispositivo non sar\u00e0 esaurito.<\/p>\n<h4 class=\"\" data-start=\"769\" data-end=\"805\">Opzioni di nicotina versatili<\/h4>\n<p class=\"\" data-start=\"806\" data-end=\"1049\" data-immersive-translate-walked=\"6afa0363-366e-485d-a365-bbb83175a2d0\" data-immersive-translate-paragraph=\"1\">La WASPE 12000 Puff \u00e8 disponibile in diverse concentrazioni di nicotina: 0%, 2%, 3% e 5%. Questa scelta ti permette di trovare la quantit\u00e0 di nicotina perfetta per le tue esigenze, sia che tu sia un neofita della nicotina o un vaper esperto.<\/p>\n<h3 class=\"\" data-start=\"1051\" data-end=\"1101\" data-immersive-translate-walked=\"6afa0363-366e-485d-a365-bbb83175a2d0\" data-immersive-translate-paragraph=\"1\">Design e funzionalit\u00e0 user-friendly<\/h3>\n<h4 class=\"\" data-start=\"1103\" data-end=\"1151\" data-immersive-translate-walked=\"6afa0363-366e-485d-a365-bbb83175a2d0\">Illuminazione RGB per un look moderno<\/h4>\n<p class=\"\" data-start=\"1152\" data-end=\"1376\" data-immersive-translate-walked=\"6afa0363-366e-485d-a365-bbb83175a2d0\" data-immersive-translate-paragraph=\"1\">Il sistema di illuminazione RGB assicura che la tua sigaretta elettronica non sia solo funzionale, ma anche un vero e proprio elemento di stile. Conferisce alla WASPE 12000 Puff un tocco futuristico che la distingue dagli altri dispositivi.<\/p>\n<h4 class=\"\" data-start=\"1378\" data-end=\"1429\" data-immersive-translate-walked=\"6afa0363-366e-485d-a365-bbb83175a2d0\">Utilizzo pi\u00f9 semplice con attivazione a puff<\/h4>\n<p class=\"\" data-start=\"1430\" data-end=\"1627\" data-immersive-translate-walked=\"6afa0363-366e-485d-a365-bbb83175a2d0\" data-immersive-translate-paragraph=\"1\">L'attivazione a puff rende il vaping semplicissimo \u2013 basta tirare, e il dispositivo si attiva automaticamente. Non sono necessari pulsanti o interruttori, rendendo l'uso ancora pi\u00f9 facile.<\/p>\n<h3>Vantaggi della WASPE 12000 Puff<\/h3>\n<ul data-start=\"1984\" data-end=\"2548\">\n<li class=\"\" data-start=\"1984\" data-end=\"2122\">\n<p class=\"\" data-start=\"1986\" data-end=\"2122\" data-immersive-translate-walked=\"6afa0363-366e-485d-a365-bbb83175a2d0\" data-immersive-translate-paragraph=\"1\">Estremamente durevole: con 12000 puff e una generosa capacit\u00e0 di e-liquid, potrai goderti momenti di svapo prolungati senza dover ricaricare frequentemente.<\/p>\n<\/li>\n<li class=\"\" data-start=\"2123\" data-end=\"2238\">\n<p class=\"\" data-start=\"2125\" data-end=\"2238\" data-immersive-translate-walked=\"6afa0363-366e-485d-a365-bbb83175a2d0\" data-immersive-translate-paragraph=\"1\">Maneggevolezza confortevole: l'attivazione a puff garantisce che il vaping sia sempre rapido e semplice.<\/p>\n<\/li>\n<li class=\"\" data-start=\"2239\" data-end=\"2363\">\n<p class=\"\" data-start=\"2241\" data-end=\"2363\" data-immersive-translate-walked=\"6afa0363-366e-485d-a365-bbb83175a2d0\" data-immersive-translate-paragraph=\"1\">Design di alta qualit\u00e0: l'illuminazione RGB e l'aspetto moderno rendono l'esperienza di svapo sensoriale.<\/p>\n<\/li>\n<li class=\"\" data-start=\"2364\" data-end=\"2471\">\n<p class=\"\" data-start=\"2366\" data-end=\"2471\" data-immersive-translate-walked=\"6afa0363-366e-485d-a365-bbb83175a2d0\" data-immersive-translate-paragraph=\"1\">Opzioni di nicotina versatili: scegli tra diverse concentrazioni di nicotina quella pi\u00f9 adatta a te.<\/p>\n<\/li>\n<li class=\"\" data-start=\"2472\" data-end=\"2548\">\n<p class=\"\" data-start=\"2474\" data-end=\"2548\" data-immersive-translate-walked=\"6afa0363-366e-485d-a365-bbb83175a2d0\" data-immersive-translate-paragraph=\"1\">Ricarica rapida: grazie a Type-C, la ricarica \u00e8 semplice e veloce.<\/p>\n<\/li>\n<\/ul>\n<h3>Il gusto della WASPE 12000 Puff<\/h3>\n<p class=\"\" data-start=\"2591\" data-end=\"2848\" data-immersive-translate-walked=\"6afa0363-366e-485d-a365-bbb83175a2d0\">Con il gusto di Frutti di Bosco Misti, vivrai una miscela fruttata di bacche dolci e acidule che rende l'esperienza di svapo ancora pi\u00f9 intensa. Questa combinazione di sapori \u00e8 non solo rinfrescante, ma anche perfetta per il piacere quotidiano.<\/p>\n<h4>Consegna e spedizione<\/h4>\n<ul data-start=\"2877\" data-end=\"2943\" data-immersive-translate-walked=\"6afa0363-366e-485d-a365-bbb83175a2d0\">\n<li class=\"\" data-start=\"2877\" data-end=\"2909\">\n<p class=\"\" data-start=\"2879\" data-end=\"2909\">Tempi di consegna: 7-15 giorni lavorativi<\/p>\n<\/li>\n<li class=\"\" data-start=\"2910\" data-end=\"2943\">\n<p class=\"\" data-start=\"2912\" data-end=\"2943\">Vantaggio: Nessun costo doganale<\/p>\n<\/li>\n<\/ul>\n<p class=\"\" data-start=\"2945\" data-end=\"3199\" data-immersive-translate-walked=\"6afa0363-366e-485d-a365-bbb83175a2d0\">Puoi ordinare la WASPE 12000 Puffs direttamente sul sito web vapingnet.de. La spedizione \u00e8 rapida e senza complicazioni, e grazie alla consegna senza dazi puoi goderti un'esperienza di acquisto senza preoccupazioni.<\/p>\n<p class=\"\" data-start=\"3212\" data-end=\"3634\">La WASPE 12000 Puffs \u00e8 una scelta eccellente per i vapers che cercano un dispositivo monouso potente, durevole e facile da usare. Con una selezione di livelli di nicotina, una lunga durata e un design moderno, questo dispositivo \u00e8 la scelta perfetta per ogni vaper. Visita vapingnet.de e assicurati oggi stesso la tua WASPE 12000 Puffs!<\/p>","protected":false},"excerpt":{"rendered":"<p>WASPE 12000 Puffs \u2013 Der ultimative Einweg-Vape f\u00fcr langanhaltenden Genuss Die WASPE 12000 Puffs ist eine revolution\u00e4re Einweg-E-Zigarette, die alle Anforderungen moderner Dampfer erf\u00fcllt. Mit&#8230;<\/p>","protected":false},"featured_media":6607,"template":"","meta":[],"etheme_brands":[],"product_brand":[98],"product_cat":[88,49,61],"product_tag":[],"class_list":{"0":"post-6642","1":"product","2":"type-product","3":"status-publish","4":"has-post-thumbnail","6":"product_brand-waspe-vape","7":"product_cat-12k-vape","8":"product_cat-einweg-e-zigarette","9":"product_cat-f","11":"first","12":"instock","13":"shipping-taxable","14":"purchasable","15":"product-type-variable"},"yoast_head":"<!-- This site is optimized with the Yoast SEO plugin v26.5 - https:\/\/yoast.com\/wordpress\/plugins\/seo\/ -->\n<title>WASPE 12000 Puffs Mit Mixed Berries Frisch Fruchtig, Und Weltweit Ein Hit | Vapingnet.de<\/title>\n<meta name=\"description\" content=\"Entdecke WASPE 12000 Puffs Mit Mixed Berries Frisch Fruchtig, Und Weltweit Ein Hit bei vapingnet.de, \u25ba Gro\u00dfe Auswahl an Geschmacksrichtungen &amp; super g\u00fcnstig!\" \/>\n<meta name=\"robots\" content=\"index, follow, max-snippet:-1, max-image-preview:large, max-video-preview:-1\" \/>\n<link rel=\"canonical\" href=\"https:\/\/vapingnet.de\/it\/vape\/waspe-12000-puffs-mit-mixed-berries-frisch-fruchtig-und-weltweit-ein-hit\/\" \/>\n<meta property=\"og:locale\" content=\"it_IT\" \/>\n<meta property=\"og:type\" content=\"article\" \/>\n<meta property=\"og:title\" content=\"WASPE 12000 Puffs Mit Mixed Berries Frisch Fruchtig, Und Weltweit Ein Hit | Vapingnet.de\" \/>\n<meta property=\"og:description\" content=\"Entdecke WASPE 12000 Puffs Mit Mixed Berries Frisch Fruchtig, Und Weltweit Ein Hit bei vapingnet.de, \u25ba Gro\u00dfe Auswahl an Geschmacksrichtungen &amp; super g\u00fcnstig!\" \/>\n<meta property=\"og:url\" content=\"https:\/\/vapingnet.de\/it\/vape\/waspe-12000-puffs-mit-mixed-berries-frisch-fruchtig-und-weltweit-ein-hit\/\" \/>\n<meta property=\"og:site_name\" content=\"Vapingnet.de\" \/>\n<meta property=\"article:publisher\" content=\"https:\/\/www.facebook.com\/vapingnetde\/\" \/>\n<meta property=\"article:modified_time\" content=\"2026-04-15T09:12:21+00:00\" \/>\n<meta property=\"og:image\" content=\"https:\/\/vapingnet.de\/wp-content\/uploads\/2025\/04\/Mixed-Berries-1.webp\" \/>\n\t<meta property=\"og:image:width\" content=\"1000\" \/>\n\t<meta property=\"og:image:height\" content=\"1000\" \/>\n\t<meta property=\"og:image:type\" content=\"image\/webp\" \/>\n<meta name=\"twitter:card\" content=\"summary_large_image\" \/>\n<meta name=\"twitter:label1\" content=\"Est. reading time\" \/>\n\t<meta name=\"twitter:data1\" content=\"3 minutes\" \/>\n<script type=\"application\/ld+json\" class=\"yoast-schema-graph\">{\"@context\":\"https:\/\/schema.org\",\"@graph\":[{\"@type\":\"WebPage\",\"@id\":\"https:\/\/vapingnet.de\/vape\/waspe-12000-puffs-mit-mixed-berries-frisch-fruchtig-und-weltweit-ein-hit\/\",\"url\":\"https:\/\/vapingnet.de\/vape\/waspe-12000-puffs-mit-mixed-berries-frisch-fruchtig-und-weltweit-ein-hit\/\",\"name\":\"WASPE 12000 Puffs Mit Mixed Berries Frisch Fruchtig, Und Weltweit Ein Hit | Vapingnet.de\",\"isPartOf\":{\"@id\":\"https:\/\/vapingnet.de\/#website\"},\"primaryImageOfPage\":{\"@id\":\"https:\/\/vapingnet.de\/vape\/waspe-12000-puffs-mit-mixed-berries-frisch-fruchtig-und-weltweit-ein-hit\/#primaryimage\"},\"image\":{\"@id\":\"https:\/\/vapingnet.de\/vape\/waspe-12000-puffs-mit-mixed-berries-frisch-fruchtig-und-weltweit-ein-hit\/#primaryimage\"},\"thumbnailUrl\":\"https:\/\/vapingnet.de\/wp-content\/uploads\/2025\/04\/Mixed-Berries-1.webp\",\"datePublished\":\"2025-04-29T06:29:16+00:00\",\"dateModified\":\"2026-04-15T09:12:21+00:00\",\"description\":\"Entdecke WASPE 12000 Puffs Mit Mixed Berries Frisch Fruchtig, Und Weltweit Ein Hit bei vapingnet.de, \u25ba Gro\u00dfe Auswahl an Geschmacksrichtungen & super g\u00fcnstig!\",\"breadcrumb\":{\"@id\":\"https:\/\/vapingnet.de\/vape\/waspe-12000-puffs-mit-mixed-berries-frisch-fruchtig-und-weltweit-ein-hit\/#breadcrumb\"},\"inLanguage\":\"it-IT\",\"potentialAction\":[{\"@type\":\"ReadAction\",\"target\":[\"https:\/\/vapingnet.de\/vape\/waspe-12000-puffs-mit-mixed-berries-frisch-fruchtig-und-weltweit-ein-hit\/\"]}]},{\"@type\":\"ImageObject\",\"inLanguage\":\"it-IT\",\"@id\":\"https:\/\/vapingnet.de\/vape\/waspe-12000-puffs-mit-mixed-berries-frisch-fruchtig-und-weltweit-ein-hit\/#primaryimage\",\"url\":\"https:\/\/vapingnet.de\/wp-content\/uploads\/2025\/04\/Mixed-Berries-1.webp\",\"contentUrl\":\"https:\/\/vapingnet.de\/wp-content\/uploads\/2025\/04\/Mixed-Berries-1.webp\",\"width\":1000,\"height\":1000},{\"@type\":\"BreadcrumbList\",\"@id\":\"https:\/\/vapingnet.de\/vape\/waspe-12000-puffs-mit-mixed-berries-frisch-fruchtig-und-weltweit-ein-hit\/#breadcrumb\",\"itemListElement\":[{\"@type\":\"ListItem\",\"position\":1,\"name\":\"Home\",\"item\":\"https:\/\/vapingnet.de\/\"},{\"@type\":\"ListItem\",\"position\":2,\"name\":\"Shop\",\"item\":\"https:\/\/vapingnet.de\/vape\/\"},{\"@type\":\"ListItem\",\"position\":3,\"name\":\"WASPE 12000 Puffs Mit Mixed Berries Frisch Fruchtig, Und Weltweit Ein Hit\"}]},{\"@type\":\"WebSite\",\"@id\":\"https:\/\/vapingnet.de\/#website\",\"url\":\"https:\/\/vapingnet.de\/\",\"name\":\"Vapingnet.de\",\"description\":\"\",\"publisher\":{\"@id\":\"https:\/\/vapingnet.de\/#organization\"},\"potentialAction\":[{\"@type\":\"SearchAction\",\"target\":{\"@type\":\"EntryPoint\",\"urlTemplate\":\"https:\/\/vapingnet.de\/?s={search_term_string}\"},\"query-input\":{\"@type\":\"PropertyValueSpecification\",\"valueRequired\":true,\"valueName\":\"search_term_string\"}}],\"inLanguage\":\"it-IT\"},{\"@type\":\"Organization\",\"@id\":\"https:\/\/vapingnet.de\/#organization\",\"name\":\"Vapingnet.de\",\"url\":\"https:\/\/vapingnet.de\/\",\"logo\":{\"@type\":\"ImageObject\",\"inLanguage\":\"it-IT\",\"@id\":\"https:\/\/vapingnet.de\/#\/schema\/logo\/image\/\",\"url\":\"https:\/\/vapingnet.de\/wp-content\/uploads\/2025\/03\/cropped-vapingnet.de_.jpg\",\"contentUrl\":\"https:\/\/vapingnet.de\/wp-content\/uploads\/2025\/03\/cropped-vapingnet.de_.jpg\",\"width\":512,\"height\":512,\"caption\":\"Vapingnet.de\"},\"image\":{\"@id\":\"https:\/\/vapingnet.de\/#\/schema\/logo\/image\/\"},\"sameAs\":[\"https:\/\/www.facebook.com\/vapingnetde\/\"]}]}<\/script>\n<!-- \/ Yoast SEO plugin. -->","yoast_head_json":{"title":"WASPE 12000 Puffs Mit Mixed Berries Frisch Fruchtig, Und Weltweit Ein Hit | Vapingnet.de","description":"Entdecke WASPE 12000 Puffs Mit Mixed Berries Frisch Fruchtig, Und Weltweit Ein Hit bei vapingnet.de, \u25ba Gro\u00dfe Auswahl an Geschmacksrichtungen & super g\u00fcnstig!","robots":{"index":"index","follow":"follow","max-snippet":"max-snippet:-1","max-image-preview":"max-image-preview:large","max-video-preview":"max-video-preview:-1"},"canonical":"https:\/\/vapingnet.de\/it\/vape\/waspe-12000-puffs-mit-mixed-berries-frisch-fruchtig-und-weltweit-ein-hit\/","og_locale":"it_IT","og_type":"article","og_title":"WASPE 12000 Puffs Mit Mixed Berries Frisch Fruchtig, Und Weltweit Ein Hit | Vapingnet.de","og_description":"Entdecke WASPE 12000 Puffs Mit Mixed Berries Frisch Fruchtig, Und Weltweit Ein Hit bei vapingnet.de, \u25ba Gro\u00dfe Auswahl an Geschmacksrichtungen & super g\u00fcnstig!","og_url":"https:\/\/vapingnet.de\/it\/vape\/waspe-12000-puffs-mit-mixed-berries-frisch-fruchtig-und-weltweit-ein-hit\/","og_site_name":"Vapingnet.de","article_publisher":"https:\/\/www.facebook.com\/vapingnetde\/","article_modified_time":"2026-04-15T09:12:21+00:00","og_image":[{"width":1000,"height":1000,"url":"https:\/\/vapingnet.de\/wp-content\/uploads\/2025\/04\/Mixed-Berries-1.webp","type":"image\/webp"}],"twitter_card":"summary_large_image","twitter_misc":{"Est. reading time":"3 minutes"},"schema":{"@context":"https:\/\/schema.org","@graph":[{"@type":"WebPage","@id":"https:\/\/vapingnet.de\/vape\/waspe-12000-puffs-mit-mixed-berries-frisch-fruchtig-und-weltweit-ein-hit\/","url":"https:\/\/vapingnet.de\/vape\/waspe-12000-puffs-mit-mixed-berries-frisch-fruchtig-und-weltweit-ein-hit\/","name":"WASPE 12000 Puffs Mit Mixed Berries Frisch Fruchtig, Und Weltweit Ein Hit | Vapingnet.de","isPartOf":{"@id":"https:\/\/vapingnet.de\/#website"},"primaryImageOfPage":{"@id":"https:\/\/vapingnet.de\/vape\/waspe-12000-puffs-mit-mixed-berries-frisch-fruchtig-und-weltweit-ein-hit\/#primaryimage"},"image":{"@id":"https:\/\/vapingnet.de\/vape\/waspe-12000-puffs-mit-mixed-berries-frisch-fruchtig-und-weltweit-ein-hit\/#primaryimage"},"thumbnailUrl":"https:\/\/vapingnet.de\/wp-content\/uploads\/2025\/04\/Mixed-Berries-1.webp","datePublished":"2025-04-29T06:29:16+00:00","dateModified":"2026-04-15T09:12:21+00:00","description":"Entdecke WASPE 12000 Puffs Mit Mixed Berries Frisch Fruchtig, Und Weltweit Ein Hit bei vapingnet.de, \u25ba Gro\u00dfe Auswahl an Geschmacksrichtungen & super g\u00fcnstig!","breadcrumb":{"@id":"https:\/\/vapingnet.de\/vape\/waspe-12000-puffs-mit-mixed-berries-frisch-fruchtig-und-weltweit-ein-hit\/#breadcrumb"},"inLanguage":"it-IT","potentialAction":[{"@type":"ReadAction","target":["https:\/\/vapingnet.de\/vape\/waspe-12000-puffs-mit-mixed-berries-frisch-fruchtig-und-weltweit-ein-hit\/"]}]},{"@type":"ImageObject","inLanguage":"it-IT","@id":"https:\/\/vapingnet.de\/vape\/waspe-12000-puffs-mit-mixed-berries-frisch-fruchtig-und-weltweit-ein-hit\/#primaryimage","url":"https:\/\/vapingnet.de\/wp-content\/uploads\/2025\/04\/Mixed-Berries-1.webp","contentUrl":"https:\/\/vapingnet.de\/wp-content\/uploads\/2025\/04\/Mixed-Berries-1.webp","width":1000,"height":1000},{"@type":"BreadcrumbList","@id":"https:\/\/vapingnet.de\/vape\/waspe-12000-puffs-mit-mixed-berries-frisch-fruchtig-und-weltweit-ein-hit\/#breadcrumb","itemListElement":[{"@type":"ListItem","position":1,"name":"Home","item":"https:\/\/vapingnet.de\/"},{"@type":"ListItem","position":2,"name":"Shop","item":"https:\/\/vapingnet.de\/vape\/"},{"@type":"ListItem","position":3,"name":"WASPE 12000 Puffs Mit Mixed Berries Frisch Fruchtig, Und Weltweit Ein Hit"}]},{"@type":"WebSite","@id":"https:\/\/vapingnet.de\/#website","url":"https:\/\/vapingnet.de\/","name":"Vapingnet.de","description":"","publisher":{"@id":"https:\/\/vapingnet.de\/#organization"},"potentialAction":[{"@type":"SearchAction","target":{"@type":"EntryPoint","urlTemplate":"https:\/\/vapingnet.de\/?s={search_term_string}"},"query-input":{"@type":"PropertyValueSpecification","valueRequired":true,"valueName":"search_term_string"}}],"inLanguage":"it-IT"},{"@type":"Organization","@id":"https:\/\/vapingnet.de\/#organization","name":"Vapingnet.de","url":"https:\/\/vapingnet.de\/","logo":{"@type":"ImageObject","inLanguage":"it-IT","@id":"https:\/\/vapingnet.de\/#\/schema\/logo\/image\/","url":"https:\/\/vapingnet.de\/wp-content\/uploads\/2025\/03\/cropped-vapingnet.de_.jpg","contentUrl":"https:\/\/vapingnet.de\/wp-content\/uploads\/2025\/03\/cropped-vapingnet.de_.jpg","width":512,"height":512,"caption":"Vapingnet.de"},"image":{"@id":"https:\/\/vapingnet.de\/#\/schema\/logo\/image\/"},"sameAs":["https:\/\/www.facebook.com\/vapingnetde\/"]}]}},"tiered_pricing_type":"fixed","tiered_pricing_fixed_rules":[],"tiered_pricing_product_settings":{"layout":"default","base_unit_name":{"singular":null,"plural":null},"default_variation":null},"tiered_pricing_minimum_quantity":null,"tiered_pricing_roles_data":[],"tiered_pricing_percentage_rules":[],"_links":{"self":[{"href":"https:\/\/vapingnet.de\/it\/wp-json\/wp\/v2\/product\/6642","targetHints":{"allow":["GET"]}}],"collection":[{"href":"https:\/\/vapingnet.de\/it\/wp-json\/wp\/v2\/product"}],"about":[{"href":"https:\/\/vapingnet.de\/it\/wp-json\/wp\/v2\/types\/product"}],"version-history":[{"count":1,"href":"https:\/\/vapingnet.de\/it\/wp-json\/wp\/v2\/product\/6642\/revisions"}],"predecessor-version":[{"id":6650,"href":"https:\/\/vapingnet.de\/it\/wp-json\/wp\/v2\/product\/6642\/revisions\/6650"}],"wp:featuredmedia":[{"embeddable":true,"href":"https:\/\/vapingnet.de\/it\/wp-json\/wp\/v2\/media\/6607"}],"wp:attachment":[{"href":"https:\/\/vapingnet.de\/it\/wp-json\/wp\/v2\/media?parent=6642"}],"wp:term":[{"taxonomy":"brand","embeddable":true,"href":"https:\/\/vapingnet.de\/it\/wp-json\/wp\/v2\/etheme_brands?post=6642"},{"taxonomy":"product_brand","embeddable":true,"href":"https:\/\/vapingnet.de\/it\/wp-json\/wp\/v2\/product_brand?post=6642"},{"taxonomy":"product_cat","embeddable":true,"href":"https:\/\/vapingnet.de\/it\/wp-json\/wp\/v2\/product_cat?post=6642"},{"taxonomy":"product_tag","embeddable":true,"href":"https:\/\/vapingnet.de\/it\/wp-json\/wp\/v2\/product_tag?post=6642"}],"curies":[{"name":"wp","href":"https:\/\/api.w.org\/{rel}","templated":true}]}}