{"id":6652,"date":"2025-04-29T07:32:07","date_gmt":"2025-04-29T07:32:07","guid":{"rendered":"https:\/\/vapingnet.de\/?post_type=product&#038;p=6652"},"modified":"2026-04-15T09:09:03","modified_gmt":"2026-04-15T09:09:03","slug":"watermelon-mango-peach-waspe-12000-puffs-fuer-den-besten-vape-genuss-weltweit","status":"publish","type":"product","link":"https:\/\/vapingnet.de\/it\/vape\/watermelon-mango-peach-waspe-12000-puffs-fuer-den-besten-vape-genuss-weltweit\/","title":{"rendered":"Anguria Mango Pesca WASPE 12000 Puff Per il miglior piacere dello svapo in tutto il mondo"},"content":{"rendered":"<div style=\"width: 1170px;\" class=\"wp-video\"><!--[if lt IE 9]><script>document.createElement('video');<\/script><![endif]-->\n<video class=\"wp-video-shortcode\" id=\"video-6652-1\" width=\"1170\" height=\"658\" preload=\"metadata\" controls=\"controls\"><source type=\"video\/mp4\" src=\"https:\/\/vapingnet.de\/wp-content\/uploads\/2025\/04\/12000Puffs_DigitalBox.mp4?_=1\" \/><a href=\"https:\/\/vapingnet.de\/wp-content\/uploads\/2025\/04\/12000Puffs_DigitalBox.mp4\">https:\/\/vapingnet.de\/wp-content\/uploads\/2025\/04\/12000Puffs_DigitalBox.mp4<\/a><\/video><\/div>\n<h2 data-start=\"0\" data-end=\"62\" data-immersive-translate-walked=\"c4d3469c-7724-4f99-ba05-2ec1b7fe557c\">WASPE 12000 Puffs Digital Box: La scelta ideale per gli svapatori<\/h2>\n<p class=\"\" data-start=\"64\" data-end=\"438\" data-immersive-translate-walked=\"c4d3469c-7724-4f99-ba05-2ec1b7fe557c\" data-immersive-translate-paragraph=\"1\">La WASPE 12000 Puffs Digital Box rappresenta una nuova generazione di sigarette elettroniche usa e getta. Con tecnologia avanzata e un design accattivante, questo modello si rivolge agli svapatori che cercano un uso prolungato e un'esperienza user-friendly. Nel seguente articolo approfondiamo le caratteristiche e i vantaggi principali della WASPE 12000 Puffs Digital Box.<\/p>\n<p class=\"\" data-start=\"465\" data-end=\"903\" data-immersive-translate-walked=\"c4d3469c-7724-4f99-ba05-2ec1b7fe557c\" data-immersive-translate-paragraph=\"1\">La WASPE 12000 Puffs Digital Box si distingue per l'uso di materiali di alta qualit\u00e0. La combinazione di lega di alluminio e PCGT garantisce non solo una lunga durata, ma anche una piacevole sensazione al tatto. Il design \u00e8 snello e moderno, rendendo il dispositivo particolarmente estetico e allo stesso tempo facile da maneggiare. La dimensione compatta lo rende ideale per l'uso quotidiano, sia a casa che in movimento.<\/p>\n<h3 class=\"\" data-start=\"905\" data-end=\"927\" data-immersive-translate-walked=\"c4d3469c-7724-4f99-ba05-2ec1b7fe557c\" data-immersive-translate-paragraph=\"1\">Dettagli tecnici<\/h3>\n<ul data-start=\"929\" data-end=\"2029\" data-immersive-translate-walked=\"c4d3469c-7724-4f99-ba05-2ec1b7fe557c\">\n<li class=\"\" data-start=\"929\" data-end=\"1178\" data-immersive-translate-walked=\"c4d3469c-7724-4f99-ba05-2ec1b7fe557c\">\n<p class=\"\" data-start=\"931\" data-end=\"1178\" data-immersive-translate-walked=\"c4d3469c-7724-4f99-ba05-2ec1b7fe557c\" data-immersive-translate-paragraph=\"1\">Capacit\u00e0 di E-Liquido: Con 20 ml, la WASPE 12000 Puffs Digital Box offre una delle capacit\u00e0 pi\u00f9 grandi tra le sigarette elettroniche usa e getta. Ci\u00f2 significa che l'utente pu\u00f2 godersi un lungo periodo senza preoccuparsi di ricaricare.<\/p>\n<\/li>\n<li class=\"\" data-start=\"1182\" data-end=\"1441\" data-immersive-translate-walked=\"c4d3469c-7724-4f99-ba05-2ec1b7fe557c\">\n<p class=\"\" data-start=\"1184\" data-end=\"1441\" data-immersive-translate-walked=\"c4d3469c-7724-4f99-ba05-2ec1b7fe557c\" data-immersive-translate-paragraph=\"1\">Capacit\u00e0 della batteria: La batteria integrata da 650 mAh garantisce prestazioni costanti per tutta la durata del prodotto e permette di gustare fino a 12000 tiri. Questo assicura che le prestazioni rimangano stabili e affidabili.<\/p>\n<\/li>\n<li class=\"\" data-start=\"1443\" data-end=\"1661\" data-immersive-translate-walked=\"c4d3469c-7724-4f99-ba05-2ec1b7fe557c\">\n<p class=\"\" data-start=\"1445\" data-end=\"1661\" data-immersive-translate-walked=\"c4d3469c-7724-4f99-ba05-2ec1b7fe557c\" data-immersive-translate-paragraph=\"1\">Range di potenza: La WASPE 12000 Puffs Digital Box offre una regolazione di potenza flessibile tra 7 e 12 Volt. In questo modo, lo svapatore pu\u00f2 adattare l'intensit\u00e0 del vapore alle proprie preferenze personali.<\/p>\n<\/li>\n<li class=\"\" data-start=\"1663\" data-end=\"1844\" data-immersive-translate-walked=\"c4d3469c-7724-4f99-ba05-2ec1b7fe557c\">\n<p class=\"\" data-start=\"1665\" data-end=\"1844\" data-immersive-translate-walked=\"c4d3469c-7724-4f99-ba05-2ec1b7fe557c\" data-immersive-translate-paragraph=\"1\">Resistenza della coil: Con una resistenza di 1,0 \u03a9, la box garantisce un vapore equilibrato e piacevole, adatto sia ai principianti che agli svapatori esperti.<\/p>\n<\/li>\n<li class=\"\" data-start=\"1846\" data-end=\"2029\" data-immersive-translate-walked=\"c4d3469c-7724-4f99-ba05-2ec1b7fe557c\">\n<p class=\"\" data-start=\"1848\" data-end=\"2029\" data-immersive-translate-walked=\"c4d3469c-7724-4f99-ba05-2ec1b7fe557c\" data-immersive-translate-paragraph=\"1\">Porta di ricarica: Grazie alla porta moderna Type-C, la velocit\u00e0 di ricarica \u00e8 pi\u00f9 rapida rispetto agli standard USB pi\u00f9 vecchi. Significa meno tempo di attesa e una gestione pi\u00f9 semplice.<\/p>\n<\/li>\n<\/ul>\n<h4 data-start=\"2031\" data-end=\"2053\" data-immersive-translate-walked=\"c4d3469c-7724-4f99-ba05-2ec1b7fe557c\" data-immersive-translate-paragraph=\"1\">Esperienza di gusto<\/h4>\n<p class=\"\" data-start=\"2055\" data-end=\"2387\" data-immersive-translate-walked=\"c4d3469c-7724-4f99-ba05-2ec1b7fe557c\" data-immersive-translate-paragraph=\"1\">La WASPE 12000 Puffs Digital Box offre il gusto unico di anguria, mango e pesca \u2013 una miscela rinfrescante e fruttata, che rappresenta un piacere per ogni svapatore. Questa combinazione di frutti tropicali garantisce un'esperienza di gusto intensa e si adatta perfettamente all'uso quotidiano.<\/p>\n<h4 data-start=\"2389\" data-end=\"2413\" data-immersive-translate-walked=\"c4d3469c-7724-4f99-ba05-2ec1b7fe557c\" data-immersive-translate-paragraph=\"1\">Concentrazione di nicotina<\/h4>\n<p class=\"\" data-start=\"2415\" data-end=\"2700\" data-immersive-translate-walked=\"c4d3469c-7724-4f99-ba05-2ec1b7fe557c\" data-immersive-translate-paragraph=\"1\">Con le concentrazioni di nicotina disponibili di 2% e 5%, la WASPE 12000 Puffs Digital Box offre una vasta gamma di opzioni. I principianti possono optare per la variante da 2%, mentre gli svapatori esperti possono godere dell'intensit\u00e0 di nicotina desiderata con la concentrazione da 5%.<\/p>\n<h4 data-start=\"2702\" data-end=\"2722\" data-immersive-translate-walked=\"c4d3469c-7724-4f99-ba05-2ec1b7fe557c\" data-immersive-translate-paragraph=\"1\">Altri vantaggi<\/h4>\n<ul data-start=\"2724\" data-end=\"3185\" data-immersive-translate-walked=\"c4d3469c-7724-4f99-ba05-2ec1b7fe557c\">\n<li class=\"\" data-start=\"2724\" data-end=\"2876\" data-immersive-translate-walked=\"c4d3469c-7724-4f99-ba05-2ec1b7fe557c\">\n<p class=\"\" data-start=\"2726\" data-end=\"2876\" data-immersive-translate-walked=\"c4d3469c-7724-4f99-ba05-2ec1b7fe557c\" data-immersive-translate-paragraph=\"1\">Facilit\u00e0 d'uso: La WASPE 12000 Puffs Digital Box non richiede conoscenze o preparazioni particolari. Basta estrarla dalla confezione e svapare.<\/p>\n<\/li>\n<li class=\"\" data-start=\"2877\" data-end=\"3034\" data-immersive-translate-walked=\"c4d3469c-7724-4f99-ba05-2ec1b7fe557c\">\n<p class=\"\" data-start=\"2879\" data-end=\"3034\" data-immersive-translate-walked=\"c4d3469c-7724-4f99-ba05-2ec1b7fe557c\" data-immersive-translate-paragraph=\"1\">Nessun dazio di importazione: Un vantaggio speciale \u00e8 che all'acquisto non sono applicate tasse aggiuntive, rendendo il prodotto un'opzione economica.<\/p>\n<\/li>\n<li class=\"\" data-start=\"3035\" data-end=\"3185\" data-immersive-translate-walked=\"c4d3469c-7724-4f99-ba05-2ec1b7fe557c\">\n<p class=\"\" data-start=\"3037\" data-end=\"3185\" data-immersive-translate-walked=\"c4d3469c-7724-4f99-ba05-2ec1b7fe557c\" data-immersive-translate-paragraph=\"1\">Consegna rapida: La spedizione avviene generalmente entro 7-15 giorni lavorativi, cos\u00ec il prodotto arriva rapidamente nelle mani dell'acquirente.<\/p>\n<\/li>\n<\/ul>\n<p class=\"\" data-start=\"3198\" data-end=\"3606\" data-immersive-translate-walked=\"c4d3469c-7724-4f99-ba05-2ec1b7fe557c\" data-immersive-translate-paragraph=\"1\">La WASPE 12000 Puffs Digital Box \u00e8 una delle migliori opzioni per gli svapatori che cercano una sigaretta elettronica durevole e affidabile. Con un'elevata capacit\u00e0 di E-liquido, una batteria potente e un'esperienza di gusto eccezionale, questo modello soddisfa tutte le esigenze di un dispositivo moderno usa e getta. Visita vapingnet.de per saperne di pi\u00f9 e effettuare il tuo ordine.<\/p>","protected":false},"excerpt":{"rendered":"<p>WASPE 12000 Puffs Digital Box: Die ideale Wahl f\u00fcr Dampfer Die WASPE 12000 Puffs Digital Box stellt eine neue Generation von Einweg-E-Zigaretten dar. Mit fortschrittlicher&#8230;<\/p>","protected":false},"featured_media":6662,"template":"","meta":[],"etheme_brands":[],"product_brand":[98],"product_cat":[88,49,61],"product_tag":[],"class_list":{"0":"post-6652","1":"product","2":"type-product","3":"status-publish","4":"has-post-thumbnail","6":"product_brand-waspe-vape","7":"product_cat-12k-vape","8":"product_cat-einweg-e-zigarette","9":"product_cat-f","11":"first","12":"instock","13":"shipping-taxable","14":"purchasable","15":"product-type-variable"},"yoast_head":"<!-- This site is optimized with the Yoast SEO plugin v26.5 - https:\/\/yoast.com\/wordpress\/plugins\/seo\/ -->\n<title>Watermelon Mango Peach WASPE 12000 Puffs F\u00fcr Den Besten Vape-Genuss Weltweit | Vapingnet.de<\/title>\n<meta name=\"description\" content=\"Entdecke Watermelon Mango Peach WASPE 12000 Puffs F\u00fcr Den Besten Vape-Genuss Weltweit bei vapingnet.de, \u25ba Gro\u00dfe Auswahl an Geschmacksrichtungen &amp; super g\u00fcnstig!\" \/>\n<meta name=\"robots\" content=\"index, follow, max-snippet:-1, max-image-preview:large, max-video-preview:-1\" \/>\n<link rel=\"canonical\" href=\"https:\/\/vapingnet.de\/it\/vape\/watermelon-mango-peach-waspe-12000-puffs-fuer-den-besten-vape-genuss-weltweit\/\" \/>\n<meta property=\"og:locale\" content=\"it_IT\" \/>\n<meta property=\"og:type\" content=\"article\" \/>\n<meta property=\"og:title\" content=\"Watermelon Mango Peach WASPE 12000 Puffs F\u00fcr Den Besten Vape-Genuss Weltweit | Vapingnet.de\" \/>\n<meta property=\"og:description\" content=\"Entdecke Watermelon Mango Peach WASPE 12000 Puffs F\u00fcr Den Besten Vape-Genuss Weltweit bei vapingnet.de, \u25ba Gro\u00dfe Auswahl an Geschmacksrichtungen &amp; super g\u00fcnstig!\" \/>\n<meta property=\"og:url\" content=\"https:\/\/vapingnet.de\/it\/vape\/watermelon-mango-peach-waspe-12000-puffs-fuer-den-besten-vape-genuss-weltweit\/\" \/>\n<meta property=\"og:site_name\" content=\"Vapingnet.de\" \/>\n<meta property=\"article:publisher\" content=\"https:\/\/www.facebook.com\/vapingnetde\/\" \/>\n<meta property=\"article:modified_time\" content=\"2026-04-15T09:09:03+00:00\" \/>\n<meta property=\"og:image\" content=\"https:\/\/vapingnet.de\/wp-content\/uploads\/2025\/04\/Watermelon-Mango-Peach.webp\" \/>\n\t<meta property=\"og:image:width\" content=\"1000\" \/>\n\t<meta property=\"og:image:height\" content=\"1000\" \/>\n\t<meta property=\"og:image:type\" content=\"image\/webp\" \/>\n<meta name=\"twitter:card\" content=\"summary_large_image\" \/>\n<meta name=\"twitter:label1\" content=\"Est. reading time\" \/>\n\t<meta name=\"twitter:data1\" content=\"3 minutes\" \/>\n<script type=\"application\/ld+json\" class=\"yoast-schema-graph\">{\"@context\":\"https:\/\/schema.org\",\"@graph\":[{\"@type\":\"WebPage\",\"@id\":\"https:\/\/vapingnet.de\/vape\/watermelon-mango-peach-waspe-12000-puffs-fuer-den-besten-vape-genuss-weltweit\/\",\"url\":\"https:\/\/vapingnet.de\/vape\/watermelon-mango-peach-waspe-12000-puffs-fuer-den-besten-vape-genuss-weltweit\/\",\"name\":\"Watermelon Mango Peach WASPE 12000 Puffs F\u00fcr Den Besten Vape-Genuss Weltweit | Vapingnet.de\",\"isPartOf\":{\"@id\":\"https:\/\/vapingnet.de\/#website\"},\"primaryImageOfPage\":{\"@id\":\"https:\/\/vapingnet.de\/vape\/watermelon-mango-peach-waspe-12000-puffs-fuer-den-besten-vape-genuss-weltweit\/#primaryimage\"},\"image\":{\"@id\":\"https:\/\/vapingnet.de\/vape\/watermelon-mango-peach-waspe-12000-puffs-fuer-den-besten-vape-genuss-weltweit\/#primaryimage\"},\"thumbnailUrl\":\"https:\/\/vapingnet.de\/wp-content\/uploads\/2025\/04\/Watermelon-Mango-Peach.webp\",\"datePublished\":\"2025-04-29T07:32:07+00:00\",\"dateModified\":\"2026-04-15T09:09:03+00:00\",\"description\":\"Entdecke Watermelon Mango Peach WASPE 12000 Puffs F\u00fcr Den Besten Vape-Genuss Weltweit bei vapingnet.de, \u25ba Gro\u00dfe Auswahl an Geschmacksrichtungen & super g\u00fcnstig!\",\"breadcrumb\":{\"@id\":\"https:\/\/vapingnet.de\/vape\/watermelon-mango-peach-waspe-12000-puffs-fuer-den-besten-vape-genuss-weltweit\/#breadcrumb\"},\"inLanguage\":\"it-IT\",\"potentialAction\":[{\"@type\":\"ReadAction\",\"target\":[\"https:\/\/vapingnet.de\/vape\/watermelon-mango-peach-waspe-12000-puffs-fuer-den-besten-vape-genuss-weltweit\/\"]}]},{\"@type\":\"ImageObject\",\"inLanguage\":\"it-IT\",\"@id\":\"https:\/\/vapingnet.de\/vape\/watermelon-mango-peach-waspe-12000-puffs-fuer-den-besten-vape-genuss-weltweit\/#primaryimage\",\"url\":\"https:\/\/vapingnet.de\/wp-content\/uploads\/2025\/04\/Watermelon-Mango-Peach.webp\",\"contentUrl\":\"https:\/\/vapingnet.de\/wp-content\/uploads\/2025\/04\/Watermelon-Mango-Peach.webp\",\"width\":1000,\"height\":1000},{\"@type\":\"BreadcrumbList\",\"@id\":\"https:\/\/vapingnet.de\/vape\/watermelon-mango-peach-waspe-12000-puffs-fuer-den-besten-vape-genuss-weltweit\/#breadcrumb\",\"itemListElement\":[{\"@type\":\"ListItem\",\"position\":1,\"name\":\"Home\",\"item\":\"https:\/\/vapingnet.de\/\"},{\"@type\":\"ListItem\",\"position\":2,\"name\":\"Shop\",\"item\":\"https:\/\/vapingnet.de\/vape\/\"},{\"@type\":\"ListItem\",\"position\":3,\"name\":\"Watermelon Mango Peach WASPE 12000 Puffs F\u00fcr Den Besten Vape-Genuss Weltweit\"}]},{\"@type\":\"WebSite\",\"@id\":\"https:\/\/vapingnet.de\/#website\",\"url\":\"https:\/\/vapingnet.de\/\",\"name\":\"Vapingnet.de\",\"description\":\"\",\"publisher\":{\"@id\":\"https:\/\/vapingnet.de\/#organization\"},\"potentialAction\":[{\"@type\":\"SearchAction\",\"target\":{\"@type\":\"EntryPoint\",\"urlTemplate\":\"https:\/\/vapingnet.de\/?s={search_term_string}\"},\"query-input\":{\"@type\":\"PropertyValueSpecification\",\"valueRequired\":true,\"valueName\":\"search_term_string\"}}],\"inLanguage\":\"it-IT\"},{\"@type\":\"Organization\",\"@id\":\"https:\/\/vapingnet.de\/#organization\",\"name\":\"Vapingnet.de\",\"url\":\"https:\/\/vapingnet.de\/\",\"logo\":{\"@type\":\"ImageObject\",\"inLanguage\":\"it-IT\",\"@id\":\"https:\/\/vapingnet.de\/#\/schema\/logo\/image\/\",\"url\":\"https:\/\/vapingnet.de\/wp-content\/uploads\/2025\/03\/cropped-vapingnet.de_.jpg\",\"contentUrl\":\"https:\/\/vapingnet.de\/wp-content\/uploads\/2025\/03\/cropped-vapingnet.de_.jpg\",\"width\":512,\"height\":512,\"caption\":\"Vapingnet.de\"},\"image\":{\"@id\":\"https:\/\/vapingnet.de\/#\/schema\/logo\/image\/\"},\"sameAs\":[\"https:\/\/www.facebook.com\/vapingnetde\/\"]}]}<\/script>\n<!-- \/ Yoast SEO plugin. -->","yoast_head_json":{"title":"Watermelon Mango Peach WASPE 12000 Puffs F\u00fcr Den Besten Vape-Genuss Weltweit | Vapingnet.de","description":"Entdecke Watermelon Mango Peach WASPE 12000 Puffs F\u00fcr Den Besten Vape-Genuss Weltweit bei vapingnet.de, \u25ba Gro\u00dfe Auswahl an Geschmacksrichtungen & super g\u00fcnstig!","robots":{"index":"index","follow":"follow","max-snippet":"max-snippet:-1","max-image-preview":"max-image-preview:large","max-video-preview":"max-video-preview:-1"},"canonical":"https:\/\/vapingnet.de\/it\/vape\/watermelon-mango-peach-waspe-12000-puffs-fuer-den-besten-vape-genuss-weltweit\/","og_locale":"it_IT","og_type":"article","og_title":"Watermelon Mango Peach WASPE 12000 Puffs F\u00fcr Den Besten Vape-Genuss Weltweit | Vapingnet.de","og_description":"Entdecke Watermelon Mango Peach WASPE 12000 Puffs F\u00fcr Den Besten Vape-Genuss Weltweit bei vapingnet.de, \u25ba Gro\u00dfe Auswahl an Geschmacksrichtungen & super g\u00fcnstig!","og_url":"https:\/\/vapingnet.de\/it\/vape\/watermelon-mango-peach-waspe-12000-puffs-fuer-den-besten-vape-genuss-weltweit\/","og_site_name":"Vapingnet.de","article_publisher":"https:\/\/www.facebook.com\/vapingnetde\/","article_modified_time":"2026-04-15T09:09:03+00:00","og_image":[{"width":1000,"height":1000,"url":"https:\/\/vapingnet.de\/wp-content\/uploads\/2025\/04\/Watermelon-Mango-Peach.webp","type":"image\/webp"}],"twitter_card":"summary_large_image","twitter_misc":{"Est. reading time":"3 minutes"},"schema":{"@context":"https:\/\/schema.org","@graph":[{"@type":"WebPage","@id":"https:\/\/vapingnet.de\/vape\/watermelon-mango-peach-waspe-12000-puffs-fuer-den-besten-vape-genuss-weltweit\/","url":"https:\/\/vapingnet.de\/vape\/watermelon-mango-peach-waspe-12000-puffs-fuer-den-besten-vape-genuss-weltweit\/","name":"Watermelon Mango Peach WASPE 12000 Puffs F\u00fcr Den Besten Vape-Genuss Weltweit | Vapingnet.de","isPartOf":{"@id":"https:\/\/vapingnet.de\/#website"},"primaryImageOfPage":{"@id":"https:\/\/vapingnet.de\/vape\/watermelon-mango-peach-waspe-12000-puffs-fuer-den-besten-vape-genuss-weltweit\/#primaryimage"},"image":{"@id":"https:\/\/vapingnet.de\/vape\/watermelon-mango-peach-waspe-12000-puffs-fuer-den-besten-vape-genuss-weltweit\/#primaryimage"},"thumbnailUrl":"https:\/\/vapingnet.de\/wp-content\/uploads\/2025\/04\/Watermelon-Mango-Peach.webp","datePublished":"2025-04-29T07:32:07+00:00","dateModified":"2026-04-15T09:09:03+00:00","description":"Entdecke Watermelon Mango Peach WASPE 12000 Puffs F\u00fcr Den Besten Vape-Genuss Weltweit bei vapingnet.de, \u25ba Gro\u00dfe Auswahl an Geschmacksrichtungen & super g\u00fcnstig!","breadcrumb":{"@id":"https:\/\/vapingnet.de\/vape\/watermelon-mango-peach-waspe-12000-puffs-fuer-den-besten-vape-genuss-weltweit\/#breadcrumb"},"inLanguage":"it-IT","potentialAction":[{"@type":"ReadAction","target":["https:\/\/vapingnet.de\/vape\/watermelon-mango-peach-waspe-12000-puffs-fuer-den-besten-vape-genuss-weltweit\/"]}]},{"@type":"ImageObject","inLanguage":"it-IT","@id":"https:\/\/vapingnet.de\/vape\/watermelon-mango-peach-waspe-12000-puffs-fuer-den-besten-vape-genuss-weltweit\/#primaryimage","url":"https:\/\/vapingnet.de\/wp-content\/uploads\/2025\/04\/Watermelon-Mango-Peach.webp","contentUrl":"https:\/\/vapingnet.de\/wp-content\/uploads\/2025\/04\/Watermelon-Mango-Peach.webp","width":1000,"height":1000},{"@type":"BreadcrumbList","@id":"https:\/\/vapingnet.de\/vape\/watermelon-mango-peach-waspe-12000-puffs-fuer-den-besten-vape-genuss-weltweit\/#breadcrumb","itemListElement":[{"@type":"ListItem","position":1,"name":"Home","item":"https:\/\/vapingnet.de\/"},{"@type":"ListItem","position":2,"name":"Shop","item":"https:\/\/vapingnet.de\/vape\/"},{"@type":"ListItem","position":3,"name":"Watermelon Mango Peach WASPE 12000 Puffs F\u00fcr Den Besten Vape-Genuss Weltweit"}]},{"@type":"WebSite","@id":"https:\/\/vapingnet.de\/#website","url":"https:\/\/vapingnet.de\/","name":"Vapingnet.de","description":"","publisher":{"@id":"https:\/\/vapingnet.de\/#organization"},"potentialAction":[{"@type":"SearchAction","target":{"@type":"EntryPoint","urlTemplate":"https:\/\/vapingnet.de\/?s={search_term_string}"},"query-input":{"@type":"PropertyValueSpecification","valueRequired":true,"valueName":"search_term_string"}}],"inLanguage":"it-IT"},{"@type":"Organization","@id":"https:\/\/vapingnet.de\/#organization","name":"Vapingnet.de","url":"https:\/\/vapingnet.de\/","logo":{"@type":"ImageObject","inLanguage":"it-IT","@id":"https:\/\/vapingnet.de\/#\/schema\/logo\/image\/","url":"https:\/\/vapingnet.de\/wp-content\/uploads\/2025\/03\/cropped-vapingnet.de_.jpg","contentUrl":"https:\/\/vapingnet.de\/wp-content\/uploads\/2025\/03\/cropped-vapingnet.de_.jpg","width":512,"height":512,"caption":"Vapingnet.de"},"image":{"@id":"https:\/\/vapingnet.de\/#\/schema\/logo\/image\/"},"sameAs":["https:\/\/www.facebook.com\/vapingnetde\/"]}]}},"tiered_pricing_type":"fixed","tiered_pricing_fixed_rules":[],"tiered_pricing_product_settings":{"layout":"default","base_unit_name":{"singular":null,"plural":null},"default_variation":null},"tiered_pricing_minimum_quantity":null,"tiered_pricing_roles_data":[],"tiered_pricing_percentage_rules":[],"_links":{"self":[{"href":"https:\/\/vapingnet.de\/it\/wp-json\/wp\/v2\/product\/6652","targetHints":{"allow":["GET"]}}],"collection":[{"href":"https:\/\/vapingnet.de\/it\/wp-json\/wp\/v2\/product"}],"about":[{"href":"https:\/\/vapingnet.de\/it\/wp-json\/wp\/v2\/types\/product"}],"version-history":[{"count":4,"href":"https:\/\/vapingnet.de\/it\/wp-json\/wp\/v2\/product\/6652\/revisions"}],"predecessor-version":[{"id":6900,"href":"https:\/\/vapingnet.de\/it\/wp-json\/wp\/v2\/product\/6652\/revisions\/6900"}],"wp:featuredmedia":[{"embeddable":true,"href":"https:\/\/vapingnet.de\/it\/wp-json\/wp\/v2\/media\/6662"}],"wp:attachment":[{"href":"https:\/\/vapingnet.de\/it\/wp-json\/wp\/v2\/media?parent=6652"}],"wp:term":[{"taxonomy":"brand","embeddable":true,"href":"https:\/\/vapingnet.de\/it\/wp-json\/wp\/v2\/etheme_brands?post=6652"},{"taxonomy":"product_brand","embeddable":true,"href":"https:\/\/vapingnet.de\/it\/wp-json\/wp\/v2\/product_brand?post=6652"},{"taxonomy":"product_cat","embeddable":true,"href":"https:\/\/vapingnet.de\/it\/wp-json\/wp\/v2\/product_cat?post=6652"},{"taxonomy":"product_tag","embeddable":true,"href":"https:\/\/vapingnet.de\/it\/wp-json\/wp\/v2\/product_tag?post=6652"}],"curies":[{"name":"wp","href":"https:\/\/api.w.org\/{rel}","templated":true}]}}