{"id":6669,"date":"2025-04-29T07:51:43","date_gmt":"2025-04-29T07:51:43","guid":{"rendered":"https:\/\/vapingnet.de\/?post_type=product&#038;p=6669"},"modified":"2026-04-15T09:06:58","modified_gmt":"2026-04-15T09:06:58","slug":"kauf-jetzt-spare-mehr-waspe-12000-puffs-blueberry-raspberry-top-preis-und-steuerfrei","status":"publish","type":"product","link":"https:\/\/vapingnet.de\/it\/vape\/kauf-jetzt-spare-mehr-waspe-12000-puffs-blueberry-raspberry-top-preis-und-steuerfrei\/","title":{"rendered":"Acquista Ora Risparmia di Pi\u00f9! WASPE 12000 Puffs Mirtillo Rosso Top Prezzo e Senza Tasse"},"content":{"rendered":"<h2 data-start=\"0\" data-end=\"84\" data-immersive-translate-walked=\"0f648666-d180-475f-91eb-fe5184033b65\">WASPE 12000 Puffs Digital Box: La sigaretta elettronica usa e getta per un piacere duraturo<\/h2>\n<p class=\"\" data-start=\"86\" data-end=\"570\" data-immersive-translate-walked=\"0f648666-d180-475f-91eb-fe5184033b65\" data-immersive-translate-paragraph=\"1\">La WASPE 12000 Puffs Digital Box \u00e8 la scelta perfetta per i vapers che cercano una sigaretta elettronica durevole, potente e facile da usare. Con una vasta gamma di funzioni e un'impressionante capacit\u00e0 di puff, \u00e8 un prodotto di alto livello per chi desidera un'esperienza di svapo lunga e piacevole. In questo articolo presentiamo le caratteristiche principali di questo prodotto e spieghiamo perch\u00e9 rappresenta una scelta eccellente.<\/p>\n<p class=\"\" data-start=\"634\" data-end=\"1114\" data-immersive-translate-walked=\"0f648666-d180-475f-91eb-fe5184033b65\" data-immersive-translate-paragraph=\"1\">La WASPE 12000 Puffs Digital Box \u00e8 un modello avanzato di sigaretta elettronica usa e getta, progettato appositamente per i vapers che apprezzano sia le prestazioni che la comodit\u00e0. Con fino a 12000 puff, una capacit\u00e0 elevata di liquido e diverse opzioni di nicotina, questo dispositivo offre un'esperienza di svapo eccellente. La box combina tecnologia innovativa e design intuitivo, per offrire ai vaper un'esperienza confortevole, duratura e gustosa.<\/p>\n<p data-start=\"634\" data-end=\"1114\" data-immersive-translate-walked=\"0f648666-d180-475f-91eb-fe5184033b65\" data-immersive-translate-paragraph=\"1\"><img fetchpriority=\"high\" decoding=\"async\" class=\"alignnone size-full wp-image-6893\" src=\"https:\/\/vapingnet.de\/wp-content\/uploads\/2025\/04\/\u7279\u5f81\u56fe.jpg\" alt=\"\" width=\"800\" height=\"800\" srcset=\"https:\/\/vapingnet.de\/wp-content\/uploads\/2025\/04\/\u7279\u5f81\u56fe.jpg 800w, https:\/\/vapingnet.de\/wp-content\/uploads\/2025\/04\/\u7279\u5f81\u56fe-300x300.jpg 300w, https:\/\/vapingnet.de\/wp-content\/uploads\/2025\/04\/\u7279\u5f81\u56fe-150x150.jpg 150w, https:\/\/vapingnet.de\/wp-content\/uploads\/2025\/04\/\u7279\u5f81\u56fe-768x768.jpg 768w, https:\/\/vapingnet.de\/wp-content\/uploads\/2025\/04\/\u7279\u5f81\u56fe-600x600.jpg 600w, https:\/\/vapingnet.de\/wp-content\/uploads\/2025\/04\/\u7279\u5f81\u56fe-100x100.jpg 100w, https:\/\/vapingnet.de\/wp-content\/uploads\/2025\/04\/\u7279\u5f81\u56fe-1x1.jpg 1w, https:\/\/vapingnet.de\/wp-content\/uploads\/2025\/04\/\u7279\u5f81\u56fe-10x10.jpg 10w\" sizes=\"(max-width: 800px) 100vw, 800px\" \/><\/p>\n<h3 class=\"\" data-start=\"1121\" data-end=\"1180\" data-immersive-translate-walked=\"0f648666-d180-475f-91eb-fe5184033b65\">Caratteristiche principali della WASPE 12000 Puffs Digital Box<\/h3>\n<p class=\"\" data-start=\"1182\" data-end=\"1546\" data-immersive-translate-walked=\"0f648666-d180-475f-91eb-fe5184033b65\" data-immersive-translate-paragraph=\"1\">1. Elevato numero di puff \u2013 12000 puff<br data-start=\"1218\" data-end=\"1221\" data-immersive-translate-walked=\"0f648666-d180-475f-91eb-fe5184033b65\" \/>Con un impressionante numero di puff fino a 12000, la WASPE 12000 Puffs Digital Box \u00e8 una delle sigarette elettroniche usa e getta pi\u00f9 durevoli sul mercato. Questa alta capacit\u00e0 di puff permette ai vaper di godersi a lungo l'esperienza senza interruzioni, senza preoccuparsi di sostituzioni o ricariche.<\/p>\n<p class=\"\" data-start=\"1548\" data-end=\"1878\" data-immersive-translate-walked=\"0f648666-d180-475f-91eb-fe5184033b65\" data-immersive-translate-paragraph=\"1\">2. Grande capacit\u00e0 di liquido \u2013 20 ml<br data-start=\"1587\" data-end=\"1590\" data-immersive-translate-walked=\"0f648666-d180-475f-91eb-fe5184033b65\" \/>La capacit\u00e0 di 20 ml di liquido garantisce una durata maggiore del dispositivo e un'esperienza di gusto costante. Particolarmente vantaggioso per chi svapa molto o per i vaper in viaggio, questa capacit\u00e0 generosa elimina la necessit\u00e0 di ricariche frequenti.<\/p>\n<p class=\"\" data-start=\"1880\" data-end=\"2239\" data-immersive-translate-walked=\"0f648666-d180-475f-91eb-fe5184033b65\" data-immersive-translate-paragraph=\"1\">3. Durata della batteria \u2013 Batteria da 650mAh<br data-start=\"1913\" data-end=\"1916\" data-immersive-translate-walked=\"0f648666-d180-475f-91eb-fe5184033b65\" \/>La batteria da 650mAh assicura prestazioni affidabili per tutta la vita del dispositivo. Ci\u00f2 significa che l'esperienza di svapo rimane stabile anche con un uso prolungato, senza dover ricaricare frequentemente. Quando \u00e8 necessario ricaricare, si pu\u00f2 utilizzare rapidamente ed efficacemente la porta Type-C.<\/p>\n<p class=\"\" data-start=\"2241\" data-end=\"2610\" data-immersive-translate-walked=\"0f648666-d180-475f-91eb-fe5184033b65\" data-immersive-translate-paragraph=\"1\">4. Opzioni di nicotina \u2013 2% e 5%<br data-start=\"2275\" data-end=\"2278\" data-immersive-translate-walked=\"0f648666-d180-475f-91eb-fe5184033b65\" \/>La WASPE 12000 Puffs Digital Box offre due livelli di nicotina: 2% e 5%. Questo permette agli utenti di personalizzare l'esperienza di svapo secondo le proprie preferenze. L'opzione 2% \u00e8 adatta a chi preferisce un'esperienza pi\u00f9 leggera, mentre la 5% soddisfa chi cerca un colpo di nicotina pi\u00f9 forte.<\/p>\n<p class=\"\" data-start=\"2612\" data-end=\"2974\" data-immersive-translate-walked=\"0f648666-d180-475f-91eb-fe5184033b65\" data-immersive-translate-paragraph=\"1\">5. Gusto \u2013 Blueberry Raspberry<br data-start=\"2650\" data-end=\"2653\" data-immersive-translate-walked=\"0f648666-d180-475f-91eb-fe5184033b65\" \/>La WASPE 12000 Puffs Digital Box \u00e8 dotata di un gusto fruttato \u201cBlueberry Raspberry\u201d, una miscela armoniosa di mirtilli dolci e lamponi freschi. Questa combinazione rinfrescante garantisce un'esperienza di svapo piacevole e gustosa, adatta sia ai principianti che ai vaper esperti.<\/p>\n<h4 data-start=\"2981\" data-end=\"3016\" data-immersive-translate-walked=\"0f648666-d180-475f-91eb-fe5184033b65\">Design e qualit\u00e0 dei materiali<\/h4>\n<p class=\"\" data-start=\"3018\" data-end=\"3378\" data-immersive-translate-walked=\"0f648666-d180-475f-91eb-fe5184033b65\" data-immersive-translate-paragraph=\"1\">Robusta e leggera<br data-start=\"3039\" data-end=\"3042\" data-immersive-translate-walked=\"0f648666-d180-475f-91eb-fe5184033b65\" \/>La WASPE 12000 Puffs Digital Box si distingue per il suo design minimalista e moderno. \u00c8 realizzata con una combinazione di lega di alluminio e PCGT, che la rende resistente e leggera. Con un peso di soli 96 g, il dispositivo \u00e8 facile da portare in tasca, rendendolo il compagno ideale per l'uso in movimento.<\/p>\n<p class=\"\" data-start=\"3380\" data-end=\"3671\" data-immersive-translate-walked=\"0f648666-d180-475f-91eb-fe5184033b65\" data-immersive-translate-paragraph=\"1\">Design usa e getta \u2013 Semplice e comodo<br data-start=\"3417\" data-end=\"3420\" data-immersive-translate-walked=\"0f648666-d180-475f-91eb-fe5184033b65\" \/>Il design usa e getta della WASPE 12000 Puffs Digital Box la rende particolarmente facile da usare. Nessuna ricarica, nessuna manutenzione \u2013 basta estrarla dalla confezione e godersela. Questo rende la box ideale per i vaper che cercano una soluzione semplice e pratica.<\/p>\n<h4 data-start=\"0\" data-end=\"41\" data-immersive-translate-walked=\"43b784c2-2dc6-4ae2-8e63-ca982fa802e4\">Opzioni di ordine e dettagli di consegna<\/h4>\n<p class=\"\" data-start=\"43\" data-end=\"461\" data-immersive-translate-walked=\"43b784c2-2dc6-4ae2-8e63-ca982fa802e4\" data-immersive-translate-paragraph=\"1\">La scatola digitale WASPE 12000 Puff offre non solo un'esperienza di svapo eccezionale, ma anche un modo comodo per ordinare e ricevere. \u00c8 disponibile su vapingnet.de, dove puoi ordinare il dispositivo in pochissimo tempo. La consegna avviene senza dazi e di solito richiede tra 7 e 15 giorni lavorativi, cos\u00ec potrai presto goderti questo dispositivo usa e getta di alta qualit\u00e0.<\/p>\n<p class=\"\" data-start=\"5179\" data-end=\"5490\" data-immersive-translate-walked=\"0f648666-d180-475f-91eb-fe5184033b65\" data-immersive-translate-paragraph=\"1\">","protected":false},"excerpt":{"rendered":"<p>WASPE 12000 Puffs Digital Box: Die Einweg-E-Zigarette f\u00fcr langanhaltenden Genuss Die WASPE 12000 Puffs Digital Box ist die perfekte Wahl f\u00fcr Dampfer, die auf der&#8230;<\/p>","protected":false},"featured_media":6654,"template":"","meta":[],"etheme_brands":[],"product_brand":[98],"product_cat":[88,49,61],"product_tag":[],"class_list":{"0":"post-6669","1":"product","2":"type-product","3":"status-publish","4":"has-post-thumbnail","6":"product_brand-waspe-vape","7":"product_cat-12k-vape","8":"product_cat-einweg-e-zigarette","9":"product_cat-f","11":"first","12":"instock","13":"shipping-taxable","14":"purchasable","15":"product-type-variable"},"yoast_head":"<!-- This site is optimized with the Yoast SEO plugin v26.5 - https:\/\/yoast.com\/wordpress\/plugins\/seo\/ -->\n<title>Kauf Jetzt Spare Mehr! WASPE 12000 Puffs Blueberry Raspberry Top Preis und Steuerfrei | Vapingnet.de<\/title>\n<meta name=\"description\" content=\"Entdecke Kauf Jetzt Spare Mehr! WASPE 12000 Puffs Blueberry Raspberry Top Preis und Steuerfrei bei vapingnet.de, \u25ba Gro\u00dfe Auswahl an Geschmacksrichtungen &amp; super g\u00fcnstig!\" \/>\n<meta name=\"robots\" content=\"index, follow, max-snippet:-1, max-image-preview:large, max-video-preview:-1\" \/>\n<link rel=\"canonical\" href=\"https:\/\/vapingnet.de\/it\/vape\/kauf-jetzt-spare-mehr-waspe-12000-puffs-blueberry-raspberry-top-preis-und-steuerfrei\/\" \/>\n<meta property=\"og:locale\" content=\"it_IT\" \/>\n<meta property=\"og:type\" content=\"article\" \/>\n<meta property=\"og:title\" content=\"Kauf Jetzt Spare Mehr! WASPE 12000 Puffs Blueberry Raspberry Top Preis und Steuerfrei | Vapingnet.de\" \/>\n<meta property=\"og:description\" content=\"Entdecke Kauf Jetzt Spare Mehr! WASPE 12000 Puffs Blueberry Raspberry Top Preis und Steuerfrei bei vapingnet.de, \u25ba Gro\u00dfe Auswahl an Geschmacksrichtungen &amp; super g\u00fcnstig!\" \/>\n<meta property=\"og:url\" content=\"https:\/\/vapingnet.de\/it\/vape\/kauf-jetzt-spare-mehr-waspe-12000-puffs-blueberry-raspberry-top-preis-und-steuerfrei\/\" \/>\n<meta property=\"og:site_name\" content=\"Vapingnet.de\" \/>\n<meta property=\"article:publisher\" content=\"https:\/\/www.facebook.com\/vapingnetde\/\" \/>\n<meta property=\"article:modified_time\" content=\"2026-04-15T09:06:58+00:00\" \/>\n<meta property=\"og:image\" content=\"https:\/\/vapingnet.de\/wp-content\/uploads\/2025\/04\/Blueberry-Raspberry-2.webp\" \/>\n\t<meta property=\"og:image:width\" content=\"1000\" \/>\n\t<meta property=\"og:image:height\" content=\"1000\" \/>\n\t<meta property=\"og:image:type\" content=\"image\/webp\" \/>\n<meta name=\"twitter:card\" content=\"summary_large_image\" \/>\n<meta name=\"twitter:label1\" content=\"Est. reading time\" \/>\n\t<meta name=\"twitter:data1\" content=\"4 minutes\" \/>\n<script type=\"application\/ld+json\" class=\"yoast-schema-graph\">{\"@context\":\"https:\/\/schema.org\",\"@graph\":[{\"@type\":\"WebPage\",\"@id\":\"https:\/\/vapingnet.de\/vape\/kauf-jetzt-spare-mehr-waspe-12000-puffs-blueberry-raspberry-top-preis-und-steuerfrei\/\",\"url\":\"https:\/\/vapingnet.de\/vape\/kauf-jetzt-spare-mehr-waspe-12000-puffs-blueberry-raspberry-top-preis-und-steuerfrei\/\",\"name\":\"Kauf Jetzt Spare Mehr! WASPE 12000 Puffs Blueberry Raspberry Top Preis und Steuerfrei | Vapingnet.de\",\"isPartOf\":{\"@id\":\"https:\/\/vapingnet.de\/#website\"},\"primaryImageOfPage\":{\"@id\":\"https:\/\/vapingnet.de\/vape\/kauf-jetzt-spare-mehr-waspe-12000-puffs-blueberry-raspberry-top-preis-und-steuerfrei\/#primaryimage\"},\"image\":{\"@id\":\"https:\/\/vapingnet.de\/vape\/kauf-jetzt-spare-mehr-waspe-12000-puffs-blueberry-raspberry-top-preis-und-steuerfrei\/#primaryimage\"},\"thumbnailUrl\":\"https:\/\/vapingnet.de\/wp-content\/uploads\/2025\/04\/Blueberry-Raspberry-2.webp\",\"datePublished\":\"2025-04-29T07:51:43+00:00\",\"dateModified\":\"2026-04-15T09:06:58+00:00\",\"description\":\"Entdecke Kauf Jetzt Spare Mehr! WASPE 12000 Puffs Blueberry Raspberry Top Preis und Steuerfrei bei vapingnet.de, \u25ba Gro\u00dfe Auswahl an Geschmacksrichtungen & super g\u00fcnstig!\",\"breadcrumb\":{\"@id\":\"https:\/\/vapingnet.de\/vape\/kauf-jetzt-spare-mehr-waspe-12000-puffs-blueberry-raspberry-top-preis-und-steuerfrei\/#breadcrumb\"},\"inLanguage\":\"it-IT\",\"potentialAction\":[{\"@type\":\"ReadAction\",\"target\":[\"https:\/\/vapingnet.de\/vape\/kauf-jetzt-spare-mehr-waspe-12000-puffs-blueberry-raspberry-top-preis-und-steuerfrei\/\"]}]},{\"@type\":\"ImageObject\",\"inLanguage\":\"it-IT\",\"@id\":\"https:\/\/vapingnet.de\/vape\/kauf-jetzt-spare-mehr-waspe-12000-puffs-blueberry-raspberry-top-preis-und-steuerfrei\/#primaryimage\",\"url\":\"https:\/\/vapingnet.de\/wp-content\/uploads\/2025\/04\/Blueberry-Raspberry-2.webp\",\"contentUrl\":\"https:\/\/vapingnet.de\/wp-content\/uploads\/2025\/04\/Blueberry-Raspberry-2.webp\",\"width\":1000,\"height\":1000},{\"@type\":\"BreadcrumbList\",\"@id\":\"https:\/\/vapingnet.de\/vape\/kauf-jetzt-spare-mehr-waspe-12000-puffs-blueberry-raspberry-top-preis-und-steuerfrei\/#breadcrumb\",\"itemListElement\":[{\"@type\":\"ListItem\",\"position\":1,\"name\":\"Home\",\"item\":\"https:\/\/vapingnet.de\/\"},{\"@type\":\"ListItem\",\"position\":2,\"name\":\"Shop\",\"item\":\"https:\/\/vapingnet.de\/vape\/\"},{\"@type\":\"ListItem\",\"position\":3,\"name\":\"Kauf Jetzt Spare Mehr! WASPE 12000 Puffs Blueberry Raspberry Top Preis und Steuerfrei\"}]},{\"@type\":\"WebSite\",\"@id\":\"https:\/\/vapingnet.de\/#website\",\"url\":\"https:\/\/vapingnet.de\/\",\"name\":\"Vapingnet.de\",\"description\":\"\",\"publisher\":{\"@id\":\"https:\/\/vapingnet.de\/#organization\"},\"potentialAction\":[{\"@type\":\"SearchAction\",\"target\":{\"@type\":\"EntryPoint\",\"urlTemplate\":\"https:\/\/vapingnet.de\/?s={search_term_string}\"},\"query-input\":{\"@type\":\"PropertyValueSpecification\",\"valueRequired\":true,\"valueName\":\"search_term_string\"}}],\"inLanguage\":\"it-IT\"},{\"@type\":\"Organization\",\"@id\":\"https:\/\/vapingnet.de\/#organization\",\"name\":\"Vapingnet.de\",\"url\":\"https:\/\/vapingnet.de\/\",\"logo\":{\"@type\":\"ImageObject\",\"inLanguage\":\"it-IT\",\"@id\":\"https:\/\/vapingnet.de\/#\/schema\/logo\/image\/\",\"url\":\"https:\/\/vapingnet.de\/wp-content\/uploads\/2025\/03\/cropped-vapingnet.de_.jpg\",\"contentUrl\":\"https:\/\/vapingnet.de\/wp-content\/uploads\/2025\/03\/cropped-vapingnet.de_.jpg\",\"width\":512,\"height\":512,\"caption\":\"Vapingnet.de\"},\"image\":{\"@id\":\"https:\/\/vapingnet.de\/#\/schema\/logo\/image\/\"},\"sameAs\":[\"https:\/\/www.facebook.com\/vapingnetde\/\"]}]}<\/script>\n<!-- \/ Yoast SEO plugin. -->","yoast_head_json":{"title":"Kauf Jetzt Spare Mehr! WASPE 12000 Puffs Blueberry Raspberry Top Preis und Steuerfrei | Vapingnet.de","description":"Entdecke Kauf Jetzt Spare Mehr! WASPE 12000 Puffs Blueberry Raspberry Top Preis und Steuerfrei bei vapingnet.de, \u25ba Gro\u00dfe Auswahl an Geschmacksrichtungen & super g\u00fcnstig!","robots":{"index":"index","follow":"follow","max-snippet":"max-snippet:-1","max-image-preview":"max-image-preview:large","max-video-preview":"max-video-preview:-1"},"canonical":"https:\/\/vapingnet.de\/it\/vape\/kauf-jetzt-spare-mehr-waspe-12000-puffs-blueberry-raspberry-top-preis-und-steuerfrei\/","og_locale":"it_IT","og_type":"article","og_title":"Kauf Jetzt Spare Mehr! WASPE 12000 Puffs Blueberry Raspberry Top Preis und Steuerfrei | Vapingnet.de","og_description":"Entdecke Kauf Jetzt Spare Mehr! WASPE 12000 Puffs Blueberry Raspberry Top Preis und Steuerfrei bei vapingnet.de, \u25ba Gro\u00dfe Auswahl an Geschmacksrichtungen & super g\u00fcnstig!","og_url":"https:\/\/vapingnet.de\/it\/vape\/kauf-jetzt-spare-mehr-waspe-12000-puffs-blueberry-raspberry-top-preis-und-steuerfrei\/","og_site_name":"Vapingnet.de","article_publisher":"https:\/\/www.facebook.com\/vapingnetde\/","article_modified_time":"2026-04-15T09:06:58+00:00","og_image":[{"width":1000,"height":1000,"url":"https:\/\/vapingnet.de\/wp-content\/uploads\/2025\/04\/Blueberry-Raspberry-2.webp","type":"image\/webp"}],"twitter_card":"summary_large_image","twitter_misc":{"Est. reading time":"4 minutes"},"schema":{"@context":"https:\/\/schema.org","@graph":[{"@type":"WebPage","@id":"https:\/\/vapingnet.de\/vape\/kauf-jetzt-spare-mehr-waspe-12000-puffs-blueberry-raspberry-top-preis-und-steuerfrei\/","url":"https:\/\/vapingnet.de\/vape\/kauf-jetzt-spare-mehr-waspe-12000-puffs-blueberry-raspberry-top-preis-und-steuerfrei\/","name":"Kauf Jetzt Spare Mehr! WASPE 12000 Puffs Blueberry Raspberry Top Preis und Steuerfrei | Vapingnet.de","isPartOf":{"@id":"https:\/\/vapingnet.de\/#website"},"primaryImageOfPage":{"@id":"https:\/\/vapingnet.de\/vape\/kauf-jetzt-spare-mehr-waspe-12000-puffs-blueberry-raspberry-top-preis-und-steuerfrei\/#primaryimage"},"image":{"@id":"https:\/\/vapingnet.de\/vape\/kauf-jetzt-spare-mehr-waspe-12000-puffs-blueberry-raspberry-top-preis-und-steuerfrei\/#primaryimage"},"thumbnailUrl":"https:\/\/vapingnet.de\/wp-content\/uploads\/2025\/04\/Blueberry-Raspberry-2.webp","datePublished":"2025-04-29T07:51:43+00:00","dateModified":"2026-04-15T09:06:58+00:00","description":"Entdecke Kauf Jetzt Spare Mehr! WASPE 12000 Puffs Blueberry Raspberry Top Preis und Steuerfrei bei vapingnet.de, \u25ba Gro\u00dfe Auswahl an Geschmacksrichtungen & super g\u00fcnstig!","breadcrumb":{"@id":"https:\/\/vapingnet.de\/vape\/kauf-jetzt-spare-mehr-waspe-12000-puffs-blueberry-raspberry-top-preis-und-steuerfrei\/#breadcrumb"},"inLanguage":"it-IT","potentialAction":[{"@type":"ReadAction","target":["https:\/\/vapingnet.de\/vape\/kauf-jetzt-spare-mehr-waspe-12000-puffs-blueberry-raspberry-top-preis-und-steuerfrei\/"]}]},{"@type":"ImageObject","inLanguage":"it-IT","@id":"https:\/\/vapingnet.de\/vape\/kauf-jetzt-spare-mehr-waspe-12000-puffs-blueberry-raspberry-top-preis-und-steuerfrei\/#primaryimage","url":"https:\/\/vapingnet.de\/wp-content\/uploads\/2025\/04\/Blueberry-Raspberry-2.webp","contentUrl":"https:\/\/vapingnet.de\/wp-content\/uploads\/2025\/04\/Blueberry-Raspberry-2.webp","width":1000,"height":1000},{"@type":"BreadcrumbList","@id":"https:\/\/vapingnet.de\/vape\/kauf-jetzt-spare-mehr-waspe-12000-puffs-blueberry-raspberry-top-preis-und-steuerfrei\/#breadcrumb","itemListElement":[{"@type":"ListItem","position":1,"name":"Home","item":"https:\/\/vapingnet.de\/"},{"@type":"ListItem","position":2,"name":"Shop","item":"https:\/\/vapingnet.de\/vape\/"},{"@type":"ListItem","position":3,"name":"Kauf Jetzt Spare Mehr! WASPE 12000 Puffs Blueberry Raspberry Top Preis und Steuerfrei"}]},{"@type":"WebSite","@id":"https:\/\/vapingnet.de\/#website","url":"https:\/\/vapingnet.de\/","name":"Vapingnet.de","description":"","publisher":{"@id":"https:\/\/vapingnet.de\/#organization"},"potentialAction":[{"@type":"SearchAction","target":{"@type":"EntryPoint","urlTemplate":"https:\/\/vapingnet.de\/?s={search_term_string}"},"query-input":{"@type":"PropertyValueSpecification","valueRequired":true,"valueName":"search_term_string"}}],"inLanguage":"it-IT"},{"@type":"Organization","@id":"https:\/\/vapingnet.de\/#organization","name":"Vapingnet.de","url":"https:\/\/vapingnet.de\/","logo":{"@type":"ImageObject","inLanguage":"it-IT","@id":"https:\/\/vapingnet.de\/#\/schema\/logo\/image\/","url":"https:\/\/vapingnet.de\/wp-content\/uploads\/2025\/03\/cropped-vapingnet.de_.jpg","contentUrl":"https:\/\/vapingnet.de\/wp-content\/uploads\/2025\/03\/cropped-vapingnet.de_.jpg","width":512,"height":512,"caption":"Vapingnet.de"},"image":{"@id":"https:\/\/vapingnet.de\/#\/schema\/logo\/image\/"},"sameAs":["https:\/\/www.facebook.com\/vapingnetde\/"]}]}},"tiered_pricing_type":"fixed","tiered_pricing_fixed_rules":[],"tiered_pricing_product_settings":{"layout":"default","base_unit_name":{"singular":null,"plural":null},"default_variation":null},"tiered_pricing_minimum_quantity":null,"tiered_pricing_roles_data":[],"tiered_pricing_percentage_rules":[],"_links":{"self":[{"href":"https:\/\/vapingnet.de\/it\/wp-json\/wp\/v2\/product\/6669","targetHints":{"allow":["GET"]}}],"collection":[{"href":"https:\/\/vapingnet.de\/it\/wp-json\/wp\/v2\/product"}],"about":[{"href":"https:\/\/vapingnet.de\/it\/wp-json\/wp\/v2\/types\/product"}],"version-history":[{"count":4,"href":"https:\/\/vapingnet.de\/it\/wp-json\/wp\/v2\/product\/6669\/revisions"}],"predecessor-version":[{"id":6897,"href":"https:\/\/vapingnet.de\/it\/wp-json\/wp\/v2\/product\/6669\/revisions\/6897"}],"wp:featuredmedia":[{"embeddable":true,"href":"https:\/\/vapingnet.de\/it\/wp-json\/wp\/v2\/media\/6654"}],"wp:attachment":[{"href":"https:\/\/vapingnet.de\/it\/wp-json\/wp\/v2\/media?parent=6669"}],"wp:term":[{"taxonomy":"brand","embeddable":true,"href":"https:\/\/vapingnet.de\/it\/wp-json\/wp\/v2\/etheme_brands?post=6669"},{"taxonomy":"product_brand","embeddable":true,"href":"https:\/\/vapingnet.de\/it\/wp-json\/wp\/v2\/product_brand?post=6669"},{"taxonomy":"product_cat","embeddable":true,"href":"https:\/\/vapingnet.de\/it\/wp-json\/wp\/v2\/product_cat?post=6669"},{"taxonomy":"product_tag","embeddable":true,"href":"https:\/\/vapingnet.de\/it\/wp-json\/wp\/v2\/product_tag?post=6669"}],"curies":[{"name":"wp","href":"https:\/\/api.w.org\/{rel}","templated":true}]}}