{"id":6686,"date":"2025-04-30T01:28:11","date_gmt":"2025-04-30T01:28:11","guid":{"rendered":"https:\/\/vapingnet.de\/?post_type=product&#038;p=6686"},"modified":"2026-04-15T08:46:52","modified_gmt":"2026-04-15T08:46:52","slug":"waspe-12000-puffs-dein-blue-razz-ice-direkt-vom-hersteller-ohne-zollgebuehren","status":"publish","type":"product","link":"https:\/\/vapingnet.de\/it\/vape\/waspe-12000-puffs-dein-blue-razz-ice-direkt-vom-hersteller-ohne-zollgebuehren\/","title":{"rendered":"WASPE 12000 Puffs Il Tuo Blue Razz Ice Diretto dal Produttore Senza Tasse Doganali"},"content":{"rendered":"<div style=\"width: 1170px;\" class=\"wp-video\"><!--[if lt IE 9]><script>document.createElement('video');<\/script><![endif]-->\n<video class=\"wp-video-shortcode\" id=\"video-6686-1\" width=\"1170\" height=\"658\" preload=\"metadata\" controls=\"controls\"><source type=\"video\/mp4\" src=\"https:\/\/vapingnet.de\/wp-content\/uploads\/2025\/04\/12000Puffs_DigitalBox.mp4?_=1\" \/><a href=\"https:\/\/vapingnet.de\/wp-content\/uploads\/2025\/04\/12000Puffs_DigitalBox.mp4\">https:\/\/vapingnet.de\/wp-content\/uploads\/2025\/04\/12000Puffs_DigitalBox.mp4<\/a><\/video><\/div>\n<h2 data-start=\"0\" data-end=\"76\" data-immersive-translate-walked=\"a4d6e05d-60a0-4e13-8785-7fccaaefcea2\">WASPE 12000 Puff Digital Box: Massima potenza e comfort per gli svapatori<\/h2>\n<p class=\"\" data-start=\"78\" data-end=\"546\" data-immersive-translate-walked=\"a4d6e05d-60a0-4e13-8785-7fccaaefcea2\" data-immersive-translate-paragraph=\"1\">La WASPE 12000 Puff Digital Box \u00e8 una sigaretta elettronica usa e getta avanzata, progettata per soddisfare le esigenze di chi svapa frequentemente e cerca alte prestazioni e lunga durata. Con una capacit\u00e0 di puff eccezionalmente elevata, un uso intuitivo e un gusto rinfrescante, questo modello offre un'esperienza di svapo indimenticabile. Scopri qui perch\u00e9 la WASPE 12000 Puff Digital Box potrebbe essere la tua scelta ideale.<\/p>\n<h3>Perch\u00e9 scegliere la WASPE 12000 Puff Digital Box<\/h3>\n<p class=\"\" data-start=\"1183\" data-end=\"1554\" data-immersive-translate-walked=\"a4d6e05d-60a0-4e13-8785-7fccaaefcea2\" data-immersive-translate-paragraph=\"1\">Durata per gli svapatori frequenti:<br data-start=\"1218\" data-end=\"1221\" data-immersive-translate-walked=\"a4d6e05d-60a0-4e13-8785-7fccaaefcea2\" \/>Con 12.000 puff, la WASPE 12000 Puff Digital Box \u00e8 una delle sigarette elettroniche usa e getta pi\u00f9 durevoli sul mercato. Questa elevata capacit\u00e0 di puff significa che puoi svapare senza preoccupazioni per un periodo prolungato, senza dover sostituire regolarmente il dispositivo. Un vero vantaggio per chi utilizza intensamente la propria sigaretta elettronica.<\/p>\n<p class=\"\" data-start=\"1556\" data-end=\"1904\" data-immersive-translate-walked=\"a4d6e05d-60a0-4e13-8785-7fccaaefcea2\" data-immersive-translate-paragraph=\"1\">Grande capacit\u00e0 di e-liquid:<br data-start=\"1585\" data-end=\"1588\" data-immersive-translate-walked=\"a4d6e05d-60a0-4e13-8785-7fccaaefcea2\" \/>Con una generosa capacit\u00e0 di 20 ml di e-liquid, questo modello offre abbastanza liquido per un uso prolungato. Questo \u00e8 particolarmente pratico per gli svapatori che sono spesso in movimento o preferiscono non ricaricare frequentemente. Puoi goderti la box pi\u00f9 a lungo senza preoccuparti di ricaricarla.<\/p>\n<h4 data-start=\"1911\" data-end=\"1957\" data-immersive-translate-walked=\"a4d6e05d-60a0-4e13-8785-7fccaaefcea2\">Flessibilit\u00e0 nella concentrazione di nicotina<\/h4>\n<p class=\"\" data-start=\"1959\" data-end=\"2033\" data-immersive-translate-walked=\"a4d6e05d-60a0-4e13-8785-7fccaaefcea2\" data-immersive-translate-paragraph=\"1\">La WASPE 12000 Puff Digital Box \u00e8 disponibile in due livelli di nicotina:<\/p>\n<ul data-start=\"2034\" data-end=\"2222\" data-immersive-translate-walked=\"a4d6e05d-60a0-4e13-8785-7fccaaefcea2\">\n<li class=\"\" data-start=\"2034\" data-end=\"2112\" data-immersive-translate-walked=\"a4d6e05d-60a0-4e13-8785-7fccaaefcea2\">\n<p class=\"\" data-start=\"2036\" data-end=\"2112\" data-immersive-translate-walked=\"a4d6e05d-60a0-4e13-8785-7fccaaefcea2\" data-immersive-translate-paragraph=\"1\">2% Nicotina: Per gli svapatori che preferiscono un'assunzione di nicotina pi\u00f9 delicata.<\/p>\n<\/li>\n<li class=\"\" data-start=\"2113\" data-end=\"2222\" data-immersive-translate-walked=\"a4d6e05d-60a0-4e13-8785-7fccaaefcea2\">\n<p class=\"\" data-start=\"2115\" data-end=\"2222\" data-immersive-translate-walked=\"a4d6e05d-60a0-4e13-8785-7fccaaefcea2\" data-immersive-translate-paragraph=\"1\">5% Nicotina: Per chi desidera un'assunzione di nicotina pi\u00f9 intensa, ideale per gli svapatori esperti.<\/p>\n<\/li>\n<\/ul>\n<p class=\"\" data-start=\"2224\" data-end=\"2335\" data-immersive-translate-walked=\"a4d6e05d-60a0-4e13-8785-7fccaaefcea2\" data-immersive-translate-paragraph=\"1\">Questa scelta ti permette di adattare l'esperienza di svapo alle tue esigenze e preferenze personali.<\/p>\n<h4 data-start=\"2342\" data-end=\"2383\" data-immersive-translate-walked=\"a4d6e05d-60a0-4e13-8785-7fccaaefcea2\">Design robusto per l'uso quotidiano<\/h4>\n<p class=\"\" data-start=\"2385\" data-end=\"2851\" data-immersive-translate-walked=\"a4d6e05d-60a0-4e13-8785-7fccaaefcea2\" data-immersive-translate-paragraph=\"1\">La WASPE 12000 Puff Digital Box si distingue per il suo design resistente, realizzato in lega di alluminio e PCGT. Questo materiale garantisce un'alta resistenza agli agenti esterni, rendendo la box durevole anche con un uso regolare. Il design ergonomico rende lo svapo confortevole, e il peso ridotto di soli 96 g permette di tenerla facilmente in mano e di trasportarla senza problemi.<\/p>\n<h4 data-start=\"2858\" data-end=\"2907\" data-immersive-translate-walked=\"a4d6e05d-60a0-4e13-8785-7fccaaefcea2\">Display digitale intuitivo<\/h4>\n<p class=\"\" data-start=\"2909\" data-end=\"3275\" data-immersive-translate-walked=\"a4d6e05d-60a0-4e13-8785-7fccaaefcea2\" data-immersive-translate-paragraph=\"1\">Il display digitale della WASPE 12000 Puff Digital Box offre un modo pratico per monitorare in tempo reale il livello di liquido residuo e il numero di puff rimanenti. Questa funzione ti permette di controllare con precisione l'esperienza di svapo e di evitare che il dispositivo si svuoti improvvisamente. Cos\u00ec puoi svapare sempre con il massimo comfort.<\/p>\n<h4 data-start=\"3282\" data-end=\"3333\" data-immersive-translate-walked=\"a4d6e05d-60a0-4e13-8785-7fccaaefcea2\">Funzione di ricarica rapida con porta Type-C<\/h4>\n<p class=\"\" data-start=\"3335\" data-end=\"3664\" data-immersive-translate-walked=\"a4d6e05d-60a0-4e13-8785-7fccaaefcea2\" data-immersive-translate-paragraph=\"1\">La WASPE 12000 Puff Digital Box \u00e8 dotata di una porta Type-C che permette una ricarica veloce. Con una capacit\u00e0 della batteria di 650 mAh, non dovrai aspettare molto prima che il dispositivo sia di nuovo pronto all'uso. Questo \u00e8 particolarmente utile per gli svapatori in movimento che non hanno molto tempo per la ricarica.<\/p>\n<h4 data-start=\"3671\" data-end=\"3737\" data-immersive-translate-walked=\"a4d6e05d-60a0-4e13-8785-7fccaaefcea2\">Gusto: Blue Razz Ice per un'esperienza rinfrescante<\/h4>\n<p class=\"\" data-start=\"3739\" data-end=\"4062\" data-immersive-translate-walked=\"a4d6e05d-60a0-4e13-8785-7fccaaefcea2\" data-immersive-translate-paragraph=\"1\">Il gusto della WASPE 12000 Puff Digital Box \u2013 \u00abBlue Razz Ice\u00bb \u2013 combina la dolcezza della mora blu con un rinfrescante tocco di mentolo. Questo sapore rimane intenso anche dopo molti puff e garantisce un'esperienza di svapo piacevole, adatta sia in giornate calde che pi\u00f9 fresche.<\/p>\n<h4 data-start=\"4069\" data-end=\"4116\" data-immersive-translate-walked=\"a4d6e05d-60a0-4e13-8785-7fccaaefcea2\">Consegna rapida senza spese doganali<\/h4>\n<p class=\"\" data-start=\"4118\" data-end=\"4436\" data-immersive-translate-walked=\"a4d6e05d-60a0-4e13-8785-7fccaaefcea2\" data-immersive-translate-paragraph=\"1\">Un grande vantaggio della WASPE 12000 Puffs Digital Box \u00e8 la consegna senza dazi. Ordina il dispositivo semplicemente tramite vapingnet.de e potrai riceverlo direttamente a casa tua entro 7\u201315 giorni lavorativi \u2013 senza costi aggiuntivi di dogana. Ti fa risparmiare tempo e denaro.<\/p>\n<h3>Perch\u00e9 scegliere la WASPE 12000 Puffs Digital Box?<\/h3>\n<ul data-start=\"4500\" data-end=\"5070\" data-immersive-translate-walked=\"a4d6e05d-60a0-4e13-8785-7fccaaefcea2\">\n<li class=\"\" data-start=\"4500\" data-end=\"4572\" data-immersive-translate-walked=\"a4d6e05d-60a0-4e13-8785-7fccaaefcea2\">\n<p class=\"\" data-start=\"4502\" data-end=\"4572\" data-immersive-translate-walked=\"a4d6e05d-60a0-4e13-8785-7fccaaefcea2\" data-immersive-translate-paragraph=\"1\">Durata: 12.000 puff per un utilizzo particolarmente lungo.<\/p>\n<\/li>\n<li class=\"\" data-start=\"4573\" data-end=\"4636\" data-immersive-translate-walked=\"a4d6e05d-60a0-4e13-8785-7fccaaefcea2\">\n<p class=\"\" data-start=\"4575\" data-end=\"4636\" data-immersive-translate-walked=\"a4d6e05d-60a0-4e13-8785-7fccaaefcea2\" data-immersive-translate-paragraph=\"1\">Controllo della nicotina: scegli tra 2% e 5% di nicotina.<\/p>\n<\/li>\n<li class=\"\" data-start=\"4637\" data-end=\"4734\" data-immersive-translate-walked=\"a4d6e05d-60a0-4e13-8785-7fccaaefcea2\">\n<p class=\"\" data-start=\"4639\" data-end=\"4734\" data-immersive-translate-walked=\"a4d6e05d-60a0-4e13-8785-7fccaaefcea2\" data-immersive-translate-paragraph=\"1\">Design robusto: realizzato in lega di alluminio e PCGT per elevata resistenza.<\/p>\n<\/li>\n<li class=\"\" data-start=\"4735\" data-end=\"4838\" data-immersive-translate-walked=\"a4d6e05d-60a0-4e13-8785-7fccaaefcea2\">\n<p class=\"\" data-start=\"4737\" data-end=\"4838\" data-immersive-translate-walked=\"a4d6e05d-60a0-4e13-8785-7fccaaefcea2\" data-immersive-translate-paragraph=\"1\">Facilit\u00e0 d'uso: il display digitale mostra il livello di liquido e i puff rimanenti.<\/p>\n<\/li>\n<li class=\"\" data-start=\"4839\" data-end=\"4909\" data-immersive-translate-walked=\"a4d6e05d-60a0-4e13-8785-7fccaaefcea2\">\n<p class=\"\" data-start=\"4841\" data-end=\"4909\" data-immersive-translate-walked=\"a4d6e05d-60a0-4e13-8785-7fccaaefcea2\" data-immersive-translate-paragraph=\"1\">Ricarica rapida: porta Type-C per tempi di ricarica brevi.<\/p>\n<\/li>\n<li class=\"\" data-start=\"4910\" data-end=\"5000\" data-immersive-translate-walked=\"a4d6e05d-60a0-4e13-8785-7fccaaefcea2\">\n<p class=\"\" data-start=\"4912\" data-end=\"5000\" data-immersive-translate-walked=\"a4d6e05d-60a0-4e13-8785-7fccaaefcea2\" data-immersive-translate-paragraph=\"1\">Gusto rinfrescante: Blue Razz Ice per un'esperienza di svapo fruttata e rinfrescante.<\/p>\n<\/li>\n<li class=\"\" data-start=\"5001\" data-end=\"5070\" data-immersive-translate-walked=\"a4d6e05d-60a0-4e13-8785-7fccaaefcea2\">\n<p class=\"\" data-start=\"5003\" data-end=\"5070\" data-immersive-translate-walked=\"a4d6e05d-60a0-4e13-8785-7fccaaefcea2\" data-immersive-translate-paragraph=\"1\">Consegna senza dazi: spedizione veloce senza costi aggiuntivi.<\/p>\n<\/li>\n<\/ul>\n<h4 data-start=\"5077\" data-end=\"5132\" data-immersive-translate-walked=\"a4d6e05d-60a0-4e13-8785-7fccaaefcea2\">Una scelta affidabile per ogni svapatore<\/h4>\n<p class=\"\" data-start=\"5134\" data-end=\"5515\" data-immersive-translate-walked=\"a4d6e05d-60a0-4e13-8785-7fccaaefcea2\" data-immersive-translate-paragraph=\"1\">La WASPE 12000 Puffs Digital Box si distingue per un'alta capacit\u00e0 di puff, una gestione pratica e un gusto rinfrescante. Che tu sia un principiante o un esperto, questo modello offre un'esperienza di svapo duratura e piacevole. Ordina oggi stesso e goditi una consegna rapida e senza dazi direttamente a casa tua.<\/p>","protected":false},"excerpt":{"rendered":"<p>WASPE 12000 Puffs Digital Box: Maximale Leistung und Komfort f\u00fcr Dampfer Die WASPE 12000 Puffs Digital Box ist eine fortschrittliche Einweg-E-Zigarette, die auf die Bed\u00fcrfnisse&#8230;<\/p>","protected":false},"featured_media":6653,"template":"","meta":[],"etheme_brands":[],"product_brand":[98],"product_cat":[88,49,61],"product_tag":[],"class_list":{"0":"post-6686","1":"product","2":"type-product","3":"status-publish","4":"has-post-thumbnail","6":"product_brand-waspe-vape","7":"product_cat-12k-vape","8":"product_cat-einweg-e-zigarette","9":"product_cat-f","11":"first","12":"instock","13":"shipping-taxable","14":"purchasable","15":"product-type-variable"},"yoast_head":"<!-- This site is optimized with the Yoast SEO plugin v26.5 - https:\/\/yoast.com\/wordpress\/plugins\/seo\/ -->\n<title>WASPE 12000 Puffs Dein Blue Razz Ice Direkt Vom Hersteller Ohne Zollgeb\u00fchren | Vapingnet.de<\/title>\n<meta name=\"description\" content=\"Entdecke WASPE 12000 Puffs Dein Blue Razz Ice Direkt Vom Hersteller Ohne Zollgeb\u00fchren bei vapingnet.de, \u25ba Gro\u00dfe Auswahl an Geschmacksrichtungen &amp; super g\u00fcnstig!\" \/>\n<meta name=\"robots\" content=\"index, follow, max-snippet:-1, max-image-preview:large, max-video-preview:-1\" \/>\n<link rel=\"canonical\" href=\"https:\/\/vapingnet.de\/it\/vape\/waspe-12000-puffs-dein-blue-razz-ice-direkt-vom-hersteller-ohne-zollgebuehren\/\" \/>\n<meta property=\"og:locale\" content=\"it_IT\" \/>\n<meta property=\"og:type\" content=\"article\" \/>\n<meta property=\"og:title\" content=\"WASPE 12000 Puffs Dein Blue Razz Ice Direkt Vom Hersteller Ohne Zollgeb\u00fchren | Vapingnet.de\" \/>\n<meta property=\"og:description\" content=\"Entdecke WASPE 12000 Puffs Dein Blue Razz Ice Direkt Vom Hersteller Ohne Zollgeb\u00fchren bei vapingnet.de, \u25ba Gro\u00dfe Auswahl an Geschmacksrichtungen &amp; super g\u00fcnstig!\" \/>\n<meta property=\"og:url\" content=\"https:\/\/vapingnet.de\/it\/vape\/waspe-12000-puffs-dein-blue-razz-ice-direkt-vom-hersteller-ohne-zollgebuehren\/\" \/>\n<meta property=\"og:site_name\" content=\"Vapingnet.de\" \/>\n<meta property=\"article:publisher\" content=\"https:\/\/www.facebook.com\/vapingnetde\/\" \/>\n<meta property=\"article:modified_time\" content=\"2026-04-15T08:46:52+00:00\" \/>\n<meta property=\"og:image\" content=\"https:\/\/vapingnet.de\/wp-content\/uploads\/2025\/04\/Blue-Razz-Ice-3.webp\" \/>\n\t<meta property=\"og:image:width\" content=\"1000\" \/>\n\t<meta property=\"og:image:height\" content=\"1000\" \/>\n\t<meta property=\"og:image:type\" content=\"image\/webp\" \/>\n<meta name=\"twitter:card\" content=\"summary_large_image\" \/>\n<meta name=\"twitter:label1\" content=\"Est. reading time\" \/>\n\t<meta name=\"twitter:data1\" content=\"4 minutes\" \/>\n<script type=\"application\/ld+json\" class=\"yoast-schema-graph\">{\"@context\":\"https:\/\/schema.org\",\"@graph\":[{\"@type\":\"WebPage\",\"@id\":\"https:\/\/vapingnet.de\/vape\/waspe-12000-puffs-dein-blue-razz-ice-direkt-vom-hersteller-ohne-zollgebuehren\/\",\"url\":\"https:\/\/vapingnet.de\/vape\/waspe-12000-puffs-dein-blue-razz-ice-direkt-vom-hersteller-ohne-zollgebuehren\/\",\"name\":\"WASPE 12000 Puffs Dein Blue Razz Ice Direkt Vom Hersteller Ohne Zollgeb\u00fchren | Vapingnet.de\",\"isPartOf\":{\"@id\":\"https:\/\/vapingnet.de\/#website\"},\"primaryImageOfPage\":{\"@id\":\"https:\/\/vapingnet.de\/vape\/waspe-12000-puffs-dein-blue-razz-ice-direkt-vom-hersteller-ohne-zollgebuehren\/#primaryimage\"},\"image\":{\"@id\":\"https:\/\/vapingnet.de\/vape\/waspe-12000-puffs-dein-blue-razz-ice-direkt-vom-hersteller-ohne-zollgebuehren\/#primaryimage\"},\"thumbnailUrl\":\"https:\/\/vapingnet.de\/wp-content\/uploads\/2025\/04\/Blue-Razz-Ice-3.webp\",\"datePublished\":\"2025-04-30T01:28:11+00:00\",\"dateModified\":\"2026-04-15T08:46:52+00:00\",\"description\":\"Entdecke WASPE 12000 Puffs Dein Blue Razz Ice Direkt Vom Hersteller Ohne Zollgeb\u00fchren bei vapingnet.de, \u25ba Gro\u00dfe Auswahl an Geschmacksrichtungen & super g\u00fcnstig!\",\"breadcrumb\":{\"@id\":\"https:\/\/vapingnet.de\/vape\/waspe-12000-puffs-dein-blue-razz-ice-direkt-vom-hersteller-ohne-zollgebuehren\/#breadcrumb\"},\"inLanguage\":\"it-IT\",\"potentialAction\":[{\"@type\":\"ReadAction\",\"target\":[\"https:\/\/vapingnet.de\/vape\/waspe-12000-puffs-dein-blue-razz-ice-direkt-vom-hersteller-ohne-zollgebuehren\/\"]}]},{\"@type\":\"ImageObject\",\"inLanguage\":\"it-IT\",\"@id\":\"https:\/\/vapingnet.de\/vape\/waspe-12000-puffs-dein-blue-razz-ice-direkt-vom-hersteller-ohne-zollgebuehren\/#primaryimage\",\"url\":\"https:\/\/vapingnet.de\/wp-content\/uploads\/2025\/04\/Blue-Razz-Ice-3.webp\",\"contentUrl\":\"https:\/\/vapingnet.de\/wp-content\/uploads\/2025\/04\/Blue-Razz-Ice-3.webp\",\"width\":1000,\"height\":1000},{\"@type\":\"BreadcrumbList\",\"@id\":\"https:\/\/vapingnet.de\/vape\/waspe-12000-puffs-dein-blue-razz-ice-direkt-vom-hersteller-ohne-zollgebuehren\/#breadcrumb\",\"itemListElement\":[{\"@type\":\"ListItem\",\"position\":1,\"name\":\"Home\",\"item\":\"https:\/\/vapingnet.de\/\"},{\"@type\":\"ListItem\",\"position\":2,\"name\":\"Shop\",\"item\":\"https:\/\/vapingnet.de\/vape\/\"},{\"@type\":\"ListItem\",\"position\":3,\"name\":\"WASPE 12000 Puffs Dein Blue Razz Ice Direkt Vom Hersteller Ohne Zollgeb\u00fchren\"}]},{\"@type\":\"WebSite\",\"@id\":\"https:\/\/vapingnet.de\/#website\",\"url\":\"https:\/\/vapingnet.de\/\",\"name\":\"Vapingnet.de\",\"description\":\"\",\"publisher\":{\"@id\":\"https:\/\/vapingnet.de\/#organization\"},\"potentialAction\":[{\"@type\":\"SearchAction\",\"target\":{\"@type\":\"EntryPoint\",\"urlTemplate\":\"https:\/\/vapingnet.de\/?s={search_term_string}\"},\"query-input\":{\"@type\":\"PropertyValueSpecification\",\"valueRequired\":true,\"valueName\":\"search_term_string\"}}],\"inLanguage\":\"it-IT\"},{\"@type\":\"Organization\",\"@id\":\"https:\/\/vapingnet.de\/#organization\",\"name\":\"Vapingnet.de\",\"url\":\"https:\/\/vapingnet.de\/\",\"logo\":{\"@type\":\"ImageObject\",\"inLanguage\":\"it-IT\",\"@id\":\"https:\/\/vapingnet.de\/#\/schema\/logo\/image\/\",\"url\":\"https:\/\/vapingnet.de\/wp-content\/uploads\/2025\/03\/cropped-vapingnet.de_.jpg\",\"contentUrl\":\"https:\/\/vapingnet.de\/wp-content\/uploads\/2025\/03\/cropped-vapingnet.de_.jpg\",\"width\":512,\"height\":512,\"caption\":\"Vapingnet.de\"},\"image\":{\"@id\":\"https:\/\/vapingnet.de\/#\/schema\/logo\/image\/\"},\"sameAs\":[\"https:\/\/www.facebook.com\/vapingnetde\/\"]}]}<\/script>\n<!-- \/ Yoast SEO plugin. -->","yoast_head_json":{"title":"WASPE 12000 Puffs Dein Blue Razz Ice Direkt Vom Hersteller Ohne Zollgeb\u00fchren | Vapingnet.de","description":"Entdecke WASPE 12000 Puffs Dein Blue Razz Ice Direkt Vom Hersteller Ohne Zollgeb\u00fchren bei vapingnet.de, \u25ba Gro\u00dfe Auswahl an Geschmacksrichtungen & super g\u00fcnstig!","robots":{"index":"index","follow":"follow","max-snippet":"max-snippet:-1","max-image-preview":"max-image-preview:large","max-video-preview":"max-video-preview:-1"},"canonical":"https:\/\/vapingnet.de\/it\/vape\/waspe-12000-puffs-dein-blue-razz-ice-direkt-vom-hersteller-ohne-zollgebuehren\/","og_locale":"it_IT","og_type":"article","og_title":"WASPE 12000 Puffs Dein Blue Razz Ice Direkt Vom Hersteller Ohne Zollgeb\u00fchren | Vapingnet.de","og_description":"Entdecke WASPE 12000 Puffs Dein Blue Razz Ice Direkt Vom Hersteller Ohne Zollgeb\u00fchren bei vapingnet.de, \u25ba Gro\u00dfe Auswahl an Geschmacksrichtungen & super g\u00fcnstig!","og_url":"https:\/\/vapingnet.de\/it\/vape\/waspe-12000-puffs-dein-blue-razz-ice-direkt-vom-hersteller-ohne-zollgebuehren\/","og_site_name":"Vapingnet.de","article_publisher":"https:\/\/www.facebook.com\/vapingnetde\/","article_modified_time":"2026-04-15T08:46:52+00:00","og_image":[{"width":1000,"height":1000,"url":"https:\/\/vapingnet.de\/wp-content\/uploads\/2025\/04\/Blue-Razz-Ice-3.webp","type":"image\/webp"}],"twitter_card":"summary_large_image","twitter_misc":{"Est. reading time":"4 minutes"},"schema":{"@context":"https:\/\/schema.org","@graph":[{"@type":"WebPage","@id":"https:\/\/vapingnet.de\/vape\/waspe-12000-puffs-dein-blue-razz-ice-direkt-vom-hersteller-ohne-zollgebuehren\/","url":"https:\/\/vapingnet.de\/vape\/waspe-12000-puffs-dein-blue-razz-ice-direkt-vom-hersteller-ohne-zollgebuehren\/","name":"WASPE 12000 Puffs Dein Blue Razz Ice Direkt Vom Hersteller Ohne Zollgeb\u00fchren | Vapingnet.de","isPartOf":{"@id":"https:\/\/vapingnet.de\/#website"},"primaryImageOfPage":{"@id":"https:\/\/vapingnet.de\/vape\/waspe-12000-puffs-dein-blue-razz-ice-direkt-vom-hersteller-ohne-zollgebuehren\/#primaryimage"},"image":{"@id":"https:\/\/vapingnet.de\/vape\/waspe-12000-puffs-dein-blue-razz-ice-direkt-vom-hersteller-ohne-zollgebuehren\/#primaryimage"},"thumbnailUrl":"https:\/\/vapingnet.de\/wp-content\/uploads\/2025\/04\/Blue-Razz-Ice-3.webp","datePublished":"2025-04-30T01:28:11+00:00","dateModified":"2026-04-15T08:46:52+00:00","description":"Entdecke WASPE 12000 Puffs Dein Blue Razz Ice Direkt Vom Hersteller Ohne Zollgeb\u00fchren bei vapingnet.de, \u25ba Gro\u00dfe Auswahl an Geschmacksrichtungen & super g\u00fcnstig!","breadcrumb":{"@id":"https:\/\/vapingnet.de\/vape\/waspe-12000-puffs-dein-blue-razz-ice-direkt-vom-hersteller-ohne-zollgebuehren\/#breadcrumb"},"inLanguage":"it-IT","potentialAction":[{"@type":"ReadAction","target":["https:\/\/vapingnet.de\/vape\/waspe-12000-puffs-dein-blue-razz-ice-direkt-vom-hersteller-ohne-zollgebuehren\/"]}]},{"@type":"ImageObject","inLanguage":"it-IT","@id":"https:\/\/vapingnet.de\/vape\/waspe-12000-puffs-dein-blue-razz-ice-direkt-vom-hersteller-ohne-zollgebuehren\/#primaryimage","url":"https:\/\/vapingnet.de\/wp-content\/uploads\/2025\/04\/Blue-Razz-Ice-3.webp","contentUrl":"https:\/\/vapingnet.de\/wp-content\/uploads\/2025\/04\/Blue-Razz-Ice-3.webp","width":1000,"height":1000},{"@type":"BreadcrumbList","@id":"https:\/\/vapingnet.de\/vape\/waspe-12000-puffs-dein-blue-razz-ice-direkt-vom-hersteller-ohne-zollgebuehren\/#breadcrumb","itemListElement":[{"@type":"ListItem","position":1,"name":"Home","item":"https:\/\/vapingnet.de\/"},{"@type":"ListItem","position":2,"name":"Shop","item":"https:\/\/vapingnet.de\/vape\/"},{"@type":"ListItem","position":3,"name":"WASPE 12000 Puffs Dein Blue Razz Ice Direkt Vom Hersteller Ohne Zollgeb\u00fchren"}]},{"@type":"WebSite","@id":"https:\/\/vapingnet.de\/#website","url":"https:\/\/vapingnet.de\/","name":"Vapingnet.de","description":"","publisher":{"@id":"https:\/\/vapingnet.de\/#organization"},"potentialAction":[{"@type":"SearchAction","target":{"@type":"EntryPoint","urlTemplate":"https:\/\/vapingnet.de\/?s={search_term_string}"},"query-input":{"@type":"PropertyValueSpecification","valueRequired":true,"valueName":"search_term_string"}}],"inLanguage":"it-IT"},{"@type":"Organization","@id":"https:\/\/vapingnet.de\/#organization","name":"Vapingnet.de","url":"https:\/\/vapingnet.de\/","logo":{"@type":"ImageObject","inLanguage":"it-IT","@id":"https:\/\/vapingnet.de\/#\/schema\/logo\/image\/","url":"https:\/\/vapingnet.de\/wp-content\/uploads\/2025\/03\/cropped-vapingnet.de_.jpg","contentUrl":"https:\/\/vapingnet.de\/wp-content\/uploads\/2025\/03\/cropped-vapingnet.de_.jpg","width":512,"height":512,"caption":"Vapingnet.de"},"image":{"@id":"https:\/\/vapingnet.de\/#\/schema\/logo\/image\/"},"sameAs":["https:\/\/www.facebook.com\/vapingnetde\/"]}]}},"tiered_pricing_type":"fixed","tiered_pricing_fixed_rules":[],"tiered_pricing_product_settings":{"layout":"default","base_unit_name":{"singular":null,"plural":null},"default_variation":null},"tiered_pricing_minimum_quantity":null,"tiered_pricing_roles_data":[],"tiered_pricing_percentage_rules":[],"_links":{"self":[{"href":"https:\/\/vapingnet.de\/it\/wp-json\/wp\/v2\/product\/6686","targetHints":{"allow":["GET"]}}],"collection":[{"href":"https:\/\/vapingnet.de\/it\/wp-json\/wp\/v2\/product"}],"about":[{"href":"https:\/\/vapingnet.de\/it\/wp-json\/wp\/v2\/types\/product"}],"version-history":[{"count":4,"href":"https:\/\/vapingnet.de\/it\/wp-json\/wp\/v2\/product\/6686\/revisions"}],"predecessor-version":[{"id":6892,"href":"https:\/\/vapingnet.de\/it\/wp-json\/wp\/v2\/product\/6686\/revisions\/6892"}],"wp:featuredmedia":[{"embeddable":true,"href":"https:\/\/vapingnet.de\/it\/wp-json\/wp\/v2\/media\/6653"}],"wp:attachment":[{"href":"https:\/\/vapingnet.de\/it\/wp-json\/wp\/v2\/media?parent=6686"}],"wp:term":[{"taxonomy":"brand","embeddable":true,"href":"https:\/\/vapingnet.de\/it\/wp-json\/wp\/v2\/etheme_brands?post=6686"},{"taxonomy":"product_brand","embeddable":true,"href":"https:\/\/vapingnet.de\/it\/wp-json\/wp\/v2\/product_brand?post=6686"},{"taxonomy":"product_cat","embeddable":true,"href":"https:\/\/vapingnet.de\/it\/wp-json\/wp\/v2\/product_cat?post=6686"},{"taxonomy":"product_tag","embeddable":true,"href":"https:\/\/vapingnet.de\/it\/wp-json\/wp\/v2\/product_tag?post=6686"}],"curies":[{"name":"wp","href":"https:\/\/api.w.org\/{rel}","templated":true}]}}