{"id":6725,"date":"2025-05-05T02:36:01","date_gmt":"2025-05-05T02:36:01","guid":{"rendered":"https:\/\/vapingnet.de\/?post_type=product&#038;p=6725"},"modified":"2026-04-15T08:42:44","modified_gmt":"2026-04-15T08:42:44","slug":"weltweit-gefeiert-waspe-15000-puffs-strawberry-watermelon-zoelle-vermeiden-und-geniessen","status":"publish","type":"product","link":"https:\/\/vapingnet.de\/it\/vape\/weltweit-gefeiert-waspe-15000-puffs-strawberry-watermelon-zoelle-vermeiden-und-geniessen\/","title":{"rendered":"Celebrato in tutto il mondo WASPE 15000 puff di fragola anguria Evitare dazi e godersi"},"content":{"rendered":"<h2 data-start=\"0\" data-end=\"66\" data-immersive-translate-walked=\"394a6c86-11bd-4236-9b60-d810d6713f5c\">WASPE 15000 Puff: La nuova generazione di sigarette elettroniche usa e getta<\/h2>\n<p class=\"\" data-start=\"68\" data-end=\"417\" data-immersive-translate-walked=\"394a6c86-11bd-4236-9b60-d810d6713f5c\" data-immersive-translate-paragraph=\"1\">La WASPE 15000 Puff offre un'esperienza di svapo straordinaria ed \u00e8 una scelta perfetta per gli utenti che cercano durata, aromi intensi e tecnologia moderna. Con una capacit\u00e0 di puff impressionante e una vasta gamma di funzioni, questo modello stabilisce nuovi standard nel mondo delle sigarette elettroniche usa e getta.<\/p>\n<h3>Dettagli del prodotto in breve<\/h3>\n<ul data-start=\"456\" data-end=\"823\" data-immersive-translate-walked=\"394a6c86-11bd-4236-9b60-d810d6713f5c\">\n<li class=\"\" data-start=\"456\" data-end=\"487\" data-immersive-translate-walked=\"394a6c86-11bd-4236-9b60-d810d6713f5c\">\n<p class=\"\" data-start=\"458\" data-end=\"487\" data-immersive-translate-walked=\"394a6c86-11bd-4236-9b60-d810d6713f5c\" data-immersive-translate-paragraph=\"1\">Modello: WASPE 15000 Puff<\/p>\n<\/li>\n<li class=\"\" data-start=\"488\" data-end=\"525\" data-immersive-translate-walked=\"394a6c86-11bd-4236-9b60-d810d6713f5c\">\n<p class=\"\" data-start=\"490\" data-end=\"525\" data-immersive-translate-walked=\"394a6c86-11bd-4236-9b60-d810d6713f5c\" data-immersive-translate-paragraph=\"1\">Opzioni di nicotina: 0%, 2%, 3%, 5%<\/p>\n<\/li>\n<li class=\"\" data-start=\"526\" data-end=\"559\" data-immersive-translate-walked=\"394a6c86-11bd-4236-9b60-d810d6713f5c\">\n<p class=\"\" data-start=\"528\" data-end=\"559\" data-immersive-translate-walked=\"394a6c86-11bd-4236-9b60-d810d6713f5c\" data-immersive-translate-paragraph=\"1\">Capacit\u00e0 di puff: 15.000 puff<\/p>\n<\/li>\n<li class=\"\" data-start=\"560\" data-end=\"591\" data-immersive-translate-walked=\"394a6c86-11bd-4236-9b60-d810d6713f5c\">\n<p class=\"\" data-start=\"562\" data-end=\"591\" data-immersive-translate-walked=\"394a6c86-11bd-4236-9b60-d810d6713f5c\" data-immersive-translate-paragraph=\"1\">Reservoir di E-Liquid: 22 ml<\/p>\n<\/li>\n<li class=\"\" data-start=\"592\" data-end=\"633\" data-immersive-translate-walked=\"394a6c86-11bd-4236-9b60-d810d6713f5c\">\n<p class=\"\" data-start=\"594\" data-end=\"633\" data-immersive-translate-walked=\"394a6c86-11bd-4236-9b60-d810d6713f5c\" data-immersive-translate-paragraph=\"1\">Batteria: 850 mAh (ricaricabile)<\/p>\n<\/li>\n<li class=\"\" data-start=\"634\" data-end=\"660\" data-immersive-translate-walked=\"394a6c86-11bd-4236-9b60-d810d6713f5c\">\n<p class=\"\" data-start=\"636\" data-end=\"660\" data-immersive-translate-walked=\"394a6c86-11bd-4236-9b60-d810d6713f5c\" data-immersive-translate-paragraph=\"1\">Resistenza: Resistenza Mesh da 0,8\u03a9<\/p>\n<\/li>\n<li class=\"\" data-start=\"661\" data-end=\"688\" data-immersive-translate-walked=\"394a6c86-11bd-4236-9b60-d810d6713f5c\">\n<p class=\"\" data-start=\"663\" data-end=\"688\" data-immersive-translate-walked=\"394a6c86-11bd-4236-9b60-d810d6713f5c\" data-immersive-translate-paragraph=\"1\">Punto di ricarica: Type-C<\/p>\n<\/li>\n<li class=\"\" data-start=\"689\" data-end=\"708\" data-immersive-translate-walked=\"394a6c86-11bd-4236-9b60-d810d6713f5c\">\n<p class=\"\" data-start=\"691\" data-end=\"708\" data-immersive-translate-walked=\"394a6c86-11bd-4236-9b60-d810d6713f5c\" data-immersive-translate-paragraph=\"1\">Peso: 90 g<\/p>\n<\/li>\n<li class=\"\" data-start=\"709\" data-end=\"771\" data-immersive-translate-walked=\"394a6c86-11bd-4236-9b60-d810d6713f5c\">\n<p class=\"\" data-start=\"711\" data-end=\"771\" data-immersive-translate-walked=\"394a6c86-11bd-4236-9b60-d810d6713f5c\" data-immersive-translate-paragraph=\"1\">Gusto: Fragola Watermelon<\/p>\n<\/li>\n<\/ul>\n<h4 data-start=\"830\" data-end=\"862\" data-immersive-translate-walked=\"394a6c86-11bd-4236-9b60-d810d6713f5c\">Prestazioni durature<\/h4>\n<p class=\"\" data-start=\"864\" data-end=\"1252\" data-immersive-translate-walked=\"394a6c86-11bd-4236-9b60-d810d6713f5c\" data-immersive-translate-paragraph=\"1\">Con 15.000 puff e un generoso reservoir di 22 ml di E-Liquid, la WASPE 15000 Puff offre una durata eccezionale rispetto a molte altre sigarette elettroniche usa e getta. Gli utenti possono godersi il dispositivo per un periodo prolungato senza preoccuparsi di ricariche frequenti o tempi di ricarica. Questo le rende una scelta perfetta per svapatori assidui, pendolari e viaggiatori.<\/p>\n<h4 data-start=\"1259\" data-end=\"1325\" data-immersive-translate-walked=\"394a6c86-11bd-4236-9b60-d810d6713f5c\">Tecnologia avanzata delle coil per un gusto intenso<\/h4>\n<p class=\"\" data-start=\"1327\" data-end=\"1710\" data-immersive-translate-walked=\"394a6c86-11bd-4236-9b60-d810d6713f5c\" data-immersive-translate-paragraph=\"1\">La tecnologia delle coil a mesh con una resistenza di 0,8\u03a9 garantisce una vaporizzazione uniforme del liquido. Ci\u00f2 rende il sapore dei liquidi pi\u00f9 intenso e ottimizza la produzione di vapore. La coil a mesh permette una distribuzione del calore pi\u00f9 efficiente, portando a un sapore ricco e pieno ad ogni tiro. Cos\u00ec si gode di un\u2019esperienza di svapo di alta qualit\u00e0 costante.<\/p>\n<h4 data-start=\"1717\" data-end=\"1759\" data-immersive-translate-walked=\"394a6c86-11bd-4236-9b60-d810d6713f5c\">Display LCD per il massimo controllo<\/h4>\n<p class=\"\" data-start=\"1761\" data-end=\"2110\" data-immersive-translate-walked=\"394a6c86-11bd-4236-9b60-d810d6713f5c\" data-immersive-translate-paragraph=\"1\">Un innovativo display LCD sulla WASPE 15000 Tiri fornisce al vaper sempre informazioni aggiornate sullo stato della batteria e dei tiri. In questo modo puoi monitorare il livello di carica e sapere sempre quanti tiri rimangono. Questa funzione migliora l\u2019usabilit\u00e0 e aiuta a offrire un\u2019esperienza di svapo ancora pi\u00f9 confortevole.<\/p>\n<h4 data-start=\"2117\" data-end=\"2164\" data-immersive-translate-walked=\"394a6c86-11bd-4236-9b60-d810d6713f5c\">Versatilit\u00e0 in nicotina e gusto<\/h4>\n<p class=\"\" data-start=\"2166\" data-end=\"2586\" data-immersive-translate-walked=\"394a6c86-11bd-4236-9b60-d810d6713f5c\" data-immersive-translate-paragraph=\"1\">La WASPE 15000 Tiri \u00e8 disponibile in quattro diverse concentrazioni di nicotina: 0%, 2%, 3% e 5%. Questo permette agli utenti di personalizzare il contenuto di nicotina secondo le proprie preferenze. Particolarmente interessante \u00e8 il gusto fruttato \u201cFragola Anguria\u201d, che offre una combinazione rinfrescante di fragole dolci e anguria succosa \u2013 ideale per i vapers che preferiscono aromi fruttati e leggeri.<\/p>\n<h4 data-start=\"2593\" data-end=\"2651\" data-immersive-translate-walked=\"394a6c86-11bd-4236-9b60-d810d6713f5c\">Design monouso confortevole e facile da usare<\/h4>\n<p class=\"\" data-start=\"2653\" data-end=\"3039\" data-immersive-translate-walked=\"394a6c86-11bd-4236-9b60-d810d6713f5c\" data-immersive-translate-paragraph=\"1\">Il design monouso della WASPE 15000 Tiri significa che non \u00e8 necessaria manutenzione o ricarica. Basta aprire la confezione e iniziare a svapare \u2013 senza preparazioni inutili. Con un peso di soli 90 g, la WASPE 15000 Tiri \u00e8 leggera e ideale per essere portata in giro. La sua facilit\u00e0 d\u2019uso e il design compatto la rendono il compagno perfetto per l\u2019uso quotidiano.<\/p>\n<h4 data-start=\"3046\" data-end=\"3099\" data-immersive-translate-walked=\"394a6c86-11bd-4236-9b60-d810d6713f5c\">Consegna senza dazi e disponibilit\u00e0 globale<\/h4>\n<p class=\"\" data-start=\"3101\" data-end=\"3347\" data-immersive-translate-walked=\"394a6c86-11bd-4236-9b60-d810d6713f5c\" data-immersive-translate-paragraph=\"1\">Un vantaggio particolarmente interessante \u00e8 la consegna senza dazi, che permette ai clienti internazionali di acquistare la WASPE 15000 Tiri senza costi aggiuntivi. Questo rende il prodotto particolarmente attraente anche per i vaper fuori dal mercato locale.<\/p>\n<p class=\"\" data-start=\"3354\" data-end=\"3747\" data-immersive-translate-walked=\"394a6c86-11bd-4236-9b60-d810d6713f5c\" data-immersive-translate-paragraph=\"1\">Conclusione: la WASPE 15000 Tiri \u00e8 una sigaretta elettronica monouso potente e facile da usare, che si distingue per lunga durata, aromi intensi e tecnologia innovativa. Se cerchi un\u2019esperienza di svapo affidabile e confortevole, questo modello \u00e8 quello che fa per te. Per ulteriori informazioni e modalit\u00e0 d\u2019ordine, visita il sito.<\/p>","protected":false},"excerpt":{"rendered":"<p>WASPE 15000 Puffs: Die neue Generation der Einweg-E-Zigaretten Die WASPE 15000 Puffs bietet eine au\u00dfergew\u00f6hnliche Dampferfahrung und stellt eine perfekte Wahl f\u00fcr Nutzer dar, die&#8230;<\/p>","protected":false},"featured_media":6741,"template":"","meta":[],"etheme_brands":[],"product_brand":[98],"product_cat":[53,49,61],"product_tag":[],"class_list":{"0":"post-6725","1":"product","2":"type-product","3":"status-publish","4":"has-post-thumbnail","6":"product_brand-waspe-vape","7":"product_cat-vape-15000-zuege","8":"product_cat-einweg-e-zigarette","9":"product_cat-f","11":"first","12":"instock","13":"shipping-taxable","14":"purchasable","15":"product-type-variable"},"yoast_head":"<!-- This site is optimized with the Yoast SEO plugin v26.5 - https:\/\/yoast.com\/wordpress\/plugins\/seo\/ -->\n<title>Weltweit Gefeiert WASPE 15000 Puffs Strawberry Watermelon Z\u00f6lle Vermeiden Und Genie\u00dfen | Vapingnet.de<\/title>\n<meta name=\"description\" content=\"Entdecke Weltweit Gefeiert WASPE 15000 Puffs Strawberry Watermelon Z\u00f6lle Vermeiden Und Genie\u00dfen bei vapingnet.de, \u25ba Gro\u00dfe Auswahl an Geschmacksrichtungen &amp; super g\u00fcnstig!\" \/>\n<meta name=\"robots\" content=\"index, follow, max-snippet:-1, max-image-preview:large, max-video-preview:-1\" \/>\n<link rel=\"canonical\" href=\"https:\/\/vapingnet.de\/it\/vape\/weltweit-gefeiert-waspe-15000-puffs-strawberry-watermelon-zoelle-vermeiden-und-geniessen\/\" \/>\n<meta property=\"og:locale\" content=\"it_IT\" \/>\n<meta property=\"og:type\" content=\"article\" \/>\n<meta property=\"og:title\" content=\"Weltweit Gefeiert WASPE 15000 Puffs Strawberry Watermelon Z\u00f6lle Vermeiden Und Genie\u00dfen | Vapingnet.de\" \/>\n<meta property=\"og:description\" content=\"Entdecke Weltweit Gefeiert WASPE 15000 Puffs Strawberry Watermelon Z\u00f6lle Vermeiden Und Genie\u00dfen bei vapingnet.de, \u25ba Gro\u00dfe Auswahl an Geschmacksrichtungen &amp; super g\u00fcnstig!\" \/>\n<meta property=\"og:url\" content=\"https:\/\/vapingnet.de\/it\/vape\/weltweit-gefeiert-waspe-15000-puffs-strawberry-watermelon-zoelle-vermeiden-und-geniessen\/\" \/>\n<meta property=\"og:site_name\" content=\"Vapingnet.de\" \/>\n<meta property=\"article:publisher\" content=\"https:\/\/www.facebook.com\/vapingnetde\/\" \/>\n<meta property=\"article:modified_time\" content=\"2026-04-15T08:42:44+00:00\" \/>\n<meta property=\"og:image\" content=\"https:\/\/vapingnet.de\/wp-content\/uploads\/2025\/05\/Strawberry-Watermelon.webp\" \/>\n\t<meta property=\"og:image:width\" content=\"1000\" \/>\n\t<meta property=\"og:image:height\" content=\"1000\" \/>\n\t<meta property=\"og:image:type\" content=\"image\/webp\" \/>\n<meta name=\"twitter:card\" content=\"summary_large_image\" \/>\n<meta name=\"twitter:label1\" content=\"Est. reading time\" \/>\n\t<meta name=\"twitter:data1\" content=\"3 minutes\" \/>\n<script type=\"application\/ld+json\" class=\"yoast-schema-graph\">{\"@context\":\"https:\/\/schema.org\",\"@graph\":[{\"@type\":\"WebPage\",\"@id\":\"https:\/\/vapingnet.de\/vape\/weltweit-gefeiert-waspe-15000-puffs-strawberry-watermelon-zoelle-vermeiden-und-geniessen\/\",\"url\":\"https:\/\/vapingnet.de\/vape\/weltweit-gefeiert-waspe-15000-puffs-strawberry-watermelon-zoelle-vermeiden-und-geniessen\/\",\"name\":\"Weltweit Gefeiert WASPE 15000 Puffs Strawberry Watermelon Z\u00f6lle Vermeiden Und Genie\u00dfen | Vapingnet.de\",\"isPartOf\":{\"@id\":\"https:\/\/vapingnet.de\/#website\"},\"primaryImageOfPage\":{\"@id\":\"https:\/\/vapingnet.de\/vape\/weltweit-gefeiert-waspe-15000-puffs-strawberry-watermelon-zoelle-vermeiden-und-geniessen\/#primaryimage\"},\"image\":{\"@id\":\"https:\/\/vapingnet.de\/vape\/weltweit-gefeiert-waspe-15000-puffs-strawberry-watermelon-zoelle-vermeiden-und-geniessen\/#primaryimage\"},\"thumbnailUrl\":\"https:\/\/vapingnet.de\/wp-content\/uploads\/2025\/05\/Strawberry-Watermelon.webp\",\"datePublished\":\"2025-05-05T02:36:01+00:00\",\"dateModified\":\"2026-04-15T08:42:44+00:00\",\"description\":\"Entdecke Weltweit Gefeiert WASPE 15000 Puffs Strawberry Watermelon Z\u00f6lle Vermeiden Und Genie\u00dfen bei vapingnet.de, \u25ba Gro\u00dfe Auswahl an Geschmacksrichtungen & super g\u00fcnstig!\",\"breadcrumb\":{\"@id\":\"https:\/\/vapingnet.de\/vape\/weltweit-gefeiert-waspe-15000-puffs-strawberry-watermelon-zoelle-vermeiden-und-geniessen\/#breadcrumb\"},\"inLanguage\":\"it-IT\",\"potentialAction\":[{\"@type\":\"ReadAction\",\"target\":[\"https:\/\/vapingnet.de\/vape\/weltweit-gefeiert-waspe-15000-puffs-strawberry-watermelon-zoelle-vermeiden-und-geniessen\/\"]}]},{\"@type\":\"ImageObject\",\"inLanguage\":\"it-IT\",\"@id\":\"https:\/\/vapingnet.de\/vape\/weltweit-gefeiert-waspe-15000-puffs-strawberry-watermelon-zoelle-vermeiden-und-geniessen\/#primaryimage\",\"url\":\"https:\/\/vapingnet.de\/wp-content\/uploads\/2025\/05\/Strawberry-Watermelon.webp\",\"contentUrl\":\"https:\/\/vapingnet.de\/wp-content\/uploads\/2025\/05\/Strawberry-Watermelon.webp\",\"width\":1000,\"height\":1000},{\"@type\":\"BreadcrumbList\",\"@id\":\"https:\/\/vapingnet.de\/vape\/weltweit-gefeiert-waspe-15000-puffs-strawberry-watermelon-zoelle-vermeiden-und-geniessen\/#breadcrumb\",\"itemListElement\":[{\"@type\":\"ListItem\",\"position\":1,\"name\":\"Home\",\"item\":\"https:\/\/vapingnet.de\/\"},{\"@type\":\"ListItem\",\"position\":2,\"name\":\"Shop\",\"item\":\"https:\/\/vapingnet.de\/vape\/\"},{\"@type\":\"ListItem\",\"position\":3,\"name\":\"Weltweit Gefeiert WASPE 15000 Puffs Strawberry Watermelon Z\u00f6lle Vermeiden Und Genie\u00dfen\"}]},{\"@type\":\"WebSite\",\"@id\":\"https:\/\/vapingnet.de\/#website\",\"url\":\"https:\/\/vapingnet.de\/\",\"name\":\"Vapingnet.de\",\"description\":\"\",\"publisher\":{\"@id\":\"https:\/\/vapingnet.de\/#organization\"},\"potentialAction\":[{\"@type\":\"SearchAction\",\"target\":{\"@type\":\"EntryPoint\",\"urlTemplate\":\"https:\/\/vapingnet.de\/?s={search_term_string}\"},\"query-input\":{\"@type\":\"PropertyValueSpecification\",\"valueRequired\":true,\"valueName\":\"search_term_string\"}}],\"inLanguage\":\"it-IT\"},{\"@type\":\"Organization\",\"@id\":\"https:\/\/vapingnet.de\/#organization\",\"name\":\"Vapingnet.de\",\"url\":\"https:\/\/vapingnet.de\/\",\"logo\":{\"@type\":\"ImageObject\",\"inLanguage\":\"it-IT\",\"@id\":\"https:\/\/vapingnet.de\/#\/schema\/logo\/image\/\",\"url\":\"https:\/\/vapingnet.de\/wp-content\/uploads\/2025\/03\/cropped-vapingnet.de_.jpg\",\"contentUrl\":\"https:\/\/vapingnet.de\/wp-content\/uploads\/2025\/03\/cropped-vapingnet.de_.jpg\",\"width\":512,\"height\":512,\"caption\":\"Vapingnet.de\"},\"image\":{\"@id\":\"https:\/\/vapingnet.de\/#\/schema\/logo\/image\/\"},\"sameAs\":[\"https:\/\/www.facebook.com\/vapingnetde\/\"]}]}<\/script>\n<!-- \/ Yoast SEO plugin. -->","yoast_head_json":{"title":"Weltweit Gefeiert WASPE 15000 Puffs Strawberry Watermelon Z\u00f6lle Vermeiden Und Genie\u00dfen | Vapingnet.de","description":"Entdecke Weltweit Gefeiert WASPE 15000 Puffs Strawberry Watermelon Z\u00f6lle Vermeiden Und Genie\u00dfen bei vapingnet.de, \u25ba Gro\u00dfe Auswahl an Geschmacksrichtungen & super g\u00fcnstig!","robots":{"index":"index","follow":"follow","max-snippet":"max-snippet:-1","max-image-preview":"max-image-preview:large","max-video-preview":"max-video-preview:-1"},"canonical":"https:\/\/vapingnet.de\/it\/vape\/weltweit-gefeiert-waspe-15000-puffs-strawberry-watermelon-zoelle-vermeiden-und-geniessen\/","og_locale":"it_IT","og_type":"article","og_title":"Weltweit Gefeiert WASPE 15000 Puffs Strawberry Watermelon Z\u00f6lle Vermeiden Und Genie\u00dfen | Vapingnet.de","og_description":"Entdecke Weltweit Gefeiert WASPE 15000 Puffs Strawberry Watermelon Z\u00f6lle Vermeiden Und Genie\u00dfen bei vapingnet.de, \u25ba Gro\u00dfe Auswahl an Geschmacksrichtungen & super g\u00fcnstig!","og_url":"https:\/\/vapingnet.de\/it\/vape\/weltweit-gefeiert-waspe-15000-puffs-strawberry-watermelon-zoelle-vermeiden-und-geniessen\/","og_site_name":"Vapingnet.de","article_publisher":"https:\/\/www.facebook.com\/vapingnetde\/","article_modified_time":"2026-04-15T08:42:44+00:00","og_image":[{"width":1000,"height":1000,"url":"https:\/\/vapingnet.de\/wp-content\/uploads\/2025\/05\/Strawberry-Watermelon.webp","type":"image\/webp"}],"twitter_card":"summary_large_image","twitter_misc":{"Est. reading time":"3 minutes"},"schema":{"@context":"https:\/\/schema.org","@graph":[{"@type":"WebPage","@id":"https:\/\/vapingnet.de\/vape\/weltweit-gefeiert-waspe-15000-puffs-strawberry-watermelon-zoelle-vermeiden-und-geniessen\/","url":"https:\/\/vapingnet.de\/vape\/weltweit-gefeiert-waspe-15000-puffs-strawberry-watermelon-zoelle-vermeiden-und-geniessen\/","name":"Weltweit Gefeiert WASPE 15000 Puffs Strawberry Watermelon Z\u00f6lle Vermeiden Und Genie\u00dfen | Vapingnet.de","isPartOf":{"@id":"https:\/\/vapingnet.de\/#website"},"primaryImageOfPage":{"@id":"https:\/\/vapingnet.de\/vape\/weltweit-gefeiert-waspe-15000-puffs-strawberry-watermelon-zoelle-vermeiden-und-geniessen\/#primaryimage"},"image":{"@id":"https:\/\/vapingnet.de\/vape\/weltweit-gefeiert-waspe-15000-puffs-strawberry-watermelon-zoelle-vermeiden-und-geniessen\/#primaryimage"},"thumbnailUrl":"https:\/\/vapingnet.de\/wp-content\/uploads\/2025\/05\/Strawberry-Watermelon.webp","datePublished":"2025-05-05T02:36:01+00:00","dateModified":"2026-04-15T08:42:44+00:00","description":"Entdecke Weltweit Gefeiert WASPE 15000 Puffs Strawberry Watermelon Z\u00f6lle Vermeiden Und Genie\u00dfen bei vapingnet.de, \u25ba Gro\u00dfe Auswahl an Geschmacksrichtungen & super g\u00fcnstig!","breadcrumb":{"@id":"https:\/\/vapingnet.de\/vape\/weltweit-gefeiert-waspe-15000-puffs-strawberry-watermelon-zoelle-vermeiden-und-geniessen\/#breadcrumb"},"inLanguage":"it-IT","potentialAction":[{"@type":"ReadAction","target":["https:\/\/vapingnet.de\/vape\/weltweit-gefeiert-waspe-15000-puffs-strawberry-watermelon-zoelle-vermeiden-und-geniessen\/"]}]},{"@type":"ImageObject","inLanguage":"it-IT","@id":"https:\/\/vapingnet.de\/vape\/weltweit-gefeiert-waspe-15000-puffs-strawberry-watermelon-zoelle-vermeiden-und-geniessen\/#primaryimage","url":"https:\/\/vapingnet.de\/wp-content\/uploads\/2025\/05\/Strawberry-Watermelon.webp","contentUrl":"https:\/\/vapingnet.de\/wp-content\/uploads\/2025\/05\/Strawberry-Watermelon.webp","width":1000,"height":1000},{"@type":"BreadcrumbList","@id":"https:\/\/vapingnet.de\/vape\/weltweit-gefeiert-waspe-15000-puffs-strawberry-watermelon-zoelle-vermeiden-und-geniessen\/#breadcrumb","itemListElement":[{"@type":"ListItem","position":1,"name":"Home","item":"https:\/\/vapingnet.de\/"},{"@type":"ListItem","position":2,"name":"Shop","item":"https:\/\/vapingnet.de\/vape\/"},{"@type":"ListItem","position":3,"name":"Weltweit Gefeiert WASPE 15000 Puffs Strawberry Watermelon Z\u00f6lle Vermeiden Und Genie\u00dfen"}]},{"@type":"WebSite","@id":"https:\/\/vapingnet.de\/#website","url":"https:\/\/vapingnet.de\/","name":"Vapingnet.de","description":"","publisher":{"@id":"https:\/\/vapingnet.de\/#organization"},"potentialAction":[{"@type":"SearchAction","target":{"@type":"EntryPoint","urlTemplate":"https:\/\/vapingnet.de\/?s={search_term_string}"},"query-input":{"@type":"PropertyValueSpecification","valueRequired":true,"valueName":"search_term_string"}}],"inLanguage":"it-IT"},{"@type":"Organization","@id":"https:\/\/vapingnet.de\/#organization","name":"Vapingnet.de","url":"https:\/\/vapingnet.de\/","logo":{"@type":"ImageObject","inLanguage":"it-IT","@id":"https:\/\/vapingnet.de\/#\/schema\/logo\/image\/","url":"https:\/\/vapingnet.de\/wp-content\/uploads\/2025\/03\/cropped-vapingnet.de_.jpg","contentUrl":"https:\/\/vapingnet.de\/wp-content\/uploads\/2025\/03\/cropped-vapingnet.de_.jpg","width":512,"height":512,"caption":"Vapingnet.de"},"image":{"@id":"https:\/\/vapingnet.de\/#\/schema\/logo\/image\/"},"sameAs":["https:\/\/www.facebook.com\/vapingnetde\/"]}]}},"tiered_pricing_type":"fixed","tiered_pricing_fixed_rules":[],"tiered_pricing_product_settings":{"layout":"default","base_unit_name":{"singular":null,"plural":null},"default_variation":null},"tiered_pricing_minimum_quantity":null,"tiered_pricing_roles_data":[],"tiered_pricing_percentage_rules":[],"_links":{"self":[{"href":"https:\/\/vapingnet.de\/it\/wp-json\/wp\/v2\/product\/6725","targetHints":{"allow":["GET"]}}],"collection":[{"href":"https:\/\/vapingnet.de\/it\/wp-json\/wp\/v2\/product"}],"about":[{"href":"https:\/\/vapingnet.de\/it\/wp-json\/wp\/v2\/types\/product"}],"version-history":[{"count":1,"href":"https:\/\/vapingnet.de\/it\/wp-json\/wp\/v2\/product\/6725\/revisions"}],"predecessor-version":[{"id":6747,"href":"https:\/\/vapingnet.de\/it\/wp-json\/wp\/v2\/product\/6725\/revisions\/6747"}],"wp:featuredmedia":[{"embeddable":true,"href":"https:\/\/vapingnet.de\/it\/wp-json\/wp\/v2\/media\/6741"}],"wp:attachment":[{"href":"https:\/\/vapingnet.de\/it\/wp-json\/wp\/v2\/media?parent=6725"}],"wp:term":[{"taxonomy":"brand","embeddable":true,"href":"https:\/\/vapingnet.de\/it\/wp-json\/wp\/v2\/etheme_brands?post=6725"},{"taxonomy":"product_brand","embeddable":true,"href":"https:\/\/vapingnet.de\/it\/wp-json\/wp\/v2\/product_brand?post=6725"},{"taxonomy":"product_cat","embeddable":true,"href":"https:\/\/vapingnet.de\/it\/wp-json\/wp\/v2\/product_cat?post=6725"},{"taxonomy":"product_tag","embeddable":true,"href":"https:\/\/vapingnet.de\/it\/wp-json\/wp\/v2\/product_tag?post=6725"}],"curies":[{"name":"wp","href":"https:\/\/api.w.org\/{rel}","templated":true}]}}