{"id":6726,"date":"2025-05-05T02:36:03","date_gmt":"2025-05-05T02:36:03","guid":{"rendered":"https:\/\/vapingnet.de\/?post_type=product&#038;p=6726"},"modified":"2026-04-15T08:42:10","modified_gmt":"2026-04-15T08:42:10","slug":"der-geschmack-des-sommers-waspe-15000-puffs-orange-soda-bestellen-sparen","status":"publish","type":"product","link":"https:\/\/vapingnet.de\/it\/vape\/der-geschmack-des-sommers-waspe-15000-puffs-orange-soda-bestellen-sparen\/","title":{"rendered":"Il gusto dell'estate WASPE 15000 Puff Arancia Soda Ordina &amp; Risparmia"},"content":{"rendered":"<h2 data-start=\"0\" data-end=\"81\">WASPE 15000 Puff: La sigaretta elettronica usa e getta perfetta per svapatori esigenti<\/h2>\n<p class=\"\" data-start=\"83\" data-end=\"384\">La WASPE 15000 Puff \u00e8 una delle sigarette elettroniche usa e getta pi\u00f9 avanzate sul mercato. Con una capacit\u00e0 di puff impressionante e funzioni moderne, offre un'esperienza di svapo senza paragoni. Scopri i punti salienti di questa innovativa sigaretta elettronica che rivoluziona la quotidianit\u00e0 dello svapatore.<\/p>\n<h3 class=\"\" data-start=\"391\" data-end=\"435\">Panoramica sulla WASPE 15000 Puff<\/h3>\n<ul data-start=\"437\" data-end=\"833\">\n<li class=\"\" data-start=\"437\" data-end=\"470\">\n<p class=\"\" data-start=\"439\" data-end=\"470\">Modello: WASPE 15000 Puff<\/p>\n<\/li>\n<li class=\"\" data-start=\"471\" data-end=\"514\">\n<p class=\"\" data-start=\"473\" data-end=\"514\">Opzioni di nicotina: 0 %, 2 %, 3 %, 5 %<\/p>\n<\/li>\n<li class=\"\" data-start=\"515\" data-end=\"550\">\n<p class=\"\" data-start=\"517\" data-end=\"550\">Capacit\u00e0 di puff: 15.000 puff<\/p>\n<\/li>\n<li class=\"\" data-start=\"551\" data-end=\"584\">\n<p class=\"\" data-start=\"553\" data-end=\"584\">Reservoir di E-Liquid: 22 ml<\/p>\n<\/li>\n<li class=\"\" data-start=\"585\" data-end=\"627\">\n<p class=\"\" data-start=\"587\" data-end=\"627\">Batteria: 850 mAh, ricaricabile<\/p>\n<\/li>\n<li class=\"\" data-start=\"628\" data-end=\"656\">\n<p class=\"\" data-start=\"630\" data-end=\"656\">Resistenza: Resistenza Mesh da 0,8\u03a9<\/p>\n<\/li>\n<li class=\"\" data-start=\"657\" data-end=\"691\">\n<p class=\"\" data-start=\"659\" data-end=\"691\">Porta di ricarica: Porta Type-C<\/p>\n<\/li>\n<li class=\"\" data-start=\"692\" data-end=\"713\">\n<p class=\"\" data-start=\"694\" data-end=\"713\">Peso: 90 g<\/p>\n<\/li>\n<li class=\"\" data-start=\"714\" data-end=\"744\">\n<p class=\"\" data-start=\"716\" data-end=\"744\">Gusto: Arancia Soda<\/p>\n<\/li>\n<li class=\"\" data-start=\"745\" data-end=\"798\">\n<p class=\"\" data-start=\"747\" data-end=\"798\">Sito web: vapingnet.de<\/p>\n<\/li>\n<li class=\"\" data-start=\"799\" data-end=\"833\">\n<p class=\"\" data-start=\"801\" data-end=\"833\">Vantaggio: Consegna senza dazi<\/p>\n<\/li>\n<\/ul>\n<h4 data-start=\"840\" data-end=\"879\"><img fetchpriority=\"high\" decoding=\"async\" class=\"wp-image-6885 aligncenter\" src=\"https:\/\/vapingnet.de\/wp-content\/uploads\/2025\/05\/2-300x187.jpg\" alt=\"\" width=\"1835\" height=\"1144\" srcset=\"https:\/\/vapingnet.de\/wp-content\/uploads\/2025\/05\/2-300x187.jpg 300w, https:\/\/vapingnet.de\/wp-content\/uploads\/2025\/05\/2-768x480.jpg 768w, https:\/\/vapingnet.de\/wp-content\/uploads\/2025\/05\/2-600x375.jpg 600w, https:\/\/vapingnet.de\/wp-content\/uploads\/2025\/05\/2-1x1.jpg 1w, https:\/\/vapingnet.de\/wp-content\/uploads\/2025\/05\/2-10x6.jpg 10w\" sizes=\"(max-width: 1835px) 100vw, 1835px\" \/><\/h4>\n<h4 data-start=\"840\" data-end=\"879\">Capacit\u00e0 di puff senza paragoni<\/h4>\n<p class=\"\" data-start=\"881\" data-end=\"1238\">Con 15.000 puff, la WASPE 15000 Puffs offre una durata eccezionalmente lunga. Il grande serbatoio di liquido da 22 ml garantisce un piacere duraturo senza dover ricaricare frequentemente il liquido. Questa capacit\u00e0 la rende una delle sigarette usa e getta pi\u00f9 durature attualmente disponibili, ideale anche per svapatori frequenti e in viaggio.<\/p>\n<h4 data-start=\"1245\" data-end=\"1305\">Esperienze di svapo intense grazie alla tecnologia Mesh-Coil<\/h4>\n<p class=\"\" data-start=\"1307\" data-end=\"1737\">La WASPE 15000 Puffs utilizza una tecnologia Mesh-Coil all'avanguardia con una resistenza di 0,8\u03a9, per rendere la vaporizzazione del liquido uniforme ed efficiente. La tecnologia Mesh favorisce un rilascio di aromi pi\u00f9 intenso e una produzione di vapore maggiore, rendendo il gusto pi\u00f9 pieno e soddisfacente ad ogni tiro. Significa un'esperienza di svapo ottimizzata, che convince sia in termini di gusto che di qualit\u00e0 del vapore.<\/p>\n<h4 data-start=\"1744\" data-end=\"1790\">Display LCD per informazioni in tempo reale<\/h4>\n<p class=\"\" data-start=\"1792\" data-end=\"2212\">Il display LCD integrato della WASPE 15000 Puffs garantisce di tenere sempre sotto controllo lo stato di carica della batteria e i puff rimanenti. Questa funzione \u00e8 particolarmente utile, poich\u00e9 permette allo svapatore di sapere quando \u00e8 il momento di ricaricare il dispositivo o quanti puff sono ancora disponibili. Il display contribuisce a un utilizzo senza stress e ben pianificato del dispositivo.<\/p>\n<h4 data-start=\"2219\" data-end=\"2273\">Variazioni di nicotina per ogni esigenza<\/h4>\n<p class=\"\" data-start=\"2275\" data-end=\"2627\">La WASPE 15000 Puffs \u00e8 disponibile in quattro diversi livelli di nicotina: 0 %, 2 %, 3 % e 5 %. In questo modo, gli svapatori possono scegliere la concentrazione di nicotina pi\u00f9 adatta a loro e godere di un'esperienza personalizzata. Che siate principianti o svapatori esperti, la gamma di livelli di nicotina permette un adattamento perfetto alle vostre esigenze.<\/p>\n<h4 data-start=\"2634\" data-end=\"2672\">Piacere fruttato: Arancia Soda<\/h4>\n<p class=\"\" data-start=\"2674\" data-end=\"3067\">Per chi ama aromi rinfrescanti e fruttati, la WASPE 15000 Puffs offre il gusto \u00abArancia Soda\u00bb. Questo aroma frizzante e dolce ricorda la combinazione rinfrescante di limonata all'arancia con un leggero sapore di soda, perfetto per ogni occasione. \u00c8 una scelta ideale per gli svapatori che cercano un'esperienza di gusto dolce ma non troppo invadente.<\/p>\n<h4 data-start=\"3074\" data-end=\"3122\">Facile da usare e design portatile<\/h4>\n<p class=\"\" data-start=\"3124\" data-end=\"3440\">La WASPE 15000 Puffs \u00e8 una sigaretta elettronica usa e getta che non richiede manutenzione o ricariche. Questo la rende particolarmente user-friendly e pratica per l'uso quotidiano. Con un peso di soli 90 g, il dispositivo \u00e8 leggero e compatto, facile da trasportare in qualsiasi tasca.<\/p>\n<p class=\"\" data-start=\"3442\" data-end=\"3682\">Un altro grande vantaggio \u00e8 la consegna senza dazi, che facilita ai clienti internazionali l'acquisto del dispositivo senza costi aggiuntivi. Questo rende la WASPE 15000 Puffs particolarmente attraente anche per gli svapatori fuori dall'Italia.<\/p>\n<h4 data-start=\"3689\" data-end=\"3738\">Vivi l'esperienza del vapore a un livello superiore<\/h4>\n<p class=\"\" data-start=\"3740\" data-end=\"4124\">La WASPE 15000 Puffs offre non solo prestazioni eccezionali, ma anche un'esperienza di svapo intensa e duratura. Con tecnologia innovativa, lunga durata e un gusto fruttato, \u00e8 la scelta ideale per gli svapatori che valorizzano qualit\u00e0 e comfort. Per ulteriori informazioni e possibilit\u00e0 di ordinare, visita vapingnet.de.<\/p>","protected":false},"excerpt":{"rendered":"<p>WASPE 15000 Puffs: Die perfekte Einweg-E-Zigarette f\u00fcr anspruchsvolle Dampfer Die WASPE 15000 Puffs ist eine der fortschrittlichsten Einweg-E-Zigaretten auf dem Markt. Mit einer beeindruckenden Puff-Kapazit\u00e4t&#8230;<\/p>","protected":false},"featured_media":6737,"template":"","meta":[],"etheme_brands":[],"product_brand":[98],"product_cat":[53,49,61],"product_tag":[],"class_list":{"0":"post-6726","1":"product","2":"type-product","3":"status-publish","4":"has-post-thumbnail","6":"product_brand-waspe-vape","7":"product_cat-vape-15000-zuege","8":"product_cat-einweg-e-zigarette","9":"product_cat-f","11":"first","12":"instock","13":"shipping-taxable","14":"purchasable","15":"product-type-variable"},"yoast_head":"<!-- This site is optimized with the Yoast SEO plugin v26.5 - https:\/\/yoast.com\/wordpress\/plugins\/seo\/ -->\n<title>Der Geschmack Des Sommers WASPE 15000 Puffs Orange Soda Bestellen &amp; Sparen | Vapingnet.de<\/title>\n<meta name=\"description\" content=\"Entdecke Der Geschmack Des Sommers WASPE 15000 Puffs Orange Soda Bestellen &amp; Sparen bei vapingnet.de, \u25ba Gro\u00dfe Auswahl an Geschmacksrichtungen &amp; super g\u00fcnstig!\" \/>\n<meta name=\"robots\" content=\"index, follow, max-snippet:-1, max-image-preview:large, max-video-preview:-1\" \/>\n<link rel=\"canonical\" href=\"https:\/\/vapingnet.de\/it\/vape\/der-geschmack-des-sommers-waspe-15000-puffs-orange-soda-bestellen-sparen\/\" \/>\n<meta property=\"og:locale\" content=\"it_IT\" \/>\n<meta property=\"og:type\" content=\"article\" \/>\n<meta property=\"og:title\" content=\"Der Geschmack Des Sommers WASPE 15000 Puffs Orange Soda Bestellen &amp; Sparen | Vapingnet.de\" \/>\n<meta property=\"og:description\" content=\"Entdecke Der Geschmack Des Sommers WASPE 15000 Puffs Orange Soda Bestellen &amp; Sparen bei vapingnet.de, \u25ba Gro\u00dfe Auswahl an Geschmacksrichtungen &amp; super g\u00fcnstig!\" \/>\n<meta property=\"og:url\" content=\"https:\/\/vapingnet.de\/it\/vape\/der-geschmack-des-sommers-waspe-15000-puffs-orange-soda-bestellen-sparen\/\" \/>\n<meta property=\"og:site_name\" content=\"Vapingnet.de\" \/>\n<meta property=\"article:publisher\" content=\"https:\/\/www.facebook.com\/vapingnetde\/\" \/>\n<meta property=\"article:modified_time\" content=\"2026-04-15T08:42:10+00:00\" \/>\n<meta property=\"og:image\" content=\"https:\/\/vapingnet.de\/wp-content\/uploads\/2025\/05\/Orange-Soda.webp\" \/>\n\t<meta property=\"og:image:width\" content=\"1000\" \/>\n\t<meta property=\"og:image:height\" content=\"1000\" \/>\n\t<meta property=\"og:image:type\" content=\"image\/webp\" \/>\n<meta name=\"twitter:card\" content=\"summary_large_image\" \/>\n<meta name=\"twitter:label1\" content=\"Est. reading time\" \/>\n\t<meta name=\"twitter:data1\" content=\"4 minutes\" \/>\n<script type=\"application\/ld+json\" class=\"yoast-schema-graph\">{\"@context\":\"https:\/\/schema.org\",\"@graph\":[{\"@type\":\"WebPage\",\"@id\":\"https:\/\/vapingnet.de\/vape\/der-geschmack-des-sommers-waspe-15000-puffs-orange-soda-bestellen-sparen\/\",\"url\":\"https:\/\/vapingnet.de\/vape\/der-geschmack-des-sommers-waspe-15000-puffs-orange-soda-bestellen-sparen\/\",\"name\":\"Der Geschmack Des Sommers WASPE 15000 Puffs Orange Soda Bestellen & Sparen | Vapingnet.de\",\"isPartOf\":{\"@id\":\"https:\/\/vapingnet.de\/#website\"},\"primaryImageOfPage\":{\"@id\":\"https:\/\/vapingnet.de\/vape\/der-geschmack-des-sommers-waspe-15000-puffs-orange-soda-bestellen-sparen\/#primaryimage\"},\"image\":{\"@id\":\"https:\/\/vapingnet.de\/vape\/der-geschmack-des-sommers-waspe-15000-puffs-orange-soda-bestellen-sparen\/#primaryimage\"},\"thumbnailUrl\":\"https:\/\/vapingnet.de\/wp-content\/uploads\/2025\/05\/Orange-Soda.webp\",\"datePublished\":\"2025-05-05T02:36:03+00:00\",\"dateModified\":\"2026-04-15T08:42:10+00:00\",\"description\":\"Entdecke Der Geschmack Des Sommers WASPE 15000 Puffs Orange Soda Bestellen & Sparen bei vapingnet.de, \u25ba Gro\u00dfe Auswahl an Geschmacksrichtungen & super g\u00fcnstig!\",\"breadcrumb\":{\"@id\":\"https:\/\/vapingnet.de\/vape\/der-geschmack-des-sommers-waspe-15000-puffs-orange-soda-bestellen-sparen\/#breadcrumb\"},\"inLanguage\":\"it-IT\",\"potentialAction\":[{\"@type\":\"ReadAction\",\"target\":[\"https:\/\/vapingnet.de\/vape\/der-geschmack-des-sommers-waspe-15000-puffs-orange-soda-bestellen-sparen\/\"]}]},{\"@type\":\"ImageObject\",\"inLanguage\":\"it-IT\",\"@id\":\"https:\/\/vapingnet.de\/vape\/der-geschmack-des-sommers-waspe-15000-puffs-orange-soda-bestellen-sparen\/#primaryimage\",\"url\":\"https:\/\/vapingnet.de\/wp-content\/uploads\/2025\/05\/Orange-Soda.webp\",\"contentUrl\":\"https:\/\/vapingnet.de\/wp-content\/uploads\/2025\/05\/Orange-Soda.webp\",\"width\":1000,\"height\":1000},{\"@type\":\"BreadcrumbList\",\"@id\":\"https:\/\/vapingnet.de\/vape\/der-geschmack-des-sommers-waspe-15000-puffs-orange-soda-bestellen-sparen\/#breadcrumb\",\"itemListElement\":[{\"@type\":\"ListItem\",\"position\":1,\"name\":\"Home\",\"item\":\"https:\/\/vapingnet.de\/\"},{\"@type\":\"ListItem\",\"position\":2,\"name\":\"Shop\",\"item\":\"https:\/\/vapingnet.de\/vape\/\"},{\"@type\":\"ListItem\",\"position\":3,\"name\":\"Der Geschmack Des Sommers WASPE 15000 Puffs Orange Soda Bestellen &#038; Sparen\"}]},{\"@type\":\"WebSite\",\"@id\":\"https:\/\/vapingnet.de\/#website\",\"url\":\"https:\/\/vapingnet.de\/\",\"name\":\"Vapingnet.de\",\"description\":\"\",\"publisher\":{\"@id\":\"https:\/\/vapingnet.de\/#organization\"},\"potentialAction\":[{\"@type\":\"SearchAction\",\"target\":{\"@type\":\"EntryPoint\",\"urlTemplate\":\"https:\/\/vapingnet.de\/?s={search_term_string}\"},\"query-input\":{\"@type\":\"PropertyValueSpecification\",\"valueRequired\":true,\"valueName\":\"search_term_string\"}}],\"inLanguage\":\"it-IT\"},{\"@type\":\"Organization\",\"@id\":\"https:\/\/vapingnet.de\/#organization\",\"name\":\"Vapingnet.de\",\"url\":\"https:\/\/vapingnet.de\/\",\"logo\":{\"@type\":\"ImageObject\",\"inLanguage\":\"it-IT\",\"@id\":\"https:\/\/vapingnet.de\/#\/schema\/logo\/image\/\",\"url\":\"https:\/\/vapingnet.de\/wp-content\/uploads\/2025\/03\/cropped-vapingnet.de_.jpg\",\"contentUrl\":\"https:\/\/vapingnet.de\/wp-content\/uploads\/2025\/03\/cropped-vapingnet.de_.jpg\",\"width\":512,\"height\":512,\"caption\":\"Vapingnet.de\"},\"image\":{\"@id\":\"https:\/\/vapingnet.de\/#\/schema\/logo\/image\/\"},\"sameAs\":[\"https:\/\/www.facebook.com\/vapingnetde\/\"]}]}<\/script>\n<!-- \/ Yoast SEO plugin. -->","yoast_head_json":{"title":"Der Geschmack Des Sommers WASPE 15000 Puffs Orange Soda Bestellen & Sparen | Vapingnet.de","description":"Entdecke Der Geschmack Des Sommers WASPE 15000 Puffs Orange Soda Bestellen & Sparen bei vapingnet.de, \u25ba Gro\u00dfe Auswahl an Geschmacksrichtungen & super g\u00fcnstig!","robots":{"index":"index","follow":"follow","max-snippet":"max-snippet:-1","max-image-preview":"max-image-preview:large","max-video-preview":"max-video-preview:-1"},"canonical":"https:\/\/vapingnet.de\/it\/vape\/der-geschmack-des-sommers-waspe-15000-puffs-orange-soda-bestellen-sparen\/","og_locale":"it_IT","og_type":"article","og_title":"Der Geschmack Des Sommers WASPE 15000 Puffs Orange Soda Bestellen & Sparen | Vapingnet.de","og_description":"Entdecke Der Geschmack Des Sommers WASPE 15000 Puffs Orange Soda Bestellen & Sparen bei vapingnet.de, \u25ba Gro\u00dfe Auswahl an Geschmacksrichtungen & super g\u00fcnstig!","og_url":"https:\/\/vapingnet.de\/it\/vape\/der-geschmack-des-sommers-waspe-15000-puffs-orange-soda-bestellen-sparen\/","og_site_name":"Vapingnet.de","article_publisher":"https:\/\/www.facebook.com\/vapingnetde\/","article_modified_time":"2026-04-15T08:42:10+00:00","og_image":[{"width":1000,"height":1000,"url":"https:\/\/vapingnet.de\/wp-content\/uploads\/2025\/05\/Orange-Soda.webp","type":"image\/webp"}],"twitter_card":"summary_large_image","twitter_misc":{"Est. reading time":"4 minutes"},"schema":{"@context":"https:\/\/schema.org","@graph":[{"@type":"WebPage","@id":"https:\/\/vapingnet.de\/vape\/der-geschmack-des-sommers-waspe-15000-puffs-orange-soda-bestellen-sparen\/","url":"https:\/\/vapingnet.de\/vape\/der-geschmack-des-sommers-waspe-15000-puffs-orange-soda-bestellen-sparen\/","name":"Der Geschmack Des Sommers WASPE 15000 Puffs Orange Soda Bestellen & Sparen | Vapingnet.de","isPartOf":{"@id":"https:\/\/vapingnet.de\/#website"},"primaryImageOfPage":{"@id":"https:\/\/vapingnet.de\/vape\/der-geschmack-des-sommers-waspe-15000-puffs-orange-soda-bestellen-sparen\/#primaryimage"},"image":{"@id":"https:\/\/vapingnet.de\/vape\/der-geschmack-des-sommers-waspe-15000-puffs-orange-soda-bestellen-sparen\/#primaryimage"},"thumbnailUrl":"https:\/\/vapingnet.de\/wp-content\/uploads\/2025\/05\/Orange-Soda.webp","datePublished":"2025-05-05T02:36:03+00:00","dateModified":"2026-04-15T08:42:10+00:00","description":"Entdecke Der Geschmack Des Sommers WASPE 15000 Puffs Orange Soda Bestellen & Sparen bei vapingnet.de, \u25ba Gro\u00dfe Auswahl an Geschmacksrichtungen & super g\u00fcnstig!","breadcrumb":{"@id":"https:\/\/vapingnet.de\/vape\/der-geschmack-des-sommers-waspe-15000-puffs-orange-soda-bestellen-sparen\/#breadcrumb"},"inLanguage":"it-IT","potentialAction":[{"@type":"ReadAction","target":["https:\/\/vapingnet.de\/vape\/der-geschmack-des-sommers-waspe-15000-puffs-orange-soda-bestellen-sparen\/"]}]},{"@type":"ImageObject","inLanguage":"it-IT","@id":"https:\/\/vapingnet.de\/vape\/der-geschmack-des-sommers-waspe-15000-puffs-orange-soda-bestellen-sparen\/#primaryimage","url":"https:\/\/vapingnet.de\/wp-content\/uploads\/2025\/05\/Orange-Soda.webp","contentUrl":"https:\/\/vapingnet.de\/wp-content\/uploads\/2025\/05\/Orange-Soda.webp","width":1000,"height":1000},{"@type":"BreadcrumbList","@id":"https:\/\/vapingnet.de\/vape\/der-geschmack-des-sommers-waspe-15000-puffs-orange-soda-bestellen-sparen\/#breadcrumb","itemListElement":[{"@type":"ListItem","position":1,"name":"Home","item":"https:\/\/vapingnet.de\/"},{"@type":"ListItem","position":2,"name":"Shop","item":"https:\/\/vapingnet.de\/vape\/"},{"@type":"ListItem","position":3,"name":"Der Geschmack Des Sommers WASPE 15000 Puffs Orange Soda Bestellen &#038; Sparen"}]},{"@type":"WebSite","@id":"https:\/\/vapingnet.de\/#website","url":"https:\/\/vapingnet.de\/","name":"Vapingnet.de","description":"","publisher":{"@id":"https:\/\/vapingnet.de\/#organization"},"potentialAction":[{"@type":"SearchAction","target":{"@type":"EntryPoint","urlTemplate":"https:\/\/vapingnet.de\/?s={search_term_string}"},"query-input":{"@type":"PropertyValueSpecification","valueRequired":true,"valueName":"search_term_string"}}],"inLanguage":"it-IT"},{"@type":"Organization","@id":"https:\/\/vapingnet.de\/#organization","name":"Vapingnet.de","url":"https:\/\/vapingnet.de\/","logo":{"@type":"ImageObject","inLanguage":"it-IT","@id":"https:\/\/vapingnet.de\/#\/schema\/logo\/image\/","url":"https:\/\/vapingnet.de\/wp-content\/uploads\/2025\/03\/cropped-vapingnet.de_.jpg","contentUrl":"https:\/\/vapingnet.de\/wp-content\/uploads\/2025\/03\/cropped-vapingnet.de_.jpg","width":512,"height":512,"caption":"Vapingnet.de"},"image":{"@id":"https:\/\/vapingnet.de\/#\/schema\/logo\/image\/"},"sameAs":["https:\/\/www.facebook.com\/vapingnetde\/"]}]}},"tiered_pricing_type":"fixed","tiered_pricing_fixed_rules":[],"tiered_pricing_product_settings":{"layout":"default","base_unit_name":{"singular":null,"plural":null},"default_variation":null},"tiered_pricing_minimum_quantity":null,"tiered_pricing_roles_data":[],"tiered_pricing_percentage_rules":[],"_links":{"self":[{"href":"https:\/\/vapingnet.de\/it\/wp-json\/wp\/v2\/product\/6726","targetHints":{"allow":["GET"]}}],"collection":[{"href":"https:\/\/vapingnet.de\/it\/wp-json\/wp\/v2\/product"}],"about":[{"href":"https:\/\/vapingnet.de\/it\/wp-json\/wp\/v2\/types\/product"}],"version-history":[{"count":2,"href":"https:\/\/vapingnet.de\/it\/wp-json\/wp\/v2\/product\/6726\/revisions"}],"predecessor-version":[{"id":6887,"href":"https:\/\/vapingnet.de\/it\/wp-json\/wp\/v2\/product\/6726\/revisions\/6887"}],"wp:featuredmedia":[{"embeddable":true,"href":"https:\/\/vapingnet.de\/it\/wp-json\/wp\/v2\/media\/6737"}],"wp:attachment":[{"href":"https:\/\/vapingnet.de\/it\/wp-json\/wp\/v2\/media?parent=6726"}],"wp:term":[{"taxonomy":"brand","embeddable":true,"href":"https:\/\/vapingnet.de\/it\/wp-json\/wp\/v2\/etheme_brands?post=6726"},{"taxonomy":"product_brand","embeddable":true,"href":"https:\/\/vapingnet.de\/it\/wp-json\/wp\/v2\/product_brand?post=6726"},{"taxonomy":"product_cat","embeddable":true,"href":"https:\/\/vapingnet.de\/it\/wp-json\/wp\/v2\/product_cat?post=6726"},{"taxonomy":"product_tag","embeddable":true,"href":"https:\/\/vapingnet.de\/it\/wp-json\/wp\/v2\/product_tag?post=6726"}],"curies":[{"name":"wp","href":"https:\/\/api.w.org\/{rel}","templated":true}]}}