{"id":6728,"date":"2025-05-05T02:36:07","date_gmt":"2025-05-05T02:36:07","guid":{"rendered":"https:\/\/vapingnet.de\/?post_type=product&#038;p=6728"},"modified":"2025-06-19T03:45:05","modified_gmt":"2025-06-19T03:45:05","slug":"waspe-15000-puffs-strawberry-kiwi-hol-dir-den-bestseller-jetzt-zu-sparpreisen","status":"publish","type":"product","link":"https:\/\/vapingnet.de\/it\/vape\/waspe-15000-puffs-strawberry-kiwi-hol-dir-den-bestseller-jetzt-zu-sparpreisen\/","title":{"rendered":"WASPE 15000 Puffs Fragola Kiwi Ottieni il bestseller ora a prezzi scontati"},"content":{"rendered":"<h2 data-start=\"0\" data-end=\"62\" data-immersive-translate-walked=\"7d506604-c5bf-4417-87dd-12aa5d39430d\">WASPE 15000 Puffs: Un'esperienza rivoluzionaria per gli svapatori<\/h2>\n<p class=\"\" data-start=\"64\" data-end=\"429\" data-immersive-translate-walked=\"7d506604-c5bf-4417-87dd-12aa5d39430d\" data-immersive-translate-paragraph=\"1\">Il mondo dello svapo si \u00e8 evoluto, e la WASPE 15000 Puffs Disposable E-Cigarette stabilisce nuovi standard per tutti gli svapatori alla ricerca di un'esperienza di svapo lunga e intensa. Con una vasta gamma di caratteristiche impressionanti e tecnologie innovative, questo modello offre tutto ci\u00f2 che ci si aspetta da una e-cig di alta qualit\u00e0.<\/p>\n<h4 data-start=\"431\" data-end=\"471\" data-immersive-translate-walked=\"7d506604-c5bf-4417-87dd-12aa5d39430d\">Lunga durata e alta capacit\u00e0<\/h4>\n<p class=\"\" data-start=\"473\" data-end=\"889\" data-immersive-translate-walked=\"7d506604-c5bf-4417-87dd-12aa5d39430d\" data-immersive-translate-paragraph=\"1\">Una caratteristica eccezionale della WASPE 15000 Puffs \u00e8 l'impressionante capacit\u00e0 di puff di 15.000 tiri. Ci\u00f2 significa che questa e-cig usa e getta \u00e8 adatta anche per sessioni di svapo prolungate e non dovrai cercare continuamente una nuova e-cig. Con un serbatoio di 22 ml di liquido, puoi gustare a lungo i tuoi aromi preferiti senza dover ricaricare frequentemente.<\/p>\n<h4 data-start=\"891\" data-end=\"940\" data-immersive-translate-walked=\"7d506604-c5bf-4417-87dd-12aa5d39430d\">Opzioni di nicotina versatili per ogni svapatore<\/h4>\n<p class=\"\" data-start=\"942\" data-end=\"1248\" data-immersive-translate-walked=\"7d506604-c5bf-4417-87dd-12aa5d39430d\" data-immersive-translate-paragraph=\"1\">Per chi preferisce diverse intensit\u00e0 di nicotina, la WASPE 15000 Puffs offre una selezione di 0%, 2%, 3% e 5%. Questo ti permette di scegliere la forza secondo le tue preferenze e necessit\u00e0 \u2013 che tu voglia un'esperienza pi\u00f9 morbida o una dose di nicotina pi\u00f9 forte.<\/p>\n<h4 data-start=\"1250\" data-end=\"1292\" data-immersive-translate-walked=\"7d506604-c5bf-4417-87dd-12aa5d39430d\">Display LCD per informazioni in tempo reale<\/h4>\n<p class=\"\" data-start=\"1294\" data-end=\"1627\" data-immersive-translate-walked=\"7d506604-c5bf-4417-87dd-12aa5d39430d\" data-immersive-translate-paragraph=\"1\">Il display LCD integrato \u00e8 un'altra funzione pratica della WASPE 15000 Puffs. Mostra informazioni importanti in tempo reale, come lo stato di carica della batteria e la quantit\u00e0 di liquido residuo, cos\u00ec da sapere sempre esattamente a che punto sei. Questo garantisce un'esperienza di svapo ben pensata e facile da usare.<\/p>\n<h4 data-start=\"1629\" data-end=\"1674\" data-immersive-translate-walked=\"7d506604-c5bf-4417-87dd-12aa5d39430d\">Batteria durevole con opzione di ricarica rapida<\/h4>\n<p class=\"\" data-start=\"1676\" data-end=\"2046\" data-immersive-translate-walked=\"7d506604-c5bf-4417-87dd-12aa5d39430d\" data-immersive-translate-paragraph=\"1\">La WASPE 15000 Puffs usa e getta \u00e8 dotata di una batteria da 850mAh progettata per un uso prolungato. La batteria pu\u00f2 essere facilmente ricaricata tramite la pratica porta Type-C, cos\u00ec non dovrai mai preoccuparti di scariche improvvise. La velocit\u00e0 di ricarica della porta Type-C assicura che il dispositivo sia pronto all'uso rapidamente.<\/p>\n<h4 data-start=\"2048\" data-end=\"2098\" data-immersive-translate-walked=\"7d506604-c5bf-4417-87dd-12aa5d39430d\">Tecnologia Mesh Coil per un gusto intenso<\/h4>\n<p class=\"\" data-start=\"2100\" data-end=\"2369\" data-immersive-translate-walked=\"7d506604-c5bf-4417-87dd-12aa5d39430d\" data-immersive-translate-paragraph=\"1\">Per un'esperienza di gusto particolarmente intensa, la tecnologia Mesh Coil da 0,8\u03a9 utilizzata nella WASPE 15000 Puffs garantisce una migliore produzione di vapore e un'estrazione di sapore pi\u00f9 forte, rendendo lo svapo ancora pi\u00f9 piacevole.<\/p>\n<h4 data-start=\"2371\" data-end=\"2397\" data-immersive-translate-walked=\"7d506604-c5bf-4417-87dd-12aa5d39430d\">Leggera e comoda<\/h4>\n<p class=\"\" data-start=\"2399\" data-end=\"2651\" data-immersive-translate-walked=\"7d506604-c5bf-4417-87dd-12aa5d39430d\" data-immersive-translate-paragraph=\"1\">Con un peso di soli 90g, la WASPE 15000 Puffs \u00e8 incredibilmente leggera e maneggevole. Che tu sia in movimento o a casa per rilassarti, il design compatto ti permette di goderti l'esperienza di svapo ovunque e in qualsiasi momento.<\/p>\n<h4 data-start=\"2653\" data-end=\"2697\" data-immersive-translate-walked=\"7d506604-c5bf-4417-87dd-12aa5d39430d\">Strawberry Kiwi \u2013 Il gusto perfetto<\/h4>\n<p class=\"\" data-start=\"2699\" data-end=\"3015\" data-immersive-translate-walked=\"7d506604-c5bf-4417-87dd-12aa5d39430d\" data-immersive-translate-paragraph=\"1\">La WASPE 15000 Puffs \u00e8 disponibile in diverse varianti di gusto, ma il sapore \u201cStrawberry Kiwi\u201d si distingue particolarmente. Il dolce e fresco sapore di fragole combinato con la nota esotica del kiwi offre un'esperienza rinfrescante e allo stesso tempo dolce ad ogni tiro.<\/p>\n<h3 data-start=\"3017\" data-end=\"3051\" data-immersive-translate-walked=\"7d506604-c5bf-4417-87dd-12aa5d39430d\">Vantaggi della WASPE 15000 Puff<\/h3>\n<p class=\"\" data-start=\"3053\" data-end=\"3350\" data-immersive-translate-walked=\"7d506604-c5bf-4417-87dd-12aa5d39430d\" data-immersive-translate-paragraph=\"1\">Oltre alla grande capacit\u00e0 e alle funzioni pratiche, la WASPE 15000 Puffs offre un altro grande vantaggio: l'esenzione dalle tasse doganali. Ci\u00f2 significa che puoi acquistare questa e-cig senza costi doganali aggiuntivi, rendendo lo svapo ancora pi\u00f9 accessibile.<\/p>\n<p class=\"\" data-start=\"3352\" data-end=\"3766\" data-immersive-translate-walked=\"7d506604-c5bf-4417-87dd-12aa5d39430d\" data-immersive-translate-paragraph=\"1\">La WASPE 15000 Puffs non \u00e8 solo un altro prodotto usa e getta, ma una vera innovazione nel mondo delle e-cig. Unisce comfort, tecnologia e piacere in un dispositivo che permette sia ai principianti che agli svapatori esperti di vivere l'esperienza di svapo perfetta. Visita vapingnet.de per scoprire di pi\u00f9 su questo prodotto impressionante e riceverlo comodamente a casa.<\/p>","protected":false},"excerpt":{"rendered":"<p>WASPE 15000 Puffs: Ein revolution\u00e4res Erlebnis f\u00fcr Dampfer Die Welt des Dampfens hat sich weiterentwickelt, und die WASPE 15000 Puffs Einweg-E-Zigarette setzt neue Ma\u00dfst\u00e4be f\u00fcr&#8230;<\/p>","protected":false},"featured_media":6739,"template":"","meta":[],"etheme_brands":[],"product_brand":[98],"product_cat":[53,49,61],"product_tag":[],"class_list":{"0":"post-6728","1":"product","2":"type-product","3":"status-publish","4":"has-post-thumbnail","6":"product_brand-waspe-vape","7":"product_cat-vape-15000-zuege","8":"product_cat-einweg-e-zigarette","9":"product_cat-f","11":"first","12":"instock","13":"shipping-taxable","14":"purchasable","15":"product-type-simple"},"yoast_head":"<!-- This site is optimized with the Yoast SEO plugin v26.5 - https:\/\/yoast.com\/wordpress\/plugins\/seo\/ -->\n<title>WASPE 15000 Puffs Strawberry Kiwi Hol Dir Den Bestseller Jetzt Zu Sparpreisen | Vapingnet.de<\/title>\n<meta name=\"description\" content=\"Entdecke WASPE 15000 Puffs Strawberry Kiwi Hol Dir Den Bestseller Jetzt Zu Sparpreisen bei vapingnet.de, \u25ba Gro\u00dfe Auswahl an Geschmacksrichtungen &amp; super g\u00fcnstig!\" \/>\n<meta name=\"robots\" content=\"index, follow, max-snippet:-1, max-image-preview:large, max-video-preview:-1\" \/>\n<link rel=\"canonical\" href=\"https:\/\/vapingnet.de\/it\/vape\/waspe-15000-puffs-strawberry-kiwi-hol-dir-den-bestseller-jetzt-zu-sparpreisen\/\" \/>\n<meta property=\"og:locale\" content=\"it_IT\" \/>\n<meta property=\"og:type\" content=\"article\" \/>\n<meta property=\"og:title\" content=\"WASPE 15000 Puffs Strawberry Kiwi Hol Dir Den Bestseller Jetzt Zu Sparpreisen | Vapingnet.de\" \/>\n<meta property=\"og:description\" content=\"Entdecke WASPE 15000 Puffs Strawberry Kiwi Hol Dir Den Bestseller Jetzt Zu Sparpreisen bei vapingnet.de, \u25ba Gro\u00dfe Auswahl an Geschmacksrichtungen &amp; super g\u00fcnstig!\" \/>\n<meta property=\"og:url\" content=\"https:\/\/vapingnet.de\/it\/vape\/waspe-15000-puffs-strawberry-kiwi-hol-dir-den-bestseller-jetzt-zu-sparpreisen\/\" \/>\n<meta property=\"og:site_name\" content=\"Vapingnet.de\" \/>\n<meta property=\"article:publisher\" content=\"https:\/\/www.facebook.com\/vapingnetde\/\" \/>\n<meta property=\"article:modified_time\" content=\"2025-06-19T03:45:05+00:00\" \/>\n<meta property=\"og:image\" content=\"https:\/\/vapingnet.de\/wp-content\/uploads\/2025\/05\/Strawberry-Kiwi.webp\" \/>\n\t<meta property=\"og:image:width\" content=\"1000\" \/>\n\t<meta property=\"og:image:height\" content=\"1000\" \/>\n\t<meta property=\"og:image:type\" content=\"image\/webp\" \/>\n<meta name=\"twitter:card\" content=\"summary_large_image\" \/>\n<meta name=\"twitter:label1\" content=\"Est. reading time\" \/>\n\t<meta name=\"twitter:data1\" content=\"3 minutes\" \/>\n<script type=\"application\/ld+json\" class=\"yoast-schema-graph\">{\"@context\":\"https:\/\/schema.org\",\"@graph\":[{\"@type\":\"WebPage\",\"@id\":\"https:\/\/vapingnet.de\/vape\/waspe-15000-puffs-strawberry-kiwi-hol-dir-den-bestseller-jetzt-zu-sparpreisen\/\",\"url\":\"https:\/\/vapingnet.de\/vape\/waspe-15000-puffs-strawberry-kiwi-hol-dir-den-bestseller-jetzt-zu-sparpreisen\/\",\"name\":\"WASPE 15000 Puffs Strawberry Kiwi Hol Dir Den Bestseller Jetzt Zu Sparpreisen | Vapingnet.de\",\"isPartOf\":{\"@id\":\"https:\/\/vapingnet.de\/#website\"},\"primaryImageOfPage\":{\"@id\":\"https:\/\/vapingnet.de\/vape\/waspe-15000-puffs-strawberry-kiwi-hol-dir-den-bestseller-jetzt-zu-sparpreisen\/#primaryimage\"},\"image\":{\"@id\":\"https:\/\/vapingnet.de\/vape\/waspe-15000-puffs-strawberry-kiwi-hol-dir-den-bestseller-jetzt-zu-sparpreisen\/#primaryimage\"},\"thumbnailUrl\":\"https:\/\/vapingnet.de\/wp-content\/uploads\/2025\/05\/Strawberry-Kiwi.webp\",\"datePublished\":\"2025-05-05T02:36:07+00:00\",\"dateModified\":\"2025-06-19T03:45:05+00:00\",\"description\":\"Entdecke WASPE 15000 Puffs Strawberry Kiwi Hol Dir Den Bestseller Jetzt Zu Sparpreisen bei vapingnet.de, \u25ba Gro\u00dfe Auswahl an Geschmacksrichtungen & super g\u00fcnstig!\",\"breadcrumb\":{\"@id\":\"https:\/\/vapingnet.de\/vape\/waspe-15000-puffs-strawberry-kiwi-hol-dir-den-bestseller-jetzt-zu-sparpreisen\/#breadcrumb\"},\"inLanguage\":\"it-IT\",\"potentialAction\":[{\"@type\":\"ReadAction\",\"target\":[\"https:\/\/vapingnet.de\/vape\/waspe-15000-puffs-strawberry-kiwi-hol-dir-den-bestseller-jetzt-zu-sparpreisen\/\"]}]},{\"@type\":\"ImageObject\",\"inLanguage\":\"it-IT\",\"@id\":\"https:\/\/vapingnet.de\/vape\/waspe-15000-puffs-strawberry-kiwi-hol-dir-den-bestseller-jetzt-zu-sparpreisen\/#primaryimage\",\"url\":\"https:\/\/vapingnet.de\/wp-content\/uploads\/2025\/05\/Strawberry-Kiwi.webp\",\"contentUrl\":\"https:\/\/vapingnet.de\/wp-content\/uploads\/2025\/05\/Strawberry-Kiwi.webp\",\"width\":1000,\"height\":1000},{\"@type\":\"BreadcrumbList\",\"@id\":\"https:\/\/vapingnet.de\/vape\/waspe-15000-puffs-strawberry-kiwi-hol-dir-den-bestseller-jetzt-zu-sparpreisen\/#breadcrumb\",\"itemListElement\":[{\"@type\":\"ListItem\",\"position\":1,\"name\":\"Home\",\"item\":\"https:\/\/vapingnet.de\/\"},{\"@type\":\"ListItem\",\"position\":2,\"name\":\"Shop\",\"item\":\"https:\/\/vapingnet.de\/vape\/\"},{\"@type\":\"ListItem\",\"position\":3,\"name\":\"WASPE 15000 Puffs Strawberry Kiwi Hol Dir Den Bestseller Jetzt Zu Sparpreisen\"}]},{\"@type\":\"WebSite\",\"@id\":\"https:\/\/vapingnet.de\/#website\",\"url\":\"https:\/\/vapingnet.de\/\",\"name\":\"Vapingnet.de\",\"description\":\"\",\"publisher\":{\"@id\":\"https:\/\/vapingnet.de\/#organization\"},\"potentialAction\":[{\"@type\":\"SearchAction\",\"target\":{\"@type\":\"EntryPoint\",\"urlTemplate\":\"https:\/\/vapingnet.de\/?s={search_term_string}\"},\"query-input\":{\"@type\":\"PropertyValueSpecification\",\"valueRequired\":true,\"valueName\":\"search_term_string\"}}],\"inLanguage\":\"it-IT\"},{\"@type\":\"Organization\",\"@id\":\"https:\/\/vapingnet.de\/#organization\",\"name\":\"Vapingnet.de\",\"url\":\"https:\/\/vapingnet.de\/\",\"logo\":{\"@type\":\"ImageObject\",\"inLanguage\":\"it-IT\",\"@id\":\"https:\/\/vapingnet.de\/#\/schema\/logo\/image\/\",\"url\":\"https:\/\/vapingnet.de\/wp-content\/uploads\/2025\/03\/cropped-vapingnet.de_.jpg\",\"contentUrl\":\"https:\/\/vapingnet.de\/wp-content\/uploads\/2025\/03\/cropped-vapingnet.de_.jpg\",\"width\":512,\"height\":512,\"caption\":\"Vapingnet.de\"},\"image\":{\"@id\":\"https:\/\/vapingnet.de\/#\/schema\/logo\/image\/\"},\"sameAs\":[\"https:\/\/www.facebook.com\/vapingnetde\/\"]}]}<\/script>\n<!-- \/ Yoast SEO plugin. -->","yoast_head_json":{"title":"WASPE 15000 Puffs Strawberry Kiwi Hol Dir Den Bestseller Jetzt Zu Sparpreisen | Vapingnet.de","description":"Entdecke WASPE 15000 Puffs Strawberry Kiwi Hol Dir Den Bestseller Jetzt Zu Sparpreisen bei vapingnet.de, \u25ba Gro\u00dfe Auswahl an Geschmacksrichtungen & super g\u00fcnstig!","robots":{"index":"index","follow":"follow","max-snippet":"max-snippet:-1","max-image-preview":"max-image-preview:large","max-video-preview":"max-video-preview:-1"},"canonical":"https:\/\/vapingnet.de\/it\/vape\/waspe-15000-puffs-strawberry-kiwi-hol-dir-den-bestseller-jetzt-zu-sparpreisen\/","og_locale":"it_IT","og_type":"article","og_title":"WASPE 15000 Puffs Strawberry Kiwi Hol Dir Den Bestseller Jetzt Zu Sparpreisen | Vapingnet.de","og_description":"Entdecke WASPE 15000 Puffs Strawberry Kiwi Hol Dir Den Bestseller Jetzt Zu Sparpreisen bei vapingnet.de, \u25ba Gro\u00dfe Auswahl an Geschmacksrichtungen & super g\u00fcnstig!","og_url":"https:\/\/vapingnet.de\/it\/vape\/waspe-15000-puffs-strawberry-kiwi-hol-dir-den-bestseller-jetzt-zu-sparpreisen\/","og_site_name":"Vapingnet.de","article_publisher":"https:\/\/www.facebook.com\/vapingnetde\/","article_modified_time":"2025-06-19T03:45:05+00:00","og_image":[{"width":1000,"height":1000,"url":"https:\/\/vapingnet.de\/wp-content\/uploads\/2025\/05\/Strawberry-Kiwi.webp","type":"image\/webp"}],"twitter_card":"summary_large_image","twitter_misc":{"Est. reading time":"3 minutes"},"schema":{"@context":"https:\/\/schema.org","@graph":[{"@type":"WebPage","@id":"https:\/\/vapingnet.de\/vape\/waspe-15000-puffs-strawberry-kiwi-hol-dir-den-bestseller-jetzt-zu-sparpreisen\/","url":"https:\/\/vapingnet.de\/vape\/waspe-15000-puffs-strawberry-kiwi-hol-dir-den-bestseller-jetzt-zu-sparpreisen\/","name":"WASPE 15000 Puffs Strawberry Kiwi Hol Dir Den Bestseller Jetzt Zu Sparpreisen | Vapingnet.de","isPartOf":{"@id":"https:\/\/vapingnet.de\/#website"},"primaryImageOfPage":{"@id":"https:\/\/vapingnet.de\/vape\/waspe-15000-puffs-strawberry-kiwi-hol-dir-den-bestseller-jetzt-zu-sparpreisen\/#primaryimage"},"image":{"@id":"https:\/\/vapingnet.de\/vape\/waspe-15000-puffs-strawberry-kiwi-hol-dir-den-bestseller-jetzt-zu-sparpreisen\/#primaryimage"},"thumbnailUrl":"https:\/\/vapingnet.de\/wp-content\/uploads\/2025\/05\/Strawberry-Kiwi.webp","datePublished":"2025-05-05T02:36:07+00:00","dateModified":"2025-06-19T03:45:05+00:00","description":"Entdecke WASPE 15000 Puffs Strawberry Kiwi Hol Dir Den Bestseller Jetzt Zu Sparpreisen bei vapingnet.de, \u25ba Gro\u00dfe Auswahl an Geschmacksrichtungen & super g\u00fcnstig!","breadcrumb":{"@id":"https:\/\/vapingnet.de\/vape\/waspe-15000-puffs-strawberry-kiwi-hol-dir-den-bestseller-jetzt-zu-sparpreisen\/#breadcrumb"},"inLanguage":"it-IT","potentialAction":[{"@type":"ReadAction","target":["https:\/\/vapingnet.de\/vape\/waspe-15000-puffs-strawberry-kiwi-hol-dir-den-bestseller-jetzt-zu-sparpreisen\/"]}]},{"@type":"ImageObject","inLanguage":"it-IT","@id":"https:\/\/vapingnet.de\/vape\/waspe-15000-puffs-strawberry-kiwi-hol-dir-den-bestseller-jetzt-zu-sparpreisen\/#primaryimage","url":"https:\/\/vapingnet.de\/wp-content\/uploads\/2025\/05\/Strawberry-Kiwi.webp","contentUrl":"https:\/\/vapingnet.de\/wp-content\/uploads\/2025\/05\/Strawberry-Kiwi.webp","width":1000,"height":1000},{"@type":"BreadcrumbList","@id":"https:\/\/vapingnet.de\/vape\/waspe-15000-puffs-strawberry-kiwi-hol-dir-den-bestseller-jetzt-zu-sparpreisen\/#breadcrumb","itemListElement":[{"@type":"ListItem","position":1,"name":"Home","item":"https:\/\/vapingnet.de\/"},{"@type":"ListItem","position":2,"name":"Shop","item":"https:\/\/vapingnet.de\/vape\/"},{"@type":"ListItem","position":3,"name":"WASPE 15000 Puffs Strawberry Kiwi Hol Dir Den Bestseller Jetzt Zu Sparpreisen"}]},{"@type":"WebSite","@id":"https:\/\/vapingnet.de\/#website","url":"https:\/\/vapingnet.de\/","name":"Vapingnet.de","description":"","publisher":{"@id":"https:\/\/vapingnet.de\/#organization"},"potentialAction":[{"@type":"SearchAction","target":{"@type":"EntryPoint","urlTemplate":"https:\/\/vapingnet.de\/?s={search_term_string}"},"query-input":{"@type":"PropertyValueSpecification","valueRequired":true,"valueName":"search_term_string"}}],"inLanguage":"it-IT"},{"@type":"Organization","@id":"https:\/\/vapingnet.de\/#organization","name":"Vapingnet.de","url":"https:\/\/vapingnet.de\/","logo":{"@type":"ImageObject","inLanguage":"it-IT","@id":"https:\/\/vapingnet.de\/#\/schema\/logo\/image\/","url":"https:\/\/vapingnet.de\/wp-content\/uploads\/2025\/03\/cropped-vapingnet.de_.jpg","contentUrl":"https:\/\/vapingnet.de\/wp-content\/uploads\/2025\/03\/cropped-vapingnet.de_.jpg","width":512,"height":512,"caption":"Vapingnet.de"},"image":{"@id":"https:\/\/vapingnet.de\/#\/schema\/logo\/image\/"},"sameAs":["https:\/\/www.facebook.com\/vapingnetde\/"]}]}},"tiered_pricing_type":"fixed","tiered_pricing_fixed_rules":{"10":"8.35","60":"7.52","110":"6.68","200":"5.85"},"tiered_pricing_product_settings":{"layout":"default","base_unit_name":{"singular":null,"plural":null},"default_variation":null},"tiered_pricing_minimum_quantity":null,"tiered_pricing_roles_data":[],"tiered_pricing_percentage_rules":[],"_links":{"self":[{"href":"https:\/\/vapingnet.de\/it\/wp-json\/wp\/v2\/product\/6728","targetHints":{"allow":["GET"]}}],"collection":[{"href":"https:\/\/vapingnet.de\/it\/wp-json\/wp\/v2\/product"}],"about":[{"href":"https:\/\/vapingnet.de\/it\/wp-json\/wp\/v2\/types\/product"}],"version-history":[{"count":2,"href":"https:\/\/vapingnet.de\/it\/wp-json\/wp\/v2\/product\/6728\/revisions"}],"predecessor-version":[{"id":6750,"href":"https:\/\/vapingnet.de\/it\/wp-json\/wp\/v2\/product\/6728\/revisions\/6750"}],"wp:featuredmedia":[{"embeddable":true,"href":"https:\/\/vapingnet.de\/it\/wp-json\/wp\/v2\/media\/6739"}],"wp:attachment":[{"href":"https:\/\/vapingnet.de\/it\/wp-json\/wp\/v2\/media?parent=6728"}],"wp:term":[{"taxonomy":"brand","embeddable":true,"href":"https:\/\/vapingnet.de\/it\/wp-json\/wp\/v2\/etheme_brands?post=6728"},{"taxonomy":"product_brand","embeddable":true,"href":"https:\/\/vapingnet.de\/it\/wp-json\/wp\/v2\/product_brand?post=6728"},{"taxonomy":"product_cat","embeddable":true,"href":"https:\/\/vapingnet.de\/it\/wp-json\/wp\/v2\/product_cat?post=6728"},{"taxonomy":"product_tag","embeddable":true,"href":"https:\/\/vapingnet.de\/it\/wp-json\/wp\/v2\/product_tag?post=6728"}],"curies":[{"name":"wp","href":"https:\/\/api.w.org\/{rel}","templated":true}]}}