{"id":6730,"date":"2025-05-05T02:36:10","date_gmt":"2025-05-05T02:36:10","guid":{"rendered":"https:\/\/vapingnet.de\/?post_type=product&#038;p=6730"},"modified":"2026-04-15T07:44:23","modified_gmt":"2026-04-15T07:44:23","slug":"waspe-15000-puffs-aloe-grape-der-geschmack-der-dich-ueberzeugt-jetzt-ohne-zoelle","status":"publish","type":"product","link":"https:\/\/vapingnet.de\/it\/vape\/waspe-15000-puffs-aloe-grape-der-geschmack-der-dich-ueberzeugt-jetzt-ohne-zoelle\/","title":{"rendered":"WASPE 15000 Puff Aloe Grape Il gusto che ti convince Ora senza dazi"},"content":{"rendered":"<h2 data-start=\"0\" data-end=\"48\">WASPE 15000 Puff Innovazione in ogni nuvola<\/h2>\n<p class=\"\" data-start=\"50\" data-end=\"328\">La WASPE 15000 Puff offre una nuova dimensione dell'esperienza di svapo. Con una combinazione impressionante di prestazioni durature, tecnologia avanzata e un gusto fresco, \u00e8 la scelta ideale per gli svapatori che vogliono pi\u00f9 di una semplice esperienza.<\/p>\n<h3>Perch\u00e9 la WASPE 15000 Puff \u00e8 diversa<\/h3>\n<p class=\"\" data-start=\"378\" data-end=\"655\">La WASPE 15000 Puff non \u00e8 semplicemente una sigaretta elettronica usa e getta comune. \u00c8 stata progettata per gli svapatori che desiderano gusti lunghi e costanti. Con la sua capacit\u00e0 eccezionale e le funzioni tecnologiche, si distingue nettamente dagli altri dispositivi.<\/p>\n<h4 class=\"\" data-start=\"657\" data-end=\"680\">Caratteristiche principali:<\/h4>\n<ul data-start=\"682\" data-end=\"1504\">\n<li class=\"\" data-start=\"682\" data-end=\"873\">\n<p class=\"\" data-start=\"684\" data-end=\"873\">15.000 puff di capacit\u00e0: questa enorme quantit\u00e0 di puff garantisce che tu possa goderti la WASPE 15000 Puff pi\u00f9 a lungo rispetto alla maggior parte delle altre sigarette elettroniche usa e getta sul mercato.<\/p>\n<\/li>\n<li class=\"\" data-start=\"874\" data-end=\"995\">\n<p class=\"\" data-start=\"876\" data-end=\"995\">Capacit\u00e0 di liquido di 22 ml: il serbatoio generoso assicura che tu possa svapare pi\u00f9 a lungo senza dover ricaricare.<\/p>\n<\/li>\n<li class=\"\" data-start=\"996\" data-end=\"1152\">\n<p class=\"\" data-start=\"998\" data-end=\"1152\">Display LCD: il display LCD \u00e8 una funzione pratica che mostra informazioni importanti come il livello di liquido e lo stato della batteria in tempo reale.<\/p>\n<\/li>\n<li class=\"\" data-start=\"1153\" data-end=\"1324\">\n<p class=\"\" data-start=\"1155\" data-end=\"1324\">Batteria da 850mAh: la potente batteria ricaricabile assicura un uso prolungato, mentre la porta Type-C permette una ricarica rapida e semplice.<\/p>\n<\/li>\n<li class=\"\" data-start=\"1325\" data-end=\"1504\">\n<p class=\"\" data-start=\"1327\" data-end=\"1504\">Tecnologia Mesh-Coil: la coil Mesh da 0,8\u03a9 garantisce vapore intenso e un gusto eccezionale \u2013 ideale per chi vuole ottenere il massimo da ogni tiro.<\/p>\n<\/li>\n<\/ul>\n<h4 data-start=\"1506\" data-end=\"1544\"><img fetchpriority=\"high\" decoding=\"async\" class=\"wp-image-6885 aligncenter\" src=\"https:\/\/vapingnet.de\/wp-content\/uploads\/2025\/05\/2-300x187.jpg\" alt=\"\" width=\"1887\" height=\"1176\" srcset=\"https:\/\/vapingnet.de\/wp-content\/uploads\/2025\/05\/2-300x187.jpg 300w, https:\/\/vapingnet.de\/wp-content\/uploads\/2025\/05\/2-768x480.jpg 768w, https:\/\/vapingnet.de\/wp-content\/uploads\/2025\/05\/2-600x375.jpg 600w, https:\/\/vapingnet.de\/wp-content\/uploads\/2025\/05\/2-1x1.jpg 1w, https:\/\/vapingnet.de\/wp-content\/uploads\/2025\/05\/2-10x6.jpg 10w\" sizes=\"(max-width: 1887px) 100vw, 1887px\" \/><\/h4>\n<h4 data-start=\"1506\" data-end=\"1544\">Esperienza di gusto: Aloe Grape<\/h4>\n<p class=\"\" data-start=\"1546\" data-end=\"1816\">La combinazione di aloe vera fresca e uva dolce crea un sapore fruttato e rinfrescante, che \u00e8 un piacere per tutto il giorno. L'aroma unico \u00e8 delicato e rivitalizzante, offrendo un'esplosione di gusto piacevole ad ogni tiro.<\/p>\n<h4 data-start=\"1818\" data-end=\"1858\">Durevole e facile da usare<\/h4>\n<p class=\"\" data-start=\"1860\" data-end=\"2150\">Grazie alla grande capacit\u00e0 di liquido e alla lunga durata dei puff, la WASPE 15000 Puff \u00e8 perfetta per chi non vuole ricaricare continuamente. La batteria dura a lungo, quindi non devi preoccuparti dei tempi di ricarica. Basta godersi il momento fino all'ultimo tiro.<\/p>\n<h3>Vantaggi della WASPE 15000 Puff<\/h3>\n<ul data-start=\"2192\" data-end=\"2602\">\n<li class=\"\" data-start=\"2192\" data-end=\"2320\">\n<p class=\"\" data-start=\"2194\" data-end=\"2320\">Consegna senza dazi: ordina comodamente su vapingnet.de e approfitta di consegna rapida e senza dazi.<\/p>\n<\/li>\n<li class=\"\" data-start=\"2321\" data-end=\"2481\">\n<p class=\"\" data-start=\"2323\" data-end=\"2481\">Utilizzo ottimale: con una batteria da 850mAh e la porta Type-C, puoi essere sicuro che la tua sigaretta elettronica durer\u00e0 a lungo anche con un uso intenso.<\/p>\n<\/li>\n<li class=\"\" data-start=\"2482\" data-end=\"2599\">\n<p class=\"\" data-start=\"2484\" data-end=\"2599\">Gusto di alta qualit\u00e0: grazie alla tecnologia Mesh-Coil, ogni tiro \u00e8 pi\u00f9 intenso e pi\u00f9 ricco di sapore.<\/p>\n<\/li>\n<\/ul>\n<h4 data-start=\"2603\" data-end=\"2633\">Ideale per svapatori frequenti<\/h4>\n<p class=\"\" data-start=\"2635\" data-end=\"2960\">La WASPE 15000 Puff si rivolge agli svapatori che danno valore a una lunga durata della loro sigaretta elettronica. Grazie alla lunga capacit\u00e0 di puff e al design facile da usare, questo modello \u00e8 perfetto per chi svapa quotidianamente. \u00c8 pratico, durevole e offre un'esperienza di svapo costante e di alta qualit\u00e0.<\/p>\n<p class=\"\" data-start=\"2962\" data-end=\"3094\">Ordina oggi la tua WASPE 15000 Puff su vapingnet.de e vivi un'esperienza di svapo che supera ogni aspettativa.<\/p>","protected":false},"excerpt":{"rendered":"<p>WASPE 15000 Puffs Innovazione in ogni nuvola Le WASPE 15000 Puffs offrono una nuova dimensione dell'esperienza di svapo. Con una combinazione impressionante di durata, tecnologia avanzata,...<\/p>","protected":false},"featured_media":6731,"template":"","meta":[],"etheme_brands":[],"product_brand":[98],"product_cat":[53,49,61],"product_tag":[],"class_list":{"0":"post-6730","1":"product","2":"type-product","3":"status-publish","4":"has-post-thumbnail","6":"product_brand-waspe-vape","7":"product_cat-vape-15000-zuege","8":"product_cat-einweg-e-zigarette","9":"product_cat-f","11":"first","12":"instock","13":"shipping-taxable","14":"purchasable","15":"product-type-variable"},"yoast_head":"<!-- This site is optimized with the Yoast SEO plugin v26.5 - https:\/\/yoast.com\/wordpress\/plugins\/seo\/ -->\n<title>WASPE 15000 Puffs Aloe Grape Der Geschmack Der Dich \u00dcberzeugt Jetzt Ohne Z\u00f6lle | Vapingnet.de<\/title>\n<meta name=\"description\" content=\"Entdecke WASPE 15000 Puffs Aloe Grape Der Geschmack Der Dich \u00dcberzeugt Jetzt Ohne Z\u00f6lle bei vapingnet.de, \u25ba Gro\u00dfe Auswahl an Geschmacksrichtungen &amp; super g\u00fcnstig!\" \/>\n<meta name=\"robots\" content=\"index, follow, max-snippet:-1, max-image-preview:large, max-video-preview:-1\" \/>\n<link rel=\"canonical\" href=\"https:\/\/vapingnet.de\/it\/vape\/waspe-15000-puffs-aloe-grape-der-geschmack-der-dich-ueberzeugt-jetzt-ohne-zoelle\/\" \/>\n<meta property=\"og:locale\" content=\"it_IT\" \/>\n<meta property=\"og:type\" content=\"article\" \/>\n<meta property=\"og:title\" content=\"WASPE 15000 Puffs Aloe Grape Der Geschmack Der Dich \u00dcberzeugt Jetzt Ohne Z\u00f6lle | Vapingnet.de\" \/>\n<meta property=\"og:description\" content=\"Entdecke WASPE 15000 Puffs Aloe Grape Der Geschmack Der Dich \u00dcberzeugt Jetzt Ohne Z\u00f6lle bei vapingnet.de, \u25ba Gro\u00dfe Auswahl an Geschmacksrichtungen &amp; super g\u00fcnstig!\" \/>\n<meta property=\"og:url\" content=\"https:\/\/vapingnet.de\/it\/vape\/waspe-15000-puffs-aloe-grape-der-geschmack-der-dich-ueberzeugt-jetzt-ohne-zoelle\/\" \/>\n<meta property=\"og:site_name\" content=\"Vapingnet.de\" \/>\n<meta property=\"article:publisher\" content=\"https:\/\/www.facebook.com\/vapingnetde\/\" \/>\n<meta property=\"article:modified_time\" content=\"2026-04-15T07:44:23+00:00\" \/>\n<meta property=\"og:image\" content=\"https:\/\/vapingnet.de\/wp-content\/uploads\/2025\/05\/Aloe-Grape.webp\" \/>\n\t<meta property=\"og:image:width\" content=\"1000\" \/>\n\t<meta property=\"og:image:height\" content=\"1000\" \/>\n\t<meta property=\"og:image:type\" content=\"image\/webp\" \/>\n<meta name=\"twitter:card\" content=\"summary_large_image\" \/>\n<meta name=\"twitter:label1\" content=\"Est. reading time\" \/>\n\t<meta name=\"twitter:data1\" content=\"3 minutes\" \/>\n<script type=\"application\/ld+json\" class=\"yoast-schema-graph\">{\"@context\":\"https:\/\/schema.org\",\"@graph\":[{\"@type\":\"WebPage\",\"@id\":\"https:\/\/vapingnet.de\/vape\/waspe-15000-puffs-aloe-grape-der-geschmack-der-dich-ueberzeugt-jetzt-ohne-zoelle\/\",\"url\":\"https:\/\/vapingnet.de\/vape\/waspe-15000-puffs-aloe-grape-der-geschmack-der-dich-ueberzeugt-jetzt-ohne-zoelle\/\",\"name\":\"WASPE 15000 Puffs Aloe Grape Der Geschmack Der Dich \u00dcberzeugt Jetzt Ohne Z\u00f6lle | Vapingnet.de\",\"isPartOf\":{\"@id\":\"https:\/\/vapingnet.de\/#website\"},\"primaryImageOfPage\":{\"@id\":\"https:\/\/vapingnet.de\/vape\/waspe-15000-puffs-aloe-grape-der-geschmack-der-dich-ueberzeugt-jetzt-ohne-zoelle\/#primaryimage\"},\"image\":{\"@id\":\"https:\/\/vapingnet.de\/vape\/waspe-15000-puffs-aloe-grape-der-geschmack-der-dich-ueberzeugt-jetzt-ohne-zoelle\/#primaryimage\"},\"thumbnailUrl\":\"https:\/\/vapingnet.de\/wp-content\/uploads\/2025\/05\/Aloe-Grape.webp\",\"datePublished\":\"2025-05-05T02:36:10+00:00\",\"dateModified\":\"2026-04-15T07:44:23+00:00\",\"description\":\"Entdecke WASPE 15000 Puffs Aloe Grape Der Geschmack Der Dich \u00dcberzeugt Jetzt Ohne Z\u00f6lle bei vapingnet.de, \u25ba Gro\u00dfe Auswahl an Geschmacksrichtungen & super g\u00fcnstig!\",\"breadcrumb\":{\"@id\":\"https:\/\/vapingnet.de\/vape\/waspe-15000-puffs-aloe-grape-der-geschmack-der-dich-ueberzeugt-jetzt-ohne-zoelle\/#breadcrumb\"},\"inLanguage\":\"it-IT\",\"potentialAction\":[{\"@type\":\"ReadAction\",\"target\":[\"https:\/\/vapingnet.de\/vape\/waspe-15000-puffs-aloe-grape-der-geschmack-der-dich-ueberzeugt-jetzt-ohne-zoelle\/\"]}]},{\"@type\":\"ImageObject\",\"inLanguage\":\"it-IT\",\"@id\":\"https:\/\/vapingnet.de\/vape\/waspe-15000-puffs-aloe-grape-der-geschmack-der-dich-ueberzeugt-jetzt-ohne-zoelle\/#primaryimage\",\"url\":\"https:\/\/vapingnet.de\/wp-content\/uploads\/2025\/05\/Aloe-Grape.webp\",\"contentUrl\":\"https:\/\/vapingnet.de\/wp-content\/uploads\/2025\/05\/Aloe-Grape.webp\",\"width\":1000,\"height\":1000},{\"@type\":\"BreadcrumbList\",\"@id\":\"https:\/\/vapingnet.de\/vape\/waspe-15000-puffs-aloe-grape-der-geschmack-der-dich-ueberzeugt-jetzt-ohne-zoelle\/#breadcrumb\",\"itemListElement\":[{\"@type\":\"ListItem\",\"position\":1,\"name\":\"Home\",\"item\":\"https:\/\/vapingnet.de\/\"},{\"@type\":\"ListItem\",\"position\":2,\"name\":\"Shop\",\"item\":\"https:\/\/vapingnet.de\/vape\/\"},{\"@type\":\"ListItem\",\"position\":3,\"name\":\"WASPE 15000 Puffs Aloe Grape Der Geschmack Der Dich \u00dcberzeugt Jetzt Ohne Z\u00f6lle\"}]},{\"@type\":\"WebSite\",\"@id\":\"https:\/\/vapingnet.de\/#website\",\"url\":\"https:\/\/vapingnet.de\/\",\"name\":\"Vapingnet.de\",\"description\":\"\",\"publisher\":{\"@id\":\"https:\/\/vapingnet.de\/#organization\"},\"potentialAction\":[{\"@type\":\"SearchAction\",\"target\":{\"@type\":\"EntryPoint\",\"urlTemplate\":\"https:\/\/vapingnet.de\/?s={search_term_string}\"},\"query-input\":{\"@type\":\"PropertyValueSpecification\",\"valueRequired\":true,\"valueName\":\"search_term_string\"}}],\"inLanguage\":\"it-IT\"},{\"@type\":\"Organization\",\"@id\":\"https:\/\/vapingnet.de\/#organization\",\"name\":\"Vapingnet.de\",\"url\":\"https:\/\/vapingnet.de\/\",\"logo\":{\"@type\":\"ImageObject\",\"inLanguage\":\"it-IT\",\"@id\":\"https:\/\/vapingnet.de\/#\/schema\/logo\/image\/\",\"url\":\"https:\/\/vapingnet.de\/wp-content\/uploads\/2025\/03\/cropped-vapingnet.de_.jpg\",\"contentUrl\":\"https:\/\/vapingnet.de\/wp-content\/uploads\/2025\/03\/cropped-vapingnet.de_.jpg\",\"width\":512,\"height\":512,\"caption\":\"Vapingnet.de\"},\"image\":{\"@id\":\"https:\/\/vapingnet.de\/#\/schema\/logo\/image\/\"},\"sameAs\":[\"https:\/\/www.facebook.com\/vapingnetde\/\"]}]}<\/script>\n<!-- \/ Yoast SEO plugin. -->","yoast_head_json":{"title":"WASPE 15000 Puffs Aloe Grape Der Geschmack Der Dich \u00dcberzeugt Jetzt Ohne Z\u00f6lle | Vapingnet.de","description":"Entdecke WASPE 15000 Puffs Aloe Grape Der Geschmack Der Dich \u00dcberzeugt Jetzt Ohne Z\u00f6lle bei vapingnet.de, \u25ba Gro\u00dfe Auswahl an Geschmacksrichtungen & super g\u00fcnstig!","robots":{"index":"index","follow":"follow","max-snippet":"max-snippet:-1","max-image-preview":"max-image-preview:large","max-video-preview":"max-video-preview:-1"},"canonical":"https:\/\/vapingnet.de\/it\/vape\/waspe-15000-puffs-aloe-grape-der-geschmack-der-dich-ueberzeugt-jetzt-ohne-zoelle\/","og_locale":"it_IT","og_type":"article","og_title":"WASPE 15000 Puffs Aloe Grape Der Geschmack Der Dich \u00dcberzeugt Jetzt Ohne Z\u00f6lle | Vapingnet.de","og_description":"Entdecke WASPE 15000 Puffs Aloe Grape Der Geschmack Der Dich \u00dcberzeugt Jetzt Ohne Z\u00f6lle bei vapingnet.de, \u25ba Gro\u00dfe Auswahl an Geschmacksrichtungen & super g\u00fcnstig!","og_url":"https:\/\/vapingnet.de\/it\/vape\/waspe-15000-puffs-aloe-grape-der-geschmack-der-dich-ueberzeugt-jetzt-ohne-zoelle\/","og_site_name":"Vapingnet.de","article_publisher":"https:\/\/www.facebook.com\/vapingnetde\/","article_modified_time":"2026-04-15T07:44:23+00:00","og_image":[{"width":1000,"height":1000,"url":"https:\/\/vapingnet.de\/wp-content\/uploads\/2025\/05\/Aloe-Grape.webp","type":"image\/webp"}],"twitter_card":"summary_large_image","twitter_misc":{"Est. reading time":"3 minutes"},"schema":{"@context":"https:\/\/schema.org","@graph":[{"@type":"WebPage","@id":"https:\/\/vapingnet.de\/vape\/waspe-15000-puffs-aloe-grape-der-geschmack-der-dich-ueberzeugt-jetzt-ohne-zoelle\/","url":"https:\/\/vapingnet.de\/vape\/waspe-15000-puffs-aloe-grape-der-geschmack-der-dich-ueberzeugt-jetzt-ohne-zoelle\/","name":"WASPE 15000 Puffs Aloe Grape Der Geschmack Der Dich \u00dcberzeugt Jetzt Ohne Z\u00f6lle | Vapingnet.de","isPartOf":{"@id":"https:\/\/vapingnet.de\/#website"},"primaryImageOfPage":{"@id":"https:\/\/vapingnet.de\/vape\/waspe-15000-puffs-aloe-grape-der-geschmack-der-dich-ueberzeugt-jetzt-ohne-zoelle\/#primaryimage"},"image":{"@id":"https:\/\/vapingnet.de\/vape\/waspe-15000-puffs-aloe-grape-der-geschmack-der-dich-ueberzeugt-jetzt-ohne-zoelle\/#primaryimage"},"thumbnailUrl":"https:\/\/vapingnet.de\/wp-content\/uploads\/2025\/05\/Aloe-Grape.webp","datePublished":"2025-05-05T02:36:10+00:00","dateModified":"2026-04-15T07:44:23+00:00","description":"Entdecke WASPE 15000 Puffs Aloe Grape Der Geschmack Der Dich \u00dcberzeugt Jetzt Ohne Z\u00f6lle bei vapingnet.de, \u25ba Gro\u00dfe Auswahl an Geschmacksrichtungen & super g\u00fcnstig!","breadcrumb":{"@id":"https:\/\/vapingnet.de\/vape\/waspe-15000-puffs-aloe-grape-der-geschmack-der-dich-ueberzeugt-jetzt-ohne-zoelle\/#breadcrumb"},"inLanguage":"it-IT","potentialAction":[{"@type":"ReadAction","target":["https:\/\/vapingnet.de\/vape\/waspe-15000-puffs-aloe-grape-der-geschmack-der-dich-ueberzeugt-jetzt-ohne-zoelle\/"]}]},{"@type":"ImageObject","inLanguage":"it-IT","@id":"https:\/\/vapingnet.de\/vape\/waspe-15000-puffs-aloe-grape-der-geschmack-der-dich-ueberzeugt-jetzt-ohne-zoelle\/#primaryimage","url":"https:\/\/vapingnet.de\/wp-content\/uploads\/2025\/05\/Aloe-Grape.webp","contentUrl":"https:\/\/vapingnet.de\/wp-content\/uploads\/2025\/05\/Aloe-Grape.webp","width":1000,"height":1000},{"@type":"BreadcrumbList","@id":"https:\/\/vapingnet.de\/vape\/waspe-15000-puffs-aloe-grape-der-geschmack-der-dich-ueberzeugt-jetzt-ohne-zoelle\/#breadcrumb","itemListElement":[{"@type":"ListItem","position":1,"name":"Home","item":"https:\/\/vapingnet.de\/"},{"@type":"ListItem","position":2,"name":"Shop","item":"https:\/\/vapingnet.de\/vape\/"},{"@type":"ListItem","position":3,"name":"WASPE 15000 Puffs Aloe Grape Der Geschmack Der Dich \u00dcberzeugt Jetzt Ohne Z\u00f6lle"}]},{"@type":"WebSite","@id":"https:\/\/vapingnet.de\/#website","url":"https:\/\/vapingnet.de\/","name":"Vapingnet.de","description":"","publisher":{"@id":"https:\/\/vapingnet.de\/#organization"},"potentialAction":[{"@type":"SearchAction","target":{"@type":"EntryPoint","urlTemplate":"https:\/\/vapingnet.de\/?s={search_term_string}"},"query-input":{"@type":"PropertyValueSpecification","valueRequired":true,"valueName":"search_term_string"}}],"inLanguage":"it-IT"},{"@type":"Organization","@id":"https:\/\/vapingnet.de\/#organization","name":"Vapingnet.de","url":"https:\/\/vapingnet.de\/","logo":{"@type":"ImageObject","inLanguage":"it-IT","@id":"https:\/\/vapingnet.de\/#\/schema\/logo\/image\/","url":"https:\/\/vapingnet.de\/wp-content\/uploads\/2025\/03\/cropped-vapingnet.de_.jpg","contentUrl":"https:\/\/vapingnet.de\/wp-content\/uploads\/2025\/03\/cropped-vapingnet.de_.jpg","width":512,"height":512,"caption":"Vapingnet.de"},"image":{"@id":"https:\/\/vapingnet.de\/#\/schema\/logo\/image\/"},"sameAs":["https:\/\/www.facebook.com\/vapingnetde\/"]}]}},"tiered_pricing_type":"fixed","tiered_pricing_fixed_rules":[],"tiered_pricing_product_settings":{"layout":"default","base_unit_name":{"singular":null,"plural":null},"default_variation":null},"tiered_pricing_minimum_quantity":null,"tiered_pricing_roles_data":[],"tiered_pricing_percentage_rules":[],"_links":{"self":[{"href":"https:\/\/vapingnet.de\/it\/wp-json\/wp\/v2\/product\/6730","targetHints":{"allow":["GET"]}}],"collection":[{"href":"https:\/\/vapingnet.de\/it\/wp-json\/wp\/v2\/product"}],"about":[{"href":"https:\/\/vapingnet.de\/it\/wp-json\/wp\/v2\/types\/product"}],"version-history":[{"count":2,"href":"https:\/\/vapingnet.de\/it\/wp-json\/wp\/v2\/product\/6730\/revisions"}],"predecessor-version":[{"id":6886,"href":"https:\/\/vapingnet.de\/it\/wp-json\/wp\/v2\/product\/6730\/revisions\/6886"}],"wp:featuredmedia":[{"embeddable":true,"href":"https:\/\/vapingnet.de\/it\/wp-json\/wp\/v2\/media\/6731"}],"wp:attachment":[{"href":"https:\/\/vapingnet.de\/it\/wp-json\/wp\/v2\/media?parent=6730"}],"wp:term":[{"taxonomy":"brand","embeddable":true,"href":"https:\/\/vapingnet.de\/it\/wp-json\/wp\/v2\/etheme_brands?post=6730"},{"taxonomy":"product_brand","embeddable":true,"href":"https:\/\/vapingnet.de\/it\/wp-json\/wp\/v2\/product_brand?post=6730"},{"taxonomy":"product_cat","embeddable":true,"href":"https:\/\/vapingnet.de\/it\/wp-json\/wp\/v2\/product_cat?post=6730"},{"taxonomy":"product_tag","embeddable":true,"href":"https:\/\/vapingnet.de\/it\/wp-json\/wp\/v2\/product_tag?post=6730"}],"curies":[{"name":"wp","href":"https:\/\/api.w.org\/{rel}","templated":true}]}}