{"id":6753,"date":"2025-05-05T03:22:12","date_gmt":"2025-05-05T03:22:12","guid":{"rendered":"https:\/\/vapingnet.de\/?post_type=product&#038;p=6753"},"modified":"2026-04-15T07:43:48","modified_gmt":"2026-04-15T07:43:48","slug":"top-angebot-waspe-15000-puffs-mixed-berries-bestellen-und-sofort-geniessen","status":"publish","type":"product","link":"https:\/\/vapingnet.de\/it\/vape\/top-angebot-waspe-15000-puffs-mixed-berries-bestellen-und-sofort-geniessen\/","title":{"rendered":"Offerta top WASPE 15000 Puffs Frutti di bosco misti Ordina e goditi subito"},"content":{"rendered":"<h2 data-start=\"0\" data-end=\"74\" data-immersive-translate-walked=\"48bfa72a-cc87-435c-8bc4-c1dbef65f075\">Vivi l'esperienza del WASPE 15000 Puff \u2013 Perfetto piacere di vapore con Mirtilli Misti<\/h2>\n<p class=\"\" data-start=\"76\" data-end=\"446\" data-immersive-translate-paragraph=\"1\" data-immersive-translate-walked=\"48bfa72a-cc87-435c-8bc4-c1dbef65f075\">Il WASPE 15000 Puff rappresenta una nuova era nel settore delle sigarette elettroniche usa e getta e si distingue per le sue prestazioni eccezionali. Con un serbatoio di e-liquid da 22 ml e una capacit\u00e0 di 15.000 puff, questo modello offre sessioni di svapo incredibilmente lunghe senza interruzioni. Perfetto per giornate lunghe o per l'uso in movimento.<\/p>\n<h4 data-start=\"448\" data-end=\"519\" data-immersive-translate-paragraph=\"1\" data-immersive-translate-walked=\"48bfa72a-cc87-435c-8bc4-c1dbef65f075\">Innovazioni tecnologiche per un'esperienza di svapo senza paragoni<\/h4>\n<p class=\"\" data-start=\"521\" data-end=\"879\" data-immersive-translate-paragraph=\"1\" data-immersive-translate-walked=\"48bfa72a-cc87-435c-8bc4-c1dbef65f075\">Il WASPE 15000 Puff \u00e8 dotato di tecnologia Mesh Coil innovativa, che con una resistenza di 0,8\u03a9 garantisce una produzione di vapore migliorata e un'esplosione di sapore pi\u00f9 intensa. Che tu sia un principiante o un svapatore esperto \u2013 il gusto Mirtilli Misti ti delizier\u00e0 con la sua fruttuosit\u00e0 e complessit\u00e0.<\/p>\n<p class=\"\" data-start=\"881\" data-end=\"1191\" data-immersive-translate-paragraph=\"1\" data-immersive-translate-walked=\"48bfa72a-cc87-435c-8bc4-c1dbef65f075\">L'integrazione di un display LCD rende il WASPE 15000 particolarmente facile da usare. Mostra tutte le informazioni rilevanti come lo stato della batteria e il numero di puff in tempo reale. In questo modo, hai sempre sotto controllo quanti puff rimangono e quando \u00e8 il momento di ricaricare il dispositivo.<\/p>\n<h4 data-start=\"1193\" data-end=\"1240\" data-immersive-translate-paragraph=\"1\" data-immersive-translate-walked=\"48bfa72a-cc87-435c-8bc4-c1dbef65f075\">Utilizzo pratico e prestazioni sostenibili<\/h4>\n<p class=\"\" data-start=\"1242\" data-end=\"1494\" data-immersive-translate-paragraph=\"1\" data-immersive-translate-walked=\"48bfa72a-cc87-435c-8bc4-c1dbef65f075\">Il WASPE 15000 Puff \u00e8 dotato di una batteria ricaricabile da 850mAh, che pu\u00f2 essere facilmente e rapidamente ricaricata tramite l'uscita Type-C. Cos\u00ec il dispositivo rimane sempre pronto all'uso e garantisce prestazioni costanti per molte ore.<\/p>\n<p class=\"\" data-start=\"1496\" data-end=\"1793\" data-immersive-translate-paragraph=\"1\" data-immersive-translate-walked=\"48bfa72a-cc87-435c-8bc4-c1dbef65f075\">Grazie al suo design compatto e al peso leggero di soli 90g, il WASPE 15000 Puff non \u00e8 solo potente, ma anche molto portatile e facile da maneggiare. La batteria assicura una lunga durata e prestazioni elevate costanti durante tutto l'uso.<\/p>\n<h4 data-start=\"1795\" data-end=\"1827\" data-immersive-translate-paragraph=\"1\" data-immersive-translate-walked=\"48bfa72a-cc87-435c-8bc4-c1dbef65f075\">Perfetto per ogni esigenza<\/h4>\n<p class=\"\" data-start=\"1829\" data-end=\"1986\" data-immersive-translate-paragraph=\"1\" data-immersive-translate-walked=\"48bfa72a-cc87-435c-8bc4-c1dbef65f075\">Il WASPE 15000 Puff \u00e8 disponibile in quattro livelli di nicotina \u2013 0%, 2%, 3% e 5%, cos\u00ec puoi adattarlo alle tue preferenze personali.<\/p>\n<p class=\"\" data-start=\"1988\" data-end=\"2222\" data-immersive-translate-paragraph=\"1\" data-immersive-translate-walked=\"48bfa72a-cc87-435c-8bc4-c1dbef65f075\">Ordina il WASPE 15000 Puff tramite vapingnet.de e approfitta di ordini senza tasse. Un'ottima opportunit\u00e0 per gustare sigarette elettroniche di alta qualit\u00e0 senza preoccuparti di costi aggiuntivi.<\/p>\n<h3>Piacere senza paragoni con il WASPE 15000 Puff<\/h3>\n<p class=\"\" data-start=\"2235\" data-end=\"2481\" data-immersive-translate-paragraph=\"1\" data-immersive-translate-walked=\"48bfa72a-cc87-435c-8bc4-c1dbef65f075\">Che sia per l'uso quotidiano o sessioni di svapo pi\u00f9 lunghe, il WASPE 15000 Puff ti offre un'esperienza di svapo straordinaria. Il gusto Mirtilli Misti garantisce un piacere fruttato e rinfrescante che non diventa mai noioso.<\/p>\n<p class=\"\" data-start=\"2483\" data-end=\"2607\" data-immersive-translate-paragraph=\"1\" data-immersive-translate-walked=\"48bfa72a-cc87-435c-8bc4-c1dbef65f075\">Interessato ad altri prodotti o a gusti diversi? Visita la nostra pagina per ulteriori informazioni!<\/p>","protected":false},"excerpt":{"rendered":"<p>Vivi l'esperienza con WASPE 15000 Puff \u2013 Piacere di vapore perfetto con frutti di bosco misti La WASPE 15000 Puff rappresenta una nuova era nel settore delle e-sigaretta usa e getta...<\/p>","protected":false},"featured_media":6736,"template":"","meta":[],"etheme_brands":[],"product_brand":[98],"product_cat":[53,49,61],"product_tag":[],"class_list":{"0":"post-6753","1":"product","2":"type-product","3":"status-publish","4":"has-post-thumbnail","6":"product_brand-waspe-vape","7":"product_cat-vape-15000-zuege","8":"product_cat-einweg-e-zigarette","9":"product_cat-f","11":"first","12":"instock","13":"shipping-taxable","14":"purchasable","15":"product-type-variable"},"yoast_head":"<!-- This site is optimized with the Yoast SEO plugin v26.5 - https:\/\/yoast.com\/wordpress\/plugins\/seo\/ -->\n<title>Top Angebot WASPE 15000 Puffs Mixed Berries Bestellen Und Sofort Genie\u00dfen | Vapingnet.de<\/title>\n<meta name=\"description\" content=\"Entdecke Top Angebot WASPE 15000 Puffs Mixed Berries Bestellen Und Sofort Genie\u00dfen bei vapingnet.de, \u25ba Gro\u00dfe Auswahl an Geschmacksrichtungen &amp; super g\u00fcnstig!\" \/>\n<meta name=\"robots\" content=\"index, follow, max-snippet:-1, max-image-preview:large, max-video-preview:-1\" \/>\n<link rel=\"canonical\" href=\"https:\/\/vapingnet.de\/it\/vape\/top-angebot-waspe-15000-puffs-mixed-berries-bestellen-und-sofort-geniessen\/\" \/>\n<meta property=\"og:locale\" content=\"it_IT\" \/>\n<meta property=\"og:type\" content=\"article\" \/>\n<meta property=\"og:title\" content=\"Top Angebot WASPE 15000 Puffs Mixed Berries Bestellen Und Sofort Genie\u00dfen | Vapingnet.de\" \/>\n<meta property=\"og:description\" content=\"Entdecke Top Angebot WASPE 15000 Puffs Mixed Berries Bestellen Und Sofort Genie\u00dfen bei vapingnet.de, \u25ba Gro\u00dfe Auswahl an Geschmacksrichtungen &amp; super g\u00fcnstig!\" \/>\n<meta property=\"og:url\" content=\"https:\/\/vapingnet.de\/it\/vape\/top-angebot-waspe-15000-puffs-mixed-berries-bestellen-und-sofort-geniessen\/\" \/>\n<meta property=\"og:site_name\" content=\"Vapingnet.de\" \/>\n<meta property=\"article:publisher\" content=\"https:\/\/www.facebook.com\/vapingnetde\/\" \/>\n<meta property=\"article:modified_time\" content=\"2026-04-15T07:43:48+00:00\" \/>\n<meta property=\"og:image\" content=\"https:\/\/vapingnet.de\/wp-content\/uploads\/2025\/05\/Mixed-Berries.webp\" \/>\n\t<meta property=\"og:image:width\" content=\"1000\" \/>\n\t<meta property=\"og:image:height\" content=\"1000\" \/>\n\t<meta property=\"og:image:type\" content=\"image\/webp\" \/>\n<meta name=\"twitter:card\" content=\"summary_large_image\" \/>\n<meta name=\"twitter:label1\" content=\"Est. reading time\" \/>\n\t<meta name=\"twitter:data1\" content=\"3 minutes\" \/>\n<script type=\"application\/ld+json\" class=\"yoast-schema-graph\">{\"@context\":\"https:\/\/schema.org\",\"@graph\":[{\"@type\":\"WebPage\",\"@id\":\"https:\/\/vapingnet.de\/vape\/top-angebot-waspe-15000-puffs-mixed-berries-bestellen-und-sofort-geniessen\/\",\"url\":\"https:\/\/vapingnet.de\/vape\/top-angebot-waspe-15000-puffs-mixed-berries-bestellen-und-sofort-geniessen\/\",\"name\":\"Top Angebot WASPE 15000 Puffs Mixed Berries Bestellen Und Sofort Genie\u00dfen | Vapingnet.de\",\"isPartOf\":{\"@id\":\"https:\/\/vapingnet.de\/#website\"},\"primaryImageOfPage\":{\"@id\":\"https:\/\/vapingnet.de\/vape\/top-angebot-waspe-15000-puffs-mixed-berries-bestellen-und-sofort-geniessen\/#primaryimage\"},\"image\":{\"@id\":\"https:\/\/vapingnet.de\/vape\/top-angebot-waspe-15000-puffs-mixed-berries-bestellen-und-sofort-geniessen\/#primaryimage\"},\"thumbnailUrl\":\"https:\/\/vapingnet.de\/wp-content\/uploads\/2025\/05\/Mixed-Berries.webp\",\"datePublished\":\"2025-05-05T03:22:12+00:00\",\"dateModified\":\"2026-04-15T07:43:48+00:00\",\"description\":\"Entdecke Top Angebot WASPE 15000 Puffs Mixed Berries Bestellen Und Sofort Genie\u00dfen bei vapingnet.de, \u25ba Gro\u00dfe Auswahl an Geschmacksrichtungen & super g\u00fcnstig!\",\"breadcrumb\":{\"@id\":\"https:\/\/vapingnet.de\/vape\/top-angebot-waspe-15000-puffs-mixed-berries-bestellen-und-sofort-geniessen\/#breadcrumb\"},\"inLanguage\":\"it-IT\",\"potentialAction\":[{\"@type\":\"ReadAction\",\"target\":[\"https:\/\/vapingnet.de\/vape\/top-angebot-waspe-15000-puffs-mixed-berries-bestellen-und-sofort-geniessen\/\"]}]},{\"@type\":\"ImageObject\",\"inLanguage\":\"it-IT\",\"@id\":\"https:\/\/vapingnet.de\/vape\/top-angebot-waspe-15000-puffs-mixed-berries-bestellen-und-sofort-geniessen\/#primaryimage\",\"url\":\"https:\/\/vapingnet.de\/wp-content\/uploads\/2025\/05\/Mixed-Berries.webp\",\"contentUrl\":\"https:\/\/vapingnet.de\/wp-content\/uploads\/2025\/05\/Mixed-Berries.webp\",\"width\":1000,\"height\":1000},{\"@type\":\"BreadcrumbList\",\"@id\":\"https:\/\/vapingnet.de\/vape\/top-angebot-waspe-15000-puffs-mixed-berries-bestellen-und-sofort-geniessen\/#breadcrumb\",\"itemListElement\":[{\"@type\":\"ListItem\",\"position\":1,\"name\":\"Home\",\"item\":\"https:\/\/vapingnet.de\/\"},{\"@type\":\"ListItem\",\"position\":2,\"name\":\"Shop\",\"item\":\"https:\/\/vapingnet.de\/vape\/\"},{\"@type\":\"ListItem\",\"position\":3,\"name\":\"Top Angebot WASPE 15000 Puffs Mixed Berries Bestellen Und Sofort Genie\u00dfen\"}]},{\"@type\":\"WebSite\",\"@id\":\"https:\/\/vapingnet.de\/#website\",\"url\":\"https:\/\/vapingnet.de\/\",\"name\":\"Vapingnet.de\",\"description\":\"\",\"publisher\":{\"@id\":\"https:\/\/vapingnet.de\/#organization\"},\"potentialAction\":[{\"@type\":\"SearchAction\",\"target\":{\"@type\":\"EntryPoint\",\"urlTemplate\":\"https:\/\/vapingnet.de\/?s={search_term_string}\"},\"query-input\":{\"@type\":\"PropertyValueSpecification\",\"valueRequired\":true,\"valueName\":\"search_term_string\"}}],\"inLanguage\":\"it-IT\"},{\"@type\":\"Organization\",\"@id\":\"https:\/\/vapingnet.de\/#organization\",\"name\":\"Vapingnet.de\",\"url\":\"https:\/\/vapingnet.de\/\",\"logo\":{\"@type\":\"ImageObject\",\"inLanguage\":\"it-IT\",\"@id\":\"https:\/\/vapingnet.de\/#\/schema\/logo\/image\/\",\"url\":\"https:\/\/vapingnet.de\/wp-content\/uploads\/2025\/03\/cropped-vapingnet.de_.jpg\",\"contentUrl\":\"https:\/\/vapingnet.de\/wp-content\/uploads\/2025\/03\/cropped-vapingnet.de_.jpg\",\"width\":512,\"height\":512,\"caption\":\"Vapingnet.de\"},\"image\":{\"@id\":\"https:\/\/vapingnet.de\/#\/schema\/logo\/image\/\"},\"sameAs\":[\"https:\/\/www.facebook.com\/vapingnetde\/\"]}]}<\/script>\n<!-- \/ Yoast SEO plugin. -->","yoast_head_json":{"title":"Top Angebot WASPE 15000 Puffs Mixed Berries Bestellen Und Sofort Genie\u00dfen | Vapingnet.de","description":"Entdecke Top Angebot WASPE 15000 Puffs Mixed Berries Bestellen Und Sofort Genie\u00dfen bei vapingnet.de, \u25ba Gro\u00dfe Auswahl an Geschmacksrichtungen & super g\u00fcnstig!","robots":{"index":"index","follow":"follow","max-snippet":"max-snippet:-1","max-image-preview":"max-image-preview:large","max-video-preview":"max-video-preview:-1"},"canonical":"https:\/\/vapingnet.de\/it\/vape\/top-angebot-waspe-15000-puffs-mixed-berries-bestellen-und-sofort-geniessen\/","og_locale":"it_IT","og_type":"article","og_title":"Top Angebot WASPE 15000 Puffs Mixed Berries Bestellen Und Sofort Genie\u00dfen | Vapingnet.de","og_description":"Entdecke Top Angebot WASPE 15000 Puffs Mixed Berries Bestellen Und Sofort Genie\u00dfen bei vapingnet.de, \u25ba Gro\u00dfe Auswahl an Geschmacksrichtungen & super g\u00fcnstig!","og_url":"https:\/\/vapingnet.de\/it\/vape\/top-angebot-waspe-15000-puffs-mixed-berries-bestellen-und-sofort-geniessen\/","og_site_name":"Vapingnet.de","article_publisher":"https:\/\/www.facebook.com\/vapingnetde\/","article_modified_time":"2026-04-15T07:43:48+00:00","og_image":[{"width":1000,"height":1000,"url":"https:\/\/vapingnet.de\/wp-content\/uploads\/2025\/05\/Mixed-Berries.webp","type":"image\/webp"}],"twitter_card":"summary_large_image","twitter_misc":{"Est. reading time":"3 minutes"},"schema":{"@context":"https:\/\/schema.org","@graph":[{"@type":"WebPage","@id":"https:\/\/vapingnet.de\/vape\/top-angebot-waspe-15000-puffs-mixed-berries-bestellen-und-sofort-geniessen\/","url":"https:\/\/vapingnet.de\/vape\/top-angebot-waspe-15000-puffs-mixed-berries-bestellen-und-sofort-geniessen\/","name":"Top Angebot WASPE 15000 Puffs Mixed Berries Bestellen Und Sofort Genie\u00dfen | Vapingnet.de","isPartOf":{"@id":"https:\/\/vapingnet.de\/#website"},"primaryImageOfPage":{"@id":"https:\/\/vapingnet.de\/vape\/top-angebot-waspe-15000-puffs-mixed-berries-bestellen-und-sofort-geniessen\/#primaryimage"},"image":{"@id":"https:\/\/vapingnet.de\/vape\/top-angebot-waspe-15000-puffs-mixed-berries-bestellen-und-sofort-geniessen\/#primaryimage"},"thumbnailUrl":"https:\/\/vapingnet.de\/wp-content\/uploads\/2025\/05\/Mixed-Berries.webp","datePublished":"2025-05-05T03:22:12+00:00","dateModified":"2026-04-15T07:43:48+00:00","description":"Entdecke Top Angebot WASPE 15000 Puffs Mixed Berries Bestellen Und Sofort Genie\u00dfen bei vapingnet.de, \u25ba Gro\u00dfe Auswahl an Geschmacksrichtungen & super g\u00fcnstig!","breadcrumb":{"@id":"https:\/\/vapingnet.de\/vape\/top-angebot-waspe-15000-puffs-mixed-berries-bestellen-und-sofort-geniessen\/#breadcrumb"},"inLanguage":"it-IT","potentialAction":[{"@type":"ReadAction","target":["https:\/\/vapingnet.de\/vape\/top-angebot-waspe-15000-puffs-mixed-berries-bestellen-und-sofort-geniessen\/"]}]},{"@type":"ImageObject","inLanguage":"it-IT","@id":"https:\/\/vapingnet.de\/vape\/top-angebot-waspe-15000-puffs-mixed-berries-bestellen-und-sofort-geniessen\/#primaryimage","url":"https:\/\/vapingnet.de\/wp-content\/uploads\/2025\/05\/Mixed-Berries.webp","contentUrl":"https:\/\/vapingnet.de\/wp-content\/uploads\/2025\/05\/Mixed-Berries.webp","width":1000,"height":1000},{"@type":"BreadcrumbList","@id":"https:\/\/vapingnet.de\/vape\/top-angebot-waspe-15000-puffs-mixed-berries-bestellen-und-sofort-geniessen\/#breadcrumb","itemListElement":[{"@type":"ListItem","position":1,"name":"Home","item":"https:\/\/vapingnet.de\/"},{"@type":"ListItem","position":2,"name":"Shop","item":"https:\/\/vapingnet.de\/vape\/"},{"@type":"ListItem","position":3,"name":"Top Angebot WASPE 15000 Puffs Mixed Berries Bestellen Und Sofort Genie\u00dfen"}]},{"@type":"WebSite","@id":"https:\/\/vapingnet.de\/#website","url":"https:\/\/vapingnet.de\/","name":"Vapingnet.de","description":"","publisher":{"@id":"https:\/\/vapingnet.de\/#organization"},"potentialAction":[{"@type":"SearchAction","target":{"@type":"EntryPoint","urlTemplate":"https:\/\/vapingnet.de\/?s={search_term_string}"},"query-input":{"@type":"PropertyValueSpecification","valueRequired":true,"valueName":"search_term_string"}}],"inLanguage":"it-IT"},{"@type":"Organization","@id":"https:\/\/vapingnet.de\/#organization","name":"Vapingnet.de","url":"https:\/\/vapingnet.de\/","logo":{"@type":"ImageObject","inLanguage":"it-IT","@id":"https:\/\/vapingnet.de\/#\/schema\/logo\/image\/","url":"https:\/\/vapingnet.de\/wp-content\/uploads\/2025\/03\/cropped-vapingnet.de_.jpg","contentUrl":"https:\/\/vapingnet.de\/wp-content\/uploads\/2025\/03\/cropped-vapingnet.de_.jpg","width":512,"height":512,"caption":"Vapingnet.de"},"image":{"@id":"https:\/\/vapingnet.de\/#\/schema\/logo\/image\/"},"sameAs":["https:\/\/www.facebook.com\/vapingnetde\/"]}]}},"tiered_pricing_type":"fixed","tiered_pricing_fixed_rules":[],"tiered_pricing_product_settings":{"layout":"default","base_unit_name":{"singular":null,"plural":null},"default_variation":null},"tiered_pricing_minimum_quantity":null,"tiered_pricing_roles_data":[],"tiered_pricing_percentage_rules":[],"_links":{"self":[{"href":"https:\/\/vapingnet.de\/it\/wp-json\/wp\/v2\/product\/6753","targetHints":{"allow":["GET"]}}],"collection":[{"href":"https:\/\/vapingnet.de\/it\/wp-json\/wp\/v2\/product"}],"about":[{"href":"https:\/\/vapingnet.de\/it\/wp-json\/wp\/v2\/types\/product"}],"version-history":[{"count":2,"href":"https:\/\/vapingnet.de\/it\/wp-json\/wp\/v2\/product\/6753\/revisions"}],"predecessor-version":[{"id":6764,"href":"https:\/\/vapingnet.de\/it\/wp-json\/wp\/v2\/product\/6753\/revisions\/6764"}],"wp:featuredmedia":[{"embeddable":true,"href":"https:\/\/vapingnet.de\/it\/wp-json\/wp\/v2\/media\/6736"}],"wp:attachment":[{"href":"https:\/\/vapingnet.de\/it\/wp-json\/wp\/v2\/media?parent=6753"}],"wp:term":[{"taxonomy":"brand","embeddable":true,"href":"https:\/\/vapingnet.de\/it\/wp-json\/wp\/v2\/etheme_brands?post=6753"},{"taxonomy":"product_brand","embeddable":true,"href":"https:\/\/vapingnet.de\/it\/wp-json\/wp\/v2\/product_brand?post=6753"},{"taxonomy":"product_cat","embeddable":true,"href":"https:\/\/vapingnet.de\/it\/wp-json\/wp\/v2\/product_cat?post=6753"},{"taxonomy":"product_tag","embeddable":true,"href":"https:\/\/vapingnet.de\/it\/wp-json\/wp\/v2\/product_tag?post=6753"}],"curies":[{"name":"wp","href":"https:\/\/api.w.org\/{rel}","templated":true}]}}