{"id":6789,"date":"2025-05-05T06:56:43","date_gmt":"2025-05-05T06:56:43","guid":{"rendered":"https:\/\/vapingnet.de\/?post_type=product&#038;p=6789"},"modified":"2026-04-15T07:31:07","modified_gmt":"2026-04-15T07:31:07","slug":"die-vape-fuer-geniesser-waspe-dual-mesh-mit-bestem-peach-blueberry-fudge-geschmack","status":"publish","type":"product","link":"https:\/\/vapingnet.de\/it\/vape\/die-vape-fuer-geniesser-waspe-dual-mesh-mit-bestem-peach-blueberry-fudge-geschmack\/","title":{"rendered":"La vape per intenditori WASPE Dual Mesh Con il miglior gusto di Peach Blueberry Fudge"},"content":{"rendered":"<h2 data-start=\"50\" data-end=\"113\" data-immersive-translate-walked=\"9d95233c-936b-4be5-af69-328f1021db54\">Sigaretta E usa WASPE 20000 Puff Innovazione nel vaping<\/h2>\n<p class=\"\" data-start=\"115\" data-end=\"397\" data-immersive-translate-walked=\"9d95233c-936b-4be5-af69-328f1021db54\" data-immersive-translate-paragraph=\"1\">La WASPE 20000 Puff \u00e8 una sigaretta elettronica usa e getta che supera le aspettative dei vapers e si distingue per le sue prestazioni e facilit\u00e0 d'uso. \u00c8 rivolta a tutti coloro che cercano un'esperienza di svapo pratica, duratura e intensa.<\/p>\n<h3 data-start=\"399\" data-end=\"435\" data-immersive-translate-walked=\"9d95233c-936b-4be5-af69-328f1021db54\">Dettagli tecnici in breve:<\/h3>\n<ul data-start=\"437\" data-end=\"1147\" data-immersive-translate-walked=\"9d95233c-936b-4be5-af69-328f1021db54\">\n<li class=\"\" data-start=\"437\" data-end=\"623\" data-immersive-translate-walked=\"9d95233c-936b-4be5-af69-328f1021db54\">\n<p class=\"\" data-start=\"439\" data-end=\"623\" data-immersive-translate-walked=\"9d95233c-936b-4be5-af69-328f1021db54\" data-immersive-translate-paragraph=\"1\">Batteria e ricarica: Con una potente batteria da 900 mAh e una porta Type-C, la WASPE 20000 Puff garantisce tempi di ricarica rapidi e un uso prolungato.<\/p>\n<\/li>\n<li class=\"\" data-start=\"624\" data-end=\"813\" data-immersive-translate-walked=\"9d95233c-936b-4be5-af69-328f1021db54\">\n<p class=\"\" data-start=\"626\" data-end=\"813\" data-immersive-translate-walked=\"9d95233c-936b-4be5-af69-328f1021db54\" data-immersive-translate-paragraph=\"1\">Doppia Mesh-Coil: La tecnologia Dual Mesh con una resistenza di 0,8 Ohm assicura un gusto intenso e nuvole di vapore abbondanti, rendendo lo svapo un piacere.<\/p>\n<\/li>\n<li class=\"\" data-start=\"814\" data-end=\"981\" data-immersive-translate-walked=\"9d95233c-936b-4be5-af69-328f1021db54\">\n<p class=\"\" data-start=\"816\" data-end=\"981\" data-immersive-translate-walked=\"9d95233c-936b-4be5-af69-328f1021db54\" data-immersive-translate-paragraph=\"1\">Capacit\u00e0 di liquido: Con 24 ml di liquido e una durata di 20.000 puff, \u00e8 la scelta ideale per i vapers che non desiderano ricariche frequenti.<\/p>\n<\/li>\n<li class=\"\" data-start=\"982\" data-end=\"1147\" data-immersive-translate-walked=\"9d95233c-936b-4be5-af69-328f1021db54\">\n<p class=\"\" data-start=\"984\" data-end=\"1147\" data-immersive-translate-walked=\"9d95233c-936b-4be5-af69-328f1021db54\" data-immersive-translate-paragraph=\"1\">Display LCD: Un display LCD informa il vaper in ogni momento sul livello della batteria e sulla quantit\u00e0 di liquido residuo \u2013 per un uso piacevole senza sorprese.<\/p>\n<\/li>\n<\/ul>\n<h4 data-start=\"1149\" data-end=\"1199\" data-immersive-translate-walked=\"9d95233c-936b-4be5-af69-328f1021db54\">Gusto unico: Peach Blueberry Fudge<\/h4>\n<p class=\"\" data-start=\"1201\" data-end=\"1527\" data-immersive-translate-walked=\"9d95233c-936b-4be5-af69-328f1021db54\" data-immersive-translate-paragraph=\"1\">La WASPE 20000 Puff non \u00e8 solo eccezionale per le sue caratteristiche tecniche, ma offre anche un'esperienza di gusto unica. Il sapore Peach Blueberry Fudge combina la freschezza della pesca con la dolcezza dei mirtilli e una nota di fudge seducente, rendendo lo svapo un'esperienza indimenticabile.<\/p>\n<h3 data-start=\"1529\" data-end=\"1580\" data-immersive-translate-walked=\"9d95233c-936b-4be5-af69-328f1021db54\">Perch\u00e9 scegliere la WASPE 20000 Puff:<\/h3>\n<ul data-start=\"1582\" data-end=\"2192\" data-immersive-translate-walked=\"9d95233c-936b-4be5-af69-328f1021db54\">\n<li class=\"\" data-start=\"1582\" data-end=\"1768\" data-immersive-translate-walked=\"9d95233c-936b-4be5-af69-328f1021db54\">\n<p class=\"\" data-start=\"1584\" data-end=\"1768\" data-immersive-translate-paragraph=\"1\" data-immersive-translate-walked=\"9d95233c-936b-4be5-af69-328f1021db54\">Duratura e affidabile: Con fino a 20.000 puff, questa sigaretta elettronica usa e getta offre una durata eccellente, soddisfacendo anche i vapers pi\u00f9 esigenti.<\/p>\n<\/li>\n<li class=\"\" data-start=\"1769\" data-end=\"1931\" data-immersive-translate-walked=\"9d95233c-936b-4be5-af69-328f1021db54\">\n<p class=\"\" data-start=\"1771\" data-end=\"1931\" data-immersive-translate-walked=\"9d95233c-936b-4be5-af69-328f1021db54\" data-immersive-translate-paragraph=\"1\">Ricarica rapida: La porta Type-C permette una ricarica veloce, cos\u00ec non dovrai mai aspettare a lungo prima che la tua sigaretta elettronica sia di nuovo pronta all'uso.<\/p>\n<\/li>\n<li class=\"\" data-start=\"1932\" data-end=\"2052\" data-immersive-translate-walked=\"9d95233c-936b-4be5-af69-328f1021db54\">\n<p class=\"\" data-start=\"1934\" data-end=\"2052\" data-immersive-translate-walked=\"9d95233c-936b-4be5-af69-328f1021db54\" data-immersive-translate-paragraph=\"1\">Nessuna spesa doganale: Acquistando tramite vapingnet.de, beneficerai della spedizione senza dazi e di consegne rapide.<\/p>\n<\/li>\n<li class=\"\" data-start=\"2053\" data-end=\"2192\" data-immersive-translate-walked=\"9d95233c-936b-4be5-af69-328f1021db54\">\n<p class=\"\" data-start=\"2055\" data-end=\"2192\" data-immersive-translate-walked=\"9d95233c-936b-4be5-af69-328f1021db54\" data-immersive-translate-paragraph=\"1\">Facile da usare: Senza bisogno di ricaricare o cambiare coil \u2013 basta usare il dispositivo e essere sempre pronti per il prossimo tiro.<\/p>\n<\/li>\n<\/ul>\n<p class=\"\" data-start=\"2194\" data-end=\"2506\" data-immersive-translate-walked=\"9d95233c-936b-4be5-af69-328f1021db54\" data-immersive-translate-paragraph=\"1\">La WASPE 20000 Puff offre una combinazione eccezionale di prestazioni, gusto e facilit\u00e0 d'uso. Se cerchi una sigaretta elettronica usa e getta affidabile e duratura che non ti deluder\u00e0, questo modello \u00e8 la scelta perfetta per te. Visita vapingnet.de per ulteriori dettagli.<\/p>","protected":false},"excerpt":{"rendered":"<p>Einweg E Zigarette WASPE 20000 Puffs Innovation im Dampfen Die WASPE 20000 Puffs ist eine Einweg E Zigarette, die die Erwartungen der Dampfer \u00fcbertrifft und&#8230;<\/p>","protected":false},"featured_media":6902,"template":"","meta":[],"etheme_brands":[],"product_brand":[98],"product_cat":[54,49,61],"product_tag":[],"class_list":{"0":"post-6789","1":"product","2":"type-product","3":"status-publish","4":"has-post-thumbnail","6":"product_brand-waspe-vape","7":"product_cat-vape-20000-zuege","8":"product_cat-einweg-e-zigarette","9":"product_cat-f","11":"first","12":"instock","13":"shipping-taxable","14":"purchasable","15":"product-type-variable"},"yoast_head":"<!-- This site is optimized with the Yoast SEO plugin v26.5 - https:\/\/yoast.com\/wordpress\/plugins\/seo\/ -->\n<title>Die Vape F\u00fcr Genie\u00dfer WASPE Dual Mesh Mit Bestem Peach Blueberry Fudge Geschmack | Vapingnet.de<\/title>\n<meta name=\"description\" content=\"Entdecke Die Vape F\u00fcr Genie\u00dfer WASPE Dual Mesh Mit Bestem Peach Blueberry Fudge Geschmack bei vapingnet.de, \u25ba Gro\u00dfe Auswahl an Geschmacksrichtungen &amp; super g\u00fcnstig!\" \/>\n<meta name=\"robots\" content=\"index, follow, max-snippet:-1, max-image-preview:large, max-video-preview:-1\" \/>\n<link rel=\"canonical\" href=\"https:\/\/vapingnet.de\/it\/vape\/die-vape-fuer-geniesser-waspe-dual-mesh-mit-bestem-peach-blueberry-fudge-geschmack\/\" \/>\n<meta property=\"og:locale\" content=\"it_IT\" \/>\n<meta property=\"og:type\" content=\"article\" \/>\n<meta property=\"og:title\" content=\"Die Vape F\u00fcr Genie\u00dfer WASPE Dual Mesh Mit Bestem Peach Blueberry Fudge Geschmack | Vapingnet.de\" \/>\n<meta property=\"og:description\" content=\"Entdecke Die Vape F\u00fcr Genie\u00dfer WASPE Dual Mesh Mit Bestem Peach Blueberry Fudge Geschmack bei vapingnet.de, \u25ba Gro\u00dfe Auswahl an Geschmacksrichtungen &amp; super g\u00fcnstig!\" \/>\n<meta property=\"og:url\" content=\"https:\/\/vapingnet.de\/it\/vape\/die-vape-fuer-geniesser-waspe-dual-mesh-mit-bestem-peach-blueberry-fudge-geschmack\/\" \/>\n<meta property=\"og:site_name\" content=\"Vapingnet.de\" \/>\n<meta property=\"article:publisher\" content=\"https:\/\/www.facebook.com\/vapingnetde\/\" \/>\n<meta property=\"article:modified_time\" content=\"2026-04-15T07:31:07+00:00\" \/>\n<meta property=\"og:image\" content=\"https:\/\/vapingnet.de\/wp-content\/uploads\/2025\/05\/WASPE-VAPE1.webp\" \/>\n\t<meta property=\"og:image:width\" content=\"1000\" \/>\n\t<meta property=\"og:image:height\" content=\"1000\" \/>\n\t<meta property=\"og:image:type\" content=\"image\/webp\" \/>\n<meta name=\"twitter:card\" content=\"summary_large_image\" \/>\n<meta name=\"twitter:label1\" content=\"Est. reading time\" \/>\n\t<meta name=\"twitter:data1\" content=\"2 minutes\" \/>\n<script type=\"application\/ld+json\" class=\"yoast-schema-graph\">{\"@context\":\"https:\/\/schema.org\",\"@graph\":[{\"@type\":\"WebPage\",\"@id\":\"https:\/\/vapingnet.de\/vape\/die-vape-fuer-geniesser-waspe-dual-mesh-mit-bestem-peach-blueberry-fudge-geschmack\/\",\"url\":\"https:\/\/vapingnet.de\/vape\/die-vape-fuer-geniesser-waspe-dual-mesh-mit-bestem-peach-blueberry-fudge-geschmack\/\",\"name\":\"Die Vape F\u00fcr Genie\u00dfer WASPE Dual Mesh Mit Bestem Peach Blueberry Fudge Geschmack | Vapingnet.de\",\"isPartOf\":{\"@id\":\"https:\/\/vapingnet.de\/#website\"},\"primaryImageOfPage\":{\"@id\":\"https:\/\/vapingnet.de\/vape\/die-vape-fuer-geniesser-waspe-dual-mesh-mit-bestem-peach-blueberry-fudge-geschmack\/#primaryimage\"},\"image\":{\"@id\":\"https:\/\/vapingnet.de\/vape\/die-vape-fuer-geniesser-waspe-dual-mesh-mit-bestem-peach-blueberry-fudge-geschmack\/#primaryimage\"},\"thumbnailUrl\":\"https:\/\/vapingnet.de\/wp-content\/uploads\/2025\/05\/WASPE-VAPE1.webp\",\"datePublished\":\"2025-05-05T06:56:43+00:00\",\"dateModified\":\"2026-04-15T07:31:07+00:00\",\"description\":\"Entdecke Die Vape F\u00fcr Genie\u00dfer WASPE Dual Mesh Mit Bestem Peach Blueberry Fudge Geschmack bei vapingnet.de, \u25ba Gro\u00dfe Auswahl an Geschmacksrichtungen & super g\u00fcnstig!\",\"breadcrumb\":{\"@id\":\"https:\/\/vapingnet.de\/vape\/die-vape-fuer-geniesser-waspe-dual-mesh-mit-bestem-peach-blueberry-fudge-geschmack\/#breadcrumb\"},\"inLanguage\":\"it-IT\",\"potentialAction\":[{\"@type\":\"ReadAction\",\"target\":[\"https:\/\/vapingnet.de\/vape\/die-vape-fuer-geniesser-waspe-dual-mesh-mit-bestem-peach-blueberry-fudge-geschmack\/\"]}]},{\"@type\":\"ImageObject\",\"inLanguage\":\"it-IT\",\"@id\":\"https:\/\/vapingnet.de\/vape\/die-vape-fuer-geniesser-waspe-dual-mesh-mit-bestem-peach-blueberry-fudge-geschmack\/#primaryimage\",\"url\":\"https:\/\/vapingnet.de\/wp-content\/uploads\/2025\/05\/WASPE-VAPE1.webp\",\"contentUrl\":\"https:\/\/vapingnet.de\/wp-content\/uploads\/2025\/05\/WASPE-VAPE1.webp\",\"width\":1000,\"height\":1000},{\"@type\":\"BreadcrumbList\",\"@id\":\"https:\/\/vapingnet.de\/vape\/die-vape-fuer-geniesser-waspe-dual-mesh-mit-bestem-peach-blueberry-fudge-geschmack\/#breadcrumb\",\"itemListElement\":[{\"@type\":\"ListItem\",\"position\":1,\"name\":\"Home\",\"item\":\"https:\/\/vapingnet.de\/\"},{\"@type\":\"ListItem\",\"position\":2,\"name\":\"Shop\",\"item\":\"https:\/\/vapingnet.de\/vape\/\"},{\"@type\":\"ListItem\",\"position\":3,\"name\":\"Die Vape F\u00fcr Genie\u00dfer WASPE Dual Mesh Mit Bestem Peach Blueberry Fudge Geschmack\"}]},{\"@type\":\"WebSite\",\"@id\":\"https:\/\/vapingnet.de\/#website\",\"url\":\"https:\/\/vapingnet.de\/\",\"name\":\"Vapingnet.de\",\"description\":\"\",\"publisher\":{\"@id\":\"https:\/\/vapingnet.de\/#organization\"},\"potentialAction\":[{\"@type\":\"SearchAction\",\"target\":{\"@type\":\"EntryPoint\",\"urlTemplate\":\"https:\/\/vapingnet.de\/?s={search_term_string}\"},\"query-input\":{\"@type\":\"PropertyValueSpecification\",\"valueRequired\":true,\"valueName\":\"search_term_string\"}}],\"inLanguage\":\"it-IT\"},{\"@type\":\"Organization\",\"@id\":\"https:\/\/vapingnet.de\/#organization\",\"name\":\"Vapingnet.de\",\"url\":\"https:\/\/vapingnet.de\/\",\"logo\":{\"@type\":\"ImageObject\",\"inLanguage\":\"it-IT\",\"@id\":\"https:\/\/vapingnet.de\/#\/schema\/logo\/image\/\",\"url\":\"https:\/\/vapingnet.de\/wp-content\/uploads\/2025\/03\/cropped-vapingnet.de_.jpg\",\"contentUrl\":\"https:\/\/vapingnet.de\/wp-content\/uploads\/2025\/03\/cropped-vapingnet.de_.jpg\",\"width\":512,\"height\":512,\"caption\":\"Vapingnet.de\"},\"image\":{\"@id\":\"https:\/\/vapingnet.de\/#\/schema\/logo\/image\/\"},\"sameAs\":[\"https:\/\/www.facebook.com\/vapingnetde\/\"]}]}<\/script>\n<!-- \/ Yoast SEO plugin. -->","yoast_head_json":{"title":"Die Vape F\u00fcr Genie\u00dfer WASPE Dual Mesh Mit Bestem Peach Blueberry Fudge Geschmack | Vapingnet.de","description":"Entdecke Die Vape F\u00fcr Genie\u00dfer WASPE Dual Mesh Mit Bestem Peach Blueberry Fudge Geschmack bei vapingnet.de, \u25ba Gro\u00dfe Auswahl an Geschmacksrichtungen & super g\u00fcnstig!","robots":{"index":"index","follow":"follow","max-snippet":"max-snippet:-1","max-image-preview":"max-image-preview:large","max-video-preview":"max-video-preview:-1"},"canonical":"https:\/\/vapingnet.de\/it\/vape\/die-vape-fuer-geniesser-waspe-dual-mesh-mit-bestem-peach-blueberry-fudge-geschmack\/","og_locale":"it_IT","og_type":"article","og_title":"Die Vape F\u00fcr Genie\u00dfer WASPE Dual Mesh Mit Bestem Peach Blueberry Fudge Geschmack | Vapingnet.de","og_description":"Entdecke Die Vape F\u00fcr Genie\u00dfer WASPE Dual Mesh Mit Bestem Peach Blueberry Fudge Geschmack bei vapingnet.de, \u25ba Gro\u00dfe Auswahl an Geschmacksrichtungen & super g\u00fcnstig!","og_url":"https:\/\/vapingnet.de\/it\/vape\/die-vape-fuer-geniesser-waspe-dual-mesh-mit-bestem-peach-blueberry-fudge-geschmack\/","og_site_name":"Vapingnet.de","article_publisher":"https:\/\/www.facebook.com\/vapingnetde\/","article_modified_time":"2026-04-15T07:31:07+00:00","og_image":[{"width":1000,"height":1000,"url":"https:\/\/vapingnet.de\/wp-content\/uploads\/2025\/05\/WASPE-VAPE1.webp","type":"image\/webp"}],"twitter_card":"summary_large_image","twitter_misc":{"Est. reading time":"2 minutes"},"schema":{"@context":"https:\/\/schema.org","@graph":[{"@type":"WebPage","@id":"https:\/\/vapingnet.de\/vape\/die-vape-fuer-geniesser-waspe-dual-mesh-mit-bestem-peach-blueberry-fudge-geschmack\/","url":"https:\/\/vapingnet.de\/vape\/die-vape-fuer-geniesser-waspe-dual-mesh-mit-bestem-peach-blueberry-fudge-geschmack\/","name":"Die Vape F\u00fcr Genie\u00dfer WASPE Dual Mesh Mit Bestem Peach Blueberry Fudge Geschmack | Vapingnet.de","isPartOf":{"@id":"https:\/\/vapingnet.de\/#website"},"primaryImageOfPage":{"@id":"https:\/\/vapingnet.de\/vape\/die-vape-fuer-geniesser-waspe-dual-mesh-mit-bestem-peach-blueberry-fudge-geschmack\/#primaryimage"},"image":{"@id":"https:\/\/vapingnet.de\/vape\/die-vape-fuer-geniesser-waspe-dual-mesh-mit-bestem-peach-blueberry-fudge-geschmack\/#primaryimage"},"thumbnailUrl":"https:\/\/vapingnet.de\/wp-content\/uploads\/2025\/05\/WASPE-VAPE1.webp","datePublished":"2025-05-05T06:56:43+00:00","dateModified":"2026-04-15T07:31:07+00:00","description":"Entdecke Die Vape F\u00fcr Genie\u00dfer WASPE Dual Mesh Mit Bestem Peach Blueberry Fudge Geschmack bei vapingnet.de, \u25ba Gro\u00dfe Auswahl an Geschmacksrichtungen & super g\u00fcnstig!","breadcrumb":{"@id":"https:\/\/vapingnet.de\/vape\/die-vape-fuer-geniesser-waspe-dual-mesh-mit-bestem-peach-blueberry-fudge-geschmack\/#breadcrumb"},"inLanguage":"it-IT","potentialAction":[{"@type":"ReadAction","target":["https:\/\/vapingnet.de\/vape\/die-vape-fuer-geniesser-waspe-dual-mesh-mit-bestem-peach-blueberry-fudge-geschmack\/"]}]},{"@type":"ImageObject","inLanguage":"it-IT","@id":"https:\/\/vapingnet.de\/vape\/die-vape-fuer-geniesser-waspe-dual-mesh-mit-bestem-peach-blueberry-fudge-geschmack\/#primaryimage","url":"https:\/\/vapingnet.de\/wp-content\/uploads\/2025\/05\/WASPE-VAPE1.webp","contentUrl":"https:\/\/vapingnet.de\/wp-content\/uploads\/2025\/05\/WASPE-VAPE1.webp","width":1000,"height":1000},{"@type":"BreadcrumbList","@id":"https:\/\/vapingnet.de\/vape\/die-vape-fuer-geniesser-waspe-dual-mesh-mit-bestem-peach-blueberry-fudge-geschmack\/#breadcrumb","itemListElement":[{"@type":"ListItem","position":1,"name":"Home","item":"https:\/\/vapingnet.de\/"},{"@type":"ListItem","position":2,"name":"Shop","item":"https:\/\/vapingnet.de\/vape\/"},{"@type":"ListItem","position":3,"name":"Die Vape F\u00fcr Genie\u00dfer WASPE Dual Mesh Mit Bestem Peach Blueberry Fudge Geschmack"}]},{"@type":"WebSite","@id":"https:\/\/vapingnet.de\/#website","url":"https:\/\/vapingnet.de\/","name":"Vapingnet.de","description":"","publisher":{"@id":"https:\/\/vapingnet.de\/#organization"},"potentialAction":[{"@type":"SearchAction","target":{"@type":"EntryPoint","urlTemplate":"https:\/\/vapingnet.de\/?s={search_term_string}"},"query-input":{"@type":"PropertyValueSpecification","valueRequired":true,"valueName":"search_term_string"}}],"inLanguage":"it-IT"},{"@type":"Organization","@id":"https:\/\/vapingnet.de\/#organization","name":"Vapingnet.de","url":"https:\/\/vapingnet.de\/","logo":{"@type":"ImageObject","inLanguage":"it-IT","@id":"https:\/\/vapingnet.de\/#\/schema\/logo\/image\/","url":"https:\/\/vapingnet.de\/wp-content\/uploads\/2025\/03\/cropped-vapingnet.de_.jpg","contentUrl":"https:\/\/vapingnet.de\/wp-content\/uploads\/2025\/03\/cropped-vapingnet.de_.jpg","width":512,"height":512,"caption":"Vapingnet.de"},"image":{"@id":"https:\/\/vapingnet.de\/#\/schema\/logo\/image\/"},"sameAs":["https:\/\/www.facebook.com\/vapingnetde\/"]}]}},"tiered_pricing_type":"fixed","tiered_pricing_fixed_rules":[],"tiered_pricing_product_settings":{"layout":"default","base_unit_name":{"singular":null,"plural":null},"default_variation":null},"tiered_pricing_minimum_quantity":null,"tiered_pricing_roles_data":[],"tiered_pricing_percentage_rules":[],"_links":{"self":[{"href":"https:\/\/vapingnet.de\/it\/wp-json\/wp\/v2\/product\/6789","targetHints":{"allow":["GET"]}}],"collection":[{"href":"https:\/\/vapingnet.de\/it\/wp-json\/wp\/v2\/product"}],"about":[{"href":"https:\/\/vapingnet.de\/it\/wp-json\/wp\/v2\/types\/product"}],"version-history":[{"count":1,"href":"https:\/\/vapingnet.de\/it\/wp-json\/wp\/v2\/product\/6789\/revisions"}],"predecessor-version":[{"id":6796,"href":"https:\/\/vapingnet.de\/it\/wp-json\/wp\/v2\/product\/6789\/revisions\/6796"}],"wp:featuredmedia":[{"embeddable":true,"href":"https:\/\/vapingnet.de\/it\/wp-json\/wp\/v2\/media\/6902"}],"wp:attachment":[{"href":"https:\/\/vapingnet.de\/it\/wp-json\/wp\/v2\/media?parent=6789"}],"wp:term":[{"taxonomy":"brand","embeddable":true,"href":"https:\/\/vapingnet.de\/it\/wp-json\/wp\/v2\/etheme_brands?post=6789"},{"taxonomy":"product_brand","embeddable":true,"href":"https:\/\/vapingnet.de\/it\/wp-json\/wp\/v2\/product_brand?post=6789"},{"taxonomy":"product_cat","embeddable":true,"href":"https:\/\/vapingnet.de\/it\/wp-json\/wp\/v2\/product_cat?post=6789"},{"taxonomy":"product_tag","embeddable":true,"href":"https:\/\/vapingnet.de\/it\/wp-json\/wp\/v2\/product_tag?post=6789"}],"curies":[{"name":"wp","href":"https:\/\/api.w.org\/{rel}","templated":true}]}}