{"id":6792,"date":"2025-05-05T06:56:48","date_gmt":"2025-05-05T06:56:48","guid":{"rendered":"https:\/\/vapingnet.de\/?post_type=product&#038;p=6792"},"modified":"2026-04-15T06:48:49","modified_gmt":"2026-04-15T06:48:49","slug":"machs-fruchtig-waspe-20000-blueberry-raspberry-lemonade-vape-jetzt-im-sonderangebot","status":"publish","type":"product","link":"https:\/\/vapingnet.de\/it\/vape\/machs-fruchtig-waspe-20000-blueberry-raspberry-lemonade-vape-jetzt-im-sonderangebot\/","title":{"rendered":"Fallo fruttato WASPE 20000 Blueberry Raspberry Lemonade Vape in offerta speciale"},"content":{"rendered":"<h2 data-start=\"0\" data-end=\"68\" data-immersive-translate-paragraph=\"1\" data-immersive-translate-walked=\"a7dc8e27-37ab-4fb4-84fd-1faf7bb68102\">WASPE 20000 Puff Disposable E-Cigarette \u2013 Un piacere per la vita quotidiana<\/h2>\n<p class=\"\" data-start=\"70\" data-end=\"347\" data-immersive-translate-walked=\"a7dc8e27-37ab-4fb4-84fd-1faf7bb68102\" data-immersive-translate-paragraph=\"1\">La WASPE 20000 Puff Disposable E-Cigarette \u00e8 la scelta perfetta per chi cerca una soluzione di svapo pratica e potente. Con un alto numero di puff e funzioni innovative, questo modello offre tutto ci\u00f2 che ci si aspetta da una sigaretta elettronica di alta qualit\u00e0.<\/p>\n<h4 class=\"\" data-start=\"349\" data-end=\"388\" data-immersive-translate-walked=\"a7dc8e27-37ab-4fb4-84fd-1faf7bb68102\" data-immersive-translate-paragraph=\"1\">Design robusto e alta capacit\u00e0<\/h4>\n<p class=\"\" data-start=\"390\" data-end=\"811\" data-immersive-translate-walked=\"a7dc8e27-37ab-4fb4-84fd-1faf7bb68102\" data-immersive-translate-paragraph=\"1\">Con una capacit\u00e0 di liquido di 24 ml e una durata fino a 20000 puff, questa sigaretta elettronica \u00e8 progettata per lunghe sessioni. La Dual Mesh Coil con una resistenza di 0,8 Ohm garantisce una vaporizzazione uniforme e un gusto intenso. La batteria da 900 mAh si ricarica comodamente tramite una porta Type-C, cos\u00ec non dovrai mai aspettare a lungo prima di un nuovo utilizzo.<\/p>\n<h4 class=\"\" data-start=\"813\" data-end=\"874\" data-immersive-translate-walked=\"a7dc8e27-37ab-4fb4-84fd-1faf7bb68102\" data-immersive-translate-paragraph=\"1\">Diversi livelli di nicotina e gusto indimenticabile<\/h4>\n<p class=\"\" data-start=\"876\" data-end=\"1372\" data-immersive-translate-walked=\"a7dc8e27-37ab-4fb4-84fd-1faf7bb68102\" data-immersive-translate-paragraph=\"1\">La WASPE 20000 Puff ti offre la libert\u00e0 di scegliere tra diversi livelli di nicotina \u2013 0%, 2%, 3% e 5%. Che tu voglia gustare il sapore nella sua forma pi\u00f9 pura o preferisca un'assunzione di nicotina pi\u00f9 leggera o pi\u00f9 forte, questa sigaretta elettronica si adatta alle tue esigenze. Il gusto di Blueberry Raspberry Lemonade \u00e8 particolarmente rinfrescante e combina la dolcezza del mirtillo con la frizzantezza della lampone e un tocco di limonata \u2013 ideale per ogni giorno.<\/p>\n<h4 class=\"\" data-start=\"1374\" data-end=\"1413\" data-immersive-translate-walked=\"a7dc8e27-37ab-4fb4-84fd-1faf7bb68102\" data-immersive-translate-paragraph=\"1\">Display LCD per un uso semplice<\/h4>\n<p class=\"\" data-start=\"1415\" data-end=\"1630\" data-immersive-translate-walked=\"a7dc8e27-37ab-4fb4-84fd-1faf7bb68102\" data-immersive-translate-paragraph=\"1\">Il display LCD ti fornisce sempre informazioni chiare sul livello di carica e sulla quantit\u00e0 di liquido rimanente. Cos\u00ec puoi mantenere il controllo e goderti la sigaretta elettronica senza interruzioni.<\/p>\n<h3>Vantaggi della WASPE 20000 Puff Disposable E-Cigarette<\/h3>\n<ul data-start=\"1688\" data-end=\"2133\" data-immersive-translate-walked=\"a7dc8e27-37ab-4fb4-84fd-1faf7bb68102\">\n<li class=\"\" data-start=\"1688\" data-end=\"1769\" data-immersive-translate-walked=\"a7dc8e27-37ab-4fb4-84fd-1faf7bb68102\">\n<p class=\"\" data-start=\"1690\" data-end=\"1769\" data-immersive-translate-walked=\"a7dc8e27-37ab-4fb4-84fd-1faf7bb68102\" data-immersive-translate-paragraph=\"1\">Pratico: grazie alla porta Type-C, la ricarica \u00e8 semplice e veloce.<\/p>\n<\/li>\n<li class=\"\" data-start=\"1770\" data-end=\"1882\" data-immersive-translate-walked=\"a7dc8e27-37ab-4fb4-84fd-1faf7bb68102\">\n<p class=\"\" data-start=\"1772\" data-end=\"1882\" data-immersive-translate-walked=\"a7dc8e27-37ab-4fb4-84fd-1faf7bb68102\" data-immersive-translate-paragraph=\"1\">Potente: con una lunga durata fino a 20000 puff e una capacit\u00e0 di liquido generosa.<\/p>\n<\/li>\n<li class=\"\" data-start=\"1883\" data-end=\"1989\" data-immersive-translate-walked=\"a7dc8e27-37ab-4fb4-84fd-1faf7bb68102\">\n<p class=\"\" data-start=\"1885\" data-end=\"1989\" data-immersive-translate-walked=\"a7dc8e27-37ab-4fb4-84fd-1faf7bb68102\" data-immersive-translate-paragraph=\"1\">Versatile: scegli tra diversi livelli di nicotina (0%, 2%, 3%, 5%) per soddisfare le tue esigenze personali.<\/p>\n<\/li>\n<li class=\"\" data-start=\"1990\" data-end=\"2133\" data-immersive-translate-walked=\"a7dc8e27-37ab-4fb4-84fd-1faf7bb68102\">\n<p class=\"\" data-start=\"1992\" data-end=\"2133\" data-immersive-translate-walked=\"a7dc8e27-37ab-4fb4-84fd-1faf7bb68102\" data-immersive-translate-paragraph=\"1\">Gusto rinfrescante: la combinazione unica di mirtillo, lampone e limonata garantisce un'esperienza di vaporizzazione indimenticabile.<\/p>\n<\/li>\n<\/ul>\n<h4>Piacere semplice senza complicazioni<\/h4>\n<p class=\"\" data-start=\"2178\" data-end=\"2457\" data-immersive-translate-walked=\"a7dc8e27-37ab-4fb4-84fd-1faf7bb68102\" data-immersive-translate-paragraph=\"1\">La WASPE 20000 Puff Disposable E-Cigarette \u00e8 particolarmente adatta a chi cerca un dispositivo di svapo semplice e potente. Non richiede manutenzione complicata ed \u00e8 pronta all'uso immediatamente, rendendola un compagno ideale per ogni occasione.<\/p>\n<p class=\"\" data-start=\"2459\" data-end=\"2654\" data-immersive-translate-walked=\"a7dc8e27-37ab-4fb4-84fd-1faf7bb68102\" data-immersive-translate-paragraph=\"1\">Con il suo design robusto e le funzioni pratiche, la WASPE 20000 Puff non \u00e8 solo una sigaretta elettronica potente, ma anche un vero piacere per tutti gli amanti del vaping.<\/p>\n<p class=\"\" data-start=\"2656\" data-end=\"2789\" data-immersive-translate-walked=\"a7dc8e27-37ab-4fb4-84fd-1faf7bb68102\" data-immersive-translate-paragraph=\"1\">Ottieni la tua WASPE 20000 Puff su vapingnet.de e scopri il gusto unico di Blueberry Raspberry Lemonade.<\/p>","protected":false},"excerpt":{"rendered":"<p>WASPE 20000 Puffs Einweg E-Zigarette \u2013 Ein Genuss f\u00fcr den Alltag Die WASPE 20000 Puffs Einweg E-Zigarette ist die perfekte Wahl f\u00fcr alle, die nach&#8230;<\/p>","protected":false},"featured_media":6777,"template":"","meta":[],"etheme_brands":[],"product_brand":[98],"product_cat":[54,49,61],"product_tag":[],"class_list":{"0":"post-6792","1":"product","2":"type-product","3":"status-publish","4":"has-post-thumbnail","6":"product_brand-waspe-vape","7":"product_cat-vape-20000-zuege","8":"product_cat-einweg-e-zigarette","9":"product_cat-f","11":"first","12":"instock","13":"shipping-taxable","14":"purchasable","15":"product-type-variable"},"yoast_head":"<!-- This site is optimized with the Yoast SEO plugin v26.5 - https:\/\/yoast.com\/wordpress\/plugins\/seo\/ -->\n<title>Mach\u2019s Fruchtig WASPE 20000 Blueberry Raspberry Lemonade Vape Jetzt Im Sonderangebot | Vapingnet.de<\/title>\n<meta name=\"description\" content=\"Entdecke Mach\u2019s Fruchtig WASPE 20000 Blueberry Raspberry Lemonade Vape Jetzt Im Sonderangebot bei vapingnet.de, \u25ba Gro\u00dfe Auswahl an Geschmacksrichtungen &amp; super g\u00fcnstig!\" \/>\n<meta name=\"robots\" content=\"index, follow, max-snippet:-1, max-image-preview:large, max-video-preview:-1\" \/>\n<link rel=\"canonical\" href=\"https:\/\/vapingnet.de\/it\/vape\/machs-fruchtig-waspe-20000-blueberry-raspberry-lemonade-vape-jetzt-im-sonderangebot\/\" \/>\n<meta property=\"og:locale\" content=\"it_IT\" \/>\n<meta property=\"og:type\" content=\"article\" \/>\n<meta property=\"og:title\" content=\"Mach\u2019s Fruchtig WASPE 20000 Blueberry Raspberry Lemonade Vape Jetzt Im Sonderangebot | Vapingnet.de\" \/>\n<meta property=\"og:description\" content=\"Entdecke Mach\u2019s Fruchtig WASPE 20000 Blueberry Raspberry Lemonade Vape Jetzt Im Sonderangebot bei vapingnet.de, \u25ba Gro\u00dfe Auswahl an Geschmacksrichtungen &amp; super g\u00fcnstig!\" \/>\n<meta property=\"og:url\" content=\"https:\/\/vapingnet.de\/it\/vape\/machs-fruchtig-waspe-20000-blueberry-raspberry-lemonade-vape-jetzt-im-sonderangebot\/\" \/>\n<meta property=\"og:site_name\" content=\"Vapingnet.de\" \/>\n<meta property=\"article:publisher\" content=\"https:\/\/www.facebook.com\/vapingnetde\/\" \/>\n<meta property=\"article:modified_time\" content=\"2026-04-15T06:48:49+00:00\" \/>\n<meta property=\"og:image\" content=\"https:\/\/vapingnet.de\/wp-content\/uploads\/2025\/05\/Blueberry-Raspberry-Lemonade.webp\" \/>\n\t<meta property=\"og:image:width\" content=\"1000\" \/>\n\t<meta property=\"og:image:height\" content=\"1000\" \/>\n\t<meta property=\"og:image:type\" content=\"image\/webp\" \/>\n<meta name=\"twitter:card\" content=\"summary_large_image\" \/>\n<meta name=\"twitter:label1\" content=\"Est. reading time\" \/>\n\t<meta name=\"twitter:data1\" content=\"3 minutes\" \/>\n<script type=\"application\/ld+json\" class=\"yoast-schema-graph\">{\"@context\":\"https:\/\/schema.org\",\"@graph\":[{\"@type\":\"WebPage\",\"@id\":\"https:\/\/vapingnet.de\/vape\/machs-fruchtig-waspe-20000-blueberry-raspberry-lemonade-vape-jetzt-im-sonderangebot\/\",\"url\":\"https:\/\/vapingnet.de\/vape\/machs-fruchtig-waspe-20000-blueberry-raspberry-lemonade-vape-jetzt-im-sonderangebot\/\",\"name\":\"Mach\u2019s Fruchtig WASPE 20000 Blueberry Raspberry Lemonade Vape Jetzt Im Sonderangebot | Vapingnet.de\",\"isPartOf\":{\"@id\":\"https:\/\/vapingnet.de\/#website\"},\"primaryImageOfPage\":{\"@id\":\"https:\/\/vapingnet.de\/vape\/machs-fruchtig-waspe-20000-blueberry-raspberry-lemonade-vape-jetzt-im-sonderangebot\/#primaryimage\"},\"image\":{\"@id\":\"https:\/\/vapingnet.de\/vape\/machs-fruchtig-waspe-20000-blueberry-raspberry-lemonade-vape-jetzt-im-sonderangebot\/#primaryimage\"},\"thumbnailUrl\":\"https:\/\/vapingnet.de\/wp-content\/uploads\/2025\/05\/Blueberry-Raspberry-Lemonade.webp\",\"datePublished\":\"2025-05-05T06:56:48+00:00\",\"dateModified\":\"2026-04-15T06:48:49+00:00\",\"description\":\"Entdecke Mach\u2019s Fruchtig WASPE 20000 Blueberry Raspberry Lemonade Vape Jetzt Im Sonderangebot bei vapingnet.de, \u25ba Gro\u00dfe Auswahl an Geschmacksrichtungen & super g\u00fcnstig!\",\"breadcrumb\":{\"@id\":\"https:\/\/vapingnet.de\/vape\/machs-fruchtig-waspe-20000-blueberry-raspberry-lemonade-vape-jetzt-im-sonderangebot\/#breadcrumb\"},\"inLanguage\":\"it-IT\",\"potentialAction\":[{\"@type\":\"ReadAction\",\"target\":[\"https:\/\/vapingnet.de\/vape\/machs-fruchtig-waspe-20000-blueberry-raspberry-lemonade-vape-jetzt-im-sonderangebot\/\"]}]},{\"@type\":\"ImageObject\",\"inLanguage\":\"it-IT\",\"@id\":\"https:\/\/vapingnet.de\/vape\/machs-fruchtig-waspe-20000-blueberry-raspberry-lemonade-vape-jetzt-im-sonderangebot\/#primaryimage\",\"url\":\"https:\/\/vapingnet.de\/wp-content\/uploads\/2025\/05\/Blueberry-Raspberry-Lemonade.webp\",\"contentUrl\":\"https:\/\/vapingnet.de\/wp-content\/uploads\/2025\/05\/Blueberry-Raspberry-Lemonade.webp\",\"width\":1000,\"height\":1000},{\"@type\":\"BreadcrumbList\",\"@id\":\"https:\/\/vapingnet.de\/vape\/machs-fruchtig-waspe-20000-blueberry-raspberry-lemonade-vape-jetzt-im-sonderangebot\/#breadcrumb\",\"itemListElement\":[{\"@type\":\"ListItem\",\"position\":1,\"name\":\"Home\",\"item\":\"https:\/\/vapingnet.de\/\"},{\"@type\":\"ListItem\",\"position\":2,\"name\":\"Shop\",\"item\":\"https:\/\/vapingnet.de\/vape\/\"},{\"@type\":\"ListItem\",\"position\":3,\"name\":\"Mach\u2019s Fruchtig WASPE 20000 Blueberry Raspberry Lemonade Vape Jetzt Im Sonderangebot\"}]},{\"@type\":\"WebSite\",\"@id\":\"https:\/\/vapingnet.de\/#website\",\"url\":\"https:\/\/vapingnet.de\/\",\"name\":\"Vapingnet.de\",\"description\":\"\",\"publisher\":{\"@id\":\"https:\/\/vapingnet.de\/#organization\"},\"potentialAction\":[{\"@type\":\"SearchAction\",\"target\":{\"@type\":\"EntryPoint\",\"urlTemplate\":\"https:\/\/vapingnet.de\/?s={search_term_string}\"},\"query-input\":{\"@type\":\"PropertyValueSpecification\",\"valueRequired\":true,\"valueName\":\"search_term_string\"}}],\"inLanguage\":\"it-IT\"},{\"@type\":\"Organization\",\"@id\":\"https:\/\/vapingnet.de\/#organization\",\"name\":\"Vapingnet.de\",\"url\":\"https:\/\/vapingnet.de\/\",\"logo\":{\"@type\":\"ImageObject\",\"inLanguage\":\"it-IT\",\"@id\":\"https:\/\/vapingnet.de\/#\/schema\/logo\/image\/\",\"url\":\"https:\/\/vapingnet.de\/wp-content\/uploads\/2025\/03\/cropped-vapingnet.de_.jpg\",\"contentUrl\":\"https:\/\/vapingnet.de\/wp-content\/uploads\/2025\/03\/cropped-vapingnet.de_.jpg\",\"width\":512,\"height\":512,\"caption\":\"Vapingnet.de\"},\"image\":{\"@id\":\"https:\/\/vapingnet.de\/#\/schema\/logo\/image\/\"},\"sameAs\":[\"https:\/\/www.facebook.com\/vapingnetde\/\"]}]}<\/script>\n<!-- \/ Yoast SEO plugin. -->","yoast_head_json":{"title":"Mach\u2019s Fruchtig WASPE 20000 Blueberry Raspberry Lemonade Vape Jetzt Im Sonderangebot | Vapingnet.de","description":"Entdecke Mach\u2019s Fruchtig WASPE 20000 Blueberry Raspberry Lemonade Vape Jetzt Im Sonderangebot bei vapingnet.de, \u25ba Gro\u00dfe Auswahl an Geschmacksrichtungen & super g\u00fcnstig!","robots":{"index":"index","follow":"follow","max-snippet":"max-snippet:-1","max-image-preview":"max-image-preview:large","max-video-preview":"max-video-preview:-1"},"canonical":"https:\/\/vapingnet.de\/it\/vape\/machs-fruchtig-waspe-20000-blueberry-raspberry-lemonade-vape-jetzt-im-sonderangebot\/","og_locale":"it_IT","og_type":"article","og_title":"Mach\u2019s Fruchtig WASPE 20000 Blueberry Raspberry Lemonade Vape Jetzt Im Sonderangebot | Vapingnet.de","og_description":"Entdecke Mach\u2019s Fruchtig WASPE 20000 Blueberry Raspberry Lemonade Vape Jetzt Im Sonderangebot bei vapingnet.de, \u25ba Gro\u00dfe Auswahl an Geschmacksrichtungen & super g\u00fcnstig!","og_url":"https:\/\/vapingnet.de\/it\/vape\/machs-fruchtig-waspe-20000-blueberry-raspberry-lemonade-vape-jetzt-im-sonderangebot\/","og_site_name":"Vapingnet.de","article_publisher":"https:\/\/www.facebook.com\/vapingnetde\/","article_modified_time":"2026-04-15T06:48:49+00:00","og_image":[{"width":1000,"height":1000,"url":"https:\/\/vapingnet.de\/wp-content\/uploads\/2025\/05\/Blueberry-Raspberry-Lemonade.webp","type":"image\/webp"}],"twitter_card":"summary_large_image","twitter_misc":{"Est. reading time":"3 minutes"},"schema":{"@context":"https:\/\/schema.org","@graph":[{"@type":"WebPage","@id":"https:\/\/vapingnet.de\/vape\/machs-fruchtig-waspe-20000-blueberry-raspberry-lemonade-vape-jetzt-im-sonderangebot\/","url":"https:\/\/vapingnet.de\/vape\/machs-fruchtig-waspe-20000-blueberry-raspberry-lemonade-vape-jetzt-im-sonderangebot\/","name":"Mach\u2019s Fruchtig WASPE 20000 Blueberry Raspberry Lemonade Vape Jetzt Im Sonderangebot | Vapingnet.de","isPartOf":{"@id":"https:\/\/vapingnet.de\/#website"},"primaryImageOfPage":{"@id":"https:\/\/vapingnet.de\/vape\/machs-fruchtig-waspe-20000-blueberry-raspberry-lemonade-vape-jetzt-im-sonderangebot\/#primaryimage"},"image":{"@id":"https:\/\/vapingnet.de\/vape\/machs-fruchtig-waspe-20000-blueberry-raspberry-lemonade-vape-jetzt-im-sonderangebot\/#primaryimage"},"thumbnailUrl":"https:\/\/vapingnet.de\/wp-content\/uploads\/2025\/05\/Blueberry-Raspberry-Lemonade.webp","datePublished":"2025-05-05T06:56:48+00:00","dateModified":"2026-04-15T06:48:49+00:00","description":"Entdecke Mach\u2019s Fruchtig WASPE 20000 Blueberry Raspberry Lemonade Vape Jetzt Im Sonderangebot bei vapingnet.de, \u25ba Gro\u00dfe Auswahl an Geschmacksrichtungen & super g\u00fcnstig!","breadcrumb":{"@id":"https:\/\/vapingnet.de\/vape\/machs-fruchtig-waspe-20000-blueberry-raspberry-lemonade-vape-jetzt-im-sonderangebot\/#breadcrumb"},"inLanguage":"it-IT","potentialAction":[{"@type":"ReadAction","target":["https:\/\/vapingnet.de\/vape\/machs-fruchtig-waspe-20000-blueberry-raspberry-lemonade-vape-jetzt-im-sonderangebot\/"]}]},{"@type":"ImageObject","inLanguage":"it-IT","@id":"https:\/\/vapingnet.de\/vape\/machs-fruchtig-waspe-20000-blueberry-raspberry-lemonade-vape-jetzt-im-sonderangebot\/#primaryimage","url":"https:\/\/vapingnet.de\/wp-content\/uploads\/2025\/05\/Blueberry-Raspberry-Lemonade.webp","contentUrl":"https:\/\/vapingnet.de\/wp-content\/uploads\/2025\/05\/Blueberry-Raspberry-Lemonade.webp","width":1000,"height":1000},{"@type":"BreadcrumbList","@id":"https:\/\/vapingnet.de\/vape\/machs-fruchtig-waspe-20000-blueberry-raspberry-lemonade-vape-jetzt-im-sonderangebot\/#breadcrumb","itemListElement":[{"@type":"ListItem","position":1,"name":"Home","item":"https:\/\/vapingnet.de\/"},{"@type":"ListItem","position":2,"name":"Shop","item":"https:\/\/vapingnet.de\/vape\/"},{"@type":"ListItem","position":3,"name":"Mach\u2019s Fruchtig WASPE 20000 Blueberry Raspberry Lemonade Vape Jetzt Im Sonderangebot"}]},{"@type":"WebSite","@id":"https:\/\/vapingnet.de\/#website","url":"https:\/\/vapingnet.de\/","name":"Vapingnet.de","description":"","publisher":{"@id":"https:\/\/vapingnet.de\/#organization"},"potentialAction":[{"@type":"SearchAction","target":{"@type":"EntryPoint","urlTemplate":"https:\/\/vapingnet.de\/?s={search_term_string}"},"query-input":{"@type":"PropertyValueSpecification","valueRequired":true,"valueName":"search_term_string"}}],"inLanguage":"it-IT"},{"@type":"Organization","@id":"https:\/\/vapingnet.de\/#organization","name":"Vapingnet.de","url":"https:\/\/vapingnet.de\/","logo":{"@type":"ImageObject","inLanguage":"it-IT","@id":"https:\/\/vapingnet.de\/#\/schema\/logo\/image\/","url":"https:\/\/vapingnet.de\/wp-content\/uploads\/2025\/03\/cropped-vapingnet.de_.jpg","contentUrl":"https:\/\/vapingnet.de\/wp-content\/uploads\/2025\/03\/cropped-vapingnet.de_.jpg","width":512,"height":512,"caption":"Vapingnet.de"},"image":{"@id":"https:\/\/vapingnet.de\/#\/schema\/logo\/image\/"},"sameAs":["https:\/\/www.facebook.com\/vapingnetde\/"]}]}},"tiered_pricing_type":"fixed","tiered_pricing_fixed_rules":[],"tiered_pricing_product_settings":{"layout":"default","base_unit_name":{"singular":null,"plural":null},"default_variation":null},"tiered_pricing_minimum_quantity":null,"tiered_pricing_roles_data":[],"tiered_pricing_percentage_rules":[],"_links":{"self":[{"href":"https:\/\/vapingnet.de\/it\/wp-json\/wp\/v2\/product\/6792","targetHints":{"allow":["GET"]}}],"collection":[{"href":"https:\/\/vapingnet.de\/it\/wp-json\/wp\/v2\/product"}],"about":[{"href":"https:\/\/vapingnet.de\/it\/wp-json\/wp\/v2\/types\/product"}],"version-history":[{"count":1,"href":"https:\/\/vapingnet.de\/it\/wp-json\/wp\/v2\/product\/6792\/revisions"}],"predecessor-version":[{"id":6799,"href":"https:\/\/vapingnet.de\/it\/wp-json\/wp\/v2\/product\/6792\/revisions\/6799"}],"wp:featuredmedia":[{"embeddable":true,"href":"https:\/\/vapingnet.de\/it\/wp-json\/wp\/v2\/media\/6777"}],"wp:attachment":[{"href":"https:\/\/vapingnet.de\/it\/wp-json\/wp\/v2\/media?parent=6792"}],"wp:term":[{"taxonomy":"brand","embeddable":true,"href":"https:\/\/vapingnet.de\/it\/wp-json\/wp\/v2\/etheme_brands?post=6792"},{"taxonomy":"product_brand","embeddable":true,"href":"https:\/\/vapingnet.de\/it\/wp-json\/wp\/v2\/product_brand?post=6792"},{"taxonomy":"product_cat","embeddable":true,"href":"https:\/\/vapingnet.de\/it\/wp-json\/wp\/v2\/product_cat?post=6792"},{"taxonomy":"product_tag","embeddable":true,"href":"https:\/\/vapingnet.de\/it\/wp-json\/wp\/v2\/product_tag?post=6792"}],"curies":[{"name":"wp","href":"https:\/\/api.w.org\/{rel}","templated":true}]}}