{"id":6807,"date":"2025-05-06T02:48:56","date_gmt":"2025-05-06T02:48:56","guid":{"rendered":"https:\/\/vapingnet.de\/?post_type=product&#038;p=6807"},"modified":"2026-04-15T06:46:53","modified_gmt":"2026-04-15T06:46:53","slug":"waspe-vape-mit-dual-mesh-blueberry-ice-geschmack-weltweit-beliebt","status":"publish","type":"product","link":"https:\/\/vapingnet.de\/it\/vape\/waspe-vape-mit-dual-mesh-blueberry-ice-geschmack-weltweit-beliebt\/","title":{"rendered":"WASPE Vape con Dual Mesh Blueberry Ice gusto ampiamente popolare in tutto il mondo"},"content":{"rendered":"<h2 data-start=\"0\" data-end=\"88\" data-immersive-translate-walked=\"2b2f2001-4991-4a92-8faf-5c71c4b84d00\">La WASPE 20000 Puff Dual Mesh E-Zigarette il tuo compagno ideale per un lungo piacere<\/h2>\n<p class=\"\" data-start=\"90\" data-end=\"431\" data-immersive-translate-walked=\"2b2f2001-4991-4a92-8faf-5c71c4b84d00\" data-immersive-translate-paragraph=\"1\">La WASPE 20000 Puff Dual Mesh E-Zigarette usa e getta rappresenta un'innovazione rivoluzionaria nel settore delle sigarette elettroniche. Con la sua moderna tecnologia Dual Mesh Coil e una vasta gamma di funzioni pratiche, questo dispositivo offre un'esperienza di svapo senza paragoni. Perfetta per gli svapatori che puntano sia sulle prestazioni che sul gusto.<\/p>\n<h3 data-start=\"433\" data-end=\"473\" data-immersive-translate-walked=\"2b2f2001-4991-4a92-8faf-5c71c4b84d00\">Caratteristiche principali della WASPE E-Zigarette:<\/h3>\n<ul data-start=\"475\" data-end=\"1929\" data-immersive-translate-walked=\"2b2f2001-4991-4a92-8faf-5c71c4b84d00\">\n<li class=\"\" data-start=\"475\" data-end=\"746\" data-immersive-translate-walked=\"2b2f2001-4991-4a92-8faf-5c71c4b84d00\">\n<p class=\"\" data-start=\"477\" data-end=\"746\" data-immersive-translate-walked=\"2b2f2001-4991-4a92-8faf-5c71c4b84d00\" data-immersive-translate-paragraph=\"1\">Dual Mesh Coils: Con una resistenza di 0,8 Ohm, la tecnologia Dual Mesh Coil garantisce nuvole di vapore dense e uniformi e un gusto intenso ad ogni tiro. Il design a mesh assicura una vaporizzazione uniforme del liquido e una formazione costante di vapore.<\/p>\n<\/li>\n<li class=\"\" data-start=\"750\" data-end=\"1032\" data-immersive-translate-walked=\"2b2f2001-4991-4a92-8faf-5c71c4b84d00\">\n<p class=\"\" data-start=\"752\" data-end=\"1032\" data-immersive-translate-walked=\"2b2f2001-4991-4a92-8faf-5c71c4b84d00\" data-immersive-translate-paragraph=\"1\">Capacit\u00e0 eccellente: Con una capacit\u00e0 di liquido di 24 ml e una batteria potente da 900 mAh, la WASPE 20.000 tiri offre un piacere di svapo prolungato. La lunga durata assicura che tu possa usare il dispositivo per un lungo periodo senza doverlo ricaricare.<\/p>\n<\/li>\n<li class=\"\" data-start=\"1034\" data-end=\"1247\" data-immersive-translate-walked=\"2b2f2001-4991-4a92-8faf-5c71c4b84d00\">\n<p class=\"\" data-start=\"1036\" data-end=\"1247\" data-immersive-translate-walked=\"2b2f2001-4991-4a92-8faf-5c71c4b84d00\" data-immersive-translate-paragraph=\"1\">Display LCD: Un pratico display LCD mostra la quantit\u00e0 di liquido residuo e lo stato della batteria. In questo modo, hai sempre sotto controllo il tuo utilizzo e puoi ricaricare o riempire in tempo.<\/p>\n<\/li>\n<li class=\"\" data-start=\"1249\" data-end=\"1433\" data-immersive-translate-walked=\"2b2f2001-4991-4a92-8faf-5c71c4b84d00\">\n<p class=\"\" data-start=\"1251\" data-end=\"1433\" data-immersive-translate-walked=\"2b2f2001-4991-4a92-8faf-5c71c4b84d00\" data-immersive-translate-paragraph=\"1\">Vasta gamma di livelli di nicotina: La WASPE \u00e8 disponibile in diversi livelli di nicotina (0%, 2%, 3% e 5%), offrendoti la flessibilit\u00e0 di scegliere l'opzione pi\u00f9 adatta a te.<\/p>\n<\/li>\n<li class=\"\" data-start=\"1435\" data-end=\"1665\" data-immersive-translate-walked=\"2b2f2001-4991-4a92-8faf-5c71c4b84d00\">\n<p class=\"\" data-start=\"1437\" data-end=\"1665\" data-immersive-translate-walked=\"2b2f2001-4991-4a92-8faf-5c71c4b84d00\" data-immersive-translate-paragraph=\"1\">Connettore di ricarica Type-C: Con una moderna porta Type-C, la sigaretta elettronica si ricarica rapidamente ed efficacemente. In questo modo, puoi assicurarti che il dispositivo sia sempre pronto all'uso, senza lunghe attese di ricarica.<\/p>\n<\/li>\n<li class=\"\" data-start=\"1667\" data-end=\"1929\" data-immersive-translate-walked=\"2b2f2001-4991-4a92-8faf-5c71c4b84d00\">\n<p class=\"\" data-start=\"1669\" data-end=\"1929\" data-immersive-translate-walked=\"2b2f2001-4991-4a92-8faf-5c71c4b84d00\" data-immersive-translate-paragraph=\"1\">Esperienza di gusto \u201eBlueberry Ice\u201c: Il sapore rinfrescante di mirtilli, combinato con un effetto ghiaccio, garantisce un'esperienza di svapo particolarmente piacevole. Un aroma ideale per chi ama gusti fruttati e rinfrescanti.<\/p>\n<\/li>\n<\/ul>\n<h3 data-start=\"1931\" data-end=\"2025\" data-immersive-translate-walked=\"2b2f2001-4991-4a92-8faf-5c71c4b84d00\"><img fetchpriority=\"high\" decoding=\"async\" class=\"size-full wp-image-6902 aligncenter\" src=\"https:\/\/vapingnet.de\/wp-content\/uploads\/2025\/05\/WASPE-VAPE1.webp\" alt=\"\" width=\"1000\" height=\"1000\" srcset=\"https:\/\/vapingnet.de\/wp-content\/uploads\/2025\/05\/WASPE-VAPE1.webp 1000w, https:\/\/vapingnet.de\/wp-content\/uploads\/2025\/05\/WASPE-VAPE1-300x300.webp 300w, https:\/\/vapingnet.de\/wp-content\/uploads\/2025\/05\/WASPE-VAPE1-150x150.webp 150w, https:\/\/vapingnet.de\/wp-content\/uploads\/2025\/05\/WASPE-VAPE1-768x768.webp 768w, https:\/\/vapingnet.de\/wp-content\/uploads\/2025\/05\/WASPE-VAPE1-600x600.webp 600w, https:\/\/vapingnet.de\/wp-content\/uploads\/2025\/05\/WASPE-VAPE1-100x100.webp 100w, https:\/\/vapingnet.de\/wp-content\/uploads\/2025\/05\/WASPE-VAPE1-1x1.webp 1w, https:\/\/vapingnet.de\/wp-content\/uploads\/2025\/05\/WASPE-VAPE1-10x10.webp 10w\" sizes=\"(max-width: 1000px) 100vw, 1000px\" \/><\/h3>\n<h3 data-start=\"1931\" data-end=\"2025\" data-immersive-translate-walked=\"2b2f2001-4991-4a92-8faf-5c71c4b84d00\">Perch\u00e9 scegliere la WASPE 20000 Puffs Dual Mesh usa e getta?<\/h3>\n<ul data-start=\"2027\" data-end=\"2741\" data-immersive-translate-walked=\"2b2f2001-4991-4a92-8faf-5c71c4b84d00\">\n<li class=\"\" data-start=\"2027\" data-end=\"2287\" data-immersive-translate-walked=\"2b2f2001-4991-4a92-8faf-5c71c4b84d00\">\n<p class=\"\" data-start=\"2029\" data-end=\"2287\" data-immersive-translate-walked=\"2b2f2001-4991-4a92-8faf-5c71c4b84d00\" data-immersive-translate-paragraph=\"1\">Dogana libera e comoda: La sigaretta elettronica WASPE \u00e8 senza dazi, rendendo l'acquisto all'interno dell'UE particolarmente semplice ed economico. Inoltre, offriamo spedizioni rapide dal nostro magazzino europeo, cos\u00ec riceverai il tuo ordine in tempi brevissimi.<\/p>\n<\/li>\n<li class=\"\" data-start=\"2289\" data-end=\"2510\" data-immersive-translate-walked=\"2b2f2001-4991-4a92-8faf-5c71c4b84d00\">\n<p class=\"\" data-start=\"2291\" data-end=\"2510\" data-immersive-translate-walked=\"2b2f2001-4991-4a92-8faf-5c71c4b84d00\" data-immersive-translate-paragraph=\"1\">Prestazioni di prima classe e lunga durata: Con fino a 20.000 tiri e una costruzione di alta qualit\u00e0, la WASPE E-Zigarette \u00e8 perfetta per gli svapatori che cercano un utilizzo durevole e affidabile.<\/p>\n<\/li>\n<li class=\"\" data-start=\"2512\" data-end=\"2741\" data-immersive-translate-walked=\"2b2f2001-4991-4a92-8faf-5c71c4b84d00\">\n<p class=\"\" data-start=\"2514\" data-end=\"2741\" data-immersive-translate-walked=\"2b2f2001-4991-4a92-8faf-5c71c4b84d00\" data-immersive-translate-paragraph=\"1\">Facile da usare: La gestione semplice e il design pratico rendono la WASPE E-Zigarette il compagno ideale per l'uso quotidiano. La facilit\u00e0 d'uso \u00e8 adatta sia ai principianti che agli svapatori esperti.<\/p>\n<\/li>\n<\/ul>\n<p class=\"\" data-start=\"2743\" data-end=\"2951\" data-immersive-translate-walked=\"2b2f2001-4991-4a92-8faf-5c71c4b84d00\" data-immersive-translate-paragraph=\"1\">Visita vapingnet.de per scoprire di pi\u00f9 sulla WASPE 20000 Puffs Dual Mesh E-Zigarette usa e getta e per effettuare il tuo ordine. Vivi il gusto del futuro con questa innovativa sigaretta elettronica!<\/p>","protected":false},"excerpt":{"rendered":"<p>La WASPE 20000 Puffs Dual Mesh Sigaretta elettronica usa e getta il tuo compagno ideale per un piacere duraturo La WASPE 20000 Puffs Dual Mesh sigaretta elettronica usa e getta rappresenta un'innovazione rivoluzionaria...<\/p>","protected":false},"featured_media":6901,"template":"","meta":[],"etheme_brands":[],"product_brand":[98],"product_cat":[54,49,61],"product_tag":[],"class_list":{"0":"post-6807","1":"product","2":"type-product","3":"status-publish","4":"has-post-thumbnail","6":"product_brand-waspe-vape","7":"product_cat-vape-20000-zuege","8":"product_cat-einweg-e-zigarette","9":"product_cat-f","11":"first","12":"instock","13":"shipping-taxable","14":"purchasable","15":"product-type-variable"},"yoast_head":"<!-- This site is optimized with the Yoast SEO plugin v26.5 - https:\/\/yoast.com\/wordpress\/plugins\/seo\/ -->\n<title>WASPE Vape Mit Dual Mesh Blueberry Ice Geschmack Weltweit Beliebt | Vapingnet.de<\/title>\n<meta name=\"description\" content=\"Entdecke WASPE Vape Mit Dual Mesh Blueberry Ice Geschmack Weltweit Beliebt bei vapingnet.de, \u25ba Gro\u00dfe Auswahl an Geschmacksrichtungen &amp; super g\u00fcnstig!\" \/>\n<meta name=\"robots\" content=\"index, follow, max-snippet:-1, max-image-preview:large, max-video-preview:-1\" \/>\n<link rel=\"canonical\" href=\"https:\/\/vapingnet.de\/it\/vape\/waspe-vape-mit-dual-mesh-blueberry-ice-geschmack-weltweit-beliebt\/\" \/>\n<meta property=\"og:locale\" content=\"it_IT\" \/>\n<meta property=\"og:type\" content=\"article\" \/>\n<meta property=\"og:title\" content=\"WASPE Vape Mit Dual Mesh Blueberry Ice Geschmack Weltweit Beliebt | Vapingnet.de\" \/>\n<meta property=\"og:description\" content=\"Entdecke WASPE Vape Mit Dual Mesh Blueberry Ice Geschmack Weltweit Beliebt bei vapingnet.de, \u25ba Gro\u00dfe Auswahl an Geschmacksrichtungen &amp; super g\u00fcnstig!\" \/>\n<meta property=\"og:url\" content=\"https:\/\/vapingnet.de\/it\/vape\/waspe-vape-mit-dual-mesh-blueberry-ice-geschmack-weltweit-beliebt\/\" \/>\n<meta property=\"og:site_name\" content=\"Vapingnet.de\" \/>\n<meta property=\"article:publisher\" content=\"https:\/\/www.facebook.com\/vapingnetde\/\" \/>\n<meta property=\"article:modified_time\" content=\"2026-04-15T06:46:53+00:00\" \/>\n<meta property=\"og:image\" content=\"https:\/\/vapingnet.de\/wp-content\/uploads\/2025\/05\/WASPE-VAPE2.webp\" \/>\n\t<meta property=\"og:image:width\" content=\"1000\" \/>\n\t<meta property=\"og:image:height\" content=\"1000\" \/>\n\t<meta property=\"og:image:type\" content=\"image\/webp\" \/>\n<meta name=\"twitter:card\" content=\"summary_large_image\" \/>\n<meta name=\"twitter:label1\" content=\"Est. reading time\" \/>\n\t<meta name=\"twitter:data1\" content=\"3 minutes\" \/>\n<script type=\"application\/ld+json\" class=\"yoast-schema-graph\">{\"@context\":\"https:\/\/schema.org\",\"@graph\":[{\"@type\":\"WebPage\",\"@id\":\"https:\/\/vapingnet.de\/vape\/waspe-vape-mit-dual-mesh-blueberry-ice-geschmack-weltweit-beliebt\/\",\"url\":\"https:\/\/vapingnet.de\/vape\/waspe-vape-mit-dual-mesh-blueberry-ice-geschmack-weltweit-beliebt\/\",\"name\":\"WASPE Vape Mit Dual Mesh Blueberry Ice Geschmack Weltweit Beliebt | Vapingnet.de\",\"isPartOf\":{\"@id\":\"https:\/\/vapingnet.de\/#website\"},\"primaryImageOfPage\":{\"@id\":\"https:\/\/vapingnet.de\/vape\/waspe-vape-mit-dual-mesh-blueberry-ice-geschmack-weltweit-beliebt\/#primaryimage\"},\"image\":{\"@id\":\"https:\/\/vapingnet.de\/vape\/waspe-vape-mit-dual-mesh-blueberry-ice-geschmack-weltweit-beliebt\/#primaryimage\"},\"thumbnailUrl\":\"https:\/\/vapingnet.de\/wp-content\/uploads\/2025\/05\/WASPE-VAPE2.webp\",\"datePublished\":\"2025-05-06T02:48:56+00:00\",\"dateModified\":\"2026-04-15T06:46:53+00:00\",\"description\":\"Entdecke WASPE Vape Mit Dual Mesh Blueberry Ice Geschmack Weltweit Beliebt bei vapingnet.de, \u25ba Gro\u00dfe Auswahl an Geschmacksrichtungen & super g\u00fcnstig!\",\"breadcrumb\":{\"@id\":\"https:\/\/vapingnet.de\/vape\/waspe-vape-mit-dual-mesh-blueberry-ice-geschmack-weltweit-beliebt\/#breadcrumb\"},\"inLanguage\":\"it-IT\",\"potentialAction\":[{\"@type\":\"ReadAction\",\"target\":[\"https:\/\/vapingnet.de\/vape\/waspe-vape-mit-dual-mesh-blueberry-ice-geschmack-weltweit-beliebt\/\"]}]},{\"@type\":\"ImageObject\",\"inLanguage\":\"it-IT\",\"@id\":\"https:\/\/vapingnet.de\/vape\/waspe-vape-mit-dual-mesh-blueberry-ice-geschmack-weltweit-beliebt\/#primaryimage\",\"url\":\"https:\/\/vapingnet.de\/wp-content\/uploads\/2025\/05\/WASPE-VAPE2.webp\",\"contentUrl\":\"https:\/\/vapingnet.de\/wp-content\/uploads\/2025\/05\/WASPE-VAPE2.webp\",\"width\":1000,\"height\":1000},{\"@type\":\"BreadcrumbList\",\"@id\":\"https:\/\/vapingnet.de\/vape\/waspe-vape-mit-dual-mesh-blueberry-ice-geschmack-weltweit-beliebt\/#breadcrumb\",\"itemListElement\":[{\"@type\":\"ListItem\",\"position\":1,\"name\":\"Home\",\"item\":\"https:\/\/vapingnet.de\/\"},{\"@type\":\"ListItem\",\"position\":2,\"name\":\"Shop\",\"item\":\"https:\/\/vapingnet.de\/vape\/\"},{\"@type\":\"ListItem\",\"position\":3,\"name\":\"WASPE Vape Mit Dual Mesh Blueberry Ice Geschmack Weltweit Beliebt\"}]},{\"@type\":\"WebSite\",\"@id\":\"https:\/\/vapingnet.de\/#website\",\"url\":\"https:\/\/vapingnet.de\/\",\"name\":\"Vapingnet.de\",\"description\":\"\",\"publisher\":{\"@id\":\"https:\/\/vapingnet.de\/#organization\"},\"potentialAction\":[{\"@type\":\"SearchAction\",\"target\":{\"@type\":\"EntryPoint\",\"urlTemplate\":\"https:\/\/vapingnet.de\/?s={search_term_string}\"},\"query-input\":{\"@type\":\"PropertyValueSpecification\",\"valueRequired\":true,\"valueName\":\"search_term_string\"}}],\"inLanguage\":\"it-IT\"},{\"@type\":\"Organization\",\"@id\":\"https:\/\/vapingnet.de\/#organization\",\"name\":\"Vapingnet.de\",\"url\":\"https:\/\/vapingnet.de\/\",\"logo\":{\"@type\":\"ImageObject\",\"inLanguage\":\"it-IT\",\"@id\":\"https:\/\/vapingnet.de\/#\/schema\/logo\/image\/\",\"url\":\"https:\/\/vapingnet.de\/wp-content\/uploads\/2025\/03\/cropped-vapingnet.de_.jpg\",\"contentUrl\":\"https:\/\/vapingnet.de\/wp-content\/uploads\/2025\/03\/cropped-vapingnet.de_.jpg\",\"width\":512,\"height\":512,\"caption\":\"Vapingnet.de\"},\"image\":{\"@id\":\"https:\/\/vapingnet.de\/#\/schema\/logo\/image\/\"},\"sameAs\":[\"https:\/\/www.facebook.com\/vapingnetde\/\"]}]}<\/script>\n<!-- \/ Yoast SEO plugin. -->","yoast_head_json":{"title":"WASPE Vape Mit Dual Mesh Blueberry Ice Geschmack Weltweit Beliebt | Vapingnet.de","description":"Entdecke WASPE Vape Mit Dual Mesh Blueberry Ice Geschmack Weltweit Beliebt bei vapingnet.de, \u25ba Gro\u00dfe Auswahl an Geschmacksrichtungen & super g\u00fcnstig!","robots":{"index":"index","follow":"follow","max-snippet":"max-snippet:-1","max-image-preview":"max-image-preview:large","max-video-preview":"max-video-preview:-1"},"canonical":"https:\/\/vapingnet.de\/it\/vape\/waspe-vape-mit-dual-mesh-blueberry-ice-geschmack-weltweit-beliebt\/","og_locale":"it_IT","og_type":"article","og_title":"WASPE Vape Mit Dual Mesh Blueberry Ice Geschmack Weltweit Beliebt | Vapingnet.de","og_description":"Entdecke WASPE Vape Mit Dual Mesh Blueberry Ice Geschmack Weltweit Beliebt bei vapingnet.de, \u25ba Gro\u00dfe Auswahl an Geschmacksrichtungen & super g\u00fcnstig!","og_url":"https:\/\/vapingnet.de\/it\/vape\/waspe-vape-mit-dual-mesh-blueberry-ice-geschmack-weltweit-beliebt\/","og_site_name":"Vapingnet.de","article_publisher":"https:\/\/www.facebook.com\/vapingnetde\/","article_modified_time":"2026-04-15T06:46:53+00:00","og_image":[{"width":1000,"height":1000,"url":"https:\/\/vapingnet.de\/wp-content\/uploads\/2025\/05\/WASPE-VAPE2.webp","type":"image\/webp"}],"twitter_card":"summary_large_image","twitter_misc":{"Est. reading time":"3 minutes"},"schema":{"@context":"https:\/\/schema.org","@graph":[{"@type":"WebPage","@id":"https:\/\/vapingnet.de\/vape\/waspe-vape-mit-dual-mesh-blueberry-ice-geschmack-weltweit-beliebt\/","url":"https:\/\/vapingnet.de\/vape\/waspe-vape-mit-dual-mesh-blueberry-ice-geschmack-weltweit-beliebt\/","name":"WASPE Vape Mit Dual Mesh Blueberry Ice Geschmack Weltweit Beliebt | Vapingnet.de","isPartOf":{"@id":"https:\/\/vapingnet.de\/#website"},"primaryImageOfPage":{"@id":"https:\/\/vapingnet.de\/vape\/waspe-vape-mit-dual-mesh-blueberry-ice-geschmack-weltweit-beliebt\/#primaryimage"},"image":{"@id":"https:\/\/vapingnet.de\/vape\/waspe-vape-mit-dual-mesh-blueberry-ice-geschmack-weltweit-beliebt\/#primaryimage"},"thumbnailUrl":"https:\/\/vapingnet.de\/wp-content\/uploads\/2025\/05\/WASPE-VAPE2.webp","datePublished":"2025-05-06T02:48:56+00:00","dateModified":"2026-04-15T06:46:53+00:00","description":"Entdecke WASPE Vape Mit Dual Mesh Blueberry Ice Geschmack Weltweit Beliebt bei vapingnet.de, \u25ba Gro\u00dfe Auswahl an Geschmacksrichtungen & super g\u00fcnstig!","breadcrumb":{"@id":"https:\/\/vapingnet.de\/vape\/waspe-vape-mit-dual-mesh-blueberry-ice-geschmack-weltweit-beliebt\/#breadcrumb"},"inLanguage":"it-IT","potentialAction":[{"@type":"ReadAction","target":["https:\/\/vapingnet.de\/vape\/waspe-vape-mit-dual-mesh-blueberry-ice-geschmack-weltweit-beliebt\/"]}]},{"@type":"ImageObject","inLanguage":"it-IT","@id":"https:\/\/vapingnet.de\/vape\/waspe-vape-mit-dual-mesh-blueberry-ice-geschmack-weltweit-beliebt\/#primaryimage","url":"https:\/\/vapingnet.de\/wp-content\/uploads\/2025\/05\/WASPE-VAPE2.webp","contentUrl":"https:\/\/vapingnet.de\/wp-content\/uploads\/2025\/05\/WASPE-VAPE2.webp","width":1000,"height":1000},{"@type":"BreadcrumbList","@id":"https:\/\/vapingnet.de\/vape\/waspe-vape-mit-dual-mesh-blueberry-ice-geschmack-weltweit-beliebt\/#breadcrumb","itemListElement":[{"@type":"ListItem","position":1,"name":"Home","item":"https:\/\/vapingnet.de\/"},{"@type":"ListItem","position":2,"name":"Shop","item":"https:\/\/vapingnet.de\/vape\/"},{"@type":"ListItem","position":3,"name":"WASPE Vape Mit Dual Mesh Blueberry Ice Geschmack Weltweit Beliebt"}]},{"@type":"WebSite","@id":"https:\/\/vapingnet.de\/#website","url":"https:\/\/vapingnet.de\/","name":"Vapingnet.de","description":"","publisher":{"@id":"https:\/\/vapingnet.de\/#organization"},"potentialAction":[{"@type":"SearchAction","target":{"@type":"EntryPoint","urlTemplate":"https:\/\/vapingnet.de\/?s={search_term_string}"},"query-input":{"@type":"PropertyValueSpecification","valueRequired":true,"valueName":"search_term_string"}}],"inLanguage":"it-IT"},{"@type":"Organization","@id":"https:\/\/vapingnet.de\/#organization","name":"Vapingnet.de","url":"https:\/\/vapingnet.de\/","logo":{"@type":"ImageObject","inLanguage":"it-IT","@id":"https:\/\/vapingnet.de\/#\/schema\/logo\/image\/","url":"https:\/\/vapingnet.de\/wp-content\/uploads\/2025\/03\/cropped-vapingnet.de_.jpg","contentUrl":"https:\/\/vapingnet.de\/wp-content\/uploads\/2025\/03\/cropped-vapingnet.de_.jpg","width":512,"height":512,"caption":"Vapingnet.de"},"image":{"@id":"https:\/\/vapingnet.de\/#\/schema\/logo\/image\/"},"sameAs":["https:\/\/www.facebook.com\/vapingnetde\/"]}]}},"tiered_pricing_type":"fixed","tiered_pricing_fixed_rules":[],"tiered_pricing_product_settings":{"layout":"default","base_unit_name":{"singular":null,"plural":null},"default_variation":null},"tiered_pricing_minimum_quantity":null,"tiered_pricing_roles_data":[],"tiered_pricing_percentage_rules":[],"_links":{"self":[{"href":"https:\/\/vapingnet.de\/it\/wp-json\/wp\/v2\/product\/6807","targetHints":{"allow":["GET"]}}],"collection":[{"href":"https:\/\/vapingnet.de\/it\/wp-json\/wp\/v2\/product"}],"about":[{"href":"https:\/\/vapingnet.de\/it\/wp-json\/wp\/v2\/types\/product"}],"version-history":[{"count":2,"href":"https:\/\/vapingnet.de\/it\/wp-json\/wp\/v2\/product\/6807\/revisions"}],"predecessor-version":[{"id":6904,"href":"https:\/\/vapingnet.de\/it\/wp-json\/wp\/v2\/product\/6807\/revisions\/6904"}],"wp:featuredmedia":[{"embeddable":true,"href":"https:\/\/vapingnet.de\/it\/wp-json\/wp\/v2\/media\/6901"}],"wp:attachment":[{"href":"https:\/\/vapingnet.de\/it\/wp-json\/wp\/v2\/media?parent=6807"}],"wp:term":[{"taxonomy":"brand","embeddable":true,"href":"https:\/\/vapingnet.de\/it\/wp-json\/wp\/v2\/etheme_brands?post=6807"},{"taxonomy":"product_brand","embeddable":true,"href":"https:\/\/vapingnet.de\/it\/wp-json\/wp\/v2\/product_brand?post=6807"},{"taxonomy":"product_cat","embeddable":true,"href":"https:\/\/vapingnet.de\/it\/wp-json\/wp\/v2\/product_cat?post=6807"},{"taxonomy":"product_tag","embeddable":true,"href":"https:\/\/vapingnet.de\/it\/wp-json\/wp\/v2\/product_tag?post=6807"}],"curies":[{"name":"wp","href":"https:\/\/api.w.org\/{rel}","templated":true}]}}