{"id":6952,"date":"2025-05-26T03:44:07","date_gmt":"2025-05-26T03:44:07","guid":{"rendered":"https:\/\/vapingnet.de\/?post_type=product&#038;p=6952"},"modified":"2025-06-19T03:39:21","modified_gmt":"2025-06-19T03:39:21","slug":"geniesse-12000-puff-mit-strawberry-juice-vom-bang-box-disposable","status":"publish","type":"product","link":"https:\/\/vapingnet.de\/it\/vape\/geniesse-12000-puff-mit-strawberry-juice-vom-bang-box-disposable\/","title":{"rendered":"Goditi 12000 puff di succo di fragola con Bang Box Disposable"},"content":{"rendered":"<h2 data-start=\"92\" data-end=\"174\">Piacere di succo di fragola ad ogni tiro \u2013 La Bang Box 12000 Puff Vape al centro dell'attenzione<\/h2>\n<p data-start=\"176\" data-end=\"482\" data-immersive-translate-walked=\"124614d6-6d68-4e16-9487-3b94686f4a79\" data-immersive-translate-paragraph=\"1\">Se nel vaping scegli un gusto intenso, tecnologia moderna e prestazioni eccezionali, allora devi assolutamente conoscere la Bang Box 12000 Puff. Questa sigaretta elettronica usa e getta combina aroma intenso con un design elegante \u2013 per un'esperienza di svapo che non si dimentica cos\u00ec facilmente.<\/p>\n<h3 data-start=\"489\" data-end=\"538\" data-immersive-translate-walked=\"124614d6-6d68-4e16-9487-3b94686f4a79\">Cosa rende speciale la Bang Box 12000?<\/h3>\n<p data-start=\"540\" data-end=\"970\" data-immersive-translate-walked=\"124614d6-6d68-4e16-9487-3b94686f4a79\" data-immersive-translate-paragraph=\"1\">Con impressionanti 12.000 tiri, la Bang Box offre un'esperienza di utilizzo eccezionalmente lunga \u2013 ideale per chi vaporizza molto o come compagno affidabile in viaggio. A differenza di molti modelli usa e getta classici, \u00e8 dotata di una batteria da 650mAh, che si ricarica comodamente tramite una moderna porta Type-C. Cos\u00ec, usa e getta non significa necessariamente smaltimento immediato \u2013 un punto a favore in termini di sostenibilit\u00e0 e comfort.<\/p>\n<p data-start=\"972\" data-end=\"1180\" data-immersive-translate-walked=\"124614d6-6d68-4e16-9487-3b94686f4a79\" data-immersive-translate-paragraph=\"1\">L'atomizzatore Mesh da 0,8 Ohm integrato garantisce una distribuzione uniforme del calore, un gusto intenso e vapore denso e morbido. Ogni inalazione diventa un'esperienza di aroma completo \u2013 costante fino all'ultimo tiro.<\/p>\n<h4 data-start=\"1187\" data-end=\"1225\" data-immersive-translate-walked=\"124614d6-6d68-4e16-9487-3b94686f4a79\">Il gusto: Succo di Fragola<\/h4>\n<p data-start=\"1227\" data-end=\"1486\" data-immersive-translate-walked=\"124614d6-6d68-4e16-9487-3b94686f4a79\" data-immersive-translate-paragraph=\"1\">Un vero punto forte \u00e8 la variet\u00e0 Succo di Fragola \u2013 succosa, dolce e allo stesso tempo meravigliosamente rinfrescante. Questo sapore ricorda il succo di fragola appena spremuto, con una delicata nota fruttata e una leggera dolcezza, che non risultano n\u00e9 troppo artificiali n\u00e9 troppo pesanti.<\/p>\n<p data-start=\"1488\" data-end=\"1673\" data-immersive-translate-walked=\"124614d6-6d68-4e16-9487-3b94686f4a79\" data-immersive-translate-paragraph=\"1\">Durante l'espirazione rimane un piacevole retrogusto sulla lingua, che stimola il desiderio di un altro tiro. Per gli amanti dei vaporizzatori fruttati, Succo di Fragola \u00e8 un vero must-try.<\/p>\n<h4 data-start=\"1680\" data-end=\"1721\" data-immersive-translate-walked=\"124614d6-6d68-4e16-9487-3b94686f4a79\">Altri punti salienti in breve<\/h4>\n<ul data-start=\"1723\" data-end=\"2118\" data-immersive-translate-walked=\"124614d6-6d68-4e16-9487-3b94686f4a79\">\n<li data-start=\"1723\" data-end=\"1804\" data-immersive-translate-walked=\"124614d6-6d68-4e16-9487-3b94686f4a79\">\n<p data-start=\"1725\" data-end=\"1804\" data-immersive-translate-walked=\"124614d6-6d68-4e16-9487-3b94686f4a79\" data-immersive-translate-paragraph=\"1\">E-Liquid da 20ml: Capacit\u00e0 generosa per un aroma duraturo e costante<\/p>\n<\/li>\n<li data-start=\"1805\" data-end=\"1886\" data-immersive-translate-walked=\"124614d6-6d68-4e16-9487-3b94686f4a79\">\n<p data-start=\"1807\" data-end=\"1886\" data-immersive-translate-walked=\"124614d6-6d68-4e16-9487-3b94686f4a79\" data-immersive-translate-paragraph=\"1\">Contenuto di nicotina: Disponibile con 2 % o 5 %, a seconda delle preferenze individuali<\/p>\n<\/li>\n<li data-start=\"1887\" data-end=\"1951\" data-immersive-translate-walked=\"124614d6-6d68-4e16-9487-3b94686f4a79\">\n<p data-start=\"1889\" data-end=\"1951\" data-immersive-translate-walked=\"124614d6-6d68-4e16-9487-3b94686f4a79\" data-immersive-translate-paragraph=\"1\">Peso: 85g \u2013 leggero e compatto, perfetto per essere portato ovunque<\/p>\n<\/li>\n<li data-start=\"1952\" data-end=\"2038\" data-immersive-translate-walked=\"124614d6-6d68-4e16-9487-3b94686f4a79\">\n<p data-start=\"1954\" data-end=\"2038\" data-immersive-translate-walked=\"124614d6-6d68-4e16-9487-3b94686f4a79\" data-immersive-translate-paragraph=\"1\">Luce LED colorata: crea effetti visivi e indica lo stato di funzionamento con stile<\/p>\n<\/li>\n<li data-start=\"2039\" data-end=\"2118\" data-immersive-translate-walked=\"124614d6-6d68-4e16-9487-3b94686f4a79\">\n<p data-start=\"2041\" data-end=\"2118\" data-immersive-translate-walked=\"124614d6-6d68-4e16-9487-3b94686f4a79\" data-immersive-translate-paragraph=\"1\">Pronto all'uso: Nessun riempimento, nessuna regolazione \u2013 basta estrarre dalla confezione e iniziare<\/p>\n<\/li>\n<\/ul>\n<h4 data-start=\"2125\" data-end=\"2137\" data-immersive-translate-walked=\"124614d6-6d68-4e16-9487-3b94686f4a79\">Pi\u00f9 di una semplice vape usa e getta \u2013 Test quotidiano della Bang Box<\/h4>\n<p data-start=\"2139\" data-end=\"2387\" data-immersive-translate-walked=\"124614d6-6d68-4e16-9487-3b94686f4a79\" data-immersive-translate-paragraph=\"1\">La Bang Box 12000 Puff \u00e8 il mix ideale di stile, funzionalit\u00e0 e gusto. Combina tecnologia moderna con facilit\u00e0 d'uso e offre un'esperienza di svapo eccezionalmente intensa \u2013 perfetta per chi si aspetta di pi\u00f9 dalla propria vape.<\/p>\n<p data-start=\"2389\" data-end=\"2580\" data-immersive-translate-walked=\"124614d6-6d68-4e16-9487-3b94686f4a79\" data-immersive-translate-paragraph=\"1\">Che sia in viaggio o a casa, come vape quotidiana o per una pausa fruttata, chi ama il Succo di Fragola e cerca qualit\u00e0 affidabile sar\u00e0 entusiasta della Bang Box.<\/p>","protected":false},"excerpt":{"rendered":"<p>Strawberry Juice Piacere ad ogni tiro \u2013 La Bang Box 12000 Puff Vape sotto i riflettori Se cerchi un sapore intenso, tecnologia moderna e...<\/p>","protected":false},"featured_media":6959,"template":"","meta":[],"etheme_brands":[],"product_brand":[101],"product_cat":[88],"product_tag":[],"class_list":{"0":"post-6952","1":"product","2":"type-product","3":"status-publish","4":"has-post-thumbnail","6":"product_brand-bang-king-vape","7":"product_cat-12k-vape","9":"first","10":"instock","11":"shipping-taxable","12":"purchasable","13":"product-type-simple"},"yoast_head":"<!-- This site is optimized with the Yoast SEO plugin v26.5 - https:\/\/yoast.com\/wordpress\/plugins\/seo\/ -->\n<title>Genie\u00dfe 12000 Puff mit Strawberry Juice vom Bang Box Disposable | Vapingnet.de<\/title>\n<meta name=\"description\" content=\"Entdecke Genie\u00dfe 12000 Puff mit Strawberry Juice vom Bang Box Disposable bei vapingnet.de, \u25ba Gro\u00dfe Auswahl an Geschmacksrichtungen &amp; super g\u00fcnstig!\" \/>\n<meta name=\"robots\" content=\"index, follow, max-snippet:-1, max-image-preview:large, max-video-preview:-1\" \/>\n<link rel=\"canonical\" href=\"https:\/\/vapingnet.de\/it\/vape\/geniesse-12000-puff-mit-strawberry-juice-vom-bang-box-disposable\/\" \/>\n<meta property=\"og:locale\" content=\"it_IT\" \/>\n<meta property=\"og:type\" content=\"article\" \/>\n<meta property=\"og:title\" content=\"Genie\u00dfe 12000 Puff mit Strawberry Juice vom Bang Box Disposable | Vapingnet.de\" \/>\n<meta property=\"og:description\" content=\"Entdecke Genie\u00dfe 12000 Puff mit Strawberry Juice vom Bang Box Disposable bei vapingnet.de, \u25ba Gro\u00dfe Auswahl an Geschmacksrichtungen &amp; super g\u00fcnstig!\" \/>\n<meta property=\"og:url\" content=\"https:\/\/vapingnet.de\/it\/vape\/geniesse-12000-puff-mit-strawberry-juice-vom-bang-box-disposable\/\" \/>\n<meta property=\"og:site_name\" content=\"Vapingnet.de\" \/>\n<meta property=\"article:publisher\" content=\"https:\/\/www.facebook.com\/vapingnetde\/\" \/>\n<meta property=\"article:modified_time\" content=\"2025-06-19T03:39:21+00:00\" \/>\n<meta property=\"og:image\" content=\"https:\/\/vapingnet.de\/wp-content\/uploads\/2025\/05\/Strawberry-Juice.webp\" \/>\n\t<meta property=\"og:image:width\" content=\"1000\" \/>\n\t<meta property=\"og:image:height\" content=\"1000\" \/>\n\t<meta property=\"og:image:type\" content=\"image\/webp\" \/>\n<meta name=\"twitter:card\" content=\"summary_large_image\" \/>\n<meta name=\"twitter:label1\" content=\"Est. reading time\" \/>\n\t<meta name=\"twitter:data1\" content=\"3 minutes\" \/>\n<script type=\"application\/ld+json\" class=\"yoast-schema-graph\">{\"@context\":\"https:\/\/schema.org\",\"@graph\":[{\"@type\":\"WebPage\",\"@id\":\"https:\/\/vapingnet.de\/vape\/geniesse-12000-puff-mit-strawberry-juice-vom-bang-box-disposable\/\",\"url\":\"https:\/\/vapingnet.de\/vape\/geniesse-12000-puff-mit-strawberry-juice-vom-bang-box-disposable\/\",\"name\":\"Genie\u00dfe 12000 Puff mit Strawberry Juice vom Bang Box Disposable | Vapingnet.de\",\"isPartOf\":{\"@id\":\"https:\/\/vapingnet.de\/#website\"},\"primaryImageOfPage\":{\"@id\":\"https:\/\/vapingnet.de\/vape\/geniesse-12000-puff-mit-strawberry-juice-vom-bang-box-disposable\/#primaryimage\"},\"image\":{\"@id\":\"https:\/\/vapingnet.de\/vape\/geniesse-12000-puff-mit-strawberry-juice-vom-bang-box-disposable\/#primaryimage\"},\"thumbnailUrl\":\"https:\/\/vapingnet.de\/wp-content\/uploads\/2025\/05\/Strawberry-Juice.webp\",\"datePublished\":\"2025-05-26T03:44:07+00:00\",\"dateModified\":\"2025-06-19T03:39:21+00:00\",\"description\":\"Entdecke Genie\u00dfe 12000 Puff mit Strawberry Juice vom Bang Box Disposable bei vapingnet.de, \u25ba Gro\u00dfe Auswahl an Geschmacksrichtungen & super g\u00fcnstig!\",\"breadcrumb\":{\"@id\":\"https:\/\/vapingnet.de\/vape\/geniesse-12000-puff-mit-strawberry-juice-vom-bang-box-disposable\/#breadcrumb\"},\"inLanguage\":\"it-IT\",\"potentialAction\":[{\"@type\":\"ReadAction\",\"target\":[\"https:\/\/vapingnet.de\/vape\/geniesse-12000-puff-mit-strawberry-juice-vom-bang-box-disposable\/\"]}]},{\"@type\":\"ImageObject\",\"inLanguage\":\"it-IT\",\"@id\":\"https:\/\/vapingnet.de\/vape\/geniesse-12000-puff-mit-strawberry-juice-vom-bang-box-disposable\/#primaryimage\",\"url\":\"https:\/\/vapingnet.de\/wp-content\/uploads\/2025\/05\/Strawberry-Juice.webp\",\"contentUrl\":\"https:\/\/vapingnet.de\/wp-content\/uploads\/2025\/05\/Strawberry-Juice.webp\",\"width\":1000,\"height\":1000},{\"@type\":\"BreadcrumbList\",\"@id\":\"https:\/\/vapingnet.de\/vape\/geniesse-12000-puff-mit-strawberry-juice-vom-bang-box-disposable\/#breadcrumb\",\"itemListElement\":[{\"@type\":\"ListItem\",\"position\":1,\"name\":\"Home\",\"item\":\"https:\/\/vapingnet.de\/\"},{\"@type\":\"ListItem\",\"position\":2,\"name\":\"Shop\",\"item\":\"https:\/\/vapingnet.de\/vape\/\"},{\"@type\":\"ListItem\",\"position\":3,\"name\":\"Genie\u00dfe 12000 Puff mit Strawberry Juice vom Bang Box Disposable\"}]},{\"@type\":\"WebSite\",\"@id\":\"https:\/\/vapingnet.de\/#website\",\"url\":\"https:\/\/vapingnet.de\/\",\"name\":\"Vapingnet.de\",\"description\":\"\",\"publisher\":{\"@id\":\"https:\/\/vapingnet.de\/#organization\"},\"potentialAction\":[{\"@type\":\"SearchAction\",\"target\":{\"@type\":\"EntryPoint\",\"urlTemplate\":\"https:\/\/vapingnet.de\/?s={search_term_string}\"},\"query-input\":{\"@type\":\"PropertyValueSpecification\",\"valueRequired\":true,\"valueName\":\"search_term_string\"}}],\"inLanguage\":\"it-IT\"},{\"@type\":\"Organization\",\"@id\":\"https:\/\/vapingnet.de\/#organization\",\"name\":\"Vapingnet.de\",\"url\":\"https:\/\/vapingnet.de\/\",\"logo\":{\"@type\":\"ImageObject\",\"inLanguage\":\"it-IT\",\"@id\":\"https:\/\/vapingnet.de\/#\/schema\/logo\/image\/\",\"url\":\"https:\/\/vapingnet.de\/wp-content\/uploads\/2025\/03\/cropped-vapingnet.de_.jpg\",\"contentUrl\":\"https:\/\/vapingnet.de\/wp-content\/uploads\/2025\/03\/cropped-vapingnet.de_.jpg\",\"width\":512,\"height\":512,\"caption\":\"Vapingnet.de\"},\"image\":{\"@id\":\"https:\/\/vapingnet.de\/#\/schema\/logo\/image\/\"},\"sameAs\":[\"https:\/\/www.facebook.com\/vapingnetde\/\"]}]}<\/script>\n<!-- \/ Yoast SEO plugin. -->","yoast_head_json":{"title":"Genie\u00dfe 12000 Puff mit Strawberry Juice vom Bang Box Disposable | Vapingnet.de","description":"Entdecke Genie\u00dfe 12000 Puff mit Strawberry Juice vom Bang Box Disposable bei vapingnet.de, \u25ba Gro\u00dfe Auswahl an Geschmacksrichtungen & super g\u00fcnstig!","robots":{"index":"index","follow":"follow","max-snippet":"max-snippet:-1","max-image-preview":"max-image-preview:large","max-video-preview":"max-video-preview:-1"},"canonical":"https:\/\/vapingnet.de\/it\/vape\/geniesse-12000-puff-mit-strawberry-juice-vom-bang-box-disposable\/","og_locale":"it_IT","og_type":"article","og_title":"Genie\u00dfe 12000 Puff mit Strawberry Juice vom Bang Box Disposable | Vapingnet.de","og_description":"Entdecke Genie\u00dfe 12000 Puff mit Strawberry Juice vom Bang Box Disposable bei vapingnet.de, \u25ba Gro\u00dfe Auswahl an Geschmacksrichtungen & super g\u00fcnstig!","og_url":"https:\/\/vapingnet.de\/it\/vape\/geniesse-12000-puff-mit-strawberry-juice-vom-bang-box-disposable\/","og_site_name":"Vapingnet.de","article_publisher":"https:\/\/www.facebook.com\/vapingnetde\/","article_modified_time":"2025-06-19T03:39:21+00:00","og_image":[{"width":1000,"height":1000,"url":"https:\/\/vapingnet.de\/wp-content\/uploads\/2025\/05\/Strawberry-Juice.webp","type":"image\/webp"}],"twitter_card":"summary_large_image","twitter_misc":{"Est. reading time":"3 minutes"},"schema":{"@context":"https:\/\/schema.org","@graph":[{"@type":"WebPage","@id":"https:\/\/vapingnet.de\/vape\/geniesse-12000-puff-mit-strawberry-juice-vom-bang-box-disposable\/","url":"https:\/\/vapingnet.de\/vape\/geniesse-12000-puff-mit-strawberry-juice-vom-bang-box-disposable\/","name":"Genie\u00dfe 12000 Puff mit Strawberry Juice vom Bang Box Disposable | Vapingnet.de","isPartOf":{"@id":"https:\/\/vapingnet.de\/#website"},"primaryImageOfPage":{"@id":"https:\/\/vapingnet.de\/vape\/geniesse-12000-puff-mit-strawberry-juice-vom-bang-box-disposable\/#primaryimage"},"image":{"@id":"https:\/\/vapingnet.de\/vape\/geniesse-12000-puff-mit-strawberry-juice-vom-bang-box-disposable\/#primaryimage"},"thumbnailUrl":"https:\/\/vapingnet.de\/wp-content\/uploads\/2025\/05\/Strawberry-Juice.webp","datePublished":"2025-05-26T03:44:07+00:00","dateModified":"2025-06-19T03:39:21+00:00","description":"Entdecke Genie\u00dfe 12000 Puff mit Strawberry Juice vom Bang Box Disposable bei vapingnet.de, \u25ba Gro\u00dfe Auswahl an Geschmacksrichtungen & super g\u00fcnstig!","breadcrumb":{"@id":"https:\/\/vapingnet.de\/vape\/geniesse-12000-puff-mit-strawberry-juice-vom-bang-box-disposable\/#breadcrumb"},"inLanguage":"it-IT","potentialAction":[{"@type":"ReadAction","target":["https:\/\/vapingnet.de\/vape\/geniesse-12000-puff-mit-strawberry-juice-vom-bang-box-disposable\/"]}]},{"@type":"ImageObject","inLanguage":"it-IT","@id":"https:\/\/vapingnet.de\/vape\/geniesse-12000-puff-mit-strawberry-juice-vom-bang-box-disposable\/#primaryimage","url":"https:\/\/vapingnet.de\/wp-content\/uploads\/2025\/05\/Strawberry-Juice.webp","contentUrl":"https:\/\/vapingnet.de\/wp-content\/uploads\/2025\/05\/Strawberry-Juice.webp","width":1000,"height":1000},{"@type":"BreadcrumbList","@id":"https:\/\/vapingnet.de\/vape\/geniesse-12000-puff-mit-strawberry-juice-vom-bang-box-disposable\/#breadcrumb","itemListElement":[{"@type":"ListItem","position":1,"name":"Home","item":"https:\/\/vapingnet.de\/"},{"@type":"ListItem","position":2,"name":"Shop","item":"https:\/\/vapingnet.de\/vape\/"},{"@type":"ListItem","position":3,"name":"Genie\u00dfe 12000 Puff mit Strawberry Juice vom Bang Box Disposable"}]},{"@type":"WebSite","@id":"https:\/\/vapingnet.de\/#website","url":"https:\/\/vapingnet.de\/","name":"Vapingnet.de","description":"","publisher":{"@id":"https:\/\/vapingnet.de\/#organization"},"potentialAction":[{"@type":"SearchAction","target":{"@type":"EntryPoint","urlTemplate":"https:\/\/vapingnet.de\/?s={search_term_string}"},"query-input":{"@type":"PropertyValueSpecification","valueRequired":true,"valueName":"search_term_string"}}],"inLanguage":"it-IT"},{"@type":"Organization","@id":"https:\/\/vapingnet.de\/#organization","name":"Vapingnet.de","url":"https:\/\/vapingnet.de\/","logo":{"@type":"ImageObject","inLanguage":"it-IT","@id":"https:\/\/vapingnet.de\/#\/schema\/logo\/image\/","url":"https:\/\/vapingnet.de\/wp-content\/uploads\/2025\/03\/cropped-vapingnet.de_.jpg","contentUrl":"https:\/\/vapingnet.de\/wp-content\/uploads\/2025\/03\/cropped-vapingnet.de_.jpg","width":512,"height":512,"caption":"Vapingnet.de"},"image":{"@id":"https:\/\/vapingnet.de\/#\/schema\/logo\/image\/"},"sameAs":["https:\/\/www.facebook.com\/vapingnetde\/"]}]}},"tiered_pricing_type":"fixed","tiered_pricing_fixed_rules":{"10":"7.31","60":"6.58","110":"5.85","200":"5.12"},"tiered_pricing_product_settings":{"layout":"default","base_unit_name":{"singular":null,"plural":null},"default_variation":null},"tiered_pricing_minimum_quantity":null,"tiered_pricing_roles_data":[],"tiered_pricing_percentage_rules":[],"_links":{"self":[{"href":"https:\/\/vapingnet.de\/it\/wp-json\/wp\/v2\/product\/6952","targetHints":{"allow":["GET"]}}],"collection":[{"href":"https:\/\/vapingnet.de\/it\/wp-json\/wp\/v2\/product"}],"about":[{"href":"https:\/\/vapingnet.de\/it\/wp-json\/wp\/v2\/types\/product"}],"version-history":[{"count":1,"href":"https:\/\/vapingnet.de\/it\/wp-json\/wp\/v2\/product\/6952\/revisions"}],"predecessor-version":[{"id":6960,"href":"https:\/\/vapingnet.de\/it\/wp-json\/wp\/v2\/product\/6952\/revisions\/6960"}],"wp:featuredmedia":[{"embeddable":true,"href":"https:\/\/vapingnet.de\/it\/wp-json\/wp\/v2\/media\/6959"}],"wp:attachment":[{"href":"https:\/\/vapingnet.de\/it\/wp-json\/wp\/v2\/media?parent=6952"}],"wp:term":[{"taxonomy":"brand","embeddable":true,"href":"https:\/\/vapingnet.de\/it\/wp-json\/wp\/v2\/etheme_brands?post=6952"},{"taxonomy":"product_brand","embeddable":true,"href":"https:\/\/vapingnet.de\/it\/wp-json\/wp\/v2\/product_brand?post=6952"},{"taxonomy":"product_cat","embeddable":true,"href":"https:\/\/vapingnet.de\/it\/wp-json\/wp\/v2\/product_cat?post=6952"},{"taxonomy":"product_tag","embeddable":true,"href":"https:\/\/vapingnet.de\/it\/wp-json\/wp\/v2\/product_tag?post=6952"}],"curies":[{"name":"wp","href":"https:\/\/api.w.org\/{rel}","templated":true}]}}