{"id":6963,"date":"2025-05-26T06:38:57","date_gmt":"2025-05-26T06:38:57","guid":{"rendered":"https:\/\/vapingnet.de\/?post_type=product&#038;p=6963"},"modified":"2025-06-19T03:39:20","modified_gmt":"2025-06-19T03:39:20","slug":"einweg-vape-mit-style-bang-box-12000-raspberry-watermelon-love","status":"publish","type":"product","link":"https:\/\/vapingnet.de\/it\/vape\/einweg-vape-mit-style-bang-box-12000-raspberry-watermelon-love\/","title":{"rendered":"Vape usa e getta con stile Bang Box 12000 Love di lampone e anguria"},"content":{"rendered":"<h2 data-start=\"179\" data-end=\"280\" data-immersive-translate-walked=\"5a614bb7-b740-4669-8dce-8b53714e9c8c\">La sigaretta elettronica usa e getta Bang Box 12000 al gusto di Lampone Watermelon<\/h2>\n<p data-start=\"282\" data-end=\"578\" data-immersive-translate-walked=\"5a614bb7-b740-4669-8dce-8b53714e9c8c\" data-immersive-translate-paragraph=\"1\">\u00c8 iniziato una sera d'estate. Ero seduto sul balcone, l'aria era calda, ma non opprimente. Cercavo qualcosa di fresco, qualcosa che liberasse la mia mente \u2013 e ho preso la Bang Box 12000 Puff Disposable Vape al gusto di Lampone Watermelon. Gi\u00e0 il primo tiro mi ha fatto fermare.<\/p>\n<h3 data-start=\"580\" data-end=\"639\" data-immersive-translate-walked=\"5a614bb7-b740-4669-8dce-8b53714e9c8c\" data-immersive-translate-paragraph=\"1\">Frutta incontra tecnologia: cosa rende speciale la Bang Box<\/h3>\n<p data-start=\"641\" data-end=\"1013\" data-immersive-translate-walked=\"5a614bb7-b740-4669-8dce-8b53714e9c8c\" data-immersive-translate-paragraph=\"1\">La Bang Box 12000 non \u00e8 una sigaretta elettronica usa e getta comune. Con 20ml di e-liquid \u00e8 ricca di gusto e promette fino a 12000 tiri \u2013 molto pi\u00f9 di molte altre vape sul mercato. Particolarmente comoda: la porta di ricarica Type-C integrata permette di ricaricare facilmente la batteria da 650mAh, cos\u00ec non ti rimane mai il vapore.<\/p>\n<p data-start=\"1015\" data-end=\"1276\" data-immersive-translate-walked=\"5a614bb7-b740-4669-8dce-8b53714e9c8c\" data-immersive-translate-paragraph=\"1\">Il coil Mesh da 0.8 Ohm integrato garantisce un'esperienza di svapo uniforme, morbida e vellutata, con vapore denso e aromatico. Una luce LED a colori completa il design e rende la Bang Box un vero punto di attrazione \u2013 senza risultare invadente.<\/p>\n<h4 data-start=\"1278\" data-end=\"1337\" data-immersive-translate-walked=\"5a614bb7-b740-4669-8dce-8b53714e9c8c\" data-immersive-translate-paragraph=\"1\">Gusto: Lampone Watermelon \u2013 dolce, succoso, vivace<\/h4>\n<p data-start=\"1339\" data-end=\"1645\" data-immersive-translate-walked=\"5a614bb7-b740-4669-8dce-8b53714e9c8c\" data-immersive-translate-paragraph=\"1\">La combinazione di lampone e anguria \u00e8 come mordere un'insalata di frutta fresca \u2013 solo pi\u00f9 intensa. La vape trova il perfetto equilibrio tra dolcezza fruttata e piacevole freschezza. Ideale per l'estate, ma onestamente: potrei svapare questo gusto tutto l'anno.<\/p>\n<p data-start=\"1647\" data-end=\"1774\" data-immersive-translate-walked=\"5a614bb7-b740-4669-8dce-8b53714e9c8c\" data-immersive-translate-paragraph=\"1\">Che tu scelga la variante con 2\u202f% o 5\u202f% di nicotina \u2013 il piacere rimane invariato: vivace, dipendenza, autentico.<\/p>\n<h4 data-start=\"1776\" data-end=\"1806\" data-immersive-translate-walked=\"5a614bb7-b740-4669-8dce-8b53714e9c8c\" data-immersive-translate-paragraph=\"1\">Leggera, compatta, potente<\/h4>\n<p data-start=\"1808\" data-end=\"2069\" data-immersive-translate-walked=\"5a614bb7-b740-4669-8dce-8b53714e9c8c\" data-immersive-translate-paragraph=\"1\">Con un peso di soli 85g, la Bang Box si tiene comodamente in mano. \u00c8 ideale per essere portata in giro, in viaggio o per l'uso quotidiano. E poich\u00e9 non richiede impostazioni o pulsanti, \u00e8 anche perfetta per i principianti o come seconda vape semplice da usare.<\/p>\n<h4 data-start=\"2076\" data-end=\"2108\" data-immersive-translate-walked=\"5a614bb7-b740-4669-8dce-8b53714e9c8c\" data-immersive-translate-paragraph=\"1\">Perch\u00e9 la consiglio<\/h4>\n<p data-start=\"2110\" data-end=\"2409\" data-immersive-translate-walked=\"5a614bb7-b740-4669-8dce-8b53714e9c8c\" data-immersive-translate-paragraph=\"1\">Perch\u00e9 \u00e8 pi\u00f9 di una semplice vape. \u00c8 un compagno quotidiano, una piccola pausa, un pezzo di gusto da portare con s\u00e9. Il Lampone Watermelon mi ha sorpreso \u2013 e convinto. Per chi d\u00e0 valore allo stile, alle prestazioni e all'aroma durante lo svapo, la Bang Box 12000 \u00e8 un colpo vincente.<\/p>","protected":false},"excerpt":{"rendered":"<p>Die Einweg E Zigarette Bang Box 12000 im Geschmack Raspberry Watermelon Es begann an einem Sommerabend. Ich sa\u00df auf dem Balkon, die Luft war warm,&#8230;<\/p>","protected":false},"featured_media":6969,"template":"","meta":[],"etheme_brands":[],"product_brand":[101],"product_cat":[88],"product_tag":[],"class_list":{"0":"post-6963","1":"product","2":"type-product","3":"status-publish","4":"has-post-thumbnail","6":"product_brand-bang-king-vape","7":"product_cat-12k-vape","9":"first","10":"instock","11":"shipping-taxable","12":"purchasable","13":"product-type-simple"},"yoast_head":"<!-- This site is optimized with the Yoast SEO plugin v26.5 - https:\/\/yoast.com\/wordpress\/plugins\/seo\/ -->\n<title>Einweg Vape mit Style Bang Box 12000 Raspberry Watermelon Love | Vapingnet.de<\/title>\n<meta name=\"description\" content=\"Entdecke Einweg Vape mit Style Bang Box 12000 Raspberry Watermelon Love bei vapingnet.de, \u25ba Gro\u00dfe Auswahl an Geschmacksrichtungen &amp; super g\u00fcnstig!\" \/>\n<meta name=\"robots\" content=\"index, follow, max-snippet:-1, max-image-preview:large, max-video-preview:-1\" \/>\n<link rel=\"canonical\" href=\"https:\/\/vapingnet.de\/it\/vape\/einweg-vape-mit-style-bang-box-12000-raspberry-watermelon-love\/\" \/>\n<meta property=\"og:locale\" content=\"it_IT\" \/>\n<meta property=\"og:type\" content=\"article\" \/>\n<meta property=\"og:title\" content=\"Einweg Vape mit Style Bang Box 12000 Raspberry Watermelon Love | Vapingnet.de\" \/>\n<meta property=\"og:description\" content=\"Entdecke Einweg Vape mit Style Bang Box 12000 Raspberry Watermelon Love bei vapingnet.de, \u25ba Gro\u00dfe Auswahl an Geschmacksrichtungen &amp; super g\u00fcnstig!\" \/>\n<meta property=\"og:url\" content=\"https:\/\/vapingnet.de\/it\/vape\/einweg-vape-mit-style-bang-box-12000-raspberry-watermelon-love\/\" \/>\n<meta property=\"og:site_name\" content=\"Vapingnet.de\" \/>\n<meta property=\"article:publisher\" content=\"https:\/\/www.facebook.com\/vapingnetde\/\" \/>\n<meta property=\"article:modified_time\" content=\"2025-06-19T03:39:20+00:00\" \/>\n<meta property=\"og:image\" content=\"https:\/\/vapingnet.de\/wp-content\/uploads\/2025\/05\/Raspberry-Watermelon.webp\" \/>\n\t<meta property=\"og:image:width\" content=\"1000\" \/>\n\t<meta property=\"og:image:height\" content=\"1000\" \/>\n\t<meta property=\"og:image:type\" content=\"image\/webp\" \/>\n<meta name=\"twitter:card\" content=\"summary_large_image\" \/>\n<meta name=\"twitter:label1\" content=\"Est. reading time\" \/>\n\t<meta name=\"twitter:data1\" content=\"3 minutes\" \/>\n<script type=\"application\/ld+json\" class=\"yoast-schema-graph\">{\"@context\":\"https:\/\/schema.org\",\"@graph\":[{\"@type\":\"WebPage\",\"@id\":\"https:\/\/vapingnet.de\/vape\/einweg-vape-mit-style-bang-box-12000-raspberry-watermelon-love\/\",\"url\":\"https:\/\/vapingnet.de\/vape\/einweg-vape-mit-style-bang-box-12000-raspberry-watermelon-love\/\",\"name\":\"Einweg Vape mit Style Bang Box 12000 Raspberry Watermelon Love | Vapingnet.de\",\"isPartOf\":{\"@id\":\"https:\/\/vapingnet.de\/#website\"},\"primaryImageOfPage\":{\"@id\":\"https:\/\/vapingnet.de\/vape\/einweg-vape-mit-style-bang-box-12000-raspberry-watermelon-love\/#primaryimage\"},\"image\":{\"@id\":\"https:\/\/vapingnet.de\/vape\/einweg-vape-mit-style-bang-box-12000-raspberry-watermelon-love\/#primaryimage\"},\"thumbnailUrl\":\"https:\/\/vapingnet.de\/wp-content\/uploads\/2025\/05\/Raspberry-Watermelon.webp\",\"datePublished\":\"2025-05-26T06:38:57+00:00\",\"dateModified\":\"2025-06-19T03:39:20+00:00\",\"description\":\"Entdecke Einweg Vape mit Style Bang Box 12000 Raspberry Watermelon Love bei vapingnet.de, \u25ba Gro\u00dfe Auswahl an Geschmacksrichtungen & super g\u00fcnstig!\",\"breadcrumb\":{\"@id\":\"https:\/\/vapingnet.de\/vape\/einweg-vape-mit-style-bang-box-12000-raspberry-watermelon-love\/#breadcrumb\"},\"inLanguage\":\"it-IT\",\"potentialAction\":[{\"@type\":\"ReadAction\",\"target\":[\"https:\/\/vapingnet.de\/vape\/einweg-vape-mit-style-bang-box-12000-raspberry-watermelon-love\/\"]}]},{\"@type\":\"ImageObject\",\"inLanguage\":\"it-IT\",\"@id\":\"https:\/\/vapingnet.de\/vape\/einweg-vape-mit-style-bang-box-12000-raspberry-watermelon-love\/#primaryimage\",\"url\":\"https:\/\/vapingnet.de\/wp-content\/uploads\/2025\/05\/Raspberry-Watermelon.webp\",\"contentUrl\":\"https:\/\/vapingnet.de\/wp-content\/uploads\/2025\/05\/Raspberry-Watermelon.webp\",\"width\":1000,\"height\":1000},{\"@type\":\"BreadcrumbList\",\"@id\":\"https:\/\/vapingnet.de\/vape\/einweg-vape-mit-style-bang-box-12000-raspberry-watermelon-love\/#breadcrumb\",\"itemListElement\":[{\"@type\":\"ListItem\",\"position\":1,\"name\":\"Home\",\"item\":\"https:\/\/vapingnet.de\/\"},{\"@type\":\"ListItem\",\"position\":2,\"name\":\"Shop\",\"item\":\"https:\/\/vapingnet.de\/vape\/\"},{\"@type\":\"ListItem\",\"position\":3,\"name\":\"Einweg Vape mit Style Bang Box 12000 Raspberry Watermelon Love\"}]},{\"@type\":\"WebSite\",\"@id\":\"https:\/\/vapingnet.de\/#website\",\"url\":\"https:\/\/vapingnet.de\/\",\"name\":\"Vapingnet.de\",\"description\":\"\",\"publisher\":{\"@id\":\"https:\/\/vapingnet.de\/#organization\"},\"potentialAction\":[{\"@type\":\"SearchAction\",\"target\":{\"@type\":\"EntryPoint\",\"urlTemplate\":\"https:\/\/vapingnet.de\/?s={search_term_string}\"},\"query-input\":{\"@type\":\"PropertyValueSpecification\",\"valueRequired\":true,\"valueName\":\"search_term_string\"}}],\"inLanguage\":\"it-IT\"},{\"@type\":\"Organization\",\"@id\":\"https:\/\/vapingnet.de\/#organization\",\"name\":\"Vapingnet.de\",\"url\":\"https:\/\/vapingnet.de\/\",\"logo\":{\"@type\":\"ImageObject\",\"inLanguage\":\"it-IT\",\"@id\":\"https:\/\/vapingnet.de\/#\/schema\/logo\/image\/\",\"url\":\"https:\/\/vapingnet.de\/wp-content\/uploads\/2025\/03\/cropped-vapingnet.de_.jpg\",\"contentUrl\":\"https:\/\/vapingnet.de\/wp-content\/uploads\/2025\/03\/cropped-vapingnet.de_.jpg\",\"width\":512,\"height\":512,\"caption\":\"Vapingnet.de\"},\"image\":{\"@id\":\"https:\/\/vapingnet.de\/#\/schema\/logo\/image\/\"},\"sameAs\":[\"https:\/\/www.facebook.com\/vapingnetde\/\"]}]}<\/script>\n<!-- \/ Yoast SEO plugin. -->","yoast_head_json":{"title":"Einweg Vape mit Style Bang Box 12000 Raspberry Watermelon Love | Vapingnet.de","description":"Entdecke Einweg Vape mit Style Bang Box 12000 Raspberry Watermelon Love bei vapingnet.de, \u25ba Gro\u00dfe Auswahl an Geschmacksrichtungen & super g\u00fcnstig!","robots":{"index":"index","follow":"follow","max-snippet":"max-snippet:-1","max-image-preview":"max-image-preview:large","max-video-preview":"max-video-preview:-1"},"canonical":"https:\/\/vapingnet.de\/it\/vape\/einweg-vape-mit-style-bang-box-12000-raspberry-watermelon-love\/","og_locale":"it_IT","og_type":"article","og_title":"Einweg Vape mit Style Bang Box 12000 Raspberry Watermelon Love | Vapingnet.de","og_description":"Entdecke Einweg Vape mit Style Bang Box 12000 Raspberry Watermelon Love bei vapingnet.de, \u25ba Gro\u00dfe Auswahl an Geschmacksrichtungen & super g\u00fcnstig!","og_url":"https:\/\/vapingnet.de\/it\/vape\/einweg-vape-mit-style-bang-box-12000-raspberry-watermelon-love\/","og_site_name":"Vapingnet.de","article_publisher":"https:\/\/www.facebook.com\/vapingnetde\/","article_modified_time":"2025-06-19T03:39:20+00:00","og_image":[{"width":1000,"height":1000,"url":"https:\/\/vapingnet.de\/wp-content\/uploads\/2025\/05\/Raspberry-Watermelon.webp","type":"image\/webp"}],"twitter_card":"summary_large_image","twitter_misc":{"Est. reading time":"3 minutes"},"schema":{"@context":"https:\/\/schema.org","@graph":[{"@type":"WebPage","@id":"https:\/\/vapingnet.de\/vape\/einweg-vape-mit-style-bang-box-12000-raspberry-watermelon-love\/","url":"https:\/\/vapingnet.de\/vape\/einweg-vape-mit-style-bang-box-12000-raspberry-watermelon-love\/","name":"Einweg Vape mit Style Bang Box 12000 Raspberry Watermelon Love | Vapingnet.de","isPartOf":{"@id":"https:\/\/vapingnet.de\/#website"},"primaryImageOfPage":{"@id":"https:\/\/vapingnet.de\/vape\/einweg-vape-mit-style-bang-box-12000-raspberry-watermelon-love\/#primaryimage"},"image":{"@id":"https:\/\/vapingnet.de\/vape\/einweg-vape-mit-style-bang-box-12000-raspberry-watermelon-love\/#primaryimage"},"thumbnailUrl":"https:\/\/vapingnet.de\/wp-content\/uploads\/2025\/05\/Raspberry-Watermelon.webp","datePublished":"2025-05-26T06:38:57+00:00","dateModified":"2025-06-19T03:39:20+00:00","description":"Entdecke Einweg Vape mit Style Bang Box 12000 Raspberry Watermelon Love bei vapingnet.de, \u25ba Gro\u00dfe Auswahl an Geschmacksrichtungen & super g\u00fcnstig!","breadcrumb":{"@id":"https:\/\/vapingnet.de\/vape\/einweg-vape-mit-style-bang-box-12000-raspberry-watermelon-love\/#breadcrumb"},"inLanguage":"it-IT","potentialAction":[{"@type":"ReadAction","target":["https:\/\/vapingnet.de\/vape\/einweg-vape-mit-style-bang-box-12000-raspberry-watermelon-love\/"]}]},{"@type":"ImageObject","inLanguage":"it-IT","@id":"https:\/\/vapingnet.de\/vape\/einweg-vape-mit-style-bang-box-12000-raspberry-watermelon-love\/#primaryimage","url":"https:\/\/vapingnet.de\/wp-content\/uploads\/2025\/05\/Raspberry-Watermelon.webp","contentUrl":"https:\/\/vapingnet.de\/wp-content\/uploads\/2025\/05\/Raspberry-Watermelon.webp","width":1000,"height":1000},{"@type":"BreadcrumbList","@id":"https:\/\/vapingnet.de\/vape\/einweg-vape-mit-style-bang-box-12000-raspberry-watermelon-love\/#breadcrumb","itemListElement":[{"@type":"ListItem","position":1,"name":"Home","item":"https:\/\/vapingnet.de\/"},{"@type":"ListItem","position":2,"name":"Shop","item":"https:\/\/vapingnet.de\/vape\/"},{"@type":"ListItem","position":3,"name":"Einweg Vape mit Style Bang Box 12000 Raspberry Watermelon Love"}]},{"@type":"WebSite","@id":"https:\/\/vapingnet.de\/#website","url":"https:\/\/vapingnet.de\/","name":"Vapingnet.de","description":"","publisher":{"@id":"https:\/\/vapingnet.de\/#organization"},"potentialAction":[{"@type":"SearchAction","target":{"@type":"EntryPoint","urlTemplate":"https:\/\/vapingnet.de\/?s={search_term_string}"},"query-input":{"@type":"PropertyValueSpecification","valueRequired":true,"valueName":"search_term_string"}}],"inLanguage":"it-IT"},{"@type":"Organization","@id":"https:\/\/vapingnet.de\/#organization","name":"Vapingnet.de","url":"https:\/\/vapingnet.de\/","logo":{"@type":"ImageObject","inLanguage":"it-IT","@id":"https:\/\/vapingnet.de\/#\/schema\/logo\/image\/","url":"https:\/\/vapingnet.de\/wp-content\/uploads\/2025\/03\/cropped-vapingnet.de_.jpg","contentUrl":"https:\/\/vapingnet.de\/wp-content\/uploads\/2025\/03\/cropped-vapingnet.de_.jpg","width":512,"height":512,"caption":"Vapingnet.de"},"image":{"@id":"https:\/\/vapingnet.de\/#\/schema\/logo\/image\/"},"sameAs":["https:\/\/www.facebook.com\/vapingnetde\/"]}]}},"tiered_pricing_type":"fixed","tiered_pricing_fixed_rules":{"10":"7.31","60":"6.58","110":"5.85","200":"5.12"},"tiered_pricing_product_settings":{"layout":"default","base_unit_name":{"singular":null,"plural":null},"default_variation":null},"tiered_pricing_minimum_quantity":null,"tiered_pricing_roles_data":[],"tiered_pricing_percentage_rules":[],"_links":{"self":[{"href":"https:\/\/vapingnet.de\/it\/wp-json\/wp\/v2\/product\/6963","targetHints":{"allow":["GET"]}}],"collection":[{"href":"https:\/\/vapingnet.de\/it\/wp-json\/wp\/v2\/product"}],"about":[{"href":"https:\/\/vapingnet.de\/it\/wp-json\/wp\/v2\/types\/product"}],"version-history":[{"count":3,"href":"https:\/\/vapingnet.de\/it\/wp-json\/wp\/v2\/product\/6963\/revisions"}],"predecessor-version":[{"id":6973,"href":"https:\/\/vapingnet.de\/it\/wp-json\/wp\/v2\/product\/6963\/revisions\/6973"}],"wp:featuredmedia":[{"embeddable":true,"href":"https:\/\/vapingnet.de\/it\/wp-json\/wp\/v2\/media\/6969"}],"wp:attachment":[{"href":"https:\/\/vapingnet.de\/it\/wp-json\/wp\/v2\/media?parent=6963"}],"wp:term":[{"taxonomy":"brand","embeddable":true,"href":"https:\/\/vapingnet.de\/it\/wp-json\/wp\/v2\/etheme_brands?post=6963"},{"taxonomy":"product_brand","embeddable":true,"href":"https:\/\/vapingnet.de\/it\/wp-json\/wp\/v2\/product_brand?post=6963"},{"taxonomy":"product_cat","embeddable":true,"href":"https:\/\/vapingnet.de\/it\/wp-json\/wp\/v2\/product_cat?post=6963"},{"taxonomy":"product_tag","embeddable":true,"href":"https:\/\/vapingnet.de\/it\/wp-json\/wp\/v2\/product_tag?post=6963"}],"curies":[{"name":"wp","href":"https:\/\/api.w.org\/{rel}","templated":true}]}}