{"id":6982,"date":"2025-05-26T07:13:49","date_gmt":"2025-05-26T07:13:49","guid":{"rendered":"https:\/\/vapingnet.de\/?post_type=product&#038;p=6982"},"modified":"2025-06-19T03:39:18","modified_gmt":"2025-06-19T03:39:18","slug":"bang-box-12000-puff-black-dragon-ice-premiumqualitaet-guenstig","status":"publish","type":"product","link":"https:\/\/vapingnet.de\/it\/vape\/bang-box-12000-puff-black-dragon-ice-premiumqualitaet-guenstig\/","title":{"rendered":"Bang Box 12000 Puff Black Dragon Ice di qualit\u00e0 premium a buon prezzo"},"content":{"rendered":"<h2 data-start=\"105\" data-end=\"190\" data-immersive-translate-walked=\"6436c74a-7ea8-4fec-b6f6-b32f313c9cc5\" data-immersive-translate-paragraph=\"1\">Bang Box 12000 Puff \u2013 La tua sigaretta elettronica usa e getta potente per vaporizzare a lungo!<\/h2>\n<p data-start=\"192\" data-end=\"618\" data-immersive-translate-walked=\"6436c74a-7ea8-4fec-b6f6-b32f313c9cc5\" data-immersive-translate-paragraph=\"1\">Scopri la Bang Box 12000 Puff, la sigaretta elettronica usa e getta che offre molto pi\u00f9 di quanto ci si aspetti: con la sua potente batteria da 650mAh e il serbatoio di liquido da 20ml, ti garantisce fino a 12.000 tiri pieni di gusto intenso e vapore ricco. Che tu sia in viaggio o voglia semplicemente vaporizzare in modo rilassato a casa \u2013 questa vape \u00e8 il tuo affidabile compagno per sessioni prolungate.<\/p>\n<p data-start=\"620\" data-end=\"1008\" data-immersive-translate-walked=\"6436c74a-7ea8-4fec-b6f6-b32f313c9cc5\" data-immersive-translate-paragraph=\"1\">Grazie alla pratica porta USB Type-C ricaricabile, non dovrai pi\u00f9 preoccuparti che la batteria si scarichi improvvisamente. Basta collegarla rapidamente, ricaricare e continuare a goderti \u2013 un grande vantaggio rispetto ai dispositivi usa e getta tradizionali. La moderna coil Mesh da 0,8 Ohm garantisce un equilibrio perfetto tra vapore potente e aroma pieno, rendendo ogni tiro un\u2019esperienza.<\/p>\n<p data-start=\"620\" data-end=\"1008\" data-immersive-translate-walked=\"6436c74a-7ea8-4fec-b6f6-b32f313c9cc5\" data-immersive-translate-paragraph=\"1\"><img fetchpriority=\"high\" decoding=\"async\" class=\"size-full wp-image-6979 aligncenter\" src=\"https:\/\/vapingnet.de\/wp-content\/uploads\/2025\/05\/c5b9c34484b8328c6d977ecacc774f1.png\" alt=\"\" width=\"2879\" height=\"1621\" srcset=\"https:\/\/vapingnet.de\/wp-content\/uploads\/2025\/05\/c5b9c34484b8328c6d977ecacc774f1.png 2879w, https:\/\/vapingnet.de\/wp-content\/uploads\/2025\/05\/c5b9c34484b8328c6d977ecacc774f1-300x169.png 300w, https:\/\/vapingnet.de\/wp-content\/uploads\/2025\/05\/c5b9c34484b8328c6d977ecacc774f1-1024x577.png 1024w, https:\/\/vapingnet.de\/wp-content\/uploads\/2025\/05\/c5b9c34484b8328c6d977ecacc774f1-768x432.png 768w, https:\/\/vapingnet.de\/wp-content\/uploads\/2025\/05\/c5b9c34484b8328c6d977ecacc774f1-1536x865.png 1536w, https:\/\/vapingnet.de\/wp-content\/uploads\/2025\/05\/c5b9c34484b8328c6d977ecacc774f1-2048x1153.png 2048w, https:\/\/vapingnet.de\/wp-content\/uploads\/2025\/05\/c5b9c34484b8328c6d977ecacc774f1-600x338.png 600w, https:\/\/vapingnet.de\/wp-content\/uploads\/2025\/05\/c5b9c34484b8328c6d977ecacc774f1-1x1.png 1w, https:\/\/vapingnet.de\/wp-content\/uploads\/2025\/05\/c5b9c34484b8328c6d977ecacc774f1-10x6.png 10w\" sizes=\"(max-width: 2879px) 100vw, 2879px\" \/><\/p>\n<h4 data-start=\"1015\" data-end=\"1063\" data-immersive-translate-walked=\"6436c74a-7ea8-4fec-b6f6-b32f313c9cc5\" data-immersive-translate-paragraph=\"1\">Gusto che conquista: Black Dragon Ice<\/h4>\n<p data-start=\"1065\" data-end=\"1463\" data-immersive-translate-walked=\"6436c74a-7ea8-4fec-b6f6-b32f313c9cc5\" data-immersive-translate-paragraph=\"1\">L\u2019esclusivo aroma \u201eBlack Dragon Ice\u201c \u00e8 una combinazione emozionante di freschezza glaciale e note speziate misteriose. Ti offre un\u2019esperienza di vaporizzazione rinfrescante e garantisce un gusto particolarmente intenso. Questa miscela unica rende la Bang Box la scelta perfetta per chi cerca pi\u00f9 del semplice vapore \u2013 qui l\u2019aroma \u00e8 al centro.<\/p>\n<h4 data-start=\"1470\" data-end=\"1498\" data-immersive-translate-walked=\"6436c74a-7ea8-4fec-b6f6-b32f313c9cc5\" data-immersive-translate-paragraph=\"1\">Pratico e stiloso<\/h4>\n<p data-start=\"1500\" data-end=\"1838\" data-immersive-translate-walked=\"6436c74a-7ea8-4fec-b6f6-b32f313c9cc5\" data-immersive-translate-paragraph=\"1\">Con un peso di soli 85g, la Bang Box \u00e8 particolarmente leggera e maneggevole, ideale per l\u2019uso mobile. Si adatta comodamente in mano ed \u00e8 pronta all\u2019uso immediatamente. Inoltre, la luce LED colorata garantisce un look cool e ti mostra sempre in modo affidabile lo stato di carica \u2013 cos\u00ec sai esattamente quando \u00e8 il momento di ricaricare.<\/p>\n<h3>Perch\u00e9 scegliere Bang Box?<\/h3>\n<ul data-start=\"1868\" data-end=\"2325\" data-immersive-translate-walked=\"6436c74a-7ea8-4fec-b6f6-b32f313c9cc5\">\n<li data-start=\"1868\" data-end=\"1946\" data-immersive-translate-walked=\"6436c74a-7ea8-4fec-b6f6-b32f313c9cc5\">\n<p data-start=\"1870\" data-end=\"1946\" data-immersive-translate-walked=\"6436c74a-7ea8-4fec-b6f6-b32f313c9cc5\" data-immersive-translate-paragraph=\"1\">Fino a 12.000 tiri \u2013 per un piacere duraturo senza dover ricaricare frequentemente<\/p>\n<\/li>\n<li data-start=\"1947\" data-end=\"2063\" data-immersive-translate-walked=\"6436c74a-7ea8-4fec-b6f6-b32f313c9cc5\">\n<p data-start=\"1949\" data-end=\"2063\" data-immersive-translate-walked=\"6436c74a-7ea8-4fec-b6f6-b32f313c9cc5\" data-immersive-translate-paragraph=\"1\">Batteria ricaricabile con Type-C \u2013 pi\u00f9 ecologica e sostenibile rispetto alle tradizionali sigarette elettroniche usa e getta<\/p>\n<\/li>\n<li data-start=\"2064\" data-end=\"2149\" data-immersive-translate-walked=\"6436c74a-7ea8-4fec-b6f6-b32f313c9cc5\">\n<p data-start=\"2066\" data-end=\"2149\" data-immersive-translate-walked=\"6436c74a-7ea8-4fec-b6f6-b32f313c9cc5\" data-immersive-translate-paragraph=\"1\">Grande serbatoio di liquido da 20ml \u2013 per lunghe sessioni di vaporizzazione senza interruzioni<\/p>\n<\/li>\n<li data-start=\"2150\" data-end=\"2214\" data-immersive-translate-walked=\"6436c74a-7ea8-4fec-b6f6-b32f313c9cc5\">\n<p data-start=\"2152\" data-end=\"2214\" data-immersive-translate-walked=\"6436c74a-7ea8-4fec-b6f6-b32f313c9cc5\" data-immersive-translate-paragraph=\"1\">Indicatore LED di stato \u2013 pratico e stiloso per la batteria<\/p>\n<\/li>\n<li data-start=\"2215\" data-end=\"2325\" data-immersive-translate-walked=\"6436c74a-7ea8-4fec-b6f6-b32f313c9cc5\">\n<p data-start=\"2217\" data-end=\"2325\" data-immersive-translate-walked=\"6436c74a-7ea8-4fec-b6f6-b32f313c9cc5\" data-immersive-translate-paragraph=\"1\">Aroma intenso Black Dragon Ice \u2013 perfettamente equilibrato tra freschezza rinfrescante e profondit\u00e0 speziata<\/p>\n<\/li>\n<\/ul>\n<p data-start=\"2332\" data-end=\"2569\" data-immersive-translate-walked=\"6436c74a-7ea8-4fec-b6f6-b32f313c9cc5\" data-immersive-translate-paragraph=\"1\">La Bang Box 12000 Puff \u00e8 proprio la vape che cerchi, se dai importanza a prestazioni potenti, molto gusto e facilit\u00e0 d\u2019uso. Con questo dispositivo puoi vaporizzare in modo rilassato ovunque e in qualsiasi momento \u2013 senza compromessi.<\/p>\n<p data-start=\"2571\" data-end=\"2694\" data-immersive-translate-walked=\"6436c74a-7ea8-4fec-b6f6-b32f313c9cc5\" data-immersive-translate-paragraph=\"1\">Prova la Bang Box e scopri quanto pu\u00f2 essere piacevole e intenso vaporizzare con una sigaretta elettronica usa e getta di alta qualit\u00e0!<\/p>","protected":false},"excerpt":{"rendered":"<p>Bang Box 12000 Puff \u2013 La tua sigaretta elettronica usa e getta potente per svapare a lungo! Scopri la Bang Box 12000 Puff, la sigaretta elettronica usa e getta che offre molto di pi\u00f9...<\/p>","protected":false},"featured_media":6985,"template":"","meta":[],"etheme_brands":[],"product_brand":[101],"product_cat":[88,49,61],"product_tag":[],"class_list":{"0":"post-6982","1":"product","2":"type-product","3":"status-publish","4":"has-post-thumbnail","6":"product_brand-bang-king-vape","7":"product_cat-12k-vape","8":"product_cat-einweg-e-zigarette","9":"product_cat-f","11":"first","12":"instock","13":"shipping-taxable","14":"purchasable","15":"product-type-simple"},"yoast_head":"<!-- This site is optimized with the Yoast SEO plugin v26.5 - https:\/\/yoast.com\/wordpress\/plugins\/seo\/ -->\n<title>Bang Box 12000 Puff Black Dragon Ice Premiumqualit\u00e4t G\u00fcnstig | Vapingnet.de<\/title>\n<meta name=\"description\" content=\"Entdecke Bang Box 12000 Puff Black Dragon Ice Premiumqualit\u00e4t G\u00fcnstig bei vapingnet.de, \u25ba Gro\u00dfe Auswahl an Geschmacksrichtungen &amp; super g\u00fcnstig!\" \/>\n<meta name=\"robots\" content=\"index, follow, max-snippet:-1, max-image-preview:large, max-video-preview:-1\" \/>\n<link rel=\"canonical\" href=\"https:\/\/vapingnet.de\/it\/vape\/bang-box-12000-puff-black-dragon-ice-premiumqualitaet-guenstig\/\" \/>\n<meta property=\"og:locale\" content=\"it_IT\" \/>\n<meta property=\"og:type\" content=\"article\" \/>\n<meta property=\"og:title\" content=\"Bang Box 12000 Puff Black Dragon Ice Premiumqualit\u00e4t G\u00fcnstig | Vapingnet.de\" \/>\n<meta property=\"og:description\" content=\"Entdecke Bang Box 12000 Puff Black Dragon Ice Premiumqualit\u00e4t G\u00fcnstig bei vapingnet.de, \u25ba Gro\u00dfe Auswahl an Geschmacksrichtungen &amp; super g\u00fcnstig!\" \/>\n<meta property=\"og:url\" content=\"https:\/\/vapingnet.de\/it\/vape\/bang-box-12000-puff-black-dragon-ice-premiumqualitaet-guenstig\/\" \/>\n<meta property=\"og:site_name\" content=\"Vapingnet.de\" \/>\n<meta property=\"article:publisher\" content=\"https:\/\/www.facebook.com\/vapingnetde\/\" \/>\n<meta property=\"article:modified_time\" content=\"2025-06-19T03:39:18+00:00\" \/>\n<meta property=\"og:image\" content=\"https:\/\/vapingnet.de\/wp-content\/uploads\/2025\/05\/Black-Dragon-Ice.webp\" \/>\n\t<meta property=\"og:image:width\" content=\"1000\" \/>\n\t<meta property=\"og:image:height\" content=\"1000\" \/>\n\t<meta property=\"og:image:type\" content=\"image\/webp\" \/>\n<meta name=\"twitter:card\" content=\"summary_large_image\" \/>\n<meta name=\"twitter:label1\" content=\"Est. reading time\" \/>\n\t<meta name=\"twitter:data1\" content=\"3 minutes\" \/>\n<script type=\"application\/ld+json\" class=\"yoast-schema-graph\">{\"@context\":\"https:\/\/schema.org\",\"@graph\":[{\"@type\":\"WebPage\",\"@id\":\"https:\/\/vapingnet.de\/vape\/bang-box-12000-puff-black-dragon-ice-premiumqualitaet-guenstig\/\",\"url\":\"https:\/\/vapingnet.de\/vape\/bang-box-12000-puff-black-dragon-ice-premiumqualitaet-guenstig\/\",\"name\":\"Bang Box 12000 Puff Black Dragon Ice Premiumqualit\u00e4t G\u00fcnstig | Vapingnet.de\",\"isPartOf\":{\"@id\":\"https:\/\/vapingnet.de\/#website\"},\"primaryImageOfPage\":{\"@id\":\"https:\/\/vapingnet.de\/vape\/bang-box-12000-puff-black-dragon-ice-premiumqualitaet-guenstig\/#primaryimage\"},\"image\":{\"@id\":\"https:\/\/vapingnet.de\/vape\/bang-box-12000-puff-black-dragon-ice-premiumqualitaet-guenstig\/#primaryimage\"},\"thumbnailUrl\":\"https:\/\/vapingnet.de\/wp-content\/uploads\/2025\/05\/Black-Dragon-Ice.webp\",\"datePublished\":\"2025-05-26T07:13:49+00:00\",\"dateModified\":\"2025-06-19T03:39:18+00:00\",\"description\":\"Entdecke Bang Box 12000 Puff Black Dragon Ice Premiumqualit\u00e4t G\u00fcnstig bei vapingnet.de, \u25ba Gro\u00dfe Auswahl an Geschmacksrichtungen & super g\u00fcnstig!\",\"breadcrumb\":{\"@id\":\"https:\/\/vapingnet.de\/vape\/bang-box-12000-puff-black-dragon-ice-premiumqualitaet-guenstig\/#breadcrumb\"},\"inLanguage\":\"it-IT\",\"potentialAction\":[{\"@type\":\"ReadAction\",\"target\":[\"https:\/\/vapingnet.de\/vape\/bang-box-12000-puff-black-dragon-ice-premiumqualitaet-guenstig\/\"]}]},{\"@type\":\"ImageObject\",\"inLanguage\":\"it-IT\",\"@id\":\"https:\/\/vapingnet.de\/vape\/bang-box-12000-puff-black-dragon-ice-premiumqualitaet-guenstig\/#primaryimage\",\"url\":\"https:\/\/vapingnet.de\/wp-content\/uploads\/2025\/05\/Black-Dragon-Ice.webp\",\"contentUrl\":\"https:\/\/vapingnet.de\/wp-content\/uploads\/2025\/05\/Black-Dragon-Ice.webp\",\"width\":1000,\"height\":1000},{\"@type\":\"BreadcrumbList\",\"@id\":\"https:\/\/vapingnet.de\/vape\/bang-box-12000-puff-black-dragon-ice-premiumqualitaet-guenstig\/#breadcrumb\",\"itemListElement\":[{\"@type\":\"ListItem\",\"position\":1,\"name\":\"Home\",\"item\":\"https:\/\/vapingnet.de\/\"},{\"@type\":\"ListItem\",\"position\":2,\"name\":\"Shop\",\"item\":\"https:\/\/vapingnet.de\/vape\/\"},{\"@type\":\"ListItem\",\"position\":3,\"name\":\"Bang Box 12000 Puff Black Dragon Ice Premiumqualit\u00e4t G\u00fcnstig\"}]},{\"@type\":\"WebSite\",\"@id\":\"https:\/\/vapingnet.de\/#website\",\"url\":\"https:\/\/vapingnet.de\/\",\"name\":\"Vapingnet.de\",\"description\":\"\",\"publisher\":{\"@id\":\"https:\/\/vapingnet.de\/#organization\"},\"potentialAction\":[{\"@type\":\"SearchAction\",\"target\":{\"@type\":\"EntryPoint\",\"urlTemplate\":\"https:\/\/vapingnet.de\/?s={search_term_string}\"},\"query-input\":{\"@type\":\"PropertyValueSpecification\",\"valueRequired\":true,\"valueName\":\"search_term_string\"}}],\"inLanguage\":\"it-IT\"},{\"@type\":\"Organization\",\"@id\":\"https:\/\/vapingnet.de\/#organization\",\"name\":\"Vapingnet.de\",\"url\":\"https:\/\/vapingnet.de\/\",\"logo\":{\"@type\":\"ImageObject\",\"inLanguage\":\"it-IT\",\"@id\":\"https:\/\/vapingnet.de\/#\/schema\/logo\/image\/\",\"url\":\"https:\/\/vapingnet.de\/wp-content\/uploads\/2025\/03\/cropped-vapingnet.de_.jpg\",\"contentUrl\":\"https:\/\/vapingnet.de\/wp-content\/uploads\/2025\/03\/cropped-vapingnet.de_.jpg\",\"width\":512,\"height\":512,\"caption\":\"Vapingnet.de\"},\"image\":{\"@id\":\"https:\/\/vapingnet.de\/#\/schema\/logo\/image\/\"},\"sameAs\":[\"https:\/\/www.facebook.com\/vapingnetde\/\"]}]}<\/script>\n<!-- \/ Yoast SEO plugin. -->","yoast_head_json":{"title":"Bang Box 12000 Puff Black Dragon Ice Premiumqualit\u00e4t G\u00fcnstig | Vapingnet.de","description":"Entdecke Bang Box 12000 Puff Black Dragon Ice Premiumqualit\u00e4t G\u00fcnstig bei vapingnet.de, \u25ba Gro\u00dfe Auswahl an Geschmacksrichtungen & super g\u00fcnstig!","robots":{"index":"index","follow":"follow","max-snippet":"max-snippet:-1","max-image-preview":"max-image-preview:large","max-video-preview":"max-video-preview:-1"},"canonical":"https:\/\/vapingnet.de\/it\/vape\/bang-box-12000-puff-black-dragon-ice-premiumqualitaet-guenstig\/","og_locale":"it_IT","og_type":"article","og_title":"Bang Box 12000 Puff Black Dragon Ice Premiumqualit\u00e4t G\u00fcnstig | Vapingnet.de","og_description":"Entdecke Bang Box 12000 Puff Black Dragon Ice Premiumqualit\u00e4t G\u00fcnstig bei vapingnet.de, \u25ba Gro\u00dfe Auswahl an Geschmacksrichtungen & super g\u00fcnstig!","og_url":"https:\/\/vapingnet.de\/it\/vape\/bang-box-12000-puff-black-dragon-ice-premiumqualitaet-guenstig\/","og_site_name":"Vapingnet.de","article_publisher":"https:\/\/www.facebook.com\/vapingnetde\/","article_modified_time":"2025-06-19T03:39:18+00:00","og_image":[{"width":1000,"height":1000,"url":"https:\/\/vapingnet.de\/wp-content\/uploads\/2025\/05\/Black-Dragon-Ice.webp","type":"image\/webp"}],"twitter_card":"summary_large_image","twitter_misc":{"Est. reading time":"3 minutes"},"schema":{"@context":"https:\/\/schema.org","@graph":[{"@type":"WebPage","@id":"https:\/\/vapingnet.de\/vape\/bang-box-12000-puff-black-dragon-ice-premiumqualitaet-guenstig\/","url":"https:\/\/vapingnet.de\/vape\/bang-box-12000-puff-black-dragon-ice-premiumqualitaet-guenstig\/","name":"Bang Box 12000 Puff Black Dragon Ice Premiumqualit\u00e4t G\u00fcnstig | Vapingnet.de","isPartOf":{"@id":"https:\/\/vapingnet.de\/#website"},"primaryImageOfPage":{"@id":"https:\/\/vapingnet.de\/vape\/bang-box-12000-puff-black-dragon-ice-premiumqualitaet-guenstig\/#primaryimage"},"image":{"@id":"https:\/\/vapingnet.de\/vape\/bang-box-12000-puff-black-dragon-ice-premiumqualitaet-guenstig\/#primaryimage"},"thumbnailUrl":"https:\/\/vapingnet.de\/wp-content\/uploads\/2025\/05\/Black-Dragon-Ice.webp","datePublished":"2025-05-26T07:13:49+00:00","dateModified":"2025-06-19T03:39:18+00:00","description":"Entdecke Bang Box 12000 Puff Black Dragon Ice Premiumqualit\u00e4t G\u00fcnstig bei vapingnet.de, \u25ba Gro\u00dfe Auswahl an Geschmacksrichtungen & super g\u00fcnstig!","breadcrumb":{"@id":"https:\/\/vapingnet.de\/vape\/bang-box-12000-puff-black-dragon-ice-premiumqualitaet-guenstig\/#breadcrumb"},"inLanguage":"it-IT","potentialAction":[{"@type":"ReadAction","target":["https:\/\/vapingnet.de\/vape\/bang-box-12000-puff-black-dragon-ice-premiumqualitaet-guenstig\/"]}]},{"@type":"ImageObject","inLanguage":"it-IT","@id":"https:\/\/vapingnet.de\/vape\/bang-box-12000-puff-black-dragon-ice-premiumqualitaet-guenstig\/#primaryimage","url":"https:\/\/vapingnet.de\/wp-content\/uploads\/2025\/05\/Black-Dragon-Ice.webp","contentUrl":"https:\/\/vapingnet.de\/wp-content\/uploads\/2025\/05\/Black-Dragon-Ice.webp","width":1000,"height":1000},{"@type":"BreadcrumbList","@id":"https:\/\/vapingnet.de\/vape\/bang-box-12000-puff-black-dragon-ice-premiumqualitaet-guenstig\/#breadcrumb","itemListElement":[{"@type":"ListItem","position":1,"name":"Home","item":"https:\/\/vapingnet.de\/"},{"@type":"ListItem","position":2,"name":"Shop","item":"https:\/\/vapingnet.de\/vape\/"},{"@type":"ListItem","position":3,"name":"Bang Box 12000 Puff Black Dragon Ice Premiumqualit\u00e4t G\u00fcnstig"}]},{"@type":"WebSite","@id":"https:\/\/vapingnet.de\/#website","url":"https:\/\/vapingnet.de\/","name":"Vapingnet.de","description":"","publisher":{"@id":"https:\/\/vapingnet.de\/#organization"},"potentialAction":[{"@type":"SearchAction","target":{"@type":"EntryPoint","urlTemplate":"https:\/\/vapingnet.de\/?s={search_term_string}"},"query-input":{"@type":"PropertyValueSpecification","valueRequired":true,"valueName":"search_term_string"}}],"inLanguage":"it-IT"},{"@type":"Organization","@id":"https:\/\/vapingnet.de\/#organization","name":"Vapingnet.de","url":"https:\/\/vapingnet.de\/","logo":{"@type":"ImageObject","inLanguage":"it-IT","@id":"https:\/\/vapingnet.de\/#\/schema\/logo\/image\/","url":"https:\/\/vapingnet.de\/wp-content\/uploads\/2025\/03\/cropped-vapingnet.de_.jpg","contentUrl":"https:\/\/vapingnet.de\/wp-content\/uploads\/2025\/03\/cropped-vapingnet.de_.jpg","width":512,"height":512,"caption":"Vapingnet.de"},"image":{"@id":"https:\/\/vapingnet.de\/#\/schema\/logo\/image\/"},"sameAs":["https:\/\/www.facebook.com\/vapingnetde\/"]}]}},"tiered_pricing_type":"fixed","tiered_pricing_fixed_rules":{"10":"7.31","60":"6.58","110":"5.85","200":"5.12"},"tiered_pricing_product_settings":{"layout":"default","base_unit_name":{"singular":null,"plural":null},"default_variation":null},"tiered_pricing_minimum_quantity":null,"tiered_pricing_roles_data":[],"tiered_pricing_percentage_rules":[],"_links":{"self":[{"href":"https:\/\/vapingnet.de\/it\/wp-json\/wp\/v2\/product\/6982","targetHints":{"allow":["GET"]}}],"collection":[{"href":"https:\/\/vapingnet.de\/it\/wp-json\/wp\/v2\/product"}],"about":[{"href":"https:\/\/vapingnet.de\/it\/wp-json\/wp\/v2\/types\/product"}],"version-history":[{"count":1,"href":"https:\/\/vapingnet.de\/it\/wp-json\/wp\/v2\/product\/6982\/revisions"}],"predecessor-version":[{"id":6991,"href":"https:\/\/vapingnet.de\/it\/wp-json\/wp\/v2\/product\/6982\/revisions\/6991"}],"wp:featuredmedia":[{"embeddable":true,"href":"https:\/\/vapingnet.de\/it\/wp-json\/wp\/v2\/media\/6985"}],"wp:attachment":[{"href":"https:\/\/vapingnet.de\/it\/wp-json\/wp\/v2\/media?parent=6982"}],"wp:term":[{"taxonomy":"brand","embeddable":true,"href":"https:\/\/vapingnet.de\/it\/wp-json\/wp\/v2\/etheme_brands?post=6982"},{"taxonomy":"product_brand","embeddable":true,"href":"https:\/\/vapingnet.de\/it\/wp-json\/wp\/v2\/product_brand?post=6982"},{"taxonomy":"product_cat","embeddable":true,"href":"https:\/\/vapingnet.de\/it\/wp-json\/wp\/v2\/product_cat?post=6982"},{"taxonomy":"product_tag","embeddable":true,"href":"https:\/\/vapingnet.de\/it\/wp-json\/wp\/v2\/product_tag?post=6982"}],"curies":[{"name":"wp","href":"https:\/\/api.w.org\/{rel}","templated":true}]}}