{"id":6983,"date":"2025-05-26T07:13:51","date_gmt":"2025-05-26T07:13:51","guid":{"rendered":"https:\/\/vapingnet.de\/?post_type=product&#038;p=6983"},"modified":"2025-06-19T03:39:18","modified_gmt":"2025-06-19T03:39:18","slug":"strawberry-watermelon-bang-box-12000-puffs-original-factory-direct","status":"publish","type":"product","link":"https:\/\/vapingnet.de\/it\/vape\/strawberry-watermelon-bang-box-12000-puffs-original-factory-direct\/","title":{"rendered":"Bang Box 12000 Puff Fragola Melone originale e diretto dalla fabbrica"},"content":{"rendered":"<h2 data-start=\"80\" data-end=\"135\" data-immersive-translate-walked=\"80607683-e837-4fc8-9cf3-b6afc2673b1c\">Bang Box 12000 \u2013 Quando il design incontra la performance<\/h2>\n<p data-start=\"137\" data-end=\"422\" data-immersive-translate-walked=\"80607683-e837-4fc8-9cf3-b6afc2673b1c\" data-immersive-translate-paragraph=\"1\">Una calda giornata estiva. Il sole si abbassa lentamente sull'orizzonte, l'aria \u00e8 immobile. Ti appoggi indietro, il primo tiro: fragola dolce incontra anguria fresca \u2013 fresco, fruttato, piacevolmente morbido in gola. Nessun graffio, nessuno sforzo. Solo gusto puro e vapore denso.<\/p>\n<p data-start=\"424\" data-end=\"655\" data-immersive-translate-walked=\"80607683-e837-4fc8-9cf3-b6afc2673b1c\" data-immersive-translate-paragraph=\"1\">Bang Box 12000 \u00e8 pi\u00f9 di una sigaretta elettronica usa e getta. \u00c8 un dispositivo di vaporizzazione pensato per persone con pretese \u2013 in termini di performance, gusto e stile. Sviluppato per la vita moderna, in cui il piacere deve funzionare senza problemi.<\/p>\n<h3 data-start=\"657\" data-end=\"692\" data-immersive-translate-walked=\"80607683-e837-4fc8-9cf3-b6afc2673b1c\" data-immersive-translate-paragraph=\"1\">Per chi \u00e8 la Bang Box 12000?<\/h3>\n<p data-start=\"694\" data-end=\"864\" data-immersive-translate-walked=\"80607683-e837-4fc8-9cf3-b6afc2673b1c\" data-immersive-translate-paragraph=\"1\">Questa vape si rivolge a tutti coloro che cercano un'alternativa chiara al fumo tradizionale \u2013 senza doversi occupare di sistemi complicati. \u00c8 perfetta per:<\/p>\n<ul data-start=\"866\" data-end=\"1064\" data-immersive-translate-walked=\"80607683-e837-4fc8-9cf3-b6afc2673b1c\">\n<li data-start=\"866\" data-end=\"910\" data-immersive-translate-walked=\"80607683-e837-4fc8-9cf3-b6afc2673b1c\">\n<p data-start=\"868\" data-end=\"910\" data-immersive-translate-walked=\"80607683-e837-4fc8-9cf3-b6afc2673b1c\" data-immersive-translate-paragraph=\"1\">Principianti che vogliono iniziare facilmente<\/p>\n<\/li>\n<li data-start=\"911\" data-end=\"986\" data-immersive-translate-walked=\"80607683-e837-4fc8-9cf3-b6afc2673b1c\">\n<p data-start=\"913\" data-end=\"986\" data-immersive-translate-walked=\"80607683-e837-4fc8-9cf3-b6afc2673b1c\" data-immersive-translate-paragraph=\"1\">Utenti esperti che necessitano di una soluzione affidabile in movimento<\/p>\n<\/li>\n<li data-start=\"987\" data-end=\"1064\" data-immersive-translate-walked=\"80607683-e837-4fc8-9cf3-b6afc2673b1c\">\n<p data-start=\"989\" data-end=\"1064\" data-immersive-translate-walked=\"80607683-e837-4fc8-9cf3-b6afc2673b1c\" data-immersive-translate-paragraph=\"1\">Vaporizzatori esteticamente attenti, che apprezzano sia funzionalit\u00e0 che design<\/p>\n<\/li>\n<\/ul>\n<p data-start=\"1066\" data-end=\"1180\" data-immersive-translate-walked=\"80607683-e837-4fc8-9cf3-b6afc2673b1c\" data-immersive-translate-paragraph=\"1\">Che siate in viaggio, in pausa o a casa \u2013 la Bang Box offre un gusto intenso costante con il massimo comfort.<\/p>\n<h4 data-start=\"1182\" data-end=\"1205\" data-immersive-translate-walked=\"80607683-e837-4fc8-9cf3-b6afc2673b1c\" data-immersive-translate-paragraph=\"1\">Cosa la distingue<\/h4>\n<p data-start=\"1207\" data-end=\"1467\" data-immersive-translate-walked=\"80607683-e837-4fc8-9cf3-b6afc2673b1c\" data-immersive-translate-paragraph=\"1\">La Bang Box 12000 offre una sorprendente durata: fino a 12.000 tiri con prestazioni costanti. Una batteria di alta qualit\u00e0 da 650 mAh, facilmente ricaricabile tramite una moderna porta Type-C, garantisce un utilizzo prolungato senza interruzioni.<\/p>\n<p data-start=\"1469\" data-end=\"1736\" data-immersive-translate-walked=\"80607683-e837-4fc8-9cf3-b6afc2673b1c\" data-immersive-translate-paragraph=\"1\">La coil in mesh da 0,8 ohm integrata assicura una distribuzione uniforme del calore, vaporizzazione efficiente e un gusto pieno e intenso ad ogni tiro. In combinazione con il grande volume del serbatoio da 20 ml, il liquido si sprigiona al meglio \u2013 senza bisogno di riempimenti.<\/p>\n<p data-start=\"1738\" data-end=\"1893\" data-immersive-translate-walked=\"80607683-e837-4fc8-9cf3-b6afc2673b1c\" data-immersive-translate-paragraph=\"1\">La concentrazione di nicotina \u00e8 selezionabile: 2 % per un'esperienza delicata, 5 % per esigenze pi\u00f9 intense. In questo modo puoi personalizzare la tua esperienza di vaporizzazione.<\/p>\n<h4 data-start=\"1895\" data-end=\"1919\" data-immersive-translate-walked=\"80607683-e837-4fc8-9cf3-b6afc2673b1c\" data-immersive-translate-paragraph=\"1\">Panoramica tecnica<\/h4>\n<ul data-start=\"1921\" data-end=\"2211\" data-immersive-translate-walked=\"80607683-e837-4fc8-9cf3-b6afc2673b1c\">\n<li data-start=\"1921\" data-end=\"1958\" data-immersive-translate-walked=\"80607683-e837-4fc8-9cf3-b6afc2673b1c\">\n<p data-start=\"1923\" data-end=\"1958\" data-immersive-translate-walked=\"80607683-e837-4fc8-9cf3-b6afc2673b1c\" data-immersive-translate-paragraph=\"1\">Durata d'uso: fino a 12.000 tiri<\/p>\n<\/li>\n<li data-start=\"1959\" data-end=\"2004\" data-immersive-translate-walked=\"80607683-e837-4fc8-9cf3-b6afc2673b1c\">\n<p data-start=\"1961\" data-end=\"2004\" data-immersive-translate-walked=\"80607683-e837-4fc8-9cf3-b6afc2673b1c\" data-immersive-translate-paragraph=\"1\">Batteria: 650 mAh (ricaricabile tramite USB-C)<\/p>\n<\/li>\n<li data-start=\"2005\" data-end=\"2037\" data-immersive-translate-walked=\"80607683-e837-4fc8-9cf3-b6afc2673b1c\">\n<p data-start=\"2007\" data-end=\"2037\" data-immersive-translate-walked=\"80607683-e837-4fc8-9cf3-b6afc2673b1c\" data-immersive-translate-paragraph=\"1\">E-liquido: 20 ml (integrato)<\/p>\n<\/li>\n<li data-start=\"2038\" data-end=\"2069\" data-immersive-translate-walked=\"80607683-e837-4fc8-9cf3-b6afc2673b1c\">\n<p data-start=\"2040\" data-end=\"2069\" data-immersive-translate-walked=\"80607683-e837-4fc8-9cf3-b6afc2673b1c\" data-immersive-translate-paragraph=\"1\">Contenuto di nicotina: 2 % o 5 %<\/p>\n<\/li>\n<li data-start=\"2070\" data-end=\"2092\" data-immersive-translate-walked=\"80607683-e837-4fc8-9cf3-b6afc2673b1c\">\n<p data-start=\"2072\" data-end=\"2092\" data-immersive-translate-walked=\"80607683-e837-4fc8-9cf3-b6afc2673b1c\" data-immersive-translate-paragraph=\"1\">Resistenza: Mesh da 0,8 Ohm<\/p>\n<\/li>\n<li data-start=\"2093\" data-end=\"2110\" data-immersive-translate-walked=\"80607683-e837-4fc8-9cf3-b6afc2673b1c\">\n<p data-start=\"2095\" data-end=\"2110\" data-immersive-translate-walked=\"80607683-e837-4fc8-9cf3-b6afc2673b1c\" data-immersive-translate-paragraph=\"1\">Peso: 85 g<\/p>\n<\/li>\n<li data-start=\"2111\" data-end=\"2145\" data-immersive-translate-walked=\"80607683-e837-4fc8-9cf3-b6afc2673b1c\">\n<p data-start=\"2113\" data-end=\"2145\" data-immersive-translate-walked=\"80607683-e837-4fc8-9cf3-b6afc2673b1c\" data-immersive-translate-paragraph=\"1\">Effetto luce LED integrato<\/p>\n<\/li>\n<li data-start=\"2146\" data-end=\"2211\" data-immersive-translate-walked=\"80607683-e837-4fc8-9cf3-b6afc2673b1c\">\n<p data-start=\"2148\" data-end=\"2211\" data-immersive-translate-walked=\"80607683-e837-4fc8-9cf3-b6afc2673b1c\" data-immersive-translate-paragraph=\"1\">Gusto: Fragola Anguria (dolce, rinfrescante, equilibrato)<\/p>\n<\/li>\n<\/ul>\n<h3><img fetchpriority=\"high\" decoding=\"async\" class=\"size-full wp-image-6949 aligncenter\" src=\"https:\/\/vapingnet.de\/wp-content\/uploads\/2025\/05\/9563b0a8cb8b6cda1f6280cd978d050-scaled.jpg\" alt=\"\" width=\"2045\" height=\"2560\" srcset=\"https:\/\/vapingnet.de\/wp-content\/uploads\/2025\/05\/9563b0a8cb8b6cda1f6280cd978d050-scaled.jpg 2045w, https:\/\/vapingnet.de\/wp-content\/uploads\/2025\/05\/9563b0a8cb8b6cda1f6280cd978d050-240x300.jpg 240w, https:\/\/vapingnet.de\/wp-content\/uploads\/2025\/05\/9563b0a8cb8b6cda1f6280cd978d050-818x1024.jpg 818w, https:\/\/vapingnet.de\/wp-content\/uploads\/2025\/05\/9563b0a8cb8b6cda1f6280cd978d050-768x961.jpg 768w, https:\/\/vapingnet.de\/wp-content\/uploads\/2025\/05\/9563b0a8cb8b6cda1f6280cd978d050-1227x1536.jpg 1227w, https:\/\/vapingnet.de\/wp-content\/uploads\/2025\/05\/9563b0a8cb8b6cda1f6280cd978d050-1636x2048.jpg 1636w, https:\/\/vapingnet.de\/wp-content\/uploads\/2025\/05\/9563b0a8cb8b6cda1f6280cd978d050-600x751.jpg 600w, https:\/\/vapingnet.de\/wp-content\/uploads\/2025\/05\/9563b0a8cb8b6cda1f6280cd978d050-1x1.jpg 1w, https:\/\/vapingnet.de\/wp-content\/uploads\/2025\/05\/9563b0a8cb8b6cda1f6280cd978d050-8x10.jpg 8w\" sizes=\"(max-width: 2045px) 100vw, 2045px\" \/><\/h3>\n<h3>Perch\u00e9 scegliere Bang Box?<\/h3>\n<p data-start=\"2234\" data-end=\"2538\" data-immersive-translate-walked=\"80607683-e837-4fc8-9cf3-b6afc2673b1c\" data-immersive-translate-paragraph=\"1\">Perch\u00e9 offre una semplicit\u00e0 senza compromessi. Nessun ricarica, nessun cambio di coil, nessuna configurazione. Devi solo: tirare e goderti. E tutto questo a un livello tecnico elevato. La Bang Box 12000 combina facilit\u00e0 d'uso con prestazioni impressionanti \u2013 in un formato compatto ed elegante.<\/p>\n<p data-start=\"2540\" data-end=\"2721\" data-immersive-translate-walked=\"80607683-e837-4fc8-9cf3-b6afc2673b1c\" data-immersive-translate-paragraph=\"1\">Il design semplice e pulito con illuminazione LED integrata sottolinea il carattere moderno di questo prodotto \u2013 discreto, ma abbastanza evidente da fare una dichiarazione.<\/p>\n<p data-start=\"2734\" data-end=\"2967\" data-immersive-translate-walked=\"80607683-e837-4fc8-9cf3-b6afc2673b1c\" data-immersive-translate-paragraph=\"1\">La Bang Box 12000 rappresenta una nuova generazione di vape, che non solo funzionano, ma anche entusiasmano. Offre un'esperienza di gusto intensa, precisione tecnologica e design moderno \u2013 tutto in un unico dispositivo.<\/p>\n<p data-start=\"2969\" data-end=\"3137\" data-immersive-translate-walked=\"80607683-e837-4fc8-9cf3-b6afc2673b1c\" data-immersive-translate-paragraph=\"1\">Se sei nuovo nel vaping o cerchi un secondo dispositivo pratico e potente \u2013 con la Bang Box 12000 fai una scelta di qualit\u00e0, comfort e stile.<\/p>","protected":false},"excerpt":{"rendered":"<p>Bang Box 12000 \u2013 Quando il design incontra le prestazioni. Una calda giornata estiva. Il sole scende lentamente sull\u2019orizzonte, l\u2019aria \u00e8 ferma. Tu...<\/p>","protected":false},"featured_media":6986,"template":"","meta":[],"etheme_brands":[],"product_brand":[101],"product_cat":[88],"product_tag":[],"class_list":{"0":"post-6983","1":"product","2":"type-product","3":"status-publish","4":"has-post-thumbnail","6":"product_brand-bang-king-vape","7":"product_cat-12k-vape","9":"first","10":"instock","11":"shipping-taxable","12":"purchasable","13":"product-type-simple"},"yoast_head":"<!-- This site is optimized with the Yoast SEO plugin v26.5 - https:\/\/yoast.com\/wordpress\/plugins\/seo\/ -->\n<title>Strawberry Watermelon Bang Box 12000 Puffs Original &amp; Factory Direct | Vapingnet.de<\/title>\n<meta name=\"description\" content=\"Entdecke Strawberry Watermelon Bang Box 12000 Puffs Original &amp; Factory Direct bei vapingnet.de, \u25ba Gro\u00dfe Auswahl an Geschmacksrichtungen &amp; super g\u00fcnstig!\" \/>\n<meta name=\"robots\" content=\"index, follow, max-snippet:-1, max-image-preview:large, max-video-preview:-1\" \/>\n<link rel=\"canonical\" href=\"https:\/\/vapingnet.de\/it\/vape\/strawberry-watermelon-bang-box-12000-puffs-original-factory-direct\/\" \/>\n<meta property=\"og:locale\" content=\"it_IT\" \/>\n<meta property=\"og:type\" content=\"article\" \/>\n<meta property=\"og:title\" content=\"Strawberry Watermelon Bang Box 12000 Puffs Original &amp; Factory Direct | Vapingnet.de\" \/>\n<meta property=\"og:description\" content=\"Entdecke Strawberry Watermelon Bang Box 12000 Puffs Original &amp; Factory Direct bei vapingnet.de, \u25ba Gro\u00dfe Auswahl an Geschmacksrichtungen &amp; super g\u00fcnstig!\" \/>\n<meta property=\"og:url\" content=\"https:\/\/vapingnet.de\/it\/vape\/strawberry-watermelon-bang-box-12000-puffs-original-factory-direct\/\" \/>\n<meta property=\"og:site_name\" content=\"Vapingnet.de\" \/>\n<meta property=\"article:publisher\" content=\"https:\/\/www.facebook.com\/vapingnetde\/\" \/>\n<meta property=\"article:modified_time\" content=\"2025-06-19T03:39:18+00:00\" \/>\n<meta property=\"og:image\" content=\"https:\/\/vapingnet.de\/wp-content\/uploads\/2025\/05\/Strawberry-Watermelon-2.webp\" \/>\n\t<meta property=\"og:image:width\" content=\"1000\" \/>\n\t<meta property=\"og:image:height\" content=\"1000\" \/>\n\t<meta property=\"og:image:type\" content=\"image\/webp\" \/>\n<meta name=\"twitter:card\" content=\"summary_large_image\" \/>\n<meta name=\"twitter:label1\" content=\"Est. reading time\" \/>\n\t<meta name=\"twitter:data1\" content=\"3 minutes\" \/>\n<script type=\"application\/ld+json\" class=\"yoast-schema-graph\">{\"@context\":\"https:\/\/schema.org\",\"@graph\":[{\"@type\":\"WebPage\",\"@id\":\"https:\/\/vapingnet.de\/vape\/strawberry-watermelon-bang-box-12000-puffs-original-factory-direct\/\",\"url\":\"https:\/\/vapingnet.de\/vape\/strawberry-watermelon-bang-box-12000-puffs-original-factory-direct\/\",\"name\":\"Strawberry Watermelon Bang Box 12000 Puffs Original & Factory Direct | Vapingnet.de\",\"isPartOf\":{\"@id\":\"https:\/\/vapingnet.de\/#website\"},\"primaryImageOfPage\":{\"@id\":\"https:\/\/vapingnet.de\/vape\/strawberry-watermelon-bang-box-12000-puffs-original-factory-direct\/#primaryimage\"},\"image\":{\"@id\":\"https:\/\/vapingnet.de\/vape\/strawberry-watermelon-bang-box-12000-puffs-original-factory-direct\/#primaryimage\"},\"thumbnailUrl\":\"https:\/\/vapingnet.de\/wp-content\/uploads\/2025\/05\/Strawberry-Watermelon-2.webp\",\"datePublished\":\"2025-05-26T07:13:51+00:00\",\"dateModified\":\"2025-06-19T03:39:18+00:00\",\"description\":\"Entdecke Strawberry Watermelon Bang Box 12000 Puffs Original & Factory Direct bei vapingnet.de, \u25ba Gro\u00dfe Auswahl an Geschmacksrichtungen & super g\u00fcnstig!\",\"breadcrumb\":{\"@id\":\"https:\/\/vapingnet.de\/vape\/strawberry-watermelon-bang-box-12000-puffs-original-factory-direct\/#breadcrumb\"},\"inLanguage\":\"it-IT\",\"potentialAction\":[{\"@type\":\"ReadAction\",\"target\":[\"https:\/\/vapingnet.de\/vape\/strawberry-watermelon-bang-box-12000-puffs-original-factory-direct\/\"]}]},{\"@type\":\"ImageObject\",\"inLanguage\":\"it-IT\",\"@id\":\"https:\/\/vapingnet.de\/vape\/strawberry-watermelon-bang-box-12000-puffs-original-factory-direct\/#primaryimage\",\"url\":\"https:\/\/vapingnet.de\/wp-content\/uploads\/2025\/05\/Strawberry-Watermelon-2.webp\",\"contentUrl\":\"https:\/\/vapingnet.de\/wp-content\/uploads\/2025\/05\/Strawberry-Watermelon-2.webp\",\"width\":1000,\"height\":1000},{\"@type\":\"BreadcrumbList\",\"@id\":\"https:\/\/vapingnet.de\/vape\/strawberry-watermelon-bang-box-12000-puffs-original-factory-direct\/#breadcrumb\",\"itemListElement\":[{\"@type\":\"ListItem\",\"position\":1,\"name\":\"Home\",\"item\":\"https:\/\/vapingnet.de\/\"},{\"@type\":\"ListItem\",\"position\":2,\"name\":\"Shop\",\"item\":\"https:\/\/vapingnet.de\/vape\/\"},{\"@type\":\"ListItem\",\"position\":3,\"name\":\"Strawberry Watermelon Bang Box 12000 Puffs Original &#038; Factory Direct\"}]},{\"@type\":\"WebSite\",\"@id\":\"https:\/\/vapingnet.de\/#website\",\"url\":\"https:\/\/vapingnet.de\/\",\"name\":\"Vapingnet.de\",\"description\":\"\",\"publisher\":{\"@id\":\"https:\/\/vapingnet.de\/#organization\"},\"potentialAction\":[{\"@type\":\"SearchAction\",\"target\":{\"@type\":\"EntryPoint\",\"urlTemplate\":\"https:\/\/vapingnet.de\/?s={search_term_string}\"},\"query-input\":{\"@type\":\"PropertyValueSpecification\",\"valueRequired\":true,\"valueName\":\"search_term_string\"}}],\"inLanguage\":\"it-IT\"},{\"@type\":\"Organization\",\"@id\":\"https:\/\/vapingnet.de\/#organization\",\"name\":\"Vapingnet.de\",\"url\":\"https:\/\/vapingnet.de\/\",\"logo\":{\"@type\":\"ImageObject\",\"inLanguage\":\"it-IT\",\"@id\":\"https:\/\/vapingnet.de\/#\/schema\/logo\/image\/\",\"url\":\"https:\/\/vapingnet.de\/wp-content\/uploads\/2025\/03\/cropped-vapingnet.de_.jpg\",\"contentUrl\":\"https:\/\/vapingnet.de\/wp-content\/uploads\/2025\/03\/cropped-vapingnet.de_.jpg\",\"width\":512,\"height\":512,\"caption\":\"Vapingnet.de\"},\"image\":{\"@id\":\"https:\/\/vapingnet.de\/#\/schema\/logo\/image\/\"},\"sameAs\":[\"https:\/\/www.facebook.com\/vapingnetde\/\"]}]}<\/script>\n<!-- \/ Yoast SEO plugin. -->","yoast_head_json":{"title":"Strawberry Watermelon Bang Box 12000 Puffs Original & Factory Direct | Vapingnet.de","description":"Entdecke Strawberry Watermelon Bang Box 12000 Puffs Original & Factory Direct bei vapingnet.de, \u25ba Gro\u00dfe Auswahl an Geschmacksrichtungen & super g\u00fcnstig!","robots":{"index":"index","follow":"follow","max-snippet":"max-snippet:-1","max-image-preview":"max-image-preview:large","max-video-preview":"max-video-preview:-1"},"canonical":"https:\/\/vapingnet.de\/it\/vape\/strawberry-watermelon-bang-box-12000-puffs-original-factory-direct\/","og_locale":"it_IT","og_type":"article","og_title":"Strawberry Watermelon Bang Box 12000 Puffs Original & Factory Direct | Vapingnet.de","og_description":"Entdecke Strawberry Watermelon Bang Box 12000 Puffs Original & Factory Direct bei vapingnet.de, \u25ba Gro\u00dfe Auswahl an Geschmacksrichtungen & super g\u00fcnstig!","og_url":"https:\/\/vapingnet.de\/it\/vape\/strawberry-watermelon-bang-box-12000-puffs-original-factory-direct\/","og_site_name":"Vapingnet.de","article_publisher":"https:\/\/www.facebook.com\/vapingnetde\/","article_modified_time":"2025-06-19T03:39:18+00:00","og_image":[{"width":1000,"height":1000,"url":"https:\/\/vapingnet.de\/wp-content\/uploads\/2025\/05\/Strawberry-Watermelon-2.webp","type":"image\/webp"}],"twitter_card":"summary_large_image","twitter_misc":{"Est. reading time":"3 minutes"},"schema":{"@context":"https:\/\/schema.org","@graph":[{"@type":"WebPage","@id":"https:\/\/vapingnet.de\/vape\/strawberry-watermelon-bang-box-12000-puffs-original-factory-direct\/","url":"https:\/\/vapingnet.de\/vape\/strawberry-watermelon-bang-box-12000-puffs-original-factory-direct\/","name":"Strawberry Watermelon Bang Box 12000 Puffs Original & Factory Direct | Vapingnet.de","isPartOf":{"@id":"https:\/\/vapingnet.de\/#website"},"primaryImageOfPage":{"@id":"https:\/\/vapingnet.de\/vape\/strawberry-watermelon-bang-box-12000-puffs-original-factory-direct\/#primaryimage"},"image":{"@id":"https:\/\/vapingnet.de\/vape\/strawberry-watermelon-bang-box-12000-puffs-original-factory-direct\/#primaryimage"},"thumbnailUrl":"https:\/\/vapingnet.de\/wp-content\/uploads\/2025\/05\/Strawberry-Watermelon-2.webp","datePublished":"2025-05-26T07:13:51+00:00","dateModified":"2025-06-19T03:39:18+00:00","description":"Entdecke Strawberry Watermelon Bang Box 12000 Puffs Original & Factory Direct bei vapingnet.de, \u25ba Gro\u00dfe Auswahl an Geschmacksrichtungen & super g\u00fcnstig!","breadcrumb":{"@id":"https:\/\/vapingnet.de\/vape\/strawberry-watermelon-bang-box-12000-puffs-original-factory-direct\/#breadcrumb"},"inLanguage":"it-IT","potentialAction":[{"@type":"ReadAction","target":["https:\/\/vapingnet.de\/vape\/strawberry-watermelon-bang-box-12000-puffs-original-factory-direct\/"]}]},{"@type":"ImageObject","inLanguage":"it-IT","@id":"https:\/\/vapingnet.de\/vape\/strawberry-watermelon-bang-box-12000-puffs-original-factory-direct\/#primaryimage","url":"https:\/\/vapingnet.de\/wp-content\/uploads\/2025\/05\/Strawberry-Watermelon-2.webp","contentUrl":"https:\/\/vapingnet.de\/wp-content\/uploads\/2025\/05\/Strawberry-Watermelon-2.webp","width":1000,"height":1000},{"@type":"BreadcrumbList","@id":"https:\/\/vapingnet.de\/vape\/strawberry-watermelon-bang-box-12000-puffs-original-factory-direct\/#breadcrumb","itemListElement":[{"@type":"ListItem","position":1,"name":"Home","item":"https:\/\/vapingnet.de\/"},{"@type":"ListItem","position":2,"name":"Shop","item":"https:\/\/vapingnet.de\/vape\/"},{"@type":"ListItem","position":3,"name":"Strawberry Watermelon Bang Box 12000 Puffs Original &#038; Factory Direct"}]},{"@type":"WebSite","@id":"https:\/\/vapingnet.de\/#website","url":"https:\/\/vapingnet.de\/","name":"Vapingnet.de","description":"","publisher":{"@id":"https:\/\/vapingnet.de\/#organization"},"potentialAction":[{"@type":"SearchAction","target":{"@type":"EntryPoint","urlTemplate":"https:\/\/vapingnet.de\/?s={search_term_string}"},"query-input":{"@type":"PropertyValueSpecification","valueRequired":true,"valueName":"search_term_string"}}],"inLanguage":"it-IT"},{"@type":"Organization","@id":"https:\/\/vapingnet.de\/#organization","name":"Vapingnet.de","url":"https:\/\/vapingnet.de\/","logo":{"@type":"ImageObject","inLanguage":"it-IT","@id":"https:\/\/vapingnet.de\/#\/schema\/logo\/image\/","url":"https:\/\/vapingnet.de\/wp-content\/uploads\/2025\/03\/cropped-vapingnet.de_.jpg","contentUrl":"https:\/\/vapingnet.de\/wp-content\/uploads\/2025\/03\/cropped-vapingnet.de_.jpg","width":512,"height":512,"caption":"Vapingnet.de"},"image":{"@id":"https:\/\/vapingnet.de\/#\/schema\/logo\/image\/"},"sameAs":["https:\/\/www.facebook.com\/vapingnetde\/"]}]}},"tiered_pricing_type":"fixed","tiered_pricing_fixed_rules":{"10":"7.31","60":"6.58","110":"5.85","200":"5.12"},"tiered_pricing_product_settings":{"layout":"default","base_unit_name":{"singular":null,"plural":null},"default_variation":null},"tiered_pricing_minimum_quantity":null,"tiered_pricing_roles_data":[],"tiered_pricing_percentage_rules":[],"_links":{"self":[{"href":"https:\/\/vapingnet.de\/it\/wp-json\/wp\/v2\/product\/6983","targetHints":{"allow":["GET"]}}],"collection":[{"href":"https:\/\/vapingnet.de\/it\/wp-json\/wp\/v2\/product"}],"about":[{"href":"https:\/\/vapingnet.de\/it\/wp-json\/wp\/v2\/types\/product"}],"version-history":[{"count":1,"href":"https:\/\/vapingnet.de\/it\/wp-json\/wp\/v2\/product\/6983\/revisions"}],"predecessor-version":[{"id":6992,"href":"https:\/\/vapingnet.de\/it\/wp-json\/wp\/v2\/product\/6983\/revisions\/6992"}],"wp:featuredmedia":[{"embeddable":true,"href":"https:\/\/vapingnet.de\/it\/wp-json\/wp\/v2\/media\/6986"}],"wp:attachment":[{"href":"https:\/\/vapingnet.de\/it\/wp-json\/wp\/v2\/media?parent=6983"}],"wp:term":[{"taxonomy":"brand","embeddable":true,"href":"https:\/\/vapingnet.de\/it\/wp-json\/wp\/v2\/etheme_brands?post=6983"},{"taxonomy":"product_brand","embeddable":true,"href":"https:\/\/vapingnet.de\/it\/wp-json\/wp\/v2\/product_brand?post=6983"},{"taxonomy":"product_cat","embeddable":true,"href":"https:\/\/vapingnet.de\/it\/wp-json\/wp\/v2\/product_cat?post=6983"},{"taxonomy":"product_tag","embeddable":true,"href":"https:\/\/vapingnet.de\/it\/wp-json\/wp\/v2\/product_tag?post=6983"}],"curies":[{"name":"wp","href":"https:\/\/api.w.org\/{rel}","templated":true}]}}