{"id":7017,"date":"2025-06-05T07:54:06","date_gmt":"2025-06-05T07:54:06","guid":{"rendered":"https:\/\/vapingnet.de\/?post_type=product&#038;p=7017"},"modified":"2026-01-25T08:51:41","modified_gmt":"2026-01-25T08:51:41","slug":"bang-blaze-40000-puffs-fruchtiger-doppelter-geschmack-pur","status":"publish","type":"product","link":"https:\/\/vapingnet.de\/it\/vape\/bang-blaze-40000-puffs-fruchtiger-doppelter-geschmack-pur\/","title":{"rendered":"Bang Blaze 40000 Puffs gusto fruttato doppio, puro"},"content":{"rendered":"<h2>Bang Blaze 40000 Puffs \u2013 Innovazione incontra il gusto in perfezione<\/h2>\n<p data-start=\"128\" data-end=\"468\" data-immersive-translate-walked=\"19daa0de-9d0e-4a75-be0d-fbd54be92708\" data-immersive-translate-paragraph=\"1\">La Bang Blaze 40000 Puffs non \u00e8 semplicemente una <a href=\"https:\/\/vapingnet.de\/it\/k\/einweg-e-zigarette\/\" target=\"_blank\" rel=\"noopener\"><strong>Sigaretta elettronica usa e getta<\/strong><\/a> \u2013 \u00e8 un vero punto di forza per tutti coloro che apprezzano qualit\u00e0, versatilit\u00e0 e piacere duraturo. Con un'autonomia enorme fino a 40.000 puff, ti accompagna affidabilmente per settimane \u2013 senza fastidiosi ricariche o sostituzioni della batteria.<\/p>\n<p data-start=\"470\" data-end=\"744\" data-immersive-translate-walked=\"19daa0de-9d0e-4a75-be0d-fbd54be92708\" data-immersive-translate-paragraph=\"1\">Ma il vero punto di forza \u00e8 l'innovativa Triple Taste Experience: gusta tre diversi mondi di sapore in un solo dispositivo \u2013 grazie al intelligente sistema Dual-Flavour, che ti permette di passare tra due aromi intensi o di mescolarli.<\/p>\n<h3 data-start=\"751\" data-end=\"805\" data-immersive-translate-walked=\"19daa0de-9d0e-4a75-be0d-fbd54be92708\" data-immersive-translate-paragraph=\"1\">Domande frequenti sulla Bang Blaze 40000 Puffs<\/h3>\n<p data-start=\"807\" data-end=\"1065\" data-immersive-translate-walked=\"19daa0de-9d0e-4a75-be0d-fbd54be92708\" data-immersive-translate-paragraph=\"1\">Quanto dura una Bang Blaze 40000 Puffs?<br data-start=\"854\" data-end=\"857\" data-immersive-translate-walked=\"19daa0de-9d0e-4a75-be0d-fbd54be92708\" \/>Con fino a 40.000 puff, questo dispositivo offre una durata eccezionale, molto superiore alla norma. Ci\u00f2 significa meno sforzo e pi\u00f9 piacere \u2013 ideale per l'uso quotidiano o in movimento.<\/p>\n<p data-start=\"1067\" data-end=\"1427\" data-immersive-translate-walked=\"19daa0de-9d0e-4a75-be0d-fbd54be92708\" data-immersive-translate-paragraph=\"1\">Cosa significa esattamente 'Triple Taste Experience'?<br data-start=\"1116\" data-end=\"1119\" data-immersive-translate-walked=\"19daa0de-9d0e-4a75-be0d-fbd54be92708\" \/>La Bang Blaze contiene due aromi di liquido pre-riempiti: Blueberry Cranberry Cherry e Watermelon Cherry. Grazie al sistema intelligente, puoi vaporizzare Aroma A, Aroma B o la stimolante mescolanza di entrambi gli aromi. Cos\u00ec vivi tre esperienze di gusto diverse in un unico vape.<\/p>\n<p data-start=\"1429\" data-end=\"1748\" data-immersive-translate-walked=\"19daa0de-9d0e-4a75-be0d-fbd54be92708\" data-immersive-translate-paragraph=\"1\">Quanto \u00e8 buona la tecnologia?<br data-start=\"1457\" data-end=\"1460\" data-immersive-translate-walked=\"19daa0de-9d0e-4a75-be0d-fbd54be92708\" \/>La batteria integrata da 650mAh \u00e8 ricaricabile e supporta la ricarica rapida Type-C moderna \u2013 cos\u00ec la tua Bang Blaze \u00e8 rapidamente pronta all'uso. La coil Dual Mesh da 0,6\u03a9 garantisce vapore denso e saporito e una sensazione di tiro particolarmente morbida, che ti entusiasmer\u00e0.<\/p>\n<p data-start=\"1750\" data-end=\"1962\" data-immersive-translate-walked=\"19daa0de-9d0e-4a75-be0d-fbd54be92708\" data-immersive-translate-paragraph=\"1\">Quali livelli di nicotina sono disponibili?<br data-start=\"1791\" data-end=\"1794\" data-immersive-translate-walked=\"19daa0de-9d0e-4a75-be0d-fbd54be92708\" \/>Puoi scegliere tra quattro livelli di nicotina: 0% (senza nicotina), 2%, 3% e 5%. Troverai sicuramente la forza giusta per il tuo\u2019esperienza di svapo personalizzata.<\/p>\n<p data-start=\"1964\" data-end=\"2219\" data-immersive-translate-walked=\"19daa0de-9d0e-4a75-be0d-fbd54be92708\" data-immersive-translate-paragraph=\"1\">Per chi \u00e8 adatto il Bang Blaze?<br data-start=\"2004\" data-end=\"2007\" data-immersive-translate-walked=\"19daa0de-9d0e-4a75-be0d-fbd54be92708\" \/>Che tu sia un principiante o un esperto di svapo \u2013 la Bang Blaze 40000 Puffs offre, grazie alla facile maneggevolezza, grande capacit\u00e0 di puff e opzioni di gusto flessibili, l\u2019esperienza di svapo perfetta per tutti.<\/p>\n<h3>Perch\u00e9 dovresti provare subito la Bang Blaze 40000 Puffs<\/h3>\n<ul data-start=\"2295\" data-end=\"2879\" data-immersive-translate-walked=\"19daa0de-9d0e-4a75-be0d-fbd54be92708\">\n<li data-start=\"2295\" data-end=\"2404\" data-immersive-translate-walked=\"19daa0de-9d0e-4a75-be0d-fbd54be92708\">\n<p data-start=\"2297\" data-end=\"2404\" data-immersive-translate-walked=\"19daa0de-9d0e-4a75-be0d-fbd54be92708\" data-immersive-translate-paragraph=\"1\">Massimo comfort: nessuna ricarica o operazione complicata \u2013 basta scartarla e iniziare a svapare.<\/p>\n<\/li>\n<li data-start=\"2405\" data-end=\"2520\" data-immersive-translate-walked=\"19daa0de-9d0e-4a75-be0d-fbd54be92708\">\n<p data-start=\"2407\" data-end=\"2520\" data-immersive-translate-walked=\"19daa0de-9d0e-4a75-be0d-fbd54be92708\" data-immersive-translate-paragraph=\"1\">Piacere duraturo: fino a <a href=\"https:\/\/vapingnet.de\/it\/k\/vape-40000-zuege\/\" target=\"_blank\" rel=\"noopener\"><strong>40.000 puff<\/strong> <\/a>rendono la Bang Blaze il compagno ideale per ogni situazione.<\/p>\n<\/li>\n<li data-start=\"2521\" data-end=\"2646\" data-immersive-translate-walked=\"19daa0de-9d0e-4a75-be0d-fbd54be92708\">\n<p data-start=\"2523\" data-end=\"2646\" data-immersive-translate-walked=\"19daa0de-9d0e-4a75-be0d-fbd54be92708\" data-immersive-translate-paragraph=\"1\">Esperienza di gusto innovativa: tre sapori in un solo dispositivo offrono massima variet\u00e0 e pura gioia.<\/p>\n<\/li>\n<li data-start=\"2647\" data-end=\"2780\" data-immersive-translate-walked=\"19daa0de-9d0e-4a75-be0d-fbd54be92708\">\n<p data-start=\"2649\" data-end=\"2780\" data-immersive-translate-walked=\"19daa0de-9d0e-4a75-be0d-fbd54be92708\" data-immersive-translate-paragraph=\"1\">Tecnologia moderna: batteria ricaricabile con ricarica rapida Type-C e coil Mesh di alta qualit\u00e0 per un\u2019esperienza di svapo perfetta.<\/p>\n<\/li>\n<li data-start=\"2781\" data-end=\"2879\" data-immersive-translate-walked=\"19daa0de-9d0e-4a75-be0d-fbd54be92708\">\n<p data-start=\"2783\" data-end=\"2879\" data-immersive-translate-walked=\"19daa0de-9d0e-4a75-be0d-fbd54be92708\" data-immersive-translate-paragraph=\"1\">Selezione di nicotina flessibile: per ogni livello di nicotina \u2013 da senza nicotina a forte.<\/p>\n<\/li>\n<\/ul>\n<h4 data-start=\"2886\" data-end=\"2959\" data-immersive-translate-walked=\"19daa0de-9d0e-4a75-be0d-fbd54be92708\" data-immersive-translate-paragraph=\"1\">La Bang Blaze 40000 Puffs \u00e8 la tua nuova sigaretta elettronica usa e getta preferita<\/h4>\n<p data-start=\"2961\" data-end=\"3297\" data-immersive-translate-walked=\"19daa0de-9d0e-4a75-be0d-fbd54be92708\" data-immersive-translate-paragraph=\"1\">Che tu sia a casa, in movimento o in compagnia di amici \u2013 la Bang Blaze si distingue per la combinazione di prestazioni, comfort e gusto unico. Approfitta ora dell\u2019opportunit\u00e0 di scoprire il prossimo livello di svapo e ordina la tua Bang Blaze 40000 Puffs \u2013 la sigaretta elettronica usa e getta con triplo piacere di gusto!<\/p>","protected":false},"excerpt":{"rendered":"<p>Bang Blaze 40000 Puffs \u2013 Innovation trifft Geschmack in Perfektion Die Bang Blaze 40000 Puffs ist nicht einfach nur eine Einweg E-Zigarette \u2013 sie ist&#8230;<\/p>","protected":false},"featured_media":7021,"template":"","meta":[],"etheme_brands":[],"product_brand":[101],"product_cat":[65,49,61,87],"product_tag":[],"class_list":{"0":"post-7017","1":"product","2":"type-product","3":"status-publish","4":"has-post-thumbnail","6":"product_brand-bang-king-vape","7":"product_cat-vape-40000-zuege","8":"product_cat-einweg-e-zigarette","9":"product_cat-f","10":"product_cat-v","12":"first","13":"instock","14":"shipping-taxable","15":"purchasable","16":"product-type-simple"},"yoast_head":"<!-- This site is optimized with the Yoast SEO plugin v26.5 - https:\/\/yoast.com\/wordpress\/plugins\/seo\/ -->\n<title>Bang Blaze 40000 Vape | Umschaltbares Aroma-Management<\/title>\n<meta name=\"description\" content=\"Warum nur ein Flavour? Steuere dein Dampferlebnis individuell. Die Bang Blaze kombiniert ein massives Reservoir mit pr\u00e4ziser Dual-Mesh-Verdampfung. 40.000 Einheiten purer Genuss.\" \/>\n<meta name=\"robots\" content=\"index, follow, max-snippet:-1, max-image-preview:large, max-video-preview:-1\" \/>\n<link rel=\"canonical\" href=\"https:\/\/vapingnet.de\/it\/vape\/bang-blaze-40000-puffs-fruchtiger-doppelter-geschmack-pur\/\" \/>\n<meta property=\"og:locale\" content=\"it_IT\" \/>\n<meta property=\"og:type\" content=\"article\" \/>\n<meta property=\"og:title\" content=\"Bang Blaze 40000 Vape | Umschaltbares Aroma-Management\" \/>\n<meta property=\"og:description\" content=\"Warum nur ein Flavour? Steuere dein Dampferlebnis individuell. Die Bang Blaze kombiniert ein massives Reservoir mit pr\u00e4ziser Dual-Mesh-Verdampfung. 40.000 Einheiten purer Genuss.\" \/>\n<meta property=\"og:url\" content=\"https:\/\/vapingnet.de\/it\/vape\/bang-blaze-40000-puffs-fruchtiger-doppelter-geschmack-pur\/\" \/>\n<meta property=\"og:site_name\" content=\"Vapingnet.de\" \/>\n<meta property=\"article:publisher\" content=\"https:\/\/www.facebook.com\/vapingnetde\/\" \/>\n<meta property=\"article:modified_time\" content=\"2026-01-25T08:51:41+00:00\" \/>\n<meta property=\"og:image\" content=\"https:\/\/vapingnet.de\/wp-content\/uploads\/2025\/06\/Blueberry-Cranberry-Cherry-Watermelon-Cherry.jpg.webp\" \/>\n\t<meta property=\"og:image:width\" content=\"1000\" \/>\n\t<meta property=\"og:image:height\" content=\"1000\" \/>\n\t<meta property=\"og:image:type\" content=\"image\/webp\" \/>\n<meta name=\"twitter:card\" content=\"summary_large_image\" \/>\n<meta name=\"twitter:label1\" content=\"Est. reading time\" \/>\n\t<meta name=\"twitter:data1\" content=\"3 minutes\" \/>\n<script type=\"application\/ld+json\" class=\"yoast-schema-graph\">{\"@context\":\"https:\/\/schema.org\",\"@graph\":[{\"@type\":\"WebPage\",\"@id\":\"https:\/\/vapingnet.de\/vape\/bang-blaze-40000-puffs-fruchtiger-doppelter-geschmack-pur\/\",\"url\":\"https:\/\/vapingnet.de\/vape\/bang-blaze-40000-puffs-fruchtiger-doppelter-geschmack-pur\/\",\"name\":\"Bang Blaze 40000 Vape | Umschaltbares Aroma-Management\",\"isPartOf\":{\"@id\":\"https:\/\/vapingnet.de\/#website\"},\"primaryImageOfPage\":{\"@id\":\"https:\/\/vapingnet.de\/vape\/bang-blaze-40000-puffs-fruchtiger-doppelter-geschmack-pur\/#primaryimage\"},\"image\":{\"@id\":\"https:\/\/vapingnet.de\/vape\/bang-blaze-40000-puffs-fruchtiger-doppelter-geschmack-pur\/#primaryimage\"},\"thumbnailUrl\":\"https:\/\/vapingnet.de\/wp-content\/uploads\/2025\/06\/Blueberry-Cranberry-Cherry-Watermelon-Cherry.jpg.webp\",\"datePublished\":\"2025-06-05T07:54:06+00:00\",\"dateModified\":\"2026-01-25T08:51:41+00:00\",\"description\":\"Warum nur ein Flavour? Steuere dein Dampferlebnis individuell. Die Bang Blaze kombiniert ein massives Reservoir mit pr\u00e4ziser Dual-Mesh-Verdampfung. 40.000 Einheiten purer Genuss.\",\"breadcrumb\":{\"@id\":\"https:\/\/vapingnet.de\/vape\/bang-blaze-40000-puffs-fruchtiger-doppelter-geschmack-pur\/#breadcrumb\"},\"inLanguage\":\"it-IT\",\"potentialAction\":[{\"@type\":\"ReadAction\",\"target\":[\"https:\/\/vapingnet.de\/vape\/bang-blaze-40000-puffs-fruchtiger-doppelter-geschmack-pur\/\"]}]},{\"@type\":\"ImageObject\",\"inLanguage\":\"it-IT\",\"@id\":\"https:\/\/vapingnet.de\/vape\/bang-blaze-40000-puffs-fruchtiger-doppelter-geschmack-pur\/#primaryimage\",\"url\":\"https:\/\/vapingnet.de\/wp-content\/uploads\/2025\/06\/Blueberry-Cranberry-Cherry-Watermelon-Cherry.jpg.webp\",\"contentUrl\":\"https:\/\/vapingnet.de\/wp-content\/uploads\/2025\/06\/Blueberry-Cranberry-Cherry-Watermelon-Cherry.jpg.webp\",\"width\":1000,\"height\":1000},{\"@type\":\"BreadcrumbList\",\"@id\":\"https:\/\/vapingnet.de\/vape\/bang-blaze-40000-puffs-fruchtiger-doppelter-geschmack-pur\/#breadcrumb\",\"itemListElement\":[{\"@type\":\"ListItem\",\"position\":1,\"name\":\"Home\",\"item\":\"https:\/\/vapingnet.de\/\"},{\"@type\":\"ListItem\",\"position\":2,\"name\":\"Shop\",\"item\":\"https:\/\/vapingnet.de\/vape\/\"},{\"@type\":\"ListItem\",\"position\":3,\"name\":\"Bang Blaze 40000 Puffs Fruchtiger doppelter Geschmack pur\"}]},{\"@type\":\"WebSite\",\"@id\":\"https:\/\/vapingnet.de\/#website\",\"url\":\"https:\/\/vapingnet.de\/\",\"name\":\"Vapingnet.de\",\"description\":\"\",\"publisher\":{\"@id\":\"https:\/\/vapingnet.de\/#organization\"},\"potentialAction\":[{\"@type\":\"SearchAction\",\"target\":{\"@type\":\"EntryPoint\",\"urlTemplate\":\"https:\/\/vapingnet.de\/?s={search_term_string}\"},\"query-input\":{\"@type\":\"PropertyValueSpecification\",\"valueRequired\":true,\"valueName\":\"search_term_string\"}}],\"inLanguage\":\"it-IT\"},{\"@type\":\"Organization\",\"@id\":\"https:\/\/vapingnet.de\/#organization\",\"name\":\"Vapingnet.de\",\"url\":\"https:\/\/vapingnet.de\/\",\"logo\":{\"@type\":\"ImageObject\",\"inLanguage\":\"it-IT\",\"@id\":\"https:\/\/vapingnet.de\/#\/schema\/logo\/image\/\",\"url\":\"https:\/\/vapingnet.de\/wp-content\/uploads\/2025\/03\/cropped-vapingnet.de_.jpg\",\"contentUrl\":\"https:\/\/vapingnet.de\/wp-content\/uploads\/2025\/03\/cropped-vapingnet.de_.jpg\",\"width\":512,\"height\":512,\"caption\":\"Vapingnet.de\"},\"image\":{\"@id\":\"https:\/\/vapingnet.de\/#\/schema\/logo\/image\/\"},\"sameAs\":[\"https:\/\/www.facebook.com\/vapingnetde\/\"]}]}<\/script>\n<!-- \/ Yoast SEO plugin. -->","yoast_head_json":{"title":"Bang Blaze 40000 Vape | Umschaltbares Aroma-Management","description":"Warum nur ein Flavour? Steuere dein Dampferlebnis individuell. Die Bang Blaze kombiniert ein massives Reservoir mit pr\u00e4ziser Dual-Mesh-Verdampfung. 40.000 Einheiten purer Genuss.","robots":{"index":"index","follow":"follow","max-snippet":"max-snippet:-1","max-image-preview":"max-image-preview:large","max-video-preview":"max-video-preview:-1"},"canonical":"https:\/\/vapingnet.de\/it\/vape\/bang-blaze-40000-puffs-fruchtiger-doppelter-geschmack-pur\/","og_locale":"it_IT","og_type":"article","og_title":"Bang Blaze 40000 Vape | Umschaltbares Aroma-Management","og_description":"Warum nur ein Flavour? Steuere dein Dampferlebnis individuell. Die Bang Blaze kombiniert ein massives Reservoir mit pr\u00e4ziser Dual-Mesh-Verdampfung. 40.000 Einheiten purer Genuss.","og_url":"https:\/\/vapingnet.de\/it\/vape\/bang-blaze-40000-puffs-fruchtiger-doppelter-geschmack-pur\/","og_site_name":"Vapingnet.de","article_publisher":"https:\/\/www.facebook.com\/vapingnetde\/","article_modified_time":"2026-01-25T08:51:41+00:00","og_image":[{"width":1000,"height":1000,"url":"https:\/\/vapingnet.de\/wp-content\/uploads\/2025\/06\/Blueberry-Cranberry-Cherry-Watermelon-Cherry.jpg.webp","type":"image\/webp"}],"twitter_card":"summary_large_image","twitter_misc":{"Est. reading time":"3 minutes"},"schema":{"@context":"https:\/\/schema.org","@graph":[{"@type":"WebPage","@id":"https:\/\/vapingnet.de\/vape\/bang-blaze-40000-puffs-fruchtiger-doppelter-geschmack-pur\/","url":"https:\/\/vapingnet.de\/vape\/bang-blaze-40000-puffs-fruchtiger-doppelter-geschmack-pur\/","name":"Bang Blaze 40000 Vape | Umschaltbares Aroma-Management","isPartOf":{"@id":"https:\/\/vapingnet.de\/#website"},"primaryImageOfPage":{"@id":"https:\/\/vapingnet.de\/vape\/bang-blaze-40000-puffs-fruchtiger-doppelter-geschmack-pur\/#primaryimage"},"image":{"@id":"https:\/\/vapingnet.de\/vape\/bang-blaze-40000-puffs-fruchtiger-doppelter-geschmack-pur\/#primaryimage"},"thumbnailUrl":"https:\/\/vapingnet.de\/wp-content\/uploads\/2025\/06\/Blueberry-Cranberry-Cherry-Watermelon-Cherry.jpg.webp","datePublished":"2025-06-05T07:54:06+00:00","dateModified":"2026-01-25T08:51:41+00:00","description":"Warum nur ein Flavour? Steuere dein Dampferlebnis individuell. Die Bang Blaze kombiniert ein massives Reservoir mit pr\u00e4ziser Dual-Mesh-Verdampfung. 40.000 Einheiten purer Genuss.","breadcrumb":{"@id":"https:\/\/vapingnet.de\/vape\/bang-blaze-40000-puffs-fruchtiger-doppelter-geschmack-pur\/#breadcrumb"},"inLanguage":"it-IT","potentialAction":[{"@type":"ReadAction","target":["https:\/\/vapingnet.de\/vape\/bang-blaze-40000-puffs-fruchtiger-doppelter-geschmack-pur\/"]}]},{"@type":"ImageObject","inLanguage":"it-IT","@id":"https:\/\/vapingnet.de\/vape\/bang-blaze-40000-puffs-fruchtiger-doppelter-geschmack-pur\/#primaryimage","url":"https:\/\/vapingnet.de\/wp-content\/uploads\/2025\/06\/Blueberry-Cranberry-Cherry-Watermelon-Cherry.jpg.webp","contentUrl":"https:\/\/vapingnet.de\/wp-content\/uploads\/2025\/06\/Blueberry-Cranberry-Cherry-Watermelon-Cherry.jpg.webp","width":1000,"height":1000},{"@type":"BreadcrumbList","@id":"https:\/\/vapingnet.de\/vape\/bang-blaze-40000-puffs-fruchtiger-doppelter-geschmack-pur\/#breadcrumb","itemListElement":[{"@type":"ListItem","position":1,"name":"Home","item":"https:\/\/vapingnet.de\/"},{"@type":"ListItem","position":2,"name":"Shop","item":"https:\/\/vapingnet.de\/vape\/"},{"@type":"ListItem","position":3,"name":"Bang Blaze 40000 Puffs Fruchtiger doppelter Geschmack pur"}]},{"@type":"WebSite","@id":"https:\/\/vapingnet.de\/#website","url":"https:\/\/vapingnet.de\/","name":"Vapingnet.de","description":"","publisher":{"@id":"https:\/\/vapingnet.de\/#organization"},"potentialAction":[{"@type":"SearchAction","target":{"@type":"EntryPoint","urlTemplate":"https:\/\/vapingnet.de\/?s={search_term_string}"},"query-input":{"@type":"PropertyValueSpecification","valueRequired":true,"valueName":"search_term_string"}}],"inLanguage":"it-IT"},{"@type":"Organization","@id":"https:\/\/vapingnet.de\/#organization","name":"Vapingnet.de","url":"https:\/\/vapingnet.de\/","logo":{"@type":"ImageObject","inLanguage":"it-IT","@id":"https:\/\/vapingnet.de\/#\/schema\/logo\/image\/","url":"https:\/\/vapingnet.de\/wp-content\/uploads\/2025\/03\/cropped-vapingnet.de_.jpg","contentUrl":"https:\/\/vapingnet.de\/wp-content\/uploads\/2025\/03\/cropped-vapingnet.de_.jpg","width":512,"height":512,"caption":"Vapingnet.de"},"image":{"@id":"https:\/\/vapingnet.de\/#\/schema\/logo\/image\/"},"sameAs":["https:\/\/www.facebook.com\/vapingnetde\/"]}]}},"tiered_pricing_type":"fixed","tiered_pricing_fixed_rules":{"10":"8.35","60":"7.52","110":"6.68","200":"5.85"},"tiered_pricing_product_settings":{"layout":"default","base_unit_name":{"singular":null,"plural":null},"default_variation":null},"tiered_pricing_minimum_quantity":null,"tiered_pricing_roles_data":[],"tiered_pricing_percentage_rules":[],"_links":{"self":[{"href":"https:\/\/vapingnet.de\/it\/wp-json\/wp\/v2\/product\/7017","targetHints":{"allow":["GET"]}}],"collection":[{"href":"https:\/\/vapingnet.de\/it\/wp-json\/wp\/v2\/product"}],"about":[{"href":"https:\/\/vapingnet.de\/it\/wp-json\/wp\/v2\/types\/product"}],"version-history":[{"count":3,"href":"https:\/\/vapingnet.de\/it\/wp-json\/wp\/v2\/product\/7017\/revisions"}],"predecessor-version":[{"id":7532,"href":"https:\/\/vapingnet.de\/it\/wp-json\/wp\/v2\/product\/7017\/revisions\/7532"}],"wp:featuredmedia":[{"embeddable":true,"href":"https:\/\/vapingnet.de\/it\/wp-json\/wp\/v2\/media\/7021"}],"wp:attachment":[{"href":"https:\/\/vapingnet.de\/it\/wp-json\/wp\/v2\/media?parent=7017"}],"wp:term":[{"taxonomy":"brand","embeddable":true,"href":"https:\/\/vapingnet.de\/it\/wp-json\/wp\/v2\/etheme_brands?post=7017"},{"taxonomy":"product_brand","embeddable":true,"href":"https:\/\/vapingnet.de\/it\/wp-json\/wp\/v2\/product_brand?post=7017"},{"taxonomy":"product_cat","embeddable":true,"href":"https:\/\/vapingnet.de\/it\/wp-json\/wp\/v2\/product_cat?post=7017"},{"taxonomy":"product_tag","embeddable":true,"href":"https:\/\/vapingnet.de\/it\/wp-json\/wp\/v2\/product_tag?post=7017"}],"curies":[{"name":"wp","href":"https:\/\/api.w.org\/{rel}","templated":true}]}}