{"id":7035,"date":"2025-06-06T02:41:37","date_gmt":"2025-06-06T02:41:37","guid":{"rendered":"https:\/\/vapingnet.de\/?post_type=product&#038;p=7035"},"modified":"2026-01-25T09:04:15","modified_gmt":"2026-01-25T09:04:15","slug":"tropischer-dampfgenuss-pur-mit-bang-blaze-40000-puffs","status":"publish","type":"product","link":"https:\/\/vapingnet.de\/it\/vape\/tropischer-dampfgenuss-pur-mit-bang-blaze-40000-puffs\/","title":{"rendered":"Piacere tropicale di vapore puro con Bang Blaze 40000 Pu..."},"content":{"rendered":"<h2 data-start=\"0\" data-end=\"71\" data-immersive-translate-walked=\"b6f69834-a0d0-4f83-bb84-ddf3fc0bd189\">Bang Blaze 40000 Puff \u2013 La nuova generazione di sigarette elettroniche usa e getta<\/h2>\n<p data-start=\"73\" data-end=\"489\" data-immersive-translate-walked=\"b6f69834-a0d0-4f83-bb84-ddf3fc0bd189\" data-immersive-translate-paragraph=\"1\">La Bang Blaze 40000 Puff non \u00e8 solo una <a href=\"https:\/\/vapingnet.de\/it\/k\/einweg-e-zigarette\/\" target=\"_blank\" rel=\"noopener\"><strong>Sigaretta elettronica usa e getta<\/strong><\/a>, ma una vera dichiarazione nel mondo delle moderne Vapes. Progettato per utenti esigenti, questo dispositivo combina tecnologia all'avanguardia con esperienze di gusto intense \u2013 e tutto in un formato compatto ed elegante. Chi d\u00e0 valore alla durabilit\u00e0, alla variet\u00e0 e alla qualit\u00e0, far\u00e0 la scelta giusta con la Bang Blaze.<\/p>\n<h4>Tecnologia di punta incontra variet\u00e0 di piacere<\/h4>\n<p data-start=\"556\" data-end=\"832\" data-immersive-translate-walked=\"b6f69834-a0d0-4f83-bb84-ddf3fc0bd189\" data-immersive-translate-paragraph=\"1\">Fino a 40.000 puff per dispositivo:<br data-start=\"589\" data-end=\"592\" data-immersive-translate-walked=\"b6f69834-a0d0-4f83-bb84-ddf3fc0bd189\" \/>La Bang Blaze \u00e8 tra le Vapes usa e getta pi\u00f9 potenti sul mercato. Grazie al generoso volume di puff, offre una durata d'uso estremamente lunga \u2013 ideale per chi utilizza molto o per chi non desidera acquistare continuamente un nuovo dispositivo.<\/p>\n<p data-start=\"834\" data-end=\"1238\" data-immersive-translate-walked=\"b6f69834-a0d0-4f83-bb84-ddf3fc0bd189\" data-immersive-translate-paragraph=\"1\">E-liquid pre-riempito da 40 ml con sistema a doppio aroma:<br data-start=\"890\" data-end=\"893\" data-immersive-translate-walked=\"b6f69834-a0d0-4f83-bb84-ddf3fc0bd189\" \/>Il cuore di questa sigaretta elettronica \u00e8 il concetto di gusto intelligente. Due camere di aromi pre-riempite permettono di gustare l'aroma A (Ananas Mango), l'aroma B (Ananas Cocco Ghiaccio) o una combinazione di entrambi. Cos\u00ec nasce la cosiddetta Triple Taste Experience \u2013 una vera caratteristica distintiva sul mercato.<\/p>\n<p data-start=\"1240\" data-end=\"1551\" data-immersive-translate-walked=\"b6f69834-a0d0-4f83-bb84-ddf3fc0bd189\" data-immersive-translate-paragraph=\"1\">Tecnologia di riscaldamento all'avanguardia con doppia coil mesh (0,6 Ohm):<br data-start=\"1299\" data-end=\"1302\" data-immersive-translate-walked=\"b6f69834-a0d0-4f83-bb84-ddf3fc0bd189\" \/>La doppia bobina mesh integrata garantisce una distribuzione uniforme del calore e quindi vapore denso e ricco di sapore. La tecnica di inalazione rimane morbida, uniforme e particolarmente piacevole per la gola \u2013 perfetta per un'esperienza di vaping premium.<\/p>\n<h4>Flessibilit\u00e0 per ogni gruppo di utenti<\/h4>\n<p data-start=\"1598\" data-end=\"1983\" data-immersive-translate-walked=\"b6f69834-a0d0-4f83-bb84-ddf3fc0bd189\" data-immersive-translate-paragraph=\"1\">Selezione di livelli di nicotina:<br data-start=\"1626\" data-end=\"1629\" data-immersive-translate-walked=\"b6f69834-a0d0-4f83-bb84-ddf3fc0bd189\" \/>Con i livelli di nicotina disponibili di 0, 1, 2, 3 e 5 mg, la Bang Blaze \u00e8 adatta sia a chi sta passando dal fumo, a svapatori occasionali sia a vapori esperti che cercano un kick pi\u00f9 deciso. Particolarmente interessante: l'opzione senza nicotina la rende attraente anche per ex fumatori che vogliono semplicemente gustare il sapore e la sensazione di vapore.<\/p>\n<p data-start=\"1985\" data-end=\"2357\" data-immersive-translate-walked=\"b6f69834-a0d0-4f83-bb84-ddf3fc0bd189\" data-immersive-translate-paragraph=\"1\">Batteria da 650mAh con funzione di ricarica rapida USB-C:<br data-start=\"2031\" data-end=\"2034\" data-immersive-translate-walked=\"b6f69834-a0d0-4f83-bb84-ddf3fc0bd189\" \/>La Bang Blaze pu\u00f2 essere caricata rapidamente e comodamente grazie alla porta Type-C. Questo riduce i tempi di inattivit\u00e0 e garantisce che il dispositivo sia sempre pronto all'uso. Rispetto ai dispositivi usa e getta tradizionali, che vengono smaltiti dopo lo scaricamento, la batteria ricaricabile offre un chiaro vantaggio ambientale e di costi.<\/p>\n<h4 data-start=\"2364\" data-end=\"2401\" data-immersive-translate-walked=\"b6f69834-a0d0-4f83-bb84-ddf3fc0bd189\" data-immersive-translate-paragraph=\"1\">Gusto al massimo livello<\/h4>\n<ul>\n<li data-start=\"2403\" data-end=\"2550\" data-immersive-translate-walked=\"b6f69834-a0d0-4f83-bb84-ddf3fc0bd189\" data-immersive-translate-paragraph=\"1\">Ananas Mango:<br data-start=\"2423\" data-end=\"2426\" data-immersive-translate-walked=\"b6f69834-a0d0-4f83-bb84-ddf3fc0bd189\" \/>Un mix solare e fruttato che combina la maturit\u00e0 della mango con l'acidit\u00e0 dolce dell'ananas \u2013 vivace, esotico e pieno di sapore.<\/li>\n<li data-start=\"2552\" data-end=\"2752\" data-immersive-translate-walked=\"b6f69834-a0d0-4f83-bb84-ddf3fc0bd189\" data-immersive-translate-paragraph=\"1\">Ananas Cocco Ghiaccio:<br data-start=\"2578\" data-end=\"2581\" data-immersive-translate-walked=\"b6f69834-a0d0-4f83-bb84-ddf3fc0bd189\" \/>La freschezza tropicale dell'ananas incontra una nota cremosa di cocco, arricchita da un tocco di freschezza \u2013 perfetta per chi preferisce un senso di vaporizzazione rinfrescante e leggero.<\/li>\n<li data-start=\"2754\" data-end=\"2986\" data-immersive-translate-walked=\"b6f69834-a0d0-4f83-bb84-ddf3fc0bd189\" data-immersive-translate-paragraph=\"1\">Terza opzione \u2013 la miscela di entrambi gli aromi:<br data-start=\"2801\" data-end=\"2804\" data-immersive-translate-walked=\"b6f69834-a0d0-4f83-bb84-ddf3fc0bd189\" \/>Per tutti coloro che vogliono ottenere il massimo dalla loro vape, la combinazione di entrambi i liquidi crea un'esperienza di gusto completamente nuova, equilibrata, con profondit\u00e0 e carattere.<\/li>\n<\/ul>\n<h3>Per chi \u00e8 adatto il Bang Blaze?<\/h3>\n<p data-start=\"3042\" data-end=\"3421\" data-immersive-translate-walked=\"b6f69834-a0d0-4f83-bb84-ddf3fc0bd189\" data-immersive-translate-paragraph=\"1\">Che siate principianti alla ricerca di semplicit\u00e0 d'uso o svapatori esperti con alte aspettative \u2013 la <a href=\"https:\/\/vapingnet.de\/it\/bang-blaze-40000-puffs\/\" target=\"_blank\" rel=\"noopener\"><strong>Bang Blaze 40000 Puff<\/strong><\/a> \u00e8 adatta a tutti coloro che apprezzano una lavorazione di alta qualit\u00e0, un uso flessibile e un gusto straordinario. Con la sua enorme capacit\u00e0, tecnologia moderna e il sistema di triple taste unico, stabilisce nuovi standard nel mondo delle vape usa e getta.<\/p>\n<p data-start=\"3423\" data-end=\"3611\" data-is-last-node=\"\" data-is-only-node=\"\" data-immersive-translate-walked=\"b6f69834-a0d0-4f83-bb84-ddf3fc0bd189\" data-immersive-translate-paragraph=\"1\">Ora disponibile \u2013 scopri il nuovo livello di svapo. Ideale per il piacere privato o come dispositivo affidabile nella vita quotidiana. Obiettivo chiaro: piacere, prestazioni e libert\u00e0 senza compromessi.<\/p>","protected":false},"excerpt":{"rendered":"<p>Bang Blaze 40000 Puffs \u2013 Die neue Generation der Einweg E-Zigarette Die Bang Blaze 40000 Puffs ist nicht nur eine Einweg E-Zigarette, sondern ein echtes&#8230;<\/p>","protected":false},"featured_media":7040,"template":"","meta":[],"etheme_brands":[],"product_brand":[101],"product_cat":[65,49,61,87],"product_tag":[],"class_list":{"0":"post-7035","1":"product","2":"type-product","3":"status-publish","4":"has-post-thumbnail","6":"product_brand-bang-king-vape","7":"product_cat-vape-40000-zuege","8":"product_cat-einweg-e-zigarette","9":"product_cat-f","10":"product_cat-v","12":"first","13":"instock","14":"shipping-taxable","15":"purchasable","16":"product-type-simple"},"yoast_head":"<!-- This site is optimized with the Yoast SEO plugin v26.5 - https:\/\/yoast.com\/wordpress\/plugins\/seo\/ -->\n<title>Bang Blaze 40000 Vape | 0,6 Ohm Mesh Coil &amp; 40ml Tank<\/title>\n<meta name=\"description\" content=\"Entdecke Bang Blaze 40000 Puffs. Mit Pineapple Coconut Ice &amp; Mango Aroma. USB-C Schnellladung, 0,6\u03a9 Dual Mesh Coil &amp; bis zu 40.000 Z\u00fcge. Dein Premium Vape!\" \/>\n<meta name=\"robots\" content=\"index, follow, max-snippet:-1, max-image-preview:large, max-video-preview:-1\" \/>\n<link rel=\"canonical\" href=\"https:\/\/vapingnet.de\/it\/vape\/tropischer-dampfgenuss-pur-mit-bang-blaze-40000-puffs\/\" \/>\n<meta property=\"og:locale\" content=\"it_IT\" \/>\n<meta property=\"og:type\" content=\"article\" \/>\n<meta property=\"og:title\" content=\"Bang Blaze 40000 Vape | 0,6 Ohm Mesh Coil &amp; 40ml Tank\" \/>\n<meta property=\"og:description\" content=\"Entdecke Bang Blaze 40000 Puffs. Mit Pineapple Coconut Ice &amp; Mango Aroma. USB-C Schnellladung, 0,6\u03a9 Dual Mesh Coil &amp; bis zu 40.000 Z\u00fcge. Dein Premium Vape!\" \/>\n<meta property=\"og:url\" content=\"https:\/\/vapingnet.de\/it\/vape\/tropischer-dampfgenuss-pur-mit-bang-blaze-40000-puffs\/\" \/>\n<meta property=\"og:site_name\" content=\"Vapingnet.de\" \/>\n<meta property=\"article:publisher\" content=\"https:\/\/www.facebook.com\/vapingnetde\/\" \/>\n<meta property=\"article:modified_time\" content=\"2026-01-25T09:04:15+00:00\" \/>\n<meta property=\"og:image\" content=\"https:\/\/vapingnet.de\/wp-content\/uploads\/2025\/06\/Pineapple-Mango-Pineapple-Coconut-Ice.jpg.webp\" \/>\n\t<meta property=\"og:image:width\" content=\"1000\" \/>\n\t<meta property=\"og:image:height\" content=\"1000\" \/>\n\t<meta property=\"og:image:type\" content=\"image\/webp\" \/>\n<meta name=\"twitter:card\" content=\"summary_large_image\" \/>\n<meta name=\"twitter:label1\" content=\"Est. reading time\" \/>\n\t<meta name=\"twitter:data1\" content=\"3 minutes\" \/>\n<script type=\"application\/ld+json\" class=\"yoast-schema-graph\">{\"@context\":\"https:\/\/schema.org\",\"@graph\":[{\"@type\":\"WebPage\",\"@id\":\"https:\/\/vapingnet.de\/vape\/tropischer-dampfgenuss-pur-mit-bang-blaze-40000-puffs\/\",\"url\":\"https:\/\/vapingnet.de\/vape\/tropischer-dampfgenuss-pur-mit-bang-blaze-40000-puffs\/\",\"name\":\"Bang Blaze 40000 Vape | 0,6 Ohm Mesh Coil & 40ml Tank\",\"isPartOf\":{\"@id\":\"https:\/\/vapingnet.de\/#website\"},\"primaryImageOfPage\":{\"@id\":\"https:\/\/vapingnet.de\/vape\/tropischer-dampfgenuss-pur-mit-bang-blaze-40000-puffs\/#primaryimage\"},\"image\":{\"@id\":\"https:\/\/vapingnet.de\/vape\/tropischer-dampfgenuss-pur-mit-bang-blaze-40000-puffs\/#primaryimage\"},\"thumbnailUrl\":\"https:\/\/vapingnet.de\/wp-content\/uploads\/2025\/06\/Pineapple-Mango-Pineapple-Coconut-Ice.jpg.webp\",\"datePublished\":\"2025-06-06T02:41:37+00:00\",\"dateModified\":\"2026-01-25T09:04:15+00:00\",\"description\":\"Entdecke Bang Blaze 40000 Puffs. Mit Pineapple Coconut Ice & Mango Aroma. USB-C Schnellladung, 0,6\u03a9 Dual Mesh Coil & bis zu 40.000 Z\u00fcge. Dein Premium Vape!\",\"breadcrumb\":{\"@id\":\"https:\/\/vapingnet.de\/vape\/tropischer-dampfgenuss-pur-mit-bang-blaze-40000-puffs\/#breadcrumb\"},\"inLanguage\":\"it-IT\",\"potentialAction\":[{\"@type\":\"ReadAction\",\"target\":[\"https:\/\/vapingnet.de\/vape\/tropischer-dampfgenuss-pur-mit-bang-blaze-40000-puffs\/\"]}]},{\"@type\":\"ImageObject\",\"inLanguage\":\"it-IT\",\"@id\":\"https:\/\/vapingnet.de\/vape\/tropischer-dampfgenuss-pur-mit-bang-blaze-40000-puffs\/#primaryimage\",\"url\":\"https:\/\/vapingnet.de\/wp-content\/uploads\/2025\/06\/Pineapple-Mango-Pineapple-Coconut-Ice.jpg.webp\",\"contentUrl\":\"https:\/\/vapingnet.de\/wp-content\/uploads\/2025\/06\/Pineapple-Mango-Pineapple-Coconut-Ice.jpg.webp\",\"width\":1000,\"height\":1000},{\"@type\":\"BreadcrumbList\",\"@id\":\"https:\/\/vapingnet.de\/vape\/tropischer-dampfgenuss-pur-mit-bang-blaze-40000-puffs\/#breadcrumb\",\"itemListElement\":[{\"@type\":\"ListItem\",\"position\":1,\"name\":\"Home\",\"item\":\"https:\/\/vapingnet.de\/\"},{\"@type\":\"ListItem\",\"position\":2,\"name\":\"Shop\",\"item\":\"https:\/\/vapingnet.de\/vape\/\"},{\"@type\":\"ListItem\",\"position\":3,\"name\":\"Tropischer Dampfgenuss pur mit Bang Blaze 40000 Puffs\"}]},{\"@type\":\"WebSite\",\"@id\":\"https:\/\/vapingnet.de\/#website\",\"url\":\"https:\/\/vapingnet.de\/\",\"name\":\"Vapingnet.de\",\"description\":\"\",\"publisher\":{\"@id\":\"https:\/\/vapingnet.de\/#organization\"},\"potentialAction\":[{\"@type\":\"SearchAction\",\"target\":{\"@type\":\"EntryPoint\",\"urlTemplate\":\"https:\/\/vapingnet.de\/?s={search_term_string}\"},\"query-input\":{\"@type\":\"PropertyValueSpecification\",\"valueRequired\":true,\"valueName\":\"search_term_string\"}}],\"inLanguage\":\"it-IT\"},{\"@type\":\"Organization\",\"@id\":\"https:\/\/vapingnet.de\/#organization\",\"name\":\"Vapingnet.de\",\"url\":\"https:\/\/vapingnet.de\/\",\"logo\":{\"@type\":\"ImageObject\",\"inLanguage\":\"it-IT\",\"@id\":\"https:\/\/vapingnet.de\/#\/schema\/logo\/image\/\",\"url\":\"https:\/\/vapingnet.de\/wp-content\/uploads\/2025\/03\/cropped-vapingnet.de_.jpg\",\"contentUrl\":\"https:\/\/vapingnet.de\/wp-content\/uploads\/2025\/03\/cropped-vapingnet.de_.jpg\",\"width\":512,\"height\":512,\"caption\":\"Vapingnet.de\"},\"image\":{\"@id\":\"https:\/\/vapingnet.de\/#\/schema\/logo\/image\/\"},\"sameAs\":[\"https:\/\/www.facebook.com\/vapingnetde\/\"]}]}<\/script>\n<!-- \/ Yoast SEO plugin. -->","yoast_head_json":{"title":"Bang Blaze 40000 Vape | 0,6 Ohm Mesh Coil & 40ml Tank","description":"Entdecke Bang Blaze 40000 Puffs. Mit Pineapple Coconut Ice & Mango Aroma. USB-C Schnellladung, 0,6\u03a9 Dual Mesh Coil & bis zu 40.000 Z\u00fcge. Dein Premium Vape!","robots":{"index":"index","follow":"follow","max-snippet":"max-snippet:-1","max-image-preview":"max-image-preview:large","max-video-preview":"max-video-preview:-1"},"canonical":"https:\/\/vapingnet.de\/it\/vape\/tropischer-dampfgenuss-pur-mit-bang-blaze-40000-puffs\/","og_locale":"it_IT","og_type":"article","og_title":"Bang Blaze 40000 Vape | 0,6 Ohm Mesh Coil & 40ml Tank","og_description":"Entdecke Bang Blaze 40000 Puffs. Mit Pineapple Coconut Ice & Mango Aroma. USB-C Schnellladung, 0,6\u03a9 Dual Mesh Coil & bis zu 40.000 Z\u00fcge. Dein Premium Vape!","og_url":"https:\/\/vapingnet.de\/it\/vape\/tropischer-dampfgenuss-pur-mit-bang-blaze-40000-puffs\/","og_site_name":"Vapingnet.de","article_publisher":"https:\/\/www.facebook.com\/vapingnetde\/","article_modified_time":"2026-01-25T09:04:15+00:00","og_image":[{"width":1000,"height":1000,"url":"https:\/\/vapingnet.de\/wp-content\/uploads\/2025\/06\/Pineapple-Mango-Pineapple-Coconut-Ice.jpg.webp","type":"image\/webp"}],"twitter_card":"summary_large_image","twitter_misc":{"Est. reading time":"3 minutes"},"schema":{"@context":"https:\/\/schema.org","@graph":[{"@type":"WebPage","@id":"https:\/\/vapingnet.de\/vape\/tropischer-dampfgenuss-pur-mit-bang-blaze-40000-puffs\/","url":"https:\/\/vapingnet.de\/vape\/tropischer-dampfgenuss-pur-mit-bang-blaze-40000-puffs\/","name":"Bang Blaze 40000 Vape | 0,6 Ohm Mesh Coil & 40ml Tank","isPartOf":{"@id":"https:\/\/vapingnet.de\/#website"},"primaryImageOfPage":{"@id":"https:\/\/vapingnet.de\/vape\/tropischer-dampfgenuss-pur-mit-bang-blaze-40000-puffs\/#primaryimage"},"image":{"@id":"https:\/\/vapingnet.de\/vape\/tropischer-dampfgenuss-pur-mit-bang-blaze-40000-puffs\/#primaryimage"},"thumbnailUrl":"https:\/\/vapingnet.de\/wp-content\/uploads\/2025\/06\/Pineapple-Mango-Pineapple-Coconut-Ice.jpg.webp","datePublished":"2025-06-06T02:41:37+00:00","dateModified":"2026-01-25T09:04:15+00:00","description":"Entdecke Bang Blaze 40000 Puffs. Mit Pineapple Coconut Ice & Mango Aroma. USB-C Schnellladung, 0,6\u03a9 Dual Mesh Coil & bis zu 40.000 Z\u00fcge. Dein Premium Vape!","breadcrumb":{"@id":"https:\/\/vapingnet.de\/vape\/tropischer-dampfgenuss-pur-mit-bang-blaze-40000-puffs\/#breadcrumb"},"inLanguage":"it-IT","potentialAction":[{"@type":"ReadAction","target":["https:\/\/vapingnet.de\/vape\/tropischer-dampfgenuss-pur-mit-bang-blaze-40000-puffs\/"]}]},{"@type":"ImageObject","inLanguage":"it-IT","@id":"https:\/\/vapingnet.de\/vape\/tropischer-dampfgenuss-pur-mit-bang-blaze-40000-puffs\/#primaryimage","url":"https:\/\/vapingnet.de\/wp-content\/uploads\/2025\/06\/Pineapple-Mango-Pineapple-Coconut-Ice.jpg.webp","contentUrl":"https:\/\/vapingnet.de\/wp-content\/uploads\/2025\/06\/Pineapple-Mango-Pineapple-Coconut-Ice.jpg.webp","width":1000,"height":1000},{"@type":"BreadcrumbList","@id":"https:\/\/vapingnet.de\/vape\/tropischer-dampfgenuss-pur-mit-bang-blaze-40000-puffs\/#breadcrumb","itemListElement":[{"@type":"ListItem","position":1,"name":"Home","item":"https:\/\/vapingnet.de\/"},{"@type":"ListItem","position":2,"name":"Shop","item":"https:\/\/vapingnet.de\/vape\/"},{"@type":"ListItem","position":3,"name":"Tropischer Dampfgenuss pur mit Bang Blaze 40000 Puffs"}]},{"@type":"WebSite","@id":"https:\/\/vapingnet.de\/#website","url":"https:\/\/vapingnet.de\/","name":"Vapingnet.de","description":"","publisher":{"@id":"https:\/\/vapingnet.de\/#organization"},"potentialAction":[{"@type":"SearchAction","target":{"@type":"EntryPoint","urlTemplate":"https:\/\/vapingnet.de\/?s={search_term_string}"},"query-input":{"@type":"PropertyValueSpecification","valueRequired":true,"valueName":"search_term_string"}}],"inLanguage":"it-IT"},{"@type":"Organization","@id":"https:\/\/vapingnet.de\/#organization","name":"Vapingnet.de","url":"https:\/\/vapingnet.de\/","logo":{"@type":"ImageObject","inLanguage":"it-IT","@id":"https:\/\/vapingnet.de\/#\/schema\/logo\/image\/","url":"https:\/\/vapingnet.de\/wp-content\/uploads\/2025\/03\/cropped-vapingnet.de_.jpg","contentUrl":"https:\/\/vapingnet.de\/wp-content\/uploads\/2025\/03\/cropped-vapingnet.de_.jpg","width":512,"height":512,"caption":"Vapingnet.de"},"image":{"@id":"https:\/\/vapingnet.de\/#\/schema\/logo\/image\/"},"sameAs":["https:\/\/www.facebook.com\/vapingnetde\/"]}]}},"tiered_pricing_type":"fixed","tiered_pricing_fixed_rules":{"10":"8.35","60":"7.52","110":"6.68","200":"5.85"},"tiered_pricing_product_settings":{"layout":"default","base_unit_name":{"singular":null,"plural":null},"default_variation":null},"tiered_pricing_minimum_quantity":null,"tiered_pricing_roles_data":[],"tiered_pricing_percentage_rules":[],"_links":{"self":[{"href":"https:\/\/vapingnet.de\/it\/wp-json\/wp\/v2\/product\/7035","targetHints":{"allow":["GET"]}}],"collection":[{"href":"https:\/\/vapingnet.de\/it\/wp-json\/wp\/v2\/product"}],"about":[{"href":"https:\/\/vapingnet.de\/it\/wp-json\/wp\/v2\/types\/product"}],"version-history":[{"count":4,"href":"https:\/\/vapingnet.de\/it\/wp-json\/wp\/v2\/product\/7035\/revisions"}],"predecessor-version":[{"id":7528,"href":"https:\/\/vapingnet.de\/it\/wp-json\/wp\/v2\/product\/7035\/revisions\/7528"}],"wp:featuredmedia":[{"embeddable":true,"href":"https:\/\/vapingnet.de\/it\/wp-json\/wp\/v2\/media\/7040"}],"wp:attachment":[{"href":"https:\/\/vapingnet.de\/it\/wp-json\/wp\/v2\/media?parent=7035"}],"wp:term":[{"taxonomy":"brand","embeddable":true,"href":"https:\/\/vapingnet.de\/it\/wp-json\/wp\/v2\/etheme_brands?post=7035"},{"taxonomy":"product_brand","embeddable":true,"href":"https:\/\/vapingnet.de\/it\/wp-json\/wp\/v2\/product_brand?post=7035"},{"taxonomy":"product_cat","embeddable":true,"href":"https:\/\/vapingnet.de\/it\/wp-json\/wp\/v2\/product_cat?post=7035"},{"taxonomy":"product_tag","embeddable":true,"href":"https:\/\/vapingnet.de\/it\/wp-json\/wp\/v2\/product_tag?post=7035"}],"curies":[{"name":"wp","href":"https:\/\/api.w.org\/{rel}","templated":true}]}}